{"id":8,"date":"2021-12-18T16:22:52","date_gmt":"2021-12-18T19:22:52","guid":{"rendered":"https:\/\/www.pmpf.rs.gov.br\/vice-prefeito\/?page_id=8"},"modified":"2025-09-23T11:09:26","modified_gmt":"2025-09-23T14:09:26","slug":"coordenadoria-de-atencao-ao-idoso","status":"publish","type":"page","link":"https:\/\/www.pmpf.rs.gov.br\/vice-prefeito\/coordenadoria-de-atencao-ao-idoso\/","title":{"rendered":"Coordenadoria de Aten\u00e7\u00e3o ao Idoso"},"content":{"rendered":"\n<h2 class=\"wp-block-heading has-text-align-left\">Promove a\u00e7\u00f5es educativas visando a promo\u00e7\u00e3o da cidadania e inclus\u00e3o social da pessoa idosa.<\/h2>\n\n\n\n<p><strong>Justificativa<\/strong><\/p>\n\n\n\n<p>A Coordenadoria de Aten\u00e7\u00e3o ao Idoso, da Prefeitura de Passo Fundo, foi institu\u00edda atrav\u00e9s do Projeto de Apoio \u00e0 Terceira Idade (JUARES), firmado entre a Prefeitura de Passo Fundo 7\u00ba Delegacia de Educa\u00e7\u00e3o e Universidade de Passo Fundo em maio de 1995. A Lei 4338, de 10\/01\/2007 estabeleceu atribui\u00e7\u00f5es das Coordenadorias, atualizada em dezembro de 2009 e em vers\u00e3o consolidada da Lei Org\u00e2nica em 18\/01\/2017 passou a integrar o Gabinete do Vice-prefeito.<\/p>\n\n\n\n<p>Essa Coordenadoria, objetiva garantir as politica p\u00fablicas voltada \u00e0 Terceira Idade, dando cumprimento ao Estatuto do Idoso e a Lei 4144 de 05\/07\/2004 que trata da Politica Municipal do Idoso.<\/p>\n\n\n\n<p>A Coordenadoria tem a miss\u00e3o de assegurar a pessoa idosa e a liberdade, o respeito, a dignidade como um ser humano sujeito de seus direitos civis, pol\u00edticos, individuais e sociais. Busca o reconhecimento do idoso como um indiv\u00edduo capaz de aprender, de se relacionar e de compartilhar suas experi\u00eancias.<\/p>\n\n\n\n<p>\u00c9 tamb\u00e9m atribui\u00e7\u00e3o dessa Coordenadoria garantir as pessoas da Terceira Idade politicas p\u00fablicas que garantam seus direitos e promovam a\u00e7\u00f5es que combatam a discrimina\u00e7\u00e3o, a viol\u00eancia e o abandono.<\/p>\n\n\n\n<p>\u00c9 preciso destacar a pessoa idosa como sujeito que possui diversas dimens\u00f5es, e que sua personalidade e suas experi\u00eancias n\u00e3o se desfazem por ter chegado a velhice.<\/p>\n\n\n\n<p>Essa Coordenadoria afirma que a Velhice \u00e9 uma Conquista e que o nosso desafio \u00e9 tornar essa fase da vida ativa, prazerosa e \u00fatil.<\/p>\n\n\n\n<p><strong>Objetivo Geral<\/strong><\/p>\n\n\n\n<p>Contribuir para uma melhor qualidade de vida dos idosos, atrav\u00e9s de a\u00e7\u00f5es que viabilizem a conviv\u00eancia social e o exerc\u00edcio da cidadania.<\/p>\n\n\n\n<p><strong>Metodologia:<\/strong><\/p>\n\n\n\n<p>A Coordenadoria de Aten\u00e7\u00e3o ao Idoso, coordena as atividades que envolvem os Programas, Grupos de Conviv\u00eancia, (cinquenta grupos), Saber Viver e Terceira Idade Digital. Al\u00e9m dessas atividades, quando procurada ou informada sobre necessidade de aten\u00e7\u00e3o \u00e0 sa\u00fade do Idoso, maus tratos, abandono familiar, realiza avalia\u00e7\u00f5es preliminares para posterior encaminhamentos.<\/p>\n\n\n\n<p><strong>Funcionamento:<\/strong> de segunda \u00e0 sexta-feira, das 08h at\u00e9 as 11h30min e das 13h30min at\u00e9 as 17h<br><strong>Endere\u00e7o:<\/strong> Rua Ant\u00f4nio Ara\u00fajo 1190, Centro, Passo Fundo RS, CEP: 99010220<br><strong>Telefone:<\/strong> 54 99917-0714<br><strong>E-mail:<\/strong> cidoso@pmpf.rs.gov.br<\/p>\n\n\n\n<p><strong>Recursos Humanos:<\/strong><\/p>\n\n\n\n<figure class=\"wp-block-table\"><table><tbody><tr><td><strong>N\u00ba de Servidores<\/strong><\/td><td><strong>Fun\u00e7\u00e3o<\/strong><\/td><td><strong>Titula\u00e7\u00e3o<\/strong><\/td><td><strong>Carga hor\u00e1ria<\/strong><\/td><\/tr><tr><td>01<\/td><td>Coordenador<\/td><td>Superior<\/td><td>35h<\/td><\/tr><tr><td>01<\/td><td>Chefe de n\u00facleo<\/td><td>Superior<\/td><td>35h<\/td><\/tr><tr><td>01<\/td><td>Estagi\u00e1rio<\/td><td>Superior em curso<\/td><td>30h<\/td><\/tr><tr><td>01<\/td><td>Menor aprendiz<\/td><td>Ensino m\u00e9dio em curso<\/td><td>15h<\/td><\/tr><tr><td>01<\/td><td>Motorista<\/td><td>Ensino fundamental<\/td><td>40h<\/td><\/tr><tr><td>01<\/td><td>Servi\u00e7os gerais<\/td><td>Ensino M\u00e9dio<\/td><td>35h<\/td><\/tr><tr><td>25<\/td><td>Instrutores Ed. F\u00edsica<\/td><td>Licenciatura Ed. F\u00edsica<\/td><td>15h<\/td><\/tr><tr><td>01<\/td><td>Instrutor de Pilates<\/td><td>Lic. Educa\u00e7\u00e3o F\u00edsica \u2013 Pilates<\/td><td>6h<\/td><\/tr><tr><td>01<\/td><td>Inst. de Alongamento<\/td><td>Licenciatura Educa\u00e7\u00e3o F\u00edsica<\/td><td>4h<\/td><\/tr><tr><td>03<\/td><td>Instrutores de Jogos<\/td><td>Licenciatura Educa\u00e7\u00e3o F\u00edsica<\/td><td>9h<\/td><\/tr><tr><td>01<\/td><td>Instrutor de Artes<\/td><td>Licenciatura em Artes<\/td><td>15h<\/td><\/tr><tr><td>01<\/td><td>Inst. de Literatura<\/td><td>Licenciatura em Letras<\/td><td>3h<\/td><\/tr><tr><td>01<\/td><td>Instrutor de L\u00ednguas<\/td><td>Licenciatura em Letras<\/td><td>6h<\/td><\/tr><tr><td>01<\/td><td>Inst. de Alfabetiza\u00e7\u00e3o<\/td><td>Licenciatura em Letras<\/td><td>3h<\/td><\/tr><tr><td>01<\/td><td>Inst. Livro terapia<\/td><td>Licenciatura em Letras<\/td><td>3h<\/td><\/tr><tr><td>01<\/td><td>Instrutor de Canto<\/td><td>Licenciatura em M\u00fasica<\/td><td>7h<\/td><\/tr><tr><td>01<\/td><td>Instrutor de Coral<\/td><td>Licenciatura em M\u00fasica<\/td><td>8h<\/td><\/tr><tr><td>01<\/td><td>Instrutor de Banda<\/td><td>Licenciatura em M\u00fasica<\/td><td>7h<\/td><\/tr><tr><td>01<\/td><td>Inst. de Musical<\/td><td>Licenciatura de M\u00fasica<\/td><td>8h<\/td><\/tr><\/tbody><\/table><\/figure>\n\n\n\n<div class=\"wp-block-buttons is-layout-flex wp-block-buttons-is-layout-flex\">\n<div class=\"wp-block-button has-custom-width wp-block-button__width-25 is-style-outline is-style-outline--9cf43762c885be594cbf627fabb731d6\"><a class=\"wp-block-button__link has-white-color has-blue-background-color has-text-color has-background wp-element-button\" href=\"https:\/\/www.pmpf.rs.gov.br\/files\/organograma_coordenadoria_idoso.pdf\" style=\"border-radius:4px\">Organograma<\/a><\/div>\n<\/div>\n\n\n\n<p><\/p>\n","protected":false},"excerpt":{"rendered":"<p>Promove a\u00e7\u00f5es educativas visando a promo\u00e7\u00e3o da cidadania e inclus\u00e3o social da pessoa idosa. Justificativa A Coordenadoria de Aten\u00e7\u00e3o ao Idoso, da Prefeitura de Passo Fundo, foi institu\u00edda atrav\u00e9s do Projeto de [&hellip;]<\/p>\n","protected":false},"author":1,"featured_media":0,"parent":0,"menu_order":0,"comment_status":"closed","ping_status":"closed","template":"","meta":{"footnotes":""},"class_list":["post-8","page","type-page","status-publish","hentry"],"yoast_head":"<!-- This site is optimized with the Yoast SEO plugin v23.8 - https:\/\/yoast.com\/wordpress\/plugins\/seo\/ -->\n<title>Coordenadoria de Aten\u00e7\u00e3o ao Idoso - Vice-Prefeito<\/title>\n<meta name=\"robots\" content=\"index, follow, max-snippet:-1, max-image-preview:large, max-video-preview:-1\" \/>\n<link rel=\"canonical\" href=\"https:\/\/www.pmpf.rs.gov.br\/vice-prefeito\/coordenadoria-de-atencao-ao-idoso\/\" \/>\n<meta property=\"og:locale\" content=\"pt_BR\" \/>\n<meta property=\"og:type\" content=\"article\" \/>\n<meta property=\"og:title\" content=\"Coordenadoria de Aten\u00e7\u00e3o ao Idoso - Vice-Prefeito\" \/>\n<meta property=\"og:description\" content=\"Promove a\u00e7\u00f5es educativas visando a promo\u00e7\u00e3o da cidadania e inclus\u00e3o social da pessoa idosa. Justificativa A Coordenadoria de Aten\u00e7\u00e3o ao Idoso, da Prefeitura de Passo Fundo, foi institu\u00edda atrav\u00e9s do Projeto de [&hellip;]\" \/>\n<meta property=\"og:url\" content=\"https:\/\/www.pmpf.rs.gov.br\/vice-prefeito\/coordenadoria-de-atencao-ao-idoso\/\" \/>\n<meta property=\"og:site_name\" content=\"Vice-Prefeito\" \/>\n<meta property=\"article:modified_time\" content=\"2025-09-23T14:09:26+00:00\" \/>\n<meta name=\"twitter:card\" content=\"summary_large_image\" \/>\n<meta name=\"twitter:label1\" content=\"Est. tempo de leitura\" \/>\n\t<meta name=\"twitter:data1\" content=\"3 minutos\" \/>\n<script type=\"application\/ld+json\" class=\"yoast-schema-graph\">{\"@context\":\"https:\/\/schema.org\",\"@graph\":[{\"@type\":\"WebPage\",\"@id\":\"https:\/\/www.pmpf.rs.gov.br\/vice-prefeito\/coordenadoria-de-atencao-ao-idoso\/\",\"url\":\"https:\/\/www.pmpf.rs.gov.br\/vice-prefeito\/coordenadoria-de-atencao-ao-idoso\/\",\"name\":\"Coordenadoria de Aten\u00e7\u00e3o ao Idoso - Vice-Prefeito\",\"isPartOf\":{\"@id\":\"https:\/\/www.pmpf.rs.gov.br\/vice-prefeito\/#website\"},\"datePublished\":\"2021-12-18T19:22:52+00:00\",\"dateModified\":\"2025-09-23T14:09:26+00:00\",\"inLanguage\":\"pt-BR\",\"potentialAction\":[{\"@type\":\"ReadAction\",\"target\":[\"https:\/\/www.pmpf.rs.gov.br\/vice-prefeito\/coordenadoria-de-atencao-ao-idoso\/\"]}]},{\"@type\":\"WebSite\",\"@id\":\"https:\/\/www.pmpf.rs.gov.br\/vice-prefeito\/#website\",\"url\":\"https:\/\/www.pmpf.rs.gov.br\/vice-prefeito\/\",\"name\":\"Vice-Prefeito\",\"description\":\"S\u00f3 mais um site Prefeitura de Passo Fundo\",\"potentialAction\":[{\"@type\":\"SearchAction\",\"target\":{\"@type\":\"EntryPoint\",\"urlTemplate\":\"https:\/\/www.pmpf.rs.gov.br\/vice-prefeito\/?s={search_term_string}\"},\"query-input\":{\"@type\":\"PropertyValueSpecification\",\"valueRequired\":true,\"valueName\":\"search_term_string\"}}],\"inLanguage\":\"pt-BR\"}]}<\/script>\n<!-- \/ Yoast SEO plugin. -->","yoast_head_json":{"title":"Coordenadoria de Aten\u00e7\u00e3o ao Idoso - Vice-Prefeito","robots":{"index":"index","follow":"follow","max-snippet":"max-snippet:-1","max-image-preview":"max-image-preview:large","max-video-preview":"max-video-preview:-1"},"canonical":"https:\/\/www.pmpf.rs.gov.br\/vice-prefeito\/coordenadoria-de-atencao-ao-idoso\/","og_locale":"pt_BR","og_type":"article","og_title":"Coordenadoria de Aten\u00e7\u00e3o ao Idoso - Vice-Prefeito","og_description":"Promove a\u00e7\u00f5es educativas visando a promo\u00e7\u00e3o da cidadania e inclus\u00e3o social da pessoa idosa. Justificativa A Coordenadoria de Aten\u00e7\u00e3o ao Idoso, da Prefeitura de Passo Fundo, foi institu\u00edda atrav\u00e9s do Projeto de [&hellip;]","og_url":"https:\/\/www.pmpf.rs.gov.br\/vice-prefeito\/coordenadoria-de-atencao-ao-idoso\/","og_site_name":"Vice-Prefeito","article_modified_time":"2025-09-23T14:09:26+00:00","twitter_card":"summary_large_image","twitter_misc":{"Est. tempo de leitura":"3 minutos"},"schema":{"@context":"https:\/\/schema.org","@graph":[{"@type":"WebPage","@id":"https:\/\/www.pmpf.rs.gov.br\/vice-prefeito\/coordenadoria-de-atencao-ao-idoso\/","url":"https:\/\/www.pmpf.rs.gov.br\/vice-prefeito\/coordenadoria-de-atencao-ao-idoso\/","name":"Coordenadoria de Aten\u00e7\u00e3o ao Idoso - Vice-Prefeito","isPartOf":{"@id":"https:\/\/www.pmpf.rs.gov.br\/vice-prefeito\/#website"},"datePublished":"2021-12-18T19:22:52+00:00","dateModified":"2025-09-23T14:09:26+00:00","inLanguage":"pt-BR","potentialAction":[{"@type":"ReadAction","target":["https:\/\/www.pmpf.rs.gov.br\/vice-prefeito\/coordenadoria-de-atencao-ao-idoso\/"]}]},{"@type":"WebSite","@id":"https:\/\/www.pmpf.rs.gov.br\/vice-prefeito\/#website","url":"https:\/\/www.pmpf.rs.gov.br\/vice-prefeito\/","name":"Vice-Prefeito","description":"S\u00f3 mais um site Prefeitura de Passo Fundo","potentialAction":[{"@type":"SearchAction","target":{"@type":"EntryPoint","urlTemplate":"https:\/\/www.pmpf.rs.gov.br\/vice-prefeito\/?s={search_term_string}"},"query-input":{"@type":"PropertyValueSpecification","valueRequired":true,"valueName":"search_term_string"}}],"inLanguage":"pt-BR"}]}},"_links":{"self":[{"href":"https:\/\/www.pmpf.rs.gov.br\/vice-prefeito\/wp-json\/wp\/v2\/pages\/8"}],"collection":[{"href":"https:\/\/www.pmpf.rs.gov.br\/vice-prefeito\/wp-json\/wp\/v2\/pages"}],"about":[{"href":"https:\/\/www.pmpf.rs.gov.br\/vice-prefeito\/wp-json\/wp\/v2\/types\/page"}],"author":[{"embeddable":true,"href":"https:\/\/www.pmpf.rs.gov.br\/vice-prefeito\/wp-json\/wp\/v2\/users\/1"}],"replies":[{"embeddable":true,"href":"https:\/\/www.pmpf.rs.gov.br\/vice-prefeito\/wp-json\/wp\/v2\/comments?post=8"}],"version-history":[{"count":8,"href":"https:\/\/www.pmpf.rs.gov.br\/vice-prefeito\/wp-json\/wp\/v2\/pages\/8\/revisions"}],"predecessor-version":[{"id":114,"href":"https:\/\/www.pmpf.rs.gov.br\/vice-prefeito\/wp-json\/wp\/v2\/pages\/8\/revisions\/114"}],"wp:attachment":[{"href":"https:\/\/www.pmpf.rs.gov.br\/vice-prefeito\/wp-json\/wp\/v2\/media?parent=8"}],"curies":[{"name":"wp","href":"https:\/\/api.w.org\/{rel}","templated":true}]}}