{"id":4,"date":"2021-12-18T16:11:59","date_gmt":"2021-12-18T19:11:59","guid":{"rendered":"https:\/\/www.pmpf.rs.gov.br\/vice-prefeito\/?page_id=4"},"modified":"2025-01-01T23:13:28","modified_gmt":"2025-01-02T02:13:28","slug":"pagina-inicial","status":"publish","type":"page","link":"https:\/\/www.pmpf.rs.gov.br\/vice-prefeito\/","title":{"rendered":"Volnei Ceolin"},"content":{"rendered":"<div class=\"wp-block-image\">\n<figure class=\"alignleft size-large is-resized\"><img loading=\"lazy\" decoding=\"async\" width=\"1024\" height=\"682\" src=\"https:\/\/www.pmpf.rs.gov.br\/vice-prefeito\/wp-content\/uploads\/sites\/34\/2024\/12\/vice-prefeito-ceolin-1024x682.jpg\" alt=\"\" class=\"wp-image-93\" style=\"width:380px\" srcset=\"https:\/\/www.pmpf.rs.gov.br\/vice-prefeito\/wp-content\/uploads\/sites\/34\/2024\/12\/vice-prefeito-ceolin-1024x682.jpg 1024w, https:\/\/www.pmpf.rs.gov.br\/vice-prefeito\/wp-content\/uploads\/sites\/34\/2024\/12\/vice-prefeito-ceolin-300x200.jpg 300w, https:\/\/www.pmpf.rs.gov.br\/vice-prefeito\/wp-content\/uploads\/sites\/34\/2024\/12\/vice-prefeito-ceolin-768x512.jpg 768w, https:\/\/www.pmpf.rs.gov.br\/vice-prefeito\/wp-content\/uploads\/sites\/34\/2024\/12\/vice-prefeito-ceolin.jpg 1280w\" sizes=\"(max-width: 1024px) 100vw, 1024px\" \/><\/figure><\/div>\n\n\n<p>Formado em Direito pela UPF, com especializa\u00e7\u00f5es em Seguran\u00e7a P\u00fablica na Sociedade Democr\u00e1tica de Direito pela Ulbra Carazinho e em Prepara\u00e7\u00e3o para a Carreira do Minist\u00e9rio P\u00fablico pela MP\/UPF. Atuou no Comando Regional de Pol\u00edcia Ostensiva do Planalto como Capit\u00e3o Adjunto e Chefe da 3\u00aa e 4\u00aa Se\u00e7\u00e3o, al\u00e9m de ter sido Chefe do Estado-Maior e Comandante do CRPO\/Planalto. Na Secretaria de Seguran\u00e7a P\u00fablica do Rio Grande do Sul, exerceu a fun\u00e7\u00e3o de Diretor do Departamento de Planejamento e Integra\u00e7\u00e3o. No 3\u00ba RPMon (Regimento de Pol\u00edcia Montada) em Passo Fundo, foi tenente, capit\u00e3o e comandante, enquanto no 1\u00ba Batalh\u00e3o Rodovi\u00e1rio da Brigada Militar tamb\u00e9m atuou como Capit\u00e3o Comandante da 1\u00aa Companhia Rodovi\u00e1ria. Al\u00e9m disso, foi tenente e comandante da Se\u00e7\u00e3o de Combate a Inc\u00eandio no Comando Regional de Bombeiros de Iju\u00ed e Capit\u00e3o Chefe das Se\u00e7\u00f5es de Preven\u00e7\u00e3o de Inc\u00eandio e do Estado-Maior do 7\u00ba Comando Regional de Bombeiros em Passo Fundo.<\/p>\n\n\n\n<hr class=\"wp-block-separator has-css-opacity\"\/>\n","protected":false},"excerpt":{"rendered":"<p>Formado em Direito pela UPF, com especializa\u00e7\u00f5es em Seguran\u00e7a P\u00fablica na Sociedade Democr\u00e1tica de Direito pela Ulbra Carazinho e em Prepara\u00e7\u00e3o para a Carreira do Minist\u00e9rio P\u00fablico pela MP\/UPF. Atuou no Comando [&hellip;]<\/p>\n","protected":false},"author":1,"featured_media":0,"parent":0,"menu_order":0,"comment_status":"closed","ping_status":"closed","template":"page_secretaria_com_sidebar.php","meta":{"footnotes":""},"class_list":["post-4","page","type-page","status-publish","hentry"],"yoast_head":"<!-- This site is optimized with the Yoast SEO plugin v23.8 - https:\/\/yoast.com\/wordpress\/plugins\/seo\/ -->\n<title>Volnei Ceolin - Vice-Prefeito<\/title>\n<meta name=\"robots\" content=\"index, follow, max-snippet:-1, max-image-preview:large, max-video-preview:-1\" \/>\n<link rel=\"canonical\" href=\"https:\/\/www.pmpf.rs.gov.br\/vice-prefeito\/\" \/>\n<meta property=\"og:locale\" content=\"pt_BR\" \/>\n<meta property=\"og:type\" content=\"article\" \/>\n<meta property=\"og:title\" content=\"Volnei Ceolin - Vice-Prefeito\" \/>\n<meta property=\"og:description\" content=\"Formado em Direito pela UPF, com especializa\u00e7\u00f5es em Seguran\u00e7a P\u00fablica na Sociedade Democr\u00e1tica de Direito pela Ulbra Carazinho e em Prepara\u00e7\u00e3o para a Carreira do Minist\u00e9rio P\u00fablico pela MP\/UPF. Atuou no Comando [&hellip;]\" \/>\n<meta property=\"og:url\" content=\"https:\/\/www.pmpf.rs.gov.br\/vice-prefeito\/\" \/>\n<meta property=\"og:site_name\" content=\"Vice-Prefeito\" \/>\n<meta property=\"article:modified_time\" content=\"2025-01-02T02:13:28+00:00\" \/>\n<meta property=\"og:image\" content=\"https:\/\/www.pmpf.rs.gov.br\/vice-prefeito\/wp-content\/uploads\/sites\/34\/2024\/12\/vice-prefeito-ceolin.jpg\" \/>\n\t<meta property=\"og:image:width\" content=\"1280\" \/>\n\t<meta property=\"og:image:height\" content=\"853\" \/>\n\t<meta property=\"og:image:type\" content=\"image\/jpeg\" \/>\n<meta name=\"twitter:card\" content=\"summary_large_image\" \/>\n<meta name=\"twitter:label1\" content=\"Est. tempo de leitura\" \/>\n\t<meta name=\"twitter:data1\" content=\"2 minutos\" \/>\n<script type=\"application\/ld+json\" class=\"yoast-schema-graph\">{\"@context\":\"https:\/\/schema.org\",\"@graph\":[{\"@type\":\"WebPage\",\"@id\":\"https:\/\/www.pmpf.rs.gov.br\/vice-prefeito\/\",\"url\":\"https:\/\/www.pmpf.rs.gov.br\/vice-prefeito\/\",\"name\":\"Volnei Ceolin - Vice-Prefeito\",\"isPartOf\":{\"@id\":\"https:\/\/www.pmpf.rs.gov.br\/vice-prefeito\/#website\"},\"primaryImageOfPage\":{\"@id\":\"https:\/\/www.pmpf.rs.gov.br\/vice-prefeito\/#primaryimage\"},\"image\":{\"@id\":\"https:\/\/www.pmpf.rs.gov.br\/vice-prefeito\/#primaryimage\"},\"thumbnailUrl\":\"https:\/\/www.pmpf.rs.gov.br\/vice-prefeito\/wp-content\/uploads\/sites\/34\/2024\/12\/vice-prefeito-ceolin-1024x682.jpg\",\"datePublished\":\"2021-12-18T19:11:59+00:00\",\"dateModified\":\"2025-01-02T02:13:28+00:00\",\"inLanguage\":\"pt-BR\",\"potentialAction\":[{\"@type\":\"ReadAction\",\"target\":[\"https:\/\/www.pmpf.rs.gov.br\/vice-prefeito\/\"]}]},{\"@type\":\"ImageObject\",\"inLanguage\":\"pt-BR\",\"@id\":\"https:\/\/www.pmpf.rs.gov.br\/vice-prefeito\/#primaryimage\",\"url\":\"https:\/\/www.pmpf.rs.gov.br\/vice-prefeito\/wp-content\/uploads\/sites\/34\/2024\/12\/vice-prefeito-ceolin.jpg\",\"contentUrl\":\"https:\/\/www.pmpf.rs.gov.br\/vice-prefeito\/wp-content\/uploads\/sites\/34\/2024\/12\/vice-prefeito-ceolin.jpg\",\"width\":1280,\"height\":853},{\"@type\":\"WebSite\",\"@id\":\"https:\/\/www.pmpf.rs.gov.br\/vice-prefeito\/#website\",\"url\":\"https:\/\/www.pmpf.rs.gov.br\/vice-prefeito\/\",\"name\":\"Vice-Prefeito\",\"description\":\"S\u00f3 mais um site Prefeitura de Passo Fundo\",\"potentialAction\":[{\"@type\":\"SearchAction\",\"target\":{\"@type\":\"EntryPoint\",\"urlTemplate\":\"https:\/\/www.pmpf.rs.gov.br\/vice-prefeito\/?s={search_term_string}\"},\"query-input\":{\"@type\":\"PropertyValueSpecification\",\"valueRequired\":true,\"valueName\":\"search_term_string\"}}],\"inLanguage\":\"pt-BR\"}]}<\/script>\n<!-- \/ Yoast SEO plugin. -->","yoast_head_json":{"title":"Volnei Ceolin - Vice-Prefeito","robots":{"index":"index","follow":"follow","max-snippet":"max-snippet:-1","max-image-preview":"max-image-preview:large","max-video-preview":"max-video-preview:-1"},"canonical":"https:\/\/www.pmpf.rs.gov.br\/vice-prefeito\/","og_locale":"pt_BR","og_type":"article","og_title":"Volnei Ceolin - Vice-Prefeito","og_description":"Formado em Direito pela UPF, com especializa\u00e7\u00f5es em Seguran\u00e7a P\u00fablica na Sociedade Democr\u00e1tica de Direito pela Ulbra Carazinho e em Prepara\u00e7\u00e3o para a Carreira do Minist\u00e9rio P\u00fablico pela MP\/UPF. Atuou no Comando [&hellip;]","og_url":"https:\/\/www.pmpf.rs.gov.br\/vice-prefeito\/","og_site_name":"Vice-Prefeito","article_modified_time":"2025-01-02T02:13:28+00:00","og_image":[{"width":1280,"height":853,"url":"https:\/\/www.pmpf.rs.gov.br\/vice-prefeito\/wp-content\/uploads\/sites\/34\/2024\/12\/vice-prefeito-ceolin.jpg","type":"image\/jpeg"}],"twitter_card":"summary_large_image","twitter_misc":{"Est. tempo de leitura":"2 minutos"},"schema":{"@context":"https:\/\/schema.org","@graph":[{"@type":"WebPage","@id":"https:\/\/www.pmpf.rs.gov.br\/vice-prefeito\/","url":"https:\/\/www.pmpf.rs.gov.br\/vice-prefeito\/","name":"Volnei Ceolin - Vice-Prefeito","isPartOf":{"@id":"https:\/\/www.pmpf.rs.gov.br\/vice-prefeito\/#website"},"primaryImageOfPage":{"@id":"https:\/\/www.pmpf.rs.gov.br\/vice-prefeito\/#primaryimage"},"image":{"@id":"https:\/\/www.pmpf.rs.gov.br\/vice-prefeito\/#primaryimage"},"thumbnailUrl":"https:\/\/www.pmpf.rs.gov.br\/vice-prefeito\/wp-content\/uploads\/sites\/34\/2024\/12\/vice-prefeito-ceolin-1024x682.jpg","datePublished":"2021-12-18T19:11:59+00:00","dateModified":"2025-01-02T02:13:28+00:00","inLanguage":"pt-BR","potentialAction":[{"@type":"ReadAction","target":["https:\/\/www.pmpf.rs.gov.br\/vice-prefeito\/"]}]},{"@type":"ImageObject","inLanguage":"pt-BR","@id":"https:\/\/www.pmpf.rs.gov.br\/vice-prefeito\/#primaryimage","url":"https:\/\/www.pmpf.rs.gov.br\/vice-prefeito\/wp-content\/uploads\/sites\/34\/2024\/12\/vice-prefeito-ceolin.jpg","contentUrl":"https:\/\/www.pmpf.rs.gov.br\/vice-prefeito\/wp-content\/uploads\/sites\/34\/2024\/12\/vice-prefeito-ceolin.jpg","width":1280,"height":853},{"@type":"WebSite","@id":"https:\/\/www.pmpf.rs.gov.br\/vice-prefeito\/#website","url":"https:\/\/www.pmpf.rs.gov.br\/vice-prefeito\/","name":"Vice-Prefeito","description":"S\u00f3 mais um site Prefeitura de Passo Fundo","potentialAction":[{"@type":"SearchAction","target":{"@type":"EntryPoint","urlTemplate":"https:\/\/www.pmpf.rs.gov.br\/vice-prefeito\/?s={search_term_string}"},"query-input":{"@type":"PropertyValueSpecification","valueRequired":true,"valueName":"search_term_string"}}],"inLanguage":"pt-BR"}]}},"_links":{"self":[{"href":"https:\/\/www.pmpf.rs.gov.br\/vice-prefeito\/wp-json\/wp\/v2\/pages\/4"}],"collection":[{"href":"https:\/\/www.pmpf.rs.gov.br\/vice-prefeito\/wp-json\/wp\/v2\/pages"}],"about":[{"href":"https:\/\/www.pmpf.rs.gov.br\/vice-prefeito\/wp-json\/wp\/v2\/types\/page"}],"author":[{"embeddable":true,"href":"https:\/\/www.pmpf.rs.gov.br\/vice-prefeito\/wp-json\/wp\/v2\/users\/1"}],"replies":[{"embeddable":true,"href":"https:\/\/www.pmpf.rs.gov.br\/vice-prefeito\/wp-json\/wp\/v2\/comments?post=4"}],"version-history":[{"count":14,"href":"https:\/\/www.pmpf.rs.gov.br\/vice-prefeito\/wp-json\/wp\/v2\/pages\/4\/revisions"}],"predecessor-version":[{"id":95,"href":"https:\/\/www.pmpf.rs.gov.br\/vice-prefeito\/wp-json\/wp\/v2\/pages\/4\/revisions\/95"}],"wp:attachment":[{"href":"https:\/\/www.pmpf.rs.gov.br\/vice-prefeito\/wp-json\/wp\/v2\/media?parent=4"}],"curies":[{"name":"wp","href":"https:\/\/api.w.org\/{rel}","templated":true}]}}