{"id":115,"date":"2025-10-13T16:10:06","date_gmt":"2025-10-13T19:10:06","guid":{"rendered":"https:\/\/www.pmpf.rs.gov.br\/vice-prefeito\/?page_id=115"},"modified":"2025-10-13T16:19:50","modified_gmt":"2025-10-13T19:19:50","slug":"coordenadoriapessoacomdeficiencia","status":"publish","type":"page","link":"https:\/\/www.pmpf.rs.gov.br\/vice-prefeito\/coordenadoriapessoacomdeficiencia\/","title":{"rendered":"Coordenadoria da Pessoa com Defici\u00eancia"},"content":{"rendered":"\n<p>A Coordenadoria da Pessoa com Defici\u00eancia, foi criada na forma\u00a0da <a href=\"https:\/\/leismunicipais.com.br\/a1\/rs\/p\/passo-fundo\/lei-complementar\/2025\/51\/517\/lei-complementar-n-517-2025-altera-dispositivos-da-lei-complementar-n-165-de-25-de-setembro-de-2006-que-estabelece-a-estruturacao-da-administracao-publica-municipal-de-passo-fundo-da-lei-complementar-n-297-de-14-de-dezembro-de-2011-que-estabelece-o-quadro-de-cargos-em-comissao-e-funcoes-gratificadas-da-administracao-direta-do-municipio-de-passo-fundo-e-da-lei-ordinaria-n-4378-10-de-janeiro-de-2007-que-estabelece-as-atribuicoes-dos-departamentos-das-coordenadorias-e-dos-nucleos-da-administracao-direta-e-da-outras-providencias\" target=\"_blank\" rel=\"noreferrer noopener\">Lei Complementar 517\/2025<\/a> \u2013 de 22\/07\/2025,\u00a0 no Art. 24\u00a0O inciso I do art. 2\u00ba da <a href=\"https:\/\/leisnaweb.com.br\/mostrar-ato\/?ato=4876&amp;cliente=passofundo&amp;search=\" target=\"_blank\" rel=\"noreferrer noopener\">Lei Ordin\u00e1ria n.\u00ba 4.378<\/a>, de 10 de janeiro de 2007, passa a vigorar acrescido das al\u00edneas \u201ch\u201d,\u00a0 com a seguinte reda\u00e7\u00e3o:<\/p>\n\n\n\n<p><strong>Coordenadoria da Pessoa com Defici\u00eancia: promover, junto aos diferentes \u00f3rg\u00e3os p\u00fablicos, respons\u00e1veis pela elabora\u00e7\u00e3o e execu\u00e7\u00e3o dos planos e programas, a\u00e7\u00f5es voltadas \u00e0 defesa dos direitos das pessoas com defici\u00eancia; propor as medidas necess\u00e1rias \u00e0 implanta\u00e7\u00e3o das diretrizes estabelecidas pela Pol\u00edtica Municipal de Integra\u00e7\u00e3o da Pessoa com Defici\u00eancia; viabilizar a\u00e7\u00f5es que garantem a acessibilidade, indicando solu\u00e7\u00f5es t\u00e9cnicas para eliminar as poss\u00edveis barreiras; articular a\u00e7\u00f5es, projetos e propostas voltadas \u00e0 inclus\u00e3o social de pessoas com defici\u00eancia; manter, com os \u00f3rg\u00e3os e entidades governamentais, bem como com o Minist\u00e9rio P\u00fablico, estreito relacionamento, objetivando a soma de esfor\u00e7os e recursos para a inclus\u00e3o das pessoas com defici\u00eancia; elaborar relat\u00f3rios peri\u00f3dicos ao Chefe do Poder Executivo, apontando o andamento da execu\u00e7\u00e3o dos planos e programas aprovados ou as falhas e omiss\u00f5es no preparo ou execu\u00e7\u00e3o dos mesmos; (Reda\u00e7\u00e3o acrescida pela Lei Complementar n\u00ba <a href=\"https:\/\/leismunicipais.com.br\/a1\/rs\/p\/passo-fundo\/lei-complementar\/2025\/51\/517\/lei-complementar-n-517-2025-altera-dispositivos-da-lei-complementar-n-165-de-25-de-setembro-de-2006-que-estabelece-a-estruturacao-da-administracao-publica-municipal-de-passo-fundo-da-lei-complementar-n-297-de-14-de-dezembro-de-2011-que-estabelece-o-quadro-de-cargos-em-comissao-e-funcoes-gratificadas-da-administracao-direta-do-municipio-de-passo-fundo-e-da-lei-ordinaria-n-4378-10-de-janeiro-de-2007-que-estabelece-as-atribuicoes-dos-departamentos-das-coordenadorias-e-dos-nucleos-da-administracao-direta-e-da-outras-providencias\" target=\"_blank\" rel=\"noreferrer noopener\">517<\/a>\/2025)<\/strong><\/p>\n\n\n\n<p><strong>Funcionamento: <\/strong>de segunda \u00e0 sexta-feira, das 08h at\u00e9 as 11h30min e das 13h30min at\u00e9 as 17h<br><strong>Endere\u00e7o:<\/strong> Rua Morom, 1324, Centro Comercial da Vinci, sala 104, Centro, Passo Fundo \u2013 RS, CEP 99051-400&nbsp;<br><strong>Telefone:<\/strong> (54) 3314 8874<br><strong>E-mail:<\/strong> <a href=\"mailto:coordpcd@pmpf.rs.gov.br\" target=\"_blank\" rel=\"noreferrer noopener\">coordpcd@pmpf.rs.gov.br<\/a><\/p>\n\n\n\n<hr class=\"wp-block-separator has-alpha-channel-opacity\"\/>\n","protected":false},"excerpt":{"rendered":"<p>A Coordenadoria da Pessoa com Defici\u00eancia, foi criada na forma\u00a0da Lei Complementar 517\/2025 \u2013 de 22\/07\/2025,\u00a0 no Art. 24\u00a0O inciso I do art. 2\u00ba da Lei Ordin\u00e1ria n.\u00ba 4.378, de 10 de [&hellip;]<\/p>\n","protected":false},"author":4,"featured_media":0,"parent":0,"menu_order":0,"comment_status":"closed","ping_status":"closed","template":"","meta":{"footnotes":""},"class_list":["post-115","page","type-page","status-publish","hentry"],"yoast_head":"<!-- This site is optimized with the Yoast SEO plugin v23.8 - https:\/\/yoast.com\/wordpress\/plugins\/seo\/ -->\n<title>Coordenadoria da Pessoa com Defici\u00eancia - Vice-Prefeito<\/title>\n<meta name=\"robots\" content=\"index, follow, max-snippet:-1, max-image-preview:large, max-video-preview:-1\" \/>\n<link rel=\"canonical\" href=\"https:\/\/www.pmpf.rs.gov.br\/vice-prefeito\/coordenadoriapessoacomdeficiencia\/\" \/>\n<meta property=\"og:locale\" content=\"pt_BR\" \/>\n<meta property=\"og:type\" content=\"article\" \/>\n<meta property=\"og:title\" content=\"Coordenadoria da Pessoa com Defici\u00eancia - Vice-Prefeito\" \/>\n<meta property=\"og:description\" content=\"A Coordenadoria da Pessoa com Defici\u00eancia, foi criada na forma\u00a0da Lei Complementar 517\/2025 \u2013 de 22\/07\/2025,\u00a0 no Art. 24\u00a0O inciso I do art. 2\u00ba da Lei Ordin\u00e1ria n.\u00ba 4.378, de 10 de [&hellip;]\" \/>\n<meta property=\"og:url\" content=\"https:\/\/www.pmpf.rs.gov.br\/vice-prefeito\/coordenadoriapessoacomdeficiencia\/\" \/>\n<meta property=\"og:site_name\" content=\"Vice-Prefeito\" \/>\n<meta property=\"article:modified_time\" content=\"2025-10-13T19:19:50+00:00\" \/>\n<meta name=\"twitter:card\" content=\"summary_large_image\" \/>\n<meta name=\"twitter:label1\" content=\"Est. tempo de leitura\" \/>\n\t<meta name=\"twitter:data1\" content=\"1 minuto\" \/>\n<script type=\"application\/ld+json\" class=\"yoast-schema-graph\">{\"@context\":\"https:\/\/schema.org\",\"@graph\":[{\"@type\":\"WebPage\",\"@id\":\"https:\/\/www.pmpf.rs.gov.br\/vice-prefeito\/coordenadoriapessoacomdeficiencia\/\",\"url\":\"https:\/\/www.pmpf.rs.gov.br\/vice-prefeito\/coordenadoriapessoacomdeficiencia\/\",\"name\":\"Coordenadoria da Pessoa com Defici\u00eancia - Vice-Prefeito\",\"isPartOf\":{\"@id\":\"https:\/\/www.pmpf.rs.gov.br\/vice-prefeito\/#website\"},\"datePublished\":\"2025-10-13T19:10:06+00:00\",\"dateModified\":\"2025-10-13T19:19:50+00:00\",\"inLanguage\":\"pt-BR\",\"potentialAction\":[{\"@type\":\"ReadAction\",\"target\":[\"https:\/\/www.pmpf.rs.gov.br\/vice-prefeito\/coordenadoriapessoacomdeficiencia\/\"]}]},{\"@type\":\"WebSite\",\"@id\":\"https:\/\/www.pmpf.rs.gov.br\/vice-prefeito\/#website\",\"url\":\"https:\/\/www.pmpf.rs.gov.br\/vice-prefeito\/\",\"name\":\"Vice-Prefeito\",\"description\":\"S\u00f3 mais um site Prefeitura de Passo Fundo\",\"potentialAction\":[{\"@type\":\"SearchAction\",\"target\":{\"@type\":\"EntryPoint\",\"urlTemplate\":\"https:\/\/www.pmpf.rs.gov.br\/vice-prefeito\/?s={search_term_string}\"},\"query-input\":{\"@type\":\"PropertyValueSpecification\",\"valueRequired\":true,\"valueName\":\"search_term_string\"}}],\"inLanguage\":\"pt-BR\"}]}<\/script>\n<!-- \/ Yoast SEO plugin. -->","yoast_head_json":{"title":"Coordenadoria da Pessoa com Defici\u00eancia - Vice-Prefeito","robots":{"index":"index","follow":"follow","max-snippet":"max-snippet:-1","max-image-preview":"max-image-preview:large","max-video-preview":"max-video-preview:-1"},"canonical":"https:\/\/www.pmpf.rs.gov.br\/vice-prefeito\/coordenadoriapessoacomdeficiencia\/","og_locale":"pt_BR","og_type":"article","og_title":"Coordenadoria da Pessoa com Defici\u00eancia - Vice-Prefeito","og_description":"A Coordenadoria da Pessoa com Defici\u00eancia, foi criada na forma\u00a0da Lei Complementar 517\/2025 \u2013 de 22\/07\/2025,\u00a0 no Art. 24\u00a0O inciso I do art. 2\u00ba da Lei Ordin\u00e1ria n.\u00ba 4.378, de 10 de [&hellip;]","og_url":"https:\/\/www.pmpf.rs.gov.br\/vice-prefeito\/coordenadoriapessoacomdeficiencia\/","og_site_name":"Vice-Prefeito","article_modified_time":"2025-10-13T19:19:50+00:00","twitter_card":"summary_large_image","twitter_misc":{"Est. tempo de leitura":"1 minuto"},"schema":{"@context":"https:\/\/schema.org","@graph":[{"@type":"WebPage","@id":"https:\/\/www.pmpf.rs.gov.br\/vice-prefeito\/coordenadoriapessoacomdeficiencia\/","url":"https:\/\/www.pmpf.rs.gov.br\/vice-prefeito\/coordenadoriapessoacomdeficiencia\/","name":"Coordenadoria da Pessoa com Defici\u00eancia - Vice-Prefeito","isPartOf":{"@id":"https:\/\/www.pmpf.rs.gov.br\/vice-prefeito\/#website"},"datePublished":"2025-10-13T19:10:06+00:00","dateModified":"2025-10-13T19:19:50+00:00","inLanguage":"pt-BR","potentialAction":[{"@type":"ReadAction","target":["https:\/\/www.pmpf.rs.gov.br\/vice-prefeito\/coordenadoriapessoacomdeficiencia\/"]}]},{"@type":"WebSite","@id":"https:\/\/www.pmpf.rs.gov.br\/vice-prefeito\/#website","url":"https:\/\/www.pmpf.rs.gov.br\/vice-prefeito\/","name":"Vice-Prefeito","description":"S\u00f3 mais um site Prefeitura de Passo Fundo","potentialAction":[{"@type":"SearchAction","target":{"@type":"EntryPoint","urlTemplate":"https:\/\/www.pmpf.rs.gov.br\/vice-prefeito\/?s={search_term_string}"},"query-input":{"@type":"PropertyValueSpecification","valueRequired":true,"valueName":"search_term_string"}}],"inLanguage":"pt-BR"}]}},"_links":{"self":[{"href":"https:\/\/www.pmpf.rs.gov.br\/vice-prefeito\/wp-json\/wp\/v2\/pages\/115"}],"collection":[{"href":"https:\/\/www.pmpf.rs.gov.br\/vice-prefeito\/wp-json\/wp\/v2\/pages"}],"about":[{"href":"https:\/\/www.pmpf.rs.gov.br\/vice-prefeito\/wp-json\/wp\/v2\/types\/page"}],"author":[{"embeddable":true,"href":"https:\/\/www.pmpf.rs.gov.br\/vice-prefeito\/wp-json\/wp\/v2\/users\/4"}],"replies":[{"embeddable":true,"href":"https:\/\/www.pmpf.rs.gov.br\/vice-prefeito\/wp-json\/wp\/v2\/comments?post=115"}],"version-history":[{"count":3,"href":"https:\/\/www.pmpf.rs.gov.br\/vice-prefeito\/wp-json\/wp\/v2\/pages\/115\/revisions"}],"predecessor-version":[{"id":119,"href":"https:\/\/www.pmpf.rs.gov.br\/vice-prefeito\/wp-json\/wp\/v2\/pages\/115\/revisions\/119"}],"wp:attachment":[{"href":"https:\/\/www.pmpf.rs.gov.br\/vice-prefeito\/wp-json\/wp\/v2\/media?parent=115"}],"curies":[{"name":"wp","href":"https:\/\/api.w.org\/{rel}","templated":true}]}}