{"id":5,"date":"2021-12-28T16:35:49","date_gmt":"2021-12-28T19:35:49","guid":{"rendered":"https:\/\/www.pmpf.rs.gov.br\/vacinacao-covid-19\/?page_id=5"},"modified":"2024-05-28T15:29:34","modified_gmt":"2024-05-28T18:29:34","slug":"vacinacao-covid-19","status":"publish","type":"page","link":"https:\/\/www.pmpf.rs.gov.br\/vacinacao-covid-19\/","title":{"rendered":"Vacina\u00e7\u00e3o COVID-19"},"content":{"rendered":"\n<h2 class=\"wp-block-heading\">Informa\u00e7\u00f5es e transpar\u00eancia<\/h2>\n\n\n\n<p>Essa \u00e9 nossa central de informa\u00e7\u00f5es sobre a vacina\u00e7\u00e3o do COVID-19 no munic\u00edpio de Passo Fundo, efetivando a transpar\u00eancia do processo.<\/p>\n\n\n<div class=\"wp-block-image\">\n<figure class=\"aligncenter size-full\"><a href=\"https:\/\/www.pmpf.rs.gov.br\/vacinacao-covid-19\/plano-municipal-de-vacinacao\/\"><img loading=\"lazy\" decoding=\"async\" width=\"710\" height=\"80\" src=\"https:\/\/www.pmpf.rs.gov.br\/vacinacao-covid-19\/wp-content\/uploads\/sites\/61\/2021\/12\/banner_plano_vacinacao_covid19.png\" alt=\"\" class=\"wp-image-6\" srcset=\"https:\/\/www.pmpf.rs.gov.br\/vacinacao-covid-19\/wp-content\/uploads\/sites\/61\/2021\/12\/banner_plano_vacinacao_covid19.png 710w, https:\/\/www.pmpf.rs.gov.br\/vacinacao-covid-19\/wp-content\/uploads\/sites\/61\/2021\/12\/banner_plano_vacinacao_covid19-300x34.png 300w\" sizes=\"(max-width: 710px) 100vw, 710px\" \/><\/a><\/figure><\/div>\n\n\n<div style=\"height:10px\" aria-hidden=\"true\" class=\"wp-block-spacer\"><\/div>\n\n\n\n<div class=\"wp-block-buttons is-content-justification-center is-layout-flex wp-container-core-buttons-is-layout-1 wp-block-buttons-is-layout-flex\">\n<div class=\"wp-block-button\"><a class=\"wp-block-button__link has-white-color has-green-background-color has-text-color has-background wp-element-button\" href=\"https:\/\/www.pmpf.rs.gov.br\/prevencao-do-coronavirus\/transparencia-coronavirus\/\" style=\"border-radius:8px\">Transpar\u00eancia Vacina\u00e7\u00e3o COVID-19<\/a><\/div>\n\n\n\n<div class=\"wp-block-button\"><a class=\"wp-block-button__link has-white-color has-green-background-color has-text-color has-background wp-element-button\" href=\"https:\/\/www.pmpf.rs.gov.br\/vacinacao-covid-19\/imunizacao-covid19-vacinometro\/\" style=\"border-radius:8px\">Vacinometro<\/a><\/div>\n\n\n\n<div class=\"wp-block-button\"><a class=\"wp-block-button__link has-white-color has-green-background-color has-text-color has-background wp-element-button\" href=\"https:\/\/www.pmpf.rs.gov.br\/vacinacao-covid-19\/salas-de-vacinacao-do-covid-19\/\" style=\"border-radius:8px\">Salas de Vacina\u00e7\u00e3o<\/a><\/div>\n<\/div>\n\n\n\n<h2 class=\"wp-block-heading has-text-align-center\">Calend\u00e1rio de Vacina\u00e7\u00e3o<\/h2>\n\n\n\n<p class=\"has-blue-color has-text-color\">Passo Fundo recebe nova vacina contra a COVID-19. O imunizante estar\u00e1 dispon\u00edvel a partir do dia 29 de maio<\/p>\n\n\n\n<p>Passo Fundo recebeu a nova vacina contra a Covid-19, disponibilizada pelo Minist\u00e9rio da Sa\u00fade. A vacina monovalente (XBB), da fabricante Moderna, foi atualizada para incluir a variante XBB 1.5. A nova vacina  estar\u00e1 dispon\u00edvel a partir de quarta-feira, 29 de maio.<\/p>\n\n\n\n<p><strong>P\u00fablico-Alvo<br><\/strong>A vacina\u00e7\u00e3o abrange crian\u00e7as de 6 meses a 4 anos, 11 meses e 29 dias, em diferentes condi\u00e7\u00f5es vacinais:<br>Crian\u00e7as n\u00e3o vacinadas ou que nunca receberam doses da vacina contra a Covid-19.<br>Crian\u00e7as com esquema vacinal incompleto.<br>Crian\u00e7as com o esquema completo de vacinas Covid-19 originais.<br>Crian\u00e7as imunocomprometidas que nunca foram vacinadas dever\u00e3o receber o esquema prim\u00e1rio.<\/p>\n\n\n\n<p>Al\u00e9m das crian\u00e7as, certos grupos priorit\u00e1rios tamb\u00e9m devem receber a vacina anualmente, ou a cada seis meses, dependendo do caso, devido ao risco aumentado de desenvolver formas graves da doen\u00e7a. Esses grupos incluem:<br>Pessoas de 60 anos ou mais.<br>Pessoas em institui\u00e7\u00f5es de longa perman\u00eancia.<br>Pessoas imunocomprometidas.<br>Ind\u00edgenas (vivendo em terras ind\u00edgenas ou fora delas).<br>Ribeirinhos e quilombolas.<br>Gestantes e pu\u00e9rperas.<br>Trabalhadores da sa\u00fade.<br>Pessoas com defici\u00eancia permanente.<br>Pessoas com comorbidades.<br>Pessoas privadas de liberdade e funcion\u00e1rios do sistema prisional.<br>Adolescentes e jovens em medidas socioeducativas.<br>Pessoas em situa\u00e7\u00e3o de rua.<\/p>\n\n\n\n<div style=\"height:10px\" aria-hidden=\"true\" class=\"wp-block-spacer\"><\/div>\n\n\n\n<hr class=\"wp-block-separator has-alpha-channel-opacity\"\/>\n\n\n\n<h3 class=\"wp-block-heading\">Locais e Hor\u00e1rios de Vacina\u00e7\u00e3o<\/h3>\n\n\n\n<p>Devido \u00e0 quantidade de doses recebidas, o munic\u00edpio reorganizou as unidades de sa\u00fade respons\u00e1veis pela vacina\u00e7\u00e3o. A vacina\u00e7\u00e3o ser\u00e1 realizada enquanto houver disponibilidade de doses nos locais indicados.<\/p>\n\n\n\n<p>Central de Vacinas &#8211; das 8h \u00e0s 18h sem fechar ao meio dia, de segunda a sexta-feira.<br>Cais Boqueir\u00e3o &#8211; das 8h \u00e0s 18h sem fechar ao meio dia, de segunda a sexta-feira.<br>Cais H\u00edpica &#8211; das 8h \u00e0s 18h sem fechar ao meio dia, de segunda a sexta-feira.<br>Cais Vila Luiza &#8211; das 8h \u00e0s 18h sem fechar ao meio dia, de segunda a sexta-feira.<br>Cais S\u00e3o Crist\u00f3v\u00e3o &#8211; das 8h \u00e0s 22h sem fechar ao meio dia , de segunda a sexta-feira. S\u00e1bados e domingos das 8h \u00e0s 20h.<\/p>\n\n\n\n<hr class=\"wp-block-separator has-alpha-channel-opacity\"\/>\n\n\n\n<div style=\"height:10px\" aria-hidden=\"true\" class=\"wp-block-spacer\"><\/div>\n\n\n<div class=\"wp-block-image\">\n<figure class=\"aligncenter size-full\"><a href=\"https:\/\/www.pmpf.rs.gov.br\/vacinacao-covid-19\/denuncia-fura-fila-e-irregularidades\/\"><img loading=\"lazy\" decoding=\"async\" width=\"320\" height=\"80\" src=\"https:\/\/www.pmpf.rs.gov.br\/vacinacao-covid-19\/wp-content\/uploads\/sites\/61\/2021\/12\/banner_ouvidoria_vacinacao_covid19.png\" alt=\"\" class=\"wp-image-15\" srcset=\"https:\/\/www.pmpf.rs.gov.br\/vacinacao-covid-19\/wp-content\/uploads\/sites\/61\/2021\/12\/banner_ouvidoria_vacinacao_covid19.png 320w, https:\/\/www.pmpf.rs.gov.br\/vacinacao-covid-19\/wp-content\/uploads\/sites\/61\/2021\/12\/banner_ouvidoria_vacinacao_covid19-300x75.png 300w\" sizes=\"(max-width: 320px) 100vw, 320px\" \/><\/a><\/figure><\/div>\n\n\n<hr class=\"wp-block-separator has-alpha-channel-opacity\"\/>\n\n\n\n<p><\/p>\n","protected":false},"excerpt":{"rendered":"<p>Informa\u00e7\u00f5es e transpar\u00eancia Essa \u00e9 nossa central de informa\u00e7\u00f5es sobre a vacina\u00e7\u00e3o do COVID-19 no munic\u00edpio de Passo Fundo, efetivando a transpar\u00eancia do processo. Calend\u00e1rio de Vacina\u00e7\u00e3o Passo Fundo recebe nova vacina [&hellip;]<\/p>\n","protected":false},"author":1,"featured_media":0,"parent":0,"menu_order":0,"comment_status":"closed","ping_status":"closed","template":"page_secretaria_com_sidebar.php","meta":{"footnotes":""},"class_list":["post-5","page","type-page","status-publish","hentry"],"yoast_head":"<!-- This site is optimized with the Yoast SEO plugin v23.8 - https:\/\/yoast.com\/wordpress\/plugins\/seo\/ -->\n<title>Vacina\u00e7\u00e3o COVID-19 - Vacina\u00e7\u00e3o COVID-19<\/title>\n<meta name=\"robots\" content=\"index, follow, max-snippet:-1, max-image-preview:large, max-video-preview:-1\" \/>\n<link rel=\"canonical\" href=\"https:\/\/www.pmpf.rs.gov.br\/vacinacao-covid-19\/\" \/>\n<meta property=\"og:locale\" content=\"pt_BR\" \/>\n<meta property=\"og:type\" content=\"article\" \/>\n<meta property=\"og:title\" content=\"Vacina\u00e7\u00e3o COVID-19 - Vacina\u00e7\u00e3o COVID-19\" \/>\n<meta property=\"og:description\" content=\"Informa\u00e7\u00f5es e transpar\u00eancia Essa \u00e9 nossa central de informa\u00e7\u00f5es sobre a vacina\u00e7\u00e3o do COVID-19 no munic\u00edpio de Passo Fundo, efetivando a transpar\u00eancia do processo. Calend\u00e1rio de Vacina\u00e7\u00e3o Passo Fundo recebe nova vacina [&hellip;]\" \/>\n<meta property=\"og:url\" content=\"https:\/\/www.pmpf.rs.gov.br\/vacinacao-covid-19\/\" \/>\n<meta property=\"og:site_name\" content=\"Vacina\u00e7\u00e3o COVID-19\" \/>\n<meta property=\"article:modified_time\" content=\"2024-05-28T18:29:34+00:00\" \/>\n<meta property=\"og:image\" content=\"https:\/\/www.pmpf.rs.gov.br\/vacinacao-covid-19\/wp-content\/uploads\/sites\/61\/2021\/12\/banner_plano_vacinacao_covid19.png\" \/>\n<meta name=\"twitter:card\" content=\"summary_large_image\" \/>\n<meta name=\"twitter:label1\" content=\"Est. tempo de leitura\" \/>\n\t<meta name=\"twitter:data1\" content=\"2 minutos\" \/>\n<script type=\"application\/ld+json\" class=\"yoast-schema-graph\">{\"@context\":\"https:\/\/schema.org\",\"@graph\":[{\"@type\":\"WebPage\",\"@id\":\"https:\/\/www.pmpf.rs.gov.br\/vacinacao-covid-19\/\",\"url\":\"https:\/\/www.pmpf.rs.gov.br\/vacinacao-covid-19\/\",\"name\":\"Vacina\u00e7\u00e3o COVID-19 - Vacina\u00e7\u00e3o COVID-19\",\"isPartOf\":{\"@id\":\"https:\/\/www.pmpf.rs.gov.br\/vacinacao-covid-19\/#website\"},\"primaryImageOfPage\":{\"@id\":\"https:\/\/www.pmpf.rs.gov.br\/vacinacao-covid-19\/#primaryimage\"},\"image\":{\"@id\":\"https:\/\/www.pmpf.rs.gov.br\/vacinacao-covid-19\/#primaryimage\"},\"thumbnailUrl\":\"https:\/\/www.pmpf.rs.gov.br\/vacinacao-covid-19\/wp-content\/uploads\/sites\/61\/2021\/12\/banner_plano_vacinacao_covid19.png\",\"datePublished\":\"2021-12-28T19:35:49+00:00\",\"dateModified\":\"2024-05-28T18:29:34+00:00\",\"breadcrumb\":{\"@id\":\"https:\/\/www.pmpf.rs.gov.br\/vacinacao-covid-19\/#breadcrumb\"},\"inLanguage\":\"pt-BR\",\"potentialAction\":[{\"@type\":\"ReadAction\",\"target\":[\"https:\/\/www.pmpf.rs.gov.br\/vacinacao-covid-19\/\"]}]},{\"@type\":\"ImageObject\",\"inLanguage\":\"pt-BR\",\"@id\":\"https:\/\/www.pmpf.rs.gov.br\/vacinacao-covid-19\/#primaryimage\",\"url\":\"https:\/\/www.pmpf.rs.gov.br\/vacinacao-covid-19\/wp-content\/uploads\/sites\/61\/2021\/12\/banner_plano_vacinacao_covid19.png\",\"contentUrl\":\"https:\/\/www.pmpf.rs.gov.br\/vacinacao-covid-19\/wp-content\/uploads\/sites\/61\/2021\/12\/banner_plano_vacinacao_covid19.png\",\"width\":710,\"height\":80},{\"@type\":\"BreadcrumbList\",\"@id\":\"https:\/\/www.pmpf.rs.gov.br\/vacinacao-covid-19\/#breadcrumb\",\"itemListElement\":[{\"@type\":\"ListItem\",\"position\":1,\"name\":\"In\u00edcio\",\"item\":\"https:\/\/www.pmpf.rs.gov.br\/vacinacao-covid-19\/\"},{\"@type\":\"ListItem\",\"position\":2,\"name\":\"Vacina\u00e7\u00e3o COVID-19\"}]},{\"@type\":\"WebSite\",\"@id\":\"https:\/\/www.pmpf.rs.gov.br\/vacinacao-covid-19\/#website\",\"url\":\"https:\/\/www.pmpf.rs.gov.br\/vacinacao-covid-19\/\",\"name\":\"Vacina\u00e7\u00e3o COVID-19\",\"description\":\"S\u00f3 mais um site Prefeitura de Passo Fundo\",\"potentialAction\":[{\"@type\":\"SearchAction\",\"target\":{\"@type\":\"EntryPoint\",\"urlTemplate\":\"https:\/\/www.pmpf.rs.gov.br\/vacinacao-covid-19\/?s={search_term_string}\"},\"query-input\":{\"@type\":\"PropertyValueSpecification\",\"valueRequired\":true,\"valueName\":\"search_term_string\"}}],\"inLanguage\":\"pt-BR\"}]}<\/script>\n<!-- \/ Yoast SEO plugin. -->","yoast_head_json":{"title":"Vacina\u00e7\u00e3o COVID-19 - Vacina\u00e7\u00e3o COVID-19","robots":{"index":"index","follow":"follow","max-snippet":"max-snippet:-1","max-image-preview":"max-image-preview:large","max-video-preview":"max-video-preview:-1"},"canonical":"https:\/\/www.pmpf.rs.gov.br\/vacinacao-covid-19\/","og_locale":"pt_BR","og_type":"article","og_title":"Vacina\u00e7\u00e3o COVID-19 - Vacina\u00e7\u00e3o COVID-19","og_description":"Informa\u00e7\u00f5es e transpar\u00eancia Essa \u00e9 nossa central de informa\u00e7\u00f5es sobre a vacina\u00e7\u00e3o do COVID-19 no munic\u00edpio de Passo Fundo, efetivando a transpar\u00eancia do processo. Calend\u00e1rio de Vacina\u00e7\u00e3o Passo Fundo recebe nova vacina [&hellip;]","og_url":"https:\/\/www.pmpf.rs.gov.br\/vacinacao-covid-19\/","og_site_name":"Vacina\u00e7\u00e3o COVID-19","article_modified_time":"2024-05-28T18:29:34+00:00","og_image":[{"url":"https:\/\/www.pmpf.rs.gov.br\/vacinacao-covid-19\/wp-content\/uploads\/sites\/61\/2021\/12\/banner_plano_vacinacao_covid19.png"}],"twitter_card":"summary_large_image","twitter_misc":{"Est. tempo de leitura":"2 minutos"},"schema":{"@context":"https:\/\/schema.org","@graph":[{"@type":"WebPage","@id":"https:\/\/www.pmpf.rs.gov.br\/vacinacao-covid-19\/","url":"https:\/\/www.pmpf.rs.gov.br\/vacinacao-covid-19\/","name":"Vacina\u00e7\u00e3o COVID-19 - Vacina\u00e7\u00e3o COVID-19","isPartOf":{"@id":"https:\/\/www.pmpf.rs.gov.br\/vacinacao-covid-19\/#website"},"primaryImageOfPage":{"@id":"https:\/\/www.pmpf.rs.gov.br\/vacinacao-covid-19\/#primaryimage"},"image":{"@id":"https:\/\/www.pmpf.rs.gov.br\/vacinacao-covid-19\/#primaryimage"},"thumbnailUrl":"https:\/\/www.pmpf.rs.gov.br\/vacinacao-covid-19\/wp-content\/uploads\/sites\/61\/2021\/12\/banner_plano_vacinacao_covid19.png","datePublished":"2021-12-28T19:35:49+00:00","dateModified":"2024-05-28T18:29:34+00:00","breadcrumb":{"@id":"https:\/\/www.pmpf.rs.gov.br\/vacinacao-covid-19\/#breadcrumb"},"inLanguage":"pt-BR","potentialAction":[{"@type":"ReadAction","target":["https:\/\/www.pmpf.rs.gov.br\/vacinacao-covid-19\/"]}]},{"@type":"ImageObject","inLanguage":"pt-BR","@id":"https:\/\/www.pmpf.rs.gov.br\/vacinacao-covid-19\/#primaryimage","url":"https:\/\/www.pmpf.rs.gov.br\/vacinacao-covid-19\/wp-content\/uploads\/sites\/61\/2021\/12\/banner_plano_vacinacao_covid19.png","contentUrl":"https:\/\/www.pmpf.rs.gov.br\/vacinacao-covid-19\/wp-content\/uploads\/sites\/61\/2021\/12\/banner_plano_vacinacao_covid19.png","width":710,"height":80},{"@type":"BreadcrumbList","@id":"https:\/\/www.pmpf.rs.gov.br\/vacinacao-covid-19\/#breadcrumb","itemListElement":[{"@type":"ListItem","position":1,"name":"In\u00edcio","item":"https:\/\/www.pmpf.rs.gov.br\/vacinacao-covid-19\/"},{"@type":"ListItem","position":2,"name":"Vacina\u00e7\u00e3o COVID-19"}]},{"@type":"WebSite","@id":"https:\/\/www.pmpf.rs.gov.br\/vacinacao-covid-19\/#website","url":"https:\/\/www.pmpf.rs.gov.br\/vacinacao-covid-19\/","name":"Vacina\u00e7\u00e3o COVID-19","description":"S\u00f3 mais um site Prefeitura de Passo Fundo","potentialAction":[{"@type":"SearchAction","target":{"@type":"EntryPoint","urlTemplate":"https:\/\/www.pmpf.rs.gov.br\/vacinacao-covid-19\/?s={search_term_string}"},"query-input":{"@type":"PropertyValueSpecification","valueRequired":true,"valueName":"search_term_string"}}],"inLanguage":"pt-BR"}]}},"_links":{"self":[{"href":"https:\/\/www.pmpf.rs.gov.br\/vacinacao-covid-19\/wp-json\/wp\/v2\/pages\/5"}],"collection":[{"href":"https:\/\/www.pmpf.rs.gov.br\/vacinacao-covid-19\/wp-json\/wp\/v2\/pages"}],"about":[{"href":"https:\/\/www.pmpf.rs.gov.br\/vacinacao-covid-19\/wp-json\/wp\/v2\/types\/page"}],"author":[{"embeddable":true,"href":"https:\/\/www.pmpf.rs.gov.br\/vacinacao-covid-19\/wp-json\/wp\/v2\/users\/1"}],"replies":[{"embeddable":true,"href":"https:\/\/www.pmpf.rs.gov.br\/vacinacao-covid-19\/wp-json\/wp\/v2\/comments?post=5"}],"version-history":[{"count":97,"href":"https:\/\/www.pmpf.rs.gov.br\/vacinacao-covid-19\/wp-json\/wp\/v2\/pages\/5\/revisions"}],"predecessor-version":[{"id":515,"href":"https:\/\/www.pmpf.rs.gov.br\/vacinacao-covid-19\/wp-json\/wp\/v2\/pages\/5\/revisions\/515"}],"wp:attachment":[{"href":"https:\/\/www.pmpf.rs.gov.br\/vacinacao-covid-19\/wp-json\/wp\/v2\/media?parent=5"}],"curies":[{"name":"wp","href":"https:\/\/api.w.org\/{rel}","templated":true}]}}