{"id":44,"date":"2021-12-28T18:10:07","date_gmt":"2021-12-28T21:10:07","guid":{"rendered":"https:\/\/www.pmpf.rs.gov.br\/vacinacao-covid-19\/?page_id=44"},"modified":"2022-11-24T12:43:40","modified_gmt":"2022-11-24T15:43:40","slug":"salas-de-vacinacao-do-covid-19","status":"publish","type":"page","link":"https:\/\/www.pmpf.rs.gov.br\/vacinacao-covid-19\/salas-de-vacinacao-do-covid-19\/","title":{"rendered":"Salas de Vacina\u00e7\u00e3o do COVID-19"},"content":{"rendered":"\n<h2 class=\"wp-block-heading\">Hor\u00e1rios, endere\u00e7os e telefones<\/h2>\n\n\n\n<p>Conforme a disponibilidade do imunobiol\u00f3gico.<\/p>\n\n\n\n<p><strong>CAIS Fragomeni (S\u00e3o Crist\u00f3v\u00e3o)<\/strong><br><strong>Endere\u00e7o:<\/strong> Scarpelini Ghezzi, 55, Lucas Ara\u00fajo<br><strong>Fone:<\/strong> (54) 3335-1949<br><strong>Hor\u00e1rio:<\/strong> de segunda a sexta-feira, das 8h \u00e0s 18h<\/p>\n\n\n\n<p><strong>CAIS Petr\u00f3polis<\/strong><br><strong>Endere\u00e7o:<\/strong>  Dom Pedro II, 395 (esq. Av. Brasil 1580)<br><strong>Fone:<\/strong> (54) 3327-2829 \/ 3327-1075 \/ 99668-9410<br><strong>Hor\u00e1rio:<\/strong> de segunda a sexta-feira, das 8h \u00e0s 21h30<\/p>\n\n\n\n<p><strong>Cais Vila Lu\u00edza<\/strong><br><strong>Endere\u00e7o:<\/strong>&nbsp;Rua Gerv\u00e1sio Annes, 303, Vila Lu\u00edza<br><strong>Fone:<\/strong>&nbsp;(54) 3312-9322 \/ (54) 3311-2778<br><strong>Hor\u00e1rio:&nbsp;<\/strong>de segunda a sexta-feira, das 8h \u00e0s 18h<\/p>\n\n\n\n<p><strong>Cais H\u00edpica<\/strong><br><strong>Endere\u00e7o:<\/strong>&nbsp;Travessa Osvaldo Motta Fortes, 30, Bairro H\u00edpica<br><strong>Fone:<\/strong>&nbsp;(54) 3317-4177<br><strong>Hor\u00e1rio:&nbsp;<\/strong>de segunda a sexta-feira, das 8h \u00e0s 18h<\/p>\n\n\n\n<p><strong>Cais Boqueir\u00e3o<\/strong><br><strong>Endere\u00e7o:<\/strong>&nbsp;Cel. Pitinga, 45, Ed. Trein<br><strong>Fone:<\/strong>&nbsp;(54) 3314-3060 <br><strong>Hor\u00e1rio:&nbsp;<\/strong>de segunda a sexta-feira, das 8h \u00e0s 18h<\/p>\n\n\n\n<p><strong>Ambulat\u00f3rio de Especialidades<\/strong><br><strong>Endere\u00e7o:<\/strong>&nbsp;Rua Comandante Kraemer, 12, Centro<br><strong>Fone:<\/strong>&nbsp;(54) 3313-6855 \/ (54) 3581-0412<br><strong>Hor\u00e1rio:<\/strong>&nbsp;de segunda a sexta-feira, das 8h \u00e0s 11h30 e das 13h \u00e0s 16h30<\/p>\n\n\n\n<p><strong>ESF Nen\u00ea Graeff<\/strong>\u00a0<br><strong>Endere\u00e7o:<\/strong>\u00a0Rua Amilton Portes da Silva, 125<br><strong>Fone:<\/strong>\u00a0(54) 3317-1631<br><strong>Hor\u00e1rio:<\/strong>\u00a0de segunda a sexta-feira, das 8h \u00e0s 11h30 e das 13h \u00e0s 16h30<\/p>\n\n\n\n<p><strong>ESF Zachia<\/strong><br><strong>Endere\u00e7o:<\/strong>&nbsp;Rua Argemiro Ferreira, 70, Z\u00e1chia<br><strong>Fone:<\/strong>&nbsp;(54) 3581-1953<br><strong>Hor\u00e1rio:<\/strong>&nbsp;de segunda a sexta-feira, das 8h \u00e0s 11h30 e das 13h \u00e0s 16h30<\/p>\n\n\n\n<p><strong>ESF S\u00e3o Jos\u00e9<\/strong><br><strong>Endere\u00e7o:<\/strong>&nbsp;Avenida Lu\u00eds de Cam\u00f5es, 217, Bairro S\u00e3o Jos\u00e9<br><strong>Fone:<\/strong>&nbsp;(54) 3311-1964<br><strong>Hor\u00e1rio:<\/strong> de segunda a sexta-feira, das 8h \u00e0s 11h30 e das 13h \u00e0s 16h30<\/p>\n\n\n\n<p><strong>ESF Don\u00e1ria\/Santa Marta<\/strong><br><strong>Endere\u00e7o:<\/strong>&nbsp;Rua Palmares, 434, Bairro Don\u00e1ria<br><strong>Fone:<\/strong>&nbsp;(54) 3581-3187<br><strong>Hor\u00e1rio:<\/strong>&nbsp;de segunda a sexta-feira, das 8h \u00e0s 11h30 e das 13h \u00e0s 16h30<\/p>\n\n\n\n<p><strong>ESF S\u00e3o Luiz Gonzaga<\/strong><br><strong>Endere\u00e7o:<\/strong>&nbsp;Francisco Formigheri, 345, S\u00e3o Luiz Gonzaga<br><strong>Fone:<\/strong>&nbsp;(54) 3311-3793<br><strong>Hor\u00e1rio:<\/strong>&nbsp;de segunda a sexta-feira, das 8h \u00e0s 11h30 e das 13h \u00e0s 16h30<\/p>\n\n\n\n<p><strong>ESF Adirbal Corralo<\/strong><br><strong>Endere\u00e7o:<\/strong>&nbsp;Uruguaiana, s\/n\u00ba, F\u00e1tima<br><strong>Fone:<\/strong>&nbsp;(54) 3314-8797<br><strong>Hor\u00e1rio:<\/strong>&nbsp;de segunda a sexta-feira, das 8h \u00e0s 11h30 e das 13h \u00e0s 16h30<\/p>\n\n\n\n<p><strong>ESF Planaltina<\/strong><br><strong>Endere\u00e7o:<\/strong>&nbsp;Prof Lucile Fragoso de Albuquerque, 235, Planaltina<br><strong>Fone:<\/strong>&nbsp;(54) 3315-7669<br><strong>Hor\u00e1rio:<\/strong>&nbsp;de segunda a sexta-feira, das 8h \u00e0s 11h30 e das 13h \u00e0s 16h30<\/p>\n\n\n\n<p><strong>ESF S\u00e3o Cristov\u00e3o<\/strong><br><strong>Endere\u00e7o:<\/strong>&nbsp;Jo\u00e3o Pessoa, 364, S\u00e3o Crist\u00f3v\u00e3o<br><strong>Fone:<\/strong> (54) 3315-7667<br><strong>Hor\u00e1rio:<\/strong>&nbsp;de segunda a sexta-feira, das 8h \u00e0s 11h30 e das 13h \u00e0s 16h30<\/p>\n\n\n\n<p><strong>ESF Adolfo Groth<\/strong><br><strong>Endere\u00e7o:<\/strong>&nbsp;Cel. Bicaco, 991, Lot Prof Schisler<br><strong>Fone:<\/strong> (54) 3313-0451<br><strong>Hor\u00e1rio:<\/strong>&nbsp;de segunda a sexta-feira, das 8h \u00e0s 11h30 e das 13h \u00e0s 16h30<\/p>\n\n\n\n<p><strong>ESF Jaboticabal<\/strong><br><strong>Endere\u00e7o:<\/strong>&nbsp;Alvorada, 350, Jaboticabal<br><strong>Fone:<\/strong> (54) 3313-7671<br><strong>Hor\u00e1rio:<\/strong>&nbsp;de segunda a sexta-feira, das 8h \u00e0s 11h30 e das 13h \u00e0s 16h30<\/p>\n\n\n\n<p><strong>UBS Vila Nova<br>Endere\u00e7o:<\/strong>&nbsp;Aspirante Jenner, 67, Vila Nova<br><strong>Fone:<\/strong>&nbsp;(54) 3314-7398<br><strong>Hor\u00e1rio:<\/strong>&nbsp;de segunda a sexta-feira, das 8h \u00e0s 11h30 e das 13h \u00e0s 16h30<\/p>\n\n\n\n<p><strong>UBS Parque Farroupilha<br>Endere\u00e7o:<\/strong> Tramanda\u00ed, 441, P. Farroupilha<br><strong>Fone:<\/strong>&nbsp;(54) 3318-1077<br><strong>Hor\u00e1rio:<\/strong>&nbsp;de segunda a sexta-feira, das 8h \u00e0s 11h30 e das 13h \u00e0s 16h30<\/p>\n\n\n\n<p><strong>Central de Vacinas<br>Endere\u00e7o:<\/strong> Rua Uruguai, 667 \u2013 Centro, pr\u00f3ximo ao Clube Juvenil<br><strong>Fone:<\/strong>&nbsp;(54) 3311-6494<br><strong>Hor\u00e1rio:<\/strong> de segunda a sexta-feira, das 8h \u00e0s 18h<\/p>\n\n\n\n<h2 class=\"wp-block-heading\">Documentos necess\u00e1rios para vacina\u00e7\u00e3o<\/h2>\n\n\n\n<ul class=\"wp-block-list\"><li>Documento de identifica\u00e7\u00e3o com foto;<\/li><li>CPF ou cart\u00e3o SUS;<\/li><li>comprovante de resid\u00eancia;<\/li><li>se for do grupo priorit\u00e1rio, apresentar documenta\u00e7\u00e3o que comprove sua inclus\u00e3o.<\/li><\/ul>\n","protected":false},"excerpt":{"rendered":"<p>Hor\u00e1rios, endere\u00e7os e telefones Conforme a disponibilidade do imunobiol\u00f3gico. CAIS Fragomeni (S\u00e3o Crist\u00f3v\u00e3o)Endere\u00e7o: Scarpelini Ghezzi, 55, Lucas Ara\u00fajoFone: (54) 3335-1949Hor\u00e1rio: de segunda a sexta-feira, das 8h \u00e0s 18h CAIS Petr\u00f3polisEndere\u00e7o: Dom Pedro [&hellip;]<\/p>\n","protected":false},"author":1,"featured_media":0,"parent":0,"menu_order":0,"comment_status":"closed","ping_status":"closed","template":"","meta":{"footnotes":""},"class_list":["post-44","page","type-page","status-publish","hentry"],"yoast_head":"<!-- This site is optimized with the Yoast SEO plugin v23.8 - https:\/\/yoast.com\/wordpress\/plugins\/seo\/ -->\n<title>Salas de Vacina\u00e7\u00e3o do COVID-19 - Vacina\u00e7\u00e3o COVID-19<\/title>\n<meta name=\"robots\" content=\"index, follow, max-snippet:-1, max-image-preview:large, max-video-preview:-1\" \/>\n<link rel=\"canonical\" href=\"https:\/\/www.pmpf.rs.gov.br\/vacinacao-covid-19\/salas-de-vacinacao-do-covid-19\/\" \/>\n<meta property=\"og:locale\" content=\"pt_BR\" \/>\n<meta property=\"og:type\" content=\"article\" \/>\n<meta property=\"og:title\" content=\"Salas de Vacina\u00e7\u00e3o do COVID-19 - Vacina\u00e7\u00e3o COVID-19\" \/>\n<meta property=\"og:description\" content=\"Hor\u00e1rios, endere\u00e7os e telefones Conforme a disponibilidade do imunobiol\u00f3gico. CAIS Fragomeni (S\u00e3o Crist\u00f3v\u00e3o)Endere\u00e7o: Scarpelini Ghezzi, 55, Lucas Ara\u00fajoFone: (54) 3335-1949Hor\u00e1rio: de segunda a sexta-feira, das 8h \u00e0s 18h CAIS Petr\u00f3polisEndere\u00e7o: Dom Pedro [&hellip;]\" \/>\n<meta property=\"og:url\" content=\"https:\/\/www.pmpf.rs.gov.br\/vacinacao-covid-19\/salas-de-vacinacao-do-covid-19\/\" \/>\n<meta property=\"og:site_name\" content=\"Vacina\u00e7\u00e3o COVID-19\" \/>\n<meta property=\"article:modified_time\" content=\"2022-11-24T15:43:40+00:00\" \/>\n<meta name=\"twitter:card\" content=\"summary_large_image\" \/>\n<meta name=\"twitter:label1\" content=\"Est. tempo de leitura\" \/>\n\t<meta name=\"twitter:data1\" content=\"2 minutos\" \/>\n<script type=\"application\/ld+json\" class=\"yoast-schema-graph\">{\"@context\":\"https:\/\/schema.org\",\"@graph\":[{\"@type\":\"WebPage\",\"@id\":\"https:\/\/www.pmpf.rs.gov.br\/vacinacao-covid-19\/salas-de-vacinacao-do-covid-19\/\",\"url\":\"https:\/\/www.pmpf.rs.gov.br\/vacinacao-covid-19\/salas-de-vacinacao-do-covid-19\/\",\"name\":\"Salas de Vacina\u00e7\u00e3o do COVID-19 - Vacina\u00e7\u00e3o COVID-19\",\"isPartOf\":{\"@id\":\"https:\/\/www.pmpf.rs.gov.br\/vacinacao-covid-19\/#website\"},\"datePublished\":\"2021-12-28T21:10:07+00:00\",\"dateModified\":\"2022-11-24T15:43:40+00:00\",\"breadcrumb\":{\"@id\":\"https:\/\/www.pmpf.rs.gov.br\/vacinacao-covid-19\/salas-de-vacinacao-do-covid-19\/#breadcrumb\"},\"inLanguage\":\"pt-BR\",\"potentialAction\":[{\"@type\":\"ReadAction\",\"target\":[\"https:\/\/www.pmpf.rs.gov.br\/vacinacao-covid-19\/salas-de-vacinacao-do-covid-19\/\"]}]},{\"@type\":\"BreadcrumbList\",\"@id\":\"https:\/\/www.pmpf.rs.gov.br\/vacinacao-covid-19\/salas-de-vacinacao-do-covid-19\/#breadcrumb\",\"itemListElement\":[{\"@type\":\"ListItem\",\"position\":1,\"name\":\"In\u00edcio\",\"item\":\"https:\/\/www.pmpf.rs.gov.br\/vacinacao-covid-19\/\"},{\"@type\":\"ListItem\",\"position\":2,\"name\":\"Salas de Vacina\u00e7\u00e3o do COVID-19\"}]},{\"@type\":\"WebSite\",\"@id\":\"https:\/\/www.pmpf.rs.gov.br\/vacinacao-covid-19\/#website\",\"url\":\"https:\/\/www.pmpf.rs.gov.br\/vacinacao-covid-19\/\",\"name\":\"Vacina\u00e7\u00e3o COVID-19\",\"description\":\"S\u00f3 mais um site Prefeitura de Passo Fundo\",\"potentialAction\":[{\"@type\":\"SearchAction\",\"target\":{\"@type\":\"EntryPoint\",\"urlTemplate\":\"https:\/\/www.pmpf.rs.gov.br\/vacinacao-covid-19\/?s={search_term_string}\"},\"query-input\":{\"@type\":\"PropertyValueSpecification\",\"valueRequired\":true,\"valueName\":\"search_term_string\"}}],\"inLanguage\":\"pt-BR\"}]}<\/script>\n<!-- \/ Yoast SEO plugin. -->","yoast_head_json":{"title":"Salas de Vacina\u00e7\u00e3o do COVID-19 - Vacina\u00e7\u00e3o COVID-19","robots":{"index":"index","follow":"follow","max-snippet":"max-snippet:-1","max-image-preview":"max-image-preview:large","max-video-preview":"max-video-preview:-1"},"canonical":"https:\/\/www.pmpf.rs.gov.br\/vacinacao-covid-19\/salas-de-vacinacao-do-covid-19\/","og_locale":"pt_BR","og_type":"article","og_title":"Salas de Vacina\u00e7\u00e3o do COVID-19 - Vacina\u00e7\u00e3o COVID-19","og_description":"Hor\u00e1rios, endere\u00e7os e telefones Conforme a disponibilidade do imunobiol\u00f3gico. CAIS Fragomeni (S\u00e3o Crist\u00f3v\u00e3o)Endere\u00e7o: Scarpelini Ghezzi, 55, Lucas Ara\u00fajoFone: (54) 3335-1949Hor\u00e1rio: de segunda a sexta-feira, das 8h \u00e0s 18h CAIS Petr\u00f3polisEndere\u00e7o: Dom Pedro [&hellip;]","og_url":"https:\/\/www.pmpf.rs.gov.br\/vacinacao-covid-19\/salas-de-vacinacao-do-covid-19\/","og_site_name":"Vacina\u00e7\u00e3o COVID-19","article_modified_time":"2022-11-24T15:43:40+00:00","twitter_card":"summary_large_image","twitter_misc":{"Est. tempo de leitura":"2 minutos"},"schema":{"@context":"https:\/\/schema.org","@graph":[{"@type":"WebPage","@id":"https:\/\/www.pmpf.rs.gov.br\/vacinacao-covid-19\/salas-de-vacinacao-do-covid-19\/","url":"https:\/\/www.pmpf.rs.gov.br\/vacinacao-covid-19\/salas-de-vacinacao-do-covid-19\/","name":"Salas de Vacina\u00e7\u00e3o do COVID-19 - Vacina\u00e7\u00e3o COVID-19","isPartOf":{"@id":"https:\/\/www.pmpf.rs.gov.br\/vacinacao-covid-19\/#website"},"datePublished":"2021-12-28T21:10:07+00:00","dateModified":"2022-11-24T15:43:40+00:00","breadcrumb":{"@id":"https:\/\/www.pmpf.rs.gov.br\/vacinacao-covid-19\/salas-de-vacinacao-do-covid-19\/#breadcrumb"},"inLanguage":"pt-BR","potentialAction":[{"@type":"ReadAction","target":["https:\/\/www.pmpf.rs.gov.br\/vacinacao-covid-19\/salas-de-vacinacao-do-covid-19\/"]}]},{"@type":"BreadcrumbList","@id":"https:\/\/www.pmpf.rs.gov.br\/vacinacao-covid-19\/salas-de-vacinacao-do-covid-19\/#breadcrumb","itemListElement":[{"@type":"ListItem","position":1,"name":"In\u00edcio","item":"https:\/\/www.pmpf.rs.gov.br\/vacinacao-covid-19\/"},{"@type":"ListItem","position":2,"name":"Salas de Vacina\u00e7\u00e3o do COVID-19"}]},{"@type":"WebSite","@id":"https:\/\/www.pmpf.rs.gov.br\/vacinacao-covid-19\/#website","url":"https:\/\/www.pmpf.rs.gov.br\/vacinacao-covid-19\/","name":"Vacina\u00e7\u00e3o COVID-19","description":"S\u00f3 mais um site Prefeitura de Passo Fundo","potentialAction":[{"@type":"SearchAction","target":{"@type":"EntryPoint","urlTemplate":"https:\/\/www.pmpf.rs.gov.br\/vacinacao-covid-19\/?s={search_term_string}"},"query-input":{"@type":"PropertyValueSpecification","valueRequired":true,"valueName":"search_term_string"}}],"inLanguage":"pt-BR"}]}},"_links":{"self":[{"href":"https:\/\/www.pmpf.rs.gov.br\/vacinacao-covid-19\/wp-json\/wp\/v2\/pages\/44"}],"collection":[{"href":"https:\/\/www.pmpf.rs.gov.br\/vacinacao-covid-19\/wp-json\/wp\/v2\/pages"}],"about":[{"href":"https:\/\/www.pmpf.rs.gov.br\/vacinacao-covid-19\/wp-json\/wp\/v2\/types\/page"}],"author":[{"embeddable":true,"href":"https:\/\/www.pmpf.rs.gov.br\/vacinacao-covid-19\/wp-json\/wp\/v2\/users\/1"}],"replies":[{"embeddable":true,"href":"https:\/\/www.pmpf.rs.gov.br\/vacinacao-covid-19\/wp-json\/wp\/v2\/comments?post=44"}],"version-history":[{"count":6,"href":"https:\/\/www.pmpf.rs.gov.br\/vacinacao-covid-19\/wp-json\/wp\/v2\/pages\/44\/revisions"}],"predecessor-version":[{"id":406,"href":"https:\/\/www.pmpf.rs.gov.br\/vacinacao-covid-19\/wp-json\/wp\/v2\/pages\/44\/revisions\/406"}],"wp:attachment":[{"href":"https:\/\/www.pmpf.rs.gov.br\/vacinacao-covid-19\/wp-json\/wp\/v2\/media?parent=44"}],"curies":[{"name":"wp","href":"https:\/\/api.w.org\/{rel}","templated":true}]}}