{"id":200,"date":"2022-04-14T16:22:30","date_gmt":"2022-04-14T19:22:30","guid":{"rendered":"https:\/\/www.pmpf.rs.gov.br\/vacinacao-covid-19\/?page_id=200"},"modified":"2023-02-10T11:56:04","modified_gmt":"2023-02-10T14:56:04","slug":"imunizacao-covid19-vacinometro","status":"publish","type":"page","link":"https:\/\/www.pmpf.rs.gov.br\/vacinacao-covid-19\/imunizacao-covid19-vacinometro\/","title":{"rendered":"Vacinometro"},"content":{"rendered":"\n<figure class=\"wp-block-table is-style-stripes\"><table class=\"has-black-color has-blue-background-color has-text-color has-background\"><thead><tr><th class=\"has-text-align-center\" data-align=\"center\"><strong>Popula\u00e7\u00e3o Geral<\/strong><\/th><th class=\"has-text-align-center\" data-align=\"center\"><strong>Popula\u00e7\u00e3o Adulta<\/strong><\/th><th class=\"has-text-align-center\" data-align=\"center\"><strong>Doses Destinadas<\/strong><\/th><\/tr><\/thead><tbody><tr><td class=\"has-text-align-center\" data-align=\"center\">204.722<\/td><td class=\"has-text-align-center\" data-align=\"center\">151.201<\/td><td class=\"has-text-align-center\" data-align=\"center\">533.885<\/td><\/tr><\/tbody><\/table><\/figure>\n\n\n\n<h3 class=\"wp-block-heading\">Adultos<\/h3>\n\n\n\n<figure class=\"wp-block-table is-style-regular\"><table><thead><tr><th class=\"has-text-align-left\" data-align=\"left\"> <\/th><th class=\"has-text-align-left\" data-align=\"left\">Popula\u00e7\u00e3o<\/th><th class=\"has-text-align-left\" data-align=\"left\">Primeira Dose<\/th><th class=\"has-text-align-left\" data-align=\"left\">Segunda Dose<\/th><th class=\"has-text-align-left\" data-align=\"left\">Dose \u00danica DU<\/th><th class=\"has-text-align-left\" data-align=\"left\">Dose Refor\u00e7o D3<\/th><th class=\"has-text-align-left\" data-align=\"left\">Dose Refor\u00e7o D4<\/th><th class=\"has-text-align-left\" data-align=\"left\">Dose Adicional<\/th><\/tr><\/thead><tbody><tr><td class=\"has-text-align-left\" data-align=\"left\">18 a 79 anos<\/td><td class=\"has-text-align-left\" data-align=\"left\">151.201<\/td><td class=\"has-text-align-left\" data-align=\"left\">142.275<\/td><td class=\"has-text-align-left\" data-align=\"left\">133.813<\/td><td class=\"has-text-align-left\" data-align=\"left\">6.458<\/td><td class=\"has-text-align-left\" data-align=\"left\">89.323<\/td><td class=\"has-text-align-left\" data-align=\"left\">31.082<\/td><td class=\"has-text-align-left\" data-align=\"left\">1.545<\/td><\/tr><tr><td class=\"has-text-align-left\" data-align=\"left\">80 anos ou mais<\/td><td class=\"has-text-align-left\" data-align=\"left\">5.027<\/td><td class=\"has-text-align-left\" data-align=\"left\">4.590<\/td><td class=\"has-text-align-left\" data-align=\"left\">4.635<\/td><td class=\"has-text-align-left\" data-align=\"left\">13<\/td><td class=\"has-text-align-left\" data-align=\"left\">4.128<\/td><td class=\"has-text-align-left\" data-align=\"left\">2.688<\/td><td class=\"has-text-align-left\" data-align=\"left\">44<\/td><\/tr><\/tbody><\/table><\/figure>\n\n\n\n<figure class=\"wp-block-table is-style-regular\"><table><thead><tr><th> <\/th><th class=\"has-text-align-center\" data-align=\"center\">Pelo Menos Uma Dose (D1 ou DU)<\/th><th class=\"has-text-align-center\" data-align=\"center\">Esquema Vacinal Prim\u00e1rio (D2 ou DU)<\/th><th class=\"has-text-align-center\" data-align=\"center\">Esquema Vacinal Completo (D3)<\/th><\/tr><\/thead><tbody><tr><td>18 a 79 anos<\/td><td class=\"has-text-align-center\" data-align=\"center\">98,4% (148.733)<\/td><td class=\"has-text-align-center\" data-align=\"center\">92,8% (140.271)<\/td><td class=\"has-text-align-center\" data-align=\"center\">59,1 % (89.323)<\/td><\/tr><tr><td>80 anos ou mais<\/td><td class=\"has-text-align-center\" data-align=\"center\">91,6% (4.603)<\/td><td class=\"has-text-align-center\" data-align=\"center\">92,5% (4.648)<\/td><td class=\"has-text-align-center\" data-align=\"center\">82,1% (4.128)<\/td><\/tr><\/tbody><\/table><\/figure>\n\n\n\n<h3 class=\"wp-block-heading\">Adolescentes (12 a 17 anos)<\/h3>\n\n\n\n<figure class=\"wp-block-table is-style-regular\"><table><thead><tr><th class=\"has-text-align-left\" data-align=\"left\">Popula\u00e7\u00e3o<\/th><th class=\"has-text-align-left\" data-align=\"left\">Primeira Dose<\/th><th class=\"has-text-align-left\" data-align=\"left\">Segunda Dose<\/th><th class=\"has-text-align-left\" data-align=\"left\">Dose \u00danica DU<\/th><th class=\"has-text-align-left\" data-align=\"left\">Dose Refor\u00e7o D3<\/th><th class=\"has-text-align-left\" data-align=\"left\">Dose Refor\u00e7o D4<\/th><th class=\"has-text-align-left\" data-align=\"left\">Dose Adicional<\/th><\/tr><\/thead><tbody><tr><td class=\"has-text-align-left\" data-align=\"left\">16.492<\/td><td class=\"has-text-align-left\" data-align=\"left\">14.429<\/td><td class=\"has-text-align-left\" data-align=\"left\">11.981<\/td><td class=\"has-text-align-left\" data-align=\"left\">0<\/td><td class=\"has-text-align-left\" data-align=\"left\">3039<\/td><td class=\"has-text-align-left\" data-align=\"left\">0<\/td><td class=\"has-text-align-left\" data-align=\"left\">75<\/td><\/tr><\/tbody><\/table><\/figure>\n\n\n\n<figure class=\"wp-block-table is-style-regular\"><table><thead><tr><th class=\"has-text-align-center\" data-align=\"center\">Pelo Menos Uma Dose (D1)<\/th><th class=\"has-text-align-center\" data-align=\"center\">Esquema Vacinal Prim\u00e1rio (D2 ou DU)<\/th><th class=\"has-text-align-center\" data-align=\"center\">Esquema Vacinal Completo (D2)<\/th><\/tr><\/thead><tbody><tr><td class=\"has-text-align-center\" data-align=\"center\">87,5% (14.429)<\/td><td class=\"has-text-align-center\" data-align=\"center\"><\/td><td class=\"has-text-align-center\" data-align=\"center\">72,6% (11.981)<\/td><\/tr><\/tbody><\/table><\/figure>\n\n\n\n<h3 class=\"wp-block-heading\">Crian\u00e7as (5 a 11 anos)<\/h3>\n\n\n\n<figure class=\"wp-block-table is-style-regular\"><table><thead><tr><th class=\"has-text-align-left\" data-align=\"left\">Popula\u00e7\u00e3o<\/th><th class=\"has-text-align-left\" data-align=\"left\">Primeira Dose<\/th><th class=\"has-text-align-left\" data-align=\"left\">Segunda Dose<\/th><th class=\"has-text-align-left\" data-align=\"left\">Dose \u00danica DU<\/th><th class=\"has-text-align-left\" data-align=\"left\">Dose Refor\u00e7o D3<\/th><th class=\"has-text-align-left\" data-align=\"left\">Dose Refor\u00e7o D4<\/th><th class=\"has-text-align-left\" data-align=\"left\">Dose Adicional<\/th><\/tr><\/thead><tbody><tr><td class=\"has-text-align-left\" data-align=\"left\">18.523<\/td><td class=\"has-text-align-left\" data-align=\"left\">11.983<\/td><td class=\"has-text-align-left\" data-align=\"left\">7.317<\/td><td class=\"has-text-align-left\" data-align=\"left\">0<\/td><td class=\"has-text-align-left\" data-align=\"left\">0<\/td><td class=\"has-text-align-left\" data-align=\"left\">0<\/td><td class=\"has-text-align-left\" data-align=\"left\">0<\/td><\/tr><\/tbody><\/table><\/figure>\n\n\n\n<figure class=\"wp-block-table is-style-regular\"><table><thead><tr><th class=\"has-text-align-center\" data-align=\"center\">Pelo Menos Uma Dose (D1 ou D2)<\/th><th class=\"has-text-align-center\" data-align=\"center\">Esquema Vacinal Prim\u00e1rio (D2)<\/th><th class=\"has-text-align-center\" data-align=\"center\">Esquema Vacinal Completo <\/th><\/tr><\/thead><tbody><tr><td class=\"has-text-align-center\" data-align=\"center\">64,7 % (11.983)<\/td><td class=\"has-text-align-center\" data-align=\"center\"><\/td><td class=\"has-text-align-center\" data-align=\"center\">39,5 % (7.317)<\/td><\/tr><\/tbody><\/table><\/figure>\n\n\n\n<h3 class=\"wp-block-heading\">Crian\u00e7as (3 a 4 anos)<\/h3>\n\n\n\n<figure class=\"wp-block-table is-style-regular\"><table><thead><tr><th class=\"has-text-align-left\" data-align=\"left\">Popula\u00e7\u00e3o<\/th><th class=\"has-text-align-left\" data-align=\"left\">Primeira Dose<\/th><th class=\"has-text-align-left\" data-align=\"left\">Segunda Dose<\/th><th class=\"has-text-align-left\" data-align=\"left\">Dose \u00danica DU<\/th><th class=\"has-text-align-left\" data-align=\"left\">Dose Refor\u00e7o D3<\/th><th class=\"has-text-align-left\" data-align=\"left\">Dose Refor\u00e7o D4<\/th><th class=\"has-text-align-left\" data-align=\"left\">Dose Adicional<\/th><\/tr><\/thead><tbody><tr><td class=\"has-text-align-left\" data-align=\"left\">5.392<\/td><td class=\"has-text-align-left\" data-align=\"left\">820<\/td><td class=\"has-text-align-left\" data-align=\"left\">424<\/td><td class=\"has-text-align-left\" data-align=\"left\">0<\/td><td class=\"has-text-align-left\" data-align=\"left\">0<\/td><td class=\"has-text-align-left\" data-align=\"left\">0<\/td><td class=\"has-text-align-left\" data-align=\"left\">0<\/td><\/tr><\/tbody><\/table><\/figure>\n\n\n\n<figure class=\"wp-block-table is-style-regular\"><table><thead><tr><th class=\"has-text-align-center\" data-align=\"center\">Pelo Menos Uma Dose (D1 ou D2)<\/th><th class=\"has-text-align-center\" data-align=\"center\">Esquema Vacinal Prim\u00e1rio (D2)<\/th><th class=\"has-text-align-center\" data-align=\"center\">Esquema Vacinal Completo <\/th><\/tr><\/thead><tbody><tr><td class=\"has-text-align-center\" data-align=\"center\">15,2% (820)<\/td><td class=\"has-text-align-center\" data-align=\"center\"><\/td><td class=\"has-text-align-center\" data-align=\"center\">7.9% (424)<\/td><\/tr><\/tbody><\/table><\/figure>\n\n\n\n<h3 class=\"wp-block-heading\">Total<\/h3>\n\n\n\n<figure class=\"wp-block-table is-style-regular\"><table><thead><tr><th class=\"has-text-align-left\" data-align=\"left\">Primeira Dose<\/th><th class=\"has-text-align-left\" data-align=\"left\">Segunda Dose<\/th><th class=\"has-text-align-left\" data-align=\"left\">Dose \u00danica DU<\/th><th class=\"has-text-align-left\" data-align=\"left\">Dose Refor\u00e7o D3<\/th><th class=\"has-text-align-left\" data-align=\"left\">Dose Refor\u00e7o D4<\/th><th class=\"has-text-align-left\" data-align=\"left\">Dose Adicional<\/th><th>Total<\/th><\/tr><\/thead><tbody><tr><td class=\"has-text-align-left\" data-align=\"left\">173.277<\/td><td class=\"has-text-align-left\" data-align=\"left\">157.746<\/td><td class=\"has-text-align-left\" data-align=\"left\">6.471<\/td><td class=\"has-text-align-left\" data-align=\"left\">96.490<\/td><td class=\"has-text-align-left\" data-align=\"left\">33.770<\/td><td class=\"has-text-align-left\" data-align=\"left\">1.664<\/td><td>469.418<\/td><\/tr><\/tbody><\/table><\/figure>\n\n\n\n<figure class=\"wp-block-table is-style-regular\"><table><thead><tr><th class=\"has-text-align-center\" data-align=\"center\">Pelo Menos Uma Dose (D1 ou DU) <\/th><th class=\"has-text-align-center\" data-align=\"center\">Esquema Vacinal Prim\u00e1rio (D2 ou DU)<\/th><th class=\"has-text-align-center\" data-align=\"center\">Esquema Vacinal Completo (D3 idosos+ D3 adulto + D2 adolescentes + D2 crian\u00e7as)<\/th><\/tr><\/thead><tbody><tr><td class=\"has-text-align-center\" data-align=\"center\">87,8% (179.748)<\/td><td class=\"has-text-align-center\" data-align=\"center\"><\/td><td class=\"has-text-align-center\" data-align=\"center\">55,1%(112.749)<\/td><\/tr><\/tbody><\/table><\/figure>\n\n\n\n<p>Fonte: https:\/\/vacina.saude.rs.gov.br (Atualizado em 10.02.23)<\/p>\n","protected":false},"excerpt":{"rendered":"<p>Popula\u00e7\u00e3o Geral Popula\u00e7\u00e3o Adulta Doses Destinadas 204.722 151.201 533.885 Adultos Popula\u00e7\u00e3o Primeira Dose Segunda Dose Dose \u00danica DU Dose Refor\u00e7o D3 Dose Refor\u00e7o D4 Dose Adicional 18 a 79 anos 151.201 142.275 [&hellip;]<\/p>\n","protected":false},"author":4,"featured_media":0,"parent":0,"menu_order":0,"comment_status":"closed","ping_status":"closed","template":"","meta":{"footnotes":""},"class_list":["post-200","page","type-page","status-publish","hentry"],"yoast_head":"<!-- This site is optimized with the Yoast SEO plugin v23.8 - https:\/\/yoast.com\/wordpress\/plugins\/seo\/ -->\n<title>Vacinometro - Vacina\u00e7\u00e3o COVID-19<\/title>\n<meta name=\"robots\" content=\"index, follow, max-snippet:-1, max-image-preview:large, max-video-preview:-1\" \/>\n<link rel=\"canonical\" href=\"https:\/\/www.pmpf.rs.gov.br\/vacinacao-covid-19\/imunizacao-covid19-vacinometro\/\" \/>\n<meta property=\"og:locale\" content=\"pt_BR\" \/>\n<meta property=\"og:type\" content=\"article\" \/>\n<meta property=\"og:title\" content=\"Vacinometro - Vacina\u00e7\u00e3o COVID-19\" \/>\n<meta property=\"og:description\" content=\"Popula\u00e7\u00e3o Geral Popula\u00e7\u00e3o Adulta Doses Destinadas 204.722 151.201 533.885 Adultos Popula\u00e7\u00e3o Primeira Dose Segunda Dose Dose \u00danica DU Dose Refor\u00e7o D3 Dose Refor\u00e7o D4 Dose Adicional 18 a 79 anos 151.201 142.275 [&hellip;]\" \/>\n<meta property=\"og:url\" content=\"https:\/\/www.pmpf.rs.gov.br\/vacinacao-covid-19\/imunizacao-covid19-vacinometro\/\" \/>\n<meta property=\"og:site_name\" content=\"Vacina\u00e7\u00e3o COVID-19\" \/>\n<meta property=\"article:modified_time\" content=\"2023-02-10T14:56:04+00:00\" \/>\n<meta name=\"twitter:card\" content=\"summary_large_image\" \/>\n<meta name=\"twitter:label1\" content=\"Est. tempo de leitura\" \/>\n\t<meta name=\"twitter:data1\" content=\"1 minuto\" \/>\n<script type=\"application\/ld+json\" class=\"yoast-schema-graph\">{\"@context\":\"https:\/\/schema.org\",\"@graph\":[{\"@type\":\"WebPage\",\"@id\":\"https:\/\/www.pmpf.rs.gov.br\/vacinacao-covid-19\/imunizacao-covid19-vacinometro\/\",\"url\":\"https:\/\/www.pmpf.rs.gov.br\/vacinacao-covid-19\/imunizacao-covid19-vacinometro\/\",\"name\":\"Vacinometro - Vacina\u00e7\u00e3o COVID-19\",\"isPartOf\":{\"@id\":\"https:\/\/www.pmpf.rs.gov.br\/vacinacao-covid-19\/#website\"},\"datePublished\":\"2022-04-14T19:22:30+00:00\",\"dateModified\":\"2023-02-10T14:56:04+00:00\",\"breadcrumb\":{\"@id\":\"https:\/\/www.pmpf.rs.gov.br\/vacinacao-covid-19\/imunizacao-covid19-vacinometro\/#breadcrumb\"},\"inLanguage\":\"pt-BR\",\"potentialAction\":[{\"@type\":\"ReadAction\",\"target\":[\"https:\/\/www.pmpf.rs.gov.br\/vacinacao-covid-19\/imunizacao-covid19-vacinometro\/\"]}]},{\"@type\":\"BreadcrumbList\",\"@id\":\"https:\/\/www.pmpf.rs.gov.br\/vacinacao-covid-19\/imunizacao-covid19-vacinometro\/#breadcrumb\",\"itemListElement\":[{\"@type\":\"ListItem\",\"position\":1,\"name\":\"In\u00edcio\",\"item\":\"https:\/\/www.pmpf.rs.gov.br\/vacinacao-covid-19\/\"},{\"@type\":\"ListItem\",\"position\":2,\"name\":\"Vacinometro\"}]},{\"@type\":\"WebSite\",\"@id\":\"https:\/\/www.pmpf.rs.gov.br\/vacinacao-covid-19\/#website\",\"url\":\"https:\/\/www.pmpf.rs.gov.br\/vacinacao-covid-19\/\",\"name\":\"Vacina\u00e7\u00e3o COVID-19\",\"description\":\"S\u00f3 mais um site Prefeitura de Passo Fundo\",\"potentialAction\":[{\"@type\":\"SearchAction\",\"target\":{\"@type\":\"EntryPoint\",\"urlTemplate\":\"https:\/\/www.pmpf.rs.gov.br\/vacinacao-covid-19\/?s={search_term_string}\"},\"query-input\":{\"@type\":\"PropertyValueSpecification\",\"valueRequired\":true,\"valueName\":\"search_term_string\"}}],\"inLanguage\":\"pt-BR\"}]}<\/script>\n<!-- \/ Yoast SEO plugin. -->","yoast_head_json":{"title":"Vacinometro - Vacina\u00e7\u00e3o COVID-19","robots":{"index":"index","follow":"follow","max-snippet":"max-snippet:-1","max-image-preview":"max-image-preview:large","max-video-preview":"max-video-preview:-1"},"canonical":"https:\/\/www.pmpf.rs.gov.br\/vacinacao-covid-19\/imunizacao-covid19-vacinometro\/","og_locale":"pt_BR","og_type":"article","og_title":"Vacinometro - Vacina\u00e7\u00e3o COVID-19","og_description":"Popula\u00e7\u00e3o Geral Popula\u00e7\u00e3o Adulta Doses Destinadas 204.722 151.201 533.885 Adultos Popula\u00e7\u00e3o Primeira Dose Segunda Dose Dose \u00danica DU Dose Refor\u00e7o D3 Dose Refor\u00e7o D4 Dose Adicional 18 a 79 anos 151.201 142.275 [&hellip;]","og_url":"https:\/\/www.pmpf.rs.gov.br\/vacinacao-covid-19\/imunizacao-covid19-vacinometro\/","og_site_name":"Vacina\u00e7\u00e3o COVID-19","article_modified_time":"2023-02-10T14:56:04+00:00","twitter_card":"summary_large_image","twitter_misc":{"Est. tempo de leitura":"1 minuto"},"schema":{"@context":"https:\/\/schema.org","@graph":[{"@type":"WebPage","@id":"https:\/\/www.pmpf.rs.gov.br\/vacinacao-covid-19\/imunizacao-covid19-vacinometro\/","url":"https:\/\/www.pmpf.rs.gov.br\/vacinacao-covid-19\/imunizacao-covid19-vacinometro\/","name":"Vacinometro - Vacina\u00e7\u00e3o COVID-19","isPartOf":{"@id":"https:\/\/www.pmpf.rs.gov.br\/vacinacao-covid-19\/#website"},"datePublished":"2022-04-14T19:22:30+00:00","dateModified":"2023-02-10T14:56:04+00:00","breadcrumb":{"@id":"https:\/\/www.pmpf.rs.gov.br\/vacinacao-covid-19\/imunizacao-covid19-vacinometro\/#breadcrumb"},"inLanguage":"pt-BR","potentialAction":[{"@type":"ReadAction","target":["https:\/\/www.pmpf.rs.gov.br\/vacinacao-covid-19\/imunizacao-covid19-vacinometro\/"]}]},{"@type":"BreadcrumbList","@id":"https:\/\/www.pmpf.rs.gov.br\/vacinacao-covid-19\/imunizacao-covid19-vacinometro\/#breadcrumb","itemListElement":[{"@type":"ListItem","position":1,"name":"In\u00edcio","item":"https:\/\/www.pmpf.rs.gov.br\/vacinacao-covid-19\/"},{"@type":"ListItem","position":2,"name":"Vacinometro"}]},{"@type":"WebSite","@id":"https:\/\/www.pmpf.rs.gov.br\/vacinacao-covid-19\/#website","url":"https:\/\/www.pmpf.rs.gov.br\/vacinacao-covid-19\/","name":"Vacina\u00e7\u00e3o COVID-19","description":"S\u00f3 mais um site Prefeitura de Passo Fundo","potentialAction":[{"@type":"SearchAction","target":{"@type":"EntryPoint","urlTemplate":"https:\/\/www.pmpf.rs.gov.br\/vacinacao-covid-19\/?s={search_term_string}"},"query-input":{"@type":"PropertyValueSpecification","valueRequired":true,"valueName":"search_term_string"}}],"inLanguage":"pt-BR"}]}},"_links":{"self":[{"href":"https:\/\/www.pmpf.rs.gov.br\/vacinacao-covid-19\/wp-json\/wp\/v2\/pages\/200"}],"collection":[{"href":"https:\/\/www.pmpf.rs.gov.br\/vacinacao-covid-19\/wp-json\/wp\/v2\/pages"}],"about":[{"href":"https:\/\/www.pmpf.rs.gov.br\/vacinacao-covid-19\/wp-json\/wp\/v2\/types\/page"}],"author":[{"embeddable":true,"href":"https:\/\/www.pmpf.rs.gov.br\/vacinacao-covid-19\/wp-json\/wp\/v2\/users\/4"}],"replies":[{"embeddable":true,"href":"https:\/\/www.pmpf.rs.gov.br\/vacinacao-covid-19\/wp-json\/wp\/v2\/comments?post=200"}],"version-history":[{"count":62,"href":"https:\/\/www.pmpf.rs.gov.br\/vacinacao-covid-19\/wp-json\/wp\/v2\/pages\/200\/revisions"}],"predecessor-version":[{"id":425,"href":"https:\/\/www.pmpf.rs.gov.br\/vacinacao-covid-19\/wp-json\/wp\/v2\/pages\/200\/revisions\/425"}],"wp:attachment":[{"href":"https:\/\/www.pmpf.rs.gov.br\/vacinacao-covid-19\/wp-json\/wp\/v2\/media?parent=200"}],"curies":[{"name":"wp","href":"https:\/\/api.w.org\/{rel}","templated":true}]}}