{"id":17,"date":"2021-12-28T16:41:01","date_gmt":"2021-12-28T19:41:01","guid":{"rendered":"https:\/\/www.pmpf.rs.gov.br\/vacinacao-covid-19\/?page_id=17"},"modified":"2021-12-28T16:41:01","modified_gmt":"2021-12-28T19:41:01","slug":"denuncia-fura-fila-e-irregularidades","status":"publish","type":"page","link":"https:\/\/www.pmpf.rs.gov.br\/vacinacao-covid-19\/denuncia-fura-fila-e-irregularidades\/","title":{"rendered":"Den\u00fancia Fura Fila e Irregularidades"},"content":{"rendered":"\n<h2 class=\"wp-block-heading\">Vacina\u00e7\u00e3o COVID-19<\/h2>\n\n\n\n<p>A den\u00fancia de fura filas e irregularidade no processo de vacina\u00e7\u00e3o do COVID-19 devem ser encaminhadas pra a ouvidoria municipal atrav\u00e9s dos canais:<\/p>\n\n\n\n<p><strong>Telefone:<\/strong>&nbsp;0800 5417 100<\/p>\n\n\n\n<p><strong>E-mail: ouvidoria@pmpf.rs.gov.br<\/strong><\/p>\n\n\n\n<p><strong>Formul\u00e1rio Online:<\/strong>\u00a0<a href=\"https:\/\/www.pmpf.rs.gov.br\/ouvidoria\/\" target=\"_blank\" rel=\"noreferrer noopener\">Acesse aqui<\/a><\/p>\n\n\n\n<p>No formul\u00e1rio, preencher o campo Grupo como Ouvidoria, campo Assunto como Den\u00fancia, em S\u00edntese descrever a den\u00fancia, em Solicitante colocar seu nome e preencher o campo e-mail, caso tnha documentos comprobat\u00f3rios podem ser adicionados em Adicionar Anexos. Depois de preencher clicar em Salvar, ser\u00e1 gerado um processo eletr\u00f4nico que poder\u00e1 ser consultado em&nbsp;<a href=\"https:\/\/grp.pmpf.rs.gov.br\/grp\/acessoexterno\/programaAcessoExterno.faces?codigo=689573\" target=\"_blank\" rel=\"noreferrer noopener\">Consulta Processos Ouvidoria<\/a>.<\/p>\n\n\n\n<p><strong>Contate tamb\u00e9m a Ouvidoria geral do SUS pelos canais:<\/strong><\/p>\n\n\n\n<p><strong>Fone:<\/strong>&nbsp;136<\/p>\n\n\n\n<p><strong>Formul\u00e1rio Online:<\/strong>&nbsp;<a href=\"http:\/\/ouvprod02.saude.gov.br\/ouvidor\/CadastroDemandaPortal.do\" target=\"_blank\" rel=\"noreferrer noopener\">Acesse aqui<\/a><\/p>\n\n\n\n<p><strong>Site:&nbsp;<\/strong><a href=\"http:\/\/antigo.saude.gov.br\/saude-de-a-z\/ouvidoria-do-sus\" target=\"_blank\" rel=\"noreferrer noopener\">Ouvidoria Geral do SUS<\/a><\/p>\n","protected":false},"excerpt":{"rendered":"<p>Vacina\u00e7\u00e3o COVID-19 A den\u00fancia de fura filas e irregularidade no processo de vacina\u00e7\u00e3o do COVID-19 devem ser encaminhadas pra a ouvidoria municipal atrav\u00e9s dos canais: Telefone:&nbsp;0800 5417 100 E-mail: ouvidoria@pmpf.rs.gov.br Formul\u00e1rio Online:\u00a0Acesse [&hellip;]<\/p>\n","protected":false},"author":1,"featured_media":0,"parent":0,"menu_order":0,"comment_status":"closed","ping_status":"closed","template":"","meta":{"footnotes":""},"class_list":["post-17","page","type-page","status-publish","hentry"],"yoast_head":"<!-- This site is optimized with the Yoast SEO plugin v23.8 - https:\/\/yoast.com\/wordpress\/plugins\/seo\/ -->\n<title>Den\u00fancia Fura Fila e Irregularidades - Vacina\u00e7\u00e3o COVID-19<\/title>\n<meta name=\"robots\" content=\"index, follow, max-snippet:-1, max-image-preview:large, max-video-preview:-1\" \/>\n<link rel=\"canonical\" href=\"https:\/\/www.pmpf.rs.gov.br\/vacinacao-covid-19\/denuncia-fura-fila-e-irregularidades\/\" \/>\n<meta property=\"og:locale\" content=\"pt_BR\" \/>\n<meta property=\"og:type\" content=\"article\" \/>\n<meta property=\"og:title\" content=\"Den\u00fancia Fura Fila e Irregularidades - Vacina\u00e7\u00e3o COVID-19\" \/>\n<meta property=\"og:description\" content=\"Vacina\u00e7\u00e3o COVID-19 A den\u00fancia de fura filas e irregularidade no processo de vacina\u00e7\u00e3o do COVID-19 devem ser encaminhadas pra a ouvidoria municipal atrav\u00e9s dos canais: Telefone:&nbsp;0800 5417 100 E-mail: ouvidoria@pmpf.rs.gov.br Formul\u00e1rio Online:\u00a0Acesse [&hellip;]\" \/>\n<meta property=\"og:url\" content=\"https:\/\/www.pmpf.rs.gov.br\/vacinacao-covid-19\/denuncia-fura-fila-e-irregularidades\/\" \/>\n<meta property=\"og:site_name\" content=\"Vacina\u00e7\u00e3o COVID-19\" \/>\n<meta name=\"twitter:card\" content=\"summary_large_image\" \/>\n<meta name=\"twitter:label1\" content=\"Est. tempo de leitura\" \/>\n\t<meta name=\"twitter:data1\" content=\"1 minuto\" \/>\n<script type=\"application\/ld+json\" class=\"yoast-schema-graph\">{\"@context\":\"https:\/\/schema.org\",\"@graph\":[{\"@type\":\"WebPage\",\"@id\":\"https:\/\/www.pmpf.rs.gov.br\/vacinacao-covid-19\/denuncia-fura-fila-e-irregularidades\/\",\"url\":\"https:\/\/www.pmpf.rs.gov.br\/vacinacao-covid-19\/denuncia-fura-fila-e-irregularidades\/\",\"name\":\"Den\u00fancia Fura Fila e Irregularidades - Vacina\u00e7\u00e3o COVID-19\",\"isPartOf\":{\"@id\":\"https:\/\/www.pmpf.rs.gov.br\/vacinacao-covid-19\/#website\"},\"datePublished\":\"2021-12-28T19:41:01+00:00\",\"dateModified\":\"2021-12-28T19:41:01+00:00\",\"breadcrumb\":{\"@id\":\"https:\/\/www.pmpf.rs.gov.br\/vacinacao-covid-19\/denuncia-fura-fila-e-irregularidades\/#breadcrumb\"},\"inLanguage\":\"pt-BR\",\"potentialAction\":[{\"@type\":\"ReadAction\",\"target\":[\"https:\/\/www.pmpf.rs.gov.br\/vacinacao-covid-19\/denuncia-fura-fila-e-irregularidades\/\"]}]},{\"@type\":\"BreadcrumbList\",\"@id\":\"https:\/\/www.pmpf.rs.gov.br\/vacinacao-covid-19\/denuncia-fura-fila-e-irregularidades\/#breadcrumb\",\"itemListElement\":[{\"@type\":\"ListItem\",\"position\":1,\"name\":\"In\u00edcio\",\"item\":\"https:\/\/www.pmpf.rs.gov.br\/vacinacao-covid-19\/\"},{\"@type\":\"ListItem\",\"position\":2,\"name\":\"Den\u00fancia Fura Fila e Irregularidades\"}]},{\"@type\":\"WebSite\",\"@id\":\"https:\/\/www.pmpf.rs.gov.br\/vacinacao-covid-19\/#website\",\"url\":\"https:\/\/www.pmpf.rs.gov.br\/vacinacao-covid-19\/\",\"name\":\"Vacina\u00e7\u00e3o COVID-19\",\"description\":\"S\u00f3 mais um site Prefeitura de Passo Fundo\",\"potentialAction\":[{\"@type\":\"SearchAction\",\"target\":{\"@type\":\"EntryPoint\",\"urlTemplate\":\"https:\/\/www.pmpf.rs.gov.br\/vacinacao-covid-19\/?s={search_term_string}\"},\"query-input\":{\"@type\":\"PropertyValueSpecification\",\"valueRequired\":true,\"valueName\":\"search_term_string\"}}],\"inLanguage\":\"pt-BR\"}]}<\/script>\n<!-- \/ Yoast SEO plugin. -->","yoast_head_json":{"title":"Den\u00fancia Fura Fila e Irregularidades - Vacina\u00e7\u00e3o COVID-19","robots":{"index":"index","follow":"follow","max-snippet":"max-snippet:-1","max-image-preview":"max-image-preview:large","max-video-preview":"max-video-preview:-1"},"canonical":"https:\/\/www.pmpf.rs.gov.br\/vacinacao-covid-19\/denuncia-fura-fila-e-irregularidades\/","og_locale":"pt_BR","og_type":"article","og_title":"Den\u00fancia Fura Fila e Irregularidades - Vacina\u00e7\u00e3o COVID-19","og_description":"Vacina\u00e7\u00e3o COVID-19 A den\u00fancia de fura filas e irregularidade no processo de vacina\u00e7\u00e3o do COVID-19 devem ser encaminhadas pra a ouvidoria municipal atrav\u00e9s dos canais: Telefone:&nbsp;0800 5417 100 E-mail: ouvidoria@pmpf.rs.gov.br Formul\u00e1rio Online:\u00a0Acesse [&hellip;]","og_url":"https:\/\/www.pmpf.rs.gov.br\/vacinacao-covid-19\/denuncia-fura-fila-e-irregularidades\/","og_site_name":"Vacina\u00e7\u00e3o COVID-19","twitter_card":"summary_large_image","twitter_misc":{"Est. tempo de leitura":"1 minuto"},"schema":{"@context":"https:\/\/schema.org","@graph":[{"@type":"WebPage","@id":"https:\/\/www.pmpf.rs.gov.br\/vacinacao-covid-19\/denuncia-fura-fila-e-irregularidades\/","url":"https:\/\/www.pmpf.rs.gov.br\/vacinacao-covid-19\/denuncia-fura-fila-e-irregularidades\/","name":"Den\u00fancia Fura Fila e Irregularidades - Vacina\u00e7\u00e3o COVID-19","isPartOf":{"@id":"https:\/\/www.pmpf.rs.gov.br\/vacinacao-covid-19\/#website"},"datePublished":"2021-12-28T19:41:01+00:00","dateModified":"2021-12-28T19:41:01+00:00","breadcrumb":{"@id":"https:\/\/www.pmpf.rs.gov.br\/vacinacao-covid-19\/denuncia-fura-fila-e-irregularidades\/#breadcrumb"},"inLanguage":"pt-BR","potentialAction":[{"@type":"ReadAction","target":["https:\/\/www.pmpf.rs.gov.br\/vacinacao-covid-19\/denuncia-fura-fila-e-irregularidades\/"]}]},{"@type":"BreadcrumbList","@id":"https:\/\/www.pmpf.rs.gov.br\/vacinacao-covid-19\/denuncia-fura-fila-e-irregularidades\/#breadcrumb","itemListElement":[{"@type":"ListItem","position":1,"name":"In\u00edcio","item":"https:\/\/www.pmpf.rs.gov.br\/vacinacao-covid-19\/"},{"@type":"ListItem","position":2,"name":"Den\u00fancia Fura Fila e Irregularidades"}]},{"@type":"WebSite","@id":"https:\/\/www.pmpf.rs.gov.br\/vacinacao-covid-19\/#website","url":"https:\/\/www.pmpf.rs.gov.br\/vacinacao-covid-19\/","name":"Vacina\u00e7\u00e3o COVID-19","description":"S\u00f3 mais um site Prefeitura de Passo Fundo","potentialAction":[{"@type":"SearchAction","target":{"@type":"EntryPoint","urlTemplate":"https:\/\/www.pmpf.rs.gov.br\/vacinacao-covid-19\/?s={search_term_string}"},"query-input":{"@type":"PropertyValueSpecification","valueRequired":true,"valueName":"search_term_string"}}],"inLanguage":"pt-BR"}]}},"_links":{"self":[{"href":"https:\/\/www.pmpf.rs.gov.br\/vacinacao-covid-19\/wp-json\/wp\/v2\/pages\/17"}],"collection":[{"href":"https:\/\/www.pmpf.rs.gov.br\/vacinacao-covid-19\/wp-json\/wp\/v2\/pages"}],"about":[{"href":"https:\/\/www.pmpf.rs.gov.br\/vacinacao-covid-19\/wp-json\/wp\/v2\/types\/page"}],"author":[{"embeddable":true,"href":"https:\/\/www.pmpf.rs.gov.br\/vacinacao-covid-19\/wp-json\/wp\/v2\/users\/1"}],"replies":[{"embeddable":true,"href":"https:\/\/www.pmpf.rs.gov.br\/vacinacao-covid-19\/wp-json\/wp\/v2\/comments?post=17"}],"version-history":[{"count":2,"href":"https:\/\/www.pmpf.rs.gov.br\/vacinacao-covid-19\/wp-json\/wp\/v2\/pages\/17\/revisions"}],"predecessor-version":[{"id":19,"href":"https:\/\/www.pmpf.rs.gov.br\/vacinacao-covid-19\/wp-json\/wp\/v2\/pages\/17\/revisions\/19"}],"wp:attachment":[{"href":"https:\/\/www.pmpf.rs.gov.br\/vacinacao-covid-19\/wp-json\/wp\/v2\/media?parent=17"}],"curies":[{"name":"wp","href":"https:\/\/api.w.org\/{rel}","templated":true}]}}