{"id":700,"date":"2026-05-06T16:00:58","date_gmt":"2026-05-06T19:00:58","guid":{"rendered":"https:\/\/www.pmpf.rs.gov.br\/turismo\/?page_id=700"},"modified":"2026-05-08T17:33:26","modified_gmt":"2026-05-08T20:33:26","slug":"hoteis","status":"publish","type":"page","link":"https:\/\/www.pmpf.rs.gov.br\/turismo\/hoteis\/","title":{"rendered":"Onde se Hospedar em Passo Fundo?"},"content":{"rendered":"\n<style>\n.hoteis-grid {\n  display: grid;\n  grid-template-columns: repeat(auto-fit, minmax(250px, 1fr));\n  gap: 20px;\n}\n\n.hotel-card {\n  background: #fff;\n  border-radius: 12px;\n  overflow: hidden;\n  box-shadow: 0 4px 12px rgba(0,0,0,0.1);\n  transition: 0.3s;\n}\n\n.hotel-card:hover {\n  transform: translateY(-5px);\n}\n\n.hotel-card img {\n  width: 100%;\n  height: 160px;\n  object-fit: cover;\n}\n\n.hotel-card h3 {\n  font-size: 18px;\n  margin: 10px;\n}\n\n.hotel-card p {\n  margin: 0 10px 10px;\n  font-size: 14px;\n}\n\n.hotel-card a {\n  display: block;\n  margin: 10px;\n  padding: 10px;\n  background: #0073aa;\n  color: white;\n  text-align: center;\n  border-radius: 6px;\n  text-decoration: none;\n}\n\n.hotel-card a href:hover {\n  background: #005177;\n}\n\n.email-link a {\n  background: none !important;\n  border: none !important;\n  padding: 0 !important;\n  margin: 0 !important;\n  color: #0066cc !important;\n  text-decoration: underline !important;\n  display: inline !important;\n  border-radius: 0 !important;\n  box-shadow: none !important;\n  font-weight: normal !important;\n}\n\n<\/style>\n\n\n\n<hr class=\"wp-block-separator has-alpha-channel-opacity\"\/>\n\n\n\n<h2 class=\"wp-block-heading has-black-color has-text-color has-link-color wp-elements-85f1f91eea81626331211030a4a8c397\">Hot\u00e9is<\/h2>\n\n\n\n<div class=\"hoteis-grid\">\n\n  <div class=\"hotel-card\">\n    <h3>Ibis Hotel<\/h3>\n\n    <p>Av. Brasil, 610, Centro<\/p>\n    <p>(54) 2104-4488<\/p>\n    <p class=\"email-link\">\n    <a href=\"mailto:7131-re@accor.com.br\"> 7131-re@accor.com.br<\/a>\n    <\/p>  \n\n    <a href=\"http:\/\/www.ibishotel.com\" target=\"_blank\" rel=\"noopener\">Ver site<\/a>\n  <\/div>\n\n  <div class=\"hotel-card\">\n   \n    <h3>Itatiaia Premium Hotel<\/h3>\n    <p>Rua Capit\u00e3o Eleut\u00e9rio, 168, Centro<\/p>\n    <p>54)3316-4422<\/p>\n    <p class=\"email-link\">\n      <a href=\"mailto:itatiaia@itatiaiapremium.com.br\">itatiaia@itatiaiapremium.com.br<\/a>\n    <\/p>\n    <a href=\"http:\/\/www.itatiaiapremium.com.br\" target=\"_blank\" rel=\"noopener\">Ver site<\/a>\n  <\/div>\n\n  <div class=\"hotel-card\">\n   \n    <h3>Mait\u00e1 Palace Hotel<\/h3>\n    <p>Av. Brasil Leste, 400, Petr\u00f3polis<\/p>\n    <p>(54) 3045-3888<\/p>\n    <p class=\"email-link\">\n       <a href=\"mailto:maita@maitapalacehotel.com.br\">maita@maitapalacehotel.com.br<\/a>\n    <\/p>\n    <a href=\"http:\/\/www.maitapalacehotel.com.br\" target=\"_blank\" rel=\"noopener\">Ver site<\/a>\n  <\/div>\n\n  <div class=\"hotel-card\">\n   \n    <h3>Prix Hotel<\/h3>\n    <p>Rua Lava P\u00e9s, 3600, Boqueir\u00e3o<\/p>\n    <p>(54) 3335-8400<\/p>\n\n    <p class=\"email-link\">\n       <a href=\"mailto:contato@prixhotel.com.br\">contato@prixhotel.com.br<\/a>\n    <\/p>\n    <a href=\"http:\/\/www.prixhotel.com.br\" target=\"_blank\" rel=\"noopener\">Ver site<\/a>\n  <\/div>\n\n<div class=\"hotel-card\">\n   \n    <h3>San Silvestre Palace Hotel<\/h3>\n    <p>Rua Coronel Chicuta, 371, Centro<\/p>\n    <p>(54) 3316-3000<\/p>\n    <p class=\"email-link\">\n       <a href=\"mailto:hotel@sansilvestre.com.br\">hotel@sansilvestre.com.br<\/a>\n    <\/p>\n    <a href=\"http:\/\/www.sansilvestre.com.br\" target=\"_blank\" rel=\"noopener\">Ver site<\/a>\n  <\/div>\n\n<div class=\"hotel-card\">\n   \n    <h3>Villa Vergueiro Hotel<\/h3>\n    <p>Rua Lava P\u00e9s, 1000 &#8211; Centro<\/p>\n    <p>(54) 3045-1000<\/p>\n    <p class=\"email-link\">\n       <a href=\"mailto:eventos@villavergueirohotel.com.br\">eventos@villavergueirohotel.com.br<\/a>\n    <\/p>\n    <a href=\"http:\/\/www.villavergueirohotel.com.br\">Ver site<\/a>\n  <\/div>\n\n<div class=\"hotel-card\">\n   \n    <h3>Aguadero Hotel<\/h3>\n    <p>Rua Eduardo de Brito esquina Rua 10 de Abril<\/p>\n    <p>(54) 3045-1444<\/p>\n    <p class=\"email-link\">\n      <a href=\"mailto:hotelaguadero@hotelaguadero.com.br\">hotelaguadero@hotelaguadero.com.br<\/a><\/p>\n    <a href=\"http:\/\/www.hotelaguadero.com.br\">Ver site<\/a>\n  <\/div>\n\n<div class=\"hotel-card\">\n   \n    <h3>Traveling Hotel<\/h3>\n    <p>Rua Dom Pedro II, 1455 &#8211; Petr\u00f3polis<\/p>\n    <p>(54) 3632-2000<\/p>\n    <p class=\"email-link\">\n      <a href=\"mailto:contato@hoteltraveling.com.br\">contato@hoteltraveling.com.br<\/a><\/p>\n   \n  <\/div>\n\n<div class=\"hotel-card\">\n   \n    <h3>Germanias Blumen Hotel<\/h3>\n    <p>Rua Ant\u00f4nio Ara\u00fajo, 233\u00a0<\/p>\n    <p>(54) 3311-3477<\/p>\n    <p class=\"email-link\">\n      <a href=\"mailto:germanias@germaniashotel.com.br\">germanias@germaniashotel.com.br<\/a>\n    <\/p>\n    <a href=\"http:\/\/www.germaniashotel.com.br\">Ver site<\/a>\n  <\/div>\n\n<div class=\"hotel-card\">\n   \n    <h3>Pousada Mata Nativa<\/h3>\n    <p>Rua Tramanda\u00ed, 86 , Petr\u00f3polis<\/p>\n    <p>(54) 3311-1255<\/p>\n    <p class=\"email-link\">\n      <a href=\"mailto:matanativa86@brturbo.com.br\">matanativa86@brturbo.com.br<\/a><\/p>\n    <a href=\"http:\/\/www.hotelmatanativa.com.br\">Ver site<\/a>\n  <\/div>\n\n<div class=\"hotel-card\">\n   \n    <h3>Rio Hotel<\/h3>\n    <p>Rua Silva Jardim, 567<\/p>\n    <p>(54) 3311-7722<\/p>\n    <p class=\"email-link\">\n      <a href=\"mailto:riohotel@brturbo.com.br\">riohotel@brturbo.com.br<\/a><\/p>\n    <a href=\"http:\/\/www.riohotel.tur.br\">Ver site<\/a>\n  <\/div>\n\n<div class=\"hotel-card\">\n   \n    <h3>Turis Hotel<\/h3>\n    <p>Rua Bento Gon\u00e7alves, 349 , Centro<\/p>\n    <p>(54) 3311-2011<\/p>\n    <p class=\"email-link\">\n      <a href=\"mailto:turis.h@terra.com.br\">turis.h@terra.com.br<\/a><\/p>\n    <a href=\"http:\/\/www.turishotelpassofundo.com.br\">Ver site<\/a>\n  <\/div>\n\n<div class=\"hotel-card\">\n   \n    <h3>City Hotel<\/h3>\n    <p>Av. Presidente Vargas, 419<\/p>\n    <p>(54) 3046-1070 <\/p>\n    <p class=\"email-link\">\n      <a href=\"mailto:cityhotel@terra.com.br\">cityhotel@terra.com.br<\/a><\/p>\n    <a href=\"http:\/\/www.cityhotelpf.com.br\">Ver site<\/a>\n  <\/div>\n\n<div class=\"hotel-card\">\n   \n    <h3>ID Hotel<\/h3>\n    <p>Rua Graciosa Preto, 115 , Vila Popular\n    <\/p>\n    <p>(54) 3313-2034<\/p>\n    <p>&nbsp;<\/p>\n    <a href=\"https:\/\/www.idhotel.com.br\">Ver site<\/a>\n  <\/div>\n\n<div class=\"hotel-card\">\n   \n    <h3>Hotel Planaltur<\/h3>\n    <p>Rua Diogo de Oliveira, 415<\/p>\n    <p>(54) 3314-1183<\/p>\n    <p class=\"email-link\">\n      <a href=\"mailto:plahotel@terra.com.br\">plahotel@terra.com.br<\/a>\n    <\/p>\n    \n  <\/div>\n\n<div class=\"hotel-card\">\n   \n    <h3>Hotel D&#8217;Ville<\/h3>\n    <p>Av. Brasil Oeste, 3530<\/p>\n    <p>(54) 3314-2418<\/p>\n    <p class=\"email-link\">\n      <a href=\"mailto:churrascariaveneza@hotmail.com\"><\/a><\/p>\n    \n  <\/div>\n\n<div class=\"hotel-card\">\n   \n    <h3>Hotel Serrador<\/h3>\n    <p>Rua Teixeira Soares, 962 , Centro<\/p>\n    <p>(54) 3311-6744<\/p>\n    <p class=\"email-link\">\n      <a href=\"mailto:serrador@brturbo.com.br\">serrador@brturbo.com.br<\/a>\n    <\/p>\n  <\/div>\n\n<div class=\"hotel-card\">\n   \n    <h3>Hotel S\u00e3o Vicente<\/h3>\n    <p>Rua Teixeira Soares, 962 , Centro<\/p>\n    <p>(54) 3311-3155<\/p>\n    <p class=\"email-link\">\n      <a href=\"mailto:atendimento@hotelsaovicente.com\">atendimento@hotelsaovicente.com<\/a>\n    <\/p>\n    <a href=\"http:\/\/hotelsaovicente.com\">Ver site<\/a>\n  <\/div>\n\n<div class=\"hotel-card\">\n   \n    <h3>Da Vinci Hotel<\/h3>\n    <p>Rua Moron, 1324 , Centro<\/p>\n    <p>(54) 2103-6100<\/p>\n    <p class=\"email-link\">\n      <a href=\"mailto:davincihotel@razaoinfo.com.br\">davincihotel@razaoinfo.com.br<\/a>\n    <\/p>\n    <a href=\"http:\/\/www.ht-davinci.com.br\">Ver site<\/a>\n  <\/div>\n\n<div class=\"hotel-card\">\n   \n    <h3>Casa Santa Cruz Pousada<\/h3>\n    <p>Rua Jo\u00e3o Biazus, 510 , Vila Luiza<\/p>\n    <p>(54) 3312-1502<\/p>\n    <p>&nbsp;<\/p>\n    <a href=\"http:\/\/instagram.com\/casasantacruznd\">Ver site<\/a>\n  <\/div>\n\n<div class=\"hotel-card\">\n   \n    <h3>Hotel dos Viajantes<\/h3>\n    <p>Rua \u00c2ngelo Preto, 139<\/p>\n    <p>(54) 3313-3317<\/p>\n    <p class=\"email-link\">\n      <a href=\"mailto:hoteldosviajantes@yahoo.com.br\">hoteldosviajantes@yahoo.com.br<\/a>\n    <\/p>\n    \n  <\/div>\n\n<div class=\"hotel-card\">\n   \n    <h3>Hotel Barbon<\/h3>\n    <p>Rua \u00c2ngelo Preto, 189<\/p>\n    <p><\/p>\n    <p>(54) 3327-0003<\/p>\n  \n  <\/div>\n\n<div class=\"hotel-card\">\n   \n    <h3>Hotel Por do Sol<\/h3>\n    <p>Rua \u00c2ngelo Preto, 213<\/p>\n    <p>(54) 3311-4288<\/p>\n    <p class=\"email-link\">\n      <a href=\"mailto:hotel_pordosol@brturbo.com.br\">hotel_pordosol@brturbo.com.br<\/a>\n    <\/p>\n  \n  <\/div>\n\n<div class=\"hotel-card\">\n   \n    <h3>Hotel Migliorini(Em Reforma)<\/h3>\n    <p>Av. Presidente Vargas, 5899<\/p>\n    <p>(54) 3311-7194<\/p>\n    <p><\/p>\n  <\/div>\n\n<div class=\"hotel-card\">\n   \n    <h3>Pousada Quer\u00eancia<\/h3>\n    <p>Av. Brasil Leste, 1088<\/p>\n    <p>(54) 3311-5425<\/p>\n    <p> <\/p>\n  <\/div>\n\n<div class=\"hotel-card\">\n   \n    <h3>Bento Hotel<\/h3>\n    <p>Rua Bento Gon\u00e7alves, 219 B , Centro<\/p>\n    <p>(54) 3314-8746<\/p>\n    <p><\/p>\n    \n  <\/div>\n\n<div class=\"hotel-card\">\n   \n    <h3>Hotel Veneza Scorsatto<\/h3>\n    <p>RS 153 , Jer\u00f4nimo Coelho<\/p>\n    <p>(54) 3314-2390<\/p>\n    <p><\/P>\n    <a href=\"https:\/\/www.instagram.com\/hotel_veneza_scorsatto\">Ver site<\/a>\n   \n  <\/div>\n\n<div class=\"hotel-card\">\n   \n    <h3>Pousada 355<\/h3>\n    <p>Rua Olavo Bilac, 355 , Petr\u00f3polis<\/p>\n    <p><\/p>\n    <p>(54) 3622-3455<\/p>\n    \n  <\/div>\n\n<div class=\"hotel-card\">\n   \n    <h3>Hostel e Posada Tiradentes<\/h3>\n    <p>Rua Uruguai, 774 , Centro<\/p>\n    <p>(54) 3632-7879<\/p>\n    <p><\/p>\n    <a href=\"https:\/\/www.instagram.com\/hosteltiradentespf\">Ver site<\/a>\n   \n  <\/div>\n\n<div class=\"hotel-card\">\n   \n    <h3>Pousada S\u00e3o Pedro<\/h3>\n    <p>Rua Teixeira Soares, 25 , Centro<\/p>\n    <p>(54) 99676-5527<\/p>\n    <p><\/p>    \n  <\/div>\n\n<div class=\"hotel-card\">\n   \n    <h3>Pousada Aconchego<\/h3>\n    <p>Rua Lava P\u00e9s, 2151 , Boqueir\u00e3o<\/p>\n    <p>(54) 3312-1421<\/p>\n    <p class=\"email-link\">\n      <a href=\"mailto:aconchegopousada@outlook.com\">aconchegopousada@outlook.com<\/a>\n    <\/p>\n  <\/div>\n\n<\/div>\n\n\n\n<div style=\"height:10px\" aria-hidden=\"true\" class=\"wp-block-spacer\"><\/div>\n\n\n\n<hr class=\"wp-block-separator has-alpha-channel-opacity\"\/>\n\n\n\n<h2 class=\"wp-block-heading has-black-color has-text-color has-link-color wp-elements-ca47ea73c16bc5fb0e7f88d83c9c7b35\">Mot\u00e9is<\/h2>\n\n\n\n<div class=\"hoteis-grid\">\n\n  <div class=\"hotel-card\">\n    <h3>Motel Golden<\/h3>\n    <p>Rua Saldanha Marinho, 789 , Centro<\/p>\n    <p>(54) 3311-6737<\/p>\n    <p>&nbsp;<\/p>    \n    <a href=\"https:\/\/www.goldenmotel.com.br\" target=\"_blank\" rel=\"noopener\">Ver site<\/a>\n  <\/div>\n\n<div class=\"hotel-card\">\n   \n    <h3>Motel Anonimus<\/h3>\n    <p>Rua Humberto de Campos, 2525 , Petr\u00f3polis<\/p>\n    <p>(54) 3313-5215<\/p>\n   \n    <a href=\"https:\/\/www.instagram.com\/extasemotelpf\" target=\"_blank\" rel=\"noopener\">Ver site<\/a>\n  <\/div>\n\n  <div class=\"hotel-card\">\n   \n    <h3>Extase Motel<\/h3>\n    <p>RS-153, 1885 , Vila Nossa Senhora Aparecida<\/p>\n    <p>(54) 3315-5114<\/p>\n    \n    <a href=\"https:\/\/www.instagram.com\/extasemotelpf\" target=\"_blank\" rel=\"noopener\">Ver site<\/a>\n  <\/div>\n\n  <div class=\"hotel-card\">\n   \n    <h3>Sigilus Motel<\/h3>\n    <p>Rua Qu\u00ednzio Bertoldi, 800 &#8211; Dom Rodolfo (Perimetral Sul)<\/p>\n    <p>(54) 3312-8466<\/p>\n \n    <a href=\"https:\/\/www.sigilusmotel.com.br\" target=\"_blank\" rel=\"noopener\">Ver site<\/a>\n  <\/div>\n\n<div class=\"hotel-card\">\n   \n    <h3>Helus Motel<\/h3>\n    <p>Rua Graciosa Pretto, 115 , Vila Popular<\/p>\n    <p>(54) 3601-2538<\/p>\n      <p>&nbsp;<\/p>  \n    <a href=\"https:\/\/www.helusmotel.com.br\" target=\"_blank\" rel=\"noopener\">Ver site<\/a>\n  <\/div>\n\n<div class=\"hotel-card\">\n   \n    <h3>Motel Pousada do Angico<\/h3>\n    <p>Rua Afonso Pena, 253 , Petr\u00f3polis II<\/p>\n    <p> <\/p>\n    <p>(54) 3581-0326<\/p>\n     <p>&nbsp;<\/p>\n    <a href=\"https:\/\/www.instagram.com\/angicomotel\/\">Ver site<\/a>\n  <\/div>\n\n<div class=\"hotel-card\">\n   \n    <h3>Motel Sereia<\/h3>\n    <p>Rua Carolina dos Santos, 360 , Vila Mattos<\/p>\n    <p>(54) 3315-1634<\/p>\n  \n    <a href=\"https:\/\/www.instagram.com\/sereiamotel_\/\">Ver site<\/a>\n  <\/div>\n\n<div class=\"hotel-card\">\n   \n    <h3>Castelo Motel<\/h3>\n    <p>BR-285, 169 , S\u00e3o Jos\u00e9<\/p>\n    <p>(54) 3312-6966<\/p>\n    <p>&nbsp;<\/p>\n    <a href=\"https:\/\/www.instagram.com\/castelomotel\">Ver site<\/a>\n   \n  <\/div>\n\n<div class=\"hotel-card\">\n    <h3>Cassino Motel<\/h3>\n    <p>RS-324, Km 3 &#8211; Parque do Sol , Sa\u00edda para Carazinho<\/p>\n    <p>(54) 3314-1575<\/p>\n    <a href=\"https:\/\/cassinomotel.com.br\/\">Ver site<\/a>\n  <\/div>\n\n<div class=\"hotel-card\">\n   \n    <h3>Motel Paradiso<\/h3>\n    <p>Rua Cel Pedro Lopes Oliveira, 152 , Boqueir\u00e3o<\/p>\n    <p>(54) 3314-1222<\/p>\n   \n    <a href=\"https:\/\/moteisparadiso.com.br\/\">Ver site<\/a>\n  <\/div>\n\n<div class=\"hotel-card\">\n    <h3>Hotel Por do sol<\/h3>\n    <p>Rua \u00c2ngelo Pretto, 213, Centro<\/p>\n    <p>(54) 3311-4288<\/p>\n     <p>&nbsp;<\/p> \n    <a href=\"https:\/\/lemeshotel.com.br\/\">Ver site<\/a>\n  <\/div>\n\n<\/div>\n\n\n\n<hr class=\"wp-block-separator has-alpha-channel-opacity\"\/>\n\n\n\n<p>Se voc\u00ea identificar algum erro ou informa\u00e7\u00e3o incorreta da rede hoteleira, entre em contato pelo e-mail turismo@pmpf.rs.gov.br, enviando sua observa\u00e7\u00e3o para que possamos proceder com a revis\u00e3o.<\/p>\n\n\n\n<hr class=\"wp-block-separator has-alpha-channel-opacity\"\/>\n","protected":false},"excerpt":{"rendered":"<p>Hot\u00e9is Ibis Hotel Av. Brasil, 610, Centro (54) 2104-4488 7131-re@accor.com.br Ver site Itatiaia Premium Hotel Rua Capit\u00e3o Eleut\u00e9rio, 168, Centro 54)3316-4422 itatiaia@itatiaiapremium.com.br Ver site Mait\u00e1 Palace Hotel Av. Brasil Leste, 400, Petr\u00f3polis [&hellip;]<\/p>\n","protected":false},"author":4,"featured_media":0,"parent":0,"menu_order":0,"comment_status":"closed","ping_status":"closed","template":"","meta":{"footnotes":""},"class_list":["post-700","page","type-page","status-publish","hentry"],"yoast_head":"<!-- This site is optimized with the Yoast SEO plugin v23.8 - https:\/\/yoast.com\/wordpress\/plugins\/seo\/ -->\n<title>Onde se Hospedar em Passo Fundo? - Turismo<\/title>\n<meta name=\"robots\" content=\"index, follow, max-snippet:-1, max-image-preview:large, max-video-preview:-1\" \/>\n<link rel=\"canonical\" href=\"https:\/\/www.pmpf.rs.gov.br\/turismo\/hoteis\/\" \/>\n<meta property=\"og:locale\" content=\"pt_BR\" \/>\n<meta property=\"og:type\" content=\"article\" \/>\n<meta property=\"og:title\" content=\"Onde se Hospedar em Passo Fundo? - Turismo\" \/>\n<meta property=\"og:description\" content=\"Hot\u00e9is Ibis Hotel Av. Brasil, 610, Centro (54) 2104-4488 7131-re@accor.com.br Ver site Itatiaia Premium Hotel Rua Capit\u00e3o Eleut\u00e9rio, 168, Centro 54)3316-4422 itatiaia@itatiaiapremium.com.br Ver site Mait\u00e1 Palace Hotel Av. Brasil Leste, 400, Petr\u00f3polis [&hellip;]\" \/>\n<meta property=\"og:url\" content=\"https:\/\/www.pmpf.rs.gov.br\/turismo\/hoteis\/\" \/>\n<meta property=\"og:site_name\" content=\"Turismo\" \/>\n<meta property=\"article:modified_time\" content=\"2026-05-08T20:33:26+00:00\" \/>\n<meta name=\"twitter:card\" content=\"summary_large_image\" \/>\n<meta name=\"twitter:label1\" content=\"Est. tempo de leitura\" \/>\n\t<meta name=\"twitter:data1\" content=\"3 minutos\" \/>\n<script type=\"application\/ld+json\" class=\"yoast-schema-graph\">{\"@context\":\"https:\/\/schema.org\",\"@graph\":[{\"@type\":\"WebPage\",\"@id\":\"https:\/\/www.pmpf.rs.gov.br\/turismo\/hoteis\/\",\"url\":\"https:\/\/www.pmpf.rs.gov.br\/turismo\/hoteis\/\",\"name\":\"Onde se Hospedar em Passo Fundo? - Turismo\",\"isPartOf\":{\"@id\":\"https:\/\/www.pmpf.rs.gov.br\/turismo\/#website\"},\"datePublished\":\"2026-05-06T19:00:58+00:00\",\"dateModified\":\"2026-05-08T20:33:26+00:00\",\"breadcrumb\":{\"@id\":\"https:\/\/www.pmpf.rs.gov.br\/turismo\/hoteis\/#breadcrumb\"},\"inLanguage\":\"pt-BR\",\"potentialAction\":[{\"@type\":\"ReadAction\",\"target\":[\"https:\/\/www.pmpf.rs.gov.br\/turismo\/hoteis\/\"]}]},{\"@type\":\"BreadcrumbList\",\"@id\":\"https:\/\/www.pmpf.rs.gov.br\/turismo\/hoteis\/#breadcrumb\",\"itemListElement\":[{\"@type\":\"ListItem\",\"position\":1,\"name\":\"In\u00edcio\",\"item\":\"https:\/\/www.pmpf.rs.gov.br\/turismo\/\"},{\"@type\":\"ListItem\",\"position\":2,\"name\":\"Onde se Hospedar em Passo Fundo?\"}]},{\"@type\":\"WebSite\",\"@id\":\"https:\/\/www.pmpf.rs.gov.br\/turismo\/#website\",\"url\":\"https:\/\/www.pmpf.rs.gov.br\/turismo\/\",\"name\":\"Turismo\",\"description\":\"Descubra Passo Fundo\",\"potentialAction\":[{\"@type\":\"SearchAction\",\"target\":{\"@type\":\"EntryPoint\",\"urlTemplate\":\"https:\/\/www.pmpf.rs.gov.br\/turismo\/?s={search_term_string}\"},\"query-input\":{\"@type\":\"PropertyValueSpecification\",\"valueRequired\":true,\"valueName\":\"search_term_string\"}}],\"inLanguage\":\"pt-BR\"}]}<\/script>\n<!-- \/ Yoast SEO plugin. -->","yoast_head_json":{"title":"Onde se Hospedar em Passo Fundo? - Turismo","robots":{"index":"index","follow":"follow","max-snippet":"max-snippet:-1","max-image-preview":"max-image-preview:large","max-video-preview":"max-video-preview:-1"},"canonical":"https:\/\/www.pmpf.rs.gov.br\/turismo\/hoteis\/","og_locale":"pt_BR","og_type":"article","og_title":"Onde se Hospedar em Passo Fundo? - Turismo","og_description":"Hot\u00e9is Ibis Hotel Av. Brasil, 610, Centro (54) 2104-4488 7131-re@accor.com.br Ver site Itatiaia Premium Hotel Rua Capit\u00e3o Eleut\u00e9rio, 168, Centro 54)3316-4422 itatiaia@itatiaiapremium.com.br Ver site Mait\u00e1 Palace Hotel Av. Brasil Leste, 400, Petr\u00f3polis [&hellip;]","og_url":"https:\/\/www.pmpf.rs.gov.br\/turismo\/hoteis\/","og_site_name":"Turismo","article_modified_time":"2026-05-08T20:33:26+00:00","twitter_card":"summary_large_image","twitter_misc":{"Est. tempo de leitura":"3 minutos"},"schema":{"@context":"https:\/\/schema.org","@graph":[{"@type":"WebPage","@id":"https:\/\/www.pmpf.rs.gov.br\/turismo\/hoteis\/","url":"https:\/\/www.pmpf.rs.gov.br\/turismo\/hoteis\/","name":"Onde se Hospedar em Passo Fundo? - Turismo","isPartOf":{"@id":"https:\/\/www.pmpf.rs.gov.br\/turismo\/#website"},"datePublished":"2026-05-06T19:00:58+00:00","dateModified":"2026-05-08T20:33:26+00:00","breadcrumb":{"@id":"https:\/\/www.pmpf.rs.gov.br\/turismo\/hoteis\/#breadcrumb"},"inLanguage":"pt-BR","potentialAction":[{"@type":"ReadAction","target":["https:\/\/www.pmpf.rs.gov.br\/turismo\/hoteis\/"]}]},{"@type":"BreadcrumbList","@id":"https:\/\/www.pmpf.rs.gov.br\/turismo\/hoteis\/#breadcrumb","itemListElement":[{"@type":"ListItem","position":1,"name":"In\u00edcio","item":"https:\/\/www.pmpf.rs.gov.br\/turismo\/"},{"@type":"ListItem","position":2,"name":"Onde se Hospedar em Passo Fundo?"}]},{"@type":"WebSite","@id":"https:\/\/www.pmpf.rs.gov.br\/turismo\/#website","url":"https:\/\/www.pmpf.rs.gov.br\/turismo\/","name":"Turismo","description":"Descubra Passo Fundo","potentialAction":[{"@type":"SearchAction","target":{"@type":"EntryPoint","urlTemplate":"https:\/\/www.pmpf.rs.gov.br\/turismo\/?s={search_term_string}"},"query-input":{"@type":"PropertyValueSpecification","valueRequired":true,"valueName":"search_term_string"}}],"inLanguage":"pt-BR"}]}},"_links":{"self":[{"href":"https:\/\/www.pmpf.rs.gov.br\/turismo\/wp-json\/wp\/v2\/pages\/700"}],"collection":[{"href":"https:\/\/www.pmpf.rs.gov.br\/turismo\/wp-json\/wp\/v2\/pages"}],"about":[{"href":"https:\/\/www.pmpf.rs.gov.br\/turismo\/wp-json\/wp\/v2\/types\/page"}],"author":[{"embeddable":true,"href":"https:\/\/www.pmpf.rs.gov.br\/turismo\/wp-json\/wp\/v2\/users\/4"}],"replies":[{"embeddable":true,"href":"https:\/\/www.pmpf.rs.gov.br\/turismo\/wp-json\/wp\/v2\/comments?post=700"}],"version-history":[{"count":56,"href":"https:\/\/www.pmpf.rs.gov.br\/turismo\/wp-json\/wp\/v2\/pages\/700\/revisions"}],"predecessor-version":[{"id":789,"href":"https:\/\/www.pmpf.rs.gov.br\/turismo\/wp-json\/wp\/v2\/pages\/700\/revisions\/789"}],"wp:attachment":[{"href":"https:\/\/www.pmpf.rs.gov.br\/turismo\/wp-json\/wp\/v2\/media?parent=700"}],"curies":[{"name":"wp","href":"https:\/\/api.w.org\/{rel}","templated":true}]}}