{"id":675,"date":"2026-05-06T11:06:18","date_gmt":"2026-05-06T14:06:18","guid":{"rendered":"https:\/\/www.pmpf.rs.gov.br\/turismo\/?page_id=675"},"modified":"2026-05-06T15:30:48","modified_gmt":"2026-05-06T18:30:48","slug":"forumturismopf","status":"publish","type":"page","link":"https:\/\/www.pmpf.rs.gov.br\/turismo\/forumturismopf\/","title":{"rendered":"\ud83d\udce2 II F\u00f3rum Regional do Turismo de Passo Fundo"},"content":{"rendered":"\n<p>A Prefeitura de Passo Fundo, em parceria com o Sebrae, convida para um dia de conte\u00fado, troca de experi\u00eancias e constru\u00e7\u00e3o pr\u00e1tica no turismo regional.<\/p>\n\n\n\n<p>\ud83d\udcc5 19 de maio (ter\u00e7a-feira)<br>\u23f0 Das 08h \u00e0s 17h<br>Inscri\u00e7\u00e3o pelo link: <a href=\"http:\/\/bit.ly\/iiforumregionalpf\">bit.ly\/iiforumregionalpf<\/a><\/p>\n\n\n\n<p>\ud83c\udfaf Tema: Inova\u00e7\u00e3o e Criatividade no Turismo<\/p>\n\n\n\n<p>\u27a1\ufe0f Pela manh\u00e3, palestras e cases de sucesso com foco em gest\u00e3o, tend\u00eancias e boas pr\u00e1ticas no turismo municipal.<\/p>\n\n\n\n<p>\u27a1\ufe0f \u00c0 tarde, atividades voltadas \u00e0 integra\u00e7\u00e3o regional e aplica\u00e7\u00e3o pr\u00e1tica, com destaque para o Laborat\u00f3rio de Solu\u00e7\u00f5es para Destinos Tur\u00edsticos.<\/p>\n\n\n\n<p>\u26a0\ufe0f Vagas limitadas para a oficina:<br>Inscri\u00e7\u00f5es pelo link: bit.ly\/oficinadestinospf<\/p>\n\n\n\n<ul class=\"wp-block-list\">\n<li>15 vagas<\/li>\n\n\n\n<li>At\u00e9 2 representantes por munic\u00edpio<\/li>\n\n\n\n<li>Participa\u00e7\u00e3o mediante inscri\u00e7\u00e3o<\/li>\n<\/ul>\n\n\n\n<div style=\"height:10px\" aria-hidden=\"true\" class=\"wp-block-spacer\"><\/div>\n\n\n\n<h4 class=\"wp-block-heading has-text-align-center\">\ud83d\udc49 Um encontro pensado para ampliar a vis\u00e3o e transformar ideias em a\u00e7\u00f5es concretas no turismo.<\/h4>\n\n\n\n<h4 class=\"wp-block-heading has-text-align-center\">Contamos com a participa\u00e7\u00e3o do seu munic\u00edpio!<\/h4>\n\n\n\n<figure class=\"wp-block-gallery has-nested-images columns-default is-cropped wp-block-gallery-1 is-layout-flex wp-block-gallery-is-layout-flex\">\n<figure class=\"wp-block-image size-large\"><img loading=\"lazy\" decoding=\"async\" width=\"819\" height=\"1024\" data-id=\"693\" src=\"https:\/\/www.pmpf.rs.gov.br\/turismo\/wp-content\/uploads\/sites\/51\/2026\/05\/forum-turismo-inscricao1-2-819x1024.jpg\" alt=\"\" class=\"wp-image-693\" srcset=\"https:\/\/www.pmpf.rs.gov.br\/turismo\/wp-content\/uploads\/sites\/51\/2026\/05\/forum-turismo-inscricao1-2-819x1024.jpg 819w, https:\/\/www.pmpf.rs.gov.br\/turismo\/wp-content\/uploads\/sites\/51\/2026\/05\/forum-turismo-inscricao1-2-240x300.jpg 240w, https:\/\/www.pmpf.rs.gov.br\/turismo\/wp-content\/uploads\/sites\/51\/2026\/05\/forum-turismo-inscricao1-2-768x960.jpg 768w, https:\/\/www.pmpf.rs.gov.br\/turismo\/wp-content\/uploads\/sites\/51\/2026\/05\/forum-turismo-inscricao1-2.jpg 1080w\" sizes=\"(max-width: 819px) 100vw, 819px\" \/><\/figure>\n\n\n\n<figure class=\"wp-block-image size-large\"><img loading=\"lazy\" decoding=\"async\" width=\"819\" height=\"1024\" data-id=\"692\" src=\"https:\/\/www.pmpf.rs.gov.br\/turismo\/wp-content\/uploads\/sites\/51\/2026\/05\/forum-turismo-programacao1-819x1024.jpg\" alt=\"\" class=\"wp-image-692\" srcset=\"https:\/\/www.pmpf.rs.gov.br\/turismo\/wp-content\/uploads\/sites\/51\/2026\/05\/forum-turismo-programacao1-819x1024.jpg 819w, https:\/\/www.pmpf.rs.gov.br\/turismo\/wp-content\/uploads\/sites\/51\/2026\/05\/forum-turismo-programacao1-240x300.jpg 240w, https:\/\/www.pmpf.rs.gov.br\/turismo\/wp-content\/uploads\/sites\/51\/2026\/05\/forum-turismo-programacao1-768x960.jpg 768w, https:\/\/www.pmpf.rs.gov.br\/turismo\/wp-content\/uploads\/sites\/51\/2026\/05\/forum-turismo-programacao1.jpg 1080w\" sizes=\"(max-width: 819px) 100vw, 819px\" \/><\/figure>\n<\/figure>\n","protected":false},"excerpt":{"rendered":"<p>A Prefeitura de Passo Fundo, em parceria com o Sebrae, convida para um dia de conte\u00fado, troca de experi\u00eancias e constru\u00e7\u00e3o pr\u00e1tica no turismo regional. \ud83d\udcc5 19 de maio (ter\u00e7a-feira)\u23f0 Das 08h [&hellip;]<\/p>\n","protected":false},"author":4,"featured_media":0,"parent":0,"menu_order":0,"comment_status":"closed","ping_status":"closed","template":"page_secretaria_com_sidebar.php","meta":{"footnotes":""},"class_list":["post-675","page","type-page","status-publish","hentry"],"yoast_head":"<!-- This site is optimized with the Yoast SEO plugin v23.8 - https:\/\/yoast.com\/wordpress\/plugins\/seo\/ -->\n<title>\ud83d\udce2 II F\u00f3rum Regional do Turismo de Passo Fundo - Turismo<\/title>\n<meta name=\"robots\" content=\"index, follow, max-snippet:-1, max-image-preview:large, max-video-preview:-1\" \/>\n<link rel=\"canonical\" href=\"https:\/\/www.pmpf.rs.gov.br\/turismo\/forumturismopf\/\" \/>\n<meta property=\"og:locale\" content=\"pt_BR\" \/>\n<meta property=\"og:type\" content=\"article\" \/>\n<meta property=\"og:title\" content=\"\ud83d\udce2 II F\u00f3rum Regional do Turismo de Passo Fundo - Turismo\" \/>\n<meta property=\"og:description\" content=\"A Prefeitura de Passo Fundo, em parceria com o Sebrae, convida para um dia de conte\u00fado, troca de experi\u00eancias e constru\u00e7\u00e3o pr\u00e1tica no turismo regional. \ud83d\udcc5 19 de maio (ter\u00e7a-feira)\u23f0 Das 08h [&hellip;]\" \/>\n<meta property=\"og:url\" content=\"https:\/\/www.pmpf.rs.gov.br\/turismo\/forumturismopf\/\" \/>\n<meta property=\"og:site_name\" content=\"Turismo\" \/>\n<meta property=\"article:modified_time\" content=\"2026-05-06T18:30:48+00:00\" \/>\n<meta property=\"og:image\" content=\"https:\/\/www.pmpf.rs.gov.br\/turismo\/wp-content\/uploads\/sites\/51\/2026\/05\/forum-turismo-inscricao1-2.jpg\" \/>\n\t<meta property=\"og:image:width\" content=\"1080\" \/>\n\t<meta property=\"og:image:height\" content=\"1350\" \/>\n\t<meta property=\"og:image:type\" content=\"image\/jpeg\" \/>\n<meta name=\"twitter:card\" content=\"summary_large_image\" \/>\n<meta name=\"twitter:label1\" content=\"Est. tempo de leitura\" \/>\n\t<meta name=\"twitter:data1\" content=\"1 minuto\" \/>\n<script type=\"application\/ld+json\" class=\"yoast-schema-graph\">{\"@context\":\"https:\/\/schema.org\",\"@graph\":[{\"@type\":\"WebPage\",\"@id\":\"https:\/\/www.pmpf.rs.gov.br\/turismo\/forumturismopf\/\",\"url\":\"https:\/\/www.pmpf.rs.gov.br\/turismo\/forumturismopf\/\",\"name\":\"\ud83d\udce2 II F\u00f3rum Regional do Turismo de Passo Fundo - Turismo\",\"isPartOf\":{\"@id\":\"https:\/\/www.pmpf.rs.gov.br\/turismo\/#website\"},\"primaryImageOfPage\":{\"@id\":\"https:\/\/www.pmpf.rs.gov.br\/turismo\/forumturismopf\/#primaryimage\"},\"image\":{\"@id\":\"https:\/\/www.pmpf.rs.gov.br\/turismo\/forumturismopf\/#primaryimage\"},\"thumbnailUrl\":\"https:\/\/www.pmpf.rs.gov.br\/turismo\/wp-content\/uploads\/sites\/51\/2026\/05\/forum-turismo-inscricao1-2-819x1024.jpg\",\"datePublished\":\"2026-05-06T14:06:18+00:00\",\"dateModified\":\"2026-05-06T18:30:48+00:00\",\"breadcrumb\":{\"@id\":\"https:\/\/www.pmpf.rs.gov.br\/turismo\/forumturismopf\/#breadcrumb\"},\"inLanguage\":\"pt-BR\",\"potentialAction\":[{\"@type\":\"ReadAction\",\"target\":[\"https:\/\/www.pmpf.rs.gov.br\/turismo\/forumturismopf\/\"]}]},{\"@type\":\"ImageObject\",\"inLanguage\":\"pt-BR\",\"@id\":\"https:\/\/www.pmpf.rs.gov.br\/turismo\/forumturismopf\/#primaryimage\",\"url\":\"https:\/\/www.pmpf.rs.gov.br\/turismo\/wp-content\/uploads\/sites\/51\/2026\/05\/forum-turismo-inscricao1-2.jpg\",\"contentUrl\":\"https:\/\/www.pmpf.rs.gov.br\/turismo\/wp-content\/uploads\/sites\/51\/2026\/05\/forum-turismo-inscricao1-2.jpg\",\"width\":1080,\"height\":1350},{\"@type\":\"BreadcrumbList\",\"@id\":\"https:\/\/www.pmpf.rs.gov.br\/turismo\/forumturismopf\/#breadcrumb\",\"itemListElement\":[{\"@type\":\"ListItem\",\"position\":1,\"name\":\"In\u00edcio\",\"item\":\"https:\/\/www.pmpf.rs.gov.br\/turismo\/\"},{\"@type\":\"ListItem\",\"position\":2,\"name\":\"\ud83d\udce2 II F\u00f3rum Regional do Turismo de Passo Fundo\"}]},{\"@type\":\"WebSite\",\"@id\":\"https:\/\/www.pmpf.rs.gov.br\/turismo\/#website\",\"url\":\"https:\/\/www.pmpf.rs.gov.br\/turismo\/\",\"name\":\"Turismo\",\"description\":\"Descubra Passo Fundo\",\"potentialAction\":[{\"@type\":\"SearchAction\",\"target\":{\"@type\":\"EntryPoint\",\"urlTemplate\":\"https:\/\/www.pmpf.rs.gov.br\/turismo\/?s={search_term_string}\"},\"query-input\":{\"@type\":\"PropertyValueSpecification\",\"valueRequired\":true,\"valueName\":\"search_term_string\"}}],\"inLanguage\":\"pt-BR\"}]}<\/script>\n<!-- \/ Yoast SEO plugin. -->","yoast_head_json":{"title":"\ud83d\udce2 II F\u00f3rum Regional do Turismo de Passo Fundo - Turismo","robots":{"index":"index","follow":"follow","max-snippet":"max-snippet:-1","max-image-preview":"max-image-preview:large","max-video-preview":"max-video-preview:-1"},"canonical":"https:\/\/www.pmpf.rs.gov.br\/turismo\/forumturismopf\/","og_locale":"pt_BR","og_type":"article","og_title":"\ud83d\udce2 II F\u00f3rum Regional do Turismo de Passo Fundo - Turismo","og_description":"A Prefeitura de Passo Fundo, em parceria com o Sebrae, convida para um dia de conte\u00fado, troca de experi\u00eancias e constru\u00e7\u00e3o pr\u00e1tica no turismo regional. \ud83d\udcc5 19 de maio (ter\u00e7a-feira)\u23f0 Das 08h [&hellip;]","og_url":"https:\/\/www.pmpf.rs.gov.br\/turismo\/forumturismopf\/","og_site_name":"Turismo","article_modified_time":"2026-05-06T18:30:48+00:00","og_image":[{"width":1080,"height":1350,"url":"https:\/\/www.pmpf.rs.gov.br\/turismo\/wp-content\/uploads\/sites\/51\/2026\/05\/forum-turismo-inscricao1-2.jpg","type":"image\/jpeg"}],"twitter_card":"summary_large_image","twitter_misc":{"Est. tempo de leitura":"1 minuto"},"schema":{"@context":"https:\/\/schema.org","@graph":[{"@type":"WebPage","@id":"https:\/\/www.pmpf.rs.gov.br\/turismo\/forumturismopf\/","url":"https:\/\/www.pmpf.rs.gov.br\/turismo\/forumturismopf\/","name":"\ud83d\udce2 II F\u00f3rum Regional do Turismo de Passo Fundo - Turismo","isPartOf":{"@id":"https:\/\/www.pmpf.rs.gov.br\/turismo\/#website"},"primaryImageOfPage":{"@id":"https:\/\/www.pmpf.rs.gov.br\/turismo\/forumturismopf\/#primaryimage"},"image":{"@id":"https:\/\/www.pmpf.rs.gov.br\/turismo\/forumturismopf\/#primaryimage"},"thumbnailUrl":"https:\/\/www.pmpf.rs.gov.br\/turismo\/wp-content\/uploads\/sites\/51\/2026\/05\/forum-turismo-inscricao1-2-819x1024.jpg","datePublished":"2026-05-06T14:06:18+00:00","dateModified":"2026-05-06T18:30:48+00:00","breadcrumb":{"@id":"https:\/\/www.pmpf.rs.gov.br\/turismo\/forumturismopf\/#breadcrumb"},"inLanguage":"pt-BR","potentialAction":[{"@type":"ReadAction","target":["https:\/\/www.pmpf.rs.gov.br\/turismo\/forumturismopf\/"]}]},{"@type":"ImageObject","inLanguage":"pt-BR","@id":"https:\/\/www.pmpf.rs.gov.br\/turismo\/forumturismopf\/#primaryimage","url":"https:\/\/www.pmpf.rs.gov.br\/turismo\/wp-content\/uploads\/sites\/51\/2026\/05\/forum-turismo-inscricao1-2.jpg","contentUrl":"https:\/\/www.pmpf.rs.gov.br\/turismo\/wp-content\/uploads\/sites\/51\/2026\/05\/forum-turismo-inscricao1-2.jpg","width":1080,"height":1350},{"@type":"BreadcrumbList","@id":"https:\/\/www.pmpf.rs.gov.br\/turismo\/forumturismopf\/#breadcrumb","itemListElement":[{"@type":"ListItem","position":1,"name":"In\u00edcio","item":"https:\/\/www.pmpf.rs.gov.br\/turismo\/"},{"@type":"ListItem","position":2,"name":"\ud83d\udce2 II F\u00f3rum Regional do Turismo de Passo Fundo"}]},{"@type":"WebSite","@id":"https:\/\/www.pmpf.rs.gov.br\/turismo\/#website","url":"https:\/\/www.pmpf.rs.gov.br\/turismo\/","name":"Turismo","description":"Descubra Passo Fundo","potentialAction":[{"@type":"SearchAction","target":{"@type":"EntryPoint","urlTemplate":"https:\/\/www.pmpf.rs.gov.br\/turismo\/?s={search_term_string}"},"query-input":{"@type":"PropertyValueSpecification","valueRequired":true,"valueName":"search_term_string"}}],"inLanguage":"pt-BR"}]}},"_links":{"self":[{"href":"https:\/\/www.pmpf.rs.gov.br\/turismo\/wp-json\/wp\/v2\/pages\/675"}],"collection":[{"href":"https:\/\/www.pmpf.rs.gov.br\/turismo\/wp-json\/wp\/v2\/pages"}],"about":[{"href":"https:\/\/www.pmpf.rs.gov.br\/turismo\/wp-json\/wp\/v2\/types\/page"}],"author":[{"embeddable":true,"href":"https:\/\/www.pmpf.rs.gov.br\/turismo\/wp-json\/wp\/v2\/users\/4"}],"replies":[{"embeddable":true,"href":"https:\/\/www.pmpf.rs.gov.br\/turismo\/wp-json\/wp\/v2\/comments?post=675"}],"version-history":[{"count":10,"href":"https:\/\/www.pmpf.rs.gov.br\/turismo\/wp-json\/wp\/v2\/pages\/675\/revisions"}],"predecessor-version":[{"id":696,"href":"https:\/\/www.pmpf.rs.gov.br\/turismo\/wp-json\/wp\/v2\/pages\/675\/revisions\/696"}],"wp:attachment":[{"href":"https:\/\/www.pmpf.rs.gov.br\/turismo\/wp-json\/wp\/v2\/media?parent=675"}],"curies":[{"name":"wp","href":"https:\/\/api.w.org\/{rel}","templated":true}]}}