{"id":5,"date":"2021-12-22T14:11:07","date_gmt":"2021-12-22T17:11:07","guid":{"rendered":"https:\/\/www.pmpf.rs.gov.br\/turismo\/?page_id=5"},"modified":"2026-04-10T15:49:39","modified_gmt":"2026-04-10T18:49:39","slug":"inicial","status":"publish","type":"page","link":"https:\/\/www.pmpf.rs.gov.br\/turismo\/","title":{"rendered":"Inicial"},"content":{"rendered":"\n<p>Descubra Passo Fundo, conhecida como a Capital Nacional da Literatura, a terra de Teixeirinha, com forte com\u00e9rcio e variadas op\u00e7\u00f5es de entretenimento.<\/p>\n\n\n\n<p>Passear por Passo Fundo \u00e9 mergulhar em uma rica programa\u00e7\u00e3o cultural. A cidade tamb\u00e9m oferece belos espa\u00e7os ao ar livre, como o Parque da Gare, perfeito para caminhadas, momentos de lazer e contempla\u00e7\u00e3o da natureza.<\/p>\n\n\n\n<p>O turismo gastron\u00f4mico \u00e9 um convite irresist\u00edvel: restaurantes e caf\u00e9s locais servem desde o melhor da culin\u00e1ria t\u00edpica ga\u00facha at\u00e9 op\u00e7\u00f5es contempor\u00e2neas que agradam todos os paladares. Para quem busca compras e entretenimento, o com\u00e9rcio din\u00e2mico e os shoppings garantem \u00f3timas experi\u00eancias.<\/p>\n\n\n\n<p>Com uma localiza\u00e7\u00e3o estrat\u00e9gica e infraestrutura completa, Passo Fundo \u00e9 o destino ideal para quem procura descanso e divers\u00e3o. <\/p>\n","protected":false},"excerpt":{"rendered":"<p>Descubra Passo Fundo, conhecida como a Capital Nacional da Literatura, a terra de Teixeirinha, com forte com\u00e9rcio e variadas op\u00e7\u00f5es de entretenimento. Passear por Passo Fundo \u00e9 mergulhar em uma rica programa\u00e7\u00e3o [&hellip;]<\/p>\n","protected":false},"author":1,"featured_media":0,"parent":0,"menu_order":0,"comment_status":"closed","ping_status":"closed","template":"page_secretaria_com_sidebar.php","meta":{"footnotes":""},"class_list":["post-5","page","type-page","status-publish","hentry"],"yoast_head":"<!-- This site is optimized with the Yoast SEO plugin v23.8 - https:\/\/yoast.com\/wordpress\/plugins\/seo\/ -->\n<title>Inicial - Turismo<\/title>\n<meta name=\"robots\" content=\"index, follow, max-snippet:-1, max-image-preview:large, max-video-preview:-1\" \/>\n<link rel=\"canonical\" href=\"https:\/\/www.pmpf.rs.gov.br\/turismo\/\" \/>\n<meta property=\"og:locale\" content=\"pt_BR\" \/>\n<meta property=\"og:type\" content=\"article\" \/>\n<meta property=\"og:title\" content=\"Inicial - Turismo\" \/>\n<meta property=\"og:description\" content=\"Descubra Passo Fundo, conhecida como a Capital Nacional da Literatura, a terra de Teixeirinha, com forte com\u00e9rcio e variadas op\u00e7\u00f5es de entretenimento. Passear por Passo Fundo \u00e9 mergulhar em uma rica programa\u00e7\u00e3o [&hellip;]\" \/>\n<meta property=\"og:url\" content=\"https:\/\/www.pmpf.rs.gov.br\/turismo\/\" \/>\n<meta property=\"og:site_name\" content=\"Turismo\" \/>\n<meta property=\"article:modified_time\" content=\"2026-04-10T18:49:39+00:00\" \/>\n<meta name=\"twitter:card\" content=\"summary_large_image\" \/>\n<meta name=\"twitter:label1\" content=\"Est. tempo de leitura\" \/>\n\t<meta name=\"twitter:data1\" content=\"2 minutos\" \/>\n<script type=\"application\/ld+json\" class=\"yoast-schema-graph\">{\"@context\":\"https:\/\/schema.org\",\"@graph\":[{\"@type\":\"WebPage\",\"@id\":\"https:\/\/www.pmpf.rs.gov.br\/turismo\/\",\"url\":\"https:\/\/www.pmpf.rs.gov.br\/turismo\/\",\"name\":\"Inicial - Turismo\",\"isPartOf\":{\"@id\":\"https:\/\/www.pmpf.rs.gov.br\/turismo\/#website\"},\"datePublished\":\"2021-12-22T17:11:07+00:00\",\"dateModified\":\"2026-04-10T18:49:39+00:00\",\"breadcrumb\":{\"@id\":\"https:\/\/www.pmpf.rs.gov.br\/turismo\/#breadcrumb\"},\"inLanguage\":\"pt-BR\",\"potentialAction\":[{\"@type\":\"ReadAction\",\"target\":[\"https:\/\/www.pmpf.rs.gov.br\/turismo\/\"]}]},{\"@type\":\"BreadcrumbList\",\"@id\":\"https:\/\/www.pmpf.rs.gov.br\/turismo\/#breadcrumb\",\"itemListElement\":[{\"@type\":\"ListItem\",\"position\":1,\"name\":\"In\u00edcio\",\"item\":\"https:\/\/www.pmpf.rs.gov.br\/turismo\/\"},{\"@type\":\"ListItem\",\"position\":2,\"name\":\"Inicial\"}]},{\"@type\":\"WebSite\",\"@id\":\"https:\/\/www.pmpf.rs.gov.br\/turismo\/#website\",\"url\":\"https:\/\/www.pmpf.rs.gov.br\/turismo\/\",\"name\":\"Turismo\",\"description\":\"Descubra Passo Fundo\",\"potentialAction\":[{\"@type\":\"SearchAction\",\"target\":{\"@type\":\"EntryPoint\",\"urlTemplate\":\"https:\/\/www.pmpf.rs.gov.br\/turismo\/?s={search_term_string}\"},\"query-input\":{\"@type\":\"PropertyValueSpecification\",\"valueRequired\":true,\"valueName\":\"search_term_string\"}}],\"inLanguage\":\"pt-BR\"}]}<\/script>\n<!-- \/ Yoast SEO plugin. -->","yoast_head_json":{"title":"Inicial - Turismo","robots":{"index":"index","follow":"follow","max-snippet":"max-snippet:-1","max-image-preview":"max-image-preview:large","max-video-preview":"max-video-preview:-1"},"canonical":"https:\/\/www.pmpf.rs.gov.br\/turismo\/","og_locale":"pt_BR","og_type":"article","og_title":"Inicial - Turismo","og_description":"Descubra Passo Fundo, conhecida como a Capital Nacional da Literatura, a terra de Teixeirinha, com forte com\u00e9rcio e variadas op\u00e7\u00f5es de entretenimento. Passear por Passo Fundo \u00e9 mergulhar em uma rica programa\u00e7\u00e3o [&hellip;]","og_url":"https:\/\/www.pmpf.rs.gov.br\/turismo\/","og_site_name":"Turismo","article_modified_time":"2026-04-10T18:49:39+00:00","twitter_card":"summary_large_image","twitter_misc":{"Est. tempo de leitura":"2 minutos"},"schema":{"@context":"https:\/\/schema.org","@graph":[{"@type":"WebPage","@id":"https:\/\/www.pmpf.rs.gov.br\/turismo\/","url":"https:\/\/www.pmpf.rs.gov.br\/turismo\/","name":"Inicial - Turismo","isPartOf":{"@id":"https:\/\/www.pmpf.rs.gov.br\/turismo\/#website"},"datePublished":"2021-12-22T17:11:07+00:00","dateModified":"2026-04-10T18:49:39+00:00","breadcrumb":{"@id":"https:\/\/www.pmpf.rs.gov.br\/turismo\/#breadcrumb"},"inLanguage":"pt-BR","potentialAction":[{"@type":"ReadAction","target":["https:\/\/www.pmpf.rs.gov.br\/turismo\/"]}]},{"@type":"BreadcrumbList","@id":"https:\/\/www.pmpf.rs.gov.br\/turismo\/#breadcrumb","itemListElement":[{"@type":"ListItem","position":1,"name":"In\u00edcio","item":"https:\/\/www.pmpf.rs.gov.br\/turismo\/"},{"@type":"ListItem","position":2,"name":"Inicial"}]},{"@type":"WebSite","@id":"https:\/\/www.pmpf.rs.gov.br\/turismo\/#website","url":"https:\/\/www.pmpf.rs.gov.br\/turismo\/","name":"Turismo","description":"Descubra Passo Fundo","potentialAction":[{"@type":"SearchAction","target":{"@type":"EntryPoint","urlTemplate":"https:\/\/www.pmpf.rs.gov.br\/turismo\/?s={search_term_string}"},"query-input":{"@type":"PropertyValueSpecification","valueRequired":true,"valueName":"search_term_string"}}],"inLanguage":"pt-BR"}]}},"_links":{"self":[{"href":"https:\/\/www.pmpf.rs.gov.br\/turismo\/wp-json\/wp\/v2\/pages\/5"}],"collection":[{"href":"https:\/\/www.pmpf.rs.gov.br\/turismo\/wp-json\/wp\/v2\/pages"}],"about":[{"href":"https:\/\/www.pmpf.rs.gov.br\/turismo\/wp-json\/wp\/v2\/types\/page"}],"author":[{"embeddable":true,"href":"https:\/\/www.pmpf.rs.gov.br\/turismo\/wp-json\/wp\/v2\/users\/1"}],"replies":[{"embeddable":true,"href":"https:\/\/www.pmpf.rs.gov.br\/turismo\/wp-json\/wp\/v2\/comments?post=5"}],"version-history":[{"count":41,"href":"https:\/\/www.pmpf.rs.gov.br\/turismo\/wp-json\/wp\/v2\/pages\/5\/revisions"}],"predecessor-version":[{"id":672,"href":"https:\/\/www.pmpf.rs.gov.br\/turismo\/wp-json\/wp\/v2\/pages\/5\/revisions\/672"}],"wp:attachment":[{"href":"https:\/\/www.pmpf.rs.gov.br\/turismo\/wp-json\/wp\/v2\/media?parent=5"}],"curies":[{"name":"wp","href":"https:\/\/api.w.org\/{rel}","templated":true}]}}