{"id":445,"date":"2021-12-24T15:07:58","date_gmt":"2021-12-24T18:07:58","guid":{"rendered":"https:\/\/www.pmpf.rs.gov.br\/turismo\/?page_id=445"},"modified":"2021-12-24T15:09:07","modified_gmt":"2021-12-24T18:09:07","slug":"museu-do-automobilismo-brasileiro","status":"publish","type":"page","link":"https:\/\/www.pmpf.rs.gov.br\/turismo\/museu-do-automobilismo-brasileiro\/","title":{"rendered":"Museu do Automobilismo Brasileiro"},"content":{"rendered":"\n<h2 class=\"wp-block-heading\">Resgate e preserva\u00e7\u00e3o do automobilismo no Brasil<\/h2>\n\n\n\n<ul class=\"wp-block-list\"><li>\u00danica cole\u00e7\u00e3o de carros de corrida do Brasil.<\/li><li>Acervo da Associa\u00e7\u00e3o Cultural Museu do Automobilismo Brasileiro, \u00edcone nacional.<\/li><li>O maior centro de documenta\u00e7\u00e3o de fotos, filmes e documentos do automobilismo brasileiro.<\/li><li>Exemplo no resgate, preserva\u00e7\u00e3o e a\u00e7\u00e3o cultural no automobilismo da iniciativa privada.<\/li><li>O museu se integra ao complexo do Prix Hotel de Passo Fundo, de forma a complementar \u00e0s suas \u00e1reas de eventos com mais dois audit\u00f3rios.<\/li><\/ul>\n\n\n\n<p><strong>Endere\u00e7o:<\/strong>\u00a0Rua Lava P\u00e9s, 3600, Boqueir\u00e3o<\/p>\n\n\n\n<div class=\"wp-block-buttons is-content-justification-center is-layout-flex wp-block-buttons-is-layout-flex\">\n<div class=\"wp-block-button has-custom-width wp-block-button__width-50\"><a class=\"wp-block-button__link has-black-color has-luminous-vivid-amber-background-color has-text-color has-background\" href=\"https:\/\/goo.gl\/maps\/mxDUBsdrTc2ZctHM7\" style=\"border-radius:8px\" target=\"_blank\" rel=\"noreferrer noopener\">VER NO MAPA<\/a><\/div>\n<\/div>\n","protected":false},"excerpt":{"rendered":"<p>Resgate e preserva\u00e7\u00e3o do automobilismo no Brasil \u00danica cole\u00e7\u00e3o de carros de corrida do Brasil. Acervo da Associa\u00e7\u00e3o Cultural Museu do Automobilismo Brasileiro, \u00edcone nacional. O maior centro de documenta\u00e7\u00e3o de fotos, [&hellip;]<\/p>\n","protected":false},"author":1,"featured_media":0,"parent":0,"menu_order":0,"comment_status":"closed","ping_status":"closed","template":"","meta":{"footnotes":""},"class_list":["post-445","page","type-page","status-publish","hentry"],"yoast_head":"<!-- This site is optimized with the Yoast SEO plugin v23.8 - https:\/\/yoast.com\/wordpress\/plugins\/seo\/ -->\n<title>Museu do Automobilismo Brasileiro - Turismo<\/title>\n<meta name=\"robots\" content=\"index, follow, max-snippet:-1, max-image-preview:large, max-video-preview:-1\" \/>\n<link rel=\"canonical\" href=\"https:\/\/www.pmpf.rs.gov.br\/turismo\/museu-do-automobilismo-brasileiro\/\" \/>\n<meta property=\"og:locale\" content=\"pt_BR\" \/>\n<meta property=\"og:type\" content=\"article\" \/>\n<meta property=\"og:title\" content=\"Museu do Automobilismo Brasileiro - Turismo\" \/>\n<meta property=\"og:description\" content=\"Resgate e preserva\u00e7\u00e3o do automobilismo no Brasil \u00danica cole\u00e7\u00e3o de carros de corrida do Brasil. Acervo da Associa\u00e7\u00e3o Cultural Museu do Automobilismo Brasileiro, \u00edcone nacional. O maior centro de documenta\u00e7\u00e3o de fotos, [&hellip;]\" \/>\n<meta property=\"og:url\" content=\"https:\/\/www.pmpf.rs.gov.br\/turismo\/museu-do-automobilismo-brasileiro\/\" \/>\n<meta property=\"og:site_name\" content=\"Turismo\" \/>\n<meta property=\"article:modified_time\" content=\"2021-12-24T18:09:07+00:00\" \/>\n<meta name=\"twitter:card\" content=\"summary_large_image\" \/>\n<meta name=\"twitter:label1\" content=\"Est. tempo de leitura\" \/>\n\t<meta name=\"twitter:data1\" content=\"1 minuto\" \/>\n<script type=\"application\/ld+json\" class=\"yoast-schema-graph\">{\"@context\":\"https:\/\/schema.org\",\"@graph\":[{\"@type\":\"WebPage\",\"@id\":\"https:\/\/www.pmpf.rs.gov.br\/turismo\/museu-do-automobilismo-brasileiro\/\",\"url\":\"https:\/\/www.pmpf.rs.gov.br\/turismo\/museu-do-automobilismo-brasileiro\/\",\"name\":\"Museu do Automobilismo Brasileiro - Turismo\",\"isPartOf\":{\"@id\":\"https:\/\/www.pmpf.rs.gov.br\/turismo\/#website\"},\"datePublished\":\"2021-12-24T18:07:58+00:00\",\"dateModified\":\"2021-12-24T18:09:07+00:00\",\"breadcrumb\":{\"@id\":\"https:\/\/www.pmpf.rs.gov.br\/turismo\/museu-do-automobilismo-brasileiro\/#breadcrumb\"},\"inLanguage\":\"pt-BR\",\"potentialAction\":[{\"@type\":\"ReadAction\",\"target\":[\"https:\/\/www.pmpf.rs.gov.br\/turismo\/museu-do-automobilismo-brasileiro\/\"]}]},{\"@type\":\"BreadcrumbList\",\"@id\":\"https:\/\/www.pmpf.rs.gov.br\/turismo\/museu-do-automobilismo-brasileiro\/#breadcrumb\",\"itemListElement\":[{\"@type\":\"ListItem\",\"position\":1,\"name\":\"In\u00edcio\",\"item\":\"https:\/\/www.pmpf.rs.gov.br\/turismo\/\"},{\"@type\":\"ListItem\",\"position\":2,\"name\":\"Museu do Automobilismo Brasileiro\"}]},{\"@type\":\"WebSite\",\"@id\":\"https:\/\/www.pmpf.rs.gov.br\/turismo\/#website\",\"url\":\"https:\/\/www.pmpf.rs.gov.br\/turismo\/\",\"name\":\"Turismo\",\"description\":\"Descubra Passo Fundo\",\"potentialAction\":[{\"@type\":\"SearchAction\",\"target\":{\"@type\":\"EntryPoint\",\"urlTemplate\":\"https:\/\/www.pmpf.rs.gov.br\/turismo\/?s={search_term_string}\"},\"query-input\":{\"@type\":\"PropertyValueSpecification\",\"valueRequired\":true,\"valueName\":\"search_term_string\"}}],\"inLanguage\":\"pt-BR\"}]}<\/script>\n<!-- \/ Yoast SEO plugin. -->","yoast_head_json":{"title":"Museu do Automobilismo Brasileiro - Turismo","robots":{"index":"index","follow":"follow","max-snippet":"max-snippet:-1","max-image-preview":"max-image-preview:large","max-video-preview":"max-video-preview:-1"},"canonical":"https:\/\/www.pmpf.rs.gov.br\/turismo\/museu-do-automobilismo-brasileiro\/","og_locale":"pt_BR","og_type":"article","og_title":"Museu do Automobilismo Brasileiro - Turismo","og_description":"Resgate e preserva\u00e7\u00e3o do automobilismo no Brasil \u00danica cole\u00e7\u00e3o de carros de corrida do Brasil. Acervo da Associa\u00e7\u00e3o Cultural Museu do Automobilismo Brasileiro, \u00edcone nacional. O maior centro de documenta\u00e7\u00e3o de fotos, [&hellip;]","og_url":"https:\/\/www.pmpf.rs.gov.br\/turismo\/museu-do-automobilismo-brasileiro\/","og_site_name":"Turismo","article_modified_time":"2021-12-24T18:09:07+00:00","twitter_card":"summary_large_image","twitter_misc":{"Est. tempo de leitura":"1 minuto"},"schema":{"@context":"https:\/\/schema.org","@graph":[{"@type":"WebPage","@id":"https:\/\/www.pmpf.rs.gov.br\/turismo\/museu-do-automobilismo-brasileiro\/","url":"https:\/\/www.pmpf.rs.gov.br\/turismo\/museu-do-automobilismo-brasileiro\/","name":"Museu do Automobilismo Brasileiro - Turismo","isPartOf":{"@id":"https:\/\/www.pmpf.rs.gov.br\/turismo\/#website"},"datePublished":"2021-12-24T18:07:58+00:00","dateModified":"2021-12-24T18:09:07+00:00","breadcrumb":{"@id":"https:\/\/www.pmpf.rs.gov.br\/turismo\/museu-do-automobilismo-brasileiro\/#breadcrumb"},"inLanguage":"pt-BR","potentialAction":[{"@type":"ReadAction","target":["https:\/\/www.pmpf.rs.gov.br\/turismo\/museu-do-automobilismo-brasileiro\/"]}]},{"@type":"BreadcrumbList","@id":"https:\/\/www.pmpf.rs.gov.br\/turismo\/museu-do-automobilismo-brasileiro\/#breadcrumb","itemListElement":[{"@type":"ListItem","position":1,"name":"In\u00edcio","item":"https:\/\/www.pmpf.rs.gov.br\/turismo\/"},{"@type":"ListItem","position":2,"name":"Museu do Automobilismo Brasileiro"}]},{"@type":"WebSite","@id":"https:\/\/www.pmpf.rs.gov.br\/turismo\/#website","url":"https:\/\/www.pmpf.rs.gov.br\/turismo\/","name":"Turismo","description":"Descubra Passo Fundo","potentialAction":[{"@type":"SearchAction","target":{"@type":"EntryPoint","urlTemplate":"https:\/\/www.pmpf.rs.gov.br\/turismo\/?s={search_term_string}"},"query-input":{"@type":"PropertyValueSpecification","valueRequired":true,"valueName":"search_term_string"}}],"inLanguage":"pt-BR"}]}},"_links":{"self":[{"href":"https:\/\/www.pmpf.rs.gov.br\/turismo\/wp-json\/wp\/v2\/pages\/445"}],"collection":[{"href":"https:\/\/www.pmpf.rs.gov.br\/turismo\/wp-json\/wp\/v2\/pages"}],"about":[{"href":"https:\/\/www.pmpf.rs.gov.br\/turismo\/wp-json\/wp\/v2\/types\/page"}],"author":[{"embeddable":true,"href":"https:\/\/www.pmpf.rs.gov.br\/turismo\/wp-json\/wp\/v2\/users\/1"}],"replies":[{"embeddable":true,"href":"https:\/\/www.pmpf.rs.gov.br\/turismo\/wp-json\/wp\/v2\/comments?post=445"}],"version-history":[{"count":1,"href":"https:\/\/www.pmpf.rs.gov.br\/turismo\/wp-json\/wp\/v2\/pages\/445\/revisions"}],"predecessor-version":[{"id":446,"href":"https:\/\/www.pmpf.rs.gov.br\/turismo\/wp-json\/wp\/v2\/pages\/445\/revisions\/446"}],"wp:attachment":[{"href":"https:\/\/www.pmpf.rs.gov.br\/turismo\/wp-json\/wp\/v2\/media?parent=445"}],"curies":[{"name":"wp","href":"https:\/\/api.w.org\/{rel}","templated":true}]}}