{"id":441,"date":"2021-12-24T15:05:14","date_gmt":"2021-12-24T18:05:14","guid":{"rendered":"https:\/\/www.pmpf.rs.gov.br\/turismo\/?page_id=441"},"modified":"2021-12-24T15:07:01","modified_gmt":"2021-12-24T18:07:01","slug":"fazenda-tropeiro-camponez","status":"publish","type":"page","link":"https:\/\/www.pmpf.rs.gov.br\/turismo\/fazenda-tropeiro-camponez\/","title":{"rendered":"Fazenda Tropeiro Camponez"},"content":{"rendered":"\n<h2 class=\"wp-block-heading\">Turismo rural<\/h2>\n\n\n\n<p>Com uma \u00e1rea de 110 hectares, voltada para o turismo rural. Conta com \u00e1rea de preserva\u00e7\u00e3o ambiental, produ\u00e7\u00e3o de soja, milho, leite, ovos, frutas e verduras. Oferece pousada, gastronomia e passeios. Atende por agendamento pelos telefones:(54) 99612-6432 e (54) 98403-6834.<\/p>\n\n\n\n<p><strong>Endere\u00e7o:<\/strong>\u00a0BR 285 Km 307, Distrito de Pulador &#8211; Passo Fundo<br>Distante cerca de 20 Km da cidade.<\/p>\n\n\n\n<div class=\"wp-block-buttons is-content-justification-center is-layout-flex wp-block-buttons-is-layout-flex\">\n<div class=\"wp-block-button has-custom-width wp-block-button__width-50\"><a class=\"wp-block-button__link has-black-color has-luminous-vivid-amber-background-color has-text-color has-background\" href=\"https:\/\/goo.gl\/maps\/9zvn3vvRPzYaJPhu5\" style=\"border-radius:8px\" target=\"_blank\" rel=\"noreferrer noopener\">VER NO MAPA<\/a><\/div>\n<\/div>\n","protected":false},"excerpt":{"rendered":"<p>Turismo rural Com uma \u00e1rea de 110 hectares, voltada para o turismo rural. Conta com \u00e1rea de preserva\u00e7\u00e3o ambiental, produ\u00e7\u00e3o de soja, milho, leite, ovos, frutas e verduras. Oferece pousada, gastronomia e [&hellip;]<\/p>\n","protected":false},"author":1,"featured_media":0,"parent":0,"menu_order":0,"comment_status":"closed","ping_status":"closed","template":"","meta":{"footnotes":""},"class_list":["post-441","page","type-page","status-publish","hentry"],"yoast_head":"<!-- This site is optimized with the Yoast SEO plugin v23.8 - https:\/\/yoast.com\/wordpress\/plugins\/seo\/ -->\n<title>Fazenda Tropeiro Camponez - Turismo<\/title>\n<meta name=\"robots\" content=\"index, follow, max-snippet:-1, max-image-preview:large, max-video-preview:-1\" \/>\n<link rel=\"canonical\" href=\"https:\/\/www.pmpf.rs.gov.br\/turismo\/fazenda-tropeiro-camponez\/\" \/>\n<meta property=\"og:locale\" content=\"pt_BR\" \/>\n<meta property=\"og:type\" content=\"article\" \/>\n<meta property=\"og:title\" content=\"Fazenda Tropeiro Camponez - Turismo\" \/>\n<meta property=\"og:description\" content=\"Turismo rural Com uma \u00e1rea de 110 hectares, voltada para o turismo rural. Conta com \u00e1rea de preserva\u00e7\u00e3o ambiental, produ\u00e7\u00e3o de soja, milho, leite, ovos, frutas e verduras. Oferece pousada, gastronomia e [&hellip;]\" \/>\n<meta property=\"og:url\" content=\"https:\/\/www.pmpf.rs.gov.br\/turismo\/fazenda-tropeiro-camponez\/\" \/>\n<meta property=\"og:site_name\" content=\"Turismo\" \/>\n<meta property=\"article:modified_time\" content=\"2021-12-24T18:07:01+00:00\" \/>\n<meta name=\"twitter:card\" content=\"summary_large_image\" \/>\n<meta name=\"twitter:label1\" content=\"Est. tempo de leitura\" \/>\n\t<meta name=\"twitter:data1\" content=\"1 minuto\" \/>\n<script type=\"application\/ld+json\" class=\"yoast-schema-graph\">{\"@context\":\"https:\/\/schema.org\",\"@graph\":[{\"@type\":\"WebPage\",\"@id\":\"https:\/\/www.pmpf.rs.gov.br\/turismo\/fazenda-tropeiro-camponez\/\",\"url\":\"https:\/\/www.pmpf.rs.gov.br\/turismo\/fazenda-tropeiro-camponez\/\",\"name\":\"Fazenda Tropeiro Camponez - Turismo\",\"isPartOf\":{\"@id\":\"https:\/\/www.pmpf.rs.gov.br\/turismo\/#website\"},\"datePublished\":\"2021-12-24T18:05:14+00:00\",\"dateModified\":\"2021-12-24T18:07:01+00:00\",\"breadcrumb\":{\"@id\":\"https:\/\/www.pmpf.rs.gov.br\/turismo\/fazenda-tropeiro-camponez\/#breadcrumb\"},\"inLanguage\":\"pt-BR\",\"potentialAction\":[{\"@type\":\"ReadAction\",\"target\":[\"https:\/\/www.pmpf.rs.gov.br\/turismo\/fazenda-tropeiro-camponez\/\"]}]},{\"@type\":\"BreadcrumbList\",\"@id\":\"https:\/\/www.pmpf.rs.gov.br\/turismo\/fazenda-tropeiro-camponez\/#breadcrumb\",\"itemListElement\":[{\"@type\":\"ListItem\",\"position\":1,\"name\":\"In\u00edcio\",\"item\":\"https:\/\/www.pmpf.rs.gov.br\/turismo\/\"},{\"@type\":\"ListItem\",\"position\":2,\"name\":\"Fazenda Tropeiro Camponez\"}]},{\"@type\":\"WebSite\",\"@id\":\"https:\/\/www.pmpf.rs.gov.br\/turismo\/#website\",\"url\":\"https:\/\/www.pmpf.rs.gov.br\/turismo\/\",\"name\":\"Turismo\",\"description\":\"Descubra Passo Fundo\",\"potentialAction\":[{\"@type\":\"SearchAction\",\"target\":{\"@type\":\"EntryPoint\",\"urlTemplate\":\"https:\/\/www.pmpf.rs.gov.br\/turismo\/?s={search_term_string}\"},\"query-input\":{\"@type\":\"PropertyValueSpecification\",\"valueRequired\":true,\"valueName\":\"search_term_string\"}}],\"inLanguage\":\"pt-BR\"}]}<\/script>\n<!-- \/ Yoast SEO plugin. -->","yoast_head_json":{"title":"Fazenda Tropeiro Camponez - Turismo","robots":{"index":"index","follow":"follow","max-snippet":"max-snippet:-1","max-image-preview":"max-image-preview:large","max-video-preview":"max-video-preview:-1"},"canonical":"https:\/\/www.pmpf.rs.gov.br\/turismo\/fazenda-tropeiro-camponez\/","og_locale":"pt_BR","og_type":"article","og_title":"Fazenda Tropeiro Camponez - Turismo","og_description":"Turismo rural Com uma \u00e1rea de 110 hectares, voltada para o turismo rural. Conta com \u00e1rea de preserva\u00e7\u00e3o ambiental, produ\u00e7\u00e3o de soja, milho, leite, ovos, frutas e verduras. Oferece pousada, gastronomia e [&hellip;]","og_url":"https:\/\/www.pmpf.rs.gov.br\/turismo\/fazenda-tropeiro-camponez\/","og_site_name":"Turismo","article_modified_time":"2021-12-24T18:07:01+00:00","twitter_card":"summary_large_image","twitter_misc":{"Est. tempo de leitura":"1 minuto"},"schema":{"@context":"https:\/\/schema.org","@graph":[{"@type":"WebPage","@id":"https:\/\/www.pmpf.rs.gov.br\/turismo\/fazenda-tropeiro-camponez\/","url":"https:\/\/www.pmpf.rs.gov.br\/turismo\/fazenda-tropeiro-camponez\/","name":"Fazenda Tropeiro Camponez - Turismo","isPartOf":{"@id":"https:\/\/www.pmpf.rs.gov.br\/turismo\/#website"},"datePublished":"2021-12-24T18:05:14+00:00","dateModified":"2021-12-24T18:07:01+00:00","breadcrumb":{"@id":"https:\/\/www.pmpf.rs.gov.br\/turismo\/fazenda-tropeiro-camponez\/#breadcrumb"},"inLanguage":"pt-BR","potentialAction":[{"@type":"ReadAction","target":["https:\/\/www.pmpf.rs.gov.br\/turismo\/fazenda-tropeiro-camponez\/"]}]},{"@type":"BreadcrumbList","@id":"https:\/\/www.pmpf.rs.gov.br\/turismo\/fazenda-tropeiro-camponez\/#breadcrumb","itemListElement":[{"@type":"ListItem","position":1,"name":"In\u00edcio","item":"https:\/\/www.pmpf.rs.gov.br\/turismo\/"},{"@type":"ListItem","position":2,"name":"Fazenda Tropeiro Camponez"}]},{"@type":"WebSite","@id":"https:\/\/www.pmpf.rs.gov.br\/turismo\/#website","url":"https:\/\/www.pmpf.rs.gov.br\/turismo\/","name":"Turismo","description":"Descubra Passo Fundo","potentialAction":[{"@type":"SearchAction","target":{"@type":"EntryPoint","urlTemplate":"https:\/\/www.pmpf.rs.gov.br\/turismo\/?s={search_term_string}"},"query-input":{"@type":"PropertyValueSpecification","valueRequired":true,"valueName":"search_term_string"}}],"inLanguage":"pt-BR"}]}},"_links":{"self":[{"href":"https:\/\/www.pmpf.rs.gov.br\/turismo\/wp-json\/wp\/v2\/pages\/441"}],"collection":[{"href":"https:\/\/www.pmpf.rs.gov.br\/turismo\/wp-json\/wp\/v2\/pages"}],"about":[{"href":"https:\/\/www.pmpf.rs.gov.br\/turismo\/wp-json\/wp\/v2\/types\/page"}],"author":[{"embeddable":true,"href":"https:\/\/www.pmpf.rs.gov.br\/turismo\/wp-json\/wp\/v2\/users\/1"}],"replies":[{"embeddable":true,"href":"https:\/\/www.pmpf.rs.gov.br\/turismo\/wp-json\/wp\/v2\/comments?post=441"}],"version-history":[{"count":1,"href":"https:\/\/www.pmpf.rs.gov.br\/turismo\/wp-json\/wp\/v2\/pages\/441\/revisions"}],"predecessor-version":[{"id":442,"href":"https:\/\/www.pmpf.rs.gov.br\/turismo\/wp-json\/wp\/v2\/pages\/441\/revisions\/442"}],"wp:attachment":[{"href":"https:\/\/www.pmpf.rs.gov.br\/turismo\/wp-json\/wp\/v2\/media?parent=441"}],"curies":[{"name":"wp","href":"https:\/\/api.w.org\/{rel}","templated":true}]}}