{"id":433,"date":"2021-12-24T14:55:40","date_gmt":"2021-12-24T17:55:40","guid":{"rendered":"https:\/\/www.pmpf.rs.gov.br\/turismo\/?page_id=433"},"modified":"2021-12-24T15:01:09","modified_gmt":"2021-12-24T18:01:09","slug":"reserva-maragato","status":"publish","type":"page","link":"https:\/\/www.pmpf.rs.gov.br\/turismo\/reserva-maragato\/","title":{"rendered":"Reserva Maragato"},"content":{"rendered":"\n<h2 class=\"wp-block-heading\">Reserva Particular do Patrim\u00f4nio Natural (RPPN)<\/h2>\n\n\n\n<p>A Reserva Maragato \u00e9 uma Reserva Particular do Patrim\u00f4nio Natural (RPPN). \u00c9 uma unidade de conserva\u00e7\u00e3o, onde s\u00e3o protegidos cerca de 41 hectares (ha) de Florestas com Arauc\u00e1ria e maior fragmento de floresta dentro do per\u00edmetro urbano de Passo Fundo. Ref\u00fagio da fauna e flora, local de estudos, trilhas ecol\u00f3gicas, espa\u00e7o para eventos e descanso.<\/p>\n\n\n\n<p><strong>Agende sua visita pelo email:<\/strong>&nbsp;reservamaragato@yahoo.com.br<\/p>\n\n\n\n<p><strong>ou site:<\/strong>&nbsp;www.reservamaragato.com.br<\/p>\n\n\n\n<p><strong>Local pr\u00f3ximo:<\/strong>\u00a0Capela de S\u00e3o Miguel<\/p>\n\n\n\n<div class=\"wp-block-buttons is-content-justification-center is-layout-flex wp-block-buttons-is-layout-flex\">\n<div class=\"wp-block-button has-custom-width wp-block-button__width-50\"><a class=\"wp-block-button__link has-black-color has-luminous-vivid-amber-background-color has-text-color has-background\" href=\"https:\/\/goo.gl\/maps\/YxLpZrCqvx2tnCPx9\" style=\"border-radius:8px\" target=\"_blank\" rel=\"noreferrer noopener\">VER NO MAPA<\/a><\/div>\n<\/div>\n","protected":false},"excerpt":{"rendered":"<p>Reserva Particular do Patrim\u00f4nio Natural (RPPN) A Reserva Maragato \u00e9 uma Reserva Particular do Patrim\u00f4nio Natural (RPPN). \u00c9 uma unidade de conserva\u00e7\u00e3o, onde s\u00e3o protegidos cerca de 41 hectares (ha) de Florestas [&hellip;]<\/p>\n","protected":false},"author":1,"featured_media":0,"parent":0,"menu_order":0,"comment_status":"closed","ping_status":"closed","template":"","meta":{"footnotes":""},"class_list":["post-433","page","type-page","status-publish","hentry"],"yoast_head":"<!-- This site is optimized with the Yoast SEO plugin v23.8 - https:\/\/yoast.com\/wordpress\/plugins\/seo\/ -->\n<title>Reserva Maragato - Turismo<\/title>\n<meta name=\"robots\" content=\"index, follow, max-snippet:-1, max-image-preview:large, max-video-preview:-1\" \/>\n<link rel=\"canonical\" href=\"https:\/\/www.pmpf.rs.gov.br\/turismo\/reserva-maragato\/\" \/>\n<meta property=\"og:locale\" content=\"pt_BR\" \/>\n<meta property=\"og:type\" content=\"article\" \/>\n<meta property=\"og:title\" content=\"Reserva Maragato - Turismo\" \/>\n<meta property=\"og:description\" content=\"Reserva Particular do Patrim\u00f4nio Natural (RPPN) A Reserva Maragato \u00e9 uma Reserva Particular do Patrim\u00f4nio Natural (RPPN). \u00c9 uma unidade de conserva\u00e7\u00e3o, onde s\u00e3o protegidos cerca de 41 hectares (ha) de Florestas [&hellip;]\" \/>\n<meta property=\"og:url\" content=\"https:\/\/www.pmpf.rs.gov.br\/turismo\/reserva-maragato\/\" \/>\n<meta property=\"og:site_name\" content=\"Turismo\" \/>\n<meta property=\"article:modified_time\" content=\"2021-12-24T18:01:09+00:00\" \/>\n<meta name=\"twitter:card\" content=\"summary_large_image\" \/>\n<meta name=\"twitter:label1\" content=\"Est. tempo de leitura\" \/>\n\t<meta name=\"twitter:data1\" content=\"1 minuto\" \/>\n<script type=\"application\/ld+json\" class=\"yoast-schema-graph\">{\"@context\":\"https:\/\/schema.org\",\"@graph\":[{\"@type\":\"WebPage\",\"@id\":\"https:\/\/www.pmpf.rs.gov.br\/turismo\/reserva-maragato\/\",\"url\":\"https:\/\/www.pmpf.rs.gov.br\/turismo\/reserva-maragato\/\",\"name\":\"Reserva Maragato - Turismo\",\"isPartOf\":{\"@id\":\"https:\/\/www.pmpf.rs.gov.br\/turismo\/#website\"},\"datePublished\":\"2021-12-24T17:55:40+00:00\",\"dateModified\":\"2021-12-24T18:01:09+00:00\",\"breadcrumb\":{\"@id\":\"https:\/\/www.pmpf.rs.gov.br\/turismo\/reserva-maragato\/#breadcrumb\"},\"inLanguage\":\"pt-BR\",\"potentialAction\":[{\"@type\":\"ReadAction\",\"target\":[\"https:\/\/www.pmpf.rs.gov.br\/turismo\/reserva-maragato\/\"]}]},{\"@type\":\"BreadcrumbList\",\"@id\":\"https:\/\/www.pmpf.rs.gov.br\/turismo\/reserva-maragato\/#breadcrumb\",\"itemListElement\":[{\"@type\":\"ListItem\",\"position\":1,\"name\":\"In\u00edcio\",\"item\":\"https:\/\/www.pmpf.rs.gov.br\/turismo\/\"},{\"@type\":\"ListItem\",\"position\":2,\"name\":\"Reserva Maragato\"}]},{\"@type\":\"WebSite\",\"@id\":\"https:\/\/www.pmpf.rs.gov.br\/turismo\/#website\",\"url\":\"https:\/\/www.pmpf.rs.gov.br\/turismo\/\",\"name\":\"Turismo\",\"description\":\"Descubra Passo Fundo\",\"potentialAction\":[{\"@type\":\"SearchAction\",\"target\":{\"@type\":\"EntryPoint\",\"urlTemplate\":\"https:\/\/www.pmpf.rs.gov.br\/turismo\/?s={search_term_string}\"},\"query-input\":{\"@type\":\"PropertyValueSpecification\",\"valueRequired\":true,\"valueName\":\"search_term_string\"}}],\"inLanguage\":\"pt-BR\"}]}<\/script>\n<!-- \/ Yoast SEO plugin. -->","yoast_head_json":{"title":"Reserva Maragato - Turismo","robots":{"index":"index","follow":"follow","max-snippet":"max-snippet:-1","max-image-preview":"max-image-preview:large","max-video-preview":"max-video-preview:-1"},"canonical":"https:\/\/www.pmpf.rs.gov.br\/turismo\/reserva-maragato\/","og_locale":"pt_BR","og_type":"article","og_title":"Reserva Maragato - Turismo","og_description":"Reserva Particular do Patrim\u00f4nio Natural (RPPN) A Reserva Maragato \u00e9 uma Reserva Particular do Patrim\u00f4nio Natural (RPPN). \u00c9 uma unidade de conserva\u00e7\u00e3o, onde s\u00e3o protegidos cerca de 41 hectares (ha) de Florestas [&hellip;]","og_url":"https:\/\/www.pmpf.rs.gov.br\/turismo\/reserva-maragato\/","og_site_name":"Turismo","article_modified_time":"2021-12-24T18:01:09+00:00","twitter_card":"summary_large_image","twitter_misc":{"Est. tempo de leitura":"1 minuto"},"schema":{"@context":"https:\/\/schema.org","@graph":[{"@type":"WebPage","@id":"https:\/\/www.pmpf.rs.gov.br\/turismo\/reserva-maragato\/","url":"https:\/\/www.pmpf.rs.gov.br\/turismo\/reserva-maragato\/","name":"Reserva Maragato - Turismo","isPartOf":{"@id":"https:\/\/www.pmpf.rs.gov.br\/turismo\/#website"},"datePublished":"2021-12-24T17:55:40+00:00","dateModified":"2021-12-24T18:01:09+00:00","breadcrumb":{"@id":"https:\/\/www.pmpf.rs.gov.br\/turismo\/reserva-maragato\/#breadcrumb"},"inLanguage":"pt-BR","potentialAction":[{"@type":"ReadAction","target":["https:\/\/www.pmpf.rs.gov.br\/turismo\/reserva-maragato\/"]}]},{"@type":"BreadcrumbList","@id":"https:\/\/www.pmpf.rs.gov.br\/turismo\/reserva-maragato\/#breadcrumb","itemListElement":[{"@type":"ListItem","position":1,"name":"In\u00edcio","item":"https:\/\/www.pmpf.rs.gov.br\/turismo\/"},{"@type":"ListItem","position":2,"name":"Reserva Maragato"}]},{"@type":"WebSite","@id":"https:\/\/www.pmpf.rs.gov.br\/turismo\/#website","url":"https:\/\/www.pmpf.rs.gov.br\/turismo\/","name":"Turismo","description":"Descubra Passo Fundo","potentialAction":[{"@type":"SearchAction","target":{"@type":"EntryPoint","urlTemplate":"https:\/\/www.pmpf.rs.gov.br\/turismo\/?s={search_term_string}"},"query-input":{"@type":"PropertyValueSpecification","valueRequired":true,"valueName":"search_term_string"}}],"inLanguage":"pt-BR"}]}},"_links":{"self":[{"href":"https:\/\/www.pmpf.rs.gov.br\/turismo\/wp-json\/wp\/v2\/pages\/433"}],"collection":[{"href":"https:\/\/www.pmpf.rs.gov.br\/turismo\/wp-json\/wp\/v2\/pages"}],"about":[{"href":"https:\/\/www.pmpf.rs.gov.br\/turismo\/wp-json\/wp\/v2\/types\/page"}],"author":[{"embeddable":true,"href":"https:\/\/www.pmpf.rs.gov.br\/turismo\/wp-json\/wp\/v2\/users\/1"}],"replies":[{"embeddable":true,"href":"https:\/\/www.pmpf.rs.gov.br\/turismo\/wp-json\/wp\/v2\/comments?post=433"}],"version-history":[{"count":1,"href":"https:\/\/www.pmpf.rs.gov.br\/turismo\/wp-json\/wp\/v2\/pages\/433\/revisions"}],"predecessor-version":[{"id":434,"href":"https:\/\/www.pmpf.rs.gov.br\/turismo\/wp-json\/wp\/v2\/pages\/433\/revisions\/434"}],"wp:attachment":[{"href":"https:\/\/www.pmpf.rs.gov.br\/turismo\/wp-json\/wp\/v2\/media?parent=433"}],"curies":[{"name":"wp","href":"https:\/\/api.w.org\/{rel}","templated":true}]}}