{"id":342,"date":"2021-12-22T15:03:38","date_gmt":"2021-12-22T18:03:38","guid":{"rendered":"https:\/\/www.pmpf.rs.gov.br\/turismo\/?page_id=342"},"modified":"2026-02-06T16:16:37","modified_gmt":"2026-02-06T19:16:37","slug":"listagem-dos-hoteis","status":"publish","type":"page","link":"https:\/\/www.pmpf.rs.gov.br\/turismo\/listagem-dos-hoteis\/","title":{"rendered":"Listagem dos Hot\u00e9is"},"content":{"rendered":"\n<h2 class=\"wp-block-heading\"><em>Onde Ficar em Passo Fundo<\/em><\/h2>\n\n\n\n<figure class=\"wp-block-table is-style-stripes\"><table><tbody><tr><td>Site\/Email<\/td><td>Hotel<\/td><td>Telefone<\/td><td>Endere\u00e7o<\/td><\/tr><tr><td><a href=\"http:\/\/www.ibishotel.com\">http:\/\/www.ibishotel.com<\/a><br><br>h7131-re@accor.com.br<\/td><td>Ibis Hotel<\/td><td>(54)2104-4488<\/td><td>Av. Brasil, 610 &#8211; Centro<\/td><\/tr><tr><td><a href=\"http:\/\/www.itatiaiapremium.com.br\">http:\/\/www.itatiaiapremium.com.br<\/a><br><br>itatiaia@itatiaiapremium.com.br<\/td><td>Itatiaia Premium Hotel<\/td><td>(54)3316-4422<\/td><td>Rua Capit\u00e3o Eleut\u00e9rio, 168 &#8211; Centro<\/td><\/tr><tr><td><a href=\"http:\/\/www.maitapalacehotel.com.br\">http:\/\/www.maitapalacehotel.com.br<\/a><br><br>maita@maitapalacehotel.com.br<\/td><td>Mait\u00e1 Palace Hotel<\/td><td>(54)3045-3888<\/td><td>Av. Brasil Leste, 400 &#8211; Petr\u00f3polis<\/td><\/tr><tr><td><a href=\"http:\/\/www.prixhotel.com.br\">http:\/\/www.prixhotel.com.br<\/a><br><br>contato@prixhotel.com.br<\/td><td>Prix Hotel<\/td><td>(54)3335-8400<\/td><td>Rua Lava P\u00e9s, 3600 &#8211; Boqueir\u00e3o<\/td><\/tr><tr><td><a href=\"http:\/\/www.sansilvestre.com.br\">http:\/\/www.sansilvestre.com.br<\/a><br><br>hotel@sansilvestre.com.br<\/td><td>San Silvestre Palace Hotel<\/td><td>(54)3316-3000<\/td><td>Rua Coronel Chicuta, 371 &#8211; Centro<\/td><\/tr><tr><td><a href=\"http:\/\/www.villavergueirohotel.com.b\">http:\/\/www.villavergueirohotel.com.b<\/a>r<br><br>eventos@villavergueirohotel.com.br<\/td><td>Villa Vergueiro Hotel<\/td><td>(54)3045-1000<\/td><td>Rua Lava P\u00e9s, 1000 &#8211; Centro<\/td><\/tr><tr><td><a href=\"http:\/\/www.hotelaguadero.com.br\">http:\/\/www.hotelaguadero.com.br<\/a><br><br>hotelaguadero@hotelaguadero.com.br<\/td><td>Aguadero Hotel<\/td><td>(54)3045-1444<\/td><td>Rua Eduardo de Brito esquina Rua 10 de Abril&nbsp;<\/td><\/tr><tr><td>contato@hoteltraveling.com.br<\/td><td>Traveling Hotel<\/td><td>(54) 3632-2000<\/td><td>Rua Dom Pedro II, 1455 &#8211; Petr\u00f3polis<\/td><\/tr><tr><td><a href=\"http:\/\/www.germaniashotel.com.br\">http:\/\/www.germaniashotel.com.br<\/a><br><br>germanias@germaniashotel.com.br<\/td><td>Germanias Blumen Hotel<\/td><td>(54)3311-3477<\/td><td>Rua Ant\u00f4nio Ara\u00fajo, 233&nbsp;<\/td><\/tr><tr><td><a href=\"http:\/\/www.hotelmatanativa.com.br\">http:\/\/www.hotelmatanativa.com.br<\/a><br><br>matanativa86@brturbo.com.br<\/td><td>Pousada Mata Nativa<\/td><td>(54)3311-1255<\/td><td>Rua Tramanda\u00ed, 86 &#8211; Petr\u00f3polis<\/td><\/tr><tr><td><a href=\"http:\/\/www.riohotel.tur.br\">http:\/\/www.riohotel.tur.br<\/a><br><br>riohotel@brturbo.com.br<\/td><td>Rio Hotel<\/td><td>(54)3311-7722<\/td><td>Rua Silva Jardim, 567&nbsp;<\/td><\/tr><tr><td><a href=\"http:\/\/www.turishotelpassofundo.com.br\n\">http:\/\/www.turishotelpassofundo.com.br<br><\/a><br>turis.h@terra.com.br<\/td><td>Turis Hotel<\/td><td>(54)3311-2011<\/td><td>Rua Bento Gon\u00e7alves, 349 &#8211; Centro<\/td><\/tr><tr><td><a href=\"http:\/\/www.cityhotelpf.com.br\n\">http:\/\/www.cityhotelpf.com.br<br><\/a><br>cityhotel@terra.com.br<\/td><td>City Hotel<\/td><td>(54)3046-1070 (whatsapp)<br>(54)3311-9233<\/td><td>Av. Presidente Vargas, 419<\/td><\/tr><tr><td><a href=\"https:\/\/www.idhotel.com.br\/\" target=\"_blank\" rel=\"noreferrer noopener\">https:\/\/www.idhotel.com.br<\/a><\/td><td>ID Hotel<\/td><td>(54)3313-2034 (Whatsapp)<\/td><td>Rua Graciosa Preto, 115 &#8211; Vila Popular<\/td><\/tr><tr><td>plahotel@terra.com.br<\/td><td>Hotel Planaltur<\/td><td>(54)3314-1183<\/td><td>Rua Diogo de Oliveira, 415<\/td><\/tr><tr><td>churrascariaveneza@hotmail.com<\/td><td>Hotel D&#8217;Ville<\/td><td>(54)3314-2418<\/td><td>Av. Brasil Oeste, 3530<\/td><\/tr><tr><td>serrador@brturbo.com.br<\/td><td>Hotel Serrador<\/td><td>(54)3311-6744<\/td><td>Rua Teixeira Soares, 962 &#8211; Centro<\/td><\/tr><tr><td><a href=\"http:\/\/hotelsaovicente.com\">http:\/\/hotelsaovicente.com<\/a><br><br>atendimento@hotelsaovicente.com<\/td><td>Hotel S\u00e3o Vicente<\/td><td>(54)3311-3155<\/td><td>Rua Teixeira Soares, 962 &#8211; Centro<\/td><\/tr><tr><td><a href=\"http:\/\/www.ht-davinci.com.br\">http:\/\/www.ht-davinci.com.br<\/a><br><br>davincihotel@razaoinfo.com.br<\/td><td>Da Vinci Hotel<\/td><td>(54)2103-6100<\/td><td>Rua Moron, 1324 &#8211; Centro<\/td><\/tr><tr><td><a href=\"http:\/\/instagram.com\/casasantacruznd\">@casasantacruznd<\/a><\/td><td>Casa Santa Cruz Pousada<\/td><td>(54) 3312-1502<\/td><td>Rua Jo\u00e3o Biazus, 510 &#8211; Vila Luiza<\/td><\/tr><tr><td>hoteldosviajantes@yahoo.com.br<\/td><td>Hotel dos Viajantes<\/td><td>(54)3313-3317<\/td><td>Rua \u00c2ngelo Preto, 139<\/td><\/tr><tr><td><\/td><td>Hotel Barbon<\/td><td>(54)3327-0003<\/td><td>Rua \u00c2ngelo Preto, 189<\/td><\/tr><tr><td>hotel_pordosol@brturbo.com.br<\/td><td>Hotel Por do Sol<\/td><td>(54)3311-4288<\/td><td>Rua \u00c2ngelo Preto, 213<\/td><\/tr><tr><td><strong>(EM REFORMA)<\/strong><\/td><td>Hotel Migliorini<\/td><td>(54)3311-7194<\/td><td>Av. Presidente Vargas, 5899<\/td><\/tr><tr><td><\/td><td>Pousada Quer\u00eancia<\/td><td>(54)3311-5425<\/td><td>Av. Brasil Leste, 1088<\/td><\/tr><tr><td><\/td><td>Bento Hotel<\/td><td>(54)3314-8746<\/td><td>Rua Bento Gon\u00e7alves, 219 B &#8211; Centro<\/td><\/tr><tr><td><a href=\"https:\/\/www.instagram.com\/hotel_veneza_scorsatto\">@hotel_veneza_scorsatto<\/a><\/td><td>Hotel Veneza Scorsatto<\/td><td>(54)3314-2390<\/td><td>RS 153 &#8211; Jer\u00f4nimo Coelho<\/td><\/tr><tr><td><\/td><td>Pousada 355<\/td><td>(54)3622-3455<\/td><td>Rua Olavo Bilac, 355 &#8211; Petr\u00f3polis<\/td><\/tr><tr><td><a href=\"https:\/\/www.instagram.com\/hosteltiradentespf\">@hosteltiradentespf<\/a><\/td><td>Hostel e Posada Tiradentes<\/td><td>(54)3632-7879<\/td><td>Rua Uruguai, 774 &#8211; Centro<\/td><\/tr><tr><td><\/td><td>Pousada S\u00e3o Pedro<\/td><td>(54)99676-5527<\/td><td>Rua Teixeira Soares, 25 &#8211; Centro<\/td><\/tr><tr><td>aconchegopousada@outlook.com<\/td><td>Pousada Aconchego<\/td><td>(54)3312-1421<\/td><td>Rua Lava P\u00e9s, 2151 &#8211; Boqueir\u00e3o<\/td><\/tr><tr><td><\/td><td><\/td><td><\/td><td><\/td><\/tr><\/tbody><\/table><\/figure>\n\n\n\n<h3 class=\"wp-block-heading\">Mot\u00e9is<\/h3>\n\n\n\n<figure class=\"wp-block-table is-style-stripes\"><table><tbody><tr><td>Site\/Email<\/td><td>Hotel<\/td><td>Telefone<\/td><td>Endere\u00e7o<\/td><\/tr><tr><td><a href=\"https:\/\/www.goldenmotel.com.br\">https:\/\/www.goldenmotel.com.br<\/a><\/td><td>Motel Golden<\/td><td>(54) 3311-6737<\/td><td>Rua Saldanha Marinho, 789 &#8211; Centro<\/td><\/tr><tr><td><a href=\"https:\/\/www.instagram.com\/motel_anonimus\">@motel_anonimus<\/a><\/td><td>Motel Anonimus<\/td><td>(54) 3313-5215<\/td><td>Rua Humberto de Campos, 2525 &#8211; Petr\u00f3polis<\/td><\/tr><tr><td><a href=\"https:\/\/www.instagram.com\/extasemotelpf\">@extasemotelpf<\/a><br><\/td><td>Extase Motel<\/td><td>(54) 3315-5114 <\/td><td>RS-153, 1885 &#8211; Vila Nossa Senhora Aparecida<\/td><\/tr><tr><td><a href=\"https:\/\/www.sigilusmotel.com.br\/\" target=\"_blank\" rel=\"noreferrer noopener\">https:\/\/www.sigilusmotel.com.br<\/a><\/td><td>Sigilus Motel<\/td><td>(54) 3312-8466<\/td><td>Rua Qu\u00ednzio Bertoldi, 800 &#8211; Dom Rodolfo (Perimetral Sul)<\/td><\/tr><tr><td><a href=\"https:\/\/www.helusmotel.com.br\">https:\/\/www.helusmotel.com.br<\/a><span data-sheets-root=\"1\" style=\"font-size: 10pt;font-family: Arial\"><span style=\"font-size: 10pt\"><\/span><\/span><br><\/td><td>Helus Motel<\/td><td>(54) 3601-2538<\/td><td>Rua Graciosa Pretto, 115 &#8211; Vila Popular<\/td><\/tr><tr><td><a href=\"https:\/\/www.instagram.com\/angicomotel\/\">@angicomotel<\/a><\/td><td>Motel Pousada do Angico<\/td><td>(54) 3581-0326<\/td><td>Rua Afonso Pena, 253 &#8211; Petr\u00f3polis II<\/td><\/tr><tr><td><a href=\"https:\/\/www.instagram.com\/sereiamotel_\/\">@sereiamotel_<\/a><br><\/td><td>Motel Sereia<\/td><td>(54) 3315-1634<\/td><td>Rua Carolina dos Santos, 360 &#8211; Vila Mattos<\/td><\/tr><tr><td><a href=\"https:\/\/www.instagram.com\/castelomotel\">@castelomotel<\/a><\/td><td>Castelo Motel<\/td><td>(54) 3312-6966<\/td><td>BR-285, 169 &#8211; S\u00e3o Jos\u00e9<\/td><\/tr><tr><td><a href=\"https:\/\/cassinomotel.com.br\/\" target=\"_blank\" rel=\"noreferrer noopener\">https:\/\/cassinomotel.com.br<\/a><\/td><td>Cassino Motel<\/td><td>(54) 3314-1575<\/td><td>RS-324, Km 3 &#8211; Parque do Sol &#8211; Sa\u00edda para Carazinho<\/td><\/tr><tr><td><a href=\"https:\/\/moteisparadiso.com.br\/\" target=\"_blank\" rel=\"noreferrer noopener\">https:\/\/moteisparadiso.com.br<\/a><\/td><td>Motel Paradiso<\/td><td>(54) 3314-1222<\/td><td>Rua Cel Pedro Lopes Oliveira, 152 &#8211; Boqueir\u00e3o<\/td><\/tr><tr><td><a href=\"https:\/\/lemeshotel.com.br\/\" target=\"_blank\" rel=\"noreferrer noopener\">https:\/\/lemeshotel.com.br<\/a><\/td><td>Hotel Por do sol<\/td><td>(54) 3311-4288<\/td><td>Rua \u00c2ngelo Pretto, 213 &#8211; Centro<\/td><\/tr><tr><td><br><\/td><td><\/td><td><\/td><td><\/td><\/tr><\/tbody><\/table><\/figure>\n\n\n\n<p>Se voc\u00ea identificar algum erro ou informa\u00e7\u00e3o incorreta nesta lista, entre em contato pelo e-mail turismo@pmpf.rs.gov.br, enviando sua observa\u00e7\u00e3o para que possamos proceder com a revis\u00e3o.<\/p>\n\n\n\n<p><\/p>\n","protected":false},"excerpt":{"rendered":"<p>Onde Ficar em Passo Fundo Site\/Email Hotel Telefone Endere\u00e7o http:\/\/www.ibishotel.com h7131-re@accor.com.br Ibis Hotel (54)2104-4488 Av. Brasil, 610 &#8211; Centro http:\/\/www.itatiaiapremium.com.br itatiaia@itatiaiapremium.com.br Itatiaia Premium Hotel (54)3316-4422 Rua Capit\u00e3o Eleut\u00e9rio, 168 &#8211; Centro http:\/\/www.maitapalacehotel.com.br [&hellip;]<\/p>\n","protected":false},"author":1,"featured_media":0,"parent":0,"menu_order":0,"comment_status":"closed","ping_status":"closed","template":"","meta":{"footnotes":""},"class_list":["post-342","page","type-page","status-publish","hentry"],"yoast_head":"<!-- This site is optimized with the Yoast SEO plugin v23.8 - https:\/\/yoast.com\/wordpress\/plugins\/seo\/ -->\n<title>Listagem dos Hot\u00e9is - Turismo<\/title>\n<meta name=\"robots\" content=\"index, follow, max-snippet:-1, max-image-preview:large, max-video-preview:-1\" \/>\n<link rel=\"canonical\" href=\"https:\/\/www.pmpf.rs.gov.br\/turismo\/listagem-dos-hoteis\/\" \/>\n<meta property=\"og:locale\" content=\"pt_BR\" \/>\n<meta property=\"og:type\" content=\"article\" \/>\n<meta property=\"og:title\" content=\"Listagem dos Hot\u00e9is - Turismo\" \/>\n<meta property=\"og:description\" content=\"Onde Ficar em Passo Fundo Site\/Email Hotel Telefone Endere\u00e7o http:\/\/www.ibishotel.com h7131-re@accor.com.br Ibis Hotel (54)2104-4488 Av. Brasil, 610 &#8211; Centro http:\/\/www.itatiaiapremium.com.br itatiaia@itatiaiapremium.com.br Itatiaia Premium Hotel (54)3316-4422 Rua Capit\u00e3o Eleut\u00e9rio, 168 &#8211; Centro http:\/\/www.maitapalacehotel.com.br [&hellip;]\" \/>\n<meta property=\"og:url\" content=\"https:\/\/www.pmpf.rs.gov.br\/turismo\/listagem-dos-hoteis\/\" \/>\n<meta property=\"og:site_name\" content=\"Turismo\" \/>\n<meta property=\"article:modified_time\" content=\"2026-02-06T19:16:37+00:00\" \/>\n<meta name=\"twitter:card\" content=\"summary_large_image\" \/>\n<meta name=\"twitter:label1\" content=\"Est. tempo de leitura\" \/>\n\t<meta name=\"twitter:data1\" content=\"2 minutos\" \/>\n<script type=\"application\/ld+json\" class=\"yoast-schema-graph\">{\"@context\":\"https:\/\/schema.org\",\"@graph\":[{\"@type\":\"WebPage\",\"@id\":\"https:\/\/www.pmpf.rs.gov.br\/turismo\/listagem-dos-hoteis\/\",\"url\":\"https:\/\/www.pmpf.rs.gov.br\/turismo\/listagem-dos-hoteis\/\",\"name\":\"Listagem dos Hot\u00e9is - Turismo\",\"isPartOf\":{\"@id\":\"https:\/\/www.pmpf.rs.gov.br\/turismo\/#website\"},\"datePublished\":\"2021-12-22T18:03:38+00:00\",\"dateModified\":\"2026-02-06T19:16:37+00:00\",\"breadcrumb\":{\"@id\":\"https:\/\/www.pmpf.rs.gov.br\/turismo\/listagem-dos-hoteis\/#breadcrumb\"},\"inLanguage\":\"pt-BR\",\"potentialAction\":[{\"@type\":\"ReadAction\",\"target\":[\"https:\/\/www.pmpf.rs.gov.br\/turismo\/listagem-dos-hoteis\/\"]}]},{\"@type\":\"BreadcrumbList\",\"@id\":\"https:\/\/www.pmpf.rs.gov.br\/turismo\/listagem-dos-hoteis\/#breadcrumb\",\"itemListElement\":[{\"@type\":\"ListItem\",\"position\":1,\"name\":\"In\u00edcio\",\"item\":\"https:\/\/www.pmpf.rs.gov.br\/turismo\/\"},{\"@type\":\"ListItem\",\"position\":2,\"name\":\"Listagem dos Hot\u00e9is\"}]},{\"@type\":\"WebSite\",\"@id\":\"https:\/\/www.pmpf.rs.gov.br\/turismo\/#website\",\"url\":\"https:\/\/www.pmpf.rs.gov.br\/turismo\/\",\"name\":\"Turismo\",\"description\":\"Descubra Passo Fundo\",\"potentialAction\":[{\"@type\":\"SearchAction\",\"target\":{\"@type\":\"EntryPoint\",\"urlTemplate\":\"https:\/\/www.pmpf.rs.gov.br\/turismo\/?s={search_term_string}\"},\"query-input\":{\"@type\":\"PropertyValueSpecification\",\"valueRequired\":true,\"valueName\":\"search_term_string\"}}],\"inLanguage\":\"pt-BR\"}]}<\/script>\n<!-- \/ Yoast SEO plugin. -->","yoast_head_json":{"title":"Listagem dos Hot\u00e9is - Turismo","robots":{"index":"index","follow":"follow","max-snippet":"max-snippet:-1","max-image-preview":"max-image-preview:large","max-video-preview":"max-video-preview:-1"},"canonical":"https:\/\/www.pmpf.rs.gov.br\/turismo\/listagem-dos-hoteis\/","og_locale":"pt_BR","og_type":"article","og_title":"Listagem dos Hot\u00e9is - Turismo","og_description":"Onde Ficar em Passo Fundo Site\/Email Hotel Telefone Endere\u00e7o http:\/\/www.ibishotel.com h7131-re@accor.com.br Ibis Hotel (54)2104-4488 Av. Brasil, 610 &#8211; Centro http:\/\/www.itatiaiapremium.com.br itatiaia@itatiaiapremium.com.br Itatiaia Premium Hotel (54)3316-4422 Rua Capit\u00e3o Eleut\u00e9rio, 168 &#8211; Centro http:\/\/www.maitapalacehotel.com.br [&hellip;]","og_url":"https:\/\/www.pmpf.rs.gov.br\/turismo\/listagem-dos-hoteis\/","og_site_name":"Turismo","article_modified_time":"2026-02-06T19:16:37+00:00","twitter_card":"summary_large_image","twitter_misc":{"Est. tempo de leitura":"2 minutos"},"schema":{"@context":"https:\/\/schema.org","@graph":[{"@type":"WebPage","@id":"https:\/\/www.pmpf.rs.gov.br\/turismo\/listagem-dos-hoteis\/","url":"https:\/\/www.pmpf.rs.gov.br\/turismo\/listagem-dos-hoteis\/","name":"Listagem dos Hot\u00e9is - Turismo","isPartOf":{"@id":"https:\/\/www.pmpf.rs.gov.br\/turismo\/#website"},"datePublished":"2021-12-22T18:03:38+00:00","dateModified":"2026-02-06T19:16:37+00:00","breadcrumb":{"@id":"https:\/\/www.pmpf.rs.gov.br\/turismo\/listagem-dos-hoteis\/#breadcrumb"},"inLanguage":"pt-BR","potentialAction":[{"@type":"ReadAction","target":["https:\/\/www.pmpf.rs.gov.br\/turismo\/listagem-dos-hoteis\/"]}]},{"@type":"BreadcrumbList","@id":"https:\/\/www.pmpf.rs.gov.br\/turismo\/listagem-dos-hoteis\/#breadcrumb","itemListElement":[{"@type":"ListItem","position":1,"name":"In\u00edcio","item":"https:\/\/www.pmpf.rs.gov.br\/turismo\/"},{"@type":"ListItem","position":2,"name":"Listagem dos Hot\u00e9is"}]},{"@type":"WebSite","@id":"https:\/\/www.pmpf.rs.gov.br\/turismo\/#website","url":"https:\/\/www.pmpf.rs.gov.br\/turismo\/","name":"Turismo","description":"Descubra Passo Fundo","potentialAction":[{"@type":"SearchAction","target":{"@type":"EntryPoint","urlTemplate":"https:\/\/www.pmpf.rs.gov.br\/turismo\/?s={search_term_string}"},"query-input":{"@type":"PropertyValueSpecification","valueRequired":true,"valueName":"search_term_string"}}],"inLanguage":"pt-BR"}]}},"_links":{"self":[{"href":"https:\/\/www.pmpf.rs.gov.br\/turismo\/wp-json\/wp\/v2\/pages\/342"}],"collection":[{"href":"https:\/\/www.pmpf.rs.gov.br\/turismo\/wp-json\/wp\/v2\/pages"}],"about":[{"href":"https:\/\/www.pmpf.rs.gov.br\/turismo\/wp-json\/wp\/v2\/types\/page"}],"author":[{"embeddable":true,"href":"https:\/\/www.pmpf.rs.gov.br\/turismo\/wp-json\/wp\/v2\/users\/1"}],"replies":[{"embeddable":true,"href":"https:\/\/www.pmpf.rs.gov.br\/turismo\/wp-json\/wp\/v2\/comments?post=342"}],"version-history":[{"count":20,"href":"https:\/\/www.pmpf.rs.gov.br\/turismo\/wp-json\/wp\/v2\/pages\/342\/revisions"}],"predecessor-version":[{"id":635,"href":"https:\/\/www.pmpf.rs.gov.br\/turismo\/wp-json\/wp\/v2\/pages\/342\/revisions\/635"}],"wp:attachment":[{"href":"https:\/\/www.pmpf.rs.gov.br\/turismo\/wp-json\/wp\/v2\/media?parent=342"}],"curies":[{"name":"wp","href":"https:\/\/api.w.org\/{rel}","templated":true}]}}