{"id":340,"date":"2021-12-22T15:03:07","date_gmt":"2021-12-22T18:03:07","guid":{"rendered":"https:\/\/www.pmpf.rs.gov.br\/turismo\/?page_id=340"},"modified":"2026-04-13T15:26:37","modified_gmt":"2026-04-13T18:26:37","slug":"telefones-e-enderecos","status":"publish","type":"page","link":"https:\/\/www.pmpf.rs.gov.br\/turismo\/telefones-e-enderecos\/","title":{"rendered":"Telefones e Endere\u00e7os"},"content":{"rendered":"\n<h2 class=\"wp-block-heading\">Telefones \u00dateis<\/h2>\n\n\n\n<p><strong>Prefeitura<\/strong><br><strong>0800 541 7100<\/strong><br>Telefone: (54)3316-7100<br>E-mail: pmpf@pmpf.rs.gov.br<br>Rua Dr. Jo\u00e3o Freitas, 75 &#8211; 99010-005 &#8211; Passo Fundo &#8211; RS<br>Hor\u00e1rio de atendimento: 8h \u00e0s 11h30min &#8211; 13h30min \u00e0s 17h<br><br><strong>Bombeiro<\/strong><br>193<br><br><strong>Defesa Civil<\/strong><br>(54) 3313-3768 &#8211; E-mail: defesacivil@pmpf.rs.gov.br<br><br><strong>SAMU<\/strong><br>192<br><br><strong>Divis\u00e3o de Cemit\u00e9rio &#8211; STSG<\/strong><br>Telefone: (54) 33132266<br>Endere\u00e7o: Rua Moacir da Motta Fortes, 418, Bairro Vera Cruz<br>Junto ao Cemit\u00e9rio da Vera Cruz e Capela Mortu\u00e1ria<br><br><strong>Guarda de Tr\u00e2nsito<\/strong><br>Telefone: 153, (54)3311-1195 e (54)3311-3943<br>E-mail: gmt@pmpf.rs.gov.br<br>Endere\u00e7o: Av. Brasil Leste, 1504 &#8211; Bairro Petr\u00f3polis<br>Hor\u00e1rio de atendimento: 8h \u00e0s 11h30min &#8211; 13h30min \u00e0s 17h<br><br><strong>Auditoria<\/strong><br>Telefone: (54) 3316-1000<br>Endere\u00e7o:Rua Independ\u00eancia, 185, Centro<br>E-mail: auditoria@pmpf.rs.gov.br<br>Hor\u00e1rio de atendimento: 8h \u00e0s 11h30min &#8211; 13h30min \u00e0s 17h<br><br><strong>Biblioteca P\u00fablica<\/strong><br>Telefone: (54) 3311-1128<br>Endere\u00e7o: Av Brasil Oeste, n\u00b0 792<br><br><strong>C\u00e2mara de Vereadores<\/strong><br>Telefones: (54) 3316-7300<br>Email: cmpf@cmpf.rs.gov.b<br>Endere\u00e7o: Rua Dr. Jo\u00e3o Freitas, 75 &#8211; 99010-005<br>Hor\u00e1rio de atendimento: 8h \u00e0s 11h30min &#8211; 13h30min \u00e0s 17h<br><br><strong>Capasemu<\/strong><br>Telefone: (54)3313-1311<br>E-mail: capasemu@yahoo.com.br<br>Endere\u00e7o: Rua Morom, n\u00b0 1858<br>Hor\u00e1rio de atendimento: 8h \u00e0s 11h30min &#8211; 13h30min \u00e0s 17:00h<br><br><strong>Conselhos Municipais<\/strong><br>Telefone:(54) 98404-4776, (54) 3581-0187<br>E-mail: conselhosmunicipais@pmpf.rs.gov.br<br>Endere\u00e7o: Rua Morom, 2968, Ed. Becker Sala 3-5, Boqueir\u00e3o<br>Hor\u00e1rio de atendimento: 8h \u00e0s 11h30min &#8211; 13h30min \u00e0s 17h00<br><br><strong>Conselho Municipal dos Direitos da Crian\u00e7a e do Adolescente &#8211; Comdica<\/strong><br>Telefone: (54)3581-0187, (54) 98404-4776<br>E-mail: comdica@pmpf.rs.gov.br<br>Endere\u00e7o: Rua Moron, n\u00b0 2022<br>Hor\u00e1rio de atendimento: 8h \u00e0s 12h &#8211; 13h30min \u00e0s 17h30min<br><br><strong>Conselho Tutelar<\/strong><br>Telefone:(54)3317-1636 \/ (54)3312-1588 \/ (54)3312-3699<br>Atendimento Plant\u00e3o 24h Microregi\u00e3o I: (54)99998.1051<br>Atendimento Plant\u00e3o 24h Microregi\u00e3o II: (54) 99975.9309<br>Endere\u00e7o: Rua Moron, 2624 &#8211; Boqueir\u00e3o<br>Hor\u00e1rio de atendimento: 8h \u00e0s 11h45min &#8211; 13h30min \u00e0s 17h00min<br><br><strong>INCRA<\/strong><br>Endere\u00e7o: Rua Dr. Jo\u00e3o Freitas, n\u00b0 75<br>Telefone: (54) 3311-1193<br>E-mail: secrint@pmpf.rs.gov.br<br><br><strong>Instituto de Previd\u00eancia de Passo Fundo &#8211; IPPASSO<\/strong><br>Telefone: (54)3315-1400<br>Site: www.ippasso.com.br<br>Endere\u00e7o: Rua Paissandu, 141, centro<br>Hor\u00e1rio de atendimento: 9h \u00e0s 12h &#8211; 13h \u00e0s 17h<br><br><strong>Junta de Servi\u00e7o Militar<\/strong><br>Telefone: (54)3311-6043<br>E-mail: jsm054@pmpf.rs.gov.br<br>Endere\u00e7o: Avenida Brasil Oeste, 792 &#8211; Fundos (Antiga Prefeitura)<br><br><strong>Gabinete do Prefeito<\/strong><br>Telefone: (54)3316-7108<br>E-mail: gabinete@pmpf.rs.gov.br<br>Endere\u00e7o: Rua Dr. Jo\u00e3o Freitas, n\u00b0 75<br>Hor\u00e1rio de atendimento: 8h \u00e0s 11h30min &#8211; 13h30min \u00e0s 17h<\/p>\n\n\n\n<p><strong>Patrim\u00f4nio<\/strong><br>Telefone: (54)3312-5760, (54) 3311-6396<br>Endere\u00e7o: Rua Gaspar Martins, n\u00b0 2330, Petr\u00f3polis<br>Hor\u00e1rio de atendimento: 8h \u00e0s 11h30min &#8211; 13h30min \u00e0s 17h<br><br><strong>Procon<\/strong><br>Telefone: (54)3584-1155<br>E-mail: procon@pmpf.rs.gov.br<br>Endere\u00e7o: <strong>&nbsp;<\/strong>Rua General Neto, n\u00ba 443, 5\u00ba andar<br>Hor\u00e1rio de atendimento: 8h \u00e0s 11h30min &#8211; 13h30min \u00e0s 17h<br><br><strong>Secretaria de Administra\u00e7\u00e3o<\/strong><br>Telefone: (54)3316-7120<br>E-mail: sead@pmpf.rs.gov.br<br>Endere\u00e7o: Rua Dr. Jo\u00e3o Freitas, n\u00b0 75<br>Hor\u00e1rio de atendimento: 8h \u00e0s 11h30min &#8211; 13h30min \u00e0s 17h<br><br><strong>Secretaria de Agricultura e Desenvolvimento Rural<\/strong><br>Telefone: (54)3311-1193<br>E-mail: secrint@pmpf.rs.gov.br<br>Endere\u00e7o: Rua Dr. Jo\u00e3o Freitas, n\u00b0 75<br>Hor\u00e1rio de atendimento: 8h \u00e0s 11h30min &#8211; 13h30min \u00e0s 17h<br><br><strong>Secretaria de  Capta\u00e7\u00e3o de Recursos<\/strong><br>Telefone: (54)3314-5484<br>E-mail: projetos_seplan@pmpf.rs.gov.br<br>Endere\u00e7o: Rua Dr. Jo\u00e3o Freitas, n\u00b0 75<br>Hor\u00e1rio de atendimento: 8h \u00e0s 11h30min &#8211; 13h30min \u00e0s 17h<br><br><strong>Secretaria de Cidadania e Assist\u00eancia Social<\/strong><br>Telefone: (54)3312-3070 \/ (54) 3313-0178<br>E-mail: semcas@pmpf.rs.gov.br<br>Endere\u00e7o: Rua Moron, n\u00b0 2022<br>Hor\u00e1rio de atendimento: 8h \u00e0s 11h30min &#8211; 13h30min \u00e0s 17h<br><br><strong>Secretaria de Cultura<\/strong><br>Telefone: (54)3312-1426 e (54)3312-2091<br>E-mail: sedec@pmpf.rs.gov.br<br>Endere\u00e7o: Av Brasil Oeste, n\u00b0 792<br>Hor\u00e1rio de atendimento: 8h \u00e0s 11h30min &#8211; 13h30min \u00e0s 17h<br><br><strong>Secretaria de Desenvolvimento Econ\u00f4mico<\/strong><br>Telefone: (54)3314-5546 (54)3314-5622 (54)33145484<br>E-mail: sde@pmpf.rs.gov.br<br>Endere\u00e7o: Av. General Netto, 443, 5\u00b0 Andar<br>Hor\u00e1rio de atendimento: 8h \u00e0s 11h30min &#8211; 13h30min \u00e0s 17h<br><br><strong>Secretaria de Educa\u00e7\u00e3o<\/strong><br>Telefone: (54)3316-7181<br>E-mail: sme@pmpf.rs.gov.br<br>Endere\u00e7o: Rua Dr. Jo\u00e3o Freitas, n\u00b0 75<br>Hor\u00e1rio de atendimento: 8h \u00e0s 11h30min &#8211; 13h30min \u00e0s 17h<br><br><strong>Secretaria de Esportes<\/strong><br>Telefone: (54)3311-2485<br>E-mail: desporto@pmpf.rs.gov.br<br>Endere\u00e7o: Av Brasil Oeste, n\u00b0 792<br>Hor\u00e1rio de atendimento: 8h \u00e0s 11h30min &#8211; 13h30min \u00e0s 17h<br><br><strong>Secretaria de Finan\u00e7as<\/strong><br>Telefone: (54)3311-4222 Divida ativa: (54)3311-3235 (54)33114098<br>E-mail: sef@pmpf.rs.gov.br<br>Endere\u00e7o: Rua Ant\u00f4nio Ara\u00fajo, 1002 (Antiga Justi\u00e7a do Trabalho)<br>Hor\u00e1rio de atendimento: 8h \u00e0s 11h25min &#8211; 13h30min \u00e0s 16h55min<br><br><strong>Secretaria de Habita\u00e7\u00e3o<\/strong><br>Telefone: (54)3314-4009<br>E-mail: sehab@pmpf.rs.gov.br<br>Endere\u00e7o: Av. Brasil Leste, 1504, Sala B, Bairro Petr\u00f3polis &#8211; CEP 99050144<br>Hor\u00e1rio de atendimento: 8h \u00e0s 11h30min &#8211; 13h30min \u00e0s 17h<\/p>\n\n\n\n<p><strong>Secretaria de Inova\u00e7\u00e3o<\/strong><br>Telefone: 54 99641-1922<br>E-mail: cap.inovacao@pmpf.rs.gov.br<br>Endere\u00e7o: Rua 7 de setembro, 496- sala 306<\/p>\n\n\n\n<p><strong>Secretaria de Meio Ambiente<\/strong><br>Telefone: (54)33129201 (54)33172529<br>E-mail: smam@pmpf.rs.gov.br<br>Endere\u00e7o: Rua Tom\u00e9 Mendes, 183, Parque Ambiental Banhado da Vergueiro<br>Hor\u00e1rio de atendimento: 8h \u00e0s 11h30min &#8211; 13h30min \u00e0s 17h<br><br><strong>Secretaria de Obras<\/strong><br>Telefone: (54)3316-7161<br>E-mail: smo@pmpf.rs.gov.br<br>Endere\u00e7o: Rua Dr. Jo\u00e3o Freitas, n\u00b0 75<br>Hor\u00e1rio de atendimento: 8h \u00e0s 11h30min &#8211; 13h30min \u00e0s 17h<br><br><strong>Secretaria de Planejamento<\/strong><br>Telefone: (54)3316-7222<br>E-mail: seplan@pmpf.rs.gov.br<br>Endere\u00e7o: Rua Dr. Jo\u00e3o Freitas, n\u00b0 75<br>Hor\u00e1rio de atendimento: 8h \u00e0s 11h30min &#8211; 13h30min \u00e0s 17h<br><br><strong>Procuradoria do Munic\u00edpio<\/strong><br>Telefone: (54)3316-7241<br>E-mail: pgm@pmpf.rs.gov.br<br>Endere\u00e7o: Rua Dr. Jo\u00e3o Freitas, n\u00b0 75<br>Hor\u00e1rio de atendimento: 8h \u00e0s 11h30min &#8211; 13h30min \u00e0s 17h<br><br><strong>Secretaria de Sa\u00fade<\/strong><br>Telefone: (54)3316-1000<br>E-mail: sms@pmpf.rs.gov.br<br>Endere\u00e7o: Rua Independ\u00eancia, 185, Centro<br>Hor\u00e1rio de atendimento: 8h \u00e0s 12h &#8211; 13h \u00e0s 17h<br><br><strong>N\u00facleo de Vigil\u00e2ncia em Sa\u00fade, Vigil\u00e2ncia Sanit\u00e1ria, Sa\u00fade do Trabalho e Epidemiol\u00f3gica<\/strong><br>Telefone: (54)30460153<br>E-mail: vigsaude@pmpf.rs.gov.br<br>Endere\u00e7o: Rua Silva Jardim. 727, Esquina com a Rua Independ\u00eancia, Centro<br>Hor\u00e1rio de atendimento: 8h \u00e0s 12h &#8211; 13h \u00e0s 17h<br><br><strong>Secretaria de Seguran\u00e7a P\u00fablica<\/strong><br>Telefone: (54)3313-8458 e (54)3313-3768<br>E-mail: seg@pmpf.rs.gov.br<br>Endere\u00e7o: Av. Brasil Leste, 1504 &#8211; Bairro Petr\u00f3polis<br>Hor\u00e1rio de atendimento: 8h \u00e0s 11h30min &#8211; 13h30min \u00e0s 17h<br><br><strong>Secretaria de Transpar\u00eancia e Rela\u00e7\u00f5es Institucionais<\/strong><br><strong>Ouvidoria 0800 5417100<\/strong><br>Telefone: (54)3314 4009 &#8211; Ramal 24<br>E-mail: transparencia@pmpf.rs.gov.br<br>Endere\u00e7o: Av. Brasil Leste, 1504, Bairro Petr\u00f3polis &#8211; CEP 99050144<br>Hor\u00e1rio de atendimento: 8h \u00e0s 11h30min &#8211; 13h30min \u00e0s 17h<br><br><strong>Secretaria de  Servi\u00e7os Gerais<\/strong><br>Telefone: (54)3313-7576<br>E-mail: <strong><a href=\"mailto:ssg@pmpf.rs.gov.br\" target=\"_blank\" rel=\"noreferrer noopener\">ssg@pmpf.rs.gov.br<\/a><\/strong><br>Endere\u00e7o: Rua Doutor Verdi de Cesaro, 326<br>Hor\u00e1rio de atendimento: 8h \u00e0s 11h30min &#8211; 13h30min \u00e0s 17h<br><br><\/p>\n\n\n\n<p><\/p>\n","protected":false},"excerpt":{"rendered":"<p>Telefones \u00dateis Prefeitura0800 541 7100Telefone: (54)3316-7100E-mail: pmpf@pmpf.rs.gov.brRua Dr. Jo\u00e3o Freitas, 75 &#8211; 99010-005 &#8211; Passo Fundo &#8211; RSHor\u00e1rio de atendimento: 8h \u00e0s 11h30min &#8211; 13h30min \u00e0s 17h Bombeiro193 Defesa Civil(54) 3313-3768 &#8211; [&hellip;]<\/p>\n","protected":false},"author":1,"featured_media":0,"parent":0,"menu_order":0,"comment_status":"closed","ping_status":"closed","template":"","meta":{"footnotes":""},"class_list":["post-340","page","type-page","status-publish","hentry"],"yoast_head":"<!-- This site is optimized with the Yoast SEO plugin v23.8 - https:\/\/yoast.com\/wordpress\/plugins\/seo\/ -->\n<title>Telefones e Endere\u00e7os - Turismo<\/title>\n<meta name=\"robots\" content=\"index, follow, max-snippet:-1, max-image-preview:large, max-video-preview:-1\" \/>\n<link rel=\"canonical\" href=\"https:\/\/www.pmpf.rs.gov.br\/turismo\/telefones-e-enderecos\/\" \/>\n<meta property=\"og:locale\" content=\"pt_BR\" \/>\n<meta property=\"og:type\" content=\"article\" \/>\n<meta property=\"og:title\" content=\"Telefones e Endere\u00e7os - Turismo\" \/>\n<meta property=\"og:description\" content=\"Telefones \u00dateis Prefeitura0800 541 7100Telefone: (54)3316-7100E-mail: pmpf@pmpf.rs.gov.brRua Dr. Jo\u00e3o Freitas, 75 &#8211; 99010-005 &#8211; Passo Fundo &#8211; RSHor\u00e1rio de atendimento: 8h \u00e0s 11h30min &#8211; 13h30min \u00e0s 17h Bombeiro193 Defesa Civil(54) 3313-3768 &#8211; [&hellip;]\" \/>\n<meta property=\"og:url\" content=\"https:\/\/www.pmpf.rs.gov.br\/turismo\/telefones-e-enderecos\/\" \/>\n<meta property=\"og:site_name\" content=\"Turismo\" \/>\n<meta property=\"article:modified_time\" content=\"2026-04-13T18:26:37+00:00\" \/>\n<meta name=\"twitter:card\" content=\"summary_large_image\" \/>\n<meta name=\"twitter:label1\" content=\"Est. tempo de leitura\" \/>\n\t<meta name=\"twitter:data1\" content=\"6 minutos\" \/>\n<script type=\"application\/ld+json\" class=\"yoast-schema-graph\">{\"@context\":\"https:\/\/schema.org\",\"@graph\":[{\"@type\":\"WebPage\",\"@id\":\"https:\/\/www.pmpf.rs.gov.br\/turismo\/telefones-e-enderecos\/\",\"url\":\"https:\/\/www.pmpf.rs.gov.br\/turismo\/telefones-e-enderecos\/\",\"name\":\"Telefones e Endere\u00e7os - Turismo\",\"isPartOf\":{\"@id\":\"https:\/\/www.pmpf.rs.gov.br\/turismo\/#website\"},\"datePublished\":\"2021-12-22T18:03:07+00:00\",\"dateModified\":\"2026-04-13T18:26:37+00:00\",\"breadcrumb\":{\"@id\":\"https:\/\/www.pmpf.rs.gov.br\/turismo\/telefones-e-enderecos\/#breadcrumb\"},\"inLanguage\":\"pt-BR\",\"potentialAction\":[{\"@type\":\"ReadAction\",\"target\":[\"https:\/\/www.pmpf.rs.gov.br\/turismo\/telefones-e-enderecos\/\"]}]},{\"@type\":\"BreadcrumbList\",\"@id\":\"https:\/\/www.pmpf.rs.gov.br\/turismo\/telefones-e-enderecos\/#breadcrumb\",\"itemListElement\":[{\"@type\":\"ListItem\",\"position\":1,\"name\":\"In\u00edcio\",\"item\":\"https:\/\/www.pmpf.rs.gov.br\/turismo\/\"},{\"@type\":\"ListItem\",\"position\":2,\"name\":\"Telefones e Endere\u00e7os\"}]},{\"@type\":\"WebSite\",\"@id\":\"https:\/\/www.pmpf.rs.gov.br\/turismo\/#website\",\"url\":\"https:\/\/www.pmpf.rs.gov.br\/turismo\/\",\"name\":\"Turismo\",\"description\":\"Descubra Passo Fundo\",\"potentialAction\":[{\"@type\":\"SearchAction\",\"target\":{\"@type\":\"EntryPoint\",\"urlTemplate\":\"https:\/\/www.pmpf.rs.gov.br\/turismo\/?s={search_term_string}\"},\"query-input\":{\"@type\":\"PropertyValueSpecification\",\"valueRequired\":true,\"valueName\":\"search_term_string\"}}],\"inLanguage\":\"pt-BR\"}]}<\/script>\n<!-- \/ Yoast SEO plugin. -->","yoast_head_json":{"title":"Telefones e Endere\u00e7os - Turismo","robots":{"index":"index","follow":"follow","max-snippet":"max-snippet:-1","max-image-preview":"max-image-preview:large","max-video-preview":"max-video-preview:-1"},"canonical":"https:\/\/www.pmpf.rs.gov.br\/turismo\/telefones-e-enderecos\/","og_locale":"pt_BR","og_type":"article","og_title":"Telefones e Endere\u00e7os - Turismo","og_description":"Telefones \u00dateis Prefeitura0800 541 7100Telefone: (54)3316-7100E-mail: pmpf@pmpf.rs.gov.brRua Dr. Jo\u00e3o Freitas, 75 &#8211; 99010-005 &#8211; Passo Fundo &#8211; RSHor\u00e1rio de atendimento: 8h \u00e0s 11h30min &#8211; 13h30min \u00e0s 17h Bombeiro193 Defesa Civil(54) 3313-3768 &#8211; [&hellip;]","og_url":"https:\/\/www.pmpf.rs.gov.br\/turismo\/telefones-e-enderecos\/","og_site_name":"Turismo","article_modified_time":"2026-04-13T18:26:37+00:00","twitter_card":"summary_large_image","twitter_misc":{"Est. tempo de leitura":"6 minutos"},"schema":{"@context":"https:\/\/schema.org","@graph":[{"@type":"WebPage","@id":"https:\/\/www.pmpf.rs.gov.br\/turismo\/telefones-e-enderecos\/","url":"https:\/\/www.pmpf.rs.gov.br\/turismo\/telefones-e-enderecos\/","name":"Telefones e Endere\u00e7os - Turismo","isPartOf":{"@id":"https:\/\/www.pmpf.rs.gov.br\/turismo\/#website"},"datePublished":"2021-12-22T18:03:07+00:00","dateModified":"2026-04-13T18:26:37+00:00","breadcrumb":{"@id":"https:\/\/www.pmpf.rs.gov.br\/turismo\/telefones-e-enderecos\/#breadcrumb"},"inLanguage":"pt-BR","potentialAction":[{"@type":"ReadAction","target":["https:\/\/www.pmpf.rs.gov.br\/turismo\/telefones-e-enderecos\/"]}]},{"@type":"BreadcrumbList","@id":"https:\/\/www.pmpf.rs.gov.br\/turismo\/telefones-e-enderecos\/#breadcrumb","itemListElement":[{"@type":"ListItem","position":1,"name":"In\u00edcio","item":"https:\/\/www.pmpf.rs.gov.br\/turismo\/"},{"@type":"ListItem","position":2,"name":"Telefones e Endere\u00e7os"}]},{"@type":"WebSite","@id":"https:\/\/www.pmpf.rs.gov.br\/turismo\/#website","url":"https:\/\/www.pmpf.rs.gov.br\/turismo\/","name":"Turismo","description":"Descubra Passo Fundo","potentialAction":[{"@type":"SearchAction","target":{"@type":"EntryPoint","urlTemplate":"https:\/\/www.pmpf.rs.gov.br\/turismo\/?s={search_term_string}"},"query-input":{"@type":"PropertyValueSpecification","valueRequired":true,"valueName":"search_term_string"}}],"inLanguage":"pt-BR"}]}},"_links":{"self":[{"href":"https:\/\/www.pmpf.rs.gov.br\/turismo\/wp-json\/wp\/v2\/pages\/340"}],"collection":[{"href":"https:\/\/www.pmpf.rs.gov.br\/turismo\/wp-json\/wp\/v2\/pages"}],"about":[{"href":"https:\/\/www.pmpf.rs.gov.br\/turismo\/wp-json\/wp\/v2\/types\/page"}],"author":[{"embeddable":true,"href":"https:\/\/www.pmpf.rs.gov.br\/turismo\/wp-json\/wp\/v2\/users\/1"}],"replies":[{"embeddable":true,"href":"https:\/\/www.pmpf.rs.gov.br\/turismo\/wp-json\/wp\/v2\/comments?post=340"}],"version-history":[{"count":12,"href":"https:\/\/www.pmpf.rs.gov.br\/turismo\/wp-json\/wp\/v2\/pages\/340\/revisions"}],"predecessor-version":[{"id":674,"href":"https:\/\/www.pmpf.rs.gov.br\/turismo\/wp-json\/wp\/v2\/pages\/340\/revisions\/674"}],"wp:attachment":[{"href":"https:\/\/www.pmpf.rs.gov.br\/turismo\/wp-json\/wp\/v2\/media?parent=340"}],"curies":[{"name":"wp","href":"https:\/\/api.w.org\/{rel}","templated":true}]}}