{"id":338,"date":"2021-12-22T15:02:31","date_gmt":"2021-12-22T18:02:31","guid":{"rendered":"https:\/\/www.pmpf.rs.gov.br\/turismo\/?page_id=338"},"modified":"2021-12-22T15:02:31","modified_gmt":"2021-12-22T18:02:31","slug":"referencia-em-saude","status":"publish","type":"page","link":"https:\/\/www.pmpf.rs.gov.br\/turismo\/referencia-em-saude\/","title":{"rendered":"Refer\u00eancia em Sa\u00fade"},"content":{"rendered":"\n<h2 class=\"wp-block-heading\"><em>Refer\u00eancia em atendimento m\u00e9dico<\/em><\/h2>\n\n\n\n<p>Passo Fundo conta com um tradicional sistema de aten\u00e7\u00e3o \u00e0 sa\u00fade, que re\u00fane hospitais e centros m\u00e9dicos atualizados, ambulat\u00f3rios de atendimento b\u00e1sico e especializado, cl\u00ednicas, consult\u00f3rios m\u00e9dicos e odontol\u00f3gicos, laborat\u00f3rios e farm\u00e1cias. O munic\u00edpio abriga um sistema de alta complexidade que cobre interna\u00e7\u00f5es, diagn\u00f3sticos, tratamentos oncol\u00f3gicos e cardioneurovasculares, transplantes e banco de tecidos.<\/p>\n\n\n\n<p>Uma rede de forma\u00e7\u00e3o baseada em institui\u00e7\u00f5es de ensino superior capacita m\u00e9dicos, cirurgi\u00f5es-dentistas, psic\u00f3logos, al\u00e9m de profissionais que atuam no campo das ci\u00eancias humanas em distintas especialidades. Refer\u00eancia no Rio Grande do Sul nas \u00e1reas de radiologia e de radioterapia, as principais entidades hospitalares de Passo Fundo mant\u00e9m cursos de forma\u00e7\u00e3o t\u00e9cnica com o objetivo de qualificar os cuidados dedicados aos pacientes.O sistema de sa\u00fade atende a uma macrorregi\u00e3o composta por munic\u00edpios dos estados do Rio Grande do Sul, Santa Catarina e Paran\u00e1, e ainda das regi\u00f5es Sudeste e Centro-Oeste do pa\u00eds.<\/p>\n","protected":false},"excerpt":{"rendered":"<p>Refer\u00eancia em atendimento m\u00e9dico Passo Fundo conta com um tradicional sistema de aten\u00e7\u00e3o \u00e0 sa\u00fade, que re\u00fane hospitais e centros m\u00e9dicos atualizados, ambulat\u00f3rios de atendimento b\u00e1sico e especializado, cl\u00ednicas, consult\u00f3rios m\u00e9dicos e [&hellip;]<\/p>\n","protected":false},"author":1,"featured_media":0,"parent":0,"menu_order":0,"comment_status":"closed","ping_status":"closed","template":"","meta":{"footnotes":""},"class_list":["post-338","page","type-page","status-publish","hentry"],"yoast_head":"<!-- This site is optimized with the Yoast SEO plugin v23.8 - https:\/\/yoast.com\/wordpress\/plugins\/seo\/ -->\n<title>Refer\u00eancia em Sa\u00fade - Turismo<\/title>\n<meta name=\"robots\" content=\"index, follow, max-snippet:-1, max-image-preview:large, max-video-preview:-1\" \/>\n<link rel=\"canonical\" href=\"https:\/\/www.pmpf.rs.gov.br\/turismo\/referencia-em-saude\/\" \/>\n<meta property=\"og:locale\" content=\"pt_BR\" \/>\n<meta property=\"og:type\" content=\"article\" \/>\n<meta property=\"og:title\" content=\"Refer\u00eancia em Sa\u00fade - Turismo\" \/>\n<meta property=\"og:description\" content=\"Refer\u00eancia em atendimento m\u00e9dico Passo Fundo conta com um tradicional sistema de aten\u00e7\u00e3o \u00e0 sa\u00fade, que re\u00fane hospitais e centros m\u00e9dicos atualizados, ambulat\u00f3rios de atendimento b\u00e1sico e especializado, cl\u00ednicas, consult\u00f3rios m\u00e9dicos e [&hellip;]\" \/>\n<meta property=\"og:url\" content=\"https:\/\/www.pmpf.rs.gov.br\/turismo\/referencia-em-saude\/\" \/>\n<meta property=\"og:site_name\" content=\"Turismo\" \/>\n<meta name=\"twitter:card\" content=\"summary_large_image\" \/>\n<meta name=\"twitter:label1\" content=\"Est. tempo de leitura\" \/>\n\t<meta name=\"twitter:data1\" content=\"1 minuto\" \/>\n<script type=\"application\/ld+json\" class=\"yoast-schema-graph\">{\"@context\":\"https:\/\/schema.org\",\"@graph\":[{\"@type\":\"WebPage\",\"@id\":\"https:\/\/www.pmpf.rs.gov.br\/turismo\/referencia-em-saude\/\",\"url\":\"https:\/\/www.pmpf.rs.gov.br\/turismo\/referencia-em-saude\/\",\"name\":\"Refer\u00eancia em Sa\u00fade - Turismo\",\"isPartOf\":{\"@id\":\"https:\/\/www.pmpf.rs.gov.br\/turismo\/#website\"},\"datePublished\":\"2021-12-22T18:02:31+00:00\",\"dateModified\":\"2021-12-22T18:02:31+00:00\",\"breadcrumb\":{\"@id\":\"https:\/\/www.pmpf.rs.gov.br\/turismo\/referencia-em-saude\/#breadcrumb\"},\"inLanguage\":\"pt-BR\",\"potentialAction\":[{\"@type\":\"ReadAction\",\"target\":[\"https:\/\/www.pmpf.rs.gov.br\/turismo\/referencia-em-saude\/\"]}]},{\"@type\":\"BreadcrumbList\",\"@id\":\"https:\/\/www.pmpf.rs.gov.br\/turismo\/referencia-em-saude\/#breadcrumb\",\"itemListElement\":[{\"@type\":\"ListItem\",\"position\":1,\"name\":\"In\u00edcio\",\"item\":\"https:\/\/www.pmpf.rs.gov.br\/turismo\/\"},{\"@type\":\"ListItem\",\"position\":2,\"name\":\"Refer\u00eancia em Sa\u00fade\"}]},{\"@type\":\"WebSite\",\"@id\":\"https:\/\/www.pmpf.rs.gov.br\/turismo\/#website\",\"url\":\"https:\/\/www.pmpf.rs.gov.br\/turismo\/\",\"name\":\"Turismo\",\"description\":\"Descubra Passo Fundo\",\"potentialAction\":[{\"@type\":\"SearchAction\",\"target\":{\"@type\":\"EntryPoint\",\"urlTemplate\":\"https:\/\/www.pmpf.rs.gov.br\/turismo\/?s={search_term_string}\"},\"query-input\":{\"@type\":\"PropertyValueSpecification\",\"valueRequired\":true,\"valueName\":\"search_term_string\"}}],\"inLanguage\":\"pt-BR\"}]}<\/script>\n<!-- \/ Yoast SEO plugin. -->","yoast_head_json":{"title":"Refer\u00eancia em Sa\u00fade - Turismo","robots":{"index":"index","follow":"follow","max-snippet":"max-snippet:-1","max-image-preview":"max-image-preview:large","max-video-preview":"max-video-preview:-1"},"canonical":"https:\/\/www.pmpf.rs.gov.br\/turismo\/referencia-em-saude\/","og_locale":"pt_BR","og_type":"article","og_title":"Refer\u00eancia em Sa\u00fade - Turismo","og_description":"Refer\u00eancia em atendimento m\u00e9dico Passo Fundo conta com um tradicional sistema de aten\u00e7\u00e3o \u00e0 sa\u00fade, que re\u00fane hospitais e centros m\u00e9dicos atualizados, ambulat\u00f3rios de atendimento b\u00e1sico e especializado, cl\u00ednicas, consult\u00f3rios m\u00e9dicos e [&hellip;]","og_url":"https:\/\/www.pmpf.rs.gov.br\/turismo\/referencia-em-saude\/","og_site_name":"Turismo","twitter_card":"summary_large_image","twitter_misc":{"Est. tempo de leitura":"1 minuto"},"schema":{"@context":"https:\/\/schema.org","@graph":[{"@type":"WebPage","@id":"https:\/\/www.pmpf.rs.gov.br\/turismo\/referencia-em-saude\/","url":"https:\/\/www.pmpf.rs.gov.br\/turismo\/referencia-em-saude\/","name":"Refer\u00eancia em Sa\u00fade - Turismo","isPartOf":{"@id":"https:\/\/www.pmpf.rs.gov.br\/turismo\/#website"},"datePublished":"2021-12-22T18:02:31+00:00","dateModified":"2021-12-22T18:02:31+00:00","breadcrumb":{"@id":"https:\/\/www.pmpf.rs.gov.br\/turismo\/referencia-em-saude\/#breadcrumb"},"inLanguage":"pt-BR","potentialAction":[{"@type":"ReadAction","target":["https:\/\/www.pmpf.rs.gov.br\/turismo\/referencia-em-saude\/"]}]},{"@type":"BreadcrumbList","@id":"https:\/\/www.pmpf.rs.gov.br\/turismo\/referencia-em-saude\/#breadcrumb","itemListElement":[{"@type":"ListItem","position":1,"name":"In\u00edcio","item":"https:\/\/www.pmpf.rs.gov.br\/turismo\/"},{"@type":"ListItem","position":2,"name":"Refer\u00eancia em Sa\u00fade"}]},{"@type":"WebSite","@id":"https:\/\/www.pmpf.rs.gov.br\/turismo\/#website","url":"https:\/\/www.pmpf.rs.gov.br\/turismo\/","name":"Turismo","description":"Descubra Passo Fundo","potentialAction":[{"@type":"SearchAction","target":{"@type":"EntryPoint","urlTemplate":"https:\/\/www.pmpf.rs.gov.br\/turismo\/?s={search_term_string}"},"query-input":{"@type":"PropertyValueSpecification","valueRequired":true,"valueName":"search_term_string"}}],"inLanguage":"pt-BR"}]}},"_links":{"self":[{"href":"https:\/\/www.pmpf.rs.gov.br\/turismo\/wp-json\/wp\/v2\/pages\/338"}],"collection":[{"href":"https:\/\/www.pmpf.rs.gov.br\/turismo\/wp-json\/wp\/v2\/pages"}],"about":[{"href":"https:\/\/www.pmpf.rs.gov.br\/turismo\/wp-json\/wp\/v2\/types\/page"}],"author":[{"embeddable":true,"href":"https:\/\/www.pmpf.rs.gov.br\/turismo\/wp-json\/wp\/v2\/users\/1"}],"replies":[{"embeddable":true,"href":"https:\/\/www.pmpf.rs.gov.br\/turismo\/wp-json\/wp\/v2\/comments?post=338"}],"version-history":[{"count":1,"href":"https:\/\/www.pmpf.rs.gov.br\/turismo\/wp-json\/wp\/v2\/pages\/338\/revisions"}],"predecessor-version":[{"id":339,"href":"https:\/\/www.pmpf.rs.gov.br\/turismo\/wp-json\/wp\/v2\/pages\/338\/revisions\/339"}],"wp:attachment":[{"href":"https:\/\/www.pmpf.rs.gov.br\/turismo\/wp-json\/wp\/v2\/media?parent=338"}],"curies":[{"name":"wp","href":"https:\/\/api.w.org\/{rel}","templated":true}]}}