{"id":9003,"date":"2025-01-31T09:27:43","date_gmt":"2025-01-31T12:27:43","guid":{"rendered":"https:\/\/www.pmpf.rs.gov.br\/transparencia\/?page_id=9003"},"modified":"2025-01-31T09:27:44","modified_gmt":"2025-01-31T12:27:44","slug":"ano-2024","status":"publish","type":"page","link":"https:\/\/www.pmpf.rs.gov.br\/transparencia\/demonstrativos-contabeis\/ano-2024\/","title":{"rendered":"Ano 2024"},"content":{"rendered":"\n<ul class=\"wp-block-list\">\n<li><a href=\"https:\/\/www.pmpf.rs.gov.br\/transparencia\/wp-content\/uploads\/sites\/31\/2025\/01\/Balanco-Orcamentario-2024.pdf\" target=\"_blank\" rel=\"noreferrer noopener\">Balan\u00e7o Or\u00e7ament\u00e1rio<\/a><\/li>\n\n\n\n<li><a href=\"https:\/\/www.pmpf.rs.gov.br\/transparencia\/wp-content\/uploads\/sites\/31\/2025\/01\/Balanco-Financeiro-2024.pdf\" target=\"_blank\" rel=\"noreferrer noopener\">Balan\u00e7o Financeiro<\/a><\/li>\n\n\n\n<li><a href=\"https:\/\/www.pmpf.rs.gov.br\/transparencia\/wp-content\/uploads\/sites\/31\/2025\/01\/Balanco-Patrimonial-2024.pdf\" target=\"_blank\" rel=\"noreferrer noopener\">Balan\u00e7o Patrimonial<\/a><\/li>\n\n\n\n<li><a href=\"https:\/\/www.pmpf.rs.gov.br\/transparencia\/wp-content\/uploads\/sites\/31\/2025\/01\/Demonstracao-das-Variacoes-Patrimoniais-2024.pdf\" target=\"_blank\" rel=\"noreferrer noopener\">Demonstra\u00e7\u00e3o das Varia\u00e7\u00f5es Patrimoniais<\/a><\/li>\n\n\n\n<li><a href=\"https:\/\/www.pmpf.rs.gov.br\/transparencia\/wp-content\/uploads\/sites\/31\/2025\/01\/Demonstracao-dos-Fluxos-de-Caixa-2024.pdf\" target=\"_blank\" rel=\"noreferrer noopener\">Demonstra\u00e7\u00e3o dos Fluxos de Caixa (DFC)<\/a><\/li>\n\n\n\n<li><a href=\"https:\/\/www.pmpf.rs.gov.br\/transparencia\/wp-content\/uploads\/sites\/31\/2025\/01\/Demonstracao-da-Divida-Fundada-2024.pdf\" target=\"_blank\" rel=\"noreferrer noopener\">Demonstra\u00e7\u00e3o D\u00edvida Fundada<\/a><\/li>\n\n\n\n<li><a href=\"https:\/\/www.pmpf.rs.gov.br\/transparencia\/wp-content\/uploads\/sites\/31\/2025\/01\/Demonstracao-das-Mutacoes-do-Patrimonio-Liquido-2024.pdf\" target=\"_blank\" rel=\"noreferrer noopener\">Demonstra\u00e7\u00e3o das Muta\u00e7\u00f5es do Patrim\u00f4nio L\u00edquido 2024<\/a><\/li>\n\n\n\n<li><a href=\"https:\/\/www.pmpf.rs.gov.br\/transparencia\/wp-content\/uploads\/sites\/31\/2025\/01\/Notas-explicativas-PMPF-2024.pdf\" target=\"_blank\" rel=\"noreferrer noopener\">Notas Explicativas<\/a><\/li>\n<\/ul>\n\n\n\n<p><\/p>\n","protected":false},"excerpt":{"rendered":"","protected":false},"author":26,"featured_media":0,"parent":1930,"menu_order":30,"comment_status":"closed","ping_status":"closed","template":"","meta":{"footnotes":""},"class_list":["post-9003","page","type-page","status-publish","hentry"],"yoast_head":"<!-- This site is optimized with the Yoast SEO plugin v23.8 - https:\/\/yoast.com\/wordpress\/plugins\/seo\/ -->\n<title>Ano 2024 - Transpar\u00eancia<\/title>\n<meta name=\"robots\" content=\"index, follow, max-snippet:-1, max-image-preview:large, max-video-preview:-1\" \/>\n<link rel=\"canonical\" href=\"https:\/\/www.pmpf.rs.gov.br\/transparencia\/demonstrativos-contabeis\/ano-2024\/\" \/>\n<meta property=\"og:locale\" content=\"pt_BR\" \/>\n<meta property=\"og:type\" content=\"article\" \/>\n<meta property=\"og:title\" content=\"Ano 2024 - Transpar\u00eancia\" \/>\n<meta property=\"og:url\" content=\"https:\/\/www.pmpf.rs.gov.br\/transparencia\/demonstrativos-contabeis\/ano-2024\/\" \/>\n<meta property=\"og:site_name\" content=\"Transpar\u00eancia\" \/>\n<meta property=\"article:modified_time\" content=\"2025-01-31T12:27:44+00:00\" \/>\n<meta name=\"twitter:card\" content=\"summary_large_image\" \/>\n<script type=\"application\/ld+json\" class=\"yoast-schema-graph\">{\"@context\":\"https:\/\/schema.org\",\"@graph\":[{\"@type\":\"WebPage\",\"@id\":\"https:\/\/www.pmpf.rs.gov.br\/transparencia\/demonstrativos-contabeis\/ano-2024\/\",\"url\":\"https:\/\/www.pmpf.rs.gov.br\/transparencia\/demonstrativos-contabeis\/ano-2024\/\",\"name\":\"Ano 2024 - Transpar\u00eancia\",\"isPartOf\":{\"@id\":\"https:\/\/www.pmpf.rs.gov.br\/transparencia\/#website\"},\"datePublished\":\"2025-01-31T12:27:43+00:00\",\"dateModified\":\"2025-01-31T12:27:44+00:00\",\"breadcrumb\":{\"@id\":\"https:\/\/www.pmpf.rs.gov.br\/transparencia\/demonstrativos-contabeis\/ano-2024\/#breadcrumb\"},\"inLanguage\":\"pt-BR\",\"potentialAction\":[{\"@type\":\"ReadAction\",\"target\":[\"https:\/\/www.pmpf.rs.gov.br\/transparencia\/demonstrativos-contabeis\/ano-2024\/\"]}]},{\"@type\":\"BreadcrumbList\",\"@id\":\"https:\/\/www.pmpf.rs.gov.br\/transparencia\/demonstrativos-contabeis\/ano-2024\/#breadcrumb\",\"itemListElement\":[{\"@type\":\"ListItem\",\"position\":1,\"name\":\"Demonstrativos Cont\u00e1beis\",\"item\":\"https:\/\/www.pmpf.rs.gov.br\/transparencia\/demonstrativos-contabeis\/\"},{\"@type\":\"ListItem\",\"position\":2,\"name\":\"Ano 2024\"}]},{\"@type\":\"WebSite\",\"@id\":\"https:\/\/www.pmpf.rs.gov.br\/transparencia\/#website\",\"url\":\"https:\/\/www.pmpf.rs.gov.br\/transparencia\/\",\"name\":\"Transpar\u00eancia\",\"description\":\"S\u00f3 mais um site Prefeitura de Passo Fundo\",\"potentialAction\":[{\"@type\":\"SearchAction\",\"target\":{\"@type\":\"EntryPoint\",\"urlTemplate\":\"https:\/\/www.pmpf.rs.gov.br\/transparencia\/?s={search_term_string}\"},\"query-input\":{\"@type\":\"PropertyValueSpecification\",\"valueRequired\":true,\"valueName\":\"search_term_string\"}}],\"inLanguage\":\"pt-BR\"}]}<\/script>\n<!-- \/ Yoast SEO plugin. -->","yoast_head_json":{"title":"Ano 2024 - Transpar\u00eancia","robots":{"index":"index","follow":"follow","max-snippet":"max-snippet:-1","max-image-preview":"max-image-preview:large","max-video-preview":"max-video-preview:-1"},"canonical":"https:\/\/www.pmpf.rs.gov.br\/transparencia\/demonstrativos-contabeis\/ano-2024\/","og_locale":"pt_BR","og_type":"article","og_title":"Ano 2024 - Transpar\u00eancia","og_url":"https:\/\/www.pmpf.rs.gov.br\/transparencia\/demonstrativos-contabeis\/ano-2024\/","og_site_name":"Transpar\u00eancia","article_modified_time":"2025-01-31T12:27:44+00:00","twitter_card":"summary_large_image","schema":{"@context":"https:\/\/schema.org","@graph":[{"@type":"WebPage","@id":"https:\/\/www.pmpf.rs.gov.br\/transparencia\/demonstrativos-contabeis\/ano-2024\/","url":"https:\/\/www.pmpf.rs.gov.br\/transparencia\/demonstrativos-contabeis\/ano-2024\/","name":"Ano 2024 - Transpar\u00eancia","isPartOf":{"@id":"https:\/\/www.pmpf.rs.gov.br\/transparencia\/#website"},"datePublished":"2025-01-31T12:27:43+00:00","dateModified":"2025-01-31T12:27:44+00:00","breadcrumb":{"@id":"https:\/\/www.pmpf.rs.gov.br\/transparencia\/demonstrativos-contabeis\/ano-2024\/#breadcrumb"},"inLanguage":"pt-BR","potentialAction":[{"@type":"ReadAction","target":["https:\/\/www.pmpf.rs.gov.br\/transparencia\/demonstrativos-contabeis\/ano-2024\/"]}]},{"@type":"BreadcrumbList","@id":"https:\/\/www.pmpf.rs.gov.br\/transparencia\/demonstrativos-contabeis\/ano-2024\/#breadcrumb","itemListElement":[{"@type":"ListItem","position":1,"name":"Demonstrativos Cont\u00e1beis","item":"https:\/\/www.pmpf.rs.gov.br\/transparencia\/demonstrativos-contabeis\/"},{"@type":"ListItem","position":2,"name":"Ano 2024"}]},{"@type":"WebSite","@id":"https:\/\/www.pmpf.rs.gov.br\/transparencia\/#website","url":"https:\/\/www.pmpf.rs.gov.br\/transparencia\/","name":"Transpar\u00eancia","description":"S\u00f3 mais um site Prefeitura de Passo Fundo","potentialAction":[{"@type":"SearchAction","target":{"@type":"EntryPoint","urlTemplate":"https:\/\/www.pmpf.rs.gov.br\/transparencia\/?s={search_term_string}"},"query-input":{"@type":"PropertyValueSpecification","valueRequired":true,"valueName":"search_term_string"}}],"inLanguage":"pt-BR"}]}},"_links":{"self":[{"href":"https:\/\/www.pmpf.rs.gov.br\/transparencia\/wp-json\/wp\/v2\/pages\/9003"}],"collection":[{"href":"https:\/\/www.pmpf.rs.gov.br\/transparencia\/wp-json\/wp\/v2\/pages"}],"about":[{"href":"https:\/\/www.pmpf.rs.gov.br\/transparencia\/wp-json\/wp\/v2\/types\/page"}],"author":[{"embeddable":true,"href":"https:\/\/www.pmpf.rs.gov.br\/transparencia\/wp-json\/wp\/v2\/users\/26"}],"replies":[{"embeddable":true,"href":"https:\/\/www.pmpf.rs.gov.br\/transparencia\/wp-json\/wp\/v2\/comments?post=9003"}],"version-history":[{"count":1,"href":"https:\/\/www.pmpf.rs.gov.br\/transparencia\/wp-json\/wp\/v2\/pages\/9003\/revisions"}],"predecessor-version":[{"id":9012,"href":"https:\/\/www.pmpf.rs.gov.br\/transparencia\/wp-json\/wp\/v2\/pages\/9003\/revisions\/9012"}],"up":[{"embeddable":true,"href":"https:\/\/www.pmpf.rs.gov.br\/transparencia\/wp-json\/wp\/v2\/pages\/1930"}],"wp:attachment":[{"href":"https:\/\/www.pmpf.rs.gov.br\/transparencia\/wp-json\/wp\/v2\/media?parent=9003"}],"curies":[{"name":"wp","href":"https:\/\/api.w.org\/{rel}","templated":true}]}}