{"id":88,"date":"2021-12-16T12:45:04","date_gmt":"2021-12-16T15:45:04","guid":{"rendered":"https:\/\/www.pmpf.rs.gov.br\/transparencia\/?page_id=88"},"modified":"2025-09-17T13:59:34","modified_gmt":"2025-09-17T16:59:34","slug":"sic","status":"publish","type":"page","link":"https:\/\/www.pmpf.rs.gov.br\/transparencia\/sic\/","title":{"rendered":"Acesso \u00e0 Informa\u00e7\u00e3o &#8211; SIC"},"content":{"rendered":"\n<hr class=\"wp-block-separator has-alpha-channel-opacity\"\/>\n\n\n\n<div class=\"wp-block-buttons is-content-justification-left is-layout-flex wp-container-core-buttons-is-layout-1 wp-block-buttons-is-layout-flex\">\n<div class=\"wp-block-button has-custom-font-size has-small-font-size\"><a class=\"wp-block-button__link has-white-color has-blue-background-color has-text-color has-background has-link-color wp-element-button\" href=\"https:\/\/grp.pmpf.rs.gov.br\/grp\/acessoexterno\/programaAcessoExterno.faces?codigo=697987\" style=\"border-radius:6px\" target=\"_blank\" rel=\"noreferrer noopener\">Fa\u00e7a seu Pedido<\/a><\/div>\n\n\n\n<div class=\"wp-block-button has-custom-font-size has-small-font-size\"><a class=\"wp-block-button__link has-white-color has-blue-background-color has-text-color has-background has-link-color wp-element-button\" href=\"https:\/\/grp.pmpf.rs.gov.br\/grp\/acessoexterno\/programaAcessoExterno.faces?codigo=669924\" style=\"border-radius:6px\" target=\"_blank\" rel=\"noreferrer noopener\">Acompanhe seu Pedido<\/a><\/div>\n\n\n\n<div class=\"wp-block-button has-custom-font-size has-small-font-size\"><a class=\"wp-block-button__link has-white-color has-blue-background-color has-text-color has-background has-link-color wp-element-button\" href=\"https:\/\/grp.pmpf.rs.gov.br\/grp\/acessoexterno\/programaAcessoExterno.faces?codigo=691048\" style=\"border-radius:6px\" target=\"_blank\" rel=\"noreferrer noopener\">Relat\u00f3rios Estat\u00edsticos<\/a><\/div>\n<\/div>\n\n\n\n<hr class=\"wp-block-separator has-alpha-channel-opacity\"\/>\n\n\n\n<p>A Lei de Acesso \u00e0 Informa\u00e7\u00e3o, institu\u00edda pela&nbsp;<a href=\"http:\/\/www.planalto.gov.br\/CCIVIL_03\/_Ato2011-2014\/2011\/Lei\/L12527.htm\" target=\"_blank\" rel=\"noreferrer noopener\">Lei Federal n\u00ba 12.527, de 18 de novembro de 2011<\/a>, e regulamentada pela&nbsp;<a href=\"https:\/\/leismunicipais.com.br\/a1\/rs\/p\/passo-fundo\/lei-ordinaria\/2013\/504\/5031\/lei-ordinaria-n-5031-2013-regulamenta-a-lei-federal-n-12527-de-18-de-novembro-de-2011-no-ambito-do-poder-executivo-municipal-estabelecendo-procedimentos-e-outras-providencias-correlatas-para-garantir-o-direito-de-acesso-a-informacao?q=5031\" target=\"_blank\" rel=\"noreferrer noopener\">Lei Municipal N\u00b0 5.031 de 11 de novembro de 2013<\/a>, cria o Servi\u00e7o de Informa\u00e7\u00f5es ao Cidad\u00e3o \u2013 SIC, o qual permite que qualquer pessoa, f\u00edsica ou jur\u00eddica, encaminhe pedidos de acesso \u00e0 informa\u00e7\u00e3o, acompanhe-o e receba a resposta da solicita\u00e7\u00e3o realizada.<\/p>\n\n\n\n<p>As solicita\u00e7\u00f5es de acesso \u00e0 informa\u00e7\u00e3o, tramitar\u00e3o exclusivamente na forma de Processo Eletr\u00f4nico pelo sistema eletr\u00f4nico de acesso \u00e0 informa\u00e7\u00e3o (e-SIC), o qual gera um n\u00famero de protocolo que propicia o acompanhamento da demanda. O encaminhamento de recurso ou reclama\u00e7\u00e3o por omiss\u00e3o de resposta, igualmente ocorrer\u00e1 exclusivamente pelo formul\u00e1rio eletr\u00f4nico.<\/p>\n\n\n\n<p>Para o primeiro acesso ser\u00e1 necess\u00e1rio o preenchimento do formul\u00e1rio de&nbsp;<a href=\"https:\/\/grp.pmpf.rs.gov.br\/grp\/acessoexterno\/programaAcessoExterno.faces?codigo=670014\" target=\"_blank\" rel=\"noreferrer noopener\">Cadastro Geral do Contribuinte,<\/a>&nbsp;sendo que, em acessos posteriores bastar\u00e1 a utiliza\u00e7\u00e3o da senha obtida.<\/p>\n\n\n\n<p>O prazo de resposta do SIC ser\u00e1 de at\u00e9 20 dias, prorrog\u00e1vel por mais 10 dias desde que justificado e cientificado o requerente, os termos do art.14, \u00a72\u00ba Lei n\u00b0 5.031\/2013. O servi\u00e7o de informa\u00e7\u00f5es ao cidad\u00e3o \u00e9 gratuito. Exceto em caso de fornecimento de c\u00f3pias.<\/p>\n\n\n\n<p>Em casos de indeferimento ou discord\u00e2ncia das raz\u00f5es da negativa do acesso \u00e0 informa\u00e7\u00e3o, o interessado poder\u00e1, encaminhar recurso, nos termos e prazos dos art. 17 da Lei N\u00b0 5.031 de 11 de novembro de 2013.<\/p>\n\n\n\n<p>Em casos de omiss\u00f5es de resposta ao pedido de acesso \u00e0 informa\u00e7\u00e3o, o interessado poder\u00e1, encaminhar uma reclama\u00e7\u00e3o, nos termos e prazos do art. 18 da <a href=\"https:\/\/leismunicipais.com.br\/a1\/rs\/p\/passo-fundo\/lei-ordinaria\/2013\/504\/5031\/lei-ordinaria-n-5031-2013-regulamenta-a-lei-federal-n-12527-de-18-de-novembro-de-2011-no-ambito-do-poder-executivo-municipal-estabelecendo-procedimentos-e-outras-providencias-correlatas-para-garantir-o-direito-de-acesso-a-informacao?q=5031\" target=\"_blank\" rel=\"noreferrer noopener\">Lei n\u00b0 5.031\/2013<\/a>.<\/p>\n\n\n\n<p>Quando o requerente n\u00e3o dispor de meios para abertura na forma eletr\u00f4nica, o requerimento poder\u00e1 ser feito pessoalmente no N\u00facleo de Atendimento (Protocolo):<\/p>\n\n\n\n<p>Rua Doutor Jo\u00e3o Freitas, 75.<br>Hor\u00e1rio de atendimento: 08:00 \u00e0s 11:30 e das 13:30 \u00e0s 17h<br>Telefone: 0800 541 7100<br>E-mail: sic@pmpf.rs.gov.br<\/p>\n\n\n\n<p>O pedido de acesso \u00e0 informa\u00e7\u00e3o ser\u00e1 recebido e gerenciado pela Comiss\u00e3o de Acesso \u00e0 Informa\u00e7\u00e3o, nomeada pela\u00a0<a href=\"https:\/\/www.pmpf.rs.gov.br\/transparencia\/wp-content\/uploads\/sites\/31\/2025\/09\/acesso-informacao-portaria-896-2025.pdf\" target=\"_blank\" rel=\"noreferrer noopener\">Portaria 896\/2025<\/a>.\u00a0Os membros da comiss\u00e3o s\u00e3o os respons\u00e1veis pelo SIC.<\/p>\n\n\n\n<figure class=\"wp-block-image size-large is-resized is-style-default\"><a href=\"https:\/\/radardatransparencia.atricon.org.br\/radar-da-transparencia-publica.html\" target=\"_blank\" rel=\"noreferrer noopener\"><img loading=\"lazy\" decoding=\"async\" width=\"467\" height=\"180\" src=\"https:\/\/www.pmpf.rs.gov.br\/transparencia\/wp-content\/uploads\/sites\/31\/2023\/06\/logoradar-1.svg\" alt=\"\" class=\"wp-image-6248\" style=\"width:353px;height:auto\"\/><\/a><\/figure>\n\n\n\n<hr class=\"wp-block-separator has-alpha-channel-opacity\"\/>\n\n\n\n<p><\/p>\n","protected":false},"excerpt":{"rendered":"<p>A Lei de Acesso \u00e0 Informa\u00e7\u00e3o, institu\u00edda pela&nbsp;Lei Federal n\u00ba 12.527, de 18 de novembro de 2011, e regulamentada pela&nbsp;Lei Municipal N\u00b0 5.031 de 11 de novembro de 2013, cria o Servi\u00e7o [&hellip;]<\/p>\n","protected":false},"author":1,"featured_media":0,"parent":0,"menu_order":122,"comment_status":"closed","ping_status":"closed","template":"","meta":{"footnotes":""},"class_list":["post-88","page","type-page","status-publish","hentry"],"yoast_head":"<!-- This site is optimized with the Yoast SEO plugin v23.8 - https:\/\/yoast.com\/wordpress\/plugins\/seo\/ -->\n<title>Acesso \u00e0 Informa\u00e7\u00e3o - SIC - Transpar\u00eancia<\/title>\n<meta name=\"robots\" content=\"index, follow, max-snippet:-1, max-image-preview:large, max-video-preview:-1\" \/>\n<link rel=\"canonical\" href=\"https:\/\/www.pmpf.rs.gov.br\/transparencia\/sic\/\" \/>\n<meta property=\"og:locale\" content=\"pt_BR\" \/>\n<meta property=\"og:type\" content=\"article\" \/>\n<meta property=\"og:title\" content=\"Acesso \u00e0 Informa\u00e7\u00e3o - SIC - Transpar\u00eancia\" \/>\n<meta property=\"og:description\" content=\"A Lei de Acesso \u00e0 Informa\u00e7\u00e3o, institu\u00edda pela&nbsp;Lei Federal n\u00ba 12.527, de 18 de novembro de 2011, e regulamentada pela&nbsp;Lei Municipal N\u00b0 5.031 de 11 de novembro de 2013, cria o Servi\u00e7o [&hellip;]\" \/>\n<meta property=\"og:url\" content=\"https:\/\/www.pmpf.rs.gov.br\/transparencia\/sic\/\" \/>\n<meta property=\"og:site_name\" content=\"Transpar\u00eancia\" \/>\n<meta property=\"article:modified_time\" content=\"2025-09-17T16:59:34+00:00\" \/>\n<meta name=\"twitter:card\" content=\"summary_large_image\" \/>\n<meta name=\"twitter:label1\" content=\"Est. tempo de leitura\" \/>\n\t<meta name=\"twitter:data1\" content=\"3 minutos\" \/>\n<script type=\"application\/ld+json\" class=\"yoast-schema-graph\">{\"@context\":\"https:\/\/schema.org\",\"@graph\":[{\"@type\":\"WebPage\",\"@id\":\"https:\/\/www.pmpf.rs.gov.br\/transparencia\/sic\/\",\"url\":\"https:\/\/www.pmpf.rs.gov.br\/transparencia\/sic\/\",\"name\":\"Acesso \u00e0 Informa\u00e7\u00e3o - SIC - Transpar\u00eancia\",\"isPartOf\":{\"@id\":\"https:\/\/www.pmpf.rs.gov.br\/transparencia\/#website\"},\"primaryImageOfPage\":{\"@id\":\"https:\/\/www.pmpf.rs.gov.br\/transparencia\/sic\/#primaryimage\"},\"image\":{\"@id\":\"https:\/\/www.pmpf.rs.gov.br\/transparencia\/sic\/#primaryimage\"},\"thumbnailUrl\":\"https:\/\/www.pmpf.rs.gov.br\/transparencia\/wp-content\/uploads\/sites\/31\/2023\/06\/logoradar-1.svg\",\"datePublished\":\"2021-12-16T15:45:04+00:00\",\"dateModified\":\"2025-09-17T16:59:34+00:00\",\"inLanguage\":\"pt-BR\",\"potentialAction\":[{\"@type\":\"ReadAction\",\"target\":[\"https:\/\/www.pmpf.rs.gov.br\/transparencia\/sic\/\"]}]},{\"@type\":\"ImageObject\",\"inLanguage\":\"pt-BR\",\"@id\":\"https:\/\/www.pmpf.rs.gov.br\/transparencia\/sic\/#primaryimage\",\"url\":\"https:\/\/www.pmpf.rs.gov.br\/transparencia\/wp-content\/uploads\/sites\/31\/2023\/06\/logoradar-1.svg\",\"contentUrl\":\"https:\/\/www.pmpf.rs.gov.br\/transparencia\/wp-content\/uploads\/sites\/31\/2023\/06\/logoradar-1.svg\",\"width\":467,\"height\":180},{\"@type\":\"WebSite\",\"@id\":\"https:\/\/www.pmpf.rs.gov.br\/transparencia\/#website\",\"url\":\"https:\/\/www.pmpf.rs.gov.br\/transparencia\/\",\"name\":\"Transpar\u00eancia\",\"description\":\"S\u00f3 mais um site Prefeitura de Passo Fundo\",\"potentialAction\":[{\"@type\":\"SearchAction\",\"target\":{\"@type\":\"EntryPoint\",\"urlTemplate\":\"https:\/\/www.pmpf.rs.gov.br\/transparencia\/?s={search_term_string}\"},\"query-input\":{\"@type\":\"PropertyValueSpecification\",\"valueRequired\":true,\"valueName\":\"search_term_string\"}}],\"inLanguage\":\"pt-BR\"}]}<\/script>\n<!-- \/ Yoast SEO plugin. -->","yoast_head_json":{"title":"Acesso \u00e0 Informa\u00e7\u00e3o - SIC - Transpar\u00eancia","robots":{"index":"index","follow":"follow","max-snippet":"max-snippet:-1","max-image-preview":"max-image-preview:large","max-video-preview":"max-video-preview:-1"},"canonical":"https:\/\/www.pmpf.rs.gov.br\/transparencia\/sic\/","og_locale":"pt_BR","og_type":"article","og_title":"Acesso \u00e0 Informa\u00e7\u00e3o - SIC - Transpar\u00eancia","og_description":"A Lei de Acesso \u00e0 Informa\u00e7\u00e3o, institu\u00edda pela&nbsp;Lei Federal n\u00ba 12.527, de 18 de novembro de 2011, e regulamentada pela&nbsp;Lei Municipal N\u00b0 5.031 de 11 de novembro de 2013, cria o Servi\u00e7o [&hellip;]","og_url":"https:\/\/www.pmpf.rs.gov.br\/transparencia\/sic\/","og_site_name":"Transpar\u00eancia","article_modified_time":"2025-09-17T16:59:34+00:00","twitter_card":"summary_large_image","twitter_misc":{"Est. tempo de leitura":"3 minutos"},"schema":{"@context":"https:\/\/schema.org","@graph":[{"@type":"WebPage","@id":"https:\/\/www.pmpf.rs.gov.br\/transparencia\/sic\/","url":"https:\/\/www.pmpf.rs.gov.br\/transparencia\/sic\/","name":"Acesso \u00e0 Informa\u00e7\u00e3o - SIC - Transpar\u00eancia","isPartOf":{"@id":"https:\/\/www.pmpf.rs.gov.br\/transparencia\/#website"},"primaryImageOfPage":{"@id":"https:\/\/www.pmpf.rs.gov.br\/transparencia\/sic\/#primaryimage"},"image":{"@id":"https:\/\/www.pmpf.rs.gov.br\/transparencia\/sic\/#primaryimage"},"thumbnailUrl":"https:\/\/www.pmpf.rs.gov.br\/transparencia\/wp-content\/uploads\/sites\/31\/2023\/06\/logoradar-1.svg","datePublished":"2021-12-16T15:45:04+00:00","dateModified":"2025-09-17T16:59:34+00:00","inLanguage":"pt-BR","potentialAction":[{"@type":"ReadAction","target":["https:\/\/www.pmpf.rs.gov.br\/transparencia\/sic\/"]}]},{"@type":"ImageObject","inLanguage":"pt-BR","@id":"https:\/\/www.pmpf.rs.gov.br\/transparencia\/sic\/#primaryimage","url":"https:\/\/www.pmpf.rs.gov.br\/transparencia\/wp-content\/uploads\/sites\/31\/2023\/06\/logoradar-1.svg","contentUrl":"https:\/\/www.pmpf.rs.gov.br\/transparencia\/wp-content\/uploads\/sites\/31\/2023\/06\/logoradar-1.svg","width":467,"height":180},{"@type":"WebSite","@id":"https:\/\/www.pmpf.rs.gov.br\/transparencia\/#website","url":"https:\/\/www.pmpf.rs.gov.br\/transparencia\/","name":"Transpar\u00eancia","description":"S\u00f3 mais um site Prefeitura de Passo Fundo","potentialAction":[{"@type":"SearchAction","target":{"@type":"EntryPoint","urlTemplate":"https:\/\/www.pmpf.rs.gov.br\/transparencia\/?s={search_term_string}"},"query-input":{"@type":"PropertyValueSpecification","valueRequired":true,"valueName":"search_term_string"}}],"inLanguage":"pt-BR"}]}},"_links":{"self":[{"href":"https:\/\/www.pmpf.rs.gov.br\/transparencia\/wp-json\/wp\/v2\/pages\/88"}],"collection":[{"href":"https:\/\/www.pmpf.rs.gov.br\/transparencia\/wp-json\/wp\/v2\/pages"}],"about":[{"href":"https:\/\/www.pmpf.rs.gov.br\/transparencia\/wp-json\/wp\/v2\/types\/page"}],"author":[{"embeddable":true,"href":"https:\/\/www.pmpf.rs.gov.br\/transparencia\/wp-json\/wp\/v2\/users\/1"}],"replies":[{"embeddable":true,"href":"https:\/\/www.pmpf.rs.gov.br\/transparencia\/wp-json\/wp\/v2\/comments?post=88"}],"version-history":[{"count":31,"href":"https:\/\/www.pmpf.rs.gov.br\/transparencia\/wp-json\/wp\/v2\/pages\/88\/revisions"}],"predecessor-version":[{"id":10145,"href":"https:\/\/www.pmpf.rs.gov.br\/transparencia\/wp-json\/wp\/v2\/pages\/88\/revisions\/10145"}],"wp:attachment":[{"href":"https:\/\/www.pmpf.rs.gov.br\/transparencia\/wp-json\/wp\/v2\/media?parent=88"}],"curies":[{"name":"wp","href":"https:\/\/api.w.org\/{rel}","templated":true}]}}