{"id":8795,"date":"2025-01-02T17:05:56","date_gmt":"2025-01-02T20:05:56","guid":{"rendered":"https:\/\/www.pmpf.rs.gov.br\/transparencia\/?page_id=8795"},"modified":"2026-04-15T09:59:12","modified_gmt":"2026-04-15T12:59:12","slug":"chamadaconcurso","status":"publish","type":"page","link":"https:\/\/www.pmpf.rs.gov.br\/transparencia\/chamadaconcurso\/","title":{"rendered":"Chamada para Nomea\u00e7\u00e3o Concurso 01\/2024"},"content":{"rendered":"\n<figure class=\"wp-block-table has-medium-font-size\"><table><tbody><tr><td>Data<\/td><td>Edital<\/td><\/tr><tr><td>20\/03\/2026<\/td><td><a href=\"https:\/\/www.pmpf.rs.gov.br\/transparencia\/wp-content\/uploads\/sites\/31\/2026\/03\/concPublico2026-edital58-20032026.pdf\" target=\"_blank\" rel=\"noreferrer noopener\">Edital 58\/2026 &#8211; Professor<\/a><\/td><\/tr><tr><td>20\/03\/2026<\/td><td><a href=\"https:\/\/www.pmpf.rs.gov.br\/transparencia\/wp-content\/uploads\/sites\/31\/2026\/03\/concPublico2026-edital59-20032026.pdf\" target=\"_blank\" rel=\"noreferrer noopener\">Edital 59\/2026 &#8211; Analista de TI, Auxiliar Administrativo, Contador, Secret\u00e1rio de Escola<\/a><\/td><\/tr><\/tbody><\/table><\/figure>\n\n\n\n<div class=\"wp-block-pb-accordion-item c-accordion__item js-accordion-item no-js\" data-initially-open=\"false\" data-click-to-close=\"true\" data-auto-close=\"true\" data-scroll=\"false\" data-scroll-offset=\"0\"><h4 id=\"at-87950\" class=\"c-accordion__title js-accordion-controller\" role=\"button\">Documentos e Exames para Ingresso<\/h4><div id=\"ac-87950\" class=\"c-accordion__content\">\n<ul class=\"wp-block-list\">\n<li><a href=\"https:\/\/www.pmpf.rs.gov.br\/transparencia\/wp-content\/uploads\/sites\/31\/2025\/10\/rh-lista-docs-30102025.pdf\" target=\"_blank\" rel=\"noreferrer noopener\">Documentos para Ingresso no Servi\u00e7o P\u00fablico<\/a><\/li>\n\n\n\n<li><a href=\"https:\/\/www.pmpf.rs.gov.br\/transparencia\/wp-content\/uploads\/sites\/31\/2023\/03\/ficha_registro_com_cpf.pdf\" target=\"_blank\" rel=\"noreferrer noopener\">Ficha Registro<\/a><\/li>\n\n\n\n<li><a href=\"https:\/\/www.pmpf.rs.gov.br\/portal-do-servidor-publico\/wp-content\/uploads\/sites\/41\/2021\/12\/rh_declaracao_nao_possui_bens.doc\">Declara\u00e7\u00e3o \u2013 N\u00e3o possui bens m\u00f3veis e im\u00f3veis<\/a><\/li>\n\n\n\n<li><a href=\"https:\/\/www.pmpf.rs.gov.br\/portal-do-servidor-publico\/wp-content\/uploads\/sites\/41\/2021\/12\/rh_declaracao_nao_possui_vinculo.doc\">Declara\u00e7\u00e3o \u2013 N\u00e3o possui v\u00ednculo com \u00f3rg\u00e3o p\u00fablico<\/a><\/li>\n\n\n\n<li><a href=\"https:\/\/www.pmpf.rs.gov.br\/transparencia\/wp-content\/uploads\/sites\/31\/2025\/02\/rh_declaracao_possui_vinculo.doc\" target=\"_blank\" rel=\"noreferrer noopener\">Declara\u00e7\u00e3o \u2013 Possui v\u00ednculo com \u00f3rg\u00e3o p\u00fablico<\/a><\/li>\n\n\n\n<li><a href=\"https:\/\/www.pmpf.rs.gov.br\/portal-do-servidor-publico\/wp-content\/uploads\/sites\/41\/2021\/12\/rh_declaracao_aposentadoria_por_invalidez.pdf\">Declara\u00e7\u00e3o \u2013 N\u00e3o ser aposentado por invalidez<\/a><\/li>\n\n\n\n<li><a href=\"https:\/\/www.pmpf.rs.gov.br\/portal-do-servidor-publico\/wp-content\/uploads\/sites\/41\/2021\/12\/rh_declaracao_nao_ter_penalidade.pdf\">Declara\u00e7\u00e3o \u2013 N\u00e3o ter penalidade<\/a><\/li>\n\n\n\n<li><a href=\"https:\/\/www.pmpf.rs.gov.br\/transparencia\/wp-content\/uploads\/sites\/31\/2024\/07\/rh-autodeclaracao-cor.pdf\" target=\"_blank\" rel=\"noreferrer noopener\">Autodeclara\u00e7\u00e3o de Cor\/Etnia<\/a><\/li>\n\n\n\n<li><a href=\"https:\/\/www.pmpf.rs.gov.br\/transparencia\/wp-content\/uploads\/sites\/31\/2025\/11\/anexo_termo_consentimento_tratamento_dados_pessoais.pdf\" target=\"_blank\" rel=\"noreferrer noopener\">Termo de Consentimento para Tratamento de Dados Pessoais<\/a><\/li>\n\n\n\n<li><a href=\"https:\/\/www.pmpf.rs.gov.br\/portal-do-servidor-publico\/wp-content\/uploads\/sites\/41\/2021\/12\/rh_requerimento_abono_familiar_ir_20102021.pdf\">Cadastramento de Abono Familiar<\/a><\/li>\n\n\n\n<li><a href=\"https:\/\/www.pmpf.rs.gov.br\/transparencia\/wp-content\/uploads\/sites\/31\/2024\/12\/exames-concurso-31122024.pdf\" target=\"_blank\" rel=\"noreferrer noopener\">Exames para Concurso\/Servidor Estatut\u00e1rio<\/a><\/li>\n<\/ul>\n<\/div><\/div>\n\n\n\n<hr class=\"wp-block-separator has-alpha-channel-opacity\"\/>\n\n\n\n<p><\/p>\n","protected":false},"excerpt":{"rendered":"<p>Data Edital 20\/03\/2026 Edital 58\/2026 &#8211; Professor 20\/03\/2026 Edital 59\/2026 &#8211; Analista de TI, Auxiliar Administrativo, Contador, Secret\u00e1rio de Escola<\/p>\n","protected":false},"author":4,"featured_media":0,"parent":0,"menu_order":3,"comment_status":"closed","ping_status":"closed","template":"","meta":{"footnotes":""},"class_list":["post-8795","page","type-page","status-publish","hentry"],"yoast_head":"<!-- This site is optimized with the Yoast SEO plugin v23.8 - https:\/\/yoast.com\/wordpress\/plugins\/seo\/ -->\n<title>Chamada para Nomea\u00e7\u00e3o Concurso 01\/2024 - Transpar\u00eancia<\/title>\n<meta name=\"robots\" content=\"index, follow, max-snippet:-1, max-image-preview:large, max-video-preview:-1\" \/>\n<link rel=\"canonical\" href=\"https:\/\/www.pmpf.rs.gov.br\/transparencia\/chamadaconcurso\/\" \/>\n<meta property=\"og:locale\" content=\"pt_BR\" \/>\n<meta property=\"og:type\" content=\"article\" \/>\n<meta property=\"og:title\" content=\"Chamada para Nomea\u00e7\u00e3o Concurso 01\/2024 - Transpar\u00eancia\" \/>\n<meta property=\"og:description\" content=\"Data Edital 20\/03\/2026 Edital 58\/2026 &#8211; Professor 20\/03\/2026 Edital 59\/2026 &#8211; Analista de TI, Auxiliar Administrativo, Contador, Secret\u00e1rio de Escola\" \/>\n<meta property=\"og:url\" content=\"https:\/\/www.pmpf.rs.gov.br\/transparencia\/chamadaconcurso\/\" \/>\n<meta property=\"og:site_name\" content=\"Transpar\u00eancia\" \/>\n<meta property=\"article:modified_time\" content=\"2026-04-15T12:59:12+00:00\" \/>\n<meta name=\"twitter:card\" content=\"summary_large_image\" \/>\n<meta name=\"twitter:label1\" content=\"Est. tempo de leitura\" \/>\n\t<meta name=\"twitter:data1\" content=\"1 minuto\" \/>\n<script type=\"application\/ld+json\" class=\"yoast-schema-graph\">{\"@context\":\"https:\/\/schema.org\",\"@graph\":[{\"@type\":\"WebPage\",\"@id\":\"https:\/\/www.pmpf.rs.gov.br\/transparencia\/chamadaconcurso\/\",\"url\":\"https:\/\/www.pmpf.rs.gov.br\/transparencia\/chamadaconcurso\/\",\"name\":\"Chamada para Nomea\u00e7\u00e3o Concurso 01\/2024 - Transpar\u00eancia\",\"isPartOf\":{\"@id\":\"https:\/\/www.pmpf.rs.gov.br\/transparencia\/#website\"},\"datePublished\":\"2025-01-02T20:05:56+00:00\",\"dateModified\":\"2026-04-15T12:59:12+00:00\",\"inLanguage\":\"pt-BR\",\"potentialAction\":[{\"@type\":\"ReadAction\",\"target\":[\"https:\/\/www.pmpf.rs.gov.br\/transparencia\/chamadaconcurso\/\"]}]},{\"@type\":\"WebSite\",\"@id\":\"https:\/\/www.pmpf.rs.gov.br\/transparencia\/#website\",\"url\":\"https:\/\/www.pmpf.rs.gov.br\/transparencia\/\",\"name\":\"Transpar\u00eancia\",\"description\":\"S\u00f3 mais um site Prefeitura de Passo Fundo\",\"potentialAction\":[{\"@type\":\"SearchAction\",\"target\":{\"@type\":\"EntryPoint\",\"urlTemplate\":\"https:\/\/www.pmpf.rs.gov.br\/transparencia\/?s={search_term_string}\"},\"query-input\":{\"@type\":\"PropertyValueSpecification\",\"valueRequired\":true,\"valueName\":\"search_term_string\"}}],\"inLanguage\":\"pt-BR\"}]}<\/script>\n<!-- \/ Yoast SEO plugin. -->","yoast_head_json":{"title":"Chamada para Nomea\u00e7\u00e3o Concurso 01\/2024 - Transpar\u00eancia","robots":{"index":"index","follow":"follow","max-snippet":"max-snippet:-1","max-image-preview":"max-image-preview:large","max-video-preview":"max-video-preview:-1"},"canonical":"https:\/\/www.pmpf.rs.gov.br\/transparencia\/chamadaconcurso\/","og_locale":"pt_BR","og_type":"article","og_title":"Chamada para Nomea\u00e7\u00e3o Concurso 01\/2024 - Transpar\u00eancia","og_description":"Data Edital 20\/03\/2026 Edital 58\/2026 &#8211; Professor 20\/03\/2026 Edital 59\/2026 &#8211; Analista de TI, Auxiliar Administrativo, Contador, Secret\u00e1rio de Escola","og_url":"https:\/\/www.pmpf.rs.gov.br\/transparencia\/chamadaconcurso\/","og_site_name":"Transpar\u00eancia","article_modified_time":"2026-04-15T12:59:12+00:00","twitter_card":"summary_large_image","twitter_misc":{"Est. tempo de leitura":"1 minuto"},"schema":{"@context":"https:\/\/schema.org","@graph":[{"@type":"WebPage","@id":"https:\/\/www.pmpf.rs.gov.br\/transparencia\/chamadaconcurso\/","url":"https:\/\/www.pmpf.rs.gov.br\/transparencia\/chamadaconcurso\/","name":"Chamada para Nomea\u00e7\u00e3o Concurso 01\/2024 - Transpar\u00eancia","isPartOf":{"@id":"https:\/\/www.pmpf.rs.gov.br\/transparencia\/#website"},"datePublished":"2025-01-02T20:05:56+00:00","dateModified":"2026-04-15T12:59:12+00:00","inLanguage":"pt-BR","potentialAction":[{"@type":"ReadAction","target":["https:\/\/www.pmpf.rs.gov.br\/transparencia\/chamadaconcurso\/"]}]},{"@type":"WebSite","@id":"https:\/\/www.pmpf.rs.gov.br\/transparencia\/#website","url":"https:\/\/www.pmpf.rs.gov.br\/transparencia\/","name":"Transpar\u00eancia","description":"S\u00f3 mais um site Prefeitura de Passo Fundo","potentialAction":[{"@type":"SearchAction","target":{"@type":"EntryPoint","urlTemplate":"https:\/\/www.pmpf.rs.gov.br\/transparencia\/?s={search_term_string}"},"query-input":{"@type":"PropertyValueSpecification","valueRequired":true,"valueName":"search_term_string"}}],"inLanguage":"pt-BR"}]}},"_links":{"self":[{"href":"https:\/\/www.pmpf.rs.gov.br\/transparencia\/wp-json\/wp\/v2\/pages\/8795"}],"collection":[{"href":"https:\/\/www.pmpf.rs.gov.br\/transparencia\/wp-json\/wp\/v2\/pages"}],"about":[{"href":"https:\/\/www.pmpf.rs.gov.br\/transparencia\/wp-json\/wp\/v2\/types\/page"}],"author":[{"embeddable":true,"href":"https:\/\/www.pmpf.rs.gov.br\/transparencia\/wp-json\/wp\/v2\/users\/4"}],"replies":[{"embeddable":true,"href":"https:\/\/www.pmpf.rs.gov.br\/transparencia\/wp-json\/wp\/v2\/comments?post=8795"}],"version-history":[{"count":79,"href":"https:\/\/www.pmpf.rs.gov.br\/transparencia\/wp-json\/wp\/v2\/pages\/8795\/revisions"}],"predecessor-version":[{"id":11350,"href":"https:\/\/www.pmpf.rs.gov.br\/transparencia\/wp-json\/wp\/v2\/pages\/8795\/revisions\/11350"}],"wp:attachment":[{"href":"https:\/\/www.pmpf.rs.gov.br\/transparencia\/wp-json\/wp\/v2\/media?parent=8795"}],"curies":[{"name":"wp","href":"https:\/\/api.w.org\/{rel}","templated":true}]}}