{"id":784,"date":"2021-12-16T18:48:39","date_gmt":"2021-12-16T21:48:39","guid":{"rendered":"https:\/\/www.pmpf.rs.gov.br\/transparencia\/?page_id=784"},"modified":"2021-12-16T18:48:39","modified_gmt":"2021-12-16T21:48:39","slug":"portarias","status":"publish","type":"page","link":"https:\/\/www.pmpf.rs.gov.br\/transparencia\/portarias\/","title":{"rendered":"Portarias"},"content":{"rendered":"\n<h2 class=\"wp-block-heading\">Portarias<\/h2>\n\n\n\n<div class=\"wp-block-image\"><figure class=\"alignleft size-full\"><img loading=\"lazy\" decoding=\"async\" width=\"280\" height=\"186\" src=\"https:\/\/www.pmpf.rs.gov.br\/transparencia\/wp-content\/uploads\/sites\/31\/2021\/12\/I2016-03-30_16_55_01_48931.jpg\" alt=\"\" class=\"wp-image-785\"\/><\/figure><\/div>\n\n\n\n<p>Portaria \u00e9 um documento de ato jur\u00eddico editado pelo chefe m\u00e1ximo da administra\u00e7\u00e3o municipal, que cont\u00e9m ordens e\/ou instru\u00e7\u00f5es acerca da aplica\u00e7\u00e3o de leis ou regulamentos, recomenda\u00e7\u00f5es de car\u00e1ter geral e normas sobre a execu\u00e7\u00e3o de servi\u00e7os. Dessa forma, as portarias buscam esclarecer ou informar sobre atos ou eventos realizados internamente em \u00f3rg\u00e3o p\u00fablico, tal como nomea\u00e7\u00f5es, demiss\u00f5es, medidas de ordem disciplinar, pedidos de f\u00e9rias, licen\u00e7as por luto, licen\u00e7as para tratamento de sa\u00fade, licen\u00e7a em raz\u00e3o de casamento (gala) de funcion\u00e1rios p\u00fablicos, ou qualquer outra determina\u00e7\u00e3o da sua compet\u00eancia.<\/p>\n","protected":false},"excerpt":{"rendered":"<p>Portarias Portaria \u00e9 um documento de ato jur\u00eddico editado pelo chefe m\u00e1ximo da administra\u00e7\u00e3o municipal, que cont\u00e9m ordens e\/ou instru\u00e7\u00f5es acerca da aplica\u00e7\u00e3o de leis ou regulamentos, recomenda\u00e7\u00f5es de car\u00e1ter geral e [&hellip;]<\/p>\n","protected":false},"author":1,"featured_media":0,"parent":0,"menu_order":130,"comment_status":"closed","ping_status":"closed","template":"","meta":{"footnotes":""},"class_list":["post-784","page","type-page","status-publish","hentry"],"yoast_head":"<!-- This site is optimized with the Yoast SEO plugin v23.8 - https:\/\/yoast.com\/wordpress\/plugins\/seo\/ -->\n<title>Portarias - Transpar\u00eancia<\/title>\n<meta name=\"robots\" content=\"index, follow, max-snippet:-1, max-image-preview:large, max-video-preview:-1\" \/>\n<link rel=\"canonical\" href=\"https:\/\/www.pmpf.rs.gov.br\/transparencia\/portarias\/\" \/>\n<meta property=\"og:locale\" content=\"pt_BR\" \/>\n<meta property=\"og:type\" content=\"article\" \/>\n<meta property=\"og:title\" content=\"Portarias - Transpar\u00eancia\" \/>\n<meta property=\"og:description\" content=\"Portarias Portaria \u00e9 um documento de ato jur\u00eddico editado pelo chefe m\u00e1ximo da administra\u00e7\u00e3o municipal, que cont\u00e9m ordens e\/ou instru\u00e7\u00f5es acerca da aplica\u00e7\u00e3o de leis ou regulamentos, recomenda\u00e7\u00f5es de car\u00e1ter geral e [&hellip;]\" \/>\n<meta property=\"og:url\" content=\"https:\/\/www.pmpf.rs.gov.br\/transparencia\/portarias\/\" \/>\n<meta property=\"og:site_name\" content=\"Transpar\u00eancia\" \/>\n<meta property=\"og:image\" content=\"https:\/\/www.pmpf.rs.gov.br\/transparencia\/wp-content\/uploads\/sites\/31\/2021\/12\/I2016-03-30_16_55_01_48931.jpg\" \/>\n<meta name=\"twitter:card\" content=\"summary_large_image\" \/>\n<meta name=\"twitter:label1\" content=\"Est. tempo de leitura\" \/>\n\t<meta name=\"twitter:data1\" content=\"1 minuto\" \/>\n<script type=\"application\/ld+json\" class=\"yoast-schema-graph\">{\"@context\":\"https:\/\/schema.org\",\"@graph\":[{\"@type\":\"WebPage\",\"@id\":\"https:\/\/www.pmpf.rs.gov.br\/transparencia\/portarias\/\",\"url\":\"https:\/\/www.pmpf.rs.gov.br\/transparencia\/portarias\/\",\"name\":\"Portarias - Transpar\u00eancia\",\"isPartOf\":{\"@id\":\"https:\/\/www.pmpf.rs.gov.br\/transparencia\/#website\"},\"primaryImageOfPage\":{\"@id\":\"https:\/\/www.pmpf.rs.gov.br\/transparencia\/portarias\/#primaryimage\"},\"image\":{\"@id\":\"https:\/\/www.pmpf.rs.gov.br\/transparencia\/portarias\/#primaryimage\"},\"thumbnailUrl\":\"https:\/\/www.pmpf.rs.gov.br\/transparencia\/wp-content\/uploads\/sites\/31\/2021\/12\/I2016-03-30_16_55_01_48931.jpg\",\"datePublished\":\"2021-12-16T21:48:39+00:00\",\"dateModified\":\"2021-12-16T21:48:39+00:00\",\"inLanguage\":\"pt-BR\",\"potentialAction\":[{\"@type\":\"ReadAction\",\"target\":[\"https:\/\/www.pmpf.rs.gov.br\/transparencia\/portarias\/\"]}]},{\"@type\":\"ImageObject\",\"inLanguage\":\"pt-BR\",\"@id\":\"https:\/\/www.pmpf.rs.gov.br\/transparencia\/portarias\/#primaryimage\",\"url\":\"https:\/\/www.pmpf.rs.gov.br\/transparencia\/wp-content\/uploads\/sites\/31\/2021\/12\/I2016-03-30_16_55_01_48931.jpg\",\"contentUrl\":\"https:\/\/www.pmpf.rs.gov.br\/transparencia\/wp-content\/uploads\/sites\/31\/2021\/12\/I2016-03-30_16_55_01_48931.jpg\",\"width\":280,\"height\":186},{\"@type\":\"WebSite\",\"@id\":\"https:\/\/www.pmpf.rs.gov.br\/transparencia\/#website\",\"url\":\"https:\/\/www.pmpf.rs.gov.br\/transparencia\/\",\"name\":\"Transpar\u00eancia\",\"description\":\"S\u00f3 mais um site Prefeitura de Passo Fundo\",\"potentialAction\":[{\"@type\":\"SearchAction\",\"target\":{\"@type\":\"EntryPoint\",\"urlTemplate\":\"https:\/\/www.pmpf.rs.gov.br\/transparencia\/?s={search_term_string}\"},\"query-input\":{\"@type\":\"PropertyValueSpecification\",\"valueRequired\":true,\"valueName\":\"search_term_string\"}}],\"inLanguage\":\"pt-BR\"}]}<\/script>\n<!-- \/ Yoast SEO plugin. -->","yoast_head_json":{"title":"Portarias - Transpar\u00eancia","robots":{"index":"index","follow":"follow","max-snippet":"max-snippet:-1","max-image-preview":"max-image-preview:large","max-video-preview":"max-video-preview:-1"},"canonical":"https:\/\/www.pmpf.rs.gov.br\/transparencia\/portarias\/","og_locale":"pt_BR","og_type":"article","og_title":"Portarias - Transpar\u00eancia","og_description":"Portarias Portaria \u00e9 um documento de ato jur\u00eddico editado pelo chefe m\u00e1ximo da administra\u00e7\u00e3o municipal, que cont\u00e9m ordens e\/ou instru\u00e7\u00f5es acerca da aplica\u00e7\u00e3o de leis ou regulamentos, recomenda\u00e7\u00f5es de car\u00e1ter geral e [&hellip;]","og_url":"https:\/\/www.pmpf.rs.gov.br\/transparencia\/portarias\/","og_site_name":"Transpar\u00eancia","og_image":[{"url":"https:\/\/www.pmpf.rs.gov.br\/transparencia\/wp-content\/uploads\/sites\/31\/2021\/12\/I2016-03-30_16_55_01_48931.jpg"}],"twitter_card":"summary_large_image","twitter_misc":{"Est. tempo de leitura":"1 minuto"},"schema":{"@context":"https:\/\/schema.org","@graph":[{"@type":"WebPage","@id":"https:\/\/www.pmpf.rs.gov.br\/transparencia\/portarias\/","url":"https:\/\/www.pmpf.rs.gov.br\/transparencia\/portarias\/","name":"Portarias - Transpar\u00eancia","isPartOf":{"@id":"https:\/\/www.pmpf.rs.gov.br\/transparencia\/#website"},"primaryImageOfPage":{"@id":"https:\/\/www.pmpf.rs.gov.br\/transparencia\/portarias\/#primaryimage"},"image":{"@id":"https:\/\/www.pmpf.rs.gov.br\/transparencia\/portarias\/#primaryimage"},"thumbnailUrl":"https:\/\/www.pmpf.rs.gov.br\/transparencia\/wp-content\/uploads\/sites\/31\/2021\/12\/I2016-03-30_16_55_01_48931.jpg","datePublished":"2021-12-16T21:48:39+00:00","dateModified":"2021-12-16T21:48:39+00:00","inLanguage":"pt-BR","potentialAction":[{"@type":"ReadAction","target":["https:\/\/www.pmpf.rs.gov.br\/transparencia\/portarias\/"]}]},{"@type":"ImageObject","inLanguage":"pt-BR","@id":"https:\/\/www.pmpf.rs.gov.br\/transparencia\/portarias\/#primaryimage","url":"https:\/\/www.pmpf.rs.gov.br\/transparencia\/wp-content\/uploads\/sites\/31\/2021\/12\/I2016-03-30_16_55_01_48931.jpg","contentUrl":"https:\/\/www.pmpf.rs.gov.br\/transparencia\/wp-content\/uploads\/sites\/31\/2021\/12\/I2016-03-30_16_55_01_48931.jpg","width":280,"height":186},{"@type":"WebSite","@id":"https:\/\/www.pmpf.rs.gov.br\/transparencia\/#website","url":"https:\/\/www.pmpf.rs.gov.br\/transparencia\/","name":"Transpar\u00eancia","description":"S\u00f3 mais um site Prefeitura de Passo Fundo","potentialAction":[{"@type":"SearchAction","target":{"@type":"EntryPoint","urlTemplate":"https:\/\/www.pmpf.rs.gov.br\/transparencia\/?s={search_term_string}"},"query-input":{"@type":"PropertyValueSpecification","valueRequired":true,"valueName":"search_term_string"}}],"inLanguage":"pt-BR"}]}},"_links":{"self":[{"href":"https:\/\/www.pmpf.rs.gov.br\/transparencia\/wp-json\/wp\/v2\/pages\/784"}],"collection":[{"href":"https:\/\/www.pmpf.rs.gov.br\/transparencia\/wp-json\/wp\/v2\/pages"}],"about":[{"href":"https:\/\/www.pmpf.rs.gov.br\/transparencia\/wp-json\/wp\/v2\/types\/page"}],"author":[{"embeddable":true,"href":"https:\/\/www.pmpf.rs.gov.br\/transparencia\/wp-json\/wp\/v2\/users\/1"}],"replies":[{"embeddable":true,"href":"https:\/\/www.pmpf.rs.gov.br\/transparencia\/wp-json\/wp\/v2\/comments?post=784"}],"version-history":[{"count":1,"href":"https:\/\/www.pmpf.rs.gov.br\/transparencia\/wp-json\/wp\/v2\/pages\/784\/revisions"}],"predecessor-version":[{"id":786,"href":"https:\/\/www.pmpf.rs.gov.br\/transparencia\/wp-json\/wp\/v2\/pages\/784\/revisions\/786"}],"wp:attachment":[{"href":"https:\/\/www.pmpf.rs.gov.br\/transparencia\/wp-json\/wp\/v2\/media?parent=784"}],"curies":[{"name":"wp","href":"https:\/\/api.w.org\/{rel}","templated":true}]}}