{"id":771,"date":"2021-12-16T16:51:14","date_gmt":"2021-12-16T19:51:14","guid":{"rendered":"https:\/\/www.pmpf.rs.gov.br\/transparencia\/?page_id=771"},"modified":"2021-12-16T16:51:39","modified_gmt":"2021-12-16T19:51:39","slug":"ano-2011","status":"publish","type":"page","link":"https:\/\/www.pmpf.rs.gov.br\/transparencia\/concurso-publico\/ano-2011\/","title":{"rendered":"Ano 2011"},"content":{"rendered":"\n<h1 class=\"wp-block-heading\">Ano 2011<\/h1>\n\n\n\n<figure class=\"wp-block-table\"><table><tbody><tr><td>Data<\/td><td>Edital<\/td><\/tr><tr><td>19 de Dezembro<\/td><td><a href=\"https:\/\/www.pmpf.rs.gov.br\/transparencia\/wp-content\/uploads\/sites\/31\/2021\/12\/concPublico2011_19122011.pdf\">EDITAL N\u00b0 49\/11 &#8211; EDITAL DE NOMEA\u00c7\u00c3O: Nomeia os servidores relacionados.<\/a><\/td><\/tr><tr><td>06 de Dezembro<\/td><td><a href=\"https:\/\/www.pmpf.rs.gov.br\/transparencia\/wp-content\/uploads\/sites\/31\/2021\/12\/concPublico2011_07122011.pdf\">EDITAL N\u00b0 47\/11 &#8211; EDITAL DE NOMEA\u00c7\u00c3O: Nomeia o servidor relacionado, atrav\u00e9s da Portaria n\u00ba 1.755\/11, existentes no Quadro de Servidores Municipais, conforme Concurso P\u00fablico Edital n\u00ba 01\/09 e homologa\u00e7\u00e3o Edital n\u00b0 06.01\/09 e Edital n\u00b0 003\/10:<\/a><\/td><\/tr><tr><td>30 de Novembro<\/td><td><a href=\"https:\/\/www.pmpf.rs.gov.br\/transparencia\/wp-content\/uploads\/sites\/31\/2021\/12\/concPublico2011_30112011.pdf\">EDITAL N\u00ba 46\/11 \u2013 EDITAL DE NOMEA\u00c7\u00c3O: Nomeia os servidores relacionados.<\/a><\/td><\/tr><tr><td>21 de Novembro<\/td><td><a href=\"https:\/\/www.pmpf.rs.gov.br\/transparencia\/wp-content\/uploads\/sites\/31\/2021\/12\/concPublico2011_21112011.pdf\">EDITAL N\u00b0 44\/11 &#8211; EDITAL DE NOMEA\u00c7\u00c3O: Nomeia o servidor relacionado.<\/a><\/td><\/tr><tr><td>04 de Novembro<\/td><td><a href=\"https:\/\/www.pmpf.rs.gov.br\/transparencia\/wp-content\/uploads\/sites\/31\/2021\/12\/concPublico2011_04112011.pdf\">EDITAL N\u00b0 40\/11 &#8211; EDITAL DE NOMEA\u00c7\u00c3O: Nomeia os servidores abaixo relacionados, atrav\u00e9s da Portaria n\u00ba 1.588\/11, existentes no Quadro de Servidores Municipais, conforme Concurso P\u00fablico Edital n\u00ba 01\/09 e homologa\u00e7\u00e3o Edital n\u00b0 06.01\/09 e Edital n\u00b0 003\/10.<\/a><\/td><\/tr><tr><td>01 de Novembro<\/td><td><a href=\"https:\/\/www.pmpf.rs.gov.br\/transparencia\/wp-content\/uploads\/sites\/31\/2021\/12\/concPublico2011_19122011.pdf\">EDITAL N\u00b0 39\/11: Chamada P\u00fablica para alfabetizadores, coordenadores e Tradutor-int\u00e9rprete de libras, volunt\u00e1rios, para participarem do Programa Brasil Alfabetizado\/MEC\/FNDE\/Prefeitura Municipal.<\/a><\/td><\/tr><tr><td>14 de Outubro<\/td><td><a href=\"https:\/\/www.pmpf.rs.gov.br\/transparencia\/wp-content\/uploads\/sites\/31\/2021\/12\/concPublico2011_14102011.pdf\">EDITAL N\u00b0 38\/11 &#8211; EDITAL DE NOMEA\u00c7\u00c3O: Nomeia o servidor relacionado, atrav\u00e9s da Portaria n\u00ba 1.464\/11, existentes no Quadro de Servidores Municipais, conforme Concurso P\u00fablico Edital n\u00ba 01\/09 e homologa\u00e7\u00e3o Edital n\u00b0 06.01\/09 e Edital n\u00b0 003\/10.<\/a><\/td><\/tr><tr><td>30 de Setembro<\/td><td><a href=\"https:\/\/www.pmpf.rs.gov.br\/transparencia\/wp-content\/uploads\/sites\/31\/2021\/12\/concPublico2011_30092011.pdf\">EDITAL N\u00b0 37\/11 &#8211; EDITAL DE NOMEA\u00c7\u00c3O: Nomeia o servidor e professor relacionado.<\/a><\/td><\/tr><tr><td>06 de Setembro<\/td><td><a href=\"https:\/\/www.pmpf.rs.gov.br\/transparencia\/wp-content\/uploads\/sites\/31\/2021\/12\/concPublico2011_06092011.pdf\">EDITAL N\u00b0 36\/11 &#8211; EDITAL DE NOMEA\u00c7\u00c3O: Nomeia o servidor abaixo relacionado, atrav\u00e9s da Portaria n\u00ba 1.277\/11, existentes no Quadro de Servidores Municipais, conforme Concurso P\u00fablico Edital n\u00ba 01\/09 e homologa\u00e7\u00e3o Edital n\u00b0 06.01\/09 e Edital n\u00b0 003\/10:<\/a><\/td><\/tr><tr><td>24 de Agosto<\/td><td><a href=\"https:\/\/www.pmpf.rs.gov.br\/transparencia\/wp-content\/uploads\/sites\/31\/2021\/12\/concPublico2011_24082011.pdf\">EDITAL N\u00b0 33\/11 &#8211; EDITAL DE NOMEA\u00c7\u00c3O: Nomeia o servidor e os professores relacionados.<\/a><\/td><\/tr><tr><td>19 de Agosto<\/td><td><a href=\"https:\/\/www.pmpf.rs.gov.br\/transparencia\/wp-content\/uploads\/sites\/31\/2021\/12\/concPublico2011_19082011.pdf\">EDITAL N\u00b0 31\/11 &#8211; EDITAL DE NOMEA\u00c7\u00c3O: Nomeia os servidores e professores relacionados.<\/a><\/td><\/tr><tr><td>04 de Agosto<\/td><td><a href=\"https:\/\/www.pmpf.rs.gov.br\/transparencia\/wp-content\/uploads\/sites\/31\/2021\/12\/concPublico2011_04082011.pdf\">EDITAL N\u00ba 30\/11 \u2013 EDITAL DE NOMEA\u00c7\u00c3O: Chama candidatos a emprego p\u00fablico de Agentes Comunit\u00e1rios de Sa\u00fade.<\/a><\/td><\/tr><tr><td>29 de Junho<\/td><td><a href=\"https:\/\/www.pmpf.rs.gov.br\/transparencia\/wp-content\/uploads\/sites\/31\/2021\/12\/concPublico2011_29062011.pdf\">EDITAL N\u00b0 28\/11 &#8211; EDITAL DE NOMEA\u00c7\u00c3O: Retifica a nomea\u00e7\u00e3o de servidor relacionado.<\/a><\/td><\/tr><tr><td>22 de Junho<\/td><td><a href=\"https:\/\/www.pmpf.rs.gov.br\/transparencia\/wp-content\/uploads\/sites\/31\/2021\/12\/concPublico2011_22062011.pdf\">EDITAL N\u00b0 26\/11 &#8211; EDITAL DE NOMEA\u00c7\u00c3O: Nomeia o servidor abaixo relacionado.<\/a><\/td><\/tr><tr><td>20 de Junho<\/td><td><a href=\"https:\/\/www.pmpf.rs.gov.br\/transparencia\/wp-content\/uploads\/sites\/31\/2021\/12\/concPublico2011_20062011.pdf\">EDITAL N\u00ba 25\/11 \u2013 EDITAL DE NOMEA\u00c7\u00c3O: Chama candidatos a emprego p\u00fablico de Agentes Comunit\u00e1rios de Sa\u00fade.<\/a><\/td><\/tr><tr><td>17 de Junho<\/td><td><a href=\"https:\/\/www.pmpf.rs.gov.br\/transparencia\/wp-content\/uploads\/sites\/31\/2021\/12\/concPublico2011_18062011.pdf\">EDITAL N\u00ba 24\/11 \u2013 EDITAL DE NOMEA\u00c7\u00c3O: Nomeia os servidores e os professores relacionados.<\/a><\/td><\/tr><tr><td>17 de Junho<\/td><td><a href=\"https:\/\/www.pmpf.rs.gov.br\/transparencia\/wp-content\/uploads\/sites\/31\/2021\/12\/concPublico2011_17062011.pdf\">EDITAL N\u00b0 23\/11 &#8211; Chama candidatos aprovados para emprego p\u00fablico do SAMU.<\/a><\/td><\/tr><tr><td>14 de Junho<\/td><td><a href=\"https:\/\/www.pmpf.rs.gov.br\/transparencia\/wp-content\/uploads\/sites\/31\/2021\/12\/concPublico2011_14062011.pdf\">EDITAL N\u00ba 21\/11 \u2013 EDITAL DE NOMEA\u00c7\u00c3O: Chama candidatos a emprego p\u00fablico de Agentes Comunit\u00e1rios de Sa\u00fade.<\/a><\/td><\/tr><tr><td>13 de Maio<\/td><td><a href=\"https:\/\/www.pmpf.rs.gov.br\/transparencia\/wp-content\/uploads\/sites\/31\/2021\/12\/concPublico2011_13052011.pdf\">EDITAL N\u00b0 20\/11 &#8211; EDITAL DE NOMEA\u00c7\u00c3O: Nomeia o servidor e professor abaixo relacionados, atrav\u00e9s da Portaria n\u00ba 641\/11, existentes no Quadro de Servidores Municipais.<\/a><\/td><\/tr><tr><td>06 de Maio<\/td><td><a href=\"https:\/\/www.pmpf.rs.gov.br\/transparencia\/wp-content\/uploads\/sites\/31\/2021\/12\/concPublico2011_19052011.pdf\">EDITAL N\u00ba 19\/11 &#8211; Chama candidatos selecionados em processo seletivo simplificado edital n\u00ba 07\/2011.<\/a><\/td><\/tr><tr><td>06 de Maio<\/td><td><a href=\"https:\/\/www.pmpf.rs.gov.br\/transparencia\/wp-content\/uploads\/sites\/31\/2021\/12\/concPublico2011_06052011.pdf\">EDITAL N\u00b0 18\/11 &#8211; EDITAL DE NOMEA\u00c7\u00c3O: Nomeia os servidores relacionados.<\/a><\/td><\/tr><tr><td>18 de Abril<\/td><td><a href=\"https:\/\/www.pmpf.rs.gov.br\/transparencia\/wp-content\/uploads\/sites\/31\/2021\/12\/concPublico2011_18042011.pdf\">EDITAL N\u00ba 17\/11 &#8211; Chama candidatos selecionados em processo seletivo simplificado ed. n\u00ba 07\/2011.<\/a><\/td><\/tr><tr><td>15 de Abril<\/td><td><a href=\"https:\/\/www.pmpf.rs.gov.br\/transparencia\/wp-content\/uploads\/sites\/31\/2021\/12\/concPublico2011_15042011.pdf\">EDITAL N\u00ba 16\/11: Classifica\u00e7\u00e3o final dos candidatos para a fun\u00e7\u00e3o de m\u00e9dico.<\/a><\/td><\/tr><tr><td>13 de Abril<\/td><td><a href=\"https:\/\/www.pmpf.rs.gov.br\/transparencia\/wp-content\/uploads\/sites\/31\/2021\/12\/concPublico2011_13042011.pdf\">EDITAL N\u00ba 15\/11: Ficam convidados os interessados que desejam participar do SORTEIO P\u00daBLICO para desempate dos candidatos que se encontram na mesma classifica\u00e7\u00e3o no edital n\u00b0 13\/2011.<\/a><\/td><\/tr><tr><td>11 de Abril<\/td><td><a href=\"https:\/\/www.pmpf.rs.gov.br\/transparencia\/wp-content\/uploads\/sites\/31\/2021\/12\/concPublico2011_11042011.pdf\">EDITAL N\u00ba 13\/11: Classifica candidatos selecionados para a contrata\u00e7\u00e3o por tempo determinado de m\u00e9dicos para atender necessidade tempor\u00e1ria.<\/a><\/td><\/tr><tr><td>08 de Abril<\/td><td><a href=\"https:\/\/www.pmpf.rs.gov.br\/transparencia\/wp-content\/uploads\/sites\/31\/2021\/12\/concPublico2011_12042011.pdf\">EDITAL N\u00ba 12\/11 \u2013 EDITAL DE RETIFICA\u00c7\u00c3O AO EDITAL N. 09\/2011 &#8211; Retifica\u00e7\u00e3o da Homologa\u00e7\u00e3o das Inscri\u00e7\u00f5es do Edital de Processo Seletivo Simplificado n.09\/2011, de 06 de abril de 2011.<\/a><\/td><\/tr><tr><td>08 de Abril<\/td><td><a href=\"https:\/\/www.pmpf.rs.gov.br\/transparencia\/wp-content\/uploads\/sites\/31\/2021\/12\/concPublico2011_08042011.pdf\">EDITAL N\u00b0 10\/11: Chama candidatos aprovados para emprego p\u00fablico do Samu.<\/a><\/td><\/tr><tr><td>05 de Abril<\/td><td><a href=\"https:\/\/www.pmpf.rs.gov.br\/transparencia\/wp-content\/uploads\/sites\/31\/2021\/12\/concPublico2011_05042011.pdf\">EDITAL N\u00ba 09\/11: Homologa\u00e7\u00e3o das inscri\u00e7\u00f5es para contrata\u00e7\u00e3o por tempo determinado de m\u00e9dicos para atender necessidade tempor\u00e1ria.<\/a><\/td><\/tr><tr><td>30 de Mar\u00e7o<\/td><td><a href=\"https:\/\/www.pmpf.rs.gov.br\/transparencia\/wp-content\/uploads\/sites\/31\/2021\/12\/concPublico2011_30032011.pdf\">EDITAL N\u00ba 08\/11: Publica\u00e7\u00e3o da classifica\u00e7\u00e3o final dos candidatos.<\/a><\/td><\/tr><tr><td>17 de Mar\u00e7o<\/td><td><a href=\"https:\/\/www.pmpf.rs.gov.br\/transparencia\/wp-content\/uploads\/sites\/31\/2021\/12\/concPublico2011_17032011.pdf\">EDITAL N\u00ba 06\/11: Retifica o Edital 05\/11.<\/a><\/td><\/tr><tr><td>03 de Mar\u00e7o<\/td><td><a href=\"https:\/\/www.pmpf.rs.gov.br\/transparencia\/wp-content\/uploads\/sites\/31\/2021\/12\/concPublico2011_04032011.pdf\">EDITAL N\u00b0 04\/11 &#8211; EDITAL DE NOMEA\u00c7\u00c3O: Nomeia os servidores relacionados.<\/a><\/td><\/tr><tr><td>20 de Janeiro<\/td><td><a href=\"https:\/\/www.pmpf.rs.gov.br\/transparencia\/wp-content\/uploads\/sites\/31\/2021\/12\/concPublico2011_20012011.pdf\">EDITAL N\u00b0 03\/11 &#8211; EDITAL DE NOMEA\u00c7\u00c3O: Retifica o edital n\u00b0 01\/11 que nomeia servidores para o Cargo de Assistente de Educa\u00e7\u00e3o Infantil.<\/a><\/td><\/tr><tr><td>18 de Janeiro<\/td><td><a href=\"https:\/\/www.pmpf.rs.gov.br\/transparencia\/wp-content\/uploads\/sites\/31\/2021\/12\/concPublico2011_19012011.pdf\">EDITAL N\u00ba 02\/11 &#8211; EDITAL DE NOMEA\u00c7\u00c3O: Nomeia os servidores relacionados.<\/a><\/td><\/tr><tr><td>18 de Janeiro<\/td><td><a href=\"https:\/\/www.pmpf.rs.gov.br\/transparencia\/wp-content\/uploads\/sites\/31\/2021\/12\/concPublico2011_18012011.pdf\">EDITAL N\u00b0 01\/11 &#8211; EDITAL DE NOMEA\u00c7\u00c3O: Nomeia servidores abaixo relacionados.<\/a><\/td><\/tr><\/tbody><\/table><\/figure>\n","protected":false},"excerpt":{"rendered":"<p>Ano 2011 Data Edital 19 de Dezembro EDITAL N\u00b0 49\/11 &#8211; EDITAL DE NOMEA\u00c7\u00c3O: Nomeia os servidores relacionados. 06 de Dezembro EDITAL N\u00b0 47\/11 &#8211; EDITAL DE NOMEA\u00c7\u00c3O: Nomeia o servidor relacionado, [&hellip;]<\/p>\n","protected":false},"author":1,"featured_media":0,"parent":125,"menu_order":120,"comment_status":"closed","ping_status":"closed","template":"","meta":{"footnotes":""},"class_list":["post-771","page","type-page","status-publish","hentry"],"yoast_head":"<!-- This site is optimized with the Yoast SEO plugin v23.8 - https:\/\/yoast.com\/wordpress\/plugins\/seo\/ -->\n<title>Ano 2011 - Transpar\u00eancia<\/title>\n<meta name=\"robots\" content=\"index, follow, max-snippet:-1, max-image-preview:large, max-video-preview:-1\" \/>\n<link rel=\"canonical\" href=\"https:\/\/www.pmpf.rs.gov.br\/transparencia\/concurso-publico\/ano-2011\/\" \/>\n<meta property=\"og:locale\" content=\"pt_BR\" \/>\n<meta property=\"og:type\" content=\"article\" \/>\n<meta property=\"og:title\" content=\"Ano 2011 - Transpar\u00eancia\" \/>\n<meta property=\"og:description\" content=\"Ano 2011 Data Edital 19 de Dezembro EDITAL N\u00b0 49\/11 &#8211; EDITAL DE NOMEA\u00c7\u00c3O: Nomeia os servidores relacionados. 06 de Dezembro EDITAL N\u00b0 47\/11 &#8211; EDITAL DE NOMEA\u00c7\u00c3O: Nomeia o servidor relacionado, [&hellip;]\" \/>\n<meta property=\"og:url\" content=\"https:\/\/www.pmpf.rs.gov.br\/transparencia\/concurso-publico\/ano-2011\/\" \/>\n<meta property=\"og:site_name\" content=\"Transpar\u00eancia\" \/>\n<meta property=\"article:modified_time\" content=\"2021-12-16T19:51:39+00:00\" \/>\n<meta name=\"twitter:card\" content=\"summary_large_image\" \/>\n<meta name=\"twitter:label1\" content=\"Est. tempo de leitura\" \/>\n\t<meta name=\"twitter:data1\" content=\"4 minutos\" \/>\n<script type=\"application\/ld+json\" class=\"yoast-schema-graph\">{\"@context\":\"https:\/\/schema.org\",\"@graph\":[{\"@type\":\"WebPage\",\"@id\":\"https:\/\/www.pmpf.rs.gov.br\/transparencia\/concurso-publico\/ano-2011\/\",\"url\":\"https:\/\/www.pmpf.rs.gov.br\/transparencia\/concurso-publico\/ano-2011\/\",\"name\":\"Ano 2011 - Transpar\u00eancia\",\"isPartOf\":{\"@id\":\"https:\/\/www.pmpf.rs.gov.br\/transparencia\/#website\"},\"datePublished\":\"2021-12-16T19:51:14+00:00\",\"dateModified\":\"2021-12-16T19:51:39+00:00\",\"breadcrumb\":{\"@id\":\"https:\/\/www.pmpf.rs.gov.br\/transparencia\/concurso-publico\/ano-2011\/#breadcrumb\"},\"inLanguage\":\"pt-BR\",\"potentialAction\":[{\"@type\":\"ReadAction\",\"target\":[\"https:\/\/www.pmpf.rs.gov.br\/transparencia\/concurso-publico\/ano-2011\/\"]}]},{\"@type\":\"BreadcrumbList\",\"@id\":\"https:\/\/www.pmpf.rs.gov.br\/transparencia\/concurso-publico\/ano-2011\/#breadcrumb\",\"itemListElement\":[{\"@type\":\"ListItem\",\"position\":1,\"name\":\"Concurso P\u00fablico e Processo Seletivo\",\"item\":\"https:\/\/www.pmpf.rs.gov.br\/transparencia\/concurso-publico\/\"},{\"@type\":\"ListItem\",\"position\":2,\"name\":\"Ano 2011\"}]},{\"@type\":\"WebSite\",\"@id\":\"https:\/\/www.pmpf.rs.gov.br\/transparencia\/#website\",\"url\":\"https:\/\/www.pmpf.rs.gov.br\/transparencia\/\",\"name\":\"Transpar\u00eancia\",\"description\":\"S\u00f3 mais um site Prefeitura de Passo Fundo\",\"potentialAction\":[{\"@type\":\"SearchAction\",\"target\":{\"@type\":\"EntryPoint\",\"urlTemplate\":\"https:\/\/www.pmpf.rs.gov.br\/transparencia\/?s={search_term_string}\"},\"query-input\":{\"@type\":\"PropertyValueSpecification\",\"valueRequired\":true,\"valueName\":\"search_term_string\"}}],\"inLanguage\":\"pt-BR\"}]}<\/script>\n<!-- \/ Yoast SEO plugin. -->","yoast_head_json":{"title":"Ano 2011 - Transpar\u00eancia","robots":{"index":"index","follow":"follow","max-snippet":"max-snippet:-1","max-image-preview":"max-image-preview:large","max-video-preview":"max-video-preview:-1"},"canonical":"https:\/\/www.pmpf.rs.gov.br\/transparencia\/concurso-publico\/ano-2011\/","og_locale":"pt_BR","og_type":"article","og_title":"Ano 2011 - Transpar\u00eancia","og_description":"Ano 2011 Data Edital 19 de Dezembro EDITAL N\u00b0 49\/11 &#8211; EDITAL DE NOMEA\u00c7\u00c3O: Nomeia os servidores relacionados. 06 de Dezembro EDITAL N\u00b0 47\/11 &#8211; EDITAL DE NOMEA\u00c7\u00c3O: Nomeia o servidor relacionado, [&hellip;]","og_url":"https:\/\/www.pmpf.rs.gov.br\/transparencia\/concurso-publico\/ano-2011\/","og_site_name":"Transpar\u00eancia","article_modified_time":"2021-12-16T19:51:39+00:00","twitter_card":"summary_large_image","twitter_misc":{"Est. tempo de leitura":"4 minutos"},"schema":{"@context":"https:\/\/schema.org","@graph":[{"@type":"WebPage","@id":"https:\/\/www.pmpf.rs.gov.br\/transparencia\/concurso-publico\/ano-2011\/","url":"https:\/\/www.pmpf.rs.gov.br\/transparencia\/concurso-publico\/ano-2011\/","name":"Ano 2011 - Transpar\u00eancia","isPartOf":{"@id":"https:\/\/www.pmpf.rs.gov.br\/transparencia\/#website"},"datePublished":"2021-12-16T19:51:14+00:00","dateModified":"2021-12-16T19:51:39+00:00","breadcrumb":{"@id":"https:\/\/www.pmpf.rs.gov.br\/transparencia\/concurso-publico\/ano-2011\/#breadcrumb"},"inLanguage":"pt-BR","potentialAction":[{"@type":"ReadAction","target":["https:\/\/www.pmpf.rs.gov.br\/transparencia\/concurso-publico\/ano-2011\/"]}]},{"@type":"BreadcrumbList","@id":"https:\/\/www.pmpf.rs.gov.br\/transparencia\/concurso-publico\/ano-2011\/#breadcrumb","itemListElement":[{"@type":"ListItem","position":1,"name":"Concurso P\u00fablico e Processo Seletivo","item":"https:\/\/www.pmpf.rs.gov.br\/transparencia\/concurso-publico\/"},{"@type":"ListItem","position":2,"name":"Ano 2011"}]},{"@type":"WebSite","@id":"https:\/\/www.pmpf.rs.gov.br\/transparencia\/#website","url":"https:\/\/www.pmpf.rs.gov.br\/transparencia\/","name":"Transpar\u00eancia","description":"S\u00f3 mais um site Prefeitura de Passo Fundo","potentialAction":[{"@type":"SearchAction","target":{"@type":"EntryPoint","urlTemplate":"https:\/\/www.pmpf.rs.gov.br\/transparencia\/?s={search_term_string}"},"query-input":{"@type":"PropertyValueSpecification","valueRequired":true,"valueName":"search_term_string"}}],"inLanguage":"pt-BR"}]}},"_links":{"self":[{"href":"https:\/\/www.pmpf.rs.gov.br\/transparencia\/wp-json\/wp\/v2\/pages\/771"}],"collection":[{"href":"https:\/\/www.pmpf.rs.gov.br\/transparencia\/wp-json\/wp\/v2\/pages"}],"about":[{"href":"https:\/\/www.pmpf.rs.gov.br\/transparencia\/wp-json\/wp\/v2\/types\/page"}],"author":[{"embeddable":true,"href":"https:\/\/www.pmpf.rs.gov.br\/transparencia\/wp-json\/wp\/v2\/users\/1"}],"replies":[{"embeddable":true,"href":"https:\/\/www.pmpf.rs.gov.br\/transparencia\/wp-json\/wp\/v2\/comments?post=771"}],"version-history":[{"count":1,"href":"https:\/\/www.pmpf.rs.gov.br\/transparencia\/wp-json\/wp\/v2\/pages\/771\/revisions"}],"predecessor-version":[{"id":772,"href":"https:\/\/www.pmpf.rs.gov.br\/transparencia\/wp-json\/wp\/v2\/pages\/771\/revisions\/772"}],"up":[{"embeddable":true,"href":"https:\/\/www.pmpf.rs.gov.br\/transparencia\/wp-json\/wp\/v2\/pages\/125"}],"wp:attachment":[{"href":"https:\/\/www.pmpf.rs.gov.br\/transparencia\/wp-json\/wp\/v2\/media?parent=771"}],"curies":[{"name":"wp","href":"https:\/\/api.w.org\/{rel}","templated":true}]}}