{"id":765,"date":"2021-12-16T16:47:32","date_gmt":"2021-12-16T19:47:32","guid":{"rendered":"https:\/\/www.pmpf.rs.gov.br\/transparencia\/?page_id=765"},"modified":"2021-12-16T16:48:17","modified_gmt":"2021-12-16T19:48:17","slug":"ano-2013","status":"publish","type":"page","link":"https:\/\/www.pmpf.rs.gov.br\/transparencia\/concurso-publico\/ano-2013\/","title":{"rendered":"Ano 2013"},"content":{"rendered":"\n<h2 class=\"wp-block-heading\">Ano 2013<\/h2>\n\n\n\n<figure class=\"wp-block-table\"><table><tbody><tr><td>Data<\/td><td>Edital<\/td><\/tr><tr><td>04 de Novembro<\/td><td><a href=\"https:\/\/www.pmpf.rs.gov.br\/transparencia\/wp-content\/uploads\/sites\/31\/2021\/12\/concPublico2013_05112013.pdf\">EDITAL N\u00ba 31\/13 &#8211; EDITAL DE NOMEA\u00c7\u00c3O: Nomeia os servidores relacionados.<\/a><\/td><\/tr><tr><td>01 de Novembro<\/td><td><a href=\"https:\/\/www.pmpf.rs.gov.br\/transparencia\/wp-content\/uploads\/sites\/31\/2021\/12\/concPublico2013_02112013.pdf\">EDITAL N\u00ba 28\/13 &#8211; EDITAL DE NOMEA\u00c7\u00c3O: Nomeia os servidores relacionados.<\/a><\/td><\/tr><tr><td>22 de Outubro<\/td><td><a href=\"https:\/\/www.pmpf.rs.gov.br\/transparencia\/wp-content\/uploads\/sites\/31\/2021\/12\/concPublico2013_23102013.pdf\">EDITAL N\u00ba 27\/13 &#8211; EDITAL DE NOMEA\u00c7\u00c3O: Nomeia os cidad\u00e3os relacionados.<\/a><\/td><\/tr><tr><td>15 de Outubro<\/td><td><a href=\"https:\/\/www.pmpf.rs.gov.br\/transparencia\/wp-content\/uploads\/sites\/31\/2021\/12\/concPublico2013_16102013.pdf\">EDITAL N\u00ba 26\/13 &#8211; EDITAL DE NOMEA\u00c7\u00c3O: Nomeia os m\u00e9dicos relacionados.<\/a><\/td><\/tr><tr><td>11 de Outubro<\/td><td><a href=\"https:\/\/www.pmpf.rs.gov.br\/transparencia\/wp-content\/uploads\/sites\/31\/2021\/12\/concPublico2013_15102013.pdf\">EDITAL N\u00b0 25\/13 &#8211; EDITAL DE NOMEA\u00c7\u00c3O: Nomeia os candidatos relacionados.<\/a><\/td><\/tr><tr><td>08 de Outubro<\/td><td><a href=\"https:\/\/www.pmpf.rs.gov.br\/transparencia\/wp-content\/uploads\/sites\/31\/2021\/12\/concPublico2013_09102013.pdf\">EDITAL N\u00ba 24\/13 &#8211; EDITAL DE NOMEA\u00c7\u00c3O: Nomeia os m\u00e9dicos relacionados.<\/a><\/td><\/tr><tr><td>02 de Outubro<\/td><td><a href=\"https:\/\/www.pmpf.rs.gov.br\/transparencia\/wp-content\/uploads\/sites\/31\/2021\/12\/concPublico2013_03102013.pdf\">EDITAL N\u00ba 22\/13 &#8211; EDITAL DE NOMEA\u00c7\u00c3O: Nomeia os servidores relacionados.<\/a><\/td><\/tr><tr><td>26 de Setembro<\/td><td><a href=\"https:\/\/www.pmpf.rs.gov.br\/transparencia\/wp-content\/uploads\/sites\/31\/2021\/12\/concPublico2013_26092013.pdf\">EDITAL N\u00b0 21\/13 &#8211; EDITAL DE NOMEA\u00c7\u00c3O: Nomeia os cidad\u00e3os relacionados.<\/a><\/td><\/tr><tr><td>19 de Setembro<\/td><td><a href=\"https:\/\/www.pmpf.rs.gov.br\/transparencia\/wp-content\/uploads\/sites\/31\/2021\/12\/concPublico2013_20092013.pdf\">EDITAL N\u00ba 20\/13: Resultado final da classifica\u00e7\u00e3o dos candidatos ap\u00f3s sorteio desempate.<\/a><\/td><\/tr><tr><td>12 de Setembro<\/td><td><a href=\"https:\/\/www.pmpf.rs.gov.br\/transparencia\/wp-content\/uploads\/sites\/31\/2021\/12\/concPublico2013_13092013.pdf\">EDITAL N\u00ba 19\/13: Resultado final da classifica\u00e7\u00e3o dos candidatos para a contrata\u00e7\u00e3o por tempo determinado de m\u00e9dicos.<\/a><\/td><\/tr><tr><td>12 de Setembro<\/td><td><a href=\"https:\/\/www.pmpf.rs.gov.br\/transparencia\/wp-content\/uploads\/sites\/31\/2021\/12\/concPublico2013_12092013.pdf\">EDITAL N\u00ba 18\/13: Retifica o edital n\u00ba 17\/2013.<\/a><\/td><\/tr><tr><td>05 de Setembro<\/td><td><a href=\"https:\/\/www.pmpf.rs.gov.br\/transparencia\/wp-content\/uploads\/sites\/31\/2021\/12\/concPublico2013_06092013.pdf\">EDITAL N\u00ba 17\/13: Processo seletivo p\u00fablico simplificado para contrata\u00e7\u00e3o, por tempo determinado, de m\u00e9dicos.<\/a><\/td><\/tr><tr><td>28 de Agosto<\/td><td><a href=\"https:\/\/www.pmpf.rs.gov.br\/transparencia\/wp-content\/uploads\/sites\/31\/2021\/12\/concPublico2013_26082013.pdf\">EDITAL N\u00ba 16\/13: Homologa\u00e7\u00e3o das inscri\u00e7\u00f5es para contrata\u00e7\u00e3o, por tempo determinado, de m\u00e9dicos.<\/a><\/td><\/tr><tr><td>31 de Julho<\/td><td><a href=\"https:\/\/www.pmpf.rs.gov.br\/transparencia\/wp-content\/uploads\/sites\/31\/2021\/12\/concPublico2013_02082013.pdf\">EDITAL N\u00b0 13\/13: Processo seletivo simplificado, por meio de prova de t\u00edtulos, visando constrata\u00e7\u00e3o por tempo determinado de m\u00e9dicos.<\/a><\/td><\/tr><\/tbody><\/table><\/figure>\n","protected":false},"excerpt":{"rendered":"<p>Ano 2013 Data Edital 04 de Novembro EDITAL N\u00ba 31\/13 &#8211; EDITAL DE NOMEA\u00c7\u00c3O: Nomeia os servidores relacionados. 01 de Novembro EDITAL N\u00ba 28\/13 &#8211; EDITAL DE NOMEA\u00c7\u00c3O: Nomeia os servidores relacionados. [&hellip;]<\/p>\n","protected":false},"author":1,"featured_media":0,"parent":125,"menu_order":118,"comment_status":"closed","ping_status":"closed","template":"","meta":{"footnotes":""},"class_list":["post-765","page","type-page","status-publish","hentry"],"yoast_head":"<!-- This site is optimized with the Yoast SEO plugin v23.8 - https:\/\/yoast.com\/wordpress\/plugins\/seo\/ -->\n<title>Ano 2013 - Transpar\u00eancia<\/title>\n<meta name=\"robots\" content=\"index, follow, max-snippet:-1, max-image-preview:large, max-video-preview:-1\" \/>\n<link rel=\"canonical\" href=\"https:\/\/www.pmpf.rs.gov.br\/transparencia\/concurso-publico\/ano-2013\/\" \/>\n<meta property=\"og:locale\" content=\"pt_BR\" \/>\n<meta property=\"og:type\" content=\"article\" \/>\n<meta property=\"og:title\" content=\"Ano 2013 - Transpar\u00eancia\" \/>\n<meta property=\"og:description\" content=\"Ano 2013 Data Edital 04 de Novembro EDITAL N\u00ba 31\/13 &#8211; EDITAL DE NOMEA\u00c7\u00c3O: Nomeia os servidores relacionados. 01 de Novembro EDITAL N\u00ba 28\/13 &#8211; EDITAL DE NOMEA\u00c7\u00c3O: Nomeia os servidores relacionados. [&hellip;]\" \/>\n<meta property=\"og:url\" content=\"https:\/\/www.pmpf.rs.gov.br\/transparencia\/concurso-publico\/ano-2013\/\" \/>\n<meta property=\"og:site_name\" content=\"Transpar\u00eancia\" \/>\n<meta property=\"article:modified_time\" content=\"2021-12-16T19:48:17+00:00\" \/>\n<meta name=\"twitter:card\" content=\"summary_large_image\" \/>\n<meta name=\"twitter:label1\" content=\"Est. tempo de leitura\" \/>\n\t<meta name=\"twitter:data1\" content=\"2 minutos\" \/>\n<script type=\"application\/ld+json\" class=\"yoast-schema-graph\">{\"@context\":\"https:\/\/schema.org\",\"@graph\":[{\"@type\":\"WebPage\",\"@id\":\"https:\/\/www.pmpf.rs.gov.br\/transparencia\/concurso-publico\/ano-2013\/\",\"url\":\"https:\/\/www.pmpf.rs.gov.br\/transparencia\/concurso-publico\/ano-2013\/\",\"name\":\"Ano 2013 - Transpar\u00eancia\",\"isPartOf\":{\"@id\":\"https:\/\/www.pmpf.rs.gov.br\/transparencia\/#website\"},\"datePublished\":\"2021-12-16T19:47:32+00:00\",\"dateModified\":\"2021-12-16T19:48:17+00:00\",\"breadcrumb\":{\"@id\":\"https:\/\/www.pmpf.rs.gov.br\/transparencia\/concurso-publico\/ano-2013\/#breadcrumb\"},\"inLanguage\":\"pt-BR\",\"potentialAction\":[{\"@type\":\"ReadAction\",\"target\":[\"https:\/\/www.pmpf.rs.gov.br\/transparencia\/concurso-publico\/ano-2013\/\"]}]},{\"@type\":\"BreadcrumbList\",\"@id\":\"https:\/\/www.pmpf.rs.gov.br\/transparencia\/concurso-publico\/ano-2013\/#breadcrumb\",\"itemListElement\":[{\"@type\":\"ListItem\",\"position\":1,\"name\":\"Concurso P\u00fablico e Processo Seletivo\",\"item\":\"https:\/\/www.pmpf.rs.gov.br\/transparencia\/concurso-publico\/\"},{\"@type\":\"ListItem\",\"position\":2,\"name\":\"Ano 2013\"}]},{\"@type\":\"WebSite\",\"@id\":\"https:\/\/www.pmpf.rs.gov.br\/transparencia\/#website\",\"url\":\"https:\/\/www.pmpf.rs.gov.br\/transparencia\/\",\"name\":\"Transpar\u00eancia\",\"description\":\"S\u00f3 mais um site Prefeitura de Passo Fundo\",\"potentialAction\":[{\"@type\":\"SearchAction\",\"target\":{\"@type\":\"EntryPoint\",\"urlTemplate\":\"https:\/\/www.pmpf.rs.gov.br\/transparencia\/?s={search_term_string}\"},\"query-input\":{\"@type\":\"PropertyValueSpecification\",\"valueRequired\":true,\"valueName\":\"search_term_string\"}}],\"inLanguage\":\"pt-BR\"}]}<\/script>\n<!-- \/ Yoast SEO plugin. -->","yoast_head_json":{"title":"Ano 2013 - Transpar\u00eancia","robots":{"index":"index","follow":"follow","max-snippet":"max-snippet:-1","max-image-preview":"max-image-preview:large","max-video-preview":"max-video-preview:-1"},"canonical":"https:\/\/www.pmpf.rs.gov.br\/transparencia\/concurso-publico\/ano-2013\/","og_locale":"pt_BR","og_type":"article","og_title":"Ano 2013 - Transpar\u00eancia","og_description":"Ano 2013 Data Edital 04 de Novembro EDITAL N\u00ba 31\/13 &#8211; EDITAL DE NOMEA\u00c7\u00c3O: Nomeia os servidores relacionados. 01 de Novembro EDITAL N\u00ba 28\/13 &#8211; EDITAL DE NOMEA\u00c7\u00c3O: Nomeia os servidores relacionados. [&hellip;]","og_url":"https:\/\/www.pmpf.rs.gov.br\/transparencia\/concurso-publico\/ano-2013\/","og_site_name":"Transpar\u00eancia","article_modified_time":"2021-12-16T19:48:17+00:00","twitter_card":"summary_large_image","twitter_misc":{"Est. tempo de leitura":"2 minutos"},"schema":{"@context":"https:\/\/schema.org","@graph":[{"@type":"WebPage","@id":"https:\/\/www.pmpf.rs.gov.br\/transparencia\/concurso-publico\/ano-2013\/","url":"https:\/\/www.pmpf.rs.gov.br\/transparencia\/concurso-publico\/ano-2013\/","name":"Ano 2013 - Transpar\u00eancia","isPartOf":{"@id":"https:\/\/www.pmpf.rs.gov.br\/transparencia\/#website"},"datePublished":"2021-12-16T19:47:32+00:00","dateModified":"2021-12-16T19:48:17+00:00","breadcrumb":{"@id":"https:\/\/www.pmpf.rs.gov.br\/transparencia\/concurso-publico\/ano-2013\/#breadcrumb"},"inLanguage":"pt-BR","potentialAction":[{"@type":"ReadAction","target":["https:\/\/www.pmpf.rs.gov.br\/transparencia\/concurso-publico\/ano-2013\/"]}]},{"@type":"BreadcrumbList","@id":"https:\/\/www.pmpf.rs.gov.br\/transparencia\/concurso-publico\/ano-2013\/#breadcrumb","itemListElement":[{"@type":"ListItem","position":1,"name":"Concurso P\u00fablico e Processo Seletivo","item":"https:\/\/www.pmpf.rs.gov.br\/transparencia\/concurso-publico\/"},{"@type":"ListItem","position":2,"name":"Ano 2013"}]},{"@type":"WebSite","@id":"https:\/\/www.pmpf.rs.gov.br\/transparencia\/#website","url":"https:\/\/www.pmpf.rs.gov.br\/transparencia\/","name":"Transpar\u00eancia","description":"S\u00f3 mais um site Prefeitura de Passo Fundo","potentialAction":[{"@type":"SearchAction","target":{"@type":"EntryPoint","urlTemplate":"https:\/\/www.pmpf.rs.gov.br\/transparencia\/?s={search_term_string}"},"query-input":{"@type":"PropertyValueSpecification","valueRequired":true,"valueName":"search_term_string"}}],"inLanguage":"pt-BR"}]}},"_links":{"self":[{"href":"https:\/\/www.pmpf.rs.gov.br\/transparencia\/wp-json\/wp\/v2\/pages\/765"}],"collection":[{"href":"https:\/\/www.pmpf.rs.gov.br\/transparencia\/wp-json\/wp\/v2\/pages"}],"about":[{"href":"https:\/\/www.pmpf.rs.gov.br\/transparencia\/wp-json\/wp\/v2\/types\/page"}],"author":[{"embeddable":true,"href":"https:\/\/www.pmpf.rs.gov.br\/transparencia\/wp-json\/wp\/v2\/users\/1"}],"replies":[{"embeddable":true,"href":"https:\/\/www.pmpf.rs.gov.br\/transparencia\/wp-json\/wp\/v2\/comments?post=765"}],"version-history":[{"count":2,"href":"https:\/\/www.pmpf.rs.gov.br\/transparencia\/wp-json\/wp\/v2\/pages\/765\/revisions"}],"predecessor-version":[{"id":768,"href":"https:\/\/www.pmpf.rs.gov.br\/transparencia\/wp-json\/wp\/v2\/pages\/765\/revisions\/768"}],"up":[{"embeddable":true,"href":"https:\/\/www.pmpf.rs.gov.br\/transparencia\/wp-json\/wp\/v2\/pages\/125"}],"wp:attachment":[{"href":"https:\/\/www.pmpf.rs.gov.br\/transparencia\/wp-json\/wp\/v2\/media?parent=765"}],"curies":[{"name":"wp","href":"https:\/\/api.w.org\/{rel}","templated":true}]}}