{"id":763,"date":"2021-12-16T16:46:52","date_gmt":"2021-12-16T19:46:52","guid":{"rendered":"https:\/\/www.pmpf.rs.gov.br\/transparencia\/?page_id=763"},"modified":"2021-12-16T16:47:03","modified_gmt":"2021-12-16T19:47:03","slug":"ano-2014","status":"publish","type":"page","link":"https:\/\/www.pmpf.rs.gov.br\/transparencia\/concurso-publico\/ano-2014\/","title":{"rendered":"Ano 2014"},"content":{"rendered":"\n<h2 class=\"wp-block-heading\">Ano 2014<\/h2>\n\n\n\n<figure class=\"wp-block-table\"><table><tbody><tr><td>Data<\/td><td>Edital<\/td><\/tr><tr><td>19 de Dezembro<\/td><td><a href=\"https:\/\/www.pmpf.rs.gov.br\/transparencia\/wp-content\/uploads\/sites\/31\/2021\/12\/concPublico2014_19122014.pdf\">EDITAL N\u00ba 52\/14 &#8211; EDITAL DE NOMEA\u00c7\u00c3O: Chama candidatos aprovados em processo seletivo p\u00fablico para contrata\u00e7\u00e3o, por tempo determinado, de odont\u00f3logos.<\/a><\/td><\/tr><tr><td>05 de Dezembro<\/td><td><a href=\"https:\/\/www.pmpf.rs.gov.br\/transparencia\/wp-content\/uploads\/sites\/31\/2021\/12\/concPublico2014_05122014.pdf\">EDITAL N\u00ba 50\/14 \u2013 Chama candidatos aprovados em processo seletivo p\u00fablico para contrata\u00e7\u00e3o, por tempo determinado, de m\u00e9dicos.<\/a><\/td><\/tr><tr><td>29 de Novembro<\/td><td><a href=\"https:\/\/www.pmpf.rs.gov.br\/transparencia\/wp-content\/uploads\/sites\/31\/2021\/12\/concPublico2014_29112014.pdf\">EDITAL N\u00ba 51\/14 &#8211; Retifica o edital n\u00ba 48\/2014 e reclassifica candidato.<\/a><\/td><\/tr><tr><td>28 de Novembro<\/td><td><a href=\"https:\/\/www.pmpf.rs.gov.br\/transparencia\/wp-content\/uploads\/sites\/31\/2021\/12\/concPublico2014_28112014.pdf\">EDITAL N\u00ba 48\/14 &#8211; EDITAL DE NOMEA\u00c7\u00c3O: Nomeia o cidad\u00e3o relacionado.<\/a><\/td><\/tr><tr><td>28 de Novembro<\/td><td><a href=\"https:\/\/www.pmpf.rs.gov.br\/transparencia\/wp-content\/uploads\/sites\/31\/2021\/12\/concPublico2014_28112014.pdf\">EDITAL N\u00ba 46\/14 \u2013 EDITAL DE NOMEA\u00c7\u00c3O: Chama candidatos aprovados em processo seletivo p\u00fablico para contrata\u00e7\u00e3o, por tempo determinado, de odont\u00f3logos.<\/a><\/td><\/tr><tr><td>20 de Novembro<\/td><td><a href=\"https:\/\/www.pmpf.rs.gov.br\/transparencia\/wp-content\/uploads\/sites\/31\/2021\/12\/concPublico2014_20112014.pdf\">EDITAL N\u00ba 42\/14 &#8211; EDITAL DE NOMEA\u00c7\u00c3O: Nomeia a cidad\u00e3 relacionada, face decis\u00e3o judicial.<\/a><\/td><\/tr><tr><td>15 de Novembro<\/td><td><a href=\"https:\/\/www.pmpf.rs.gov.br\/transparencia\/wp-content\/uploads\/sites\/31\/2021\/12\/concPublico2014_15112014_2.pdf\">EDITAL N\u00ba 41\/14 &#8211; Classifica\u00e7\u00e3o final de processo seletivo para a contrata\u00e7\u00e3o de farmac\u00eauticos.<\/a><\/td><\/tr><tr><td>15 de Novembro<\/td><td><a href=\"https:\/\/www.pmpf.rs.gov.br\/transparencia\/wp-content\/uploads\/sites\/31\/2021\/12\/concPublico2014_15112014.pdf\">EDITAL N\u00ba 40\/14 &#8211; EDITAL DE NOMEA\u00c7\u00c3O: Chama os candidatos relacionados para exercer a fun\u00e7\u00e3o de odont\u00f3logos.<\/a><\/td><\/tr><tr><td>11 de Novembro<\/td><td><a href=\"https:\/\/www.pmpf.rs.gov.br\/transparencia\/wp-content\/uploads\/sites\/31\/2021\/12\/concPublico2014_11112014.pdf\">EDITAL N\u00ba 39\/14: Classifica\u00e7\u00e3o preliminar ap\u00f3s recurso de candidatos.<\/a><\/td><\/tr><tr><td>01 de Novembro<\/td><td><a href=\"https:\/\/www.pmpf.rs.gov.br\/transparencia\/wp-content\/uploads\/sites\/31\/2021\/12\/concPublico2014_01112014.pdf\">EDITAL N\u00ba 38\/14: Classifica\u00e7\u00e3o preliminar dos candidatos.<\/a><\/td><\/tr><tr><td>25 de Outubro<\/td><td><a href=\"https:\/\/www.pmpf.rs.gov.br\/transparencia\/wp-content\/uploads\/sites\/31\/2021\/12\/concPublico2014_25102014.pdf\">EDITAL N\u00ba 35\/14 \u2013 Homologa inscri\u00e7oes do processo seletivo simplificado para contrata\u00e7\u00e3o de Farmac\u00eauticos.<\/a><\/td><\/tr><tr><td>18 de Outubro<\/td><td><a href=\"https:\/\/www.pmpf.rs.gov.br\/transparencia\/wp-content\/uploads\/sites\/31\/2021\/12\/concPublico2014_18102014.pdf\">EDITAL N\u00ba 34\/14 &#8211; Homologa as respectivas inscri\u00e7\u00f5es.<\/a><\/td><\/tr><tr><td>09 de Outubro<\/td><td><a href=\"https:\/\/www.pmpf.rs.gov.br\/transparencia\/wp-content\/uploads\/sites\/31\/2021\/12\/concPublico2014_09102014.pdf\">EDITAL N\u00ba 32\/14 &#8211; Chama candidatos aprovados em processo seletivo p\u00fablico, para contrata\u00e7\u00e3o por tempo determinado, de odont\u00f3logos.<\/a><\/td><\/tr><tr><td>23 de Setembro<\/td><td><a href=\"https:\/\/www.pmpf.rs.gov.br\/transparencia\/wp-content\/uploads\/sites\/31\/2021\/12\/concPublico2014_23092014.pdf\">EDITAL N\u00ba 30\/14 &#8211; Processo seletivo p\u00fablico simplificado para contrata\u00e7\u00e3o, por tempo determinado, de farmac\u00eauticos.<\/a><\/td><\/tr><tr><td>30 de Agosto<\/td><td><a href=\"https:\/\/www.pmpf.rs.gov.br\/transparencia\/wp-content\/uploads\/sites\/31\/2021\/12\/concPublico2014_30082014.pdf\">EDITAL N\u00ba 29\/14 &#8211; EDITAL DE NOMEA\u00c7\u00c3O: Chama candidatos aprovados em processo seletivo p\u00fablico para contrata\u00e7\u00e3o, por tempo determinado, de m\u00e9dicos.<\/a><\/td><\/tr><tr><td>19 de Agosto<\/td><td><a href=\"https:\/\/www.pmpf.rs.gov.br\/transparencia\/wp-content\/uploads\/sites\/31\/2021\/12\/concPublico2014_19082014.pdf\">EDITAL N\u00ba 28\/14 &#8211; EDITAL DE NOMEA\u00c7\u00c3O: Chama candidatos aprovados em processo seletivo p\u00fablico para contrata\u00e7\u00e3o, por tempo determinado, de odont\u00f3logos.<\/a><\/td><\/tr><tr><td>16 de Julho<\/td><td><a href=\"https:\/\/www.pmpf.rs.gov.br\/transparencia\/wp-content\/uploads\/sites\/31\/2021\/12\/concPublico2014_16072014_2.pdf\">EDITAL N\u00ba 25\/14 &#8211; EDITAL DE NOMEA\u00c7\u00c3O: Chama candidatos aprovados em processo seletivo p\u00fablico para a contrata\u00e7\u00e3o, por tempo determinado, de odont\u00f3logos.<\/a><\/td><\/tr><tr><td>16 de Julho<\/td><td><a href=\"https:\/\/www.pmpf.rs.gov.br\/transparencia\/wp-content\/uploads\/sites\/31\/2021\/12\/concPublico2014_16072014.pdf\">EDITAL N\u00ba 24\/14 &#8211; RETIFICA\u00c7\u00c3O DE EDITAL: Retifica a classifica\u00e7\u00e3o final contida no edital 21\/2014.<\/a><\/td><\/tr><tr><td>04 de Julho<\/td><td><a href=\"https:\/\/www.pmpf.rs.gov.br\/transparencia\/wp-content\/uploads\/sites\/31\/2021\/12\/concPublico2014_04072014.pdf\">EDITAL N\u00ba 22\/14 &#8211; Chama candidatos aprovados em processo seletivo p\u00fablico para a constrata\u00e7\u00e3o, por tempo determinado, de odont\u00f3logos.<\/a><\/td><\/tr><tr><td>27 de Junho<\/td><td><a href=\"https:\/\/www.pmpf.rs.gov.br\/transparencia\/wp-content\/uploads\/sites\/31\/2021\/12\/concPublico2014_27062014.pdf\">EDITAL N\u00ba 21\/14 &#8211; Classifica\u00e7\u00e3o final, ap\u00f3s sorteio desempate, do processo seletivo simplificado para constrata\u00e7\u00e3o de odont\u00f3logos.<\/a><\/td><\/tr><tr><td>21 de Junho<\/td><td><a href=\"https:\/\/www.pmpf.rs.gov.br\/transparencia\/wp-content\/uploads\/sites\/31\/2021\/12\/concPublico2014_21062014.pdf\">EDITAL N\u00ba 20\/14 &#8211; Classifica\u00e7\u00e3o preliminar, ap\u00f3s recurso, do processo seletivo simplificado para contrata\u00e7\u00e3o de odont\u00f3logos para atender necessidade tempor\u00e1ria.<\/a><\/td><\/tr><tr><td>13 de Junho<\/td><td><a href=\"https:\/\/www.pmpf.rs.gov.br\/transparencia\/wp-content\/uploads\/sites\/31\/2021\/12\/concPublico2014_13062014_2.pdf\">EDITAL N\u00ba 18\/14 &#8211; Classifica\u00e7\u00e3o preliminar do processo seletivo simplificado para contrata\u00e7\u00e3o de odont\u00f3logos para necessidade tempor\u00e1ria.<\/a><\/td><\/tr><tr><td>13 de Junho<\/td><td><a href=\"https:\/\/www.pmpf.rs.gov.br\/transparencia\/wp-content\/uploads\/sites\/31\/2021\/12\/concPublico2014_13062014.pdf\">EDITAL N\u00ba 17\/14 &#8211; EDITAL DE NOMEA\u00c7\u00c3O: Nomeia os cidad\u00e3os relacionados.<\/a><\/td><\/tr><tr><td>06 de Junho<\/td><td><a href=\"https:\/\/www.pmpf.rs.gov.br\/transparencia\/wp-content\/uploads\/sites\/31\/2021\/12\/concPublico2014_06062014.pdf\">EDITAL N\u00ba 16\/14 &#8211; Homologa\u00e7\u00e3o das inscri\u00e7\u00f5es, ap\u00f3s interposi\u00e7\u00e3o de recurso.<\/a><\/td><\/tr><tr><td>30 de Maio<\/td><td><a href=\"https:\/\/www.pmpf.rs.gov.br\/transparencia\/wp-content\/uploads\/sites\/31\/2021\/12\/concPublico2014_30052014.pdf\">EDITAL N\u00ba 14\/14 &#8211; Homologa inscri\u00e7\u00f5es do processo seletivo simplificado para contrata\u00e7\u00e3o, por tempo determinado, de odont\u00f3logos.<\/a><\/td><\/tr><tr><td>28 de Maio<\/td><td><a href=\"https:\/\/www.pmpf.rs.gov.br\/transparencia\/wp-content\/uploads\/sites\/31\/2021\/12\/concPublico2014_28052014.pdf\">EDITAL N\u00ba 13\/14 &#8211; EDITAL DE NOMEA\u00c7\u00c3O: Nomeia o cidad\u00e3o relacionado, face decis\u00e3o judicial.<\/a><\/td><\/tr><tr><td>14 de Maio<\/td><td><a href=\"https:\/\/www.pmpf.rs.gov.br\/transparencia\/wp-content\/uploads\/sites\/31\/2021\/12\/concPublico2014_14052014.pdf\">EDITAL N\u00ba 10\/14 &#8211; Processo seletivo simplificado para a sele\u00e7\u00e3o dos profissionais para o preenchimento da fun\u00e7\u00e3o p\u00fablica de odont\u00f3logos.<\/a><\/td><\/tr><tr><td>13 de Maio<\/td><td><a href=\"https:\/\/www.pmpf.rs.gov.br\/transparencia\/wp-content\/uploads\/sites\/31\/2021\/12\/concPublico2014_13052014.pdf\">EDITAL N\u00ba 11\/14 &#8211; EDITAL DE NOMEA\u00c7\u00c3O: Nomeia os cidad\u00e3os relacionados.<\/a><\/td><\/tr><tr><td>25 de Abril<\/td><td><a href=\"https:\/\/www.pmpf.rs.gov.br\/transparencia\/wp-content\/uploads\/sites\/31\/2021\/12\/concPublico2014_25042014.pdf\">EDITAL N\u00ba 07\/14 &#8211; EDITAL DE NOMEA\u00c7\u00c3O: Chama candidatos aprovados em processo seletivo p\u00fablico para contrata\u00e7\u00e3o, por tempo determinado, de m\u00e9dicos.<\/a><\/td><\/tr><tr><td>10 de Abril<\/td><td><a href=\"https:\/\/www.pmpf.rs.gov.br\/transparencia\/wp-content\/uploads\/sites\/31\/2021\/12\/concPublico2014_10042014.pdf\">EDITAL N\u00ba 04\/14 &#8211; EDITAL DE NOMEA\u00c7\u00c3O: Nomeia os cidad\u00e3os relacionados.<\/a><\/td><\/tr><tr><td>15 de Mar\u00e7o<\/td><td><a href=\"https:\/\/www.pmpf.rs.gov.br\/transparencia\/wp-content\/uploads\/sites\/31\/2021\/12\/concPublico2014_15032014.pdf\">EDITAL N\u00ba 03\/14 &#8211; EDITAL DE NOMEA\u00c7\u00c3O: Chama candidatos aprovados em processo seletivo p\u00fablico, para contrata\u00e7\u00e3o por tempo determinado, de m\u00e9dicos.<\/a><\/td><\/tr><\/tbody><\/table><\/figure>\n","protected":false},"excerpt":{"rendered":"<p>Ano 2014 Data Edital 19 de Dezembro EDITAL N\u00ba 52\/14 &#8211; EDITAL DE NOMEA\u00c7\u00c3O: Chama candidatos aprovados em processo seletivo p\u00fablico para contrata\u00e7\u00e3o, por tempo determinado, de odont\u00f3logos. 05 de Dezembro EDITAL [&hellip;]<\/p>\n","protected":false},"author":1,"featured_media":0,"parent":125,"menu_order":117,"comment_status":"closed","ping_status":"closed","template":"","meta":{"footnotes":""},"class_list":["post-763","page","type-page","status-publish","hentry"],"yoast_head":"<!-- This site is optimized with the Yoast SEO plugin v23.8 - https:\/\/yoast.com\/wordpress\/plugins\/seo\/ -->\n<title>Ano 2014 - Transpar\u00eancia<\/title>\n<meta name=\"robots\" content=\"index, follow, max-snippet:-1, max-image-preview:large, max-video-preview:-1\" \/>\n<link rel=\"canonical\" href=\"https:\/\/www.pmpf.rs.gov.br\/transparencia\/concurso-publico\/ano-2014\/\" \/>\n<meta property=\"og:locale\" content=\"pt_BR\" \/>\n<meta property=\"og:type\" content=\"article\" \/>\n<meta property=\"og:title\" content=\"Ano 2014 - Transpar\u00eancia\" \/>\n<meta property=\"og:description\" content=\"Ano 2014 Data Edital 19 de Dezembro EDITAL N\u00ba 52\/14 &#8211; EDITAL DE NOMEA\u00c7\u00c3O: Chama candidatos aprovados em processo seletivo p\u00fablico para contrata\u00e7\u00e3o, por tempo determinado, de odont\u00f3logos. 05 de Dezembro EDITAL [&hellip;]\" \/>\n<meta property=\"og:url\" content=\"https:\/\/www.pmpf.rs.gov.br\/transparencia\/concurso-publico\/ano-2014\/\" \/>\n<meta property=\"og:site_name\" content=\"Transpar\u00eancia\" \/>\n<meta property=\"article:modified_time\" content=\"2021-12-16T19:47:03+00:00\" \/>\n<meta name=\"twitter:card\" content=\"summary_large_image\" \/>\n<meta name=\"twitter:label1\" content=\"Est. tempo de leitura\" \/>\n\t<meta name=\"twitter:data1\" content=\"4 minutos\" \/>\n<script type=\"application\/ld+json\" class=\"yoast-schema-graph\">{\"@context\":\"https:\/\/schema.org\",\"@graph\":[{\"@type\":\"WebPage\",\"@id\":\"https:\/\/www.pmpf.rs.gov.br\/transparencia\/concurso-publico\/ano-2014\/\",\"url\":\"https:\/\/www.pmpf.rs.gov.br\/transparencia\/concurso-publico\/ano-2014\/\",\"name\":\"Ano 2014 - Transpar\u00eancia\",\"isPartOf\":{\"@id\":\"https:\/\/www.pmpf.rs.gov.br\/transparencia\/#website\"},\"datePublished\":\"2021-12-16T19:46:52+00:00\",\"dateModified\":\"2021-12-16T19:47:03+00:00\",\"breadcrumb\":{\"@id\":\"https:\/\/www.pmpf.rs.gov.br\/transparencia\/concurso-publico\/ano-2014\/#breadcrumb\"},\"inLanguage\":\"pt-BR\",\"potentialAction\":[{\"@type\":\"ReadAction\",\"target\":[\"https:\/\/www.pmpf.rs.gov.br\/transparencia\/concurso-publico\/ano-2014\/\"]}]},{\"@type\":\"BreadcrumbList\",\"@id\":\"https:\/\/www.pmpf.rs.gov.br\/transparencia\/concurso-publico\/ano-2014\/#breadcrumb\",\"itemListElement\":[{\"@type\":\"ListItem\",\"position\":1,\"name\":\"Concurso P\u00fablico e Processo Seletivo\",\"item\":\"https:\/\/www.pmpf.rs.gov.br\/transparencia\/concurso-publico\/\"},{\"@type\":\"ListItem\",\"position\":2,\"name\":\"Ano 2014\"}]},{\"@type\":\"WebSite\",\"@id\":\"https:\/\/www.pmpf.rs.gov.br\/transparencia\/#website\",\"url\":\"https:\/\/www.pmpf.rs.gov.br\/transparencia\/\",\"name\":\"Transpar\u00eancia\",\"description\":\"S\u00f3 mais um site Prefeitura de Passo Fundo\",\"potentialAction\":[{\"@type\":\"SearchAction\",\"target\":{\"@type\":\"EntryPoint\",\"urlTemplate\":\"https:\/\/www.pmpf.rs.gov.br\/transparencia\/?s={search_term_string}\"},\"query-input\":{\"@type\":\"PropertyValueSpecification\",\"valueRequired\":true,\"valueName\":\"search_term_string\"}}],\"inLanguage\":\"pt-BR\"}]}<\/script>\n<!-- \/ Yoast SEO plugin. -->","yoast_head_json":{"title":"Ano 2014 - Transpar\u00eancia","robots":{"index":"index","follow":"follow","max-snippet":"max-snippet:-1","max-image-preview":"max-image-preview:large","max-video-preview":"max-video-preview:-1"},"canonical":"https:\/\/www.pmpf.rs.gov.br\/transparencia\/concurso-publico\/ano-2014\/","og_locale":"pt_BR","og_type":"article","og_title":"Ano 2014 - Transpar\u00eancia","og_description":"Ano 2014 Data Edital 19 de Dezembro EDITAL N\u00ba 52\/14 &#8211; EDITAL DE NOMEA\u00c7\u00c3O: Chama candidatos aprovados em processo seletivo p\u00fablico para contrata\u00e7\u00e3o, por tempo determinado, de odont\u00f3logos. 05 de Dezembro EDITAL [&hellip;]","og_url":"https:\/\/www.pmpf.rs.gov.br\/transparencia\/concurso-publico\/ano-2014\/","og_site_name":"Transpar\u00eancia","article_modified_time":"2021-12-16T19:47:03+00:00","twitter_card":"summary_large_image","twitter_misc":{"Est. tempo de leitura":"4 minutos"},"schema":{"@context":"https:\/\/schema.org","@graph":[{"@type":"WebPage","@id":"https:\/\/www.pmpf.rs.gov.br\/transparencia\/concurso-publico\/ano-2014\/","url":"https:\/\/www.pmpf.rs.gov.br\/transparencia\/concurso-publico\/ano-2014\/","name":"Ano 2014 - Transpar\u00eancia","isPartOf":{"@id":"https:\/\/www.pmpf.rs.gov.br\/transparencia\/#website"},"datePublished":"2021-12-16T19:46:52+00:00","dateModified":"2021-12-16T19:47:03+00:00","breadcrumb":{"@id":"https:\/\/www.pmpf.rs.gov.br\/transparencia\/concurso-publico\/ano-2014\/#breadcrumb"},"inLanguage":"pt-BR","potentialAction":[{"@type":"ReadAction","target":["https:\/\/www.pmpf.rs.gov.br\/transparencia\/concurso-publico\/ano-2014\/"]}]},{"@type":"BreadcrumbList","@id":"https:\/\/www.pmpf.rs.gov.br\/transparencia\/concurso-publico\/ano-2014\/#breadcrumb","itemListElement":[{"@type":"ListItem","position":1,"name":"Concurso P\u00fablico e Processo Seletivo","item":"https:\/\/www.pmpf.rs.gov.br\/transparencia\/concurso-publico\/"},{"@type":"ListItem","position":2,"name":"Ano 2014"}]},{"@type":"WebSite","@id":"https:\/\/www.pmpf.rs.gov.br\/transparencia\/#website","url":"https:\/\/www.pmpf.rs.gov.br\/transparencia\/","name":"Transpar\u00eancia","description":"S\u00f3 mais um site Prefeitura de Passo Fundo","potentialAction":[{"@type":"SearchAction","target":{"@type":"EntryPoint","urlTemplate":"https:\/\/www.pmpf.rs.gov.br\/transparencia\/?s={search_term_string}"},"query-input":{"@type":"PropertyValueSpecification","valueRequired":true,"valueName":"search_term_string"}}],"inLanguage":"pt-BR"}]}},"_links":{"self":[{"href":"https:\/\/www.pmpf.rs.gov.br\/transparencia\/wp-json\/wp\/v2\/pages\/763"}],"collection":[{"href":"https:\/\/www.pmpf.rs.gov.br\/transparencia\/wp-json\/wp\/v2\/pages"}],"about":[{"href":"https:\/\/www.pmpf.rs.gov.br\/transparencia\/wp-json\/wp\/v2\/types\/page"}],"author":[{"embeddable":true,"href":"https:\/\/www.pmpf.rs.gov.br\/transparencia\/wp-json\/wp\/v2\/users\/1"}],"replies":[{"embeddable":true,"href":"https:\/\/www.pmpf.rs.gov.br\/transparencia\/wp-json\/wp\/v2\/comments?post=763"}],"version-history":[{"count":1,"href":"https:\/\/www.pmpf.rs.gov.br\/transparencia\/wp-json\/wp\/v2\/pages\/763\/revisions"}],"predecessor-version":[{"id":764,"href":"https:\/\/www.pmpf.rs.gov.br\/transparencia\/wp-json\/wp\/v2\/pages\/763\/revisions\/764"}],"up":[{"embeddable":true,"href":"https:\/\/www.pmpf.rs.gov.br\/transparencia\/wp-json\/wp\/v2\/pages\/125"}],"wp:attachment":[{"href":"https:\/\/www.pmpf.rs.gov.br\/transparencia\/wp-json\/wp\/v2\/media?parent=763"}],"curies":[{"name":"wp","href":"https:\/\/api.w.org\/{rel}","templated":true}]}}