{"id":759,"date":"2021-12-16T16:44:26","date_gmt":"2021-12-16T19:44:26","guid":{"rendered":"https:\/\/www.pmpf.rs.gov.br\/transparencia\/?page_id=759"},"modified":"2021-12-16T16:45:33","modified_gmt":"2021-12-16T19:45:33","slug":"ano-2015","status":"publish","type":"page","link":"https:\/\/www.pmpf.rs.gov.br\/transparencia\/concurso-publico\/ano-2015\/","title":{"rendered":"Ano 2015"},"content":{"rendered":"\n<h2 class=\"wp-block-heading\">Ano 2015<\/h2>\n\n\n\n<figure class=\"wp-block-table\"><table><tbody><tr><td>Data<\/td><td>Edital<\/td><\/tr><tr><td>19 de Dezembro<\/td><td><a href=\"https:\/\/www.pmpf.rs.gov.br\/transparencia\/wp-content\/uploads\/sites\/31\/2021\/12\/concPublico2015_19122015.pdf\">EDITAL N\u00ba 74\/15 \u2013 EDITAL DE NOMEA\u00c7\u00c3O: Chama candidatos aprovados em processo seletivo simplificado para contrata\u00e7\u00e3o tempor\u00e1ria de agente de combate \u00e0s endemias I e II.<\/a><\/td><\/tr><tr><td>19 de Dezembro<\/td><td><a href=\"https:\/\/www.pmpf.rs.gov.br\/transparencia\/wp-content\/uploads\/sites\/31\/2021\/12\/concPublico2015_19122015_2.pdf\">EDITAL N\u00ba 75\/15 \u2013 EDITAL DE NOMEA\u00c7\u00c3O: Chama candidatos aprovados em processo seletivo p\u00fablico para constrata\u00e7\u00e3o, por tempo determinado, de farmac\u00eauticos.<\/a><\/td><\/tr><tr><td>05 de Novembro<\/td><td><a href=\"https:\/\/www.pmpf.rs.gov.br\/transparencia\/wp-content\/uploads\/sites\/31\/2021\/12\/concPublico2015_05112015.pdf\">EDITAL N\u00ba 69\/15 &#8211; EDITAL DE NOMEA\u00c7\u00c3O: Chama candidatos aprovados em processo seletivo p\u00fablico para contrata\u00e7\u00e3o, por tempo determinado, de farmac\u00eauticos.<\/a><\/td><\/tr><tr><td>05 de Novembro<\/td><td><a href=\"https:\/\/www.pmpf.rs.gov.br\/transparencia\/wp-content\/uploads\/sites\/31\/2021\/12\/concPublico2015_05112015_2.pdf\">EDITAL N\u00ba 70\/15 \u2013 EDITAL DE NOMEA\u00c7\u00c3O: Chama candidatos aprovados em processo seletivo simplificado para contrata\u00e7\u00e3o tempor\u00e1ria de agente de combate \u00e0s endemias I e II.<\/a><\/td><\/tr><tr><td>10 de Outubro<\/td><td><a href=\"https:\/\/www.pmpf.rs.gov.br\/transparencia\/wp-content\/uploads\/sites\/31\/2021\/12\/concPublico2015_10102015.pdf\">EDITAL N\u00ba 63\/15 \u2013 EDITAL DE NOMEA\u00c7\u00c3O: Chama candidatos aprovados em processo seletivo p\u00fablico para constrata\u00e7\u00e3o, por tempo determinado, de farmac\u00eauticos.<\/a><\/td><\/tr><tr><td>10 de Outubro<\/td><td><a href=\"https:\/\/www.pmpf.rs.gov.br\/transparencia\/wp-content\/uploads\/sites\/31\/2021\/12\/concPublico2015_10102015_2.pdf\">EDITAL N\u00ba 64\/15 &#8211; EDITAL DE NOMEA\u00c7\u00c3O: Nomeia os cidad\u00e3os relacionados.<\/a><\/td><\/tr><tr><td>10 de Outubro<\/td><td><a href=\"https:\/\/www.pmpf.rs.gov.br\/transparencia\/wp-content\/uploads\/sites\/31\/2021\/12\/concPublico2015_10102015_3.pdf\">EDITAL N\u00ba 66\/15 &#8211; EDITAL DE NOMEA\u00c7\u00c3O: Nomeia os cidad\u00e3os relacionados.<\/a><\/td><\/tr><tr><td>06 de Outubro<\/td><td><a href=\"https:\/\/www.pmpf.rs.gov.br\/transparencia\/wp-content\/uploads\/sites\/31\/2021\/12\/concPublico2015_06102015.pdf\">EDITAL N\u00ba 61\/15 \u2013 EDITAL DE NOMEA\u00c7\u00c3O: Chama candidatos aprovados em processo seletivo simplificado para contrata\u00e7\u00e3o tempor\u00e1ria de agente de combate \u00e0s endemias I e II.<\/a><\/td><\/tr><tr><td>04 de Setembro<\/td><td><a href=\"https:\/\/www.pmpf.rs.gov.br\/transparencia\/wp-content\/uploads\/sites\/31\/2021\/12\/concPublico2015_04092015.pdf\">EDITAL N\u00ba 58\/15 \u2013 EDITAL DE NOMEA\u00c7\u00c3O: Chama candidatos aprovados em processo seletivo simplificado para contrata\u00e7\u00e3o tempor\u00e1ria de agente de combate \u00e0s endemias I e II.<\/a><\/td><\/tr><tr><td>28 de Agosto<\/td><td><a href=\"https:\/\/www.pmpf.rs.gov.br\/transparencia\/wp-content\/uploads\/sites\/31\/2021\/12\/concPublico2015_23092015.pdf\">EDITAL N\u00ba 57\/15 &#8211; EDITAL DE NOMEA\u00c7\u00c3O: Nomeia os cidad\u00e3os relacionados.<\/a><\/td><\/tr><tr><td>07 de Agosto<\/td><td><a href=\"https:\/\/www.pmpf.rs.gov.br\/transparencia\/wp-content\/uploads\/sites\/31\/2021\/12\/concPublico2015_07082015.pdf\">EDITAL N\u00ba 55\/15 &#8211; EDITAL DE NOMEA\u00c7\u00c3O: Nomeia os cidad\u00e3os relacionados.<\/a><\/td><\/tr><tr><td>25 de Julho<\/td><td><a href=\"https:\/\/www.pmpf.rs.gov.br\/transparencia\/wp-content\/uploads\/sites\/31\/2021\/12\/concPublico2015_25072015.pdf\">EDITAL N\u00ba 53\/15: Classifica\u00e7\u00e3o final dos candidatos aprovados em processo seletivo simplificado para contrata\u00e7\u00e3o tempor\u00e1ria de agente de combate \u00e0s endemias I e II.<\/a><\/td><\/tr><tr><td>17 de Julho<\/td><td><a href=\"https:\/\/www.pmpf.rs.gov.br\/transparencia\/wp-content\/uploads\/sites\/31\/2021\/12\/concPublico2015_17072015.pdf\">EDITAL N\u00ba 52\/15: Classifica\u00e7\u00e3o preliminar, ap\u00f3s recurso, de processo seletivo simplificado para contrata\u00e7\u00e3o tempor\u00e1ria de agente de combates \u00e0s endemias I e II e convoca\u00e7\u00e3o para sorteio de desempate.<\/a><\/td><\/tr><tr><td>03 de Julho<\/td><td><a href=\"https:\/\/www.pmpf.rs.gov.br\/transparencia\/wp-content\/uploads\/sites\/31\/2021\/12\/concPublico2015_03072015.pdf\">EDITAL N\u00ba 50\/15: Classifica\u00e7\u00e3o preliminar do processo seletivo simplificado para contrata\u00e7\u00e3o tempor\u00e1ria de agente de combate \u00e0s endemias I e II.<\/a><\/td><\/tr><tr><td>19 de Junho<\/td><td><a href=\"https:\/\/www.pmpf.rs.gov.br\/transparencia\/wp-content\/uploads\/sites\/31\/2021\/12\/concPublico2015_19062015.pdf\">EDITAL N\u00ba 45\/15 &#8211; EDITAL DE NOMEA\u00c7\u00c3O: Chama candidatos aprovados em processo seletivo p\u00fablico para contrata\u00e7\u00e3o, por tempo determinado, de farmac\u00eauticos.<\/a><\/td><\/tr><tr><td>19 de Junho<\/td><td><a href=\"https:\/\/www.pmpf.rs.gov.br\/transparencia\/wp-content\/uploads\/sites\/31\/2021\/12\/concPublico2015_19062015.pdf\">EDITAL N\u00ba 47\/15: Homologa inscri\u00e7\u00f5es, ap\u00f3s recurso, do processo seletivo simplificado para constrata\u00e7\u00e3o tempor\u00e1ria de agente de combate \u00e0s endemias I e II.<\/a><\/td><\/tr><tr><td>12 de Junho<\/td><td><a href=\"https:\/\/www.pmpf.rs.gov.br\/transparencia\/wp-content\/uploads\/sites\/31\/2021\/12\/concPublico2015_12062015.pdf\">EDITAL N\u00ba 46\/15: Homologa inscri\u00e7\u00f5es do processo seletivo simplificado para contrata\u00e7\u00e3o tempor\u00e1ria de agente de combates \u00e0s endemias I e II.<\/a><\/td><\/tr><tr><td>12 de Junho<\/td><td><a href=\"https:\/\/www.pmpf.rs.gov.br\/transparencia\/wp-content\/uploads\/sites\/31\/2021\/12\/concPublico2015_12062015_2.pdf\">EDITAL N\u00ba 44\/15 &#8211; EDITAL DE NOMEA\u00c7\u00c3O: Chama candidatos aprovados em processo seletivo p\u00fablico simplificado para contrata\u00e7\u00e3o, por tempo determinado, de profissionais m\u00e9dicos para atender no Pronto Atendimento Pedi\u00e1trico &#8211; PAP.<\/a><\/td><\/tr><tr><td>04 de Junho<\/td><td><a href=\"https:\/\/www.pmpf.rs.gov.br\/transparencia\/wp-content\/uploads\/sites\/31\/2021\/12\/concPublico2015_04062015.pdf\">EDITAL N\u00ba 39\/15 &#8211; EDITAL DE NOMEA\u00c7\u00c3O: Nomeia os cidad\u00e3os relacionados.<\/a><\/td><\/tr><tr><td>30 de Maio<\/td><td><a href=\"https:\/\/www.pmpf.rs.gov.br\/transparencia\/wp-content\/uploads\/sites\/31\/2021\/12\/concPublico2015_30052015.pdf\">EDITAL N\u00ba 40\/15 &#8211; EDITAL DE NOMEA\u00c7\u00c3O: Nomeia os cidad\u00e3os relacionados.<\/a><\/td><\/tr><tr><td>29 de Maio<\/td><td><a href=\"https:\/\/www.pmpf.rs.gov.br\/transparencia\/wp-content\/uploads\/sites\/31\/2021\/12\/concPublico2015_29052015.pdf\">EDITAL N\u00ba 42\/15: Processo seletivo simplificado para agente de combate \u00e0s endemias.<\/a><\/td><\/tr><tr><td>12 de Maio<\/td><td><a href=\"https:\/\/www.pmpf.rs.gov.br\/transparencia\/wp-content\/uploads\/sites\/31\/2021\/12\/concPublico2015_12052015.pdf\">EDITAL N\u00ba 38\/15 &#8211; EDITAL DE NOMEA\u00c7\u00c3O: Chama candidatos aprovados em processo seletivo p\u00fablico para contrata\u00e7\u00e3o por tempo determinado de Psic\u00f3logo e Assistentes Sociais<\/a><\/td><\/tr><tr><td>09 de Maio<\/td><td><a href=\"https:\/\/www.pmpf.rs.gov.br\/transparencia\/wp-content\/uploads\/sites\/31\/2021\/12\/concPublico2015_09052015.pdf\">EDITAL N\u00ba 37\/15 \u2013 EDITAL DE NOMEA\u00c7\u00c3O: Chama candidatos aprovados em processo seletivo p\u00fablico para contrata\u00e7\u00e3o por tempo determinado de Farmac\u00eauticos<\/a><\/td><\/tr><tr><td>09 de Abril<\/td><td><a href=\"https:\/\/www.pmpf.rs.gov.br\/transparencia\/wp-content\/uploads\/sites\/31\/2021\/12\/concPublico2015_23092015_2.pdf\">EDITAL N\u00ba 32\/15 \u2013 EDITAL DE NOMEA\u00c7\u00c3O: Chama candidatos aprovados em processo seletivo p\u00fablico para contrata\u00e7\u00e3o, por tempo determinado, de farmac\u00eauticos.<\/a><\/td><\/tr><tr><td>09 de Abril<\/td><td><a href=\"https:\/\/www.pmpf.rs.gov.br\/transparencia\/wp-content\/uploads\/sites\/31\/2021\/12\/concPublico2015_09042015.pdf\">EDITAL N\u00ba 33\/15 \u2013 EDITAL DE NOMEA\u00c7\u00c3O: Chama candidatos aprovados em processo seletivo p\u00fablico para contrata\u00e7\u00e3o, por tempo determinado, de odont\u00f3logos.<\/a><\/td><\/tr><tr><td>31 de Mar\u00e7o<\/td><td><a href=\"https:\/\/www.pmpf.rs.gov.br\/transparencia\/wp-content\/uploads\/sites\/31\/2021\/12\/concPublico2015_31032015.pdf\">EDITAL N\u00ba 29\/15 &#8211; EDITAL DE NOMEA\u00c7\u00c3O: Chama candidatos aprovados em processo seletivo p\u00fablico, para contrata\u00e7\u00e3o, por tempo determinado, de m\u00e9dicos.<\/a><\/td><\/tr><tr><td>31 de Mar\u00e7o<\/td><td><a href=\"https:\/\/www.pmpf.rs.gov.br\/transparencia\/wp-content\/uploads\/sites\/31\/2021\/12\/concPublico2015_31032015_2.pdf\">EDITAL N\u00ba 31\/15: Classifica\u00e7\u00e3o final do processo seletivo simplificado para contrata\u00e7\u00e3o de psic\u00f3logos e assistentes sociais para atender a necessidade tempor\u00e1ria.<\/a><\/td><\/tr><tr><td>25 de Mar\u00e7o<\/td><td><a href=\"https:\/\/www.pmpf.rs.gov.br\/transparencia\/wp-content\/uploads\/sites\/31\/2021\/12\/concPublico2015_25032015.pdf\">EDITAL N\u00ba 28\/15: Classifica\u00e7\u00e3o preliminar, ap\u00f3s recursos, do processo seletivo simplificado para contrata\u00e7\u00e3o de psic\u00f3logos e assistentes sociais para atender a necessidade tempor\u00e1ria.<\/a><\/td><\/tr><tr><td>24 de Mar\u00e7o<\/td><td><a href=\"https:\/\/www.pmpf.rs.gov.br\/transparencia\/wp-content\/uploads\/sites\/31\/2021\/12\/concPublico2015_24032015.pdf\">EDITAL N\u00ba 27\/15: Classifica\u00e7\u00e3o final de processo seletivo simplificado para contrata\u00e7\u00e3o, por tempo determinado, de profissionais m\u00e9dicos para atender no Pronto Atendimento Pedi\u00e1trico &#8211; PAP.<\/a><\/td><\/tr><tr><td>18 de Mar\u00e7o<\/td><td><a href=\"https:\/\/www.pmpf.rs.gov.br\/transparencia\/wp-content\/uploads\/sites\/31\/2021\/12\/concPublico2015_18032015.pdf\">EDITAL N\u00ba 21\/15 &#8211; EDITAL DE NOMEA\u00c7\u00c3O: Nomeia os cidad\u00e3os relacionados.<\/a><\/td><\/tr><tr><td>14 de Mar\u00e7o<\/td><td><a href=\"https:\/\/www.pmpf.rs.gov.br\/transparencia\/wp-content\/uploads\/sites\/31\/2021\/12\/concPublico2015_14032015.pdf\">EDITAL N\u00ba 20\/15: Classifica\u00e7\u00e3o preliminar para contrata\u00e7\u00e3o por tempo determinado de psic\u00f3logos e assistentes sociais para atender necessidade tempor\u00e1ria.<\/a><\/td><\/tr><tr><td>13 de Mar\u00e7o<\/td><td><a href=\"https:\/\/www.pmpf.rs.gov.br\/transparencia\/wp-content\/uploads\/sites\/31\/2021\/12\/concPublico2015_13032015.pdf\">EDITAL N\u00ba 19\/15: Classifica\u00e7\u00e3o preliminar do processo seletivo p\u00fablico simplificado para contrata\u00e7\u00e3o, por tempo determinado, de profissionais m\u00e9dicos para atender no Pronto Atendimento Pedi\u00e1trico &#8211; PAP.<\/a><\/td><\/tr><tr><td>12 de Mar\u00e7o<\/td><td><a href=\"https:\/\/www.pmpf.rs.gov.br\/transparencia\/wp-content\/uploads\/sites\/31\/2021\/12\/concPublico2015_12032015.pdf\">EDITAL N\u00ba 17\/15 &#8211; EDITAL DE NOMEA\u00c7\u00c3O: Nomeia os cidad\u00e3os relacionados.<\/a><\/td><\/tr><tr><td>11 de Mar\u00e7o<\/td><td><a href=\"https:\/\/www.pmpf.rs.gov.br\/transparencia\/wp-content\/uploads\/sites\/31\/2021\/12\/concPublico2015_11032015.pdf\">EDITAL N\u00ba 16\/15 \u2013 EDITAL DE NOMEA\u00c7\u00c3O: Chama candidatos aprovados em processo seletivo p\u00fablico para contrata\u00e7\u00e3o, por tempo determinado, de farmac\u00eauticos.<\/a><\/td><\/tr><tr><td>11 de Mar\u00e7o<\/td><td><a href=\"https:\/\/www.pmpf.rs.gov.br\/transparencia\/wp-content\/uploads\/sites\/31\/2021\/12\/concPublico2015_11032015.pdf\">EDITAL N\u00ba 15\/15 &#8211; EDITAL DE NOMEA\u00c7\u00c3O: Chama candidatos aprovados em processo seletivo p\u00fablico, para contrata\u00e7\u00e3o, por tempo determinado, de odont\u00f3logos.<\/a><\/td><\/tr><tr><td>03 de Mar\u00e7o<\/td><td><a href=\"https:\/\/www.pmpf.rs.gov.br\/transparencia\/wp-content\/uploads\/sites\/31\/2021\/12\/concPublico2015_03032015.pdf\">EDITAL N\u00ba 14\/15: Homologa\u00e7\u00e3o das inscri\u00e7\u00f5es para contrata\u00e7\u00e3o, por tempo determinado, de profissionais m\u00e9dicos para atender no Pronto Atendimento Pedi\u00e1trico &#8211; PAP.<\/a><\/td><\/tr><tr><td>28 de Fevereiro<\/td><td><a href=\"https:\/\/www.pmpf.rs.gov.br\/transparencia\/wp-content\/uploads\/sites\/31\/2021\/12\/concPublico2015_28022015.pdf\">EDITAL N\u00ba 13\/15 \u2013 Homologa inscri\u00e7\u00f5es do Processo Seletivo Simplificado para contrata\u00e7\u00e3o de Psic\u00f3logos e Assistentes Sociais.<\/a><\/td><\/tr><tr><td>21 de Fevereiro<\/td><td><a href=\"https:\/\/www.pmpf.rs.gov.br\/transparencia\/wp-content\/uploads\/sites\/31\/2021\/12\/concPublico2015_21022015.pdf\">EDITAL N\u00ba 11\/15: Homologa inscri\u00e7\u00f5es do processo seletivo simplificado para contrata\u00e7\u00e3o de psic\u00f3logos e assistentes sociais para atender a necessidade tempor\u00e1ria.<\/a><\/td><\/tr><tr><td>10 de Fevereiro<\/td><td><a href=\"https:\/\/www.pmpf.rs.gov.br\/transparencia\/wp-content\/uploads\/sites\/31\/2021\/12\/concPublico2015_10022015_2.pdf\">EDITAL N\u00ba 08\/15 \u2013 EDITAL DE NOMEA\u00c7\u00c3O: Chama candidatos aprovados em processo seletivo p\u00fablico para constrata\u00e7\u00e3o, por tempo determinado, de odont\u00f3logos.<\/a><\/td><\/tr><tr><td>10 de Fevereiro<\/td><td><a href=\"https:\/\/www.pmpf.rs.gov.br\/transparencia\/wp-content\/uploads\/sites\/31\/2021\/12\/concPublico2015_10022015_3.pdf\">EDITAL N\u00ba 09\/15 \u2013 EDITAL DE NOMEA\u00c7\u00c3O: Chama candidatos aprovados em processo seletivo p\u00fablico para constrata\u00e7\u00e3o, por tempo determinado, de farmac\u00eauticos.<\/a><\/td><\/tr><tr><td>10 de Fevereiro<\/td><td><a href=\"https:\/\/www.pmpf.rs.gov.br\/transparencia\/wp-content\/uploads\/sites\/31\/2021\/12\/concPublico2015_10022015_4.pdf\">EDITAL N\u00ba 10\/15: Processo seletivo simplificado para contrata\u00e7\u00e3o, por tempo determinado, de profissionais m\u00e9dicos para atender no Pronto Atendimento Pedi\u00e1trico &#8211; PAP.<\/a><\/td><\/tr><tr><td>05 de Fevereiro<\/td><td><a href=\"https:\/\/www.pmpf.rs.gov.br\/transparencia\/wp-content\/uploads\/sites\/31\/2021\/12\/concPublico2015_05022015.pdf\">EDITAL N\u00ba 07\/15 &#8211; EDITAL DE NOMEA\u00c7\u00c3O: Nomeia os cidad\u00e3os relacionados.<\/a><\/td><\/tr><tr><td>05 de Fevereiro<\/td><td><a href=\"https:\/\/www.pmpf.rs.gov.br\/transparencia\/wp-content\/uploads\/sites\/31\/2021\/12\/concPublico2015_05022015_2.pdf\">EDITAL N\u00ba 06\/15: Retifica a classifica\u00e7\u00e3o final contida no edital n\u00ba 21\/2014, para a contrata\u00e7\u00e3o de odont\u00f3logos, para atender a necessidade tempor\u00e1ria.<\/a><\/td><\/tr><tr><td>31 de Janeiro<\/td><td><a href=\"https:\/\/www.pmpf.rs.gov.br\/transparencia\/wp-content\/uploads\/sites\/31\/2021\/12\/concPublico2015_31012015.pdf\">EDITAL N\u00ba 05\/15: Processo seletivo simplificado para contrata\u00e7\u00e3o de psic\u00f3logos e assistentes sociais para atender a necessidade tempor\u00e1ria.<\/a><\/td><\/tr><tr><td>21 de Janeiro<\/td><td><a href=\"https:\/\/www.pmpf.rs.gov.br\/transparencia\/wp-content\/uploads\/sites\/31\/2021\/12\/concPublico2015_21012015.pdf\">EDITAL N\u00ba 01\/15 \u2013 EDITAL DE NOMEA\u00c7\u00c3O: Chama candidatos aprovados em processo seletivo p\u00fablico, para contrata\u00e7\u00e3o, por tempo determinado, de odont\u00f3logos.<\/a><\/td><\/tr><tr><td>21 de Janeiro<\/td><td><a href=\"https:\/\/www.pmpf.rs.gov.br\/transparencia\/wp-content\/uploads\/sites\/31\/2021\/12\/concPublico2015_21012015_2.pdf\">EDITAL N\u00ba 02\/15 &#8211; EDITAL DE NOMEA\u00c7\u00c3O: Chama candidatos aprovados em processo seletivo p\u00fablico, para contrata\u00e7\u00e3o, por tempo determinado, de farmac\u00eauticos.<\/a><\/td><\/tr><\/tbody><\/table><\/figure>\n","protected":false},"excerpt":{"rendered":"<p>Ano 2015 Data Edital 19 de Dezembro EDITAL N\u00ba 74\/15 \u2013 EDITAL DE NOMEA\u00c7\u00c3O: Chama candidatos aprovados em processo seletivo simplificado para contrata\u00e7\u00e3o tempor\u00e1ria de agente de combate \u00e0s endemias I e [&hellip;]<\/p>\n","protected":false},"author":1,"featured_media":0,"parent":125,"menu_order":116,"comment_status":"closed","ping_status":"closed","template":"","meta":{"footnotes":""},"class_list":["post-759","page","type-page","status-publish","hentry"],"yoast_head":"<!-- This site is optimized with the Yoast SEO plugin v23.8 - https:\/\/yoast.com\/wordpress\/plugins\/seo\/ -->\n<title>Ano 2015 - Transpar\u00eancia<\/title>\n<meta name=\"robots\" content=\"index, follow, max-snippet:-1, max-image-preview:large, max-video-preview:-1\" \/>\n<link rel=\"canonical\" href=\"https:\/\/www.pmpf.rs.gov.br\/transparencia\/concurso-publico\/ano-2015\/\" \/>\n<meta property=\"og:locale\" content=\"pt_BR\" \/>\n<meta property=\"og:type\" content=\"article\" \/>\n<meta property=\"og:title\" content=\"Ano 2015 - Transpar\u00eancia\" \/>\n<meta property=\"og:description\" content=\"Ano 2015 Data Edital 19 de Dezembro EDITAL N\u00ba 74\/15 \u2013 EDITAL DE NOMEA\u00c7\u00c3O: Chama candidatos aprovados em processo seletivo simplificado para contrata\u00e7\u00e3o tempor\u00e1ria de agente de combate \u00e0s endemias I e [&hellip;]\" \/>\n<meta property=\"og:url\" content=\"https:\/\/www.pmpf.rs.gov.br\/transparencia\/concurso-publico\/ano-2015\/\" \/>\n<meta property=\"og:site_name\" content=\"Transpar\u00eancia\" \/>\n<meta property=\"article:modified_time\" content=\"2021-12-16T19:45:33+00:00\" \/>\n<meta name=\"twitter:card\" content=\"summary_large_image\" \/>\n<meta name=\"twitter:label1\" content=\"Est. tempo de leitura\" \/>\n\t<meta name=\"twitter:data1\" content=\"6 minutos\" \/>\n<script type=\"application\/ld+json\" class=\"yoast-schema-graph\">{\"@context\":\"https:\/\/schema.org\",\"@graph\":[{\"@type\":\"WebPage\",\"@id\":\"https:\/\/www.pmpf.rs.gov.br\/transparencia\/concurso-publico\/ano-2015\/\",\"url\":\"https:\/\/www.pmpf.rs.gov.br\/transparencia\/concurso-publico\/ano-2015\/\",\"name\":\"Ano 2015 - Transpar\u00eancia\",\"isPartOf\":{\"@id\":\"https:\/\/www.pmpf.rs.gov.br\/transparencia\/#website\"},\"datePublished\":\"2021-12-16T19:44:26+00:00\",\"dateModified\":\"2021-12-16T19:45:33+00:00\",\"breadcrumb\":{\"@id\":\"https:\/\/www.pmpf.rs.gov.br\/transparencia\/concurso-publico\/ano-2015\/#breadcrumb\"},\"inLanguage\":\"pt-BR\",\"potentialAction\":[{\"@type\":\"ReadAction\",\"target\":[\"https:\/\/www.pmpf.rs.gov.br\/transparencia\/concurso-publico\/ano-2015\/\"]}]},{\"@type\":\"BreadcrumbList\",\"@id\":\"https:\/\/www.pmpf.rs.gov.br\/transparencia\/concurso-publico\/ano-2015\/#breadcrumb\",\"itemListElement\":[{\"@type\":\"ListItem\",\"position\":1,\"name\":\"Concurso P\u00fablico e Processo Seletivo\",\"item\":\"https:\/\/www.pmpf.rs.gov.br\/transparencia\/concurso-publico\/\"},{\"@type\":\"ListItem\",\"position\":2,\"name\":\"Ano 2015\"}]},{\"@type\":\"WebSite\",\"@id\":\"https:\/\/www.pmpf.rs.gov.br\/transparencia\/#website\",\"url\":\"https:\/\/www.pmpf.rs.gov.br\/transparencia\/\",\"name\":\"Transpar\u00eancia\",\"description\":\"S\u00f3 mais um site Prefeitura de Passo Fundo\",\"potentialAction\":[{\"@type\":\"SearchAction\",\"target\":{\"@type\":\"EntryPoint\",\"urlTemplate\":\"https:\/\/www.pmpf.rs.gov.br\/transparencia\/?s={search_term_string}\"},\"query-input\":{\"@type\":\"PropertyValueSpecification\",\"valueRequired\":true,\"valueName\":\"search_term_string\"}}],\"inLanguage\":\"pt-BR\"}]}<\/script>\n<!-- \/ Yoast SEO plugin. -->","yoast_head_json":{"title":"Ano 2015 - Transpar\u00eancia","robots":{"index":"index","follow":"follow","max-snippet":"max-snippet:-1","max-image-preview":"max-image-preview:large","max-video-preview":"max-video-preview:-1"},"canonical":"https:\/\/www.pmpf.rs.gov.br\/transparencia\/concurso-publico\/ano-2015\/","og_locale":"pt_BR","og_type":"article","og_title":"Ano 2015 - Transpar\u00eancia","og_description":"Ano 2015 Data Edital 19 de Dezembro EDITAL N\u00ba 74\/15 \u2013 EDITAL DE NOMEA\u00c7\u00c3O: Chama candidatos aprovados em processo seletivo simplificado para contrata\u00e7\u00e3o tempor\u00e1ria de agente de combate \u00e0s endemias I e [&hellip;]","og_url":"https:\/\/www.pmpf.rs.gov.br\/transparencia\/concurso-publico\/ano-2015\/","og_site_name":"Transpar\u00eancia","article_modified_time":"2021-12-16T19:45:33+00:00","twitter_card":"summary_large_image","twitter_misc":{"Est. tempo de leitura":"6 minutos"},"schema":{"@context":"https:\/\/schema.org","@graph":[{"@type":"WebPage","@id":"https:\/\/www.pmpf.rs.gov.br\/transparencia\/concurso-publico\/ano-2015\/","url":"https:\/\/www.pmpf.rs.gov.br\/transparencia\/concurso-publico\/ano-2015\/","name":"Ano 2015 - Transpar\u00eancia","isPartOf":{"@id":"https:\/\/www.pmpf.rs.gov.br\/transparencia\/#website"},"datePublished":"2021-12-16T19:44:26+00:00","dateModified":"2021-12-16T19:45:33+00:00","breadcrumb":{"@id":"https:\/\/www.pmpf.rs.gov.br\/transparencia\/concurso-publico\/ano-2015\/#breadcrumb"},"inLanguage":"pt-BR","potentialAction":[{"@type":"ReadAction","target":["https:\/\/www.pmpf.rs.gov.br\/transparencia\/concurso-publico\/ano-2015\/"]}]},{"@type":"BreadcrumbList","@id":"https:\/\/www.pmpf.rs.gov.br\/transparencia\/concurso-publico\/ano-2015\/#breadcrumb","itemListElement":[{"@type":"ListItem","position":1,"name":"Concurso P\u00fablico e Processo Seletivo","item":"https:\/\/www.pmpf.rs.gov.br\/transparencia\/concurso-publico\/"},{"@type":"ListItem","position":2,"name":"Ano 2015"}]},{"@type":"WebSite","@id":"https:\/\/www.pmpf.rs.gov.br\/transparencia\/#website","url":"https:\/\/www.pmpf.rs.gov.br\/transparencia\/","name":"Transpar\u00eancia","description":"S\u00f3 mais um site Prefeitura de Passo Fundo","potentialAction":[{"@type":"SearchAction","target":{"@type":"EntryPoint","urlTemplate":"https:\/\/www.pmpf.rs.gov.br\/transparencia\/?s={search_term_string}"},"query-input":{"@type":"PropertyValueSpecification","valueRequired":true,"valueName":"search_term_string"}}],"inLanguage":"pt-BR"}]}},"_links":{"self":[{"href":"https:\/\/www.pmpf.rs.gov.br\/transparencia\/wp-json\/wp\/v2\/pages\/759"}],"collection":[{"href":"https:\/\/www.pmpf.rs.gov.br\/transparencia\/wp-json\/wp\/v2\/pages"}],"about":[{"href":"https:\/\/www.pmpf.rs.gov.br\/transparencia\/wp-json\/wp\/v2\/types\/page"}],"author":[{"embeddable":true,"href":"https:\/\/www.pmpf.rs.gov.br\/transparencia\/wp-json\/wp\/v2\/users\/1"}],"replies":[{"embeddable":true,"href":"https:\/\/www.pmpf.rs.gov.br\/transparencia\/wp-json\/wp\/v2\/comments?post=759"}],"version-history":[{"count":2,"href":"https:\/\/www.pmpf.rs.gov.br\/transparencia\/wp-json\/wp\/v2\/pages\/759\/revisions"}],"predecessor-version":[{"id":762,"href":"https:\/\/www.pmpf.rs.gov.br\/transparencia\/wp-json\/wp\/v2\/pages\/759\/revisions\/762"}],"up":[{"embeddable":true,"href":"https:\/\/www.pmpf.rs.gov.br\/transparencia\/wp-json\/wp\/v2\/pages\/125"}],"wp:attachment":[{"href":"https:\/\/www.pmpf.rs.gov.br\/transparencia\/wp-json\/wp\/v2\/media?parent=759"}],"curies":[{"name":"wp","href":"https:\/\/api.w.org\/{rel}","templated":true}]}}