{"id":756,"date":"2021-12-16T16:42:53","date_gmt":"2021-12-16T19:42:53","guid":{"rendered":"https:\/\/www.pmpf.rs.gov.br\/transparencia\/?page_id=756"},"modified":"2021-12-16T16:43:56","modified_gmt":"2021-12-16T19:43:56","slug":"ano-2016","status":"publish","type":"page","link":"https:\/\/www.pmpf.rs.gov.br\/transparencia\/concurso-publico\/ano-2016\/","title":{"rendered":"Ano 2016"},"content":{"rendered":"\n<h2 class=\"wp-block-heading\">Ano 2016<\/h2>\n\n\n\n<figure class=\"wp-block-table\"><table><tbody><tr><td>Data<\/td><td>Edital<\/td><\/tr><tr><td>24 de Janeiro de 2017<\/td><td><a href=\"https:\/\/www.pmpf.rs.gov.br\/transparencia\/wp-content\/uploads\/sites\/31\/2021\/12\/resultado_prova_titulo_sme_48_2016.pdf\">Resultado definitivo retificado da prova de t\u00edtulos do Concurso P\u00fablico da SME 48\/2016, publicado na MS Concursos em 24\/01\/2017, no link: href=https:\/\/www.msconcursos.com.br\/anterior\/concursoEdital.php?aba=4&amp;con=263.<\/a><\/td><\/tr><tr><td>24 de Janeiro de 2017<\/td><td><a href=\"https:\/\/www.pmpf.rs.gov.br\/transparencia\/wp-content\/uploads\/sites\/31\/2021\/12\/classificacao_definitiva_geral_sme_48_2016.pdf\">Classifica\u00e7\u00e3o definitiva geral Concurso P\u00fablico da SME 48\/2016, publicado na MS Concursos em 24\/01\/2017, no link: href=https:\/\/www.msconcursos.com.br\/anterior\/concursoEdital.php?aba=4&amp;con=263.<\/a><\/td><\/tr><tr><td>29 de Dezembro<\/td><td><a href=\"https:\/\/www.pmpf.rs.gov.br\/transparencia\/wp-content\/uploads\/sites\/31\/2021\/12\/concPublico2016_29122016.pdf\">EDITAL N\u00ba 66\/16: Retifica cronograma do Edital 48\/2016 do concurso para cargos da educa\u00e7\u00e3o infantil.<\/a><\/td><\/tr><tr><td>28 de Dezembro<\/td><td><a href=\"https:\/\/www.pmpf.rs.gov.br\/transparencia\/wp-content\/uploads\/sites\/31\/2021\/12\/concPublico2016_28122016.pdf\">EDITAL N\u00ba 65\/16: Divulga classifica\u00e7\u00e3o preliminar do processo seletivo simplificado para contrata\u00e7\u00e3o de Farmac\u00eauticos.<\/a><\/td><\/tr><tr><td>23 de Dezembro<\/td><td><a href=\"https:\/\/www.pmpf.rs.gov.br\/transparencia\/wp-content\/uploads\/sites\/31\/2021\/12\/concPublico2016_23122016.pdf\">EDITAL N\u00ba 62\/16: Nomea\u00e7\u00e3o, por decis\u00e3o judicial, para o cargo de Professor S\u00e9ries Iniciais.<\/a><\/td><\/tr><tr><td>22 de Dezembro<\/td><td><a href=\"https:\/\/www.pmpf.rs.gov.br\/transparencia\/wp-content\/uploads\/sites\/31\/2021\/12\/concPublico2016_22122016.pdf\">EDITAL N\u00ba 64\/16: Homologa\u00e7\u00e3o de inscri\u00e7\u00f5es do processo seletivo simplificado para contrata\u00e7\u00e3o tempor\u00e1ria de Farmac\u00eauticos.<\/a><\/td><\/tr><tr><td>13 de Dezembro<\/td><td><a href=\"https:\/\/www.pmpf.rs.gov.br\/transparencia\/wp-content\/uploads\/sites\/31\/2021\/12\/concPublico2016_13122016.pdf\">EDITAL N\u00ba 61\/16: Divulga classifica\u00e7\u00e3o final ap\u00f3s sorteio desempate do processo seletivo p\u00fablico simplificado para contrata\u00e7\u00e3o de Odont\u00f3logos.<\/a><\/td><\/tr><tr><td>10 de Dezembro<\/td><td><a href=\"https:\/\/www.pmpf.rs.gov.br\/transparencia\/wp-content\/uploads\/sites\/31\/2021\/12\/concPublico2016_101220162.pdf\">EDITAL N\u00ba 60\/16: Divulga classifica\u00e7\u00e3o final ap\u00f3s sorteio desempate do processo seletivo p\u00fablico simplificado para contrata\u00e7\u00e3o de Agente de Combate a Endemias I.<\/a><\/td><\/tr><tr><td>10 de Dezembro<\/td><td><a href=\"https:\/\/www.pmpf.rs.gov.br\/transparencia\/wp-content\/uploads\/sites\/31\/2021\/12\/concPublico2016_10122016.pdf\">EDITAL N\u00ba 59\/16: Processo seletivo p\u00fablico simplificado para contrata\u00e7\u00e3o por tempo determinado de Farmac\u00eauticos para atender a necessidade tempor\u00e1ria.<\/a><\/td><\/tr><tr><td>06 de Dezembro<\/td><td><a href=\"https:\/\/www.pmpf.rs.gov.br\/transparencia\/wp-content\/uploads\/sites\/31\/2021\/12\/concPublico2016_06122016.pdf\">EDITAL N\u00ba 58\/16: Divulga classifica\u00e7\u00e3o preliminar, ap\u00f3s recursos, do processo seletivo p\u00fablico simplificado para contrata\u00e7\u00e3o de Odont\u00f3logos.<\/a><\/td><\/tr><tr><td>28 de Novembro<\/td><td><a href=\"https:\/\/www.pmpf.rs.gov.br\/transparencia\/wp-content\/uploads\/sites\/31\/2021\/12\/concPublico2016_28112016.pdf\">EDITAL N\u00ba 57\/16: Divulga classifica\u00e7\u00e3o preliminar do processo seletivo p\u00fablico simplificado para contrata\u00e7\u00e3o de Odont\u00f3logos.<\/a><\/td><\/tr><tr><td>26 de Novembro<\/td><td><a href=\"https:\/\/www.pmpf.rs.gov.br\/transparencia\/wp-content\/uploads\/sites\/31\/2021\/12\/concPublico2016_261120162.pdf\">EDITAL N\u00ba 56\/16: 1\u00aa Retifica\u00e7\u00e3o do Edital 048\/2016.<\/a><\/td><\/tr><tr><td>26 de Novembro<\/td><td><a href=\"https:\/\/www.pmpf.rs.gov.br\/transparencia\/wp-content\/uploads\/sites\/31\/2021\/12\/concPublico2016_26112016.pdf\">EDITAL N\u00ba 55\/16: Forma\u00e7\u00e3o de Cadastro Reserva.<\/a><\/td><\/tr><tr><td>24 de Novembro<\/td><td><a href=\"https:\/\/www.pmpf.rs.gov.br\/transparencia\/wp-content\/uploads\/sites\/31\/2021\/12\/concPublico2016_241120162.pdf\">EDITAL N\u00ba 54\/16: Resultado dos recursos apresentados ap\u00f3s homologa\u00e7\u00e3o das inscri\u00e7\u00f5es do processo seletivo simplificado para Odont\u00f3logos.<\/a><\/td><\/tr><tr><td>24 de Novembro<\/td><td><a href=\"https:\/\/www.pmpf.rs.gov.br\/transparencia\/wp-content\/uploads\/sites\/31\/2021\/12\/concPublico2016_24112016.pdf\">EDITAL N\u00ba 53\/16: Classifica\u00e7\u00e3o preliminar do processo seletivo p\u00fablico simplificado para contrata\u00e7\u00e3o de Agente de Combate \u00e0s Endemias I.<\/a><\/td><\/tr><tr><td>19 de Novembro<\/td><td><a href=\"https:\/\/www.pmpf.rs.gov.br\/transparencia\/wp-content\/uploads\/sites\/31\/2021\/12\/concPublico2016_191120163.pdf\">EDITAL N\u00ba 52\/16: Homologa inscri\u00e7\u00f5es do processo seletivo simplificado para contrata\u00e7\u00e3o de Odont\u00f3logos.<\/a><\/td><\/tr><tr><td>19 de Novembro<\/td><td><a href=\"https:\/\/www.pmpf.rs.gov.br\/transparencia\/wp-content\/uploads\/sites\/31\/2021\/12\/concPublico2016_191120162.pdf\">EDITAL N\u00ba 51\/16: Edital n\u00ba 51\/16 &#8211; Homologa\u00e7\u00e3o das inscri\u00e7\u00f5es processo seletivo p\u00fablico simplificado, para o Cargo de Agente de Endemias I.<\/a><\/td><\/tr><tr><td>19 de Novembro<\/td><td><a href=\"https:\/\/www.pmpf.rs.gov.br\/transparencia\/wp-content\/uploads\/sites\/31\/2021\/12\/concPublico2016_19112016.pdf\">EDITAL N\u00ba 50\/16: Retifica o Edital N\u00ba 43\/2016, alterando o cronograma de execu\u00e7\u00e3o do processo seletivo simplificado para contrata\u00e7\u00e3o de Agentes de Combate \u00e0s Endemias I.<\/a><\/td><\/tr><tr><td>01 de Novembro<\/td><td><a href=\"https:\/\/www.pmpf.rs.gov.br\/transparencia\/wp-content\/uploads\/sites\/31\/2021\/12\/concPublico2016_011120163.pdf\">EDITAL N\u00ba 46\/16: Edital de nomea\u00e7\u00e3o.<\/a><\/td><\/tr><tr><td>01 de Novembro<\/td><td><a href=\"https:\/\/www.pmpf.rs.gov.br\/transparencia\/wp-content\/uploads\/sites\/31\/2021\/12\/concPublico2016_011120162.pdf\">EDITAL N\u00ba 44\/16: Processo seletivo p\u00fablico simplificado para contrata\u00e7\u00e3o de odont\u00f3logos.<\/a><\/td><\/tr><tr><td>01 de Novembro<\/td><td><a href=\"https:\/\/www.pmpf.rs.gov.br\/transparencia\/wp-content\/uploads\/sites\/31\/2021\/12\/concPublico2016_01112016.pdf\">EDITAL N\u00ba 43\/16: Edital de processo seletivo p\u00fablico simplificado para preenchimento das fun\u00e7\u00f5es p\u00fablicas de agente de combate \u00e0s endemias.<\/a><\/td><\/tr><tr><td>31 de Outubro<\/td><td><a href=\"https:\/\/www.pmpf.rs.gov.br\/transparencia\/wp-content\/uploads\/sites\/31\/2021\/12\/concPublico2016_31102016.pdf\">EDITAL N\u00ba 48\/16: Abertura de Concursos P\u00fablico para preenchimentos de cargos na Educa\u00e7\u00e3o Infantil .<\/a><\/td><\/tr><tr><td>09 de Setembro<\/td><td><a href=\"https:\/\/www.pmpf.rs.gov.br\/transparencia\/wp-content\/uploads\/sites\/31\/2021\/12\/concPublico2016_09092016.pdf\">EDITAL N\u00ba 42\/16: Chama candidatos aprovados em processo seletivo p\u00fablico simplificado para contrata\u00e7\u00e3o por tempo determinado de profissionais para o SAMU.<\/a><\/td><\/tr><tr><td>27 de Julho<\/td><td><a href=\"https:\/\/www.pmpf.rs.gov.br\/transparencia\/wp-content\/uploads\/sites\/31\/2021\/12\/concPublico2016_27072016.pdf\">EDITAL N\u00ba 40\/16: Retifica o edital 39\/2016 que chama candidatos aprovados em processo seletivo p\u00fablico simplificado para contrata\u00e7\u00e3o, por tempo determinado, de profissionais para o Samu.<\/a><\/td><\/tr><tr><td>21 de Julho<\/td><td><a href=\"https:\/\/www.pmpf.rs.gov.br\/transparencia\/wp-content\/uploads\/sites\/31\/2021\/12\/concPublico2016_21072016.pdf\">EDITAL N\u00ba 39\/16: Chama candidatos aprovados em processo seletivo p\u00fablico simplificado para contrata\u00e7\u00e3o, por tempo determinado, de profissionais para o Samu.<\/a><\/td><\/tr><tr><td>13 de Julho<\/td><td><a href=\"https:\/\/www.pmpf.rs.gov.br\/transparencia\/wp-content\/uploads\/sites\/31\/2021\/12\/concPublico2016_13072016.pdf\">EDITAL N\u00ba 36\/16: Chama candidatos aprovados em processo seletivo p\u00fablico simplificado para contrata\u00e7\u00e3o, por tempo determinado, de m\u00e9dicos.<\/a><\/td><\/tr><tr><td>12 de Julho<\/td><td><a href=\"https:\/\/www.pmpf.rs.gov.br\/transparencia\/wp-content\/uploads\/sites\/31\/2021\/12\/concPublico2016_12072016.pdf\">EDITAL N\u00ba 38\/16: Homologa\u00e7\u00e3o da classifica\u00e7\u00e3o final do processo seletivo p\u00fablico simplificado para contrata\u00e7\u00e3o, por tempo determinado, de profissionais para o Samu.<\/a><\/td><\/tr><tr><td>06 de Julho<\/td><td><a href=\"https:\/\/www.pmpf.rs.gov.br\/transparencia\/wp-content\/uploads\/sites\/31\/2021\/12\/concPublico2016_06072016.pdf\">EDITAL N\u00ba 37\/16: Resultado parcial ap\u00f3s recursos do processo seletivo p\u00fablico simplificado para contrata\u00e7\u00e3o, por tempo determinado, de profissionais para o Samu.<\/a><\/td><\/tr><tr><td>01 de Julho<\/td><td><a href=\"https:\/\/www.pmpf.rs.gov.br\/transparencia\/wp-content\/uploads\/sites\/31\/2021\/12\/concPublico2016_01072016.pdf\">EDITAL N\u00ba 35\/16: Retifica o edital n\u00ba 33\/2016 do processo seletivo p\u00fablico simplificado para contrata\u00e7\u00e3o, por tempo determinado, de profissionais para o Samu e divulga a classifica\u00e7\u00e3o parcial.<\/a><\/td><\/tr><tr><td>25 de Junho<\/td><td><a href=\"https:\/\/www.pmpf.rs.gov.br\/transparencia\/wp-content\/uploads\/sites\/31\/2021\/12\/concPublico2016_25062016_2.pdf\">EDITAL N\u00ba 33\/16: Divulga classifica\u00e7\u00e3o parcial processo seletivo p\u00fablico simplificado para contrata\u00e7\u00e3o, por tempo determinado, de profissionais para o Samu.<\/a><\/td><\/tr><tr><td>25 de Junho<\/td><td><a href=\"https:\/\/www.pmpf.rs.gov.br\/transparencia\/wp-content\/uploads\/sites\/31\/2021\/12\/concPublico2016_25062016.pdf\">EDITAL N\u00ba 29\/16 \u2013 EDITAL DE NOMEA\u00c7\u00c3O: Nomeia os candidatos relacionados.<\/a><\/td><\/tr><tr><td>17 de Junho<\/td><td><a href=\"https:\/\/www.pmpf.rs.gov.br\/transparencia\/wp-content\/uploads\/sites\/31\/2021\/12\/concPublico2016_17062016_2.pdf\">EDITAL N\u00ba 31\/16: Resultado parcial do processo seletivo p\u00fablico simplificado para contrata\u00e7\u00e3o, por tempo determinado, de profissionais para o Samu.<\/a><\/td><\/tr><tr><td>17 de Junho<\/td><td><a href=\"https:\/\/www.pmpf.rs.gov.br\/transparencia\/wp-content\/uploads\/sites\/31\/2021\/12\/concPublico2016_17062016.pdf\">EDITAL N\u00ba 30\/16 \u2013 EDITAL DE NOMEA\u00c7\u00c3O: Nomeia os candidatos relacionados.<\/a><\/td><\/tr><tr><td>04 de Junho<\/td><td><a href=\"https:\/\/www.pmpf.rs.gov.br\/transparencia\/wp-content\/uploads\/sites\/31\/2021\/12\/concPublico2016_04062016.pdf\">EDITAL N\u00ba 28\/16: Chama candidatos aprovados em processo seletivo p\u00fablico para contrata\u00e7\u00e3o, por tempo determinado, de psic\u00f3logos e assistentes sociais.<\/a><\/td><\/tr><tr><td>26 de Maio<\/td><td><a href=\"https:\/\/www.pmpf.rs.gov.br\/transparencia\/wp-content\/uploads\/sites\/31\/2021\/12\/concPublico2016_26062016.pdf\">EDITAL N\u00ba 27\/16: Chama candidatos aprovados em processo seletivo p\u00fablico simplificado para contrata\u00e7\u00e3o, por tempo determinado, de m\u00e9dicos.<\/a><\/td><\/tr><tr><td>13 de Maio<\/td><td><a href=\"https:\/\/www.pmpf.rs.gov.br\/transparencia\/wp-content\/uploads\/sites\/31\/2021\/12\/concPublico2016_13052016_2.pdf\">EDITAL N\u00ba 26\/16: Chama candidatos aprovados em processo seletivo p\u00fablico simplificado para contrata\u00e7\u00e3o, por tempo determinado, de psic\u00f3logos.<\/a><\/td><\/tr><tr><td>13 de Maio<\/td><td><a href=\"https:\/\/www.pmpf.rs.gov.br\/transparencia\/wp-content\/uploads\/sites\/31\/2021\/12\/concPublico2016_13052016.pdf\">EDITAL N\u00ba 25\/16: Chama candidatos aprovados em processo seletivo p\u00fablico simplificado para contrata\u00e7\u00e3o, por tempo determinado, de farmac\u00eauticos.<\/a><\/td><\/tr><tr><td>05 de Maio<\/td><td><a href=\"https:\/\/www.pmpf.rs.gov.br\/transparencia\/wp-content\/uploads\/sites\/31\/2021\/12\/concPublico2016_05052016.pdf\">EDITAL N\u00ba 24\/16: Homologa\u00e7\u00e3o final das inscri\u00e7\u00f5es do processo seletivo p\u00fablico simplificado para contrata\u00e7\u00e3o, por tempo determinado, de profissionais para o Samu.<\/a><\/td><\/tr><tr><td>29 de Abril<\/td><td><a href=\"https:\/\/www.pmpf.rs.gov.br\/transparencia\/wp-content\/uploads\/sites\/31\/2021\/12\/concPublico2016_29042016.pdf\">EDITAL N\u00ba 23\/16: Homologa inscri\u00e7\u00f5es do processo seletivo p\u00fablico simplificado para contrata\u00e7\u00e3o, por tempo determinado, de profissionais para o Samu.<\/a><\/td><\/tr><tr><td>21 de Abril<\/td><td><a href=\"https:\/\/www.pmpf.rs.gov.br\/transparencia\/wp-content\/uploads\/sites\/31\/2021\/12\/concPublico2016_21042016.pdf\">EDITAL N\u00ba 20\/16 &#8211; EDITAL DE NOMEA\u00c7\u00c3O: Nomeia os candidatos relacionados.<\/a><\/td><\/tr><tr><td>13 de Abril<\/td><td><a href=\"https:\/\/www.pmpf.rs.gov.br\/transparencia\/wp-content\/uploads\/sites\/31\/2021\/12\/concPublico2016_13042016.pdf\">EDITAL N\u00ba 19\/16: Retifica o edital do processo seletivo simplificado \u2013 Samu.<\/a><\/td><\/tr><tr><td>09 de Abril<\/td><td><a href=\"https:\/\/www.pmpf.rs.gov.br\/transparencia\/wp-content\/uploads\/sites\/31\/2021\/12\/concPublico2016_09042016.pdf\">EDITAL N\u00ba 17\/16: Chama candidatos aprovados em processo seletivo p\u00fablico simplificado para contrata\u00e7\u00e3o, por tempo determinado, de m\u00e9dicos.<\/a><\/td><\/tr><tr><td>06 de Abril<\/td><td><a href=\"https:\/\/www.pmpf.rs.gov.br\/transparencia\/wp-content\/uploads\/sites\/31\/2021\/12\/concPublico2016_06042016.pdf\">EDITAL N\u00ba 16\/16: Processo seletivo simplificado \u2013 Samu.<\/a><\/td><\/tr><tr><td>02 de Abril<\/td><td><a href=\"https:\/\/www.pmpf.rs.gov.br\/transparencia\/wp-content\/uploads\/sites\/31\/2021\/12\/concPublico2016_02042016.pdf\">EDITAL N\u00ba 14\/16 \u2013 EDITAL DE NOMEA\u00c7\u00c3O: Nomeia os candidatos relacionados.<\/a><\/td><\/tr><tr><td>30 de Mar\u00e7o<\/td><td><a href=\"https:\/\/www.pmpf.rs.gov.br\/transparencia\/wp-content\/uploads\/sites\/31\/2021\/12\/concPublico2016_30032016.pdf\">EDITAL N\u00ba 15\/16: Homologa\u00e7\u00e3o da classifica\u00e7\u00e3o final do processo seletivo p\u00fablico simplificado para contrata\u00e7\u00e3o, por tempo determinado, de profissionais m\u00e9dicos.<\/a><\/td><\/tr><tr><td>18 de Mar\u00e7o<\/td><td><a href=\"https:\/\/www.pmpf.rs.gov.br\/transparencia\/wp-content\/uploads\/sites\/31\/2021\/12\/concPublico2016_18032016_3.pdf\">EDITAL N\u00ba 13\/16: Classifica\u00e7\u00e3o final do processo seletivo p\u00fablico simplificado para contrata\u00e7\u00e3o, por tempo determinado, de profissionais m\u00e9dicos e convoca\u00e7\u00e3o para sorteio de desempate.<\/a><\/td><\/tr><tr><td>18 de Mar\u00e7o<\/td><td><a href=\"https:\/\/www.pmpf.rs.gov.br\/transparencia\/wp-content\/uploads\/sites\/31\/2021\/12\/concPublico2016_18032016_2.pdf\">EDITAL N\u00ba 12\/16: Chama candidatos aprovados em processo seletivo p\u00fablico simplificado para contrata\u00e7\u00e3o, por tempo determinado, de farmac\u00eauticos.<\/a><\/td><\/tr><tr><td>18 de Mar\u00e7o<\/td><td><a href=\"https:\/\/www.pmpf.rs.gov.br\/transparencia\/wp-content\/uploads\/sites\/31\/2021\/12\/concPublico2016_18032016.pdf\">EDITAL N\u00ba 11\/16: Chama candidatos aprovados em processo seletivo p\u00fablico para contrata\u00e7\u00e3o, por tempo determinado, de psic\u00f3logos e assistentes sociais.<\/a><\/td><\/tr><tr><td>11 de Mar\u00e7o<\/td><td><a href=\"https:\/\/www.pmpf.rs.gov.br\/transparencia\/wp-content\/uploads\/sites\/31\/2021\/12\/concPublico2016_11032016.pdf\">EDITAL N\u00ba 09\/16: Ordem de classifica\u00e7\u00e3o do processo seletivo p\u00fablico simplificado para contrata\u00e7\u00e3o, por tempo determinado, de profissionais m\u00e9dicos.<\/a><\/td><\/tr><tr><td>23 de Fevereiro<\/td><td><a href=\"https:\/\/www.pmpf.rs.gov.br\/transparencia\/wp-content\/uploads\/sites\/31\/2021\/12\/concPublico2016_23022016.pdf\">EDITAL N\u00ba 08\/16: Homologa inscri\u00e7\u00f5es do processo seletivo p\u00fablico simplificado para contrata\u00e7\u00e3o, por tempo determinado, de profissionais m\u00e9dicos.<\/a><\/td><\/tr><tr><td>19 de Fevereiro<\/td><td><a href=\"https:\/\/www.pmpf.rs.gov.br\/transparencia\/wp-content\/uploads\/sites\/31\/2021\/12\/concPublico2016_19022016.pdf\">EDITAL N\u00ba 06\/16 \u2013 EDITAL DE NOMEA\u00c7\u00c3O: Nomeia os candidatos relacionados.<\/a><\/td><\/tr><tr><td>13 de Fevereiro<\/td><td><a href=\"https:\/\/www.pmpf.rs.gov.br\/transparencia\/wp-content\/uploads\/sites\/31\/2021\/12\/concPublico2016_13022016_2.pdf\">EDITAL N\u00ba 04\/16: Chama candidatos aprovados em processo seletivo p\u00fablico simplificado para contrata\u00e7\u00e3o, por tempo determinado, de farmac\u00eauticos.<\/a><\/td><\/tr><tr><td>13 de Fevereiro<\/td><td><a href=\"https:\/\/www.pmpf.rs.gov.br\/transparencia\/wp-content\/uploads\/sites\/31\/2021\/12\/concPublico2016_13022016.pdf\">EDITAL N\u00ba 03\/16 \u2013 EDITAL DE NOMEA\u00c7\u00c3O: Nomeia os candidatos relacionados.<\/a><\/td><\/tr><tr><td>12 de Fevereiro<\/td><td><a href=\"https:\/\/www.pmpf.rs.gov.br\/transparencia\/wp-content\/uploads\/sites\/31\/2021\/12\/concPublico2016_12022016_3.pdf\">EDITAL N\u00ba 05\/16: Chama candidatos aprovados em processo seletivo p\u00fablico simplificado para contrata\u00e7\u00e3o, por tempo determinado, de agentes de combate as endemias I.<\/a><\/td><\/tr><tr><td>12 de Fevereiro<\/td><td><a href=\"https:\/\/www.pmpf.rs.gov.br\/transparencia\/wp-content\/uploads\/sites\/31\/2021\/12\/concPublico2016_12022016_4.pdf\">EDITAL N\u00ba 07\/16: Retifica o edital n\u00ba 02\/2016.<\/a><\/td><\/tr><tr><td>02 de Fevereiro<\/td><td><a href=\"https:\/\/www.pmpf.rs.gov.br\/transparencia\/wp-content\/uploads\/sites\/31\/2021\/12\/concPublico2016_02022016.pdf\">EDITAL N\u00ba 02\/16: Processo seletivo simplificado para contrata\u00e7\u00e3o de m\u00e9dicos.<\/a><\/td><\/tr><tr><td>13 de Janeiro<\/td><td><a href=\"https:\/\/www.pmpf.rs.gov.br\/transparencia\/wp-content\/uploads\/sites\/31\/2021\/12\/concPublico2016_13012016.pdf\">EDITAL N\u00ba 01\/16 \u2013 EDITAL DE NOMEA\u00c7\u00c3O: Nomeia os candidatos relacionados.<\/a><\/td><\/tr><\/tbody><\/table><\/figure>\n","protected":false},"excerpt":{"rendered":"<p>Ano 2016 Data Edital 24 de Janeiro de 2017 Resultado definitivo retificado da prova de t\u00edtulos do Concurso P\u00fablico da SME 48\/2016, publicado na MS Concursos em 24\/01\/2017, no link: href=https:\/\/www.msconcursos.com.br\/anterior\/concursoEdital.php?aba=4&amp;con=263. 24 [&hellip;]<\/p>\n","protected":false},"author":1,"featured_media":0,"parent":125,"menu_order":115,"comment_status":"closed","ping_status":"closed","template":"","meta":{"footnotes":""},"class_list":["post-756","page","type-page","status-publish","hentry"],"yoast_head":"<!-- This site is optimized with the Yoast SEO plugin v23.8 - https:\/\/yoast.com\/wordpress\/plugins\/seo\/ -->\n<title>Ano 2016 - Transpar\u00eancia<\/title>\n<meta name=\"robots\" content=\"index, follow, max-snippet:-1, max-image-preview:large, max-video-preview:-1\" \/>\n<link rel=\"canonical\" href=\"https:\/\/www.pmpf.rs.gov.br\/transparencia\/concurso-publico\/ano-2016\/\" \/>\n<meta property=\"og:locale\" content=\"pt_BR\" \/>\n<meta property=\"og:type\" content=\"article\" \/>\n<meta property=\"og:title\" content=\"Ano 2016 - Transpar\u00eancia\" \/>\n<meta property=\"og:description\" content=\"Ano 2016 Data Edital 24 de Janeiro de 2017 Resultado definitivo retificado da prova de t\u00edtulos do Concurso P\u00fablico da SME 48\/2016, publicado na MS Concursos em 24\/01\/2017, no link: href=https:\/\/www.msconcursos.com.br\/anterior\/concursoEdital.php?aba=4&amp;con=263. 24 [&hellip;]\" \/>\n<meta property=\"og:url\" content=\"https:\/\/www.pmpf.rs.gov.br\/transparencia\/concurso-publico\/ano-2016\/\" \/>\n<meta property=\"og:site_name\" content=\"Transpar\u00eancia\" \/>\n<meta property=\"article:modified_time\" content=\"2021-12-16T19:43:56+00:00\" \/>\n<meta name=\"twitter:card\" content=\"summary_large_image\" \/>\n<meta name=\"twitter:label1\" content=\"Est. tempo de leitura\" \/>\n\t<meta name=\"twitter:data1\" content=\"7 minutos\" \/>\n<script type=\"application\/ld+json\" class=\"yoast-schema-graph\">{\"@context\":\"https:\/\/schema.org\",\"@graph\":[{\"@type\":\"WebPage\",\"@id\":\"https:\/\/www.pmpf.rs.gov.br\/transparencia\/concurso-publico\/ano-2016\/\",\"url\":\"https:\/\/www.pmpf.rs.gov.br\/transparencia\/concurso-publico\/ano-2016\/\",\"name\":\"Ano 2016 - Transpar\u00eancia\",\"isPartOf\":{\"@id\":\"https:\/\/www.pmpf.rs.gov.br\/transparencia\/#website\"},\"datePublished\":\"2021-12-16T19:42:53+00:00\",\"dateModified\":\"2021-12-16T19:43:56+00:00\",\"breadcrumb\":{\"@id\":\"https:\/\/www.pmpf.rs.gov.br\/transparencia\/concurso-publico\/ano-2016\/#breadcrumb\"},\"inLanguage\":\"pt-BR\",\"potentialAction\":[{\"@type\":\"ReadAction\",\"target\":[\"https:\/\/www.pmpf.rs.gov.br\/transparencia\/concurso-publico\/ano-2016\/\"]}]},{\"@type\":\"BreadcrumbList\",\"@id\":\"https:\/\/www.pmpf.rs.gov.br\/transparencia\/concurso-publico\/ano-2016\/#breadcrumb\",\"itemListElement\":[{\"@type\":\"ListItem\",\"position\":1,\"name\":\"Concurso P\u00fablico e Processo Seletivo\",\"item\":\"https:\/\/www.pmpf.rs.gov.br\/transparencia\/concurso-publico\/\"},{\"@type\":\"ListItem\",\"position\":2,\"name\":\"Ano 2016\"}]},{\"@type\":\"WebSite\",\"@id\":\"https:\/\/www.pmpf.rs.gov.br\/transparencia\/#website\",\"url\":\"https:\/\/www.pmpf.rs.gov.br\/transparencia\/\",\"name\":\"Transpar\u00eancia\",\"description\":\"S\u00f3 mais um site Prefeitura de Passo Fundo\",\"potentialAction\":[{\"@type\":\"SearchAction\",\"target\":{\"@type\":\"EntryPoint\",\"urlTemplate\":\"https:\/\/www.pmpf.rs.gov.br\/transparencia\/?s={search_term_string}\"},\"query-input\":{\"@type\":\"PropertyValueSpecification\",\"valueRequired\":true,\"valueName\":\"search_term_string\"}}],\"inLanguage\":\"pt-BR\"}]}<\/script>\n<!-- \/ Yoast SEO plugin. -->","yoast_head_json":{"title":"Ano 2016 - Transpar\u00eancia","robots":{"index":"index","follow":"follow","max-snippet":"max-snippet:-1","max-image-preview":"max-image-preview:large","max-video-preview":"max-video-preview:-1"},"canonical":"https:\/\/www.pmpf.rs.gov.br\/transparencia\/concurso-publico\/ano-2016\/","og_locale":"pt_BR","og_type":"article","og_title":"Ano 2016 - Transpar\u00eancia","og_description":"Ano 2016 Data Edital 24 de Janeiro de 2017 Resultado definitivo retificado da prova de t\u00edtulos do Concurso P\u00fablico da SME 48\/2016, publicado na MS Concursos em 24\/01\/2017, no link: href=https:\/\/www.msconcursos.com.br\/anterior\/concursoEdital.php?aba=4&amp;con=263. 24 [&hellip;]","og_url":"https:\/\/www.pmpf.rs.gov.br\/transparencia\/concurso-publico\/ano-2016\/","og_site_name":"Transpar\u00eancia","article_modified_time":"2021-12-16T19:43:56+00:00","twitter_card":"summary_large_image","twitter_misc":{"Est. tempo de leitura":"7 minutos"},"schema":{"@context":"https:\/\/schema.org","@graph":[{"@type":"WebPage","@id":"https:\/\/www.pmpf.rs.gov.br\/transparencia\/concurso-publico\/ano-2016\/","url":"https:\/\/www.pmpf.rs.gov.br\/transparencia\/concurso-publico\/ano-2016\/","name":"Ano 2016 - Transpar\u00eancia","isPartOf":{"@id":"https:\/\/www.pmpf.rs.gov.br\/transparencia\/#website"},"datePublished":"2021-12-16T19:42:53+00:00","dateModified":"2021-12-16T19:43:56+00:00","breadcrumb":{"@id":"https:\/\/www.pmpf.rs.gov.br\/transparencia\/concurso-publico\/ano-2016\/#breadcrumb"},"inLanguage":"pt-BR","potentialAction":[{"@type":"ReadAction","target":["https:\/\/www.pmpf.rs.gov.br\/transparencia\/concurso-publico\/ano-2016\/"]}]},{"@type":"BreadcrumbList","@id":"https:\/\/www.pmpf.rs.gov.br\/transparencia\/concurso-publico\/ano-2016\/#breadcrumb","itemListElement":[{"@type":"ListItem","position":1,"name":"Concurso P\u00fablico e Processo Seletivo","item":"https:\/\/www.pmpf.rs.gov.br\/transparencia\/concurso-publico\/"},{"@type":"ListItem","position":2,"name":"Ano 2016"}]},{"@type":"WebSite","@id":"https:\/\/www.pmpf.rs.gov.br\/transparencia\/#website","url":"https:\/\/www.pmpf.rs.gov.br\/transparencia\/","name":"Transpar\u00eancia","description":"S\u00f3 mais um site Prefeitura de Passo Fundo","potentialAction":[{"@type":"SearchAction","target":{"@type":"EntryPoint","urlTemplate":"https:\/\/www.pmpf.rs.gov.br\/transparencia\/?s={search_term_string}"},"query-input":{"@type":"PropertyValueSpecification","valueRequired":true,"valueName":"search_term_string"}}],"inLanguage":"pt-BR"}]}},"_links":{"self":[{"href":"https:\/\/www.pmpf.rs.gov.br\/transparencia\/wp-json\/wp\/v2\/pages\/756"}],"collection":[{"href":"https:\/\/www.pmpf.rs.gov.br\/transparencia\/wp-json\/wp\/v2\/pages"}],"about":[{"href":"https:\/\/www.pmpf.rs.gov.br\/transparencia\/wp-json\/wp\/v2\/types\/page"}],"author":[{"embeddable":true,"href":"https:\/\/www.pmpf.rs.gov.br\/transparencia\/wp-json\/wp\/v2\/users\/1"}],"replies":[{"embeddable":true,"href":"https:\/\/www.pmpf.rs.gov.br\/transparencia\/wp-json\/wp\/v2\/comments?post=756"}],"version-history":[{"count":2,"href":"https:\/\/www.pmpf.rs.gov.br\/transparencia\/wp-json\/wp\/v2\/pages\/756\/revisions"}],"predecessor-version":[{"id":758,"href":"https:\/\/www.pmpf.rs.gov.br\/transparencia\/wp-json\/wp\/v2\/pages\/756\/revisions\/758"}],"up":[{"embeddable":true,"href":"https:\/\/www.pmpf.rs.gov.br\/transparencia\/wp-json\/wp\/v2\/pages\/125"}],"wp:attachment":[{"href":"https:\/\/www.pmpf.rs.gov.br\/transparencia\/wp-json\/wp\/v2\/media?parent=756"}],"curies":[{"name":"wp","href":"https:\/\/api.w.org\/{rel}","templated":true}]}}