{"id":754,"date":"2021-12-16T16:42:05","date_gmt":"2021-12-16T19:42:05","guid":{"rendered":"https:\/\/www.pmpf.rs.gov.br\/transparencia\/?page_id=754"},"modified":"2021-12-16T16:42:06","modified_gmt":"2021-12-16T19:42:06","slug":"ano-2017","status":"publish","type":"page","link":"https:\/\/www.pmpf.rs.gov.br\/transparencia\/concurso-publico\/ano-2017\/","title":{"rendered":"Ano 2017"},"content":{"rendered":"\n<h2 class=\"wp-block-heading\">Ano 2017<\/h2>\n\n\n\n<figure class=\"wp-block-table\"><table><tbody><tr><td>Data<\/td><td>Edital<\/td><\/tr><tr><td>19 de Dezembro<\/td><td><a href=\"https:\/\/www.pmpf.rs.gov.br\/transparencia\/wp-content\/uploads\/sites\/31\/2021\/12\/concPublico2017_19122017_3.pdf\">EDITAL N\u00ba 72\/17 \u2013 Chama candidatos aprovados em processo seletivo p\u00fablico para contrata\u00e7\u00e3o por tempo determinado de profissionais para o SAMU.<\/a><\/td><\/tr><tr><td>19 de Dezembro<\/td><td><a href=\"https:\/\/www.pmpf.rs.gov.br\/transparencia\/wp-content\/uploads\/sites\/31\/2021\/12\/concPublico2017_19122017_2.pdf\">EDITAL N\u00ba 70\/17 \u2013 Chama candidatos aprovados em processo seletivo p\u00fablico para contrata\u00e7\u00e3o por tempo determinado de m\u00e9dicos para o Pronto Atendimento Pedi\u00e1trico &#8211; PAP.<\/a><\/td><\/tr><tr><td>19 de Dezembro<\/td><td><a href=\"https:\/\/www.pmpf.rs.gov.br\/transparencia\/wp-content\/uploads\/sites\/31\/2021\/12\/concPublico2017_19122017.pdf\">EDITAL N\u00ba 69\/17 \u2013 Chama candidatos aprovados em processo seletivo p\u00fablico para contrata\u00e7\u00e3o por tempo determinado de profissionais para o SAMU.<\/a><\/td><\/tr><tr><td>12 de Dezembro<\/td><td><a href=\"https:\/\/www.pmpf.rs.gov.br\/transparencia\/wp-content\/uploads\/sites\/31\/2021\/12\/concPublico2017_12122017.pdf\">EDITAL N\u00ba 67\/17 \u2013 Chama candidatos aprovados em processo seletivo p\u00fablico para contrata\u00e7\u00e3o por tempo determinado de farmac\u00eauticos.<\/a><\/td><\/tr><tr><td>21 de Novembro<\/td><td><a href=\"https:\/\/www.pmpf.rs.gov.br\/transparencia\/wp-content\/uploads\/sites\/31\/2021\/12\/concPublico2017_211120172.pdf\">EDITAL N\u00ba 62\/17 \u2013 Chama candidatos aprovados em processo seletivo p\u00fablico simplificado para contrata\u00e7\u00e3o por tempo determinado de profissionais para o SAMU.<\/a><\/td><\/tr><tr><td>21 de Novembro<\/td><td><a href=\"https:\/\/www.pmpf.rs.gov.br\/transparencia\/wp-content\/uploads\/sites\/31\/2021\/12\/concPublico2017_211120171.pdf\">EDITAL N\u00ba 61\/17 \u2013 Chama candidatos aprovados em processo seletivo p\u00fablico para contrata\u00e7\u00e3o por tempo determinado de farmac\u00eauticos.<\/a><\/td><\/tr><tr><td>03 de Novembro<\/td><td><a href=\"https:\/\/www.pmpf.rs.gov.br\/transparencia\/wp-content\/uploads\/sites\/31\/2021\/12\/concPublico2017_03112017a.pdf\">EDITAL N\u00ba 60\/17 \u2013 Chama candidatos aprovados em processo seletivo p\u00fablico para contrata\u00e7\u00e3o por tempo determinado de farmac\u00eauticos.<\/a><\/td><\/tr><tr><td>03 de Novembro<\/td><td><a href=\"https:\/\/www.pmpf.rs.gov.br\/transparencia\/wp-content\/uploads\/sites\/31\/2021\/12\/concPublico2017_03112017.pdf\">EDITAL N\u00ba 57\/17 \u2013 Nomeia para Professor de Anos Iniciais.<\/a><\/td><\/tr><tr><td>17 de Outubro<\/td><td><a href=\"https:\/\/www.pmpf.rs.gov.br\/transparencia\/wp-content\/uploads\/sites\/31\/2021\/12\/concPublico2017_17102017.pdf\">EDITAL N\u00ba 56\/17 \u2013 Classifica\u00e7\u00e3o final, ap\u00f3s sorteio desempate, do Processo Seletivo P\u00fablico Simplificado para contrata\u00e7\u00e3o por tempo determinado de m\u00e9dicos para o Pronto Atendimento Pedi\u00e1trico &#8211; PAP.<\/a><\/td><\/tr><tr><td>13 de Outubro<\/td><td><a href=\"https:\/\/www.pmpf.rs.gov.br\/transparencia\/wp-content\/uploads\/sites\/31\/2021\/12\/concPublico2017_13102017.pdf\">EDITAL N\u00ba 54\/17 \u2013 Classifica\u00e7\u00e3o preliminar ap\u00f3s recursos do processo seletivo p\u00fablico simplificado para contrata\u00e7\u00e3o por tempo determinado de profissionais m\u00e9dicos para o Pronto Atendimento Pedi\u00e1trico \u2013PAP e convoca para sorteio de desempate.<\/a><\/td><\/tr><tr><td>11 de Outubro<\/td><td><a href=\"https:\/\/www.pmpf.rs.gov.br\/transparencia\/wp-content\/uploads\/sites\/31\/2021\/12\/concPublico2017_11102017.pdf\">EDITAL N\u00ba 55\/17 \u2013 3\u00b0 Pr\u00eamio Funcultura de Passo Fundo<\/a><\/td><\/tr><tr><td>28 de Setembro<\/td><td><a href=\"https:\/\/www.pmpf.rs.gov.br\/transparencia\/wp-content\/uploads\/sites\/31\/2021\/12\/concPublico2017_28092017_02.pdf\">EDITAL N\u00ba 52\/17 \u2013 II Festival de M\u00fasica do Passo &#8211; Retifica edital 49\/2017<\/a><\/td><\/tr><tr><td>28 de Setembro<\/td><td><a href=\"https:\/\/www.pmpf.rs.gov.br\/transparencia\/wp-content\/uploads\/sites\/31\/2021\/12\/concPublico2017_28092017.pdf\">EDITAL N\u00ba 51\/17 \u2013 Convoca para inscri\u00e7\u00e3o as escolas interessadas no programa de participa\u00e7\u00e3o da crian\u00e7a na revis\u00e3o do Plano Diretor.<\/a><\/td><\/tr><tr><td>25 de Setembro<\/td><td><a href=\"https:\/\/www.pmpf.rs.gov.br\/transparencia\/wp-content\/uploads\/sites\/31\/2021\/12\/concPublico2017_25092017.pdf\">EDITAL N\u00ba 50\/17 \u2013 Homologa inscri\u00e7\u00f5es do processo seletivo p\u00fablico simplificado para contrata\u00e7\u00e3o por tempo determinado de profissionais m\u00e9dicos para atenderem no Pronto Atendimento Pedi\u00e1trico<\/a><\/td><\/tr><tr><td>16 de Setembro<\/td><td><a href=\"https:\/\/www.pmpf.rs.gov.br\/transparencia\/wp-content\/uploads\/sites\/31\/2021\/12\/concPublico2017_160920173.pdf\">EDITAL N\u00ba 48\/17 \u2013 Nomeia, considerando senten\u00e7a judicial em Processo n\u00ba 021\/1.12.0020613-6 .<\/a><\/td><\/tr><tr><td>16 de Setembro<\/td><td><a href=\"https:\/\/www.pmpf.rs.gov.br\/transparencia\/wp-content\/uploads\/sites\/31\/2021\/12\/concPublico2017_160920172.pdf\">EDITAL N\u00ba 47\/17 \u2013 Nomeia atrav\u00e9s da Portaria n\u00ba 1.588\/2017.<\/a><\/td><\/tr><tr><td>16 de Setembro<\/td><td><a href=\"https:\/\/www.pmpf.rs.gov.br\/transparencia\/wp-content\/uploads\/sites\/31\/2021\/12\/concPublico2017_160920171.pdf\">EDITAL N\u00ba 46\/17 \u2013 Rela\u00e7\u00e3o de vencedores Concurso de Fotografias &#8211; Click 160.<\/a><\/td><\/tr><tr><td>16 de Setembro<\/td><td><a href=\"https:\/\/www.pmpf.rs.gov.br\/transparencia\/wp-content\/uploads\/sites\/31\/2021\/12\/concPublico2017_16092017.pdf\">EDITAL N\u00ba 45\/17 \u2013 Rela\u00e7\u00e3o de vencedores do processo seletivo de exposi\u00e7\u00f5es de artes visuais 2017\/2018, nos espa\u00e7os p\u00fablicos da cidade de Passo Fundo.<\/a><\/td><\/tr><tr><td>08 de Setembro<\/td><td><a href=\"https:\/\/www.pmpf.rs.gov.br\/transparencia\/wp-content\/uploads\/sites\/31\/2021\/12\/concPublico2017_07092017.pdf\">EDITAL N\u00ba 44\/17 \u2013 Regulamento do II Festival de M\u00fasica do Passo &#8211; Especial 160 Anos de Passo Fundo<\/a><\/td><\/tr><tr><td>31 de Agosto<\/td><td><a href=\"https:\/\/www.pmpf.rs.gov.br\/transparencia\/wp-content\/uploads\/sites\/31\/2021\/12\/concPublico2017_31082017.pdf\">EDITAL N\u00ba 42\/17 \u2013 Sele\u00e7\u00e3o membros eletivos para Revis\u00e3o do Plano Diretor.<\/a><\/td><\/tr><tr><td>04 de Setembro<\/td><td><a href=\"https:\/\/www.pmpf.rs.gov.br\/transparencia\/wp-content\/uploads\/sites\/31\/2021\/12\/concPublico2017_04092017.pdf\">EDITAL N\u00ba 41\/17 \u2013 Processo seletivo simplificado para contrata\u00e7\u00e3o por tempo determinado de profissionais m\u00e9dicos para atender no Pronto Atendimento Pedi\u00e1trico \u2013 PAP<\/a><\/td><\/tr><tr><td>21 de Agosto<\/td><td><a href=\"https:\/\/www.pmpf.rs.gov.br\/transparencia\/wp-content\/uploads\/sites\/31\/2021\/12\/concPublico2017_21082017.pdf\">EDITAL N\u00ba 40\/17 \u2013Prorroga\u00e7\u00e3o de validade do processo seletivo simplificado para contrata\u00e7\u00e3o por tempo determinado de profissionais m\u00e9dicos.<\/a><\/td><\/tr><tr><td>16 de Agosto<\/td><td><a href=\"https:\/\/www.pmpf.rs.gov.br\/transparencia\/wp-content\/uploads\/sites\/31\/2021\/12\/concPublico2017_16082017.pdf\">EDITAL N\u00ba 39\/17 \u2013 Prorroga\u00e7\u00e3o Inscri\u00e7\u00e3o Pr\u00eamio Liter\u00e1rio Cidade de Passo Fundo.<\/a><\/td><\/tr><tr><td>09 de Agosto<\/td><td><a href=\"https:\/\/www.pmpf.rs.gov.br\/transparencia\/wp-content\/uploads\/sites\/31\/2021\/12\/concPublico2017_09082017.pdf\">EDITAL N\u00ba 38\/17 \u2013 Nomeia para o(s) cargo(s) indicado(s) do Quadro de Servidores Municipais.<\/a><\/td><\/tr><tr><td>04 de Agosto<\/td><td><a href=\"https:\/\/www.pmpf.rs.gov.br\/transparencia\/wp-content\/uploads\/sites\/31\/2021\/12\/concPublico2017_04082017.pdf\">EDITAL N\u00ba 37\/17 \u2013 Convoca\u00e7\u00e3o para inscri\u00e7\u00f5es pr\u00e9vias para vaga de membros n\u00e3o governamentais do N\u00facleo Gestor Para a Revis\u00e3o do Plano Diretor.<\/a><\/td><\/tr><tr><td>18 de Julho<\/td><td><a href=\"https:\/\/www.pmpf.rs.gov.br\/transparencia\/wp-content\/uploads\/sites\/31\/2021\/12\/concPublico2017_180720171.pdf\">EDITAL N\u00ba 36\/17 \u2013 Nomeia para o cargo de Farmac\u00eautico Industrial.<\/a><\/td><\/tr><tr><td>18 de Julho<\/td><td><a href=\"https:\/\/www.pmpf.rs.gov.br\/transparencia\/wp-content\/uploads\/sites\/31\/2021\/12\/concPublico2017_18072017.pdf\">EDITAL N\u00ba 33\/17 \u2013 Chama candidatos aprovados em Processo Seletivo P\u00fablico para contrata\u00e7\u00e3o por tempo determinado de Farmac\u00eauticos.<\/a><\/td><\/tr><tr><td>14 de Julho<\/td><td><a href=\"https:\/\/www.pmpf.rs.gov.br\/transparencia\/wp-content\/uploads\/sites\/31\/2021\/12\/concPublico2017_140720172.pdf\">EDITAL N\u00ba 34\/17 \u2013 Prorroga o prazo de validade do Processo Seletivo Simplificado n\u00ba 16\/2016 para contrata\u00e7\u00e3o tempor\u00e1ria de profissionais para atuarem junto a SAMU.<\/a><\/td><\/tr><tr><td>14 de Julho<\/td><td><a href=\"https:\/\/www.pmpf.rs.gov.br\/transparencia\/wp-content\/uploads\/sites\/31\/2021\/12\/concPublico2017_14072017.pdf\">EDITAL N\u00ba 32\/17 \u2013 Chama candidatos aprovados em Processo Seletivo P\u00fablico Simplificado para contrata\u00e7\u00e3o por tempo determinado de profissionais para o SAMU.<\/a><\/td><\/tr><tr><td>29 de Junho<\/td><td><a href=\"https:\/\/www.pmpf.rs.gov.br\/transparencia\/wp-content\/uploads\/sites\/31\/2021\/12\/concPublico2017_29062017.pdf\">EDITAL N\u00ba 28\/17 \u2013 Nomeia para o Cargo de Assistente de Educa\u00e7\u00e3o Infantil.<\/a><\/td><\/tr><tr><td>24 de Junho<\/td><td><a href=\"https:\/\/www.pmpf.rs.gov.br\/transparencia\/wp-content\/uploads\/sites\/31\/2021\/12\/concPublico2017_24062017.pdf\">EDITAL N\u00ba 29\/17 \u2013 Retifica Edital n\u00ba 18\/2017 Premio Liter\u00e1rio Cidade de Passo fundo.<\/a><\/td><\/tr><tr><td>21 de Junho<\/td><td><a href=\"https:\/\/www.pmpf.rs.gov.br\/transparencia\/wp-content\/uploads\/sites\/31\/2021\/12\/concPublico2017_21062017.pdf\">EDITAL N\u00ba 27\/17 \u2013 Convoca assembleia para escolha de membros representantes designados pelas entidades representativas da comunidade para composi\u00e7\u00e3o do Conselho Deliberativo do Fundo Municipal de Gest\u00e3o Compartilhada.<\/a><\/td><\/tr><tr><td>10 de Junho<\/td><td><a href=\"https:\/\/www.pmpf.rs.gov.br\/transparencia\/wp-content\/uploads\/sites\/31\/2021\/12\/concPublico2017_100620172.pdf\">EDITAL N\u00ba 26\/17 \u2013 Chama candidatos aprovados em Processo Seletivo P\u00fablico Simplificado para contrata\u00e7\u00e3o por tempo determinado de profissionais para o SAMU.<\/a><\/td><\/tr><tr><td>10 de Junho<\/td><td><a href=\"https:\/\/www.pmpf.rs.gov.br\/transparencia\/wp-content\/uploads\/sites\/31\/2021\/12\/concPublico2017_10062017.pdf\">EDITAL N\u00ba 25\/17 \u2013 Nomeia para o cargo de Assistente de Educa\u00e7\u00e3o Infantil.<\/a><\/td><\/tr><tr><td>10 de Junho<\/td><td><a href=\"https:\/\/www.pmpf.rs.gov.br\/transparencia\/wp-content\/uploads\/sites\/31\/2021\/12\/concPublico2017_100720172.pdf\">EDITAL N\u00ba 24\/17 \u2013 Nomeia para o cargo de Enfermeiro.<\/a><\/td><\/tr><tr><td>10 de Junho<\/td><td><a href=\"https:\/\/www.pmpf.rs.gov.br\/transparencia\/wp-content\/uploads\/sites\/31\/2021\/12\/concPublico2017_10072017.pdf\">EDITAL N\u00ba 23\/17 \u2013 Chama candidatos aprovados em Processo Seletivo P\u00fablico para contrata\u00e7\u00e3o por tempo determinado de Farmac\u00eauticos.<\/a><\/td><\/tr><tr><td>07 de Junho<\/td><td><a href=\"https:\/\/www.pmpf.rs.gov.br\/transparencia\/wp-content\/uploads\/sites\/31\/2021\/12\/concPublico2017_07072017.pdf\">EDITAL N\u00ba 22\/17 \u2013 Retifica Edital de n\u00ba 12\/2017.<\/a><\/td><\/tr><tr><td>19 de Maio<\/td><td><a href=\"https:\/\/www.pmpf.rs.gov.br\/transparencia\/wp-content\/uploads\/sites\/31\/2021\/12\/concPublico2017_19052017.pdf\">EDITAL N\u00ba 20\/17 \u2013 Convoca assembleia para escolha de representantes designados pelas entidades representativas da comunidade para composi\u00e7\u00e3o do Conselho Deliberativo do FMGC.<\/a><\/td><\/tr><tr><td>18 de Maio<\/td><td><a href=\"https:\/\/www.pmpf.rs.gov.br\/transparencia\/wp-content\/uploads\/sites\/31\/2021\/12\/concPublico2017_18052017.pdf\">EDITAL N\u00ba 19\/17 \u2013 Nomeia para o cargo de Enfermeiro.<\/a><\/td><\/tr><tr><td>17 de Maio<\/td><td><a href=\"https:\/\/www.pmpf.rs.gov.br\/transparencia\/wp-content\/uploads\/sites\/31\/2021\/12\/concPublico2017_17052017.pdf\">EDITAL N\u00ba 18\/17 \u2013 Premio Liter\u00e1rio Cidade de Passo Fundo<\/a><\/td><\/tr><tr><td>16 de Maio<\/td><td><a href=\"https:\/\/www.pmpf.rs.gov.br\/transparencia\/wp-content\/uploads\/sites\/31\/2021\/12\/concPublico2017_16052017.pdf\">EDITAL N\u00ba 17\/17 \u2013 Click 160 &#8211; Concurso de Fotografia 160 Anos de Passo Fundo<\/a><\/td><\/tr><tr><td>13 de Maio<\/td><td><a href=\"https:\/\/www.pmpf.rs.gov.br\/transparencia\/wp-content\/uploads\/sites\/31\/2021\/12\/concPublico2017_13052017.pdf\">EDITAL N\u00ba 16\/17 \u2013 Nomeia para o cargo de Servente.<\/a><\/td><\/tr><tr><td>06 de Maio<\/td><td><a href=\"https:\/\/www.pmpf.rs.gov.br\/transparencia\/wp-content\/uploads\/sites\/31\/2021\/12\/concPublico2017_06052017.pdf\">EDITAL N\u00ba 15\/17 \u2013 Nomeia para o cargo de Terapeuta Ocupacional.<\/a><\/td><\/tr><tr><td>04 de Maio<\/td><td><a href=\"https:\/\/www.pmpf.rs.gov.br\/transparencia\/wp-content\/uploads\/sites\/31\/2021\/12\/concPublico2017_04052017.pdf\">EDITAL N\u00ba 14\/17 \u2013 Nomeia para o cargo de Assistente de Educa\u00e7\u00e3o Infantil.<\/a><\/td><\/tr><tr><td>01 de Abril<\/td><td><a href=\"https:\/\/www.pmpf.rs.gov.br\/transparencia\/wp-content\/uploads\/sites\/31\/2021\/12\/concPublico2017_01042017.pdf\">EDITAL N\u00ba 13\/17 \u2013 Retifica Edital de n\u00ba 48\/2014.<\/a><\/td><\/tr><tr><td>25 de Mar\u00e7o<\/td><td><a href=\"https:\/\/www.pmpf.rs.gov.br\/transparencia\/wp-content\/uploads\/sites\/31\/2021\/12\/concPublico2017_25032017.pdf\">EDITAL N\u00ba 12\/17 \u2013 Chama candidatos aprovados em Processo Seletivo P\u00fablico para contrata\u00e7\u00e3o por tempo determinado de Farmac\u00eauticos.<\/a><\/td><\/tr><tr><td>18 de Mar\u00e7o<\/td><td><a href=\"https:\/\/www.pmpf.rs.gov.br\/transparencia\/wp-content\/uploads\/sites\/31\/2021\/12\/concPublico2017_18032017.pdf\">EDITAL N\u00ba 11\/17 \u2013 Nomeia para cargos de Educa\u00e7\u00e3o Infantil, conforme Concurso P\u00fablico Edital 48\/2016 e Homologa Edital 07\/2017.<\/a><\/td><\/tr><tr><td>16 de Mar\u00e7o<\/td><td><a href=\"https:\/\/www.pmpf.rs.gov.br\/transparencia\/wp-content\/uploads\/sites\/31\/2021\/12\/concPublico2017_16032017.pdf\">EDITAL N\u00ba 10\/17 \u2013 Nomeia para o cargo de Professor de S\u00e9ries Iniciais.<\/a><\/td><\/tr><tr><td>24 de Fevereiro<\/td><td><a href=\"https:\/\/www.pmpf.rs.gov.br\/transparencia\/wp-content\/uploads\/sites\/31\/2021\/12\/concPublico2017_24022017.pdf\">EDITAL N\u00ba 09\/17 \u2013 Nomeia para o cargo de Assistente de Educa\u00e7\u00e3o Infantil.<\/a><\/td><\/tr><tr><td>04 de Fevereiro<\/td><td><a href=\"https:\/\/www.pmpf.rs.gov.br\/transparencia\/wp-content\/uploads\/sites\/31\/2021\/12\/concPublico2017_04022017.pdf\">EDITAL N\u00ba 08\/17 \u2013 Chama candidatos aprovados em processo seletivo p\u00fablico simplificado para contrata\u00e7\u00e3o por tempo determinado de profissionais para o SAMU.<\/a><\/td><\/tr><tr><td>26 de Janeiro<\/td><td><a href=\"https:\/\/www.pmpf.rs.gov.br\/transparencia\/wp-content\/uploads\/sites\/31\/2021\/12\/concPublico2017_26012017.pdf\">EDITAL N\u00ba 07\/17 \u2013 Resultado definitivo da prova de t\u00edtulos retificado nos termos do Edital n\u00ba 048\/2016.<\/a><\/td><\/tr><tr><td>21 de Janeiro<\/td><td><a href=\"https:\/\/www.pmpf.rs.gov.br\/transparencia\/wp-content\/uploads\/sites\/31\/2021\/12\/concPublico2017_21012017.pdf\">EDITAL N\u00ba 04\/17 \u2013 Nomeia atrav\u00e9s da Portaria n\u00ba 87\/2017.<\/a><\/td><\/tr><tr><td>20 de Janeiro<\/td><td><a href=\"https:\/\/www.pmpf.rs.gov.br\/transparencia\/wp-content\/uploads\/sites\/31\/2021\/12\/concPublico2017_20012017.pdf\">EDITAL N\u00ba 05\/17 \u2013 Resultado Definitivo da Prova de T\u00edtulos e Classifica\u00e7\u00e3o Preliminar, nos termos do Edital n\u00ba 048\/2016.<\/a><\/td><\/tr><tr><td>12 de Janeiro<\/td><td><a href=\"https:\/\/www.pmpf.rs.gov.br\/transparencia\/wp-content\/uploads\/sites\/31\/2021\/12\/concPublico2017_12012017.pdf\">EDITAL N\u00ba 03\/17 \u2013 Torna p\u00fablico o resultado definitivo da prova objetiva e o resultado preliminar da prova de t\u00edtulos, nos termos do Edital n\u00ba 048\/2016.<\/a><\/td><\/tr><tr><td>10 de Janeiro<\/td><td><a href=\"https:\/\/www.pmpf.rs.gov.br\/transparencia\/wp-content\/uploads\/sites\/31\/2021\/12\/concPublico2017_10012017.pdf\">EDITAL N\u00ba 02\/17 \u2013 Torna p\u00fablico o resultado definitivo da prova objetiva e o resultado preliminar da prova de t\u00edtulos, nos termos do Edital n\u00ba 048\/2016.<\/a><\/td><\/tr><tr><td>06 de Janeiro<\/td><td><a href=\"https:\/\/www.pmpf.rs.gov.br\/transparencia\/wp-content\/uploads\/sites\/31\/2021\/12\/concPublico2017_06012017.pdf\">EDITAL N\u00ba 01\/17 \u2013 Divulga classifica\u00e7\u00e3o final ap\u00f3s sorteio de desempate do processo seletivo p\u00fablico simplificado para contrata\u00e7\u00e3o de farmac\u00eauticos.<\/a><\/td><\/tr><\/tbody><\/table><\/figure>\n","protected":false},"excerpt":{"rendered":"<p>Ano 2017 Data Edital 19 de Dezembro EDITAL N\u00ba 72\/17 \u2013 Chama candidatos aprovados em processo seletivo p\u00fablico para contrata\u00e7\u00e3o por tempo determinado de profissionais para o SAMU. 19 de Dezembro EDITAL [&hellip;]<\/p>\n","protected":false},"author":1,"featured_media":0,"parent":125,"menu_order":114,"comment_status":"closed","ping_status":"closed","template":"","meta":{"footnotes":""},"class_list":["post-754","page","type-page","status-publish","hentry"],"yoast_head":"<!-- This site is optimized with the Yoast SEO plugin v23.8 - https:\/\/yoast.com\/wordpress\/plugins\/seo\/ -->\n<title>Ano 2017 - Transpar\u00eancia<\/title>\n<meta name=\"robots\" content=\"index, follow, max-snippet:-1, max-image-preview:large, max-video-preview:-1\" \/>\n<link rel=\"canonical\" href=\"https:\/\/www.pmpf.rs.gov.br\/transparencia\/concurso-publico\/ano-2017\/\" \/>\n<meta property=\"og:locale\" content=\"pt_BR\" \/>\n<meta property=\"og:type\" content=\"article\" \/>\n<meta property=\"og:title\" content=\"Ano 2017 - Transpar\u00eancia\" \/>\n<meta property=\"og:description\" content=\"Ano 2017 Data Edital 19 de Dezembro EDITAL N\u00ba 72\/17 \u2013 Chama candidatos aprovados em processo seletivo p\u00fablico para contrata\u00e7\u00e3o por tempo determinado de profissionais para o SAMU. 19 de Dezembro EDITAL [&hellip;]\" \/>\n<meta property=\"og:url\" content=\"https:\/\/www.pmpf.rs.gov.br\/transparencia\/concurso-publico\/ano-2017\/\" \/>\n<meta property=\"og:site_name\" content=\"Transpar\u00eancia\" \/>\n<meta property=\"article:modified_time\" content=\"2021-12-16T19:42:06+00:00\" \/>\n<meta name=\"twitter:card\" content=\"summary_large_image\" \/>\n<meta name=\"twitter:label1\" content=\"Est. tempo de leitura\" \/>\n\t<meta name=\"twitter:data1\" content=\"6 minutos\" \/>\n<script type=\"application\/ld+json\" class=\"yoast-schema-graph\">{\"@context\":\"https:\/\/schema.org\",\"@graph\":[{\"@type\":\"WebPage\",\"@id\":\"https:\/\/www.pmpf.rs.gov.br\/transparencia\/concurso-publico\/ano-2017\/\",\"url\":\"https:\/\/www.pmpf.rs.gov.br\/transparencia\/concurso-publico\/ano-2017\/\",\"name\":\"Ano 2017 - Transpar\u00eancia\",\"isPartOf\":{\"@id\":\"https:\/\/www.pmpf.rs.gov.br\/transparencia\/#website\"},\"datePublished\":\"2021-12-16T19:42:05+00:00\",\"dateModified\":\"2021-12-16T19:42:06+00:00\",\"breadcrumb\":{\"@id\":\"https:\/\/www.pmpf.rs.gov.br\/transparencia\/concurso-publico\/ano-2017\/#breadcrumb\"},\"inLanguage\":\"pt-BR\",\"potentialAction\":[{\"@type\":\"ReadAction\",\"target\":[\"https:\/\/www.pmpf.rs.gov.br\/transparencia\/concurso-publico\/ano-2017\/\"]}]},{\"@type\":\"BreadcrumbList\",\"@id\":\"https:\/\/www.pmpf.rs.gov.br\/transparencia\/concurso-publico\/ano-2017\/#breadcrumb\",\"itemListElement\":[{\"@type\":\"ListItem\",\"position\":1,\"name\":\"Concurso P\u00fablico e Processo Seletivo\",\"item\":\"https:\/\/www.pmpf.rs.gov.br\/transparencia\/concurso-publico\/\"},{\"@type\":\"ListItem\",\"position\":2,\"name\":\"Ano 2017\"}]},{\"@type\":\"WebSite\",\"@id\":\"https:\/\/www.pmpf.rs.gov.br\/transparencia\/#website\",\"url\":\"https:\/\/www.pmpf.rs.gov.br\/transparencia\/\",\"name\":\"Transpar\u00eancia\",\"description\":\"S\u00f3 mais um site Prefeitura de Passo Fundo\",\"potentialAction\":[{\"@type\":\"SearchAction\",\"target\":{\"@type\":\"EntryPoint\",\"urlTemplate\":\"https:\/\/www.pmpf.rs.gov.br\/transparencia\/?s={search_term_string}\"},\"query-input\":{\"@type\":\"PropertyValueSpecification\",\"valueRequired\":true,\"valueName\":\"search_term_string\"}}],\"inLanguage\":\"pt-BR\"}]}<\/script>\n<!-- \/ Yoast SEO plugin. -->","yoast_head_json":{"title":"Ano 2017 - Transpar\u00eancia","robots":{"index":"index","follow":"follow","max-snippet":"max-snippet:-1","max-image-preview":"max-image-preview:large","max-video-preview":"max-video-preview:-1"},"canonical":"https:\/\/www.pmpf.rs.gov.br\/transparencia\/concurso-publico\/ano-2017\/","og_locale":"pt_BR","og_type":"article","og_title":"Ano 2017 - Transpar\u00eancia","og_description":"Ano 2017 Data Edital 19 de Dezembro EDITAL N\u00ba 72\/17 \u2013 Chama candidatos aprovados em processo seletivo p\u00fablico para contrata\u00e7\u00e3o por tempo determinado de profissionais para o SAMU. 19 de Dezembro EDITAL [&hellip;]","og_url":"https:\/\/www.pmpf.rs.gov.br\/transparencia\/concurso-publico\/ano-2017\/","og_site_name":"Transpar\u00eancia","article_modified_time":"2021-12-16T19:42:06+00:00","twitter_card":"summary_large_image","twitter_misc":{"Est. tempo de leitura":"6 minutos"},"schema":{"@context":"https:\/\/schema.org","@graph":[{"@type":"WebPage","@id":"https:\/\/www.pmpf.rs.gov.br\/transparencia\/concurso-publico\/ano-2017\/","url":"https:\/\/www.pmpf.rs.gov.br\/transparencia\/concurso-publico\/ano-2017\/","name":"Ano 2017 - Transpar\u00eancia","isPartOf":{"@id":"https:\/\/www.pmpf.rs.gov.br\/transparencia\/#website"},"datePublished":"2021-12-16T19:42:05+00:00","dateModified":"2021-12-16T19:42:06+00:00","breadcrumb":{"@id":"https:\/\/www.pmpf.rs.gov.br\/transparencia\/concurso-publico\/ano-2017\/#breadcrumb"},"inLanguage":"pt-BR","potentialAction":[{"@type":"ReadAction","target":["https:\/\/www.pmpf.rs.gov.br\/transparencia\/concurso-publico\/ano-2017\/"]}]},{"@type":"BreadcrumbList","@id":"https:\/\/www.pmpf.rs.gov.br\/transparencia\/concurso-publico\/ano-2017\/#breadcrumb","itemListElement":[{"@type":"ListItem","position":1,"name":"Concurso P\u00fablico e Processo Seletivo","item":"https:\/\/www.pmpf.rs.gov.br\/transparencia\/concurso-publico\/"},{"@type":"ListItem","position":2,"name":"Ano 2017"}]},{"@type":"WebSite","@id":"https:\/\/www.pmpf.rs.gov.br\/transparencia\/#website","url":"https:\/\/www.pmpf.rs.gov.br\/transparencia\/","name":"Transpar\u00eancia","description":"S\u00f3 mais um site Prefeitura de Passo Fundo","potentialAction":[{"@type":"SearchAction","target":{"@type":"EntryPoint","urlTemplate":"https:\/\/www.pmpf.rs.gov.br\/transparencia\/?s={search_term_string}"},"query-input":{"@type":"PropertyValueSpecification","valueRequired":true,"valueName":"search_term_string"}}],"inLanguage":"pt-BR"}]}},"_links":{"self":[{"href":"https:\/\/www.pmpf.rs.gov.br\/transparencia\/wp-json\/wp\/v2\/pages\/754"}],"collection":[{"href":"https:\/\/www.pmpf.rs.gov.br\/transparencia\/wp-json\/wp\/v2\/pages"}],"about":[{"href":"https:\/\/www.pmpf.rs.gov.br\/transparencia\/wp-json\/wp\/v2\/types\/page"}],"author":[{"embeddable":true,"href":"https:\/\/www.pmpf.rs.gov.br\/transparencia\/wp-json\/wp\/v2\/users\/1"}],"replies":[{"embeddable":true,"href":"https:\/\/www.pmpf.rs.gov.br\/transparencia\/wp-json\/wp\/v2\/comments?post=754"}],"version-history":[{"count":1,"href":"https:\/\/www.pmpf.rs.gov.br\/transparencia\/wp-json\/wp\/v2\/pages\/754\/revisions"}],"predecessor-version":[{"id":755,"href":"https:\/\/www.pmpf.rs.gov.br\/transparencia\/wp-json\/wp\/v2\/pages\/754\/revisions\/755"}],"up":[{"embeddable":true,"href":"https:\/\/www.pmpf.rs.gov.br\/transparencia\/wp-json\/wp\/v2\/pages\/125"}],"wp:attachment":[{"href":"https:\/\/www.pmpf.rs.gov.br\/transparencia\/wp-json\/wp\/v2\/media?parent=754"}],"curies":[{"name":"wp","href":"https:\/\/api.w.org\/{rel}","templated":true}]}}