{"id":73,"date":"2021-12-16T12:01:26","date_gmt":"2021-12-16T15:01:26","guid":{"rendered":"https:\/\/www.pmpf.rs.gov.br\/transparencia\/?page_id=73"},"modified":"2022-03-08T08:02:17","modified_gmt":"2022-03-08T11:02:17","slug":"horario-de-atendimento","status":"publish","type":"page","link":"https:\/\/www.pmpf.rs.gov.br\/transparencia\/horario-de-atendimento\/","title":{"rendered":"Hor\u00e1rios de Atendimento"},"content":{"rendered":"\n<div class=\"wp-block-image\"><figure class=\"alignleft size-full\"><img loading=\"lazy\" decoding=\"async\" width=\"280\" height=\"186\" src=\"https:\/\/www.pmpf.rs.gov.br\/transparencia\/wp-content\/uploads\/sites\/31\/2021\/12\/I2018-10-11_16_40_08_.png\" alt=\"\" class=\"wp-image-74\"\/><\/figure><\/div>\n\n\n\n<p><strong>Hor\u00e1rio de atendimento:<\/strong><br>De segunda a sexta-feira<br>Das 08h \u00e0s 11h30min<br>Das 13h30min \u00e0s 17h<\/p>\n\n\n\n<p><\/p>\n\n\n\n<p><\/p>\n\n\n\n<p><strong>Hor\u00e1rio de atendimento dos CAIS:<\/strong><br>De segunda a sexta<br>Das 07h \u00e0s 17h<br><br>S\u00e1bado<br>Das 08:00 \u00e0s 12h<\/p>\n\n\n\n<p><strong>Hor\u00e1rio de atendimento das Unidades de Sa\u00fade:<\/strong><br>De segunda \u00e0 sexta<br>Das 08h \u00e0s 12h<br>Das 13h \u00e0s 17h<\/p>\n\n\n\n<p><strong>Hor\u00e1rio de atendimento dos CRAS:<\/strong><br><br><strong>CRAS I &#8211; Regi\u00e3o Nordeste<\/strong><br>De segunda a sexta (Quarta de manh\u00e3 expediente interno)<br>Das 08h \u00e0s 11h<br>Das 13h \u00e0s 17h<br><br><strong>CRAS II &#8211; Regi\u00e3o Noroeste<\/strong><br>De segunda a sexta<br>Das 08h \u00e0s 12h<br>Das 13h \u00e0s 17h<br><br><strong>CRAS III &#8211; Regi\u00e3o Sudeste<\/strong><br>De segunda a sexta<br>Das 08h \u00e0s 12h<br>Das 13h \u00e0s 17h<br><br><strong>CRAS IV &#8211; Regi\u00e3o Sudoeste<\/strong><br>De segunda a sexta (Quinta de manh\u00e3 expediente interno)<br>Das 08h \u00e0s 12h<br>Das 13h \u00e0s 17h<\/p>\n\n\n\n<p><a href=\"https:\/\/www.pmpf.rs.gov.br\/files\/transparencia\/lista_horario_emef_emei_15102018.pdf\" target=\"_blank\" rel=\"noreferrer noopener\"><strong>Hor\u00e1rio de atendimento das escolas<\/strong><\/a><\/p>\n","protected":false},"excerpt":{"rendered":"<p>Hor\u00e1rio de atendimento:De segunda a sexta-feiraDas 08h \u00e0s 11h30minDas 13h30min \u00e0s 17h Hor\u00e1rio de atendimento dos CAIS:De segunda a sextaDas 07h \u00e0s 17h S\u00e1badoDas 08:00 \u00e0s 12h Hor\u00e1rio de atendimento das Unidades [&hellip;]<\/p>\n","protected":false},"author":1,"featured_media":0,"parent":0,"menu_order":121,"comment_status":"closed","ping_status":"closed","template":"","meta":{"footnotes":""},"class_list":["post-73","page","type-page","status-publish","hentry"],"yoast_head":"<!-- This site is optimized with the Yoast SEO plugin v23.8 - https:\/\/yoast.com\/wordpress\/plugins\/seo\/ -->\n<title>Hor\u00e1rios de Atendimento - Transpar\u00eancia<\/title>\n<meta name=\"robots\" content=\"index, follow, max-snippet:-1, max-image-preview:large, max-video-preview:-1\" \/>\n<link rel=\"canonical\" href=\"https:\/\/www.pmpf.rs.gov.br\/transparencia\/horario-de-atendimento\/\" \/>\n<meta property=\"og:locale\" content=\"pt_BR\" \/>\n<meta property=\"og:type\" content=\"article\" \/>\n<meta property=\"og:title\" content=\"Hor\u00e1rios de Atendimento - Transpar\u00eancia\" \/>\n<meta property=\"og:description\" content=\"Hor\u00e1rio de atendimento:De segunda a sexta-feiraDas 08h \u00e0s 11h30minDas 13h30min \u00e0s 17h Hor\u00e1rio de atendimento dos CAIS:De segunda a sextaDas 07h \u00e0s 17h S\u00e1badoDas 08:00 \u00e0s 12h Hor\u00e1rio de atendimento das Unidades [&hellip;]\" \/>\n<meta property=\"og:url\" content=\"https:\/\/www.pmpf.rs.gov.br\/transparencia\/horario-de-atendimento\/\" \/>\n<meta property=\"og:site_name\" content=\"Transpar\u00eancia\" \/>\n<meta property=\"article:modified_time\" content=\"2022-03-08T11:02:17+00:00\" \/>\n<meta property=\"og:image\" content=\"https:\/\/www.pmpf.rs.gov.br\/transparencia\/wp-content\/uploads\/sites\/31\/2021\/12\/I2018-10-11_16_40_08_.png\" \/>\n<meta name=\"twitter:card\" content=\"summary_large_image\" \/>\n<meta name=\"twitter:label1\" content=\"Est. tempo de leitura\" \/>\n\t<meta name=\"twitter:data1\" content=\"1 minuto\" \/>\n<script type=\"application\/ld+json\" class=\"yoast-schema-graph\">{\"@context\":\"https:\/\/schema.org\",\"@graph\":[{\"@type\":\"WebPage\",\"@id\":\"https:\/\/www.pmpf.rs.gov.br\/transparencia\/horario-de-atendimento\/\",\"url\":\"https:\/\/www.pmpf.rs.gov.br\/transparencia\/horario-de-atendimento\/\",\"name\":\"Hor\u00e1rios de Atendimento - Transpar\u00eancia\",\"isPartOf\":{\"@id\":\"https:\/\/www.pmpf.rs.gov.br\/transparencia\/#website\"},\"primaryImageOfPage\":{\"@id\":\"https:\/\/www.pmpf.rs.gov.br\/transparencia\/horario-de-atendimento\/#primaryimage\"},\"image\":{\"@id\":\"https:\/\/www.pmpf.rs.gov.br\/transparencia\/horario-de-atendimento\/#primaryimage\"},\"thumbnailUrl\":\"https:\/\/www.pmpf.rs.gov.br\/transparencia\/wp-content\/uploads\/sites\/31\/2021\/12\/I2018-10-11_16_40_08_.png\",\"datePublished\":\"2021-12-16T15:01:26+00:00\",\"dateModified\":\"2022-03-08T11:02:17+00:00\",\"inLanguage\":\"pt-BR\",\"potentialAction\":[{\"@type\":\"ReadAction\",\"target\":[\"https:\/\/www.pmpf.rs.gov.br\/transparencia\/horario-de-atendimento\/\"]}]},{\"@type\":\"ImageObject\",\"inLanguage\":\"pt-BR\",\"@id\":\"https:\/\/www.pmpf.rs.gov.br\/transparencia\/horario-de-atendimento\/#primaryimage\",\"url\":\"https:\/\/www.pmpf.rs.gov.br\/transparencia\/wp-content\/uploads\/sites\/31\/2021\/12\/I2018-10-11_16_40_08_.png\",\"contentUrl\":\"https:\/\/www.pmpf.rs.gov.br\/transparencia\/wp-content\/uploads\/sites\/31\/2021\/12\/I2018-10-11_16_40_08_.png\",\"width\":280,\"height\":186},{\"@type\":\"WebSite\",\"@id\":\"https:\/\/www.pmpf.rs.gov.br\/transparencia\/#website\",\"url\":\"https:\/\/www.pmpf.rs.gov.br\/transparencia\/\",\"name\":\"Transpar\u00eancia\",\"description\":\"S\u00f3 mais um site Prefeitura de Passo Fundo\",\"potentialAction\":[{\"@type\":\"SearchAction\",\"target\":{\"@type\":\"EntryPoint\",\"urlTemplate\":\"https:\/\/www.pmpf.rs.gov.br\/transparencia\/?s={search_term_string}\"},\"query-input\":{\"@type\":\"PropertyValueSpecification\",\"valueRequired\":true,\"valueName\":\"search_term_string\"}}],\"inLanguage\":\"pt-BR\"}]}<\/script>\n<!-- \/ Yoast SEO plugin. -->","yoast_head_json":{"title":"Hor\u00e1rios de Atendimento - Transpar\u00eancia","robots":{"index":"index","follow":"follow","max-snippet":"max-snippet:-1","max-image-preview":"max-image-preview:large","max-video-preview":"max-video-preview:-1"},"canonical":"https:\/\/www.pmpf.rs.gov.br\/transparencia\/horario-de-atendimento\/","og_locale":"pt_BR","og_type":"article","og_title":"Hor\u00e1rios de Atendimento - Transpar\u00eancia","og_description":"Hor\u00e1rio de atendimento:De segunda a sexta-feiraDas 08h \u00e0s 11h30minDas 13h30min \u00e0s 17h Hor\u00e1rio de atendimento dos CAIS:De segunda a sextaDas 07h \u00e0s 17h S\u00e1badoDas 08:00 \u00e0s 12h Hor\u00e1rio de atendimento das Unidades [&hellip;]","og_url":"https:\/\/www.pmpf.rs.gov.br\/transparencia\/horario-de-atendimento\/","og_site_name":"Transpar\u00eancia","article_modified_time":"2022-03-08T11:02:17+00:00","og_image":[{"url":"https:\/\/www.pmpf.rs.gov.br\/transparencia\/wp-content\/uploads\/sites\/31\/2021\/12\/I2018-10-11_16_40_08_.png"}],"twitter_card":"summary_large_image","twitter_misc":{"Est. tempo de leitura":"1 minuto"},"schema":{"@context":"https:\/\/schema.org","@graph":[{"@type":"WebPage","@id":"https:\/\/www.pmpf.rs.gov.br\/transparencia\/horario-de-atendimento\/","url":"https:\/\/www.pmpf.rs.gov.br\/transparencia\/horario-de-atendimento\/","name":"Hor\u00e1rios de Atendimento - Transpar\u00eancia","isPartOf":{"@id":"https:\/\/www.pmpf.rs.gov.br\/transparencia\/#website"},"primaryImageOfPage":{"@id":"https:\/\/www.pmpf.rs.gov.br\/transparencia\/horario-de-atendimento\/#primaryimage"},"image":{"@id":"https:\/\/www.pmpf.rs.gov.br\/transparencia\/horario-de-atendimento\/#primaryimage"},"thumbnailUrl":"https:\/\/www.pmpf.rs.gov.br\/transparencia\/wp-content\/uploads\/sites\/31\/2021\/12\/I2018-10-11_16_40_08_.png","datePublished":"2021-12-16T15:01:26+00:00","dateModified":"2022-03-08T11:02:17+00:00","inLanguage":"pt-BR","potentialAction":[{"@type":"ReadAction","target":["https:\/\/www.pmpf.rs.gov.br\/transparencia\/horario-de-atendimento\/"]}]},{"@type":"ImageObject","inLanguage":"pt-BR","@id":"https:\/\/www.pmpf.rs.gov.br\/transparencia\/horario-de-atendimento\/#primaryimage","url":"https:\/\/www.pmpf.rs.gov.br\/transparencia\/wp-content\/uploads\/sites\/31\/2021\/12\/I2018-10-11_16_40_08_.png","contentUrl":"https:\/\/www.pmpf.rs.gov.br\/transparencia\/wp-content\/uploads\/sites\/31\/2021\/12\/I2018-10-11_16_40_08_.png","width":280,"height":186},{"@type":"WebSite","@id":"https:\/\/www.pmpf.rs.gov.br\/transparencia\/#website","url":"https:\/\/www.pmpf.rs.gov.br\/transparencia\/","name":"Transpar\u00eancia","description":"S\u00f3 mais um site Prefeitura de Passo Fundo","potentialAction":[{"@type":"SearchAction","target":{"@type":"EntryPoint","urlTemplate":"https:\/\/www.pmpf.rs.gov.br\/transparencia\/?s={search_term_string}"},"query-input":{"@type":"PropertyValueSpecification","valueRequired":true,"valueName":"search_term_string"}}],"inLanguage":"pt-BR"}]}},"_links":{"self":[{"href":"https:\/\/www.pmpf.rs.gov.br\/transparencia\/wp-json\/wp\/v2\/pages\/73"}],"collection":[{"href":"https:\/\/www.pmpf.rs.gov.br\/transparencia\/wp-json\/wp\/v2\/pages"}],"about":[{"href":"https:\/\/www.pmpf.rs.gov.br\/transparencia\/wp-json\/wp\/v2\/types\/page"}],"author":[{"embeddable":true,"href":"https:\/\/www.pmpf.rs.gov.br\/transparencia\/wp-json\/wp\/v2\/users\/1"}],"replies":[{"embeddable":true,"href":"https:\/\/www.pmpf.rs.gov.br\/transparencia\/wp-json\/wp\/v2\/comments?post=73"}],"version-history":[{"count":3,"href":"https:\/\/www.pmpf.rs.gov.br\/transparencia\/wp-json\/wp\/v2\/pages\/73\/revisions"}],"predecessor-version":[{"id":4295,"href":"https:\/\/www.pmpf.rs.gov.br\/transparencia\/wp-json\/wp\/v2\/pages\/73\/revisions\/4295"}],"wp:attachment":[{"href":"https:\/\/www.pmpf.rs.gov.br\/transparencia\/wp-json\/wp\/v2\/media?parent=73"}],"curies":[{"name":"wp","href":"https:\/\/api.w.org\/{rel}","templated":true}]}}