{"id":6866,"date":"2023-11-22T09:33:09","date_gmt":"2023-11-22T12:33:09","guid":{"rendered":"https:\/\/www.pmpf.rs.gov.br\/transparencia\/?page_id=6866"},"modified":"2024-02-02T14:27:32","modified_gmt":"2024-02-02T17:27:32","slug":"editaisleipaulogustavo","status":"publish","type":"page","link":"https:\/\/www.pmpf.rs.gov.br\/transparencia\/editaisleipaulogustavo\/","title":{"rendered":"Editais Lei Paulo Gustavo"},"content":{"rendered":"\n<figure class=\"wp-block-image size-full is-resized\"><img loading=\"lazy\" decoding=\"async\" width=\"284\" height=\"204\" src=\"https:\/\/www.pmpf.rs.gov.br\/transparencia\/wp-content\/uploads\/sites\/31\/2023\/11\/logo-lei-paulo-gustavo.jpg\" alt=\"\" class=\"wp-image-6867\" style=\"width:444px;height:auto\"\/><\/figure>\n\n\n\n<hr class=\"wp-block-separator has-alpha-channel-opacity\"\/>\n\n\n\n<p><strong>Audiovisual<\/strong><\/p>\n\n\n\n<figure class=\"wp-block-table\"><table><tbody><tr><td>Aviso de Edital<\/td><td><a href=\"https:\/\/www.pmpf.rs.gov.br\/transparencia\/wp-content\/uploads\/sites\/31\/2023\/11\/Aviso-de-Edital.pdf\" target=\"_blank\" rel=\"noreferrer noopener\">CHAMAMENTO P\u00daBLICO N\u00ba 24 \/2023<\/a><\/td><td>22\/11\/2023<\/td><\/tr><tr><td>ANEXO 1<\/td><td><a href=\"https:\/\/www.pmpf.rs.gov.br\/transparencia\/wp-content\/uploads\/sites\/31\/2023\/11\/1-CATEGORIAS-DE-APOIO-\u2013-AUDIOVISUAL.pdf\" target=\"_blank\" rel=\"noreferrer noopener\">CATEGORIAS DE APOIO \u2013 AUDIOVISUAL<\/a><\/td><td>22\/11\/2023<\/td><\/tr><tr><td>ANEXO 2<\/td><td><a href=\"https:\/\/www.pmpf.rs.gov.br\/transparencia\/wp-content\/uploads\/sites\/31\/2023\/11\/2-FORMULARIO-DE-INSCRICAO.doc\" target=\"_blank\" rel=\"noreferrer noopener\">FORMUL\u00c1RIO DE INSCRI\u00c7\u00c3O<\/a><\/td><td>22\/11\/2023<\/td><\/tr><tr><td>ANEXO 3<\/td><td><a href=\"https:\/\/www.pmpf.rs.gov.br\/transparencia\/wp-content\/uploads\/sites\/31\/2023\/11\/3-CRITERIOS-UTILIZADOS-NA-AVALIACAO-DE-MERITO-CULTURAL.doc\" target=\"_blank\" rel=\"noreferrer noopener\">CRIT\u00c9RIOS UTILIZADOS NA AVALIA\u00c7\u00c3O DE M\u00c9RITO CULTURAL<\/a><\/td><td>22\/11\/2023<\/td><\/tr><tr><td>ANEXO 4<\/td><td><a href=\"https:\/\/www.pmpf.rs.gov.br\/transparencia\/wp-content\/uploads\/sites\/31\/2023\/11\/4-TERMO-DE-EXECUCAO-CULTURAL.doc\" target=\"_blank\" rel=\"noreferrer noopener\">TERMO DE EXECU\u00c7\u00c3O CULTURAL<\/a><\/td><td>22\/11\/2023<\/td><\/tr><tr><td>ANEXO 5<\/td><td><a href=\"https:\/\/www.pmpf.rs.gov.br\/transparencia\/wp-content\/uploads\/sites\/31\/2023\/11\/5-RELATORIO-DE-EXECUCAO-DO-OBJETO.doc\" target=\"_blank\" rel=\"noreferrer noopener\">RELAT\u00d3RIO DE EXECU\u00c7\u00c3O DO OBJETO<\/a><\/td><td>22\/11\/2023<\/td><\/tr><tr><td>ANEXO 6<\/td><td><a href=\"https:\/\/www.pmpf.rs.gov.br\/transparencia\/wp-content\/uploads\/sites\/31\/2023\/11\/6-DECLARACAO-DE-REPRESENTACAO-DE-GRUPO-OU-COLETIVO.doc\">DECLARA\u00c7\u00c3O DE REPRESENTA\u00c7\u00c3O DE GRUPO OU COLETIVO<\/a><\/td><td>22\/11\/2023<\/td><\/tr><tr><td>ANEXO 7<\/td><td><a href=\"https:\/\/www.pmpf.rs.gov.br\/transparencia\/wp-content\/uploads\/sites\/31\/2023\/11\/7-DECLARACAO-ETNICO-RACIAL.doc\" target=\"_blank\" rel=\"noreferrer noopener\">DECLARA\u00c7\u00c3O \u00c9TNICO-RACIAL<\/a><\/td><td>22\/11\/2023<\/td><\/tr><tr><td>ANEXO 8<\/td><td><a href=\"https:\/\/www.pmpf.rs.gov.br\/transparencia\/wp-content\/uploads\/sites\/31\/2023\/11\/8-RELACAO-DE-EMPRESAS-PRESTADORAS-DE-SERVICOS-DE-ACESSIBILIDADE.pdf\" target=\"_blank\" rel=\"noreferrer noopener\">RELA\u00c7\u00c3O DE EMPRESAS PRESTADORAS DE SERVI\u00c7OS DE ACESSIBILIDADE<\/a><\/td><td>22\/11\/2023<\/td><\/tr><tr><td>ATA 04<\/td><td><a href=\"https:\/\/www.pmpf.rs.gov.br\/transparencia\/wp-content\/uploads\/sites\/31\/2024\/02\/ATAS-HABILITACAO_PROPOSTAS-Ata-4-Edital-24-Audiovisual-LPG.pdf\" target=\"_blank\" rel=\"noreferrer noopener\">ATA RETIFICAT\u00d3RIA DO CHAMAMENTO P\u00daBLICO N\u00ba 24\/2023<\/a><\/td><td>01\/02\/2024<\/td><\/tr><\/tbody><\/table><\/figure>\n\n\n\n<hr class=\"wp-block-separator has-alpha-channel-opacity\"\/>\n\n\n\n<p>Demais \u00c1reas<\/p>\n\n\n\n<figure class=\"wp-block-table\"><table><tbody><tr><td>Aviso de Edital<\/td><td><a href=\"https:\/\/www.pmpf.rs.gov.br\/transparencia\/wp-content\/uploads\/sites\/31\/2023\/11\/Aviso-de-Edital-1.pdf\">CHAMAMENTO P\u00daBLICO N\u00ba 25 \/2023<\/a><\/td><td>22\/11\/2023<\/td><\/tr><tr><td>ANEXO 1<\/td><td><a href=\"https:\/\/www.pmpf.rs.gov.br\/transparencia\/wp-content\/uploads\/sites\/31\/2023\/11\/1-CATEGORIAS-DE-APOIO\u2013CULTURA-EM-GERAL.pdf\" target=\"_blank\" rel=\"noreferrer noopener\">CATEGORIAS DE APOIO\u2013CULTURA EM GERAL<\/a><\/td><td>22\/11\/2023<\/td><\/tr><tr><td>ANEXO 2<\/td><td><a href=\"https:\/\/www.pmpf.rs.gov.br\/transparencia\/wp-content\/uploads\/sites\/31\/2023\/11\/2-FORMULARIO-DE-INSCRICAO-1.doc\" target=\"_blank\" rel=\"noreferrer noopener\">FORMUL\u00c1RIO DE INSCRI\u00c7\u00c3O<\/a><\/td><td>22\/11\/2023<\/td><\/tr><tr><td>ANEXO 3<\/td><td><a href=\"https:\/\/www.pmpf.rs.gov.br\/transparencia\/wp-content\/uploads\/sites\/31\/2023\/11\/3-CRITERIOS-UTILIZADOS-NA-AVALIACAO-DE-MERITO-CULTURAL-1.doc\" target=\"_blank\" rel=\"noreferrer noopener\">CRIT\u00c9RIOS UTILIZADOS NA AVALIA\u00c7\u00c3O DE M\u00c9RITO CULTURAL<\/a><\/td><td>22\/11\/2023<\/td><\/tr><tr><td>ANEXO 4<\/td><td><a href=\"https:\/\/www.pmpf.rs.gov.br\/transparencia\/wp-content\/uploads\/sites\/31\/2023\/11\/4-TERMO-DE-EXECUCAO-CULTURAL-1.doc\">TERMO DE EXECU\u00c7\u00c3O CULTURAL<\/a><\/td><td>22\/11\/2023<\/td><\/tr><tr><td>ANEXO 5<\/td><td><a href=\"https:\/\/www.pmpf.rs.gov.br\/transparencia\/wp-content\/uploads\/sites\/31\/2023\/11\/5-RELATORIO-DE-EXECUCAO-DO-OBJETO-1.doc\">RELAT\u00d3RIO DE EXECU\u00c7\u00c3O DO OBJETO<\/a><\/td><td>22\/11\/2023<\/td><\/tr><tr><td>ANEXO 6<\/td><td><a href=\"https:\/\/www.pmpf.rs.gov.br\/transparencia\/wp-content\/uploads\/sites\/31\/2023\/11\/6-DECLARACAO-DE-REPRESENTACAO-DE-GRUPO-OU-COLETIVO-1.doc\" target=\"_blank\" rel=\"noreferrer noopener\">DECLARA\u00c7\u00c3O DE REPRESENTA\u00c7\u00c3O DE GRUPO OU COLETIVO<\/a><\/td><td>22\/11\/2023<\/td><\/tr><tr><td>ANEXO 7<\/td><td><a href=\"https:\/\/www.pmpf.rs.gov.br\/transparencia\/wp-content\/uploads\/sites\/31\/2023\/11\/7-DECLARACAO-ETNICO-RACIAL-1.doc\">DECLARA\u00c7\u00c3O \u00c9TNICO-RACIAL<\/a><\/td><td>22\/11\/2023<\/td><\/tr><tr><td>ANEXO 8<\/td><td><a href=\"https:\/\/www.pmpf.rs.gov.br\/transparencia\/wp-content\/uploads\/sites\/31\/2023\/11\/8-RELACAO-DE-EMPRESAS-PRESTADORAS-DE-SERVICOS-DE-ACESSIBILIDADE-1.pdf\" target=\"_blank\" rel=\"noreferrer noopener\">RELA\u00c7\u00c3O DE EMPRESAS PRESTADORAS DE SERVI\u00c7OS DE ACESSIBILIDADE<\/a><\/td><td>22\/11\/2023<\/td><\/tr><tr><td>ATA 03 <\/td><td><a href=\"https:\/\/www.pmpf.rs.gov.br\/transparencia\/wp-content\/uploads\/sites\/31\/2024\/02\/ATAS-HABILITACAO_PROPOSTAS-Ata-3-Edital-25-Demais-Areas-LPG.pdf\" target=\"_blank\" rel=\"noreferrer noopener\">ATA DO CHAMAMENTO PUBLICO N\u00ba 25\/2023<\/a><\/td><td>01\/02\/2024<\/td><\/tr><\/tbody><\/table><\/figure>\n","protected":false},"excerpt":{"rendered":"<p>Audiovisual Aviso de Edital CHAMAMENTO P\u00daBLICO N\u00ba 24 \/2023 22\/11\/2023 ANEXO 1 CATEGORIAS DE APOIO \u2013 AUDIOVISUAL 22\/11\/2023 ANEXO 2 FORMUL\u00c1RIO DE INSCRI\u00c7\u00c3O 22\/11\/2023 ANEXO 3 CRIT\u00c9RIOS UTILIZADOS NA AVALIA\u00c7\u00c3O DE M\u00c9RITO [&hellip;]<\/p>\n","protected":false},"author":23,"featured_media":0,"parent":0,"menu_order":5,"comment_status":"closed","ping_status":"closed","template":"","meta":{"footnotes":""},"class_list":["post-6866","page","type-page","status-publish","hentry"],"yoast_head":"<!-- This site is optimized with the Yoast SEO plugin v23.8 - https:\/\/yoast.com\/wordpress\/plugins\/seo\/ -->\n<title>Editais Lei Paulo Gustavo - Transpar\u00eancia<\/title>\n<meta name=\"robots\" content=\"index, follow, max-snippet:-1, max-image-preview:large, max-video-preview:-1\" \/>\n<link rel=\"canonical\" href=\"https:\/\/www.pmpf.rs.gov.br\/transparencia\/editaisleipaulogustavo\/\" \/>\n<meta property=\"og:locale\" content=\"pt_BR\" \/>\n<meta property=\"og:type\" content=\"article\" \/>\n<meta property=\"og:title\" content=\"Editais Lei Paulo Gustavo - Transpar\u00eancia\" \/>\n<meta property=\"og:description\" content=\"Audiovisual Aviso de Edital CHAMAMENTO P\u00daBLICO N\u00ba 24 \/2023 22\/11\/2023 ANEXO 1 CATEGORIAS DE APOIO \u2013 AUDIOVISUAL 22\/11\/2023 ANEXO 2 FORMUL\u00c1RIO DE INSCRI\u00c7\u00c3O 22\/11\/2023 ANEXO 3 CRIT\u00c9RIOS UTILIZADOS NA AVALIA\u00c7\u00c3O DE M\u00c9RITO [&hellip;]\" \/>\n<meta property=\"og:url\" content=\"https:\/\/www.pmpf.rs.gov.br\/transparencia\/editaisleipaulogustavo\/\" \/>\n<meta property=\"og:site_name\" content=\"Transpar\u00eancia\" \/>\n<meta property=\"article:modified_time\" content=\"2024-02-02T17:27:32+00:00\" \/>\n<meta property=\"og:image\" content=\"https:\/\/www.pmpf.rs.gov.br\/transparencia\/wp-content\/uploads\/sites\/31\/2023\/11\/logo-lei-paulo-gustavo.jpg\" \/>\n<meta name=\"twitter:card\" content=\"summary_large_image\" \/>\n<meta name=\"twitter:label1\" content=\"Est. tempo de leitura\" \/>\n\t<meta name=\"twitter:data1\" content=\"1 minuto\" \/>\n<script type=\"application\/ld+json\" class=\"yoast-schema-graph\">{\"@context\":\"https:\/\/schema.org\",\"@graph\":[{\"@type\":\"WebPage\",\"@id\":\"https:\/\/www.pmpf.rs.gov.br\/transparencia\/editaisleipaulogustavo\/\",\"url\":\"https:\/\/www.pmpf.rs.gov.br\/transparencia\/editaisleipaulogustavo\/\",\"name\":\"Editais Lei Paulo Gustavo - Transpar\u00eancia\",\"isPartOf\":{\"@id\":\"https:\/\/www.pmpf.rs.gov.br\/transparencia\/#website\"},\"primaryImageOfPage\":{\"@id\":\"https:\/\/www.pmpf.rs.gov.br\/transparencia\/editaisleipaulogustavo\/#primaryimage\"},\"image\":{\"@id\":\"https:\/\/www.pmpf.rs.gov.br\/transparencia\/editaisleipaulogustavo\/#primaryimage\"},\"thumbnailUrl\":\"https:\/\/www.pmpf.rs.gov.br\/transparencia\/wp-content\/uploads\/sites\/31\/2023\/11\/logo-lei-paulo-gustavo.jpg\",\"datePublished\":\"2023-11-22T12:33:09+00:00\",\"dateModified\":\"2024-02-02T17:27:32+00:00\",\"inLanguage\":\"pt-BR\",\"potentialAction\":[{\"@type\":\"ReadAction\",\"target\":[\"https:\/\/www.pmpf.rs.gov.br\/transparencia\/editaisleipaulogustavo\/\"]}]},{\"@type\":\"ImageObject\",\"inLanguage\":\"pt-BR\",\"@id\":\"https:\/\/www.pmpf.rs.gov.br\/transparencia\/editaisleipaulogustavo\/#primaryimage\",\"url\":\"https:\/\/www.pmpf.rs.gov.br\/transparencia\/wp-content\/uploads\/sites\/31\/2023\/11\/logo-lei-paulo-gustavo.jpg\",\"contentUrl\":\"https:\/\/www.pmpf.rs.gov.br\/transparencia\/wp-content\/uploads\/sites\/31\/2023\/11\/logo-lei-paulo-gustavo.jpg\",\"width\":284,\"height\":204},{\"@type\":\"WebSite\",\"@id\":\"https:\/\/www.pmpf.rs.gov.br\/transparencia\/#website\",\"url\":\"https:\/\/www.pmpf.rs.gov.br\/transparencia\/\",\"name\":\"Transpar\u00eancia\",\"description\":\"S\u00f3 mais um site Prefeitura de Passo Fundo\",\"potentialAction\":[{\"@type\":\"SearchAction\",\"target\":{\"@type\":\"EntryPoint\",\"urlTemplate\":\"https:\/\/www.pmpf.rs.gov.br\/transparencia\/?s={search_term_string}\"},\"query-input\":{\"@type\":\"PropertyValueSpecification\",\"valueRequired\":true,\"valueName\":\"search_term_string\"}}],\"inLanguage\":\"pt-BR\"}]}<\/script>\n<!-- \/ Yoast SEO plugin. -->","yoast_head_json":{"title":"Editais Lei Paulo Gustavo - Transpar\u00eancia","robots":{"index":"index","follow":"follow","max-snippet":"max-snippet:-1","max-image-preview":"max-image-preview:large","max-video-preview":"max-video-preview:-1"},"canonical":"https:\/\/www.pmpf.rs.gov.br\/transparencia\/editaisleipaulogustavo\/","og_locale":"pt_BR","og_type":"article","og_title":"Editais Lei Paulo Gustavo - Transpar\u00eancia","og_description":"Audiovisual Aviso de Edital CHAMAMENTO P\u00daBLICO N\u00ba 24 \/2023 22\/11\/2023 ANEXO 1 CATEGORIAS DE APOIO \u2013 AUDIOVISUAL 22\/11\/2023 ANEXO 2 FORMUL\u00c1RIO DE INSCRI\u00c7\u00c3O 22\/11\/2023 ANEXO 3 CRIT\u00c9RIOS UTILIZADOS NA AVALIA\u00c7\u00c3O DE M\u00c9RITO [&hellip;]","og_url":"https:\/\/www.pmpf.rs.gov.br\/transparencia\/editaisleipaulogustavo\/","og_site_name":"Transpar\u00eancia","article_modified_time":"2024-02-02T17:27:32+00:00","og_image":[{"url":"https:\/\/www.pmpf.rs.gov.br\/transparencia\/wp-content\/uploads\/sites\/31\/2023\/11\/logo-lei-paulo-gustavo.jpg"}],"twitter_card":"summary_large_image","twitter_misc":{"Est. tempo de leitura":"1 minuto"},"schema":{"@context":"https:\/\/schema.org","@graph":[{"@type":"WebPage","@id":"https:\/\/www.pmpf.rs.gov.br\/transparencia\/editaisleipaulogustavo\/","url":"https:\/\/www.pmpf.rs.gov.br\/transparencia\/editaisleipaulogustavo\/","name":"Editais Lei Paulo Gustavo - Transpar\u00eancia","isPartOf":{"@id":"https:\/\/www.pmpf.rs.gov.br\/transparencia\/#website"},"primaryImageOfPage":{"@id":"https:\/\/www.pmpf.rs.gov.br\/transparencia\/editaisleipaulogustavo\/#primaryimage"},"image":{"@id":"https:\/\/www.pmpf.rs.gov.br\/transparencia\/editaisleipaulogustavo\/#primaryimage"},"thumbnailUrl":"https:\/\/www.pmpf.rs.gov.br\/transparencia\/wp-content\/uploads\/sites\/31\/2023\/11\/logo-lei-paulo-gustavo.jpg","datePublished":"2023-11-22T12:33:09+00:00","dateModified":"2024-02-02T17:27:32+00:00","inLanguage":"pt-BR","potentialAction":[{"@type":"ReadAction","target":["https:\/\/www.pmpf.rs.gov.br\/transparencia\/editaisleipaulogustavo\/"]}]},{"@type":"ImageObject","inLanguage":"pt-BR","@id":"https:\/\/www.pmpf.rs.gov.br\/transparencia\/editaisleipaulogustavo\/#primaryimage","url":"https:\/\/www.pmpf.rs.gov.br\/transparencia\/wp-content\/uploads\/sites\/31\/2023\/11\/logo-lei-paulo-gustavo.jpg","contentUrl":"https:\/\/www.pmpf.rs.gov.br\/transparencia\/wp-content\/uploads\/sites\/31\/2023\/11\/logo-lei-paulo-gustavo.jpg","width":284,"height":204},{"@type":"WebSite","@id":"https:\/\/www.pmpf.rs.gov.br\/transparencia\/#website","url":"https:\/\/www.pmpf.rs.gov.br\/transparencia\/","name":"Transpar\u00eancia","description":"S\u00f3 mais um site Prefeitura de Passo Fundo","potentialAction":[{"@type":"SearchAction","target":{"@type":"EntryPoint","urlTemplate":"https:\/\/www.pmpf.rs.gov.br\/transparencia\/?s={search_term_string}"},"query-input":{"@type":"PropertyValueSpecification","valueRequired":true,"valueName":"search_term_string"}}],"inLanguage":"pt-BR"}]}},"_links":{"self":[{"href":"https:\/\/www.pmpf.rs.gov.br\/transparencia\/wp-json\/wp\/v2\/pages\/6866"}],"collection":[{"href":"https:\/\/www.pmpf.rs.gov.br\/transparencia\/wp-json\/wp\/v2\/pages"}],"about":[{"href":"https:\/\/www.pmpf.rs.gov.br\/transparencia\/wp-json\/wp\/v2\/types\/page"}],"author":[{"embeddable":true,"href":"https:\/\/www.pmpf.rs.gov.br\/transparencia\/wp-json\/wp\/v2\/users\/23"}],"replies":[{"embeddable":true,"href":"https:\/\/www.pmpf.rs.gov.br\/transparencia\/wp-json\/wp\/v2\/comments?post=6866"}],"version-history":[{"count":5,"href":"https:\/\/www.pmpf.rs.gov.br\/transparencia\/wp-json\/wp\/v2\/pages\/6866\/revisions"}],"predecessor-version":[{"id":7131,"href":"https:\/\/www.pmpf.rs.gov.br\/transparencia\/wp-json\/wp\/v2\/pages\/6866\/revisions\/7131"}],"wp:attachment":[{"href":"https:\/\/www.pmpf.rs.gov.br\/transparencia\/wp-json\/wp\/v2\/media?parent=6866"}],"curies":[{"name":"wp","href":"https:\/\/api.w.org\/{rel}","templated":true}]}}