{"id":6732,"date":"2023-10-06T11:21:43","date_gmt":"2023-10-06T14:21:43","guid":{"rendered":"https:\/\/www.pmpf.rs.gov.br\/transparencia\/?page_id=6732"},"modified":"2023-12-29T13:38:42","modified_gmt":"2023-12-29T16:38:42","slug":"ano-2024","status":"publish","type":"page","link":"https:\/\/www.pmpf.rs.gov.br\/transparencia\/lei-orcamentaria-anual-loa\/ano-2024\/","title":{"rendered":"Ano 2024"},"content":{"rendered":"\n<figure class=\"wp-block-table\"><table><tbody><tr><td>Nome<\/td><td>Arquivo<\/td><\/tr><tr><td>Lei 5.851\/2023<\/td><td><a href=\"https:\/\/www.pmpf.rs.gov.br\/transparencia\/wp-content\/uploads\/sites\/31\/2023\/12\/loa2024-lei-5851-21122023.pdf\" target=\"_blank\" rel=\"noreferrer noopener\"><img loading=\"lazy\" decoding=\"async\" width=\"24\" height=\"24\" class=\"wp-image-1595\" style=\"width: 24px\" src=\"https:\/\/www.pmpf.rs.gov.br\/transparencia\/wp-content\/uploads\/sites\/31\/2021\/12\/IcBaselineDownloadForOffline.svg\" alt=\"\"><\/a><\/td><\/tr><tr><td>Sum\u00e1rio <\/td><td><a href=\"https:\/\/www.pmpf.rs.gov.br\/transparencia\/wp-content\/uploads\/sites\/31\/2023\/12\/loa2024-AnexoS-Sumario-Receita-Fonte-Despesa-Funcao.pdf\" target=\"_blank\" rel=\"noreferrer noopener\"><img loading=\"lazy\" decoding=\"async\" width=\"24\" height=\"24\" class=\"wp-image-1595\" style=\"width: 24px\" src=\"https:\/\/www.pmpf.rs.gov.br\/transparencia\/wp-content\/uploads\/sites\/31\/2021\/12\/IcBaselineDownloadForOffline.svg\" alt=\"\"><\/a><\/td><\/tr><tr><td>Anexo I &#8211; Receita e Despesa<\/td><td><a href=\"https:\/\/www.pmpf.rs.gov.br\/transparencia\/wp-content\/uploads\/sites\/31\/2023\/12\/loa2024-Anexo1-ReceitaeDespesa.pdf\" target=\"_blank\" rel=\"noreferrer noopener\"><img loading=\"lazy\" decoding=\"async\" width=\"24\" height=\"24\" class=\"wp-image-1595\" style=\"width: 24px\" src=\"https:\/\/www.pmpf.rs.gov.br\/transparencia\/wp-content\/uploads\/sites\/31\/2021\/12\/IcBaselineDownloadForOffline.svg\" alt=\"\"><\/a><\/td><\/tr><tr><td>Anexo II &#8211; Receita<\/td><td><a href=\"https:\/\/www.pmpf.rs.gov.br\/transparencia\/wp-content\/uploads\/sites\/31\/2023\/12\/loa2024-Anexo2-ReceitaGeral.pdf\" target=\"_blank\" rel=\"noreferrer noopener\"><img loading=\"lazy\" decoding=\"async\" width=\"24\" height=\"24\" class=\"wp-image-1595\" style=\"width: 24px\" src=\"https:\/\/www.pmpf.rs.gov.br\/transparencia\/wp-content\/uploads\/sites\/31\/2021\/12\/IcBaselineDownloadForOffline.svg\" alt=\"\"><\/a><\/td><\/tr><tr><td>Anexo II &#8211; Despesa<\/td><td><a href=\"https:\/\/www.pmpf.rs.gov.br\/transparencia\/wp-content\/uploads\/sites\/31\/2023\/12\/loa2024-Anexo2-DespesaGeral.pdf\" target=\"_blank\" rel=\"noreferrer noopener\"><img loading=\"lazy\" decoding=\"async\" width=\"24\" height=\"24\" class=\"wp-image-1595\" style=\"width: 24px\" src=\"https:\/\/www.pmpf.rs.gov.br\/transparencia\/wp-content\/uploads\/sites\/31\/2021\/12\/IcBaselineDownloadForOffline.svg\" alt=\"\"><\/a><\/td><\/tr><tr><td>Anexo II &#8211; Despesa por \u00f3rg\u00e3o<\/td><td><a href=\"https:\/\/www.pmpf.rs.gov.br\/transparencia\/wp-content\/uploads\/sites\/31\/2023\/12\/loa2024-Anexo2-Despesa-por-orgao.pdf\" target=\"_blank\" rel=\"noreferrer noopener\"><img loading=\"lazy\" decoding=\"async\" width=\"24\" height=\"24\" class=\"wp-image-1595\" style=\"width: 24px\" src=\"https:\/\/www.pmpf.rs.gov.br\/transparencia\/wp-content\/uploads\/sites\/31\/2021\/12\/IcBaselineDownloadForOffline.svg\" alt=\"\"><\/a><\/td><\/tr><tr><td>Anexo VI &#8211; Despesa detalhamento<\/td><td><a href=\"https:\/\/www.pmpf.rs.gov.br\/transparencia\/wp-content\/uploads\/sites\/31\/2023\/12\/loa2024-Anexo6-DespesaDetalhamento.pdf\" target=\"_blank\" rel=\"noreferrer noopener\"><img loading=\"lazy\" decoding=\"async\" width=\"24\" height=\"24\" class=\"wp-image-1595\" style=\"width: 24px\" src=\"https:\/\/www.pmpf.rs.gov.br\/transparencia\/wp-content\/uploads\/sites\/31\/2021\/12\/IcBaselineDownloadForOffline.svg\" alt=\"\"><\/a><\/td><\/tr><tr><td>Anexo VII &#8211; Despesa por fun\u00e7\u00e3o subfun\u00e7\u00e3o<\/td><td><a href=\"https:\/\/www.pmpf.rs.gov.br\/transparencia\/wp-content\/uploads\/sites\/31\/2023\/12\/loa2024-Anexo7-Despesaporfuncaoesubfuncao.pdf\" target=\"_blank\" rel=\"noreferrer noopener\"><img loading=\"lazy\" decoding=\"async\" width=\"24\" height=\"24\" class=\"wp-image-1595\" style=\"width: 24px\" src=\"https:\/\/www.pmpf.rs.gov.br\/transparencia\/wp-content\/uploads\/sites\/31\/2021\/12\/IcBaselineDownloadForOffline.svg\" alt=\"\"><\/a><\/td><\/tr><tr><td>Anexo VIII &#8211; Despesa por fun\u00e7\u00e3o e v\u00ednculo com os recursos<\/td><td><a href=\"https:\/\/www.pmpf.rs.gov.br\/transparencia\/wp-content\/uploads\/sites\/31\/2023\/12\/loa2024-Anexo8-Despesaporfuncaoevinculocomosrecursos.pdf\" target=\"_blank\" rel=\"noreferrer noopener\"><img loading=\"lazy\" decoding=\"async\" width=\"24\" height=\"24\" class=\"wp-image-1595\" style=\"width: 24px\" src=\"https:\/\/www.pmpf.rs.gov.br\/transparencia\/wp-content\/uploads\/sites\/31\/2021\/12\/IcBaselineDownloadForOffline.svg\" alt=\"\"><\/a><\/td><\/tr><tr><td>Anexo IX &#8211; Despesa por \u00f3rg\u00e3o e fun\u00e7\u00e3o<\/td><td><a href=\"https:\/\/www.pmpf.rs.gov.br\/transparencia\/wp-content\/uploads\/sites\/31\/2023\/12\/loa2024-Anexo9-Despesapororgaoefuncao.pdf\" target=\"_blank\" rel=\"noreferrer noopener\"><img loading=\"lazy\" decoding=\"async\" width=\"24\" height=\"24\" class=\"wp-image-1595\" style=\"width: 24px\" src=\"https:\/\/www.pmpf.rs.gov.br\/transparencia\/wp-content\/uploads\/sites\/31\/2021\/12\/IcBaselineDownloadForOffline.svg\" alt=\"\"><\/a><\/td><\/tr><\/tbody><\/table><\/figure>\n\n\n\n<p><\/p>\n","protected":false},"excerpt":{"rendered":"<p>Nome Arquivo Lei 5.851\/2023 Sum\u00e1rio Anexo I &#8211; Receita e Despesa Anexo II &#8211; Receita Anexo II &#8211; Despesa Anexo II &#8211; Despesa por \u00f3rg\u00e3o Anexo VI &#8211; Despesa detalhamento Anexo VII [&hellip;]<\/p>\n","protected":false},"author":4,"featured_media":0,"parent":1801,"menu_order":85,"comment_status":"closed","ping_status":"closed","template":"","meta":{"footnotes":""},"class_list":["post-6732","page","type-page","status-publish","hentry"],"yoast_head":"<!-- This site is optimized with the Yoast SEO plugin v23.8 - https:\/\/yoast.com\/wordpress\/plugins\/seo\/ -->\n<title>Ano 2024 - Transpar\u00eancia<\/title>\n<meta name=\"robots\" content=\"index, follow, max-snippet:-1, max-image-preview:large, max-video-preview:-1\" \/>\n<link rel=\"canonical\" href=\"https:\/\/www.pmpf.rs.gov.br\/transparencia\/lei-orcamentaria-anual-loa\/ano-2024\/\" \/>\n<meta property=\"og:locale\" content=\"pt_BR\" \/>\n<meta property=\"og:type\" content=\"article\" \/>\n<meta property=\"og:title\" content=\"Ano 2024 - Transpar\u00eancia\" \/>\n<meta property=\"og:description\" content=\"Nome Arquivo Lei 5.851\/2023 Sum\u00e1rio Anexo I &#8211; Receita e Despesa Anexo II &#8211; Receita Anexo II &#8211; Despesa Anexo II &#8211; Despesa por \u00f3rg\u00e3o Anexo VI &#8211; Despesa detalhamento Anexo VII [&hellip;]\" \/>\n<meta property=\"og:url\" content=\"https:\/\/www.pmpf.rs.gov.br\/transparencia\/lei-orcamentaria-anual-loa\/ano-2024\/\" \/>\n<meta property=\"og:site_name\" content=\"Transpar\u00eancia\" \/>\n<meta property=\"article:modified_time\" content=\"2023-12-29T16:38:42+00:00\" \/>\n<meta property=\"og:image\" content=\"https:\/\/www.pmpf.rs.gov.br\/transparencia\/wp-content\/uploads\/sites\/31\/2021\/12\/IcBaselineDownloadForOffline.svg\" \/>\n<meta name=\"twitter:card\" content=\"summary_large_image\" \/>\n<meta name=\"twitter:label1\" content=\"Est. tempo de leitura\" \/>\n\t<meta name=\"twitter:data1\" content=\"3 minutos\" \/>\n<script type=\"application\/ld+json\" class=\"yoast-schema-graph\">{\"@context\":\"https:\/\/schema.org\",\"@graph\":[{\"@type\":\"WebPage\",\"@id\":\"https:\/\/www.pmpf.rs.gov.br\/transparencia\/lei-orcamentaria-anual-loa\/ano-2024\/\",\"url\":\"https:\/\/www.pmpf.rs.gov.br\/transparencia\/lei-orcamentaria-anual-loa\/ano-2024\/\",\"name\":\"Ano 2024 - Transpar\u00eancia\",\"isPartOf\":{\"@id\":\"https:\/\/www.pmpf.rs.gov.br\/transparencia\/#website\"},\"primaryImageOfPage\":{\"@id\":\"https:\/\/www.pmpf.rs.gov.br\/transparencia\/lei-orcamentaria-anual-loa\/ano-2024\/#primaryimage\"},\"image\":{\"@id\":\"https:\/\/www.pmpf.rs.gov.br\/transparencia\/lei-orcamentaria-anual-loa\/ano-2024\/#primaryimage\"},\"thumbnailUrl\":\"https:\/\/www.pmpf.rs.gov.br\/transparencia\/wp-content\/uploads\/sites\/31\/2021\/12\/IcBaselineDownloadForOffline.svg\",\"datePublished\":\"2023-10-06T14:21:43+00:00\",\"dateModified\":\"2023-12-29T16:38:42+00:00\",\"breadcrumb\":{\"@id\":\"https:\/\/www.pmpf.rs.gov.br\/transparencia\/lei-orcamentaria-anual-loa\/ano-2024\/#breadcrumb\"},\"inLanguage\":\"pt-BR\",\"potentialAction\":[{\"@type\":\"ReadAction\",\"target\":[\"https:\/\/www.pmpf.rs.gov.br\/transparencia\/lei-orcamentaria-anual-loa\/ano-2024\/\"]}]},{\"@type\":\"ImageObject\",\"inLanguage\":\"pt-BR\",\"@id\":\"https:\/\/www.pmpf.rs.gov.br\/transparencia\/lei-orcamentaria-anual-loa\/ano-2024\/#primaryimage\",\"url\":\"https:\/\/www.pmpf.rs.gov.br\/transparencia\/wp-content\/uploads\/sites\/31\/2021\/12\/IcBaselineDownloadForOffline.svg\",\"contentUrl\":\"https:\/\/www.pmpf.rs.gov.br\/transparencia\/wp-content\/uploads\/sites\/31\/2021\/12\/IcBaselineDownloadForOffline.svg\",\"width\":24,\"height\":24},{\"@type\":\"BreadcrumbList\",\"@id\":\"https:\/\/www.pmpf.rs.gov.br\/transparencia\/lei-orcamentaria-anual-loa\/ano-2024\/#breadcrumb\",\"itemListElement\":[{\"@type\":\"ListItem\",\"position\":1,\"name\":\"Lei Or\u00e7ament\u00e1ria Anual (LOA)\",\"item\":\"https:\/\/www.pmpf.rs.gov.br\/transparencia\/lei-orcamentaria-anual-loa\/\"},{\"@type\":\"ListItem\",\"position\":2,\"name\":\"Ano 2024\"}]},{\"@type\":\"WebSite\",\"@id\":\"https:\/\/www.pmpf.rs.gov.br\/transparencia\/#website\",\"url\":\"https:\/\/www.pmpf.rs.gov.br\/transparencia\/\",\"name\":\"Transpar\u00eancia\",\"description\":\"S\u00f3 mais um site Prefeitura de Passo Fundo\",\"potentialAction\":[{\"@type\":\"SearchAction\",\"target\":{\"@type\":\"EntryPoint\",\"urlTemplate\":\"https:\/\/www.pmpf.rs.gov.br\/transparencia\/?s={search_term_string}\"},\"query-input\":{\"@type\":\"PropertyValueSpecification\",\"valueRequired\":true,\"valueName\":\"search_term_string\"}}],\"inLanguage\":\"pt-BR\"}]}<\/script>\n<!-- \/ Yoast SEO plugin. -->","yoast_head_json":{"title":"Ano 2024 - Transpar\u00eancia","robots":{"index":"index","follow":"follow","max-snippet":"max-snippet:-1","max-image-preview":"max-image-preview:large","max-video-preview":"max-video-preview:-1"},"canonical":"https:\/\/www.pmpf.rs.gov.br\/transparencia\/lei-orcamentaria-anual-loa\/ano-2024\/","og_locale":"pt_BR","og_type":"article","og_title":"Ano 2024 - Transpar\u00eancia","og_description":"Nome Arquivo Lei 5.851\/2023 Sum\u00e1rio Anexo I &#8211; Receita e Despesa Anexo II &#8211; Receita Anexo II &#8211; Despesa Anexo II &#8211; Despesa por \u00f3rg\u00e3o Anexo VI &#8211; Despesa detalhamento Anexo VII [&hellip;]","og_url":"https:\/\/www.pmpf.rs.gov.br\/transparencia\/lei-orcamentaria-anual-loa\/ano-2024\/","og_site_name":"Transpar\u00eancia","article_modified_time":"2023-12-29T16:38:42+00:00","og_image":[{"url":"https:\/\/www.pmpf.rs.gov.br\/transparencia\/wp-content\/uploads\/sites\/31\/2021\/12\/IcBaselineDownloadForOffline.svg"}],"twitter_card":"summary_large_image","twitter_misc":{"Est. tempo de leitura":"3 minutos"},"schema":{"@context":"https:\/\/schema.org","@graph":[{"@type":"WebPage","@id":"https:\/\/www.pmpf.rs.gov.br\/transparencia\/lei-orcamentaria-anual-loa\/ano-2024\/","url":"https:\/\/www.pmpf.rs.gov.br\/transparencia\/lei-orcamentaria-anual-loa\/ano-2024\/","name":"Ano 2024 - Transpar\u00eancia","isPartOf":{"@id":"https:\/\/www.pmpf.rs.gov.br\/transparencia\/#website"},"primaryImageOfPage":{"@id":"https:\/\/www.pmpf.rs.gov.br\/transparencia\/lei-orcamentaria-anual-loa\/ano-2024\/#primaryimage"},"image":{"@id":"https:\/\/www.pmpf.rs.gov.br\/transparencia\/lei-orcamentaria-anual-loa\/ano-2024\/#primaryimage"},"thumbnailUrl":"https:\/\/www.pmpf.rs.gov.br\/transparencia\/wp-content\/uploads\/sites\/31\/2021\/12\/IcBaselineDownloadForOffline.svg","datePublished":"2023-10-06T14:21:43+00:00","dateModified":"2023-12-29T16:38:42+00:00","breadcrumb":{"@id":"https:\/\/www.pmpf.rs.gov.br\/transparencia\/lei-orcamentaria-anual-loa\/ano-2024\/#breadcrumb"},"inLanguage":"pt-BR","potentialAction":[{"@type":"ReadAction","target":["https:\/\/www.pmpf.rs.gov.br\/transparencia\/lei-orcamentaria-anual-loa\/ano-2024\/"]}]},{"@type":"ImageObject","inLanguage":"pt-BR","@id":"https:\/\/www.pmpf.rs.gov.br\/transparencia\/lei-orcamentaria-anual-loa\/ano-2024\/#primaryimage","url":"https:\/\/www.pmpf.rs.gov.br\/transparencia\/wp-content\/uploads\/sites\/31\/2021\/12\/IcBaselineDownloadForOffline.svg","contentUrl":"https:\/\/www.pmpf.rs.gov.br\/transparencia\/wp-content\/uploads\/sites\/31\/2021\/12\/IcBaselineDownloadForOffline.svg","width":24,"height":24},{"@type":"BreadcrumbList","@id":"https:\/\/www.pmpf.rs.gov.br\/transparencia\/lei-orcamentaria-anual-loa\/ano-2024\/#breadcrumb","itemListElement":[{"@type":"ListItem","position":1,"name":"Lei Or\u00e7ament\u00e1ria Anual (LOA)","item":"https:\/\/www.pmpf.rs.gov.br\/transparencia\/lei-orcamentaria-anual-loa\/"},{"@type":"ListItem","position":2,"name":"Ano 2024"}]},{"@type":"WebSite","@id":"https:\/\/www.pmpf.rs.gov.br\/transparencia\/#website","url":"https:\/\/www.pmpf.rs.gov.br\/transparencia\/","name":"Transpar\u00eancia","description":"S\u00f3 mais um site Prefeitura de Passo Fundo","potentialAction":[{"@type":"SearchAction","target":{"@type":"EntryPoint","urlTemplate":"https:\/\/www.pmpf.rs.gov.br\/transparencia\/?s={search_term_string}"},"query-input":{"@type":"PropertyValueSpecification","valueRequired":true,"valueName":"search_term_string"}}],"inLanguage":"pt-BR"}]}},"_links":{"self":[{"href":"https:\/\/www.pmpf.rs.gov.br\/transparencia\/wp-json\/wp\/v2\/pages\/6732"}],"collection":[{"href":"https:\/\/www.pmpf.rs.gov.br\/transparencia\/wp-json\/wp\/v2\/pages"}],"about":[{"href":"https:\/\/www.pmpf.rs.gov.br\/transparencia\/wp-json\/wp\/v2\/types\/page"}],"author":[{"embeddable":true,"href":"https:\/\/www.pmpf.rs.gov.br\/transparencia\/wp-json\/wp\/v2\/users\/4"}],"replies":[{"embeddable":true,"href":"https:\/\/www.pmpf.rs.gov.br\/transparencia\/wp-json\/wp\/v2\/comments?post=6732"}],"version-history":[{"count":5,"href":"https:\/\/www.pmpf.rs.gov.br\/transparencia\/wp-json\/wp\/v2\/pages\/6732\/revisions"}],"predecessor-version":[{"id":7012,"href":"https:\/\/www.pmpf.rs.gov.br\/transparencia\/wp-json\/wp\/v2\/pages\/6732\/revisions\/7012"}],"up":[{"embeddable":true,"href":"https:\/\/www.pmpf.rs.gov.br\/transparencia\/wp-json\/wp\/v2\/pages\/1801"}],"wp:attachment":[{"href":"https:\/\/www.pmpf.rs.gov.br\/transparencia\/wp-json\/wp\/v2\/media?parent=6732"}],"curies":[{"name":"wp","href":"https:\/\/api.w.org\/{rel}","templated":true}]}}