{"id":6092,"date":"2023-05-30T08:54:20","date_gmt":"2023-05-30T11:54:20","guid":{"rendered":"https:\/\/www.pmpf.rs.gov.br\/transparencia\/?page_id=6092"},"modified":"2024-01-26T16:22:09","modified_gmt":"2024-01-26T19:22:09","slug":"ano-2023","status":"publish","type":"page","link":"https:\/\/www.pmpf.rs.gov.br\/transparencia\/relatorio-de-gestao-fiscal\/ano-2023\/","title":{"rendered":"Ano 2023"},"content":{"rendered":"\n<h2 class=\"wp-block-heading\">Relat\u00f3rio de Gest\u00e3o Fiscal &#8211; RGF<\/h2>\n\n\n\n<h3 class=\"wp-block-heading\">RGF 2023 &#8211; Demonstrativo de Despesas com Pessoal<\/h3>\n\n\n\n<ul class=\"wp-block-list\">\n<li><a href=\"https:\/\/www.pmpf.rs.gov.br\/transparencia\/wp-content\/uploads\/sites\/31\/2023\/05\/rgf2023_despesa_com_Pessoal_1quad.pdf\" target=\"_blank\" rel=\"noreferrer noopener\">1\u00b0 Quadrimestre<\/a><\/li>\n\n\n\n<li><a href=\"https:\/\/www.pmpf.rs.gov.br\/transparencia\/wp-content\/uploads\/sites\/31\/2023\/10\/rgf2023_despesa_com_pessoal_2quad.pdf\" target=\"_blank\" rel=\"noreferrer noopener\">2\u00ba Quadrimestre<\/a><\/li>\n\n\n\n<li><a href=\"https:\/\/www.pmpf.rs.gov.br\/transparencia\/wp-content\/uploads\/sites\/31\/2024\/01\/RGF-A1-Despesa-com-Pessoal-3o-QUAD-2023.pdf\" target=\"_blank\" rel=\"noreferrer noopener\">3\u00ba Quadrimestre<\/a><\/li>\n<\/ul>\n\n\n\n<h3 class=\"wp-block-heading\">RGF 2023 &#8211; Demonstrativo de D\u00edvida Consolidada L\u00edquida<\/h3>\n\n\n\n<ul class=\"wp-block-list\">\n<li><a href=\"https:\/\/www.pmpf.rs.gov.br\/transparencia\/wp-content\/uploads\/sites\/31\/2023\/05\/rgf2023_dcl_1quad.pdf\" target=\"_blank\" rel=\"noreferrer noopener\">1\u00b0 Quadrimestre<\/a><\/li>\n\n\n\n<li><a href=\"https:\/\/www.pmpf.rs.gov.br\/transparencia\/wp-content\/uploads\/sites\/31\/2023\/10\/rgf2023_dcl_2quad.pdf\" target=\"_blank\" rel=\"noreferrer noopener\">2\u00ba Quadrimestre<\/a><\/li>\n\n\n\n<li><a href=\"https:\/\/www.pmpf.rs.gov.br\/transparencia\/wp-content\/uploads\/sites\/31\/2024\/01\/RGF-A2-DCL-3o-QUAD-2023.pdf\" target=\"_blank\" rel=\"noreferrer noopener\">3\u00ba Quadrimestre<\/a><\/li>\n<\/ul>\n\n\n\n<h3 class=\"wp-block-heading\">RGF 2023 &#8211; Demonstrativo Simplificado<\/h3>\n\n\n\n<ul class=\"wp-block-list\">\n<li><a href=\"https:\/\/www.pmpf.rs.gov.br\/transparencia\/wp-content\/uploads\/sites\/31\/2023\/05\/rgf2023_simplificado_1quad.pdf\" target=\"_blank\" rel=\"noreferrer noopener\">1\u00b0 Quadrimestre<\/a><\/li>\n\n\n\n<li><a href=\"https:\/\/www.pmpf.rs.gov.br\/transparencia\/wp-content\/uploads\/sites\/31\/2023\/10\/rgf2023_simplificado_2quad.pdf\" target=\"_blank\" rel=\"noreferrer noopener\">2\u00ba Quadrimestre<\/a><\/li>\n\n\n\n<li><a href=\"https:\/\/www.pmpf.rs.gov.br\/transparencia\/wp-content\/uploads\/sites\/31\/2024\/01\/RGF-A6-Simplificado3o-QUAD-2023.pdf\" target=\"_blank\" rel=\"noreferrer noopener\">3\u00ba Quadrimestre<\/a><\/li>\n<\/ul>\n\n\n\n<h3 class=\"wp-block-heading\">RGF 2023 &#8211; Demonstrativo das Opera\u00e7\u00f5es de Cr\u00e9dito<\/h3>\n\n\n\n<ul class=\"wp-block-list\">\n<li><a href=\"https:\/\/www.pmpf.rs.gov.br\/transparencia\/wp-content\/uploads\/sites\/31\/2023\/05\/rgf2023_operacoes_credito_1quad.pdf\" target=\"_blank\" rel=\"noreferrer noopener\">1\u00b0 Quadrimestre<\/a><\/li>\n\n\n\n<li><a href=\"https:\/\/www.pmpf.rs.gov.br\/transparencia\/wp-content\/uploads\/sites\/31\/2023\/10\/rgf2023_operacoes_credito_2quad.pdf\" target=\"_blank\" rel=\"noreferrer noopener\">2\u00ba Quadrimestre<\/a><\/li>\n\n\n\n<li><a href=\"https:\/\/www.pmpf.rs.gov.br\/transparencia\/wp-content\/uploads\/sites\/31\/2024\/01\/RGF-A4-Operacoes-de-Credito-3o-QUAD-2023.pdf\" target=\"_blank\" rel=\"noreferrer noopener\">3\u00ba Quadrimestre<\/a><\/li>\n<\/ul>\n\n\n\n<h3 class=\"wp-block-heading\">RGF 2023 &#8211; Demonstrativo das Garantias de Valores<\/h3>\n\n\n\n<ul class=\"wp-block-list\">\n<li><a href=\"https:\/\/www.pmpf.rs.gov.br\/transparencia\/wp-content\/uploads\/sites\/31\/2023\/05\/rgf2023_garantias_contragar_1quad.pdf\" target=\"_blank\" rel=\"noreferrer noopener\">1\u00b0 Quadrimestre<\/a><\/li>\n\n\n\n<li><a href=\"https:\/\/www.pmpf.rs.gov.br\/transparencia\/wp-content\/uploads\/sites\/31\/2023\/10\/rgf2023_garantias_contragar_2quad.pdf\" target=\"_blank\" rel=\"noreferrer noopener\">2\u00ba Quadrimestre<\/a><\/li>\n\n\n\n<li><a href=\"https:\/\/www.pmpf.rs.gov.br\/transparencia\/wp-content\/uploads\/sites\/31\/2024\/01\/RGF-A3-Garantias-e-Contragar.-3o-QUAD-2023.pdf\" target=\"_blank\" rel=\"noreferrer noopener\">3\u00ba Quadrimestre<\/a><\/li>\n<\/ul>\n\n\n\n<h3 class=\"wp-block-heading\">RGF 2023 &#8211; Demonstrativo da Disponibilidade de Caixa e dos Restos a Pagar<\/h3>\n\n\n\n<ul class=\"wp-block-list\">\n<li><a href=\"https:\/\/www.pmpf.rs.gov.br\/transparencia\/wp-content\/uploads\/sites\/31\/2023\/05\/rgf2023_disp_caixa_restos_pagar_1quad.pdf\" target=\"_blank\" rel=\"noreferrer noopener\">1\u00ba Quadrimestre<\/a><\/li>\n\n\n\n<li><a href=\"https:\/\/www.pmpf.rs.gov.br\/transparencia\/wp-content\/uploads\/sites\/31\/2023\/10\/rgf2023_disp_caixa_restos_pagar_2quad.pdf\" target=\"_blank\" rel=\"noreferrer noopener\">2\u00ba Quadrimestre<\/a><\/li>\n\n\n\n<li><a href=\"https:\/\/www.pmpf.rs.gov.br\/transparencia\/wp-content\/uploads\/sites\/31\/2024\/01\/RGF-A5-Disp.-Caixa-e-Restos-Pagar-3o-QUAD-2023.pdf\" target=\"_blank\" rel=\"noreferrer noopener\">3\u00ba Quadrimestre<\/a><\/li>\n<\/ul>\n","protected":false},"excerpt":{"rendered":"<p>Relat\u00f3rio de Gest\u00e3o Fiscal &#8211; RGF RGF 2023 &#8211; Demonstrativo de Despesas com Pessoal RGF 2023 &#8211; Demonstrativo de D\u00edvida Consolidada L\u00edquida RGF 2023 &#8211; Demonstrativo Simplificado RGF 2023 &#8211; Demonstrativo das [&hellip;]<\/p>\n","protected":false},"author":4,"featured_media":0,"parent":2168,"menu_order":38,"comment_status":"closed","ping_status":"closed","template":"","meta":{"footnotes":""},"class_list":["post-6092","page","type-page","status-publish","hentry"],"yoast_head":"<!-- This site is optimized with the Yoast SEO plugin v23.8 - https:\/\/yoast.com\/wordpress\/plugins\/seo\/ -->\n<title>Ano 2023 - Transpar\u00eancia<\/title>\n<meta name=\"robots\" content=\"index, follow, max-snippet:-1, max-image-preview:large, max-video-preview:-1\" \/>\n<link rel=\"canonical\" href=\"https:\/\/www.pmpf.rs.gov.br\/transparencia\/relatorio-de-gestao-fiscal\/ano-2023\/\" \/>\n<meta property=\"og:locale\" content=\"pt_BR\" \/>\n<meta property=\"og:type\" content=\"article\" \/>\n<meta property=\"og:title\" content=\"Ano 2023 - Transpar\u00eancia\" \/>\n<meta property=\"og:description\" content=\"Relat\u00f3rio de Gest\u00e3o Fiscal &#8211; RGF RGF 2023 &#8211; Demonstrativo de Despesas com Pessoal RGF 2023 &#8211; Demonstrativo de D\u00edvida Consolidada L\u00edquida RGF 2023 &#8211; Demonstrativo Simplificado RGF 2023 &#8211; Demonstrativo das [&hellip;]\" \/>\n<meta property=\"og:url\" content=\"https:\/\/www.pmpf.rs.gov.br\/transparencia\/relatorio-de-gestao-fiscal\/ano-2023\/\" \/>\n<meta property=\"og:site_name\" content=\"Transpar\u00eancia\" \/>\n<meta property=\"article:modified_time\" content=\"2024-01-26T19:22:09+00:00\" \/>\n<meta name=\"twitter:card\" content=\"summary_large_image\" \/>\n<meta name=\"twitter:label1\" content=\"Est. tempo de leitura\" \/>\n\t<meta name=\"twitter:data1\" content=\"1 minuto\" \/>\n<script type=\"application\/ld+json\" class=\"yoast-schema-graph\">{\"@context\":\"https:\/\/schema.org\",\"@graph\":[{\"@type\":\"WebPage\",\"@id\":\"https:\/\/www.pmpf.rs.gov.br\/transparencia\/relatorio-de-gestao-fiscal\/ano-2023\/\",\"url\":\"https:\/\/www.pmpf.rs.gov.br\/transparencia\/relatorio-de-gestao-fiscal\/ano-2023\/\",\"name\":\"Ano 2023 - Transpar\u00eancia\",\"isPartOf\":{\"@id\":\"https:\/\/www.pmpf.rs.gov.br\/transparencia\/#website\"},\"datePublished\":\"2023-05-30T11:54:20+00:00\",\"dateModified\":\"2024-01-26T19:22:09+00:00\",\"breadcrumb\":{\"@id\":\"https:\/\/www.pmpf.rs.gov.br\/transparencia\/relatorio-de-gestao-fiscal\/ano-2023\/#breadcrumb\"},\"inLanguage\":\"pt-BR\",\"potentialAction\":[{\"@type\":\"ReadAction\",\"target\":[\"https:\/\/www.pmpf.rs.gov.br\/transparencia\/relatorio-de-gestao-fiscal\/ano-2023\/\"]}]},{\"@type\":\"BreadcrumbList\",\"@id\":\"https:\/\/www.pmpf.rs.gov.br\/transparencia\/relatorio-de-gestao-fiscal\/ano-2023\/#breadcrumb\",\"itemListElement\":[{\"@type\":\"ListItem\",\"position\":1,\"name\":\"Relat\u00f3rio de Gest\u00e3o Fiscal\",\"item\":\"https:\/\/www.pmpf.rs.gov.br\/transparencia\/relatorio-de-gestao-fiscal\/\"},{\"@type\":\"ListItem\",\"position\":2,\"name\":\"Ano 2023\"}]},{\"@type\":\"WebSite\",\"@id\":\"https:\/\/www.pmpf.rs.gov.br\/transparencia\/#website\",\"url\":\"https:\/\/www.pmpf.rs.gov.br\/transparencia\/\",\"name\":\"Transpar\u00eancia\",\"description\":\"S\u00f3 mais um site Prefeitura de Passo Fundo\",\"potentialAction\":[{\"@type\":\"SearchAction\",\"target\":{\"@type\":\"EntryPoint\",\"urlTemplate\":\"https:\/\/www.pmpf.rs.gov.br\/transparencia\/?s={search_term_string}\"},\"query-input\":{\"@type\":\"PropertyValueSpecification\",\"valueRequired\":true,\"valueName\":\"search_term_string\"}}],\"inLanguage\":\"pt-BR\"}]}<\/script>\n<!-- \/ Yoast SEO plugin. -->","yoast_head_json":{"title":"Ano 2023 - Transpar\u00eancia","robots":{"index":"index","follow":"follow","max-snippet":"max-snippet:-1","max-image-preview":"max-image-preview:large","max-video-preview":"max-video-preview:-1"},"canonical":"https:\/\/www.pmpf.rs.gov.br\/transparencia\/relatorio-de-gestao-fiscal\/ano-2023\/","og_locale":"pt_BR","og_type":"article","og_title":"Ano 2023 - Transpar\u00eancia","og_description":"Relat\u00f3rio de Gest\u00e3o Fiscal &#8211; RGF RGF 2023 &#8211; Demonstrativo de Despesas com Pessoal RGF 2023 &#8211; Demonstrativo de D\u00edvida Consolidada L\u00edquida RGF 2023 &#8211; Demonstrativo Simplificado RGF 2023 &#8211; Demonstrativo das [&hellip;]","og_url":"https:\/\/www.pmpf.rs.gov.br\/transparencia\/relatorio-de-gestao-fiscal\/ano-2023\/","og_site_name":"Transpar\u00eancia","article_modified_time":"2024-01-26T19:22:09+00:00","twitter_card":"summary_large_image","twitter_misc":{"Est. tempo de leitura":"1 minuto"},"schema":{"@context":"https:\/\/schema.org","@graph":[{"@type":"WebPage","@id":"https:\/\/www.pmpf.rs.gov.br\/transparencia\/relatorio-de-gestao-fiscal\/ano-2023\/","url":"https:\/\/www.pmpf.rs.gov.br\/transparencia\/relatorio-de-gestao-fiscal\/ano-2023\/","name":"Ano 2023 - Transpar\u00eancia","isPartOf":{"@id":"https:\/\/www.pmpf.rs.gov.br\/transparencia\/#website"},"datePublished":"2023-05-30T11:54:20+00:00","dateModified":"2024-01-26T19:22:09+00:00","breadcrumb":{"@id":"https:\/\/www.pmpf.rs.gov.br\/transparencia\/relatorio-de-gestao-fiscal\/ano-2023\/#breadcrumb"},"inLanguage":"pt-BR","potentialAction":[{"@type":"ReadAction","target":["https:\/\/www.pmpf.rs.gov.br\/transparencia\/relatorio-de-gestao-fiscal\/ano-2023\/"]}]},{"@type":"BreadcrumbList","@id":"https:\/\/www.pmpf.rs.gov.br\/transparencia\/relatorio-de-gestao-fiscal\/ano-2023\/#breadcrumb","itemListElement":[{"@type":"ListItem","position":1,"name":"Relat\u00f3rio de Gest\u00e3o Fiscal","item":"https:\/\/www.pmpf.rs.gov.br\/transparencia\/relatorio-de-gestao-fiscal\/"},{"@type":"ListItem","position":2,"name":"Ano 2023"}]},{"@type":"WebSite","@id":"https:\/\/www.pmpf.rs.gov.br\/transparencia\/#website","url":"https:\/\/www.pmpf.rs.gov.br\/transparencia\/","name":"Transpar\u00eancia","description":"S\u00f3 mais um site Prefeitura de Passo Fundo","potentialAction":[{"@type":"SearchAction","target":{"@type":"EntryPoint","urlTemplate":"https:\/\/www.pmpf.rs.gov.br\/transparencia\/?s={search_term_string}"},"query-input":{"@type":"PropertyValueSpecification","valueRequired":true,"valueName":"search_term_string"}}],"inLanguage":"pt-BR"}]}},"_links":{"self":[{"href":"https:\/\/www.pmpf.rs.gov.br\/transparencia\/wp-json\/wp\/v2\/pages\/6092"}],"collection":[{"href":"https:\/\/www.pmpf.rs.gov.br\/transparencia\/wp-json\/wp\/v2\/pages"}],"about":[{"href":"https:\/\/www.pmpf.rs.gov.br\/transparencia\/wp-json\/wp\/v2\/types\/page"}],"author":[{"embeddable":true,"href":"https:\/\/www.pmpf.rs.gov.br\/transparencia\/wp-json\/wp\/v2\/users\/4"}],"replies":[{"embeddable":true,"href":"https:\/\/www.pmpf.rs.gov.br\/transparencia\/wp-json\/wp\/v2\/comments?post=6092"}],"version-history":[{"count":13,"href":"https:\/\/www.pmpf.rs.gov.br\/transparencia\/wp-json\/wp\/v2\/pages\/6092\/revisions"}],"predecessor-version":[{"id":7079,"href":"https:\/\/www.pmpf.rs.gov.br\/transparencia\/wp-json\/wp\/v2\/pages\/6092\/revisions\/7079"}],"up":[{"embeddable":true,"href":"https:\/\/www.pmpf.rs.gov.br\/transparencia\/wp-json\/wp\/v2\/pages\/2168"}],"wp:attachment":[{"href":"https:\/\/www.pmpf.rs.gov.br\/transparencia\/wp-json\/wp\/v2\/media?parent=6092"}],"curies":[{"name":"wp","href":"https:\/\/api.w.org\/{rel}","templated":true}]}}