{"id":4451,"date":"2022-03-28T10:05:49","date_gmt":"2022-03-28T13:05:49","guid":{"rendered":"https:\/\/www.pmpf.rs.gov.br\/transparencia\/?page_id=4451"},"modified":"2026-03-30T15:30:12","modified_gmt":"2026-03-30T18:30:12","slug":"fundeb","status":"publish","type":"page","link":"https:\/\/www.pmpf.rs.gov.br\/transparencia\/fundeb\/","title":{"rendered":"Demonstrativo das Receitas e Despesas do FUNDEB"},"content":{"rendered":"\n<p>Fundo de Manuten\u00e7\u00e3o e Desenvolvimento da Educa\u00e7\u00e3o B\u00e1sica e de Valoriza\u00e7\u00e3o dos Profissionais da Educa\u00e7\u00e3o<\/p>\n\n\n\n<h3 class=\"wp-block-heading\">2026<\/h3>\n\n\n\n<p><a href=\"https:\/\/www.pmpf.rs.gov.br\/transparencia\/wp-content\/uploads\/sites\/31\/2026\/03\/fundeb-1bim2026.pdf\" target=\"_blank\" rel=\"noreferrer noopener\">1\u00ba Bimestre 2026<\/a><\/p>\n\n\n\n<h3 class=\"wp-block-heading\">2025<\/h3>\n\n\n\n<p><a href=\"https:\/\/www.pmpf.rs.gov.br\/transparencia\/wp-content\/uploads\/sites\/31\/2026\/02\/fundeb-6bim-2025.pdf\" target=\"_blank\" rel=\"noreferrer noopener\">6\u00b0 Bimestre 2026<\/a><\/p>\n\n\n\n<p><a href=\"https:\/\/www.pmpf.rs.gov.br\/transparencia\/wp-content\/uploads\/sites\/31\/2025\/12\/fundeb-5bin-2025.pdf\" target=\"_blank\" rel=\"noreferrer noopener\">5\u00ba Bimestre 2025<\/a><\/p>\n\n\n\n<p><a href=\"https:\/\/www.pmpf.rs.gov.br\/transparencia\/wp-content\/uploads\/sites\/31\/2025\/10\/fundeb-4bim-2025.pdf\" target=\"_blank\" rel=\"noreferrer noopener\">4\u00ba Bimestre 2025<\/a><\/p>\n\n\n\n<p><a href=\"https:\/\/www.pmpf.rs.gov.br\/transparencia\/wp-content\/uploads\/sites\/31\/2025\/08\/fundeb-3bim-2025.pdf\" target=\"_blank\" rel=\"noreferrer noopener\">3\u00ba Bimestre 2025<\/a><\/p>\n\n\n\n<p><a href=\"https:\/\/www.pmpf.rs.gov.br\/transparencia\/wp-content\/uploads\/sites\/31\/2025\/08\/fundeb-2bim-2025.pdf\" target=\"_blank\" rel=\"noreferrer noopener\">2\u00ba Bimestre 2025<\/a><\/p>\n\n\n\n<p><a href=\"https:\/\/www.pmpf.rs.gov.br\/transparencia\/wp-content\/uploads\/sites\/31\/2025\/08\/fundeb-1bim-2025.pdf\" target=\"_blank\" rel=\"noreferrer noopener\">1\u00ba Bimestre 2025<\/a><\/p>\n\n\n\n<h3 class=\"wp-block-heading\">2024<\/h3>\n\n\n\n<p><a href=\"https:\/\/www.pmpf.rs.gov.br\/transparencia\/wp-content\/uploads\/sites\/31\/2025\/08\/fundeb-6bim-2024.pdf\" target=\"_blank\" rel=\"noreferrer noopener\">6\u00ba Bimestre 2024<\/a><\/p>\n\n\n\n<p><a href=\"https:\/\/www.pmpf.rs.gov.br\/transparencia\/wp-content\/uploads\/sites\/31\/2024\/12\/fundeb-5bim-2024.pdf\" target=\"_blank\" rel=\"noreferrer noopener\">5\u00ba Bimestre 2024<\/a><\/p>\n\n\n\n<p><a href=\"https:\/\/www.pmpf.rs.gov.br\/transparencia\/wp-content\/uploads\/sites\/31\/2024\/10\/fundeb-4bim-2024.pdf\" target=\"_blank\" rel=\"noreferrer noopener\">4\u00ba Bimestre 2024<\/a><\/p>\n\n\n\n<p><a href=\"https:\/\/www.pmpf.rs.gov.br\/transparencia\/wp-content\/uploads\/sites\/31\/2024\/07\/fundeb-3bim-2024.pdf\" target=\"_blank\" rel=\"noreferrer noopener\">3\u00b0 Bimestre 2024<\/a><\/p>\n\n\n\n<p><a href=\"https:\/\/www.pmpf.rs.gov.br\/transparencia\/wp-content\/uploads\/sites\/31\/2026\/01\/demonstrativo_FUNDEB_2024_bim2.pdf\" target=\"_blank\" rel=\"noreferrer noopener\">2\u00ba Bimestre 2024<\/a><\/p>\n\n\n\n<p><a href=\"https:\/\/www.pmpf.rs.gov.br\/transparencia\/wp-content\/uploads\/sites\/31\/2024\/04\/fundeb-1bim-2024.pdf.pdf\" target=\"_blank\" rel=\"noreferrer noopener\">1\u00ba Bimestre 2024<\/a><\/p>\n\n\n\n<h3 class=\"wp-block-heading\">2023<\/h3>\n\n\n\n<p><a href=\"https:\/\/www.pmpf.rs.gov.br\/transparencia\/wp-content\/uploads\/sites\/31\/2024\/04\/fundeb-6bim-2023.pdf.pdf\" target=\"_blank\" rel=\"noreferrer noopener\">6\u00ba Bimestre 2023<\/a><\/p>\n\n\n\n<p><a href=\"https:\/\/www.pmpf.rs.gov.br\/transparencia\/wp-content\/uploads\/sites\/31\/2026\/01\/demonstrativo_FUNDEB_2023_bim5.pdf\" target=\"_blank\" rel=\"noreferrer noopener\">5\u00ba Bimestre 2023<\/a><\/p>\n\n\n\n<p><a href=\"https:\/\/www.pmpf.rs.gov.br\/transparencia\/wp-content\/uploads\/sites\/31\/2023\/10\/fundeb-4bim-2023.pdf\" target=\"_blank\" rel=\"noreferrer noopener\">4\u00ba Bimestre 2023<\/a><\/p>\n\n\n\n<p><a href=\"https:\/\/www.pmpf.rs.gov.br\/transparencia\/wp-content\/uploads\/sites\/31\/2026\/01\/demonstrativo_FUNDEB_2023_bim3.pdf\" target=\"_blank\" rel=\"noreferrer noopener\">3\u00ba Bimestre 2023<\/a><\/p>\n\n\n\n<p><a href=\"https:\/\/www.pmpf.rs.gov.br\/transparencia\/wp-content\/uploads\/sites\/31\/2023\/06\/fundeb_2bim_2023.pdf\" target=\"_blank\" rel=\"noreferrer noopener\">2\u00ba Bimestre 2023<\/a><\/p>\n\n\n\n<p><a href=\"https:\/\/www.pmpf.rs.gov.br\/esportes\/wp-content\/uploads\/sites\/44\/2022\/02\/fundeb_1bim_2023.pdf\" target=\"_blank\" rel=\"noreferrer noopener\">1\u00ba Bimestre 2023<\/a><\/p>\n\n\n\n<h3 class=\"wp-block-heading\">2022<\/h3>\n\n\n\n<p><a href=\"https:\/\/www.pmpf.rs.gov.br\/transparencia\/wp-content\/uploads\/sites\/31\/2026\/01\/demonstrativo_FUNDEB_2022_bim6.pdf\" target=\"_blank\" rel=\"noreferrer noopener\">6\u00ba Bimestre 2022<\/a><\/p>\n\n\n\n<p><a href=\"https:\/\/www.pmpf.rs.gov.br\/transparencia\/wp-content\/uploads\/sites\/31\/2026\/01\/demonstrativo_FUNDEB_2022_bim5.pdf\" target=\"_blank\" rel=\"noreferrer noopener\">5\u00ba Bimestre 2022<\/a><\/p>\n\n\n\n<p><a href=\"https:\/\/www.pmpf.rs.gov.br\/transparencia\/wp-content\/uploads\/sites\/31\/2022\/10\/fundeb_4bim_2022.pdf\" target=\"_blank\" rel=\"noreferrer noopener\">4\u00ba Bimestre 202<\/a><a href=\"https:\/\/www.pmpf.rs.gov.br\/transparencia\/wp-content\/uploads\/sites\/31\/2022\/10\/fundeb_4bim_2022.pdf\">2<\/a><\/p>\n\n\n\n<p><a href=\"https:\/\/www.pmpf.rs.gov.br\/transparencia\/wp-content\/uploads\/sites\/31\/2022\/07\/demonstrativo_FUNDEB_2022_3.pdf\" target=\"_blank\" rel=\"noreferrer noopener\">3\u00ba Bimestre\/2022<\/a><\/p>\n\n\n\n<p><a href=\"https:\/\/www.pmpf.rs.gov.br\/transparencia\/wp-content\/uploads\/sites\/31\/2022\/07\/demonstrativo_FUNDEB_2022_2.pdf\" target=\"_blank\" rel=\"noreferrer noopener\">2\u00ba Bimestre\/2022<\/a><\/p>\n\n\n\n<p><a href=\"https:\/\/www.pmpf.rs.gov.br\/transparencia\/wp-content\/uploads\/sites\/31\/2022\/06\/Demonstrativo-do-FUNDEB-1o-bim-2022.pdf\" target=\"_blank\" rel=\"noreferrer noopener\">1\u00b0 Bimestre\/2022<\/a><\/p>\n\n\n\n<h3 class=\"wp-block-heading\">2021<\/h3>\n\n\n\n<p><a href=\"https:\/\/www.pmpf.rs.gov.br\/transparencia\/wp-content\/uploads\/sites\/31\/2022\/03\/demonstrativo_FUNDEB_2021_2.pdf\" target=\"_blank\" rel=\"noreferrer noopener\">6\u00ba Bimestre<\/a><\/p>\n\n\n\n<p><a href=\"https:\/\/www.pmpf.rs.gov.br\/transparencia\/wp-content\/uploads\/sites\/31\/2026\/01\/demonstrativo_FUNDEB_2021_bim5.pdf\" target=\"_blank\" rel=\"noreferrer noopener\">5\u00ba Bimestre<\/a><\/p>\n\n\n\n<p><a href=\"https:\/\/www.pmpf.rs.gov.br\/transparencia\/wp-content\/uploads\/sites\/31\/2026\/01\/demonstrativo_FUNDEB_2021_bim4.pdf\" target=\"_blank\" rel=\"noreferrer noopener\">4\u00ba Bimestre<\/a><\/p>\n\n\n\n<p><a href=\"https:\/\/www.pmpf.rs.gov.br\/transparencia\/wp-content\/uploads\/sites\/31\/2026\/01\/demonstrativo_FUNDEB_2021_bim3.pdf\" target=\"_blank\" rel=\"noreferrer noopener\">3\u00ba Bimestre<\/a><\/p>\n\n\n\n<p><a href=\"https:\/\/www.pmpf.rs.gov.br\/transparencia\/wp-content\/uploads\/sites\/31\/2026\/01\/demonstrativo_FUNDEB_2021_bim2.pdf\" target=\"_blank\" rel=\"noreferrer noopener\">2\u00ba Bimestre<\/a><\/p>\n\n\n\n<p><a href=\"https:\/\/www.pmpf.rs.gov.br\/transparencia\/wp-content\/uploads\/sites\/31\/2026\/01\/demonstrativo_FUNDEB_2021_bim1.pdf\" target=\"_blank\" rel=\"noreferrer noopener\">1\u00ba Bimestre<\/a><\/p>\n\n\n\n<hr class=\"wp-block-separator has-alpha-channel-opacity\"\/>\n","protected":false},"excerpt":{"rendered":"<p>Fundo de Manuten\u00e7\u00e3o e Desenvolvimento da Educa\u00e7\u00e3o B\u00e1sica e de Valoriza\u00e7\u00e3o dos Profissionais da Educa\u00e7\u00e3o 2026 1\u00ba Bimestre 2026 2025 6\u00b0 Bimestre 2026 5\u00ba Bimestre 2025 4\u00ba Bimestre 2025 3\u00ba Bimestre 2025 [&hellip;]<\/p>\n","protected":false},"author":4,"featured_media":0,"parent":0,"menu_order":10,"comment_status":"closed","ping_status":"closed","template":"","meta":{"footnotes":""},"class_list":["post-4451","page","type-page","status-publish","hentry"],"yoast_head":"<!-- This site is optimized with the Yoast SEO plugin v23.8 - https:\/\/yoast.com\/wordpress\/plugins\/seo\/ -->\n<title>Demonstrativo das Receitas e Despesas do FUNDEB - Transpar\u00eancia<\/title>\n<meta name=\"robots\" content=\"index, follow, max-snippet:-1, max-image-preview:large, max-video-preview:-1\" \/>\n<link rel=\"canonical\" href=\"https:\/\/www.pmpf.rs.gov.br\/transparencia\/fundeb\/\" \/>\n<meta property=\"og:locale\" content=\"pt_BR\" \/>\n<meta property=\"og:type\" content=\"article\" \/>\n<meta property=\"og:title\" content=\"Demonstrativo das Receitas e Despesas do FUNDEB - Transpar\u00eancia\" \/>\n<meta property=\"og:description\" content=\"Fundo de Manuten\u00e7\u00e3o e Desenvolvimento da Educa\u00e7\u00e3o B\u00e1sica e de Valoriza\u00e7\u00e3o dos Profissionais da Educa\u00e7\u00e3o 2026 1\u00ba Bimestre 2026 2025 6\u00b0 Bimestre 2026 5\u00ba Bimestre 2025 4\u00ba Bimestre 2025 3\u00ba Bimestre 2025 [&hellip;]\" \/>\n<meta property=\"og:url\" content=\"https:\/\/www.pmpf.rs.gov.br\/transparencia\/fundeb\/\" \/>\n<meta property=\"og:site_name\" content=\"Transpar\u00eancia\" \/>\n<meta property=\"article:modified_time\" content=\"2026-03-30T18:30:12+00:00\" \/>\n<meta name=\"twitter:card\" content=\"summary_large_image\" \/>\n<script type=\"application\/ld+json\" class=\"yoast-schema-graph\">{\"@context\":\"https:\/\/schema.org\",\"@graph\":[{\"@type\":\"WebPage\",\"@id\":\"https:\/\/www.pmpf.rs.gov.br\/transparencia\/fundeb\/\",\"url\":\"https:\/\/www.pmpf.rs.gov.br\/transparencia\/fundeb\/\",\"name\":\"Demonstrativo das Receitas e Despesas do FUNDEB - Transpar\u00eancia\",\"isPartOf\":{\"@id\":\"https:\/\/www.pmpf.rs.gov.br\/transparencia\/#website\"},\"datePublished\":\"2022-03-28T13:05:49+00:00\",\"dateModified\":\"2026-03-30T18:30:12+00:00\",\"inLanguage\":\"pt-BR\",\"potentialAction\":[{\"@type\":\"ReadAction\",\"target\":[\"https:\/\/www.pmpf.rs.gov.br\/transparencia\/fundeb\/\"]}]},{\"@type\":\"WebSite\",\"@id\":\"https:\/\/www.pmpf.rs.gov.br\/transparencia\/#website\",\"url\":\"https:\/\/www.pmpf.rs.gov.br\/transparencia\/\",\"name\":\"Transpar\u00eancia\",\"description\":\"S\u00f3 mais um site Prefeitura de Passo Fundo\",\"potentialAction\":[{\"@type\":\"SearchAction\",\"target\":{\"@type\":\"EntryPoint\",\"urlTemplate\":\"https:\/\/www.pmpf.rs.gov.br\/transparencia\/?s={search_term_string}\"},\"query-input\":{\"@type\":\"PropertyValueSpecification\",\"valueRequired\":true,\"valueName\":\"search_term_string\"}}],\"inLanguage\":\"pt-BR\"}]}<\/script>\n<!-- \/ Yoast SEO plugin. -->","yoast_head_json":{"title":"Demonstrativo das Receitas e Despesas do FUNDEB - Transpar\u00eancia","robots":{"index":"index","follow":"follow","max-snippet":"max-snippet:-1","max-image-preview":"max-image-preview:large","max-video-preview":"max-video-preview:-1"},"canonical":"https:\/\/www.pmpf.rs.gov.br\/transparencia\/fundeb\/","og_locale":"pt_BR","og_type":"article","og_title":"Demonstrativo das Receitas e Despesas do FUNDEB - Transpar\u00eancia","og_description":"Fundo de Manuten\u00e7\u00e3o e Desenvolvimento da Educa\u00e7\u00e3o B\u00e1sica e de Valoriza\u00e7\u00e3o dos Profissionais da Educa\u00e7\u00e3o 2026 1\u00ba Bimestre 2026 2025 6\u00b0 Bimestre 2026 5\u00ba Bimestre 2025 4\u00ba Bimestre 2025 3\u00ba Bimestre 2025 [&hellip;]","og_url":"https:\/\/www.pmpf.rs.gov.br\/transparencia\/fundeb\/","og_site_name":"Transpar\u00eancia","article_modified_time":"2026-03-30T18:30:12+00:00","twitter_card":"summary_large_image","schema":{"@context":"https:\/\/schema.org","@graph":[{"@type":"WebPage","@id":"https:\/\/www.pmpf.rs.gov.br\/transparencia\/fundeb\/","url":"https:\/\/www.pmpf.rs.gov.br\/transparencia\/fundeb\/","name":"Demonstrativo das Receitas e Despesas do FUNDEB - Transpar\u00eancia","isPartOf":{"@id":"https:\/\/www.pmpf.rs.gov.br\/transparencia\/#website"},"datePublished":"2022-03-28T13:05:49+00:00","dateModified":"2026-03-30T18:30:12+00:00","inLanguage":"pt-BR","potentialAction":[{"@type":"ReadAction","target":["https:\/\/www.pmpf.rs.gov.br\/transparencia\/fundeb\/"]}]},{"@type":"WebSite","@id":"https:\/\/www.pmpf.rs.gov.br\/transparencia\/#website","url":"https:\/\/www.pmpf.rs.gov.br\/transparencia\/","name":"Transpar\u00eancia","description":"S\u00f3 mais um site Prefeitura de Passo Fundo","potentialAction":[{"@type":"SearchAction","target":{"@type":"EntryPoint","urlTemplate":"https:\/\/www.pmpf.rs.gov.br\/transparencia\/?s={search_term_string}"},"query-input":{"@type":"PropertyValueSpecification","valueRequired":true,"valueName":"search_term_string"}}],"inLanguage":"pt-BR"}]}},"_links":{"self":[{"href":"https:\/\/www.pmpf.rs.gov.br\/transparencia\/wp-json\/wp\/v2\/pages\/4451"}],"collection":[{"href":"https:\/\/www.pmpf.rs.gov.br\/transparencia\/wp-json\/wp\/v2\/pages"}],"about":[{"href":"https:\/\/www.pmpf.rs.gov.br\/transparencia\/wp-json\/wp\/v2\/types\/page"}],"author":[{"embeddable":true,"href":"https:\/\/www.pmpf.rs.gov.br\/transparencia\/wp-json\/wp\/v2\/users\/4"}],"replies":[{"embeddable":true,"href":"https:\/\/www.pmpf.rs.gov.br\/transparencia\/wp-json\/wp\/v2\/comments?post=4451"}],"version-history":[{"count":33,"href":"https:\/\/www.pmpf.rs.gov.br\/transparencia\/wp-json\/wp\/v2\/pages\/4451\/revisions"}],"predecessor-version":[{"id":11272,"href":"https:\/\/www.pmpf.rs.gov.br\/transparencia\/wp-json\/wp\/v2\/pages\/4451\/revisions\/11272"}],"wp:attachment":[{"href":"https:\/\/www.pmpf.rs.gov.br\/transparencia\/wp-json\/wp\/v2\/media?parent=4451"}],"curies":[{"name":"wp","href":"https:\/\/api.w.org\/{rel}","templated":true}]}}