{"id":4189,"date":"2022-03-04T08:43:19","date_gmt":"2022-03-04T11:43:19","guid":{"rendered":"https:\/\/www.pmpf.rs.gov.br\/transparencia\/?page_id=4189"},"modified":"2025-01-29T14:34:52","modified_gmt":"2025-01-29T17:34:52","slug":"repasses-ou-transferencias","status":"publish","type":"page","link":"https:\/\/www.pmpf.rs.gov.br\/transparencia\/repasses-ou-transferencias\/","title":{"rendered":"Informa\u00e7\u00f5es de transfer\u00eancias realizadas ou recebidas pelo munic\u00edpio"},"content":{"rendered":"\n<p><\/p>\n\n\n\n<p>       O poder executivo municipal de Passo Fundo, em atendimento a Lei Federal N\u00ba 9.452, de 20 de mar\u00e7o de 1997, utiliza este espa\u00e7o para informar aos partidos pol\u00edticos, sindicatos e associa\u00e7\u00f5es, os repasses ou transfer\u00eancias de recursos financeiros.<\/p>\n\n\n\n<hr class=\"wp-block-separator has-css-opacity\"\/>\n\n\n\n<div class=\"wp-block-columns are-vertically-aligned-center is-layout-flex wp-container-core-columns-is-layout-1 wp-block-columns-is-layout-flex\">\n<div class=\"wp-block-column is-vertically-aligned-center is-layout-flow wp-block-column-is-layout-flow\">\n<div class=\"wp-block-buttons is-layout-flex wp-block-buttons-is-layout-flex\">\n<div class=\"wp-block-button has-custom-font-size\" style=\"font-size:17px\"><a class=\"wp-block-button__link has-white-color has-blue-background-color has-text-color has-background wp-element-button\" href=\"https:\/\/grp.pmpf.rs.gov.br\/transparencia\/portal\/#\/transfFinAdm\" style=\"border-radius:4px\" target=\"_blank\" rel=\"noreferrer noopener\">Transfer\u00eancias entre Administra\u00e7\u00f5es<\/a><\/div>\n<\/div>\n<\/div>\n\n\n\n<div class=\"wp-block-column is-vertically-aligned-center is-layout-flow wp-block-column-is-layout-flow\">\n<div class=\"wp-block-buttons is-layout-flex wp-block-buttons-is-layout-flex\">\n<div class=\"wp-block-button has-custom-width wp-block-button__width-100 has-custom-font-size\" style=\"font-size:17px\"><a class=\"wp-block-button__link has-white-color has-blue-background-color has-text-color has-background wp-element-button\" href=\"https:\/\/grp.pmpf.rs.gov.br\/transparencia\/portal\/#\/gruposDespesas\/operacoesDespesas\/eyJ0aW1lc3RhbXAiOjE3MzI4MjQzODgyMzksInNlcXVlbmNpYSI6MTI1NSwiZGVzY3JpY2FvIjoiVHJhbnNmZXLqbmNpYXMgQ29uY2VkaWRhcyIsIm1vZGVsbyI6IlRSQU4ifQ==\" style=\"border-radius:4px\" target=\"_blank\" rel=\"noreferrer noopener\">Transfer\u00eancias Concedidas<\/a><\/div>\n<\/div>\n<\/div>\n\n\n\n<div class=\"wp-block-column is-vertically-aligned-center is-layout-flow wp-block-column-is-layout-flow\">\n<div class=\"wp-block-buttons is-layout-flex wp-block-buttons-is-layout-flex\">\n<div class=\"wp-block-button has-custom-font-size\" style=\"font-size:17px\"><a class=\"wp-block-button__link has-white-color has-blue-background-color has-text-color has-background wp-element-button\" href=\"https:\/\/grp.pmpf.rs.gov.br\/transparencia\/portal\/#\/gruposReceitas\" style=\"border-radius:4px\" target=\"_blank\" rel=\"noreferrer noopener\">Transfer\u00eancias Recebidas<\/a><\/div>\n<\/div>\n<\/div>\n<\/div>\n\n\n\n<hr class=\"wp-block-separator has-css-opacity\"\/>\n","protected":false},"excerpt":{"rendered":"<p>O poder executivo municipal de Passo Fundo, em atendimento a Lei Federal N\u00ba 9.452, de 20 de mar\u00e7o de 1997, utiliza este espa\u00e7o para informar aos partidos pol\u00edticos, sindicatos e associa\u00e7\u00f5es, os [&hellip;]<\/p>\n","protected":false},"author":13,"featured_media":0,"parent":0,"menu_order":11,"comment_status":"closed","ping_status":"closed","template":"","meta":{"footnotes":""},"class_list":["post-4189","page","type-page","status-publish","hentry"],"yoast_head":"<!-- This site is optimized with the Yoast SEO plugin v23.8 - https:\/\/yoast.com\/wordpress\/plugins\/seo\/ -->\n<title>Informa\u00e7\u00f5es de transfer\u00eancias realizadas ou recebidas pelo munic\u00edpio - Transpar\u00eancia<\/title>\n<meta name=\"robots\" content=\"index, follow, max-snippet:-1, max-image-preview:large, max-video-preview:-1\" \/>\n<link rel=\"canonical\" href=\"https:\/\/www.pmpf.rs.gov.br\/transparencia\/repasses-ou-transferencias\/\" \/>\n<meta property=\"og:locale\" content=\"pt_BR\" \/>\n<meta property=\"og:type\" content=\"article\" \/>\n<meta property=\"og:title\" content=\"Informa\u00e7\u00f5es de transfer\u00eancias realizadas ou recebidas pelo munic\u00edpio - Transpar\u00eancia\" \/>\n<meta property=\"og:description\" content=\"O poder executivo municipal de Passo Fundo, em atendimento a Lei Federal N\u00ba 9.452, de 20 de mar\u00e7o de 1997, utiliza este espa\u00e7o para informar aos partidos pol\u00edticos, sindicatos e associa\u00e7\u00f5es, os [&hellip;]\" \/>\n<meta property=\"og:url\" content=\"https:\/\/www.pmpf.rs.gov.br\/transparencia\/repasses-ou-transferencias\/\" \/>\n<meta property=\"og:site_name\" content=\"Transpar\u00eancia\" \/>\n<meta property=\"article:modified_time\" content=\"2025-01-29T17:34:52+00:00\" \/>\n<meta name=\"twitter:card\" content=\"summary_large_image\" \/>\n<script type=\"application\/ld+json\" class=\"yoast-schema-graph\">{\"@context\":\"https:\/\/schema.org\",\"@graph\":[{\"@type\":\"WebPage\",\"@id\":\"https:\/\/www.pmpf.rs.gov.br\/transparencia\/repasses-ou-transferencias\/\",\"url\":\"https:\/\/www.pmpf.rs.gov.br\/transparencia\/repasses-ou-transferencias\/\",\"name\":\"Informa\u00e7\u00f5es de transfer\u00eancias realizadas ou recebidas pelo munic\u00edpio - Transpar\u00eancia\",\"isPartOf\":{\"@id\":\"https:\/\/www.pmpf.rs.gov.br\/transparencia\/#website\"},\"datePublished\":\"2022-03-04T11:43:19+00:00\",\"dateModified\":\"2025-01-29T17:34:52+00:00\",\"inLanguage\":\"pt-BR\",\"potentialAction\":[{\"@type\":\"ReadAction\",\"target\":[\"https:\/\/www.pmpf.rs.gov.br\/transparencia\/repasses-ou-transferencias\/\"]}]},{\"@type\":\"WebSite\",\"@id\":\"https:\/\/www.pmpf.rs.gov.br\/transparencia\/#website\",\"url\":\"https:\/\/www.pmpf.rs.gov.br\/transparencia\/\",\"name\":\"Transpar\u00eancia\",\"description\":\"S\u00f3 mais um site Prefeitura de Passo Fundo\",\"potentialAction\":[{\"@type\":\"SearchAction\",\"target\":{\"@type\":\"EntryPoint\",\"urlTemplate\":\"https:\/\/www.pmpf.rs.gov.br\/transparencia\/?s={search_term_string}\"},\"query-input\":{\"@type\":\"PropertyValueSpecification\",\"valueRequired\":true,\"valueName\":\"search_term_string\"}}],\"inLanguage\":\"pt-BR\"}]}<\/script>\n<!-- \/ Yoast SEO plugin. -->","yoast_head_json":{"title":"Informa\u00e7\u00f5es de transfer\u00eancias realizadas ou recebidas pelo munic\u00edpio - Transpar\u00eancia","robots":{"index":"index","follow":"follow","max-snippet":"max-snippet:-1","max-image-preview":"max-image-preview:large","max-video-preview":"max-video-preview:-1"},"canonical":"https:\/\/www.pmpf.rs.gov.br\/transparencia\/repasses-ou-transferencias\/","og_locale":"pt_BR","og_type":"article","og_title":"Informa\u00e7\u00f5es de transfer\u00eancias realizadas ou recebidas pelo munic\u00edpio - Transpar\u00eancia","og_description":"O poder executivo municipal de Passo Fundo, em atendimento a Lei Federal N\u00ba 9.452, de 20 de mar\u00e7o de 1997, utiliza este espa\u00e7o para informar aos partidos pol\u00edticos, sindicatos e associa\u00e7\u00f5es, os [&hellip;]","og_url":"https:\/\/www.pmpf.rs.gov.br\/transparencia\/repasses-ou-transferencias\/","og_site_name":"Transpar\u00eancia","article_modified_time":"2025-01-29T17:34:52+00:00","twitter_card":"summary_large_image","schema":{"@context":"https:\/\/schema.org","@graph":[{"@type":"WebPage","@id":"https:\/\/www.pmpf.rs.gov.br\/transparencia\/repasses-ou-transferencias\/","url":"https:\/\/www.pmpf.rs.gov.br\/transparencia\/repasses-ou-transferencias\/","name":"Informa\u00e7\u00f5es de transfer\u00eancias realizadas ou recebidas pelo munic\u00edpio - Transpar\u00eancia","isPartOf":{"@id":"https:\/\/www.pmpf.rs.gov.br\/transparencia\/#website"},"datePublished":"2022-03-04T11:43:19+00:00","dateModified":"2025-01-29T17:34:52+00:00","inLanguage":"pt-BR","potentialAction":[{"@type":"ReadAction","target":["https:\/\/www.pmpf.rs.gov.br\/transparencia\/repasses-ou-transferencias\/"]}]},{"@type":"WebSite","@id":"https:\/\/www.pmpf.rs.gov.br\/transparencia\/#website","url":"https:\/\/www.pmpf.rs.gov.br\/transparencia\/","name":"Transpar\u00eancia","description":"S\u00f3 mais um site Prefeitura de Passo Fundo","potentialAction":[{"@type":"SearchAction","target":{"@type":"EntryPoint","urlTemplate":"https:\/\/www.pmpf.rs.gov.br\/transparencia\/?s={search_term_string}"},"query-input":{"@type":"PropertyValueSpecification","valueRequired":true,"valueName":"search_term_string"}}],"inLanguage":"pt-BR"}]}},"_links":{"self":[{"href":"https:\/\/www.pmpf.rs.gov.br\/transparencia\/wp-json\/wp\/v2\/pages\/4189"}],"collection":[{"href":"https:\/\/www.pmpf.rs.gov.br\/transparencia\/wp-json\/wp\/v2\/pages"}],"about":[{"href":"https:\/\/www.pmpf.rs.gov.br\/transparencia\/wp-json\/wp\/v2\/types\/page"}],"author":[{"embeddable":true,"href":"https:\/\/www.pmpf.rs.gov.br\/transparencia\/wp-json\/wp\/v2\/users\/13"}],"replies":[{"embeddable":true,"href":"https:\/\/www.pmpf.rs.gov.br\/transparencia\/wp-json\/wp\/v2\/comments?post=4189"}],"version-history":[{"count":23,"href":"https:\/\/www.pmpf.rs.gov.br\/transparencia\/wp-json\/wp\/v2\/pages\/4189\/revisions"}],"predecessor-version":[{"id":8966,"href":"https:\/\/www.pmpf.rs.gov.br\/transparencia\/wp-json\/wp\/v2\/pages\/4189\/revisions\/8966"}],"wp:attachment":[{"href":"https:\/\/www.pmpf.rs.gov.br\/transparencia\/wp-json\/wp\/v2\/media?parent=4189"}],"curies":[{"name":"wp","href":"https:\/\/api.w.org\/{rel}","templated":true}]}}