{"id":4135,"date":"2022-02-01T09:56:00","date_gmt":"2022-02-01T12:56:00","guid":{"rendered":"https:\/\/www.pmpf.rs.gov.br\/transparencia\/?page_id=4135"},"modified":"2022-04-27T15:10:50","modified_gmt":"2022-04-27T18:10:50","slug":"ano-2021","status":"publish","type":"page","link":"https:\/\/www.pmpf.rs.gov.br\/transparencia\/demonstrativos-contabeis\/ano-2021\/","title":{"rendered":"Ano 2021"},"content":{"rendered":"\n<ul class=\"wp-block-list\"><li><a href=\"https:\/\/www.pmpf.rs.gov.br\/transparencia\/wp-content\/uploads\/sites\/31\/2022\/04\/demonstracoes_contabeis_balanco_orcamentario_2021.pdf\">Balan\u00e7o Or\u00e7ament\u00e1rio<\/a><\/li><li><a href=\"https:\/\/www.pmpf.rs.gov.br\/transparencia\/wp-content\/uploads\/sites\/31\/2022\/02\/demonstrativos_contabeis_balanco_financeiro_2021.pdf\">Balan\u00e7o Financeiro<\/a><\/li><li><a href=\"https:\/\/www.pmpf.rs.gov.br\/transparencia\/wp-content\/uploads\/sites\/31\/2022\/02\/demonstrativos_contabeis_balanco_patrimonial_2021.pdf\">Balan\u00e7o Patrimonial<\/a><\/li><li><a href=\"https:\/\/www.pmpf.rs.gov.br\/transparencia\/wp-content\/uploads\/sites\/31\/2022\/02\/demonstrativos_contabeis_variacoes_patrimoniais_2021.pdf\">Demonstrativo das Varia\u00e7\u00f5es Patrimoniais<\/a><\/li><li><a href=\"https:\/\/www.pmpf.rs.gov.br\/transparencia\/wp-content\/uploads\/sites\/31\/2022\/02\/demonstrativos_contabeis_fluxos_caixa_2021.pdf\">Demonstrativo dos Fluxos de Caixa (DFC)<\/a><\/li><li><a href=\"https:\/\/www.pmpf.rs.gov.br\/transparencia\/wp-content\/uploads\/sites\/31\/2022\/02\/demonstrativos_contabeis_divida_fundada_interna_2021.pdf\">D\u00edvida Fundada<\/a><\/li><li><a href=\"https:\/\/www.pmpf.rs.gov.br\/transparencia\/wp-content\/uploads\/sites\/31\/2022\/02\/demonstrativo_contabieis_notas_explicativas_2021.pdf\">Notas Explicativas<\/a><\/li><\/ul>\n\n\n\n<p><\/p>\n","protected":false},"excerpt":{"rendered":"<p>Balan\u00e7o Or\u00e7ament\u00e1rio Balan\u00e7o Financeiro Balan\u00e7o Patrimonial Demonstrativo das Varia\u00e7\u00f5es Patrimoniais Demonstrativo dos Fluxos de Caixa (DFC) D\u00edvida Fundada Notas Explicativas<\/p>\n","protected":false},"author":4,"featured_media":0,"parent":1930,"menu_order":62,"comment_status":"closed","ping_status":"closed","template":"","meta":{"footnotes":""},"class_list":["post-4135","page","type-page","status-publish","hentry"],"yoast_head":"<!-- This site is optimized with the Yoast SEO plugin v23.8 - https:\/\/yoast.com\/wordpress\/plugins\/seo\/ -->\n<title>Ano 2021 - Transpar\u00eancia<\/title>\n<meta name=\"robots\" content=\"index, follow, max-snippet:-1, max-image-preview:large, max-video-preview:-1\" \/>\n<link rel=\"canonical\" href=\"https:\/\/www.pmpf.rs.gov.br\/transparencia\/demonstrativos-contabeis\/ano-2021\/\" \/>\n<meta property=\"og:locale\" content=\"pt_BR\" \/>\n<meta property=\"og:type\" content=\"article\" \/>\n<meta property=\"og:title\" content=\"Ano 2021 - Transpar\u00eancia\" \/>\n<meta property=\"og:description\" content=\"Balan\u00e7o Or\u00e7ament\u00e1rio Balan\u00e7o Financeiro Balan\u00e7o Patrimonial Demonstrativo das Varia\u00e7\u00f5es Patrimoniais Demonstrativo dos Fluxos de Caixa (DFC) D\u00edvida Fundada Notas Explicativas\" \/>\n<meta property=\"og:url\" content=\"https:\/\/www.pmpf.rs.gov.br\/transparencia\/demonstrativos-contabeis\/ano-2021\/\" \/>\n<meta property=\"og:site_name\" content=\"Transpar\u00eancia\" \/>\n<meta property=\"article:modified_time\" content=\"2022-04-27T18:10:50+00:00\" \/>\n<meta name=\"twitter:card\" content=\"summary_large_image\" \/>\n<script type=\"application\/ld+json\" class=\"yoast-schema-graph\">{\"@context\":\"https:\/\/schema.org\",\"@graph\":[{\"@type\":\"WebPage\",\"@id\":\"https:\/\/www.pmpf.rs.gov.br\/transparencia\/demonstrativos-contabeis\/ano-2021\/\",\"url\":\"https:\/\/www.pmpf.rs.gov.br\/transparencia\/demonstrativos-contabeis\/ano-2021\/\",\"name\":\"Ano 2021 - Transpar\u00eancia\",\"isPartOf\":{\"@id\":\"https:\/\/www.pmpf.rs.gov.br\/transparencia\/#website\"},\"datePublished\":\"2022-02-01T12:56:00+00:00\",\"dateModified\":\"2022-04-27T18:10:50+00:00\",\"breadcrumb\":{\"@id\":\"https:\/\/www.pmpf.rs.gov.br\/transparencia\/demonstrativos-contabeis\/ano-2021\/#breadcrumb\"},\"inLanguage\":\"pt-BR\",\"potentialAction\":[{\"@type\":\"ReadAction\",\"target\":[\"https:\/\/www.pmpf.rs.gov.br\/transparencia\/demonstrativos-contabeis\/ano-2021\/\"]}]},{\"@type\":\"BreadcrumbList\",\"@id\":\"https:\/\/www.pmpf.rs.gov.br\/transparencia\/demonstrativos-contabeis\/ano-2021\/#breadcrumb\",\"itemListElement\":[{\"@type\":\"ListItem\",\"position\":1,\"name\":\"Demonstrativos Cont\u00e1beis\",\"item\":\"https:\/\/www.pmpf.rs.gov.br\/transparencia\/demonstrativos-contabeis\/\"},{\"@type\":\"ListItem\",\"position\":2,\"name\":\"Ano 2021\"}]},{\"@type\":\"WebSite\",\"@id\":\"https:\/\/www.pmpf.rs.gov.br\/transparencia\/#website\",\"url\":\"https:\/\/www.pmpf.rs.gov.br\/transparencia\/\",\"name\":\"Transpar\u00eancia\",\"description\":\"S\u00f3 mais um site Prefeitura de Passo Fundo\",\"potentialAction\":[{\"@type\":\"SearchAction\",\"target\":{\"@type\":\"EntryPoint\",\"urlTemplate\":\"https:\/\/www.pmpf.rs.gov.br\/transparencia\/?s={search_term_string}\"},\"query-input\":{\"@type\":\"PropertyValueSpecification\",\"valueRequired\":true,\"valueName\":\"search_term_string\"}}],\"inLanguage\":\"pt-BR\"}]}<\/script>\n<!-- \/ Yoast SEO plugin. -->","yoast_head_json":{"title":"Ano 2021 - Transpar\u00eancia","robots":{"index":"index","follow":"follow","max-snippet":"max-snippet:-1","max-image-preview":"max-image-preview:large","max-video-preview":"max-video-preview:-1"},"canonical":"https:\/\/www.pmpf.rs.gov.br\/transparencia\/demonstrativos-contabeis\/ano-2021\/","og_locale":"pt_BR","og_type":"article","og_title":"Ano 2021 - Transpar\u00eancia","og_description":"Balan\u00e7o Or\u00e7ament\u00e1rio Balan\u00e7o Financeiro Balan\u00e7o Patrimonial Demonstrativo das Varia\u00e7\u00f5es Patrimoniais Demonstrativo dos Fluxos de Caixa (DFC) D\u00edvida Fundada Notas Explicativas","og_url":"https:\/\/www.pmpf.rs.gov.br\/transparencia\/demonstrativos-contabeis\/ano-2021\/","og_site_name":"Transpar\u00eancia","article_modified_time":"2022-04-27T18:10:50+00:00","twitter_card":"summary_large_image","schema":{"@context":"https:\/\/schema.org","@graph":[{"@type":"WebPage","@id":"https:\/\/www.pmpf.rs.gov.br\/transparencia\/demonstrativos-contabeis\/ano-2021\/","url":"https:\/\/www.pmpf.rs.gov.br\/transparencia\/demonstrativos-contabeis\/ano-2021\/","name":"Ano 2021 - Transpar\u00eancia","isPartOf":{"@id":"https:\/\/www.pmpf.rs.gov.br\/transparencia\/#website"},"datePublished":"2022-02-01T12:56:00+00:00","dateModified":"2022-04-27T18:10:50+00:00","breadcrumb":{"@id":"https:\/\/www.pmpf.rs.gov.br\/transparencia\/demonstrativos-contabeis\/ano-2021\/#breadcrumb"},"inLanguage":"pt-BR","potentialAction":[{"@type":"ReadAction","target":["https:\/\/www.pmpf.rs.gov.br\/transparencia\/demonstrativos-contabeis\/ano-2021\/"]}]},{"@type":"BreadcrumbList","@id":"https:\/\/www.pmpf.rs.gov.br\/transparencia\/demonstrativos-contabeis\/ano-2021\/#breadcrumb","itemListElement":[{"@type":"ListItem","position":1,"name":"Demonstrativos Cont\u00e1beis","item":"https:\/\/www.pmpf.rs.gov.br\/transparencia\/demonstrativos-contabeis\/"},{"@type":"ListItem","position":2,"name":"Ano 2021"}]},{"@type":"WebSite","@id":"https:\/\/www.pmpf.rs.gov.br\/transparencia\/#website","url":"https:\/\/www.pmpf.rs.gov.br\/transparencia\/","name":"Transpar\u00eancia","description":"S\u00f3 mais um site Prefeitura de Passo Fundo","potentialAction":[{"@type":"SearchAction","target":{"@type":"EntryPoint","urlTemplate":"https:\/\/www.pmpf.rs.gov.br\/transparencia\/?s={search_term_string}"},"query-input":{"@type":"PropertyValueSpecification","valueRequired":true,"valueName":"search_term_string"}}],"inLanguage":"pt-BR"}]}},"_links":{"self":[{"href":"https:\/\/www.pmpf.rs.gov.br\/transparencia\/wp-json\/wp\/v2\/pages\/4135"}],"collection":[{"href":"https:\/\/www.pmpf.rs.gov.br\/transparencia\/wp-json\/wp\/v2\/pages"}],"about":[{"href":"https:\/\/www.pmpf.rs.gov.br\/transparencia\/wp-json\/wp\/v2\/types\/page"}],"author":[{"embeddable":true,"href":"https:\/\/www.pmpf.rs.gov.br\/transparencia\/wp-json\/wp\/v2\/users\/4"}],"replies":[{"embeddable":true,"href":"https:\/\/www.pmpf.rs.gov.br\/transparencia\/wp-json\/wp\/v2\/comments?post=4135"}],"version-history":[{"count":10,"href":"https:\/\/www.pmpf.rs.gov.br\/transparencia\/wp-json\/wp\/v2\/pages\/4135\/revisions"}],"predecessor-version":[{"id":5681,"href":"https:\/\/www.pmpf.rs.gov.br\/transparencia\/wp-json\/wp\/v2\/pages\/4135\/revisions\/5681"}],"up":[{"embeddable":true,"href":"https:\/\/www.pmpf.rs.gov.br\/transparencia\/wp-json\/wp\/v2\/pages\/1930"}],"wp:attachment":[{"href":"https:\/\/www.pmpf.rs.gov.br\/transparencia\/wp-json\/wp\/v2\/media?parent=4135"}],"curies":[{"name":"wp","href":"https:\/\/api.w.org\/{rel}","templated":true}]}}