{"id":2773,"date":"2021-12-17T19:25:39","date_gmt":"2021-12-17T22:25:39","guid":{"rendered":"https:\/\/www.pmpf.rs.gov.br\/transparencia\/?page_id=2773"},"modified":"2026-01-23T10:19:14","modified_gmt":"2026-01-23T13:19:14","slug":"recursos-humanos-e-remuneracoes","status":"publish","type":"page","link":"https:\/\/www.pmpf.rs.gov.br\/transparencia\/recursos-humanos-e-remuneracoes\/","title":{"rendered":"Recursos Humanos e Remunera\u00e7\u00f5es"},"content":{"rendered":"\n<div class=\"wp-block-columns is-layout-flex wp-container-core-columns-is-layout-1 wp-block-columns-is-layout-flex\">\n<div class=\"wp-block-column is-layout-flow wp-block-column-is-layout-flow\">\n<h3 class=\"wp-block-heading has-text-align-left\"><img loading=\"lazy\" decoding=\"async\" width=\"32\" height=\"32\" class=\"wp-image-4367\" style=\"width: 32px\" src=\"https:\/\/www.pmpf.rs.gov.br\/transparencia\/wp-content\/uploads\/sites\/31\/2022\/03\/MdiAccountCashOutline-1-1.svg\" alt=\"\"> Remunera\u00e7\u00e3o de Servidores<\/h3>\n\n\n\n<ul class=\"wp-block-list\">\n<li><a href=\"https:\/\/portaltransparencia.pmpf.rs.gov.br\/rhsysportaltransp\/\" target=\"_blank\" rel=\"noreferrer noopener\">Servidores ativos<\/a><a href=\"http:\/\/e-governo.pmpf.rs.gov.br:8686\/admportaltransp\"><\/a><\/li>\n\n\n\n<li><a href=\"https:\/\/portaltransparenciaippasso.pmpf.rs.gov.br\/rhsysportaltransp\/#!\/relacaoservidoresmes\" target=\"_blank\" rel=\"noreferrer noopener\">Servidores inativos<\/a><a href=\"http:\/\/grprh.pmpf.rs.gov.br:9105\/rhsysportaltransp\/#!\/relacaoservidoresmes\"><\/a><a href=\"http:\/\/192.168.1.98:9105\/rhsysportaltransp\/\"><\/a><a href=\"http:\/\/e-governo.pmpf.rs.gov.br:8686\/admportaltranspippasso\"><\/a><\/li>\n\n\n\n<li><a href=\"https:\/\/portaltransparenciacahospital.pmpf.rs.gov.br\/rhsysportaltransp\/\" target=\"_blank\" rel=\"noreferrer noopener\">Hospital Beneficente Dr. C\u00e9sar Santos<\/a><a href=\"http:\/\/e-governo.pmpf.rs.gov.br:8686\/admportaltransphospital\/folha\"><\/a><\/li>\n\n\n\n<li><a href=\"https:\/\/portaltransparenciacapasemu.pmpf.rs.gov.br\/rhsysportaltransp\/#!\/relacaoservidoresmes\" target=\"_blank\" rel=\"noreferrer noopener\">CAPASEMU<\/a><a href=\"http:\/\/e-governo.pmpf.rs.gov.br:8686\/admportaltranspcapassemu\"><\/a><\/li>\n<\/ul>\n<\/div>\n\n\n\n<div class=\"wp-block-column is-layout-flow wp-block-column-is-layout-flow\">\n<h3 class=\"wp-block-heading\"><img loading=\"lazy\" decoding=\"async\" width=\"32\" height=\"32\" class=\"wp-image-4365\" style=\"width: 32px\" src=\"https:\/\/www.pmpf.rs.gov.br\/transparencia\/wp-content\/uploads\/sites\/31\/2022\/03\/PhCreditCardBold.svg\" alt=\"\">Aux\u00edlio Alimenta\u00e7\u00e3o<\/h3>\n\n\n\n<ul class=\"wp-block-list\">\n<li><a href=\"https:\/\/www.leismunicipais.com.br\/a1\/rs\/p\/passo-fundo\/lei-ordinaria\/2013\/501\/5010\/lei-ordinaria-n-5010-2013-institui-o-programa-de-alimentacao-aos-ser\" target=\"_blank\" rel=\"noreferrer noopener\">Lei 5010\/13 &#8211; Por dia \u00fatil R$ 43,14<\/a><\/li>\n\n\n\n<li><a href=\"https:\/\/www.leismunicipais.com.br\/a1\/rs\/p\/passo-fundo\/lei-ordinaria\/1993\/286\/2857\/lei-ordinaria-n-2857-1993-institui-o-programa-de-alimentacao-aos-ser\" target=\"_blank\" rel=\"noreferrer noopener\">Lei 2857\/93 &#8211; Por m\u00eas R$ 870,37<\/a><\/li>\n<\/ul>\n<\/div>\n\n\n\n<div class=\"wp-block-column is-layout-flow wp-block-column-is-layout-flow\">\n<h3 class=\"wp-block-heading\"><img loading=\"lazy\" decoding=\"async\" width=\"32\" height=\"32\" class=\"wp-image-4364\" style=\"width: 32px\" src=\"https:\/\/www.pmpf.rs.gov.br\/transparencia\/wp-content\/uploads\/sites\/31\/2022\/03\/MdiAlphaDCircle.svg\" alt=\"\">Di\u00e1rias<\/h3>\n\n\n\n<ul class=\"wp-block-list\">\n<li><a href=\"https:\/\/grp.pmpf.rs.gov.br\/grp\/acessoexterno\/programaAcessoExterno.faces?codigo=670062\" target=\"_blank\" rel=\"noreferrer noopener\">Di\u00e1rias<\/a><a href=\"https:\/\/grp.pmpf.rs.gov.br\/grp\/acessoexterno\/programaAcessoExterno.faces?codigo=670062\"><\/a><\/li>\n\n\n\n<li><a href=\"https:\/\/www.pmpf.rs.gov.br\/transparencia\/wp-content\/uploads\/sites\/31\/2025\/04\/decreto-42-2025-diarias.pdf\" target=\"_blank\" rel=\"noreferrer noopener\">Tabela de Valores (Decreto 42\/2025)<\/a><\/li>\n<\/ul>\n<\/div>\n<\/div>\n\n\n\n<div class=\"wp-block-columns is-layout-flex wp-container-core-columns-is-layout-2 wp-block-columns-is-layout-flex\">\n<div class=\"wp-block-column is-layout-flow wp-block-column-is-layout-flow\">\n<h3 class=\"wp-block-heading\"><img loading=\"lazy\" decoding=\"async\" width=\"32\" height=\"32\" class=\"wp-image-4375\" style=\"width: 32px\" src=\"https:\/\/www.pmpf.rs.gov.br\/transparencia\/wp-content\/uploads\/sites\/31\/2022\/03\/MdiContactsOutline.svg\" alt=\"\">Servidores<\/h3>\n\n\n\n<ul class=\"wp-block-list\">\n<li><a href=\"https:\/\/portaltransparencia.pmpf.rs.gov.br\/rhsysportaltransp\/#!\/consulta\/Relacao_nominal_servidores\" target=\"_blank\" rel=\"noreferrer noopener\">Rela\u00e7\u00e3o nominal de servidores, cargo e fun\u00e7\u00e3o<\/a><a href=\"http:\/\/grprh.pmpf.rs.gov.br:9103\/rhsysportaltransp\/#!\/consulta\/Relacao_nominal_servidores\"><\/a><a href=\"http:\/\/e-governo.pmpf.rs.gov.br:8686\/admportaltransp\/consulta\/relacaoservidores\"><\/a><\/li>\n\n\n\n<li><a href=\"https:\/\/portaltransparencia.pmpf.rs.gov.br\/rhsysportaltransp\/#!\/consulta\/RelacaoFeriasAquisitivo\" target=\"_blank\" rel=\"noreferrer noopener\">Rela\u00e7\u00e3o de f\u00e9rias por per\u00edodo aquisitivo<\/a><a href=\"http:\/\/grprh.pmpf.rs.gov.br:9103\/rhsysportaltransp\/#!\/consulta\/RelacaoFeriasAquisitivo\"><\/a><a href=\"http:\/\/grprh.pmpf.rs.gov.br\"><\/a><a href=\"http:\/\/e-governo.pmpf.rs.gov.br:8686\/admportaltransp\/ferias\/listaferiasvencimento\"><\/a><\/li>\n\n\n\n<li><a href=\"https:\/\/portaltransparencia.pmpf.rs.gov.br\/rhsysportaltransp\/#!\/consulta\/PercentualVinculoEmpregaticio\" target=\"_blank\" rel=\"noreferrer noopener\">Percentual por v\u00ednculo empregat\u00edcio<\/a><a href=\"http:\/\/grprh.pmpf.rs.gov.br:9103\/rhsysportaltransp\/#!\/consulta\/PercentualVinculoEmpregaticio\"><\/a><a href=\"http:\/\/e-governo.pmpf.rs.gov.br:8686\/admportaltransp\/consulta\/servidoresporvinculo\"><\/a><\/li>\n\n\n\n<li><a href=\"https:\/\/www.pmpf.rs.gov.br\/transparencia\/wp-content\/uploads\/sites\/31\/2021\/12\/laudoInsalubridade_30012020.pdf\" target=\"_blank\" rel=\"noreferrer noopener\">Laudo T\u00e9cnico de Insalubridade e Periculosidade.<\/a><\/li>\n\n\n\n<li><a href=\"https:\/\/www.pmpf.rs.gov.br\/transparencia\/wp-content\/uploads\/sites\/31\/2025\/11\/adendo-laudo-de-insalubridade-agentes-de-transito-agentes-de-endemias-agentes-de-saude-e-mais.pdf\" target=\"_blank\" rel=\"noreferrer noopener\">Adendo Laudo de Insalubridade Agentes de Tr\u00e2nsito, Agentes de Endemia, Agentes de Sa\u00fade e mais<\/a><\/li>\n<\/ul>\n<\/div>\n\n\n\n<div class=\"wp-block-column is-layout-flow wp-block-column-is-layout-flow\">\n<h3 class=\"wp-block-heading has-text-align-left\"><img loading=\"lazy\" decoding=\"async\" width=\"32\" height=\"32\" class=\"wp-image-4373\" style=\"width: 32px\" src=\"https:\/\/www.pmpf.rs.gov.br\/transparencia\/wp-content\/uploads\/sites\/31\/2022\/03\/MdiNewspaperVariant.svg\" alt=\"\">Padr\u00e3o remunerat\u00f3rio cargos\/fun\u00e7\u00f5es<\/h3>\n\n\n\n<ul class=\"wp-block-list\">\n<li><a href=\"https:\/\/www.pmpf.rs.gov.br\/transparencia\/wp-content\/uploads\/sites\/31\/2025\/04\/tabela_padrao_marco_2025-28042025.pdf\" target=\"_blank\" rel=\"noreferrer noopener\">Mar\u00e7o de 2025<\/a><\/li>\n\n\n\n<li><a href=\"https:\/\/www.pmpf.rs.gov.br\/transparencia\/wp-content\/uploads\/sites\/31\/2024\/04\/tabela_padrao_marco_2024.pdf\" target=\"_blank\" rel=\"noreferrer noopener\">Mar\u00e7o de 2024<\/a><\/li>\n\n\n\n<li><a href=\"https:\/\/www.pmpf.rs.gov.br\/transparencia\/wp-content\/uploads\/sites\/31\/2023\/04\/tabela_padrao_marco_2023.pdf\" target=\"_blank\" rel=\"noreferrer noopener\">Mar\u00e7o de 2023<\/a><\/li>\n\n\n\n<li><a href=\"https:\/\/www.pmpf.rs.gov.br\/transparencia\/wp-content\/uploads\/sites\/31\/2022\/09\/tabela_padroes_09_2022.pdf\" target=\"_blank\" rel=\"noreferrer noopener\">Setembro de 2022<\/a><\/li>\n\n\n\n<li><a href=\"https:\/\/www.pmpf.rs.gov.br\/transparencia\/wp-content\/uploads\/sites\/31\/2022\/09\/tabela_padroes-_08_2022.pdf\" target=\"_blank\" rel=\"noreferrer noopener\">Agosto de 2022<\/a><\/li>\n\n\n\n<li><a href=\"https:\/\/www.pmpf.rs.gov.br\/transparencia\/wp-content\/uploads\/sites\/31\/2022\/06\/Tabela-de-Vencimentos-03.2022.pdf\" target=\"_blank\" rel=\"noreferrer noopener\">Mar\u00e7o de 2022<\/a><\/li>\n\n\n\n<li><a href=\"https:\/\/www.pmpf.rs.gov.br\/transparencia\/wp-content\/uploads\/sites\/31\/2022\/01\/dissidio_janeiro_2022_28012022.pdf\" target=\"_blank\" rel=\"noreferrer noopener\">Janeiro de 2022<\/a><\/li>\n\n\n\n<li><a href=\"https:\/\/www.pmpf.rs.gov.br\/transparencia\/wp-content\/uploads\/sites\/31\/2021\/12\/dissidio_marco_2020_25022021.pdf\" target=\"_blank\" rel=\"noreferrer noopener\">Mar\u00e7o de 2020<\/a><a href=\"https:\/\/www.pmpf.rs.gov.br\/transparencia\/wp-content\/uploads\/sites\/31\/2021\/12\/dissidio_marco_2020_25022021.pdf\"><\/a><\/li>\n\n\n\n<li><a href=\"https:\/\/www.pmpf.rs.gov.br\/transparencia\/wp-content\/uploads\/sites\/31\/2021\/12\/dissidio_marco_2019_novos_cargos.pdf\" target=\"_blank\" rel=\"noreferrer noopener\">Mar\u00e7o de 2019<\/a><a href=\"https:\/\/www.pmpf.rs.gov.br\/transparencia\/wp-content\/uploads\/sites\/31\/2021\/12\/dissidio_marco_2019_novos_cargos.pdf\"><\/a><\/li>\n\n\n\n<li><a href=\"https:\/\/www.pmpf.rs.gov.br\/transparencia\/wp-content\/uploads\/sites\/31\/2021\/12\/dissidio_abril_05_2018.pdf\" target=\"_blank\" rel=\"noreferrer noopener\">Abril de 2018<\/a><a href=\"https:\/\/www.pmpf.rs.gov.br\/transparencia\/wp-content\/uploads\/sites\/31\/2021\/12\/dissidio_abril_05_2018.pdf\"><\/a><\/li>\n\n\n\n<li><a href=\"https:\/\/www.pmpf.rs.gov.br\/transparencia\/wp-content\/uploads\/sites\/31\/2021\/12\/dissidio_abril_2017.pdf\" target=\"_blank\" rel=\"noreferrer noopener\">Abril de 2017<\/a><a href=\"https:\/\/www.pmpf.rs.gov.br\/transparencia\/wp-content\/uploads\/sites\/31\/2021\/12\/dissidio_abril_2017.pdf\"><\/a><\/li>\n\n\n\n<li><a href=\"https:\/\/www.pmpf.rs.gov.br\/transparencia\/wp-content\/uploads\/sites\/31\/2021\/12\/dissidio_junho_2016.pdf\" target=\"_blank\" rel=\"noreferrer noopener\">Junho de 2016<\/a><a href=\"https:\/\/www.pmpf.rs.gov.br\/transparencia\/wp-content\/uploads\/sites\/31\/2021\/12\/dissidio_junho_2016.pdf\"><\/a><\/li>\n\n\n\n<li><a href=\"https:\/\/www.pmpf.rs.gov.br\/transparencia\/wp-content\/uploads\/sites\/31\/2021\/12\/dissidio_abril_2016.pdf\" target=\"_blank\" rel=\"noreferrer noopener\">Abril de 2016<\/a><a href=\"https:\/\/www.pmpf.rs.gov.br\/transparencia\/wp-content\/uploads\/sites\/31\/2021\/12\/dissidio_abril_2016.pdf\"><\/a><\/li>\n\n\n\n<li><a href=\"https:\/\/www.pmpf.rs.gov.br\/transparencia\/wp-content\/uploads\/sites\/31\/2021\/12\/dissidio_marco_2016.pdf\" target=\"_blank\" rel=\"noreferrer noopener\">Mar\u00e7o de 2016<\/a><a href=\"https:\/\/www.pmpf.rs.gov.br\/transparencia\/wp-content\/uploads\/sites\/31\/2021\/12\/dissidio_marco_2016.pdf\"><\/a><\/li>\n<\/ul>\n<\/div>\n\n\n\n<div class=\"wp-block-column is-layout-flow wp-block-column-is-layout-flow\"><\/div>\n<\/div>\n\n\n\n<hr class=\"wp-block-separator has-css-opacity\"\/>\n","protected":false},"excerpt":{"rendered":"<p>Remunera\u00e7\u00e3o de Servidores Aux\u00edlio Alimenta\u00e7\u00e3o Di\u00e1rias Servidores Padr\u00e3o remunerat\u00f3rio cargos\/fun\u00e7\u00f5es<\/p>\n","protected":false},"author":1,"featured_media":0,"parent":0,"menu_order":32,"comment_status":"closed","ping_status":"closed","template":"","meta":{"footnotes":""},"class_list":["post-2773","page","type-page","status-publish","hentry"],"yoast_head":"<!-- This site is optimized with the Yoast SEO plugin v23.8 - https:\/\/yoast.com\/wordpress\/plugins\/seo\/ -->\n<title>Recursos Humanos e Remunera\u00e7\u00f5es - Transpar\u00eancia<\/title>\n<meta name=\"robots\" content=\"index, follow, max-snippet:-1, max-image-preview:large, max-video-preview:-1\" \/>\n<link rel=\"canonical\" href=\"https:\/\/www.pmpf.rs.gov.br\/transparencia\/recursos-humanos-e-remuneracoes\/\" \/>\n<meta property=\"og:locale\" content=\"pt_BR\" \/>\n<meta property=\"og:type\" content=\"article\" \/>\n<meta property=\"og:title\" content=\"Recursos Humanos e Remunera\u00e7\u00f5es - Transpar\u00eancia\" \/>\n<meta property=\"og:description\" content=\"Remunera\u00e7\u00e3o de Servidores Aux\u00edlio Alimenta\u00e7\u00e3o Di\u00e1rias Servidores Padr\u00e3o remunerat\u00f3rio cargos\/fun\u00e7\u00f5es\" \/>\n<meta property=\"og:url\" content=\"https:\/\/www.pmpf.rs.gov.br\/transparencia\/recursos-humanos-e-remuneracoes\/\" \/>\n<meta property=\"og:site_name\" content=\"Transpar\u00eancia\" \/>\n<meta property=\"article:modified_time\" content=\"2026-01-23T13:19:14+00:00\" \/>\n<meta name=\"twitter:card\" content=\"summary_large_image\" \/>\n<script type=\"application\/ld+json\" class=\"yoast-schema-graph\">{\"@context\":\"https:\/\/schema.org\",\"@graph\":[{\"@type\":\"WebPage\",\"@id\":\"https:\/\/www.pmpf.rs.gov.br\/transparencia\/recursos-humanos-e-remuneracoes\/\",\"url\":\"https:\/\/www.pmpf.rs.gov.br\/transparencia\/recursos-humanos-e-remuneracoes\/\",\"name\":\"Recursos Humanos e Remunera\u00e7\u00f5es - Transpar\u00eancia\",\"isPartOf\":{\"@id\":\"https:\/\/www.pmpf.rs.gov.br\/transparencia\/#website\"},\"primaryImageOfPage\":{\"@id\":\"https:\/\/www.pmpf.rs.gov.br\/transparencia\/recursos-humanos-e-remuneracoes\/#primaryimage\"},\"image\":{\"@id\":\"https:\/\/www.pmpf.rs.gov.br\/transparencia\/recursos-humanos-e-remuneracoes\/#primaryimage\"},\"thumbnailUrl\":\"https:\/\/www.pmpf.rs.gov.br\/transparencia\/wp-content\/uploads\/sites\/31\/2022\/03\/MdiAccountCashOutline-1-1.svg\",\"datePublished\":\"2021-12-17T22:25:39+00:00\",\"dateModified\":\"2026-01-23T13:19:14+00:00\",\"inLanguage\":\"pt-BR\",\"potentialAction\":[{\"@type\":\"ReadAction\",\"target\":[\"https:\/\/www.pmpf.rs.gov.br\/transparencia\/recursos-humanos-e-remuneracoes\/\"]}]},{\"@type\":\"ImageObject\",\"inLanguage\":\"pt-BR\",\"@id\":\"https:\/\/www.pmpf.rs.gov.br\/transparencia\/recursos-humanos-e-remuneracoes\/#primaryimage\",\"url\":\"https:\/\/www.pmpf.rs.gov.br\/transparencia\/wp-content\/uploads\/sites\/31\/2022\/03\/MdiAccountCashOutline-1-1.svg\",\"contentUrl\":\"https:\/\/www.pmpf.rs.gov.br\/transparencia\/wp-content\/uploads\/sites\/31\/2022\/03\/MdiAccountCashOutline-1-1.svg\",\"width\":32,\"height\":32},{\"@type\":\"WebSite\",\"@id\":\"https:\/\/www.pmpf.rs.gov.br\/transparencia\/#website\",\"url\":\"https:\/\/www.pmpf.rs.gov.br\/transparencia\/\",\"name\":\"Transpar\u00eancia\",\"description\":\"S\u00f3 mais um site Prefeitura de Passo Fundo\",\"potentialAction\":[{\"@type\":\"SearchAction\",\"target\":{\"@type\":\"EntryPoint\",\"urlTemplate\":\"https:\/\/www.pmpf.rs.gov.br\/transparencia\/?s={search_term_string}\"},\"query-input\":{\"@type\":\"PropertyValueSpecification\",\"valueRequired\":true,\"valueName\":\"search_term_string\"}}],\"inLanguage\":\"pt-BR\"}]}<\/script>\n<!-- \/ Yoast SEO plugin. -->","yoast_head_json":{"title":"Recursos Humanos e Remunera\u00e7\u00f5es - Transpar\u00eancia","robots":{"index":"index","follow":"follow","max-snippet":"max-snippet:-1","max-image-preview":"max-image-preview:large","max-video-preview":"max-video-preview:-1"},"canonical":"https:\/\/www.pmpf.rs.gov.br\/transparencia\/recursos-humanos-e-remuneracoes\/","og_locale":"pt_BR","og_type":"article","og_title":"Recursos Humanos e Remunera\u00e7\u00f5es - Transpar\u00eancia","og_description":"Remunera\u00e7\u00e3o de Servidores Aux\u00edlio Alimenta\u00e7\u00e3o Di\u00e1rias Servidores Padr\u00e3o remunerat\u00f3rio cargos\/fun\u00e7\u00f5es","og_url":"https:\/\/www.pmpf.rs.gov.br\/transparencia\/recursos-humanos-e-remuneracoes\/","og_site_name":"Transpar\u00eancia","article_modified_time":"2026-01-23T13:19:14+00:00","twitter_card":"summary_large_image","schema":{"@context":"https:\/\/schema.org","@graph":[{"@type":"WebPage","@id":"https:\/\/www.pmpf.rs.gov.br\/transparencia\/recursos-humanos-e-remuneracoes\/","url":"https:\/\/www.pmpf.rs.gov.br\/transparencia\/recursos-humanos-e-remuneracoes\/","name":"Recursos Humanos e Remunera\u00e7\u00f5es - Transpar\u00eancia","isPartOf":{"@id":"https:\/\/www.pmpf.rs.gov.br\/transparencia\/#website"},"primaryImageOfPage":{"@id":"https:\/\/www.pmpf.rs.gov.br\/transparencia\/recursos-humanos-e-remuneracoes\/#primaryimage"},"image":{"@id":"https:\/\/www.pmpf.rs.gov.br\/transparencia\/recursos-humanos-e-remuneracoes\/#primaryimage"},"thumbnailUrl":"https:\/\/www.pmpf.rs.gov.br\/transparencia\/wp-content\/uploads\/sites\/31\/2022\/03\/MdiAccountCashOutline-1-1.svg","datePublished":"2021-12-17T22:25:39+00:00","dateModified":"2026-01-23T13:19:14+00:00","inLanguage":"pt-BR","potentialAction":[{"@type":"ReadAction","target":["https:\/\/www.pmpf.rs.gov.br\/transparencia\/recursos-humanos-e-remuneracoes\/"]}]},{"@type":"ImageObject","inLanguage":"pt-BR","@id":"https:\/\/www.pmpf.rs.gov.br\/transparencia\/recursos-humanos-e-remuneracoes\/#primaryimage","url":"https:\/\/www.pmpf.rs.gov.br\/transparencia\/wp-content\/uploads\/sites\/31\/2022\/03\/MdiAccountCashOutline-1-1.svg","contentUrl":"https:\/\/www.pmpf.rs.gov.br\/transparencia\/wp-content\/uploads\/sites\/31\/2022\/03\/MdiAccountCashOutline-1-1.svg","width":32,"height":32},{"@type":"WebSite","@id":"https:\/\/www.pmpf.rs.gov.br\/transparencia\/#website","url":"https:\/\/www.pmpf.rs.gov.br\/transparencia\/","name":"Transpar\u00eancia","description":"S\u00f3 mais um site Prefeitura de Passo Fundo","potentialAction":[{"@type":"SearchAction","target":{"@type":"EntryPoint","urlTemplate":"https:\/\/www.pmpf.rs.gov.br\/transparencia\/?s={search_term_string}"},"query-input":{"@type":"PropertyValueSpecification","valueRequired":true,"valueName":"search_term_string"}}],"inLanguage":"pt-BR"}]}},"_links":{"self":[{"href":"https:\/\/www.pmpf.rs.gov.br\/transparencia\/wp-json\/wp\/v2\/pages\/2773"}],"collection":[{"href":"https:\/\/www.pmpf.rs.gov.br\/transparencia\/wp-json\/wp\/v2\/pages"}],"about":[{"href":"https:\/\/www.pmpf.rs.gov.br\/transparencia\/wp-json\/wp\/v2\/types\/page"}],"author":[{"embeddable":true,"href":"https:\/\/www.pmpf.rs.gov.br\/transparencia\/wp-json\/wp\/v2\/users\/1"}],"replies":[{"embeddable":true,"href":"https:\/\/www.pmpf.rs.gov.br\/transparencia\/wp-json\/wp\/v2\/comments?post=2773"}],"version-history":[{"count":69,"href":"https:\/\/www.pmpf.rs.gov.br\/transparencia\/wp-json\/wp\/v2\/pages\/2773\/revisions"}],"predecessor-version":[{"id":10788,"href":"https:\/\/www.pmpf.rs.gov.br\/transparencia\/wp-json\/wp\/v2\/pages\/2773\/revisions\/10788"}],"wp:attachment":[{"href":"https:\/\/www.pmpf.rs.gov.br\/transparencia\/wp-json\/wp\/v2\/media?parent=2773"}],"curies":[{"name":"wp","href":"https:\/\/api.w.org\/{rel}","templated":true}]}}