{"id":2172,"date":"2021-12-17T13:41:25","date_gmt":"2021-12-17T16:41:25","guid":{"rendered":"https:\/\/www.pmpf.rs.gov.br\/transparencia\/?page_id=2172"},"modified":"2023-09-11T16:46:22","modified_gmt":"2023-09-11T19:46:22","slug":"ano-2021","status":"publish","type":"page","link":"https:\/\/www.pmpf.rs.gov.br\/transparencia\/relatorio-de-gestao-fiscal\/ano-2021\/","title":{"rendered":"Ano 2021"},"content":{"rendered":"\n<h2 class=\"wp-block-heading\">Relat\u00f3rio de Gest\u00e3o Fiscal &#8211; RGF<\/h2>\n\n\n\n<h3 class=\"wp-block-heading\">RGF 2021 &#8211; Demonstrativo de Despesas com Pessoal<\/h3>\n\n\n\n<ul class=\"wp-block-list\">\n<li><a href=\"https:\/\/www.pmpf.rs.gov.br\/transparencia\/wp-content\/uploads\/sites\/31\/2021\/12\/rgf2021_pessoal_janeiroabril.pdf\">1\u00ba Quadrimestre<\/a><\/li>\n\n\n\n<li><a href=\"https:\/\/www.pmpf.rs.gov.br\/transparencia\/wp-content\/uploads\/sites\/31\/2021\/12\/rgf2021_pessoal_maioaogosto.pdf\">2\u00ba Quadrimestre<\/a><\/li>\n\n\n\n<li><a href=\"https:\/\/www.pmpf.rs.gov.br\/transparencia\/wp-content\/uploads\/sites\/31\/2022\/02\/rgf2021_pessoal_setembrodezembro.pdf\">3\u00ba Quadrimestre<\/a><\/li>\n<\/ul>\n\n\n\n<h3 class=\"wp-block-heading\">RGF 2021 &#8211; Demonstrativo de D\u00edvida Consolidada L\u00edquida<\/h3>\n\n\n\n<ul class=\"wp-block-list\">\n<li><a href=\"https:\/\/www.pmpf.rs.gov.br\/transparencia\/wp-content\/uploads\/sites\/31\/2021\/12\/rgf2021_divida_janeiroabril.pdf\">1\u00ba Quadrimestre<\/a><\/li>\n\n\n\n<li><a href=\"https:\/\/www.pmpf.rs.gov.br\/transparencia\/wp-content\/uploads\/sites\/31\/2021\/12\/rgf2021_dividamaioagosto.pdf\">2\u00ba Quadrimestre<\/a><\/li>\n\n\n\n<li><a href=\"https:\/\/www.pmpf.rs.gov.br\/transparencia\/wp-content\/uploads\/sites\/31\/2022\/02\/rgf2021_dividasetembrodezembro.pdf\">3\u00ba Quadrimestre<\/a><\/li>\n<\/ul>\n\n\n\n<h3 class=\"wp-block-heading\">RGF 2021 &#8211; Demonstrativo Simplificado<\/h3>\n\n\n\n<ul class=\"wp-block-list\">\n<li><a href=\"https:\/\/www.pmpf.rs.gov.br\/transparencia\/wp-content\/uploads\/sites\/31\/2021\/12\/rgf2021_simplificado_janeiroabril.pdf\">1\u00ba Quadrimestre<\/a><\/li>\n\n\n\n<li><a href=\"https:\/\/www.pmpf.rs.gov.br\/transparencia\/wp-content\/uploads\/sites\/31\/2021\/12\/rgf2021_simplificado_maioagosto.pdf\">2\u00ba Quadrimestre<\/a><\/li>\n\n\n\n<li><a href=\"https:\/\/www.pmpf.rs.gov.br\/transparencia\/wp-content\/uploads\/sites\/31\/2022\/02\/rgf2021_simplificado_setembrodezembro.pdf\">3\u00ba Quadrimestre<\/a><\/li>\n<\/ul>\n\n\n\n<h3 class=\"wp-block-heading\">RGF 2021 &#8211; Demonstrativo das Opera\u00e7\u00f5es de Cr\u00e9dito<\/h3>\n\n\n\n<ul class=\"wp-block-list\">\n<li><a href=\"https:\/\/www.pmpf.rs.gov.br\/transparencia\/wp-content\/uploads\/sites\/31\/2022\/03\/rgf2021_operacaocredito_janeiroabril.pdf\">1\u00ba Quadrimestre<\/a><\/li>\n\n\n\n<li><a href=\"https:\/\/www.pmpf.rs.gov.br\/transparencia\/wp-content\/uploads\/sites\/31\/2021\/12\/rgf2021_operacaocredito_maioagosto.pdf\">2\u00ba Quadrimestre<\/a><\/li>\n\n\n\n<li><a href=\"https:\/\/www.pmpf.rs.gov.br\/transparencia\/wp-content\/uploads\/sites\/31\/2022\/02\/rgf2021_operacaocredito_setembrodezembro.pdf\">3\u00ba Quadrimestre<\/a><\/li>\n<\/ul>\n","protected":false},"excerpt":{"rendered":"<p>Relat\u00f3rio de Gest\u00e3o Fiscal &#8211; RGF RGF 2021 &#8211; Demonstrativo de Despesas com Pessoal RGF 2021 &#8211; Demonstrativo de D\u00edvida Consolidada L\u00edquida RGF 2021 &#8211; Demonstrativo Simplificado RGF 2021 &#8211; Demonstrativo das [&hellip;]<\/p>\n","protected":false},"author":1,"featured_media":0,"parent":2168,"menu_order":40,"comment_status":"closed","ping_status":"closed","template":"","meta":{"footnotes":""},"class_list":["post-2172","page","type-page","status-publish","hentry"],"yoast_head":"<!-- This site is optimized with the Yoast SEO plugin v23.8 - https:\/\/yoast.com\/wordpress\/plugins\/seo\/ -->\n<title>Ano 2021 - Transpar\u00eancia<\/title>\n<meta name=\"robots\" content=\"index, follow, max-snippet:-1, max-image-preview:large, max-video-preview:-1\" \/>\n<link rel=\"canonical\" href=\"https:\/\/www.pmpf.rs.gov.br\/transparencia\/relatorio-de-gestao-fiscal\/ano-2021\/\" \/>\n<meta property=\"og:locale\" content=\"pt_BR\" \/>\n<meta property=\"og:type\" content=\"article\" \/>\n<meta property=\"og:title\" content=\"Ano 2021 - Transpar\u00eancia\" \/>\n<meta property=\"og:description\" content=\"Relat\u00f3rio de Gest\u00e3o Fiscal &#8211; RGF RGF 2021 &#8211; Demonstrativo de Despesas com Pessoal RGF 2021 &#8211; Demonstrativo de D\u00edvida Consolidada L\u00edquida RGF 2021 &#8211; Demonstrativo Simplificado RGF 2021 &#8211; Demonstrativo das [&hellip;]\" \/>\n<meta property=\"og:url\" content=\"https:\/\/www.pmpf.rs.gov.br\/transparencia\/relatorio-de-gestao-fiscal\/ano-2021\/\" \/>\n<meta property=\"og:site_name\" content=\"Transpar\u00eancia\" \/>\n<meta property=\"article:modified_time\" content=\"2023-09-11T19:46:22+00:00\" \/>\n<meta name=\"twitter:card\" content=\"summary_large_image\" \/>\n<meta name=\"twitter:label1\" content=\"Est. tempo de leitura\" \/>\n\t<meta name=\"twitter:data1\" content=\"1 minuto\" \/>\n<script type=\"application\/ld+json\" class=\"yoast-schema-graph\">{\"@context\":\"https:\/\/schema.org\",\"@graph\":[{\"@type\":\"WebPage\",\"@id\":\"https:\/\/www.pmpf.rs.gov.br\/transparencia\/relatorio-de-gestao-fiscal\/ano-2021\/\",\"url\":\"https:\/\/www.pmpf.rs.gov.br\/transparencia\/relatorio-de-gestao-fiscal\/ano-2021\/\",\"name\":\"Ano 2021 - Transpar\u00eancia\",\"isPartOf\":{\"@id\":\"https:\/\/www.pmpf.rs.gov.br\/transparencia\/#website\"},\"datePublished\":\"2021-12-17T16:41:25+00:00\",\"dateModified\":\"2023-09-11T19:46:22+00:00\",\"breadcrumb\":{\"@id\":\"https:\/\/www.pmpf.rs.gov.br\/transparencia\/relatorio-de-gestao-fiscal\/ano-2021\/#breadcrumb\"},\"inLanguage\":\"pt-BR\",\"potentialAction\":[{\"@type\":\"ReadAction\",\"target\":[\"https:\/\/www.pmpf.rs.gov.br\/transparencia\/relatorio-de-gestao-fiscal\/ano-2021\/\"]}]},{\"@type\":\"BreadcrumbList\",\"@id\":\"https:\/\/www.pmpf.rs.gov.br\/transparencia\/relatorio-de-gestao-fiscal\/ano-2021\/#breadcrumb\",\"itemListElement\":[{\"@type\":\"ListItem\",\"position\":1,\"name\":\"Relat\u00f3rio de Gest\u00e3o Fiscal\",\"item\":\"https:\/\/www.pmpf.rs.gov.br\/transparencia\/relatorio-de-gestao-fiscal\/\"},{\"@type\":\"ListItem\",\"position\":2,\"name\":\"Ano 2021\"}]},{\"@type\":\"WebSite\",\"@id\":\"https:\/\/www.pmpf.rs.gov.br\/transparencia\/#website\",\"url\":\"https:\/\/www.pmpf.rs.gov.br\/transparencia\/\",\"name\":\"Transpar\u00eancia\",\"description\":\"S\u00f3 mais um site Prefeitura de Passo Fundo\",\"potentialAction\":[{\"@type\":\"SearchAction\",\"target\":{\"@type\":\"EntryPoint\",\"urlTemplate\":\"https:\/\/www.pmpf.rs.gov.br\/transparencia\/?s={search_term_string}\"},\"query-input\":{\"@type\":\"PropertyValueSpecification\",\"valueRequired\":true,\"valueName\":\"search_term_string\"}}],\"inLanguage\":\"pt-BR\"}]}<\/script>\n<!-- \/ Yoast SEO plugin. -->","yoast_head_json":{"title":"Ano 2021 - Transpar\u00eancia","robots":{"index":"index","follow":"follow","max-snippet":"max-snippet:-1","max-image-preview":"max-image-preview:large","max-video-preview":"max-video-preview:-1"},"canonical":"https:\/\/www.pmpf.rs.gov.br\/transparencia\/relatorio-de-gestao-fiscal\/ano-2021\/","og_locale":"pt_BR","og_type":"article","og_title":"Ano 2021 - Transpar\u00eancia","og_description":"Relat\u00f3rio de Gest\u00e3o Fiscal &#8211; RGF RGF 2021 &#8211; Demonstrativo de Despesas com Pessoal RGF 2021 &#8211; Demonstrativo de D\u00edvida Consolidada L\u00edquida RGF 2021 &#8211; Demonstrativo Simplificado RGF 2021 &#8211; Demonstrativo das [&hellip;]","og_url":"https:\/\/www.pmpf.rs.gov.br\/transparencia\/relatorio-de-gestao-fiscal\/ano-2021\/","og_site_name":"Transpar\u00eancia","article_modified_time":"2023-09-11T19:46:22+00:00","twitter_card":"summary_large_image","twitter_misc":{"Est. tempo de leitura":"1 minuto"},"schema":{"@context":"https:\/\/schema.org","@graph":[{"@type":"WebPage","@id":"https:\/\/www.pmpf.rs.gov.br\/transparencia\/relatorio-de-gestao-fiscal\/ano-2021\/","url":"https:\/\/www.pmpf.rs.gov.br\/transparencia\/relatorio-de-gestao-fiscal\/ano-2021\/","name":"Ano 2021 - Transpar\u00eancia","isPartOf":{"@id":"https:\/\/www.pmpf.rs.gov.br\/transparencia\/#website"},"datePublished":"2021-12-17T16:41:25+00:00","dateModified":"2023-09-11T19:46:22+00:00","breadcrumb":{"@id":"https:\/\/www.pmpf.rs.gov.br\/transparencia\/relatorio-de-gestao-fiscal\/ano-2021\/#breadcrumb"},"inLanguage":"pt-BR","potentialAction":[{"@type":"ReadAction","target":["https:\/\/www.pmpf.rs.gov.br\/transparencia\/relatorio-de-gestao-fiscal\/ano-2021\/"]}]},{"@type":"BreadcrumbList","@id":"https:\/\/www.pmpf.rs.gov.br\/transparencia\/relatorio-de-gestao-fiscal\/ano-2021\/#breadcrumb","itemListElement":[{"@type":"ListItem","position":1,"name":"Relat\u00f3rio de Gest\u00e3o Fiscal","item":"https:\/\/www.pmpf.rs.gov.br\/transparencia\/relatorio-de-gestao-fiscal\/"},{"@type":"ListItem","position":2,"name":"Ano 2021"}]},{"@type":"WebSite","@id":"https:\/\/www.pmpf.rs.gov.br\/transparencia\/#website","url":"https:\/\/www.pmpf.rs.gov.br\/transparencia\/","name":"Transpar\u00eancia","description":"S\u00f3 mais um site Prefeitura de Passo Fundo","potentialAction":[{"@type":"SearchAction","target":{"@type":"EntryPoint","urlTemplate":"https:\/\/www.pmpf.rs.gov.br\/transparencia\/?s={search_term_string}"},"query-input":{"@type":"PropertyValueSpecification","valueRequired":true,"valueName":"search_term_string"}}],"inLanguage":"pt-BR"}]}},"_links":{"self":[{"href":"https:\/\/www.pmpf.rs.gov.br\/transparencia\/wp-json\/wp\/v2\/pages\/2172"}],"collection":[{"href":"https:\/\/www.pmpf.rs.gov.br\/transparencia\/wp-json\/wp\/v2\/pages"}],"about":[{"href":"https:\/\/www.pmpf.rs.gov.br\/transparencia\/wp-json\/wp\/v2\/types\/page"}],"author":[{"embeddable":true,"href":"https:\/\/www.pmpf.rs.gov.br\/transparencia\/wp-json\/wp\/v2\/users\/1"}],"replies":[{"embeddable":true,"href":"https:\/\/www.pmpf.rs.gov.br\/transparencia\/wp-json\/wp\/v2\/comments?post=2172"}],"version-history":[{"count":9,"href":"https:\/\/www.pmpf.rs.gov.br\/transparencia\/wp-json\/wp\/v2\/pages\/2172\/revisions"}],"predecessor-version":[{"id":6122,"href":"https:\/\/www.pmpf.rs.gov.br\/transparencia\/wp-json\/wp\/v2\/pages\/2172\/revisions\/6122"}],"up":[{"embeddable":true,"href":"https:\/\/www.pmpf.rs.gov.br\/transparencia\/wp-json\/wp\/v2\/pages\/2168"}],"wp:attachment":[{"href":"https:\/\/www.pmpf.rs.gov.br\/transparencia\/wp-json\/wp\/v2\/media?parent=2172"}],"curies":[{"name":"wp","href":"https:\/\/api.w.org\/{rel}","templated":true}]}}