{"id":2152,"date":"2021-12-17T13:25:50","date_gmt":"2021-12-17T16:25:50","guid":{"rendered":"https:\/\/www.pmpf.rs.gov.br\/transparencia\/?page_id=2152"},"modified":"2025-03-31T16:24:04","modified_gmt":"2025-03-31T19:24:04","slug":"relatorio-circunstanciado","status":"publish","type":"page","link":"https:\/\/www.pmpf.rs.gov.br\/transparencia\/relatorio-circunstanciado\/","title":{"rendered":"Relat\u00f3rio Circunstanciado"},"content":{"rendered":"\n<div class=\"wp-block-columns is-layout-flex wp-container-core-columns-is-layout-1 wp-block-columns-is-layout-flex\">\n<div class=\"wp-block-column is-layout-flow wp-block-column-is-layout-flow\"><div class=\"wp-block-image\">\n<figure class=\"aligncenter size-full is-resized\"><img loading=\"lazy\" decoding=\"async\" width=\"587\" height=\"434\" src=\"https:\/\/www.pmpf.rs.gov.br\/transparencia\/wp-content\/uploads\/sites\/31\/2021\/12\/I2016-11-25_16_44_18_50652.jpg\" alt=\"\" class=\"wp-image-2153\" style=\"width:314px;height:232px\" srcset=\"https:\/\/www.pmpf.rs.gov.br\/transparencia\/wp-content\/uploads\/sites\/31\/2021\/12\/I2016-11-25_16_44_18_50652.jpg 587w, https:\/\/www.pmpf.rs.gov.br\/transparencia\/wp-content\/uploads\/sites\/31\/2021\/12\/I2016-11-25_16_44_18_50652-300x222.jpg 300w\" sizes=\"(max-width: 587px) 100vw, 587px\" \/><\/figure><\/div><\/div>\n\n\n\n<div class=\"wp-block-column is-layout-flow wp-block-column-is-layout-flow\">\n<p>O Relat\u00f3rio Circunstanciado \u00e9 um instrumento imprescind\u00edvel no acompanhamento da transpar\u00eancia da situa\u00e7\u00e3o financeira municipal atrav\u00e9s da presta\u00e7\u00e3o de contas relativa ao exerc\u00edcio anterior das contas de Governo do Prefeito, previsto no art. 2\u00ba, inciso III, al\u00ednea &#8220;a&#8221;, da Resolu\u00e7\u00e3o n\u00ba 1052\/2015. O RC apresenta informa\u00e7\u00f5es da Execu\u00e7\u00e3o Or\u00e7ament\u00e1ria, An\u00e1lises das Receitas e Despesas, Balan\u00e7os Financeiro e Patrimonial, Demonstra\u00e7\u00e3o de Varia\u00e7\u00f5es Patrimoniais, Demosntra\u00e7\u00e3o da D\u00edvida P\u00fablica e considera\u00e7\u00f5es pessoais da Administra\u00e7\u00e3o.<\/p>\n<\/div>\n<\/div>\n\n\n\n<figure class=\"wp-block-table\"><table><tbody><tr><td>Ano<\/td><td>Arquivo<\/td><\/tr><tr><td>2018<\/td><td><a href=\"https:\/\/www.pmpf.rs.gov.br\/transparencia\/wp-content\/uploads\/sites\/31\/2021\/12\/relatorio_circunstanciado_2018.pdf\" target=\"_blank\" rel=\"noreferrer noopener\"><img decoding=\"async\" src=\"https:\/\/www.pmpf.rs.gov.br\/transparencia\/wp-content\/uploads\/sites\/31\/2021\/12\/IcBaselineDownloadForOffline.svg\" alt=\"Baixar\" width=\"24px\" height=\"24px\"><\/a><\/td><\/tr><tr><td>2019<\/td><td><a href=\"https:\/\/www.pmpf.rs.gov.br\/transparencia\/wp-content\/uploads\/sites\/31\/2021\/12\/relatorio_circunstanciado_2019.pdf\" target=\"_blank\" rel=\"noreferrer noopener\"><img decoding=\"async\" src=\"https:\/\/www.pmpf.rs.gov.br\/transparencia\/wp-content\/uploads\/sites\/31\/2021\/12\/IcBaselineDownloadForOffline.svg\" alt=\"Baixar\" width=\"24px\" height=\"24px\"><\/a><\/td><\/tr><tr><td>2020<\/td><td><a href=\"https:\/\/www.pmpf.rs.gov.br\/transparencia\/wp-content\/uploads\/sites\/31\/2021\/12\/relatorio_circunstanciado_2020.pdf\" target=\"_blank\" rel=\"noreferrer noopener\"><img decoding=\"async\" src=\"https:\/\/www.pmpf.rs.gov.br\/transparencia\/wp-content\/uploads\/sites\/31\/2021\/12\/IcBaselineDownloadForOffline.svg\" alt=\"Baixar\" width=\"24px\" height=\"24px\"><\/a><\/td><\/tr><tr><td>2021<\/td><td><a href=\"https:\/\/www.pmpf.rs.gov.br\/transparencia\/wp-content\/uploads\/sites\/31\/2022\/03\/relatorio_circunstanciado_2021.pdf\"><img decoding=\"async\" src=\"https:\/\/www.pmpf.rs.gov.br\/transparencia\/wp-content\/uploads\/sites\/31\/2021\/12\/IcBaselineDownloadForOffline.svg\" alt=\"Baixar\" width=\"24px\" height=\"24px\"><\/a><\/td><\/tr><tr><td>2022<\/td><td><a href=\"https:\/\/www.pmpf.rs.gov.br\/transparencia\/wp-content\/uploads\/sites\/31\/2023\/03\/relatorio_circustanciado_2022.pdf\" target=\"_blank\" rel=\"noreferrer noopener\"><img decoding=\"async\" width=\"24px\" height=\"24px\" src=\"https:\/\/www.pmpf.rs.gov.br\/transparencia\/wp-content\/uploads\/sites\/31\/2021\/12\/IcBaselineDownloadForOffline.svg\" alt=\"Baixar\"><\/a><\/td><\/tr><tr><td>2023<\/td><td><a href=\"https:\/\/www.pmpf.rs.gov.br\/transparencia\/wp-content\/uploads\/sites\/31\/2024\/04\/relatorio_circustanciado_2023.pdf\" target=\"_blank\" rel=\"noreferrer noopener\"><img decoding=\"async\" width=\"24px\" height=\"24px\" src=\"https:\/\/www.pmpf.rs.gov.br\/transparencia\/wp-content\/uploads\/sites\/31\/2021\/12\/IcBaselineDownloadForOffline.svg\" alt=\"Baixar\"><\/a><\/td><\/tr><tr><td>2024<\/td><td><a href=\"https:\/\/www.pmpf.rs.gov.br\/transparencia\/wp-content\/uploads\/sites\/31\/2025\/03\/relatorio_circustanciado_2024.pdf\" target=\"_blank\" rel=\"noreferrer noopener\"><img decoding=\"async\" width=\"24px\" height=\"24px\" src=\"https:\/\/www.pmpf.rs.gov.br\/transparencia\/wp-content\/uploads\/sites\/31\/2021\/12\/IcBaselineDownloadForOffline.svg\" alt=\"Baixar\"><\/a><\/td><\/tr><\/tbody><\/table><\/figure>\n","protected":false},"excerpt":{"rendered":"<p>O Relat\u00f3rio Circunstanciado \u00e9 um instrumento imprescind\u00edvel no acompanhamento da transpar\u00eancia da situa\u00e7\u00e3o financeira municipal atrav\u00e9s da presta\u00e7\u00e3o de contas relativa ao exerc\u00edcio anterior das contas de Governo do Prefeito, previsto no [&hellip;]<\/p>\n","protected":false},"author":1,"featured_media":0,"parent":0,"menu_order":43,"comment_status":"closed","ping_status":"closed","template":"","meta":{"footnotes":""},"class_list":["post-2152","page","type-page","status-publish","hentry"],"yoast_head":"<!-- This site is optimized with the Yoast SEO plugin v23.8 - https:\/\/yoast.com\/wordpress\/plugins\/seo\/ -->\n<title>Relat\u00f3rio Circunstanciado - Transpar\u00eancia<\/title>\n<meta name=\"robots\" content=\"index, follow, max-snippet:-1, max-image-preview:large, max-video-preview:-1\" \/>\n<link rel=\"canonical\" href=\"https:\/\/www.pmpf.rs.gov.br\/transparencia\/relatorio-circunstanciado\/\" \/>\n<meta property=\"og:locale\" content=\"pt_BR\" \/>\n<meta property=\"og:type\" content=\"article\" \/>\n<meta property=\"og:title\" content=\"Relat\u00f3rio Circunstanciado - Transpar\u00eancia\" \/>\n<meta property=\"og:description\" content=\"O Relat\u00f3rio Circunstanciado \u00e9 um instrumento imprescind\u00edvel no acompanhamento da transpar\u00eancia da situa\u00e7\u00e3o financeira municipal atrav\u00e9s da presta\u00e7\u00e3o de contas relativa ao exerc\u00edcio anterior das contas de Governo do Prefeito, previsto no [&hellip;]\" \/>\n<meta property=\"og:url\" content=\"https:\/\/www.pmpf.rs.gov.br\/transparencia\/relatorio-circunstanciado\/\" \/>\n<meta property=\"og:site_name\" content=\"Transpar\u00eancia\" \/>\n<meta property=\"article:modified_time\" content=\"2025-03-31T19:24:04+00:00\" \/>\n<meta property=\"og:image\" content=\"https:\/\/www.pmpf.rs.gov.br\/transparencia\/wp-content\/uploads\/sites\/31\/2021\/12\/I2016-11-25_16_44_18_50652.jpg\" \/>\n\t<meta property=\"og:image:width\" content=\"587\" \/>\n\t<meta property=\"og:image:height\" content=\"434\" \/>\n\t<meta property=\"og:image:type\" content=\"image\/jpeg\" \/>\n<meta name=\"twitter:card\" content=\"summary_large_image\" \/>\n<meta name=\"twitter:label1\" content=\"Est. tempo de leitura\" \/>\n\t<meta name=\"twitter:data1\" content=\"3 minutos\" \/>\n<script type=\"application\/ld+json\" class=\"yoast-schema-graph\">{\"@context\":\"https:\/\/schema.org\",\"@graph\":[{\"@type\":\"WebPage\",\"@id\":\"https:\/\/www.pmpf.rs.gov.br\/transparencia\/relatorio-circunstanciado\/\",\"url\":\"https:\/\/www.pmpf.rs.gov.br\/transparencia\/relatorio-circunstanciado\/\",\"name\":\"Relat\u00f3rio Circunstanciado - Transpar\u00eancia\",\"isPartOf\":{\"@id\":\"https:\/\/www.pmpf.rs.gov.br\/transparencia\/#website\"},\"primaryImageOfPage\":{\"@id\":\"https:\/\/www.pmpf.rs.gov.br\/transparencia\/relatorio-circunstanciado\/#primaryimage\"},\"image\":{\"@id\":\"https:\/\/www.pmpf.rs.gov.br\/transparencia\/relatorio-circunstanciado\/#primaryimage\"},\"thumbnailUrl\":\"https:\/\/www.pmpf.rs.gov.br\/transparencia\/wp-content\/uploads\/sites\/31\/2021\/12\/I2016-11-25_16_44_18_50652.jpg\",\"datePublished\":\"2021-12-17T16:25:50+00:00\",\"dateModified\":\"2025-03-31T19:24:04+00:00\",\"inLanguage\":\"pt-BR\",\"potentialAction\":[{\"@type\":\"ReadAction\",\"target\":[\"https:\/\/www.pmpf.rs.gov.br\/transparencia\/relatorio-circunstanciado\/\"]}]},{\"@type\":\"ImageObject\",\"inLanguage\":\"pt-BR\",\"@id\":\"https:\/\/www.pmpf.rs.gov.br\/transparencia\/relatorio-circunstanciado\/#primaryimage\",\"url\":\"https:\/\/www.pmpf.rs.gov.br\/transparencia\/wp-content\/uploads\/sites\/31\/2021\/12\/I2016-11-25_16_44_18_50652.jpg\",\"contentUrl\":\"https:\/\/www.pmpf.rs.gov.br\/transparencia\/wp-content\/uploads\/sites\/31\/2021\/12\/I2016-11-25_16_44_18_50652.jpg\",\"width\":587,\"height\":434},{\"@type\":\"WebSite\",\"@id\":\"https:\/\/www.pmpf.rs.gov.br\/transparencia\/#website\",\"url\":\"https:\/\/www.pmpf.rs.gov.br\/transparencia\/\",\"name\":\"Transpar\u00eancia\",\"description\":\"S\u00f3 mais um site Prefeitura de Passo Fundo\",\"potentialAction\":[{\"@type\":\"SearchAction\",\"target\":{\"@type\":\"EntryPoint\",\"urlTemplate\":\"https:\/\/www.pmpf.rs.gov.br\/transparencia\/?s={search_term_string}\"},\"query-input\":{\"@type\":\"PropertyValueSpecification\",\"valueRequired\":true,\"valueName\":\"search_term_string\"}}],\"inLanguage\":\"pt-BR\"}]}<\/script>\n<!-- \/ Yoast SEO plugin. -->","yoast_head_json":{"title":"Relat\u00f3rio Circunstanciado - Transpar\u00eancia","robots":{"index":"index","follow":"follow","max-snippet":"max-snippet:-1","max-image-preview":"max-image-preview:large","max-video-preview":"max-video-preview:-1"},"canonical":"https:\/\/www.pmpf.rs.gov.br\/transparencia\/relatorio-circunstanciado\/","og_locale":"pt_BR","og_type":"article","og_title":"Relat\u00f3rio Circunstanciado - Transpar\u00eancia","og_description":"O Relat\u00f3rio Circunstanciado \u00e9 um instrumento imprescind\u00edvel no acompanhamento da transpar\u00eancia da situa\u00e7\u00e3o financeira municipal atrav\u00e9s da presta\u00e7\u00e3o de contas relativa ao exerc\u00edcio anterior das contas de Governo do Prefeito, previsto no [&hellip;]","og_url":"https:\/\/www.pmpf.rs.gov.br\/transparencia\/relatorio-circunstanciado\/","og_site_name":"Transpar\u00eancia","article_modified_time":"2025-03-31T19:24:04+00:00","og_image":[{"width":587,"height":434,"url":"https:\/\/www.pmpf.rs.gov.br\/transparencia\/wp-content\/uploads\/sites\/31\/2021\/12\/I2016-11-25_16_44_18_50652.jpg","type":"image\/jpeg"}],"twitter_card":"summary_large_image","twitter_misc":{"Est. tempo de leitura":"3 minutos"},"schema":{"@context":"https:\/\/schema.org","@graph":[{"@type":"WebPage","@id":"https:\/\/www.pmpf.rs.gov.br\/transparencia\/relatorio-circunstanciado\/","url":"https:\/\/www.pmpf.rs.gov.br\/transparencia\/relatorio-circunstanciado\/","name":"Relat\u00f3rio Circunstanciado - Transpar\u00eancia","isPartOf":{"@id":"https:\/\/www.pmpf.rs.gov.br\/transparencia\/#website"},"primaryImageOfPage":{"@id":"https:\/\/www.pmpf.rs.gov.br\/transparencia\/relatorio-circunstanciado\/#primaryimage"},"image":{"@id":"https:\/\/www.pmpf.rs.gov.br\/transparencia\/relatorio-circunstanciado\/#primaryimage"},"thumbnailUrl":"https:\/\/www.pmpf.rs.gov.br\/transparencia\/wp-content\/uploads\/sites\/31\/2021\/12\/I2016-11-25_16_44_18_50652.jpg","datePublished":"2021-12-17T16:25:50+00:00","dateModified":"2025-03-31T19:24:04+00:00","inLanguage":"pt-BR","potentialAction":[{"@type":"ReadAction","target":["https:\/\/www.pmpf.rs.gov.br\/transparencia\/relatorio-circunstanciado\/"]}]},{"@type":"ImageObject","inLanguage":"pt-BR","@id":"https:\/\/www.pmpf.rs.gov.br\/transparencia\/relatorio-circunstanciado\/#primaryimage","url":"https:\/\/www.pmpf.rs.gov.br\/transparencia\/wp-content\/uploads\/sites\/31\/2021\/12\/I2016-11-25_16_44_18_50652.jpg","contentUrl":"https:\/\/www.pmpf.rs.gov.br\/transparencia\/wp-content\/uploads\/sites\/31\/2021\/12\/I2016-11-25_16_44_18_50652.jpg","width":587,"height":434},{"@type":"WebSite","@id":"https:\/\/www.pmpf.rs.gov.br\/transparencia\/#website","url":"https:\/\/www.pmpf.rs.gov.br\/transparencia\/","name":"Transpar\u00eancia","description":"S\u00f3 mais um site Prefeitura de Passo Fundo","potentialAction":[{"@type":"SearchAction","target":{"@type":"EntryPoint","urlTemplate":"https:\/\/www.pmpf.rs.gov.br\/transparencia\/?s={search_term_string}"},"query-input":{"@type":"PropertyValueSpecification","valueRequired":true,"valueName":"search_term_string"}}],"inLanguage":"pt-BR"}]}},"_links":{"self":[{"href":"https:\/\/www.pmpf.rs.gov.br\/transparencia\/wp-json\/wp\/v2\/pages\/2152"}],"collection":[{"href":"https:\/\/www.pmpf.rs.gov.br\/transparencia\/wp-json\/wp\/v2\/pages"}],"about":[{"href":"https:\/\/www.pmpf.rs.gov.br\/transparencia\/wp-json\/wp\/v2\/types\/page"}],"author":[{"embeddable":true,"href":"https:\/\/www.pmpf.rs.gov.br\/transparencia\/wp-json\/wp\/v2\/users\/1"}],"replies":[{"embeddable":true,"href":"https:\/\/www.pmpf.rs.gov.br\/transparencia\/wp-json\/wp\/v2\/comments?post=2152"}],"version-history":[{"count":11,"href":"https:\/\/www.pmpf.rs.gov.br\/transparencia\/wp-json\/wp\/v2\/pages\/2152\/revisions"}],"predecessor-version":[{"id":9283,"href":"https:\/\/www.pmpf.rs.gov.br\/transparencia\/wp-json\/wp\/v2\/pages\/2152\/revisions\/9283"}],"wp:attachment":[{"href":"https:\/\/www.pmpf.rs.gov.br\/transparencia\/wp-json\/wp\/v2\/media?parent=2152"}],"curies":[{"name":"wp","href":"https:\/\/api.w.org\/{rel}","templated":true}]}}