{"id":2042,"date":"2021-12-17T10:46:44","date_gmt":"2021-12-17T13:46:44","guid":{"rendered":"https:\/\/www.pmpf.rs.gov.br\/transparencia\/?page_id=2042"},"modified":"2021-12-17T10:54:36","modified_gmt":"2021-12-17T13:54:36","slug":"ano-2018","status":"publish","type":"page","link":"https:\/\/www.pmpf.rs.gov.br\/transparencia\/plano-do-siafic\/ano-2018\/","title":{"rendered":"Ano 2018"},"content":{"rendered":"\n<h2 class=\"wp-block-heading\">Relat\u00f3rio de Gest\u00e3o Fiscal<\/h2>\n\n\n\n<h3 class=\"wp-block-heading\">RGF 2018 &#8211; Demonstrativo de Despesas com Pessoal<\/h3>\n\n\n\n<ul class=\"wp-block-list\"><li><a href=\"https:\/\/www.pmpf.rs.gov.br\/transparencia\/wp-content\/uploads\/sites\/31\/2021\/12\/rgf2018_pessoal_janeiroabril.pdf\">1\u00ba Quadrimestre<\/a><\/li><li><a href=\"https:\/\/www.pmpf.rs.gov.br\/transparencia\/wp-content\/uploads\/sites\/31\/2021\/12\/rgf2018_pessoal_maioagosto.pdf\">2\u00ba Quadrimestre<\/a><\/li><li><a href=\"https:\/\/www.pmpf.rs.gov.br\/transparencia\/wp-content\/uploads\/sites\/31\/2021\/12\/pessoal-_3quadrimestre_18.pdf\">3\u00ba Quadrimestre<\/a><\/li><\/ul>\n\n\n\n<h3 class=\"wp-block-heading\">RGF 2018 &#8211; Demonstrativo de D\u00edvida Consolidada L\u00edquida<\/h3>\n\n\n\n<ul class=\"wp-block-list\"><li><a href=\"https:\/\/www.pmpf.rs.gov.br\/transparencia\/wp-content\/uploads\/sites\/31\/2021\/12\/rgf2018_divida_janeiroabril.pdf\">1\u00ba Quadrimestre<\/a><\/li><li><a href=\"https:\/\/www.pmpf.rs.gov.br\/transparencia\/wp-content\/uploads\/sites\/31\/2021\/12\/rgf2018_divida_maioagosto.pdf\">2\u00ba Quadrimestre<\/a><\/li><li><a href=\"https:\/\/www.pmpf.rs.gov.br\/transparencia\/wp-content\/uploads\/sites\/31\/2021\/12\/divida_3quadrimestre_18.pdf\">3\u00ba Quadrimestre<\/a><\/li><\/ul>\n\n\n\n<h3 class=\"wp-block-heading\">RGF 2018 &#8211; Demonstrativo Simplificado<\/h3>\n\n\n\n<ul class=\"wp-block-list\"><li><a href=\"https:\/\/www.pmpf.rs.gov.br\/transparencia\/wp-content\/uploads\/sites\/31\/2021\/12\/rgf2018_simplificado_janeiroabril.pdf\">1\u00ba Quadrimestre<\/a><\/li><li><a href=\"https:\/\/www.pmpf.rs.gov.br\/transparencia\/wp-content\/uploads\/sites\/31\/2021\/12\/rgf2018_simplificado_maioagosto.pdf\">2\u00ba Quadrimestre<\/a><\/li><li><a href=\"https:\/\/www.pmpf.rs.gov.br\/transparencia\/wp-content\/uploads\/sites\/31\/2021\/12\/simplificado-_3quadrimestre_18.pdf\">3\u00ba Quadrimestre<\/a><\/li><\/ul>\n","protected":false},"excerpt":{"rendered":"<p>Relat\u00f3rio de Gest\u00e3o Fiscal RGF 2018 &#8211; Demonstrativo de Despesas com Pessoal 1\u00ba Quadrimestre 2\u00ba Quadrimestre 3\u00ba Quadrimestre RGF 2018 &#8211; Demonstrativo de D\u00edvida Consolidada L\u00edquida 1\u00ba Quadrimestre 2\u00ba Quadrimestre 3\u00ba Quadrimestre [&hellip;]<\/p>\n","protected":false},"author":1,"featured_media":0,"parent":1997,"menu_order":56,"comment_status":"closed","ping_status":"closed","template":"","meta":{"footnotes":""},"class_list":["post-2042","page","type-page","status-publish","hentry"],"yoast_head":"<!-- This site is optimized with the Yoast SEO plugin v23.8 - https:\/\/yoast.com\/wordpress\/plugins\/seo\/ -->\n<title>Ano 2018 - Transpar\u00eancia<\/title>\n<meta name=\"robots\" content=\"index, follow, max-snippet:-1, max-image-preview:large, max-video-preview:-1\" \/>\n<link rel=\"canonical\" href=\"https:\/\/www.pmpf.rs.gov.br\/transparencia\/plano-do-siafic\/ano-2018\/\" \/>\n<meta property=\"og:locale\" content=\"pt_BR\" \/>\n<meta property=\"og:type\" content=\"article\" \/>\n<meta property=\"og:title\" content=\"Ano 2018 - Transpar\u00eancia\" \/>\n<meta property=\"og:description\" content=\"Relat\u00f3rio de Gest\u00e3o Fiscal RGF 2018 &#8211; Demonstrativo de Despesas com Pessoal 1\u00ba Quadrimestre 2\u00ba Quadrimestre 3\u00ba Quadrimestre RGF 2018 &#8211; Demonstrativo de D\u00edvida Consolidada L\u00edquida 1\u00ba Quadrimestre 2\u00ba Quadrimestre 3\u00ba Quadrimestre [&hellip;]\" \/>\n<meta property=\"og:url\" content=\"https:\/\/www.pmpf.rs.gov.br\/transparencia\/plano-do-siafic\/ano-2018\/\" \/>\n<meta property=\"og:site_name\" content=\"Transpar\u00eancia\" \/>\n<meta property=\"article:modified_time\" content=\"2021-12-17T13:54:36+00:00\" \/>\n<meta name=\"twitter:card\" content=\"summary_large_image\" \/>\n<meta name=\"twitter:label1\" content=\"Est. tempo de leitura\" \/>\n\t<meta name=\"twitter:data1\" content=\"1 minuto\" \/>\n<script type=\"application\/ld+json\" class=\"yoast-schema-graph\">{\"@context\":\"https:\/\/schema.org\",\"@graph\":[{\"@type\":\"WebPage\",\"@id\":\"https:\/\/www.pmpf.rs.gov.br\/transparencia\/plano-do-siafic\/ano-2018\/\",\"url\":\"https:\/\/www.pmpf.rs.gov.br\/transparencia\/plano-do-siafic\/ano-2018\/\",\"name\":\"Ano 2018 - Transpar\u00eancia\",\"isPartOf\":{\"@id\":\"https:\/\/www.pmpf.rs.gov.br\/transparencia\/#website\"},\"datePublished\":\"2021-12-17T13:46:44+00:00\",\"dateModified\":\"2021-12-17T13:54:36+00:00\",\"breadcrumb\":{\"@id\":\"https:\/\/www.pmpf.rs.gov.br\/transparencia\/plano-do-siafic\/ano-2018\/#breadcrumb\"},\"inLanguage\":\"pt-BR\",\"potentialAction\":[{\"@type\":\"ReadAction\",\"target\":[\"https:\/\/www.pmpf.rs.gov.br\/transparencia\/plano-do-siafic\/ano-2018\/\"]}]},{\"@type\":\"BreadcrumbList\",\"@id\":\"https:\/\/www.pmpf.rs.gov.br\/transparencia\/plano-do-siafic\/ano-2018\/#breadcrumb\",\"itemListElement\":[{\"@type\":\"ListItem\",\"position\":1,\"name\":\"Plano do SIAFIC\",\"item\":\"https:\/\/www.pmpf.rs.gov.br\/transparencia\/plano-do-siafic\/\"},{\"@type\":\"ListItem\",\"position\":2,\"name\":\"Ano 2018\"}]},{\"@type\":\"WebSite\",\"@id\":\"https:\/\/www.pmpf.rs.gov.br\/transparencia\/#website\",\"url\":\"https:\/\/www.pmpf.rs.gov.br\/transparencia\/\",\"name\":\"Transpar\u00eancia\",\"description\":\"S\u00f3 mais um site Prefeitura de Passo Fundo\",\"potentialAction\":[{\"@type\":\"SearchAction\",\"target\":{\"@type\":\"EntryPoint\",\"urlTemplate\":\"https:\/\/www.pmpf.rs.gov.br\/transparencia\/?s={search_term_string}\"},\"query-input\":{\"@type\":\"PropertyValueSpecification\",\"valueRequired\":true,\"valueName\":\"search_term_string\"}}],\"inLanguage\":\"pt-BR\"}]}<\/script>\n<!-- \/ Yoast SEO plugin. -->","yoast_head_json":{"title":"Ano 2018 - Transpar\u00eancia","robots":{"index":"index","follow":"follow","max-snippet":"max-snippet:-1","max-image-preview":"max-image-preview:large","max-video-preview":"max-video-preview:-1"},"canonical":"https:\/\/www.pmpf.rs.gov.br\/transparencia\/plano-do-siafic\/ano-2018\/","og_locale":"pt_BR","og_type":"article","og_title":"Ano 2018 - Transpar\u00eancia","og_description":"Relat\u00f3rio de Gest\u00e3o Fiscal RGF 2018 &#8211; Demonstrativo de Despesas com Pessoal 1\u00ba Quadrimestre 2\u00ba Quadrimestre 3\u00ba Quadrimestre RGF 2018 &#8211; Demonstrativo de D\u00edvida Consolidada L\u00edquida 1\u00ba Quadrimestre 2\u00ba Quadrimestre 3\u00ba Quadrimestre [&hellip;]","og_url":"https:\/\/www.pmpf.rs.gov.br\/transparencia\/plano-do-siafic\/ano-2018\/","og_site_name":"Transpar\u00eancia","article_modified_time":"2021-12-17T13:54:36+00:00","twitter_card":"summary_large_image","twitter_misc":{"Est. tempo de leitura":"1 minuto"},"schema":{"@context":"https:\/\/schema.org","@graph":[{"@type":"WebPage","@id":"https:\/\/www.pmpf.rs.gov.br\/transparencia\/plano-do-siafic\/ano-2018\/","url":"https:\/\/www.pmpf.rs.gov.br\/transparencia\/plano-do-siafic\/ano-2018\/","name":"Ano 2018 - Transpar\u00eancia","isPartOf":{"@id":"https:\/\/www.pmpf.rs.gov.br\/transparencia\/#website"},"datePublished":"2021-12-17T13:46:44+00:00","dateModified":"2021-12-17T13:54:36+00:00","breadcrumb":{"@id":"https:\/\/www.pmpf.rs.gov.br\/transparencia\/plano-do-siafic\/ano-2018\/#breadcrumb"},"inLanguage":"pt-BR","potentialAction":[{"@type":"ReadAction","target":["https:\/\/www.pmpf.rs.gov.br\/transparencia\/plano-do-siafic\/ano-2018\/"]}]},{"@type":"BreadcrumbList","@id":"https:\/\/www.pmpf.rs.gov.br\/transparencia\/plano-do-siafic\/ano-2018\/#breadcrumb","itemListElement":[{"@type":"ListItem","position":1,"name":"Plano do SIAFIC","item":"https:\/\/www.pmpf.rs.gov.br\/transparencia\/plano-do-siafic\/"},{"@type":"ListItem","position":2,"name":"Ano 2018"}]},{"@type":"WebSite","@id":"https:\/\/www.pmpf.rs.gov.br\/transparencia\/#website","url":"https:\/\/www.pmpf.rs.gov.br\/transparencia\/","name":"Transpar\u00eancia","description":"S\u00f3 mais um site Prefeitura de Passo Fundo","potentialAction":[{"@type":"SearchAction","target":{"@type":"EntryPoint","urlTemplate":"https:\/\/www.pmpf.rs.gov.br\/transparencia\/?s={search_term_string}"},"query-input":{"@type":"PropertyValueSpecification","valueRequired":true,"valueName":"search_term_string"}}],"inLanguage":"pt-BR"}]}},"_links":{"self":[{"href":"https:\/\/www.pmpf.rs.gov.br\/transparencia\/wp-json\/wp\/v2\/pages\/2042"}],"collection":[{"href":"https:\/\/www.pmpf.rs.gov.br\/transparencia\/wp-json\/wp\/v2\/pages"}],"about":[{"href":"https:\/\/www.pmpf.rs.gov.br\/transparencia\/wp-json\/wp\/v2\/types\/page"}],"author":[{"embeddable":true,"href":"https:\/\/www.pmpf.rs.gov.br\/transparencia\/wp-json\/wp\/v2\/users\/1"}],"replies":[{"embeddable":true,"href":"https:\/\/www.pmpf.rs.gov.br\/transparencia\/wp-json\/wp\/v2\/comments?post=2042"}],"version-history":[{"count":4,"href":"https:\/\/www.pmpf.rs.gov.br\/transparencia\/wp-json\/wp\/v2\/pages\/2042\/revisions"}],"predecessor-version":[{"id":2057,"href":"https:\/\/www.pmpf.rs.gov.br\/transparencia\/wp-json\/wp\/v2\/pages\/2042\/revisions\/2057"}],"up":[{"embeddable":true,"href":"https:\/\/www.pmpf.rs.gov.br\/transparencia\/wp-json\/wp\/v2\/pages\/1997"}],"wp:attachment":[{"href":"https:\/\/www.pmpf.rs.gov.br\/transparencia\/wp-json\/wp\/v2\/media?parent=2042"}],"curies":[{"name":"wp","href":"https:\/\/api.w.org\/{rel}","templated":true}]}}