{"id":1943,"date":"2021-12-17T09:59:15","date_gmt":"2021-12-17T12:59:15","guid":{"rendered":"https:\/\/www.pmpf.rs.gov.br\/transparencia\/?page_id=1943"},"modified":"2021-12-17T10:00:17","modified_gmt":"2021-12-17T13:00:17","slug":"ano-2014","status":"publish","type":"page","link":"https:\/\/www.pmpf.rs.gov.br\/transparencia\/demonstrativos-contabeis\/ano-2014\/","title":{"rendered":"Ano 2014"},"content":{"rendered":"\n<ul class=\"wp-block-list\"><li><a href=\"https:\/\/www.pmpf.rs.gov.br\/transparencia\/wp-content\/uploads\/sites\/31\/2021\/12\/demonstrativos_contabeis_2014_balanco_orcamentario.pdf\">Balan\u00e7o Or\u00e7ament\u00e1rio<\/a><\/li><li><a href=\"https:\/\/www.pmpf.rs.gov.br\/transparencia\/wp-content\/uploads\/sites\/31\/2021\/12\/demonstrativos_contabeis_2014_balanco_financeiro.pdf\">Balan\u00e7o Financeiro<\/a><\/li><li><a href=\"https:\/\/www.pmpf.rs.gov.br\/transparencia\/wp-content\/uploads\/sites\/31\/2021\/12\/demonstrativos_contabeis_2014_balanco_patrimonial.pdf\">Balan\u00e7o Patrimonial<\/a><\/li><li><a href=\"https:\/\/www.pmpf.rs.gov.br\/transparencia\/wp-content\/uploads\/sites\/31\/2021\/12\/demonstrativos_contabeis_2014_variacoes_patrimoniais.pdf\">Demonstrativo das Varia\u00e7\u00f5es Patrimoniais<\/a><\/li><li><a href=\"https:\/\/www.pmpf.rs.gov.br\/transparencia\/wp-content\/uploads\/sites\/31\/2021\/12\/demonstrativos_contabeis_2014_fluxos_caixa.pdf\">Demonstrativo dos Fluxos de Caixa (DFC)<\/a><\/li><\/ul>\n","protected":false},"excerpt":{"rendered":"<p>Balan\u00e7o Or\u00e7ament\u00e1rio Balan\u00e7o Financeiro Balan\u00e7o Patrimonial Demonstrativo das Varia\u00e7\u00f5es Patrimoniais Demonstrativo dos Fluxos de Caixa (DFC)<\/p>\n","protected":false},"author":1,"featured_media":0,"parent":1930,"menu_order":70,"comment_status":"closed","ping_status":"closed","template":"","meta":{"footnotes":""},"class_list":["post-1943","page","type-page","status-publish","hentry"],"yoast_head":"<!-- This site is optimized with the Yoast SEO plugin v23.8 - https:\/\/yoast.com\/wordpress\/plugins\/seo\/ -->\n<title>Ano 2014 - Transpar\u00eancia<\/title>\n<meta name=\"robots\" content=\"index, follow, max-snippet:-1, max-image-preview:large, max-video-preview:-1\" \/>\n<link rel=\"canonical\" href=\"https:\/\/www.pmpf.rs.gov.br\/transparencia\/demonstrativos-contabeis\/ano-2014\/\" \/>\n<meta property=\"og:locale\" content=\"pt_BR\" \/>\n<meta property=\"og:type\" content=\"article\" \/>\n<meta property=\"og:title\" content=\"Ano 2014 - Transpar\u00eancia\" \/>\n<meta property=\"og:description\" content=\"Balan\u00e7o Or\u00e7ament\u00e1rio Balan\u00e7o Financeiro Balan\u00e7o Patrimonial Demonstrativo das Varia\u00e7\u00f5es Patrimoniais Demonstrativo dos Fluxos de Caixa (DFC)\" \/>\n<meta property=\"og:url\" content=\"https:\/\/www.pmpf.rs.gov.br\/transparencia\/demonstrativos-contabeis\/ano-2014\/\" \/>\n<meta property=\"og:site_name\" content=\"Transpar\u00eancia\" \/>\n<meta property=\"article:modified_time\" content=\"2021-12-17T13:00:17+00:00\" \/>\n<meta name=\"twitter:card\" content=\"summary_large_image\" \/>\n<meta name=\"twitter:label1\" content=\"Est. tempo de leitura\" \/>\n\t<meta name=\"twitter:data1\" content=\"1 minuto\" \/>\n<script type=\"application\/ld+json\" class=\"yoast-schema-graph\">{\"@context\":\"https:\/\/schema.org\",\"@graph\":[{\"@type\":\"WebPage\",\"@id\":\"https:\/\/www.pmpf.rs.gov.br\/transparencia\/demonstrativos-contabeis\/ano-2014\/\",\"url\":\"https:\/\/www.pmpf.rs.gov.br\/transparencia\/demonstrativos-contabeis\/ano-2014\/\",\"name\":\"Ano 2014 - Transpar\u00eancia\",\"isPartOf\":{\"@id\":\"https:\/\/www.pmpf.rs.gov.br\/transparencia\/#website\"},\"datePublished\":\"2021-12-17T12:59:15+00:00\",\"dateModified\":\"2021-12-17T13:00:17+00:00\",\"breadcrumb\":{\"@id\":\"https:\/\/www.pmpf.rs.gov.br\/transparencia\/demonstrativos-contabeis\/ano-2014\/#breadcrumb\"},\"inLanguage\":\"pt-BR\",\"potentialAction\":[{\"@type\":\"ReadAction\",\"target\":[\"https:\/\/www.pmpf.rs.gov.br\/transparencia\/demonstrativos-contabeis\/ano-2014\/\"]}]},{\"@type\":\"BreadcrumbList\",\"@id\":\"https:\/\/www.pmpf.rs.gov.br\/transparencia\/demonstrativos-contabeis\/ano-2014\/#breadcrumb\",\"itemListElement\":[{\"@type\":\"ListItem\",\"position\":1,\"name\":\"Demonstrativos Cont\u00e1beis\",\"item\":\"https:\/\/www.pmpf.rs.gov.br\/transparencia\/demonstrativos-contabeis\/\"},{\"@type\":\"ListItem\",\"position\":2,\"name\":\"Ano 2014\"}]},{\"@type\":\"WebSite\",\"@id\":\"https:\/\/www.pmpf.rs.gov.br\/transparencia\/#website\",\"url\":\"https:\/\/www.pmpf.rs.gov.br\/transparencia\/\",\"name\":\"Transpar\u00eancia\",\"description\":\"S\u00f3 mais um site Prefeitura de Passo Fundo\",\"potentialAction\":[{\"@type\":\"SearchAction\",\"target\":{\"@type\":\"EntryPoint\",\"urlTemplate\":\"https:\/\/www.pmpf.rs.gov.br\/transparencia\/?s={search_term_string}\"},\"query-input\":{\"@type\":\"PropertyValueSpecification\",\"valueRequired\":true,\"valueName\":\"search_term_string\"}}],\"inLanguage\":\"pt-BR\"}]}<\/script>\n<!-- \/ Yoast SEO plugin. -->","yoast_head_json":{"title":"Ano 2014 - Transpar\u00eancia","robots":{"index":"index","follow":"follow","max-snippet":"max-snippet:-1","max-image-preview":"max-image-preview:large","max-video-preview":"max-video-preview:-1"},"canonical":"https:\/\/www.pmpf.rs.gov.br\/transparencia\/demonstrativos-contabeis\/ano-2014\/","og_locale":"pt_BR","og_type":"article","og_title":"Ano 2014 - Transpar\u00eancia","og_description":"Balan\u00e7o Or\u00e7ament\u00e1rio Balan\u00e7o Financeiro Balan\u00e7o Patrimonial Demonstrativo das Varia\u00e7\u00f5es Patrimoniais Demonstrativo dos Fluxos de Caixa (DFC)","og_url":"https:\/\/www.pmpf.rs.gov.br\/transparencia\/demonstrativos-contabeis\/ano-2014\/","og_site_name":"Transpar\u00eancia","article_modified_time":"2021-12-17T13:00:17+00:00","twitter_card":"summary_large_image","twitter_misc":{"Est. tempo de leitura":"1 minuto"},"schema":{"@context":"https:\/\/schema.org","@graph":[{"@type":"WebPage","@id":"https:\/\/www.pmpf.rs.gov.br\/transparencia\/demonstrativos-contabeis\/ano-2014\/","url":"https:\/\/www.pmpf.rs.gov.br\/transparencia\/demonstrativos-contabeis\/ano-2014\/","name":"Ano 2014 - Transpar\u00eancia","isPartOf":{"@id":"https:\/\/www.pmpf.rs.gov.br\/transparencia\/#website"},"datePublished":"2021-12-17T12:59:15+00:00","dateModified":"2021-12-17T13:00:17+00:00","breadcrumb":{"@id":"https:\/\/www.pmpf.rs.gov.br\/transparencia\/demonstrativos-contabeis\/ano-2014\/#breadcrumb"},"inLanguage":"pt-BR","potentialAction":[{"@type":"ReadAction","target":["https:\/\/www.pmpf.rs.gov.br\/transparencia\/demonstrativos-contabeis\/ano-2014\/"]}]},{"@type":"BreadcrumbList","@id":"https:\/\/www.pmpf.rs.gov.br\/transparencia\/demonstrativos-contabeis\/ano-2014\/#breadcrumb","itemListElement":[{"@type":"ListItem","position":1,"name":"Demonstrativos Cont\u00e1beis","item":"https:\/\/www.pmpf.rs.gov.br\/transparencia\/demonstrativos-contabeis\/"},{"@type":"ListItem","position":2,"name":"Ano 2014"}]},{"@type":"WebSite","@id":"https:\/\/www.pmpf.rs.gov.br\/transparencia\/#website","url":"https:\/\/www.pmpf.rs.gov.br\/transparencia\/","name":"Transpar\u00eancia","description":"S\u00f3 mais um site Prefeitura de Passo Fundo","potentialAction":[{"@type":"SearchAction","target":{"@type":"EntryPoint","urlTemplate":"https:\/\/www.pmpf.rs.gov.br\/transparencia\/?s={search_term_string}"},"query-input":{"@type":"PropertyValueSpecification","valueRequired":true,"valueName":"search_term_string"}}],"inLanguage":"pt-BR"}]}},"_links":{"self":[{"href":"https:\/\/www.pmpf.rs.gov.br\/transparencia\/wp-json\/wp\/v2\/pages\/1943"}],"collection":[{"href":"https:\/\/www.pmpf.rs.gov.br\/transparencia\/wp-json\/wp\/v2\/pages"}],"about":[{"href":"https:\/\/www.pmpf.rs.gov.br\/transparencia\/wp-json\/wp\/v2\/types\/page"}],"author":[{"embeddable":true,"href":"https:\/\/www.pmpf.rs.gov.br\/transparencia\/wp-json\/wp\/v2\/users\/1"}],"replies":[{"embeddable":true,"href":"https:\/\/www.pmpf.rs.gov.br\/transparencia\/wp-json\/wp\/v2\/comments?post=1943"}],"version-history":[{"count":2,"href":"https:\/\/www.pmpf.rs.gov.br\/transparencia\/wp-json\/wp\/v2\/pages\/1943\/revisions"}],"predecessor-version":[{"id":1951,"href":"https:\/\/www.pmpf.rs.gov.br\/transparencia\/wp-json\/wp\/v2\/pages\/1943\/revisions\/1951"}],"up":[{"embeddable":true,"href":"https:\/\/www.pmpf.rs.gov.br\/transparencia\/wp-json\/wp\/v2\/pages\/1930"}],"wp:attachment":[{"href":"https:\/\/www.pmpf.rs.gov.br\/transparencia\/wp-json\/wp\/v2\/media?parent=1943"}],"curies":[{"name":"wp","href":"https:\/\/api.w.org\/{rel}","templated":true}]}}