{"id":1910,"date":"2021-12-16T23:45:49","date_gmt":"2021-12-17T02:45:49","guid":{"rendered":"https:\/\/www.pmpf.rs.gov.br\/transparencia\/?page_id=1910"},"modified":"2021-12-16T23:45:50","modified_gmt":"2021-12-17T02:45:50","slug":"ano-2021","status":"publish","type":"page","link":"https:\/\/www.pmpf.rs.gov.br\/transparencia\/lei-orcamentaria-anual-loa\/ano-2021\/","title":{"rendered":"Ano 2021"},"content":{"rendered":"\n<figure class=\"wp-block-table\"><table><tbody><tr><td>Nome<\/td><td>Arquivo<\/td><\/tr><tr><td>Lei 5520\/2020<\/td><td><a href=\"https:\/\/www.pmpf.rs.gov.br\/transparencia\/wp-content\/uploads\/sites\/31\/2021\/12\/loa2021_lei5520_2020.pdf\" target=\"_blank\" rel=\"noreferrer noopener\"><img decoding=\"async\" src=\"https:\/\/www.pmpf.rs.gov.br\/transparencia\/wp-content\/uploads\/sites\/31\/2021\/12\/IcBaselineDownloadForOffline.svg\" width=\"24px\" height=\"24px\" alt=\"Baixar\"><\/a><\/td><\/tr><tr><td>Anexos da Lei 5520\/2020<\/td><td><a href=\"https:\/\/www.pmpf.rs.gov.br\/transparencia\/wp-content\/uploads\/sites\/31\/2021\/12\/loa2021_5520_anexos_21122020.pdf\" target=\"_blank\" rel=\"noreferrer noopener\"><img decoding=\"async\" src=\"https:\/\/www.pmpf.rs.gov.br\/transparencia\/wp-content\/uploads\/sites\/31\/2021\/12\/IcBaselineDownloadForOffline.svg\" width=\"24px\" height=\"24px\" alt=\"Baixar\"><\/a><\/td><\/tr><tr><td>Sum\u00e1rio<\/td><td><a href=\"https:\/\/www.pmpf.rs.gov.br\/transparencia\/wp-content\/uploads\/sites\/31\/2021\/12\/loa2021_sumario_21122020.pdf\" target=\"_blank\" rel=\"noreferrer noopener\"><img decoding=\"async\" src=\"https:\/\/www.pmpf.rs.gov.br\/transparencia\/wp-content\/uploads\/sites\/31\/2021\/12\/IcBaselineDownloadForOffline.svg\" width=\"24px\" height=\"24px\" alt=\"Baixar\"><\/a><\/td><\/tr><tr><td>Anexo I &#8211; Receita e Despesa<\/td><td><a href=\"https:\/\/www.pmpf.rs.gov.br\/transparencia\/wp-content\/uploads\/sites\/31\/2021\/12\/loa2021_anexo1_21122020.pdf\" target=\"_blank\" rel=\"noreferrer noopener\"><img decoding=\"async\" src=\"https:\/\/www.pmpf.rs.gov.br\/transparencia\/wp-content\/uploads\/sites\/31\/2021\/12\/IcBaselineDownloadForOffline.svg\" width=\"24px\" height=\"24px\" alt=\"Baixar\"><\/a><\/td><\/tr><tr><td>Anexo II &#8211; Despesa por \u00d3rg\u00e3o<\/td><td><a href=\"https:\/\/www.pmpf.rs.gov.br\/transparencia\/wp-content\/uploads\/sites\/31\/2021\/12\/loa2021_anexo2_despesa_por_orgao_21122020.pdf\" target=\"_blank\" rel=\"noreferrer noopener\"><img decoding=\"async\" src=\"https:\/\/www.pmpf.rs.gov.br\/transparencia\/wp-content\/uploads\/sites\/31\/2021\/12\/IcBaselineDownloadForOffline.svg\" width=\"24px\" height=\"24px\" alt=\"Baixar\"><\/a><\/td><\/tr><tr><td>Anexo II &#8211; Despesa<\/td><td><a href=\"https:\/\/www.pmpf.rs.gov.br\/transparencia\/wp-content\/uploads\/sites\/31\/2021\/12\/loa2021_anexo2_despesa_consolid_geral_21122020.pdf\" target=\"_blank\" rel=\"noreferrer noopener\"><img decoding=\"async\" src=\"https:\/\/www.pmpf.rs.gov.br\/transparencia\/wp-content\/uploads\/sites\/31\/2021\/12\/IcBaselineDownloadForOffline.svg\" width=\"24px\" height=\"24px\" alt=\"Baixar\"><\/a><\/td><\/tr><tr><td>Anexo II &#8211; Receita<\/td><td><a href=\"https:\/\/www.pmpf.rs.gov.br\/transparencia\/wp-content\/uploads\/sites\/31\/2021\/12\/loa2021_anexo2_receita_geral_21122020.pdf\" target=\"_blank\" rel=\"noreferrer noopener\"><img decoding=\"async\" src=\"https:\/\/www.pmpf.rs.gov.br\/transparencia\/wp-content\/uploads\/sites\/31\/2021\/12\/IcBaselineDownloadForOffline.svg\" width=\"24px\" height=\"24px\" alt=\"Baixar\"><\/a><\/td><\/tr><tr><td>Anexo VI &#8211; Despesa<\/td><td><a href=\"https:\/\/www.pmpf.rs.gov.br\/transparencia\/wp-content\/uploads\/sites\/31\/2021\/12\/loa2021_anexo6_21122020.pdf\" target=\"_blank\" rel=\"noreferrer noopener\"><img decoding=\"async\" src=\"https:\/\/www.pmpf.rs.gov.br\/transparencia\/wp-content\/uploads\/sites\/31\/2021\/12\/IcBaselineDownloadForOffline.svg\" width=\"24px\" height=\"24px\" alt=\"Baixar\"><\/a><\/td><\/tr><tr><td>Anexo VII &#8211; Despesa<\/td><td><a href=\"https:\/\/www.pmpf.rs.gov.br\/transparencia\/wp-content\/uploads\/sites\/31\/2021\/12\/loa2021_anexo7_21122020.pdf\" target=\"_blank\" rel=\"noreferrer noopener\"><img decoding=\"async\" src=\"https:\/\/www.pmpf.rs.gov.br\/transparencia\/wp-content\/uploads\/sites\/31\/2021\/12\/IcBaselineDownloadForOffline.svg\" width=\"24px\" height=\"24px\" alt=\"Baixar\"><\/a><\/td><\/tr><tr><td>Anexo VIII &#8211; Despesa<\/td><td><a href=\"https:\/\/www.pmpf.rs.gov.br\/transparencia\/wp-content\/uploads\/sites\/31\/2021\/12\/loa2021_anexo8_21122020.pdf\" target=\"_blank\" rel=\"noreferrer noopener\"><img decoding=\"async\" src=\"https:\/\/www.pmpf.rs.gov.br\/transparencia\/wp-content\/uploads\/sites\/31\/2021\/12\/IcBaselineDownloadForOffline.svg\" width=\"24px\" height=\"24px\" alt=\"Baixar\"><\/a><\/td><\/tr><tr><td>Anexo IX &#8211; Despesa<\/td><td><a href=\"https:\/\/www.pmpf.rs.gov.br\/transparencia\/wp-content\/uploads\/sites\/31\/2021\/12\/loa2021_anexo9_21122020.pdf\" target=\"_blank\" rel=\"noreferrer noopener\"><img decoding=\"async\" src=\"https:\/\/www.pmpf.rs.gov.br\/transparencia\/wp-content\/uploads\/sites\/31\/2021\/12\/IcBaselineDownloadForOffline.svg\" width=\"24px\" height=\"24px\" alt=\"Baixar\"><\/a><\/td><\/tr><tr><td>Anexos LOA 2021 &#8211; Arquivos .csv<\/td><td><a href=\"https:\/\/www.pmpf.rs.gov.br\/transparencia\/wp-content\/uploads\/sites\/31\/2021\/12\/loa2021_anexos_arquivos_csv.7z\" target=\"_blank\" rel=\"noreferrer noopener\"><img decoding=\"async\" src=\"https:\/\/www.pmpf.rs.gov.br\/transparencia\/wp-content\/uploads\/sites\/31\/2021\/12\/IcBaselineDownloadForOffline.svg\" width=\"24px\" height=\"24px\" alt=\"Baixar\"><\/a><\/td><\/tr><\/tbody><\/table><\/figure>\n","protected":false},"excerpt":{"rendered":"<p>Nome Arquivo Lei 5520\/2020 Anexos da Lei 5520\/2020 Sum\u00e1rio Anexo I &#8211; Receita e Despesa Anexo II &#8211; Despesa por \u00d3rg\u00e3o Anexo II &#8211; Despesa Anexo II &#8211; Receita Anexo VI &#8211; [&hellip;]<\/p>\n","protected":false},"author":1,"featured_media":0,"parent":1801,"menu_order":81,"comment_status":"closed","ping_status":"closed","template":"","meta":{"footnotes":""},"class_list":["post-1910","page","type-page","status-publish","hentry"],"yoast_head":"<!-- This site is optimized with the Yoast SEO plugin v23.8 - https:\/\/yoast.com\/wordpress\/plugins\/seo\/ -->\n<title>Ano 2021 - Transpar\u00eancia<\/title>\n<meta name=\"robots\" content=\"index, follow, max-snippet:-1, max-image-preview:large, max-video-preview:-1\" \/>\n<link rel=\"canonical\" href=\"https:\/\/www.pmpf.rs.gov.br\/transparencia\/lei-orcamentaria-anual-loa\/ano-2021\/\" \/>\n<meta property=\"og:locale\" content=\"pt_BR\" \/>\n<meta property=\"og:type\" content=\"article\" \/>\n<meta property=\"og:title\" content=\"Ano 2021 - Transpar\u00eancia\" \/>\n<meta property=\"og:description\" content=\"Nome Arquivo Lei 5520\/2020 Anexos da Lei 5520\/2020 Sum\u00e1rio Anexo I &#8211; Receita e Despesa Anexo II &#8211; Despesa por \u00d3rg\u00e3o Anexo II &#8211; Despesa Anexo II &#8211; Receita Anexo VI &#8211; [&hellip;]\" \/>\n<meta property=\"og:url\" content=\"https:\/\/www.pmpf.rs.gov.br\/transparencia\/lei-orcamentaria-anual-loa\/ano-2021\/\" \/>\n<meta property=\"og:site_name\" content=\"Transpar\u00eancia\" \/>\n<meta property=\"article:modified_time\" content=\"2021-12-17T02:45:50+00:00\" \/>\n<meta property=\"og:image\" content=\"https:\/\/www.pmpf.rs.gov.br\/transparencia\/wp-content\/uploads\/sites\/31\/2021\/12\/IcBaselineDownloadForOffline.svg\" \/>\n<meta name=\"twitter:card\" content=\"summary_large_image\" \/>\n<meta name=\"twitter:label1\" content=\"Est. tempo de leitura\" \/>\n\t<meta name=\"twitter:data1\" content=\"3 minutos\" \/>\n<script type=\"application\/ld+json\" class=\"yoast-schema-graph\">{\"@context\":\"https:\/\/schema.org\",\"@graph\":[{\"@type\":\"WebPage\",\"@id\":\"https:\/\/www.pmpf.rs.gov.br\/transparencia\/lei-orcamentaria-anual-loa\/ano-2021\/\",\"url\":\"https:\/\/www.pmpf.rs.gov.br\/transparencia\/lei-orcamentaria-anual-loa\/ano-2021\/\",\"name\":\"Ano 2021 - Transpar\u00eancia\",\"isPartOf\":{\"@id\":\"https:\/\/www.pmpf.rs.gov.br\/transparencia\/#website\"},\"primaryImageOfPage\":{\"@id\":\"https:\/\/www.pmpf.rs.gov.br\/transparencia\/lei-orcamentaria-anual-loa\/ano-2021\/#primaryimage\"},\"image\":{\"@id\":\"https:\/\/www.pmpf.rs.gov.br\/transparencia\/lei-orcamentaria-anual-loa\/ano-2021\/#primaryimage\"},\"thumbnailUrl\":\"https:\/\/www.pmpf.rs.gov.br\/transparencia\/wp-content\/uploads\/sites\/31\/2021\/12\/IcBaselineDownloadForOffline.svg\",\"datePublished\":\"2021-12-17T02:45:49+00:00\",\"dateModified\":\"2021-12-17T02:45:50+00:00\",\"breadcrumb\":{\"@id\":\"https:\/\/www.pmpf.rs.gov.br\/transparencia\/lei-orcamentaria-anual-loa\/ano-2021\/#breadcrumb\"},\"inLanguage\":\"pt-BR\",\"potentialAction\":[{\"@type\":\"ReadAction\",\"target\":[\"https:\/\/www.pmpf.rs.gov.br\/transparencia\/lei-orcamentaria-anual-loa\/ano-2021\/\"]}]},{\"@type\":\"ImageObject\",\"inLanguage\":\"pt-BR\",\"@id\":\"https:\/\/www.pmpf.rs.gov.br\/transparencia\/lei-orcamentaria-anual-loa\/ano-2021\/#primaryimage\",\"url\":\"https:\/\/www.pmpf.rs.gov.br\/transparencia\/wp-content\/uploads\/sites\/31\/2021\/12\/IcBaselineDownloadForOffline.svg\",\"contentUrl\":\"https:\/\/www.pmpf.rs.gov.br\/transparencia\/wp-content\/uploads\/sites\/31\/2021\/12\/IcBaselineDownloadForOffline.svg\",\"width\":24,\"height\":24},{\"@type\":\"BreadcrumbList\",\"@id\":\"https:\/\/www.pmpf.rs.gov.br\/transparencia\/lei-orcamentaria-anual-loa\/ano-2021\/#breadcrumb\",\"itemListElement\":[{\"@type\":\"ListItem\",\"position\":1,\"name\":\"Lei Or\u00e7ament\u00e1ria Anual (LOA)\",\"item\":\"https:\/\/www.pmpf.rs.gov.br\/transparencia\/lei-orcamentaria-anual-loa\/\"},{\"@type\":\"ListItem\",\"position\":2,\"name\":\"Ano 2021\"}]},{\"@type\":\"WebSite\",\"@id\":\"https:\/\/www.pmpf.rs.gov.br\/transparencia\/#website\",\"url\":\"https:\/\/www.pmpf.rs.gov.br\/transparencia\/\",\"name\":\"Transpar\u00eancia\",\"description\":\"S\u00f3 mais um site Prefeitura de Passo Fundo\",\"potentialAction\":[{\"@type\":\"SearchAction\",\"target\":{\"@type\":\"EntryPoint\",\"urlTemplate\":\"https:\/\/www.pmpf.rs.gov.br\/transparencia\/?s={search_term_string}\"},\"query-input\":{\"@type\":\"PropertyValueSpecification\",\"valueRequired\":true,\"valueName\":\"search_term_string\"}}],\"inLanguage\":\"pt-BR\"}]}<\/script>\n<!-- \/ Yoast SEO plugin. -->","yoast_head_json":{"title":"Ano 2021 - Transpar\u00eancia","robots":{"index":"index","follow":"follow","max-snippet":"max-snippet:-1","max-image-preview":"max-image-preview:large","max-video-preview":"max-video-preview:-1"},"canonical":"https:\/\/www.pmpf.rs.gov.br\/transparencia\/lei-orcamentaria-anual-loa\/ano-2021\/","og_locale":"pt_BR","og_type":"article","og_title":"Ano 2021 - Transpar\u00eancia","og_description":"Nome Arquivo Lei 5520\/2020 Anexos da Lei 5520\/2020 Sum\u00e1rio Anexo I &#8211; Receita e Despesa Anexo II &#8211; Despesa por \u00d3rg\u00e3o Anexo II &#8211; Despesa Anexo II &#8211; Receita Anexo VI &#8211; [&hellip;]","og_url":"https:\/\/www.pmpf.rs.gov.br\/transparencia\/lei-orcamentaria-anual-loa\/ano-2021\/","og_site_name":"Transpar\u00eancia","article_modified_time":"2021-12-17T02:45:50+00:00","og_image":[{"url":"https:\/\/www.pmpf.rs.gov.br\/transparencia\/wp-content\/uploads\/sites\/31\/2021\/12\/IcBaselineDownloadForOffline.svg"}],"twitter_card":"summary_large_image","twitter_misc":{"Est. tempo de leitura":"3 minutos"},"schema":{"@context":"https:\/\/schema.org","@graph":[{"@type":"WebPage","@id":"https:\/\/www.pmpf.rs.gov.br\/transparencia\/lei-orcamentaria-anual-loa\/ano-2021\/","url":"https:\/\/www.pmpf.rs.gov.br\/transparencia\/lei-orcamentaria-anual-loa\/ano-2021\/","name":"Ano 2021 - Transpar\u00eancia","isPartOf":{"@id":"https:\/\/www.pmpf.rs.gov.br\/transparencia\/#website"},"primaryImageOfPage":{"@id":"https:\/\/www.pmpf.rs.gov.br\/transparencia\/lei-orcamentaria-anual-loa\/ano-2021\/#primaryimage"},"image":{"@id":"https:\/\/www.pmpf.rs.gov.br\/transparencia\/lei-orcamentaria-anual-loa\/ano-2021\/#primaryimage"},"thumbnailUrl":"https:\/\/www.pmpf.rs.gov.br\/transparencia\/wp-content\/uploads\/sites\/31\/2021\/12\/IcBaselineDownloadForOffline.svg","datePublished":"2021-12-17T02:45:49+00:00","dateModified":"2021-12-17T02:45:50+00:00","breadcrumb":{"@id":"https:\/\/www.pmpf.rs.gov.br\/transparencia\/lei-orcamentaria-anual-loa\/ano-2021\/#breadcrumb"},"inLanguage":"pt-BR","potentialAction":[{"@type":"ReadAction","target":["https:\/\/www.pmpf.rs.gov.br\/transparencia\/lei-orcamentaria-anual-loa\/ano-2021\/"]}]},{"@type":"ImageObject","inLanguage":"pt-BR","@id":"https:\/\/www.pmpf.rs.gov.br\/transparencia\/lei-orcamentaria-anual-loa\/ano-2021\/#primaryimage","url":"https:\/\/www.pmpf.rs.gov.br\/transparencia\/wp-content\/uploads\/sites\/31\/2021\/12\/IcBaselineDownloadForOffline.svg","contentUrl":"https:\/\/www.pmpf.rs.gov.br\/transparencia\/wp-content\/uploads\/sites\/31\/2021\/12\/IcBaselineDownloadForOffline.svg","width":24,"height":24},{"@type":"BreadcrumbList","@id":"https:\/\/www.pmpf.rs.gov.br\/transparencia\/lei-orcamentaria-anual-loa\/ano-2021\/#breadcrumb","itemListElement":[{"@type":"ListItem","position":1,"name":"Lei Or\u00e7ament\u00e1ria Anual (LOA)","item":"https:\/\/www.pmpf.rs.gov.br\/transparencia\/lei-orcamentaria-anual-loa\/"},{"@type":"ListItem","position":2,"name":"Ano 2021"}]},{"@type":"WebSite","@id":"https:\/\/www.pmpf.rs.gov.br\/transparencia\/#website","url":"https:\/\/www.pmpf.rs.gov.br\/transparencia\/","name":"Transpar\u00eancia","description":"S\u00f3 mais um site Prefeitura de Passo Fundo","potentialAction":[{"@type":"SearchAction","target":{"@type":"EntryPoint","urlTemplate":"https:\/\/www.pmpf.rs.gov.br\/transparencia\/?s={search_term_string}"},"query-input":{"@type":"PropertyValueSpecification","valueRequired":true,"valueName":"search_term_string"}}],"inLanguage":"pt-BR"}]}},"_links":{"self":[{"href":"https:\/\/www.pmpf.rs.gov.br\/transparencia\/wp-json\/wp\/v2\/pages\/1910"}],"collection":[{"href":"https:\/\/www.pmpf.rs.gov.br\/transparencia\/wp-json\/wp\/v2\/pages"}],"about":[{"href":"https:\/\/www.pmpf.rs.gov.br\/transparencia\/wp-json\/wp\/v2\/types\/page"}],"author":[{"embeddable":true,"href":"https:\/\/www.pmpf.rs.gov.br\/transparencia\/wp-json\/wp\/v2\/users\/1"}],"replies":[{"embeddable":true,"href":"https:\/\/www.pmpf.rs.gov.br\/transparencia\/wp-json\/wp\/v2\/comments?post=1910"}],"version-history":[{"count":1,"href":"https:\/\/www.pmpf.rs.gov.br\/transparencia\/wp-json\/wp\/v2\/pages\/1910\/revisions"}],"predecessor-version":[{"id":1911,"href":"https:\/\/www.pmpf.rs.gov.br\/transparencia\/wp-json\/wp\/v2\/pages\/1910\/revisions\/1911"}],"up":[{"embeddable":true,"href":"https:\/\/www.pmpf.rs.gov.br\/transparencia\/wp-json\/wp\/v2\/pages\/1801"}],"wp:attachment":[{"href":"https:\/\/www.pmpf.rs.gov.br\/transparencia\/wp-json\/wp\/v2\/media?parent=1910"}],"curies":[{"name":"wp","href":"https:\/\/api.w.org\/{rel}","templated":true}]}}