{"id":1908,"date":"2021-12-16T23:44:46","date_gmt":"2021-12-17T02:44:46","guid":{"rendered":"https:\/\/www.pmpf.rs.gov.br\/transparencia\/?page_id=1908"},"modified":"2022-03-18T14:45:53","modified_gmt":"2022-03-18T17:45:53","slug":"ano-2022","status":"publish","type":"page","link":"https:\/\/www.pmpf.rs.gov.br\/transparencia\/lei-orcamentaria-anual-loa\/ano-2022\/","title":{"rendered":"Ano 2022"},"content":{"rendered":"\n<figure class=\"wp-block-table\"><table><tbody><tr><td>Nome<\/td><td>Arquivo<\/td><\/tr><tr><td>Lei 5589\/2021<\/td><td><a href=\"https:\/\/www.pmpf.rs.gov.br\/transparencia\/wp-content\/uploads\/sites\/31\/2022\/03\/loa2022_lei5589_17122021.pdf\"><img decoding=\"async\" width=\"24px\" height=\"24px\" src=\"https:\/\/www.pmpf.rs.gov.br\/transparencia\/wp-content\/uploads\/sites\/31\/2021\/12\/IcBaselineDownloadForOffline.svg\" alt=\"Baixar\"><\/a><\/td><\/tr><tr><td>Sum\u00e1rio<\/td><td><a href=\"https:\/\/www.pmpf.rs.gov.br\/transparencia\/wp-content\/uploads\/sites\/31\/2022\/03\/loa2022_sumario_27122021.pdf\"><img decoding=\"async\" width=\"24px\" height=\"24px\" src=\"https:\/\/www.pmpf.rs.gov.br\/transparencia\/wp-content\/uploads\/sites\/31\/2021\/12\/IcBaselineDownloadForOffline.svg\" alt=\"Baixar\"><\/a><\/td><\/tr><tr><td>Anexo I &#8211; Receita e Despesa<\/td><td><a href=\"https:\/\/www.pmpf.rs.gov.br\/transparencia\/wp-content\/uploads\/sites\/31\/2022\/03\/loa2022_anexo1_receita_despesa_27122021.pdf\"><img decoding=\"async\" width=\"24px\" height=\"24px\" src=\"https:\/\/www.pmpf.rs.gov.br\/transparencia\/wp-content\/uploads\/sites\/31\/2021\/12\/IcBaselineDownloadForOffline.svg\" alt=\"Baixar\"><\/a><\/td><\/tr><tr><td>Anexo II &#8211; Despesa por \u00d3rg\u00e3o<\/td><td><a href=\"https:\/\/www.pmpf.rs.gov.br\/transparencia\/wp-content\/uploads\/sites\/31\/2022\/03\/loa2022_anexo2_despesa_por_grupo_27122021.pdf\"><img decoding=\"async\" width=\"24px\" height=\"24px\" src=\"https:\/\/www.pmpf.rs.gov.br\/transparencia\/wp-content\/uploads\/sites\/31\/2021\/12\/IcBaselineDownloadForOffline.svg\" alt=\"Baixar\"><\/a><\/td><\/tr><tr><td>Anexo II &#8211; Despesa<\/td><td><a href=\"https:\/\/www.pmpf.rs.gov.br\/transparencia\/wp-content\/uploads\/sites\/31\/2022\/03\/loa2022_anexo2_despesa_27122021.pdf\"><img decoding=\"async\" width=\"24px\" height=\"24px\" src=\"https:\/\/www.pmpf.rs.gov.br\/transparencia\/wp-content\/uploads\/sites\/31\/2021\/12\/IcBaselineDownloadForOffline.svg\" alt=\"Baixar\"><\/a><\/td><\/tr><tr><td>Anexo II &#8211; Receita<\/td><td><a href=\"https:\/\/www.pmpf.rs.gov.br\/transparencia\/wp-content\/uploads\/sites\/31\/2022\/03\/loa2022_anexo2_receita_27122021.pdf\"><img decoding=\"async\" width=\"24px\" height=\"24px\" src=\"https:\/\/www.pmpf.rs.gov.br\/transparencia\/wp-content\/uploads\/sites\/31\/2021\/12\/IcBaselineDownloadForOffline.svg\" alt=\"Baixar\"><\/a><\/td><\/tr><tr><td>Anexo VI &#8211; Despesa<\/td><td><a href=\"https:\/\/www.pmpf.rs.gov.br\/transparencia\/wp-content\/uploads\/sites\/31\/2022\/03\/loa2022_anexo06_despesa_27122021.pdf\"><img decoding=\"async\" width=\"24px\" height=\"24px\" src=\"https:\/\/www.pmpf.rs.gov.br\/transparencia\/wp-content\/uploads\/sites\/31\/2021\/12\/IcBaselineDownloadForOffline.svg\" alt=\"Baixar\"><\/a><\/td><\/tr><tr><td>Anexo VII &#8211; Despesa<\/td><td><a href=\"https:\/\/www.pmpf.rs.gov.br\/transparencia\/wp-content\/uploads\/sites\/31\/2022\/03\/loa2022_anexo07_despesa_27122021.pdf\"><img decoding=\"async\" width=\"24px\" height=\"24px\" src=\"https:\/\/www.pmpf.rs.gov.br\/transparencia\/wp-content\/uploads\/sites\/31\/2021\/12\/IcBaselineDownloadForOffline.svg\" alt=\"Baixar\"><\/a><\/td><\/tr><tr><td>Anexo VIII &#8211; Despesa<\/td><td><a href=\"https:\/\/www.pmpf.rs.gov.br\/transparencia\/wp-content\/uploads\/sites\/31\/2022\/03\/loa2022_anexo08_despesa_27122021.pdf\"><img decoding=\"async\" width=\"24px\" height=\"24px\" src=\"https:\/\/www.pmpf.rs.gov.br\/transparencia\/wp-content\/uploads\/sites\/31\/2021\/12\/IcBaselineDownloadForOffline.svg\" alt=\"Baixar\"><\/a><\/td><\/tr><tr><td>Anexo IX &#8211; Despesa<\/td><td><a href=\"https:\/\/www.pmpf.rs.gov.br\/transparencia\/wp-content\/uploads\/sites\/31\/2022\/03\/loa2022_anexo09_despesa_27122021.pdf\"><img decoding=\"async\" width=\"24px\" height=\"24px\" src=\"https:\/\/www.pmpf.rs.gov.br\/transparencia\/wp-content\/uploads\/sites\/31\/2021\/12\/IcBaselineDownloadForOffline.svg\" alt=\"Baixar\"><\/a><\/td><\/tr><\/tbody><\/table><\/figure>\n\n\n\n<p><\/p>\n","protected":false},"excerpt":{"rendered":"<p>Nome Arquivo Lei 5589\/2021 Sum\u00e1rio Anexo I &#8211; Receita e Despesa Anexo II &#8211; Despesa por \u00d3rg\u00e3o Anexo II &#8211; Despesa Anexo II &#8211; Receita Anexo VI &#8211; Despesa Anexo VII &#8211; [&hellip;]<\/p>\n","protected":false},"author":1,"featured_media":0,"parent":1801,"menu_order":82,"comment_status":"closed","ping_status":"closed","template":"","meta":{"footnotes":""},"class_list":["post-1908","page","type-page","status-publish","hentry"],"yoast_head":"<!-- This site is optimized with the Yoast SEO plugin v23.8 - https:\/\/yoast.com\/wordpress\/plugins\/seo\/ -->\n<title>Ano 2022 - Transpar\u00eancia<\/title>\n<meta name=\"robots\" content=\"index, follow, max-snippet:-1, max-image-preview:large, max-video-preview:-1\" \/>\n<link rel=\"canonical\" href=\"https:\/\/www.pmpf.rs.gov.br\/transparencia\/lei-orcamentaria-anual-loa\/ano-2022\/\" \/>\n<meta property=\"og:locale\" content=\"pt_BR\" \/>\n<meta property=\"og:type\" content=\"article\" \/>\n<meta property=\"og:title\" content=\"Ano 2022 - Transpar\u00eancia\" \/>\n<meta property=\"og:description\" content=\"Nome Arquivo Lei 5589\/2021 Sum\u00e1rio Anexo I &#8211; Receita e Despesa Anexo II &#8211; Despesa por \u00d3rg\u00e3o Anexo II &#8211; Despesa Anexo II &#8211; Receita Anexo VI &#8211; Despesa Anexo VII &#8211; [&hellip;]\" \/>\n<meta property=\"og:url\" content=\"https:\/\/www.pmpf.rs.gov.br\/transparencia\/lei-orcamentaria-anual-loa\/ano-2022\/\" \/>\n<meta property=\"og:site_name\" content=\"Transpar\u00eancia\" \/>\n<meta property=\"article:modified_time\" content=\"2022-03-18T17:45:53+00:00\" \/>\n<meta property=\"og:image\" content=\"https:\/\/www.pmpf.rs.gov.br\/transparencia\/wp-content\/uploads\/sites\/31\/2021\/12\/IcBaselineDownloadForOffline.svg\" \/>\n<meta name=\"twitter:card\" content=\"summary_large_image\" \/>\n<meta name=\"twitter:label1\" content=\"Est. tempo de leitura\" \/>\n\t<meta name=\"twitter:data1\" content=\"3 minutos\" \/>\n<script type=\"application\/ld+json\" class=\"yoast-schema-graph\">{\"@context\":\"https:\/\/schema.org\",\"@graph\":[{\"@type\":\"WebPage\",\"@id\":\"https:\/\/www.pmpf.rs.gov.br\/transparencia\/lei-orcamentaria-anual-loa\/ano-2022\/\",\"url\":\"https:\/\/www.pmpf.rs.gov.br\/transparencia\/lei-orcamentaria-anual-loa\/ano-2022\/\",\"name\":\"Ano 2022 - Transpar\u00eancia\",\"isPartOf\":{\"@id\":\"https:\/\/www.pmpf.rs.gov.br\/transparencia\/#website\"},\"primaryImageOfPage\":{\"@id\":\"https:\/\/www.pmpf.rs.gov.br\/transparencia\/lei-orcamentaria-anual-loa\/ano-2022\/#primaryimage\"},\"image\":{\"@id\":\"https:\/\/www.pmpf.rs.gov.br\/transparencia\/lei-orcamentaria-anual-loa\/ano-2022\/#primaryimage\"},\"thumbnailUrl\":\"https:\/\/www.pmpf.rs.gov.br\/transparencia\/wp-content\/uploads\/sites\/31\/2021\/12\/IcBaselineDownloadForOffline.svg\",\"datePublished\":\"2021-12-17T02:44:46+00:00\",\"dateModified\":\"2022-03-18T17:45:53+00:00\",\"breadcrumb\":{\"@id\":\"https:\/\/www.pmpf.rs.gov.br\/transparencia\/lei-orcamentaria-anual-loa\/ano-2022\/#breadcrumb\"},\"inLanguage\":\"pt-BR\",\"potentialAction\":[{\"@type\":\"ReadAction\",\"target\":[\"https:\/\/www.pmpf.rs.gov.br\/transparencia\/lei-orcamentaria-anual-loa\/ano-2022\/\"]}]},{\"@type\":\"ImageObject\",\"inLanguage\":\"pt-BR\",\"@id\":\"https:\/\/www.pmpf.rs.gov.br\/transparencia\/lei-orcamentaria-anual-loa\/ano-2022\/#primaryimage\",\"url\":\"https:\/\/www.pmpf.rs.gov.br\/transparencia\/wp-content\/uploads\/sites\/31\/2021\/12\/IcBaselineDownloadForOffline.svg\",\"contentUrl\":\"https:\/\/www.pmpf.rs.gov.br\/transparencia\/wp-content\/uploads\/sites\/31\/2021\/12\/IcBaselineDownloadForOffline.svg\",\"width\":24,\"height\":24},{\"@type\":\"BreadcrumbList\",\"@id\":\"https:\/\/www.pmpf.rs.gov.br\/transparencia\/lei-orcamentaria-anual-loa\/ano-2022\/#breadcrumb\",\"itemListElement\":[{\"@type\":\"ListItem\",\"position\":1,\"name\":\"Lei Or\u00e7ament\u00e1ria Anual (LOA)\",\"item\":\"https:\/\/www.pmpf.rs.gov.br\/transparencia\/lei-orcamentaria-anual-loa\/\"},{\"@type\":\"ListItem\",\"position\":2,\"name\":\"Ano 2022\"}]},{\"@type\":\"WebSite\",\"@id\":\"https:\/\/www.pmpf.rs.gov.br\/transparencia\/#website\",\"url\":\"https:\/\/www.pmpf.rs.gov.br\/transparencia\/\",\"name\":\"Transpar\u00eancia\",\"description\":\"S\u00f3 mais um site Prefeitura de Passo Fundo\",\"potentialAction\":[{\"@type\":\"SearchAction\",\"target\":{\"@type\":\"EntryPoint\",\"urlTemplate\":\"https:\/\/www.pmpf.rs.gov.br\/transparencia\/?s={search_term_string}\"},\"query-input\":{\"@type\":\"PropertyValueSpecification\",\"valueRequired\":true,\"valueName\":\"search_term_string\"}}],\"inLanguage\":\"pt-BR\"}]}<\/script>\n<!-- \/ Yoast SEO plugin. -->","yoast_head_json":{"title":"Ano 2022 - Transpar\u00eancia","robots":{"index":"index","follow":"follow","max-snippet":"max-snippet:-1","max-image-preview":"max-image-preview:large","max-video-preview":"max-video-preview:-1"},"canonical":"https:\/\/www.pmpf.rs.gov.br\/transparencia\/lei-orcamentaria-anual-loa\/ano-2022\/","og_locale":"pt_BR","og_type":"article","og_title":"Ano 2022 - Transpar\u00eancia","og_description":"Nome Arquivo Lei 5589\/2021 Sum\u00e1rio Anexo I &#8211; Receita e Despesa Anexo II &#8211; Despesa por \u00d3rg\u00e3o Anexo II &#8211; Despesa Anexo II &#8211; Receita Anexo VI &#8211; Despesa Anexo VII &#8211; [&hellip;]","og_url":"https:\/\/www.pmpf.rs.gov.br\/transparencia\/lei-orcamentaria-anual-loa\/ano-2022\/","og_site_name":"Transpar\u00eancia","article_modified_time":"2022-03-18T17:45:53+00:00","og_image":[{"url":"https:\/\/www.pmpf.rs.gov.br\/transparencia\/wp-content\/uploads\/sites\/31\/2021\/12\/IcBaselineDownloadForOffline.svg"}],"twitter_card":"summary_large_image","twitter_misc":{"Est. tempo de leitura":"3 minutos"},"schema":{"@context":"https:\/\/schema.org","@graph":[{"@type":"WebPage","@id":"https:\/\/www.pmpf.rs.gov.br\/transparencia\/lei-orcamentaria-anual-loa\/ano-2022\/","url":"https:\/\/www.pmpf.rs.gov.br\/transparencia\/lei-orcamentaria-anual-loa\/ano-2022\/","name":"Ano 2022 - Transpar\u00eancia","isPartOf":{"@id":"https:\/\/www.pmpf.rs.gov.br\/transparencia\/#website"},"primaryImageOfPage":{"@id":"https:\/\/www.pmpf.rs.gov.br\/transparencia\/lei-orcamentaria-anual-loa\/ano-2022\/#primaryimage"},"image":{"@id":"https:\/\/www.pmpf.rs.gov.br\/transparencia\/lei-orcamentaria-anual-loa\/ano-2022\/#primaryimage"},"thumbnailUrl":"https:\/\/www.pmpf.rs.gov.br\/transparencia\/wp-content\/uploads\/sites\/31\/2021\/12\/IcBaselineDownloadForOffline.svg","datePublished":"2021-12-17T02:44:46+00:00","dateModified":"2022-03-18T17:45:53+00:00","breadcrumb":{"@id":"https:\/\/www.pmpf.rs.gov.br\/transparencia\/lei-orcamentaria-anual-loa\/ano-2022\/#breadcrumb"},"inLanguage":"pt-BR","potentialAction":[{"@type":"ReadAction","target":["https:\/\/www.pmpf.rs.gov.br\/transparencia\/lei-orcamentaria-anual-loa\/ano-2022\/"]}]},{"@type":"ImageObject","inLanguage":"pt-BR","@id":"https:\/\/www.pmpf.rs.gov.br\/transparencia\/lei-orcamentaria-anual-loa\/ano-2022\/#primaryimage","url":"https:\/\/www.pmpf.rs.gov.br\/transparencia\/wp-content\/uploads\/sites\/31\/2021\/12\/IcBaselineDownloadForOffline.svg","contentUrl":"https:\/\/www.pmpf.rs.gov.br\/transparencia\/wp-content\/uploads\/sites\/31\/2021\/12\/IcBaselineDownloadForOffline.svg","width":24,"height":24},{"@type":"BreadcrumbList","@id":"https:\/\/www.pmpf.rs.gov.br\/transparencia\/lei-orcamentaria-anual-loa\/ano-2022\/#breadcrumb","itemListElement":[{"@type":"ListItem","position":1,"name":"Lei Or\u00e7ament\u00e1ria Anual (LOA)","item":"https:\/\/www.pmpf.rs.gov.br\/transparencia\/lei-orcamentaria-anual-loa\/"},{"@type":"ListItem","position":2,"name":"Ano 2022"}]},{"@type":"WebSite","@id":"https:\/\/www.pmpf.rs.gov.br\/transparencia\/#website","url":"https:\/\/www.pmpf.rs.gov.br\/transparencia\/","name":"Transpar\u00eancia","description":"S\u00f3 mais um site Prefeitura de Passo Fundo","potentialAction":[{"@type":"SearchAction","target":{"@type":"EntryPoint","urlTemplate":"https:\/\/www.pmpf.rs.gov.br\/transparencia\/?s={search_term_string}"},"query-input":{"@type":"PropertyValueSpecification","valueRequired":true,"valueName":"search_term_string"}}],"inLanguage":"pt-BR"}]}},"_links":{"self":[{"href":"https:\/\/www.pmpf.rs.gov.br\/transparencia\/wp-json\/wp\/v2\/pages\/1908"}],"collection":[{"href":"https:\/\/www.pmpf.rs.gov.br\/transparencia\/wp-json\/wp\/v2\/pages"}],"about":[{"href":"https:\/\/www.pmpf.rs.gov.br\/transparencia\/wp-json\/wp\/v2\/types\/page"}],"author":[{"embeddable":true,"href":"https:\/\/www.pmpf.rs.gov.br\/transparencia\/wp-json\/wp\/v2\/users\/1"}],"replies":[{"embeddable":true,"href":"https:\/\/www.pmpf.rs.gov.br\/transparencia\/wp-json\/wp\/v2\/comments?post=1908"}],"version-history":[{"count":3,"href":"https:\/\/www.pmpf.rs.gov.br\/transparencia\/wp-json\/wp\/v2\/pages\/1908\/revisions"}],"predecessor-version":[{"id":4422,"href":"https:\/\/www.pmpf.rs.gov.br\/transparencia\/wp-json\/wp\/v2\/pages\/1908\/revisions\/4422"}],"up":[{"embeddable":true,"href":"https:\/\/www.pmpf.rs.gov.br\/transparencia\/wp-json\/wp\/v2\/pages\/1801"}],"wp:attachment":[{"href":"https:\/\/www.pmpf.rs.gov.br\/transparencia\/wp-json\/wp\/v2\/media?parent=1908"}],"curies":[{"name":"wp","href":"https:\/\/api.w.org\/{rel}","templated":true}]}}