{"id":1801,"date":"2021-12-16T22:46:17","date_gmt":"2021-12-17T01:46:17","guid":{"rendered":"https:\/\/www.pmpf.rs.gov.br\/transparencia\/?page_id=1801"},"modified":"2021-12-16T23:43:34","modified_gmt":"2021-12-17T02:43:34","slug":"lei-orcamentaria-anual-loa","status":"publish","type":"page","link":"https:\/\/www.pmpf.rs.gov.br\/transparencia\/lei-orcamentaria-anual-loa\/","title":{"rendered":"Lei Or\u00e7ament\u00e1ria Anual (LOA)"},"content":{"rendered":"\n<div class=\"wp-block-image\"><figure class=\"alignleft size-full is-resized\"><img loading=\"lazy\" decoding=\"async\" src=\"https:\/\/www.pmpf.rs.gov.br\/transparencia\/wp-content\/uploads\/sites\/31\/2021\/12\/I2016-05-25_14_53_34_48931.png\" alt=\"\" class=\"wp-image-1905\" width=\"308\" height=\"200\" srcset=\"https:\/\/www.pmpf.rs.gov.br\/transparencia\/wp-content\/uploads\/sites\/31\/2021\/12\/I2016-05-25_14_53_34_48931.png 583w, https:\/\/www.pmpf.rs.gov.br\/transparencia\/wp-content\/uploads\/sites\/31\/2021\/12\/I2016-05-25_14_53_34_48931-300x195.png 300w\" sizes=\"(max-width: 308px) 100vw, 308px\" \/><\/figure><\/div>\n\n\n\n<p>A Lei Or\u00e7ament\u00e1ria Anual (LOA) \u00e9 um instrumento de gest\u00e3o, com \u00eanfase nos aspectos financeiros e f\u00edsicos, compat\u00edvel com a Lei de Diretrizes Or\u00e7ament\u00e1rias(LDO) e Plano Plurianual(PPA), e estima a receita e fixa a despesa para o per\u00edodo de um ano, visando o atingimento de objetivos pr\u00e9-estabelecidos da pol\u00edtica governamental.<\/p>\n","protected":false},"excerpt":{"rendered":"<p>A Lei Or\u00e7ament\u00e1ria Anual (LOA) \u00e9 um instrumento de gest\u00e3o, com \u00eanfase nos aspectos financeiros e f\u00edsicos, compat\u00edvel com a Lei de Diretrizes Or\u00e7ament\u00e1rias(LDO) e Plano Plurianual(PPA), e estima a receita e [&hellip;]<\/p>\n","protected":false},"author":1,"featured_media":0,"parent":0,"menu_order":83,"comment_status":"closed","ping_status":"closed","template":"","meta":{"footnotes":""},"class_list":["post-1801","page","type-page","status-publish","hentry"],"yoast_head":"<!-- This site is optimized with the Yoast SEO plugin v23.8 - https:\/\/yoast.com\/wordpress\/plugins\/seo\/ -->\n<title>Lei Or\u00e7ament\u00e1ria Anual (LOA) - Transpar\u00eancia<\/title>\n<meta name=\"robots\" content=\"index, follow, max-snippet:-1, max-image-preview:large, max-video-preview:-1\" \/>\n<link rel=\"canonical\" href=\"https:\/\/www.pmpf.rs.gov.br\/transparencia\/lei-orcamentaria-anual-loa\/\" \/>\n<meta property=\"og:locale\" content=\"pt_BR\" \/>\n<meta property=\"og:type\" content=\"article\" \/>\n<meta property=\"og:title\" content=\"Lei Or\u00e7ament\u00e1ria Anual (LOA) - Transpar\u00eancia\" \/>\n<meta property=\"og:description\" content=\"A Lei Or\u00e7ament\u00e1ria Anual (LOA) \u00e9 um instrumento de gest\u00e3o, com \u00eanfase nos aspectos financeiros e f\u00edsicos, compat\u00edvel com a Lei de Diretrizes Or\u00e7ament\u00e1rias(LDO) e Plano Plurianual(PPA), e estima a receita e [&hellip;]\" \/>\n<meta property=\"og:url\" content=\"https:\/\/www.pmpf.rs.gov.br\/transparencia\/lei-orcamentaria-anual-loa\/\" \/>\n<meta property=\"og:site_name\" content=\"Transpar\u00eancia\" \/>\n<meta property=\"article:modified_time\" content=\"2021-12-17T02:43:34+00:00\" \/>\n<meta property=\"og:image\" content=\"https:\/\/www.pmpf.rs.gov.br\/transparencia\/wp-content\/uploads\/sites\/31\/2021\/12\/I2016-05-25_14_53_34_48931.png\" \/>\n<meta name=\"twitter:card\" content=\"summary_large_image\" \/>\n<meta name=\"twitter:label1\" content=\"Est. tempo de leitura\" \/>\n\t<meta name=\"twitter:data1\" content=\"1 minuto\" \/>\n<script type=\"application\/ld+json\" class=\"yoast-schema-graph\">{\"@context\":\"https:\/\/schema.org\",\"@graph\":[{\"@type\":\"WebPage\",\"@id\":\"https:\/\/www.pmpf.rs.gov.br\/transparencia\/lei-orcamentaria-anual-loa\/\",\"url\":\"https:\/\/www.pmpf.rs.gov.br\/transparencia\/lei-orcamentaria-anual-loa\/\",\"name\":\"Lei Or\u00e7ament\u00e1ria Anual (LOA) - Transpar\u00eancia\",\"isPartOf\":{\"@id\":\"https:\/\/www.pmpf.rs.gov.br\/transparencia\/#website\"},\"primaryImageOfPage\":{\"@id\":\"https:\/\/www.pmpf.rs.gov.br\/transparencia\/lei-orcamentaria-anual-loa\/#primaryimage\"},\"image\":{\"@id\":\"https:\/\/www.pmpf.rs.gov.br\/transparencia\/lei-orcamentaria-anual-loa\/#primaryimage\"},\"thumbnailUrl\":\"https:\/\/www.pmpf.rs.gov.br\/transparencia\/wp-content\/uploads\/sites\/31\/2021\/12\/I2016-05-25_14_53_34_48931.png\",\"datePublished\":\"2021-12-17T01:46:17+00:00\",\"dateModified\":\"2021-12-17T02:43:34+00:00\",\"inLanguage\":\"pt-BR\",\"potentialAction\":[{\"@type\":\"ReadAction\",\"target\":[\"https:\/\/www.pmpf.rs.gov.br\/transparencia\/lei-orcamentaria-anual-loa\/\"]}]},{\"@type\":\"ImageObject\",\"inLanguage\":\"pt-BR\",\"@id\":\"https:\/\/www.pmpf.rs.gov.br\/transparencia\/lei-orcamentaria-anual-loa\/#primaryimage\",\"url\":\"https:\/\/www.pmpf.rs.gov.br\/transparencia\/wp-content\/uploads\/sites\/31\/2021\/12\/I2016-05-25_14_53_34_48931.png\",\"contentUrl\":\"https:\/\/www.pmpf.rs.gov.br\/transparencia\/wp-content\/uploads\/sites\/31\/2021\/12\/I2016-05-25_14_53_34_48931.png\",\"width\":583,\"height\":379},{\"@type\":\"WebSite\",\"@id\":\"https:\/\/www.pmpf.rs.gov.br\/transparencia\/#website\",\"url\":\"https:\/\/www.pmpf.rs.gov.br\/transparencia\/\",\"name\":\"Transpar\u00eancia\",\"description\":\"S\u00f3 mais um site Prefeitura de Passo Fundo\",\"potentialAction\":[{\"@type\":\"SearchAction\",\"target\":{\"@type\":\"EntryPoint\",\"urlTemplate\":\"https:\/\/www.pmpf.rs.gov.br\/transparencia\/?s={search_term_string}\"},\"query-input\":{\"@type\":\"PropertyValueSpecification\",\"valueRequired\":true,\"valueName\":\"search_term_string\"}}],\"inLanguage\":\"pt-BR\"}]}<\/script>\n<!-- \/ Yoast SEO plugin. -->","yoast_head_json":{"title":"Lei Or\u00e7ament\u00e1ria Anual (LOA) - Transpar\u00eancia","robots":{"index":"index","follow":"follow","max-snippet":"max-snippet:-1","max-image-preview":"max-image-preview:large","max-video-preview":"max-video-preview:-1"},"canonical":"https:\/\/www.pmpf.rs.gov.br\/transparencia\/lei-orcamentaria-anual-loa\/","og_locale":"pt_BR","og_type":"article","og_title":"Lei Or\u00e7ament\u00e1ria Anual (LOA) - Transpar\u00eancia","og_description":"A Lei Or\u00e7ament\u00e1ria Anual (LOA) \u00e9 um instrumento de gest\u00e3o, com \u00eanfase nos aspectos financeiros e f\u00edsicos, compat\u00edvel com a Lei de Diretrizes Or\u00e7ament\u00e1rias(LDO) e Plano Plurianual(PPA), e estima a receita e [&hellip;]","og_url":"https:\/\/www.pmpf.rs.gov.br\/transparencia\/lei-orcamentaria-anual-loa\/","og_site_name":"Transpar\u00eancia","article_modified_time":"2021-12-17T02:43:34+00:00","og_image":[{"url":"https:\/\/www.pmpf.rs.gov.br\/transparencia\/wp-content\/uploads\/sites\/31\/2021\/12\/I2016-05-25_14_53_34_48931.png"}],"twitter_card":"summary_large_image","twitter_misc":{"Est. tempo de leitura":"1 minuto"},"schema":{"@context":"https:\/\/schema.org","@graph":[{"@type":"WebPage","@id":"https:\/\/www.pmpf.rs.gov.br\/transparencia\/lei-orcamentaria-anual-loa\/","url":"https:\/\/www.pmpf.rs.gov.br\/transparencia\/lei-orcamentaria-anual-loa\/","name":"Lei Or\u00e7ament\u00e1ria Anual (LOA) - Transpar\u00eancia","isPartOf":{"@id":"https:\/\/www.pmpf.rs.gov.br\/transparencia\/#website"},"primaryImageOfPage":{"@id":"https:\/\/www.pmpf.rs.gov.br\/transparencia\/lei-orcamentaria-anual-loa\/#primaryimage"},"image":{"@id":"https:\/\/www.pmpf.rs.gov.br\/transparencia\/lei-orcamentaria-anual-loa\/#primaryimage"},"thumbnailUrl":"https:\/\/www.pmpf.rs.gov.br\/transparencia\/wp-content\/uploads\/sites\/31\/2021\/12\/I2016-05-25_14_53_34_48931.png","datePublished":"2021-12-17T01:46:17+00:00","dateModified":"2021-12-17T02:43:34+00:00","inLanguage":"pt-BR","potentialAction":[{"@type":"ReadAction","target":["https:\/\/www.pmpf.rs.gov.br\/transparencia\/lei-orcamentaria-anual-loa\/"]}]},{"@type":"ImageObject","inLanguage":"pt-BR","@id":"https:\/\/www.pmpf.rs.gov.br\/transparencia\/lei-orcamentaria-anual-loa\/#primaryimage","url":"https:\/\/www.pmpf.rs.gov.br\/transparencia\/wp-content\/uploads\/sites\/31\/2021\/12\/I2016-05-25_14_53_34_48931.png","contentUrl":"https:\/\/www.pmpf.rs.gov.br\/transparencia\/wp-content\/uploads\/sites\/31\/2021\/12\/I2016-05-25_14_53_34_48931.png","width":583,"height":379},{"@type":"WebSite","@id":"https:\/\/www.pmpf.rs.gov.br\/transparencia\/#website","url":"https:\/\/www.pmpf.rs.gov.br\/transparencia\/","name":"Transpar\u00eancia","description":"S\u00f3 mais um site Prefeitura de Passo Fundo","potentialAction":[{"@type":"SearchAction","target":{"@type":"EntryPoint","urlTemplate":"https:\/\/www.pmpf.rs.gov.br\/transparencia\/?s={search_term_string}"},"query-input":{"@type":"PropertyValueSpecification","valueRequired":true,"valueName":"search_term_string"}}],"inLanguage":"pt-BR"}]}},"_links":{"self":[{"href":"https:\/\/www.pmpf.rs.gov.br\/transparencia\/wp-json\/wp\/v2\/pages\/1801"}],"collection":[{"href":"https:\/\/www.pmpf.rs.gov.br\/transparencia\/wp-json\/wp\/v2\/pages"}],"about":[{"href":"https:\/\/www.pmpf.rs.gov.br\/transparencia\/wp-json\/wp\/v2\/types\/page"}],"author":[{"embeddable":true,"href":"https:\/\/www.pmpf.rs.gov.br\/transparencia\/wp-json\/wp\/v2\/users\/1"}],"replies":[{"embeddable":true,"href":"https:\/\/www.pmpf.rs.gov.br\/transparencia\/wp-json\/wp\/v2\/comments?post=1801"}],"version-history":[{"count":2,"href":"https:\/\/www.pmpf.rs.gov.br\/transparencia\/wp-json\/wp\/v2\/pages\/1801\/revisions"}],"predecessor-version":[{"id":1906,"href":"https:\/\/www.pmpf.rs.gov.br\/transparencia\/wp-json\/wp\/v2\/pages\/1801\/revisions\/1906"}],"wp:attachment":[{"href":"https:\/\/www.pmpf.rs.gov.br\/transparencia\/wp-json\/wp\/v2\/media?parent=1801"}],"curies":[{"name":"wp","href":"https:\/\/api.w.org\/{rel}","templated":true}]}}