{"id":1781,"date":"2021-12-16T22:37:07","date_gmt":"2021-12-17T01:37:07","guid":{"rendered":"https:\/\/www.pmpf.rs.gov.br\/transparencia\/?page_id=1781"},"modified":"2021-12-16T22:37:31","modified_gmt":"2021-12-17T01:37:31","slug":"ano-2019","status":"publish","type":"page","link":"https:\/\/www.pmpf.rs.gov.br\/transparencia\/lei-de-diretrizes-orcamentarias-ldo\/ano-2019\/","title":{"rendered":"Ano 2019"},"content":{"rendered":"\n<figure class=\"wp-block-table\"><table><tbody><tr><td>Nome<\/td><td>Arquivo<\/td><\/tr><tr><td>Anexo II &#8211; Avalia\u00e7\u00e3o da situa\u00e7\u00e3o financeira e atuarial do regime pr\u00f3prio de previd\u00eancia social (Quadro IX)<\/td><td><a href=\"https:\/\/www.pmpf.rs.gov.br\/transparencia\/wp-content\/uploads\/sites\/31\/2021\/12\/ldo2019_anexo02_09.pdf\" target=\"_blank\" rel=\"noreferrer noopener\"><img decoding=\"async\" src=\"https:\/\/www.pmpf.rs.gov.br\/transparencia\/wp-content\/uploads\/sites\/31\/2021\/12\/IcBaselineDownloadForOffline.svg\" width=\"24px\" height=\"24px\" alt=\"Baixar\"><\/a><\/td><\/tr><tr><td>Anexo II &#8211; Demonstrativo de riscos fiscais e provid\u00eancias (Quadro VIII)<\/td><td><a href=\"https:\/\/www.pmpf.rs.gov.br\/transparencia\/wp-content\/uploads\/sites\/31\/2021\/12\/ldo2019_anexo02_08.pdf\" target=\"_blank\" rel=\"noreferrer noopener\"><img decoding=\"async\" src=\"https:\/\/www.pmpf.rs.gov.br\/transparencia\/wp-content\/uploads\/sites\/31\/2021\/12\/IcBaselineDownloadForOffline.svg\" width=\"24px\" height=\"24px\" alt=\"Baixar\"><\/a><\/td><\/tr><tr><td>Anexo II &#8211; Margem de expans\u00e3o das despesas obrigat\u00f3rias de car\u00e1ter continuado (Quadro VII)<\/td><td><a href=\"https:\/\/www.pmpf.rs.gov.br\/transparencia\/wp-content\/uploads\/sites\/31\/2021\/12\/ldo2019_anexo02_07.pdf\" target=\"_blank\" rel=\"noreferrer noopener\"><img decoding=\"async\" src=\"https:\/\/www.pmpf.rs.gov.br\/transparencia\/wp-content\/uploads\/sites\/31\/2021\/12\/IcBaselineDownloadForOffline.svg\" width=\"24px\" height=\"24px\" alt=\"Baixar\"><\/a><\/td><\/tr><tr><td>Anexo II &#8211; Estimativa e compensa\u00e7\u00e3o da ren\u00fancia de receita (Quadro VI)<\/td><td><a href=\"https:\/\/www.pmpf.rs.gov.br\/transparencia\/wp-content\/uploads\/sites\/31\/2021\/12\/ldo2019_anexo02_06.pdf\" target=\"_blank\" rel=\"noreferrer noopener\"><img decoding=\"async\" src=\"https:\/\/www.pmpf.rs.gov.br\/transparencia\/wp-content\/uploads\/sites\/31\/2021\/12\/IcBaselineDownloadForOffline.svg\" width=\"24px\" height=\"24px\" alt=\"Baixar\"><\/a><\/td><\/tr><tr><td>Anexo II &#8211; Evolu\u00e7\u00e3o patrim\u00f4nio l\u00edquido (Quadro V)<\/td><td><a href=\"https:\/\/www.pmpf.rs.gov.br\/transparencia\/wp-content\/uploads\/sites\/31\/2021\/12\/ldo2019_anexo02_05.pdf\" target=\"_blank\" rel=\"noreferrer noopener\"><img decoding=\"async\" src=\"https:\/\/www.pmpf.rs.gov.br\/transparencia\/wp-content\/uploads\/sites\/31\/2021\/12\/IcBaselineDownloadForOffline.svg\" width=\"24px\" height=\"24px\" alt=\"Baixar\"><\/a><\/td><\/tr><tr><td>Anexo II &#8211; Aliena\u00e7\u00e3o de ativos (Quadro IV)<\/td><td><a href=\"https:\/\/www.pmpf.rs.gov.br\/transparencia\/wp-content\/uploads\/sites\/31\/2021\/12\/ldo2019_anexo02_04.pdf\" target=\"_blank\" rel=\"noreferrer noopener\"><img decoding=\"async\" src=\"https:\/\/www.pmpf.rs.gov.br\/transparencia\/wp-content\/uploads\/sites\/31\/2021\/12\/IcBaselineDownloadForOffline.svg\" width=\"24px\" height=\"24px\" alt=\"Baixar\"><\/a><\/td><\/tr><tr><td>Anexo II &#8211; Demonstrativo de metas anuais (Quadro III)<\/td><td><a href=\"https:\/\/www.pmpf.rs.gov.br\/transparencia\/wp-content\/uploads\/sites\/31\/2021\/12\/ldo2019_anexo02_03.pdf\" target=\"_blank\" rel=\"noreferrer noopener\"><img decoding=\"async\" src=\"https:\/\/www.pmpf.rs.gov.br\/transparencia\/wp-content\/uploads\/sites\/31\/2021\/12\/IcBaselineDownloadForOffline.svg\" width=\"24px\" height=\"24px\" alt=\"Baixar\"><\/a><\/td><\/tr><tr><td>Anexo II &#8211; Avalia\u00e7\u00e3o do Cumprimento das Metas Fiscais do Ano Anteror (Quadro II)<\/td><td><a href=\"https:\/\/www.pmpf.rs.gov.br\/transparencia\/wp-content\/uploads\/sites\/31\/2021\/12\/ldo2019_anexo02.pdf\" target=\"_blank\" rel=\"noreferrer noopener\"><img decoding=\"async\" src=\"https:\/\/www.pmpf.rs.gov.br\/transparencia\/wp-content\/uploads\/sites\/31\/2021\/12\/IcBaselineDownloadForOffline.svg\" width=\"24px\" height=\"24px\" alt=\"Baixar\"><\/a><\/td><\/tr><tr><td>Anexo II &#8211; Quadro 01.c<\/td><td><a href=\"https:\/\/www.pmpf.rs.gov.br\/transparencia\/wp-content\/uploads\/sites\/31\/2021\/12\/ldo2019_anexo02_01c.pdf\" target=\"_blank\" rel=\"noreferrer noopener\"><img decoding=\"async\" src=\"https:\/\/www.pmpf.rs.gov.br\/transparencia\/wp-content\/uploads\/sites\/31\/2021\/12\/IcBaselineDownloadForOffline.svg\" width=\"24px\" height=\"24px\" alt=\"Baixar\"><\/a><\/td><\/tr><tr><td>Anexo II Quadro 01.b<\/td><td><a href=\"https:\/\/www.pmpf.rs.gov.br\/transparencia\/wp-content\/uploads\/sites\/31\/2021\/12\/ldo2019_anexo02_01b.pdf\" target=\"_blank\" rel=\"noreferrer noopener\"><img decoding=\"async\" src=\"https:\/\/www.pmpf.rs.gov.br\/transparencia\/wp-content\/uploads\/sites\/31\/2021\/12\/IcBaselineDownloadForOffline.svg\" width=\"24px\" height=\"24px\" alt=\"Baixar\"><\/a><\/td><\/tr><tr><td>Anexo II Quadro 01.a<\/td><td><a href=\"https:\/\/www.pmpf.rs.gov.br\/transparencia\/wp-content\/uploads\/sites\/31\/2021\/12\/ldo2019_anexo02_01a.pdf\" target=\"_blank\" rel=\"noreferrer noopener\"><img decoding=\"async\" src=\"https:\/\/www.pmpf.rs.gov.br\/transparencia\/wp-content\/uploads\/sites\/31\/2021\/12\/IcBaselineDownloadForOffline.svg\" width=\"24px\" height=\"24px\" alt=\"Baixar\"><\/a><\/td><\/tr><tr><td>Metas e Prioridades &#8211; Anexo 1<\/td><td><a href=\"https:\/\/www.pmpf.rs.gov.br\/transparencia\/wp-content\/uploads\/sites\/31\/2021\/12\/ldo2019_anexo01.pdf\" target=\"_blank\" rel=\"noreferrer noopener\"><img decoding=\"async\" src=\"https:\/\/www.pmpf.rs.gov.br\/transparencia\/wp-content\/uploads\/sites\/31\/2021\/12\/IcBaselineDownloadForOffline.svg\" width=\"24px\" height=\"24px\" alt=\"Baixar\"><\/a><\/td><\/tr><tr><td>LDO 2019 &#8211; Lei<\/td><td><a href=\"https:\/\/www.pmpf.rs.gov.br\/transparencia\/wp-content\/uploads\/sites\/31\/2021\/12\/ldo2019_lei_53482018.pdf\" target=\"_blank\" rel=\"noreferrer noopener\"><img decoding=\"async\" src=\"https:\/\/www.pmpf.rs.gov.br\/transparencia\/wp-content\/uploads\/sites\/31\/2021\/12\/IcBaselineDownloadForOffline.svg\" width=\"24px\" height=\"24px\" alt=\"Baixar\"><\/a><\/td><\/tr><\/tbody><\/table><\/figure>\n","protected":false},"excerpt":{"rendered":"<p>Nome Arquivo Anexo II &#8211; Avalia\u00e7\u00e3o da situa\u00e7\u00e3o financeira e atuarial do regime pr\u00f3prio de previd\u00eancia social (Quadro IX) Anexo II &#8211; Demonstrativo de riscos fiscais e provid\u00eancias (Quadro VIII) Anexo II [&hellip;]<\/p>\n","protected":false},"author":1,"featured_media":0,"parent":1718,"menu_order":94,"comment_status":"closed","ping_status":"closed","template":"","meta":{"footnotes":""},"class_list":["post-1781","page","type-page","status-publish","hentry"],"yoast_head":"<!-- This site is optimized with the Yoast SEO plugin v23.8 - https:\/\/yoast.com\/wordpress\/plugins\/seo\/ -->\n<title>Ano 2019 - Transpar\u00eancia<\/title>\n<meta name=\"robots\" content=\"index, follow, max-snippet:-1, max-image-preview:large, max-video-preview:-1\" \/>\n<link rel=\"canonical\" href=\"https:\/\/www.pmpf.rs.gov.br\/transparencia\/lei-de-diretrizes-orcamentarias-ldo\/ano-2019\/\" \/>\n<meta property=\"og:locale\" content=\"pt_BR\" \/>\n<meta property=\"og:type\" content=\"article\" \/>\n<meta property=\"og:title\" content=\"Ano 2019 - Transpar\u00eancia\" \/>\n<meta property=\"og:description\" content=\"Nome Arquivo Anexo II &#8211; Avalia\u00e7\u00e3o da situa\u00e7\u00e3o financeira e atuarial do regime pr\u00f3prio de previd\u00eancia social (Quadro IX) Anexo II &#8211; Demonstrativo de riscos fiscais e provid\u00eancias (Quadro VIII) Anexo II [&hellip;]\" \/>\n<meta property=\"og:url\" content=\"https:\/\/www.pmpf.rs.gov.br\/transparencia\/lei-de-diretrizes-orcamentarias-ldo\/ano-2019\/\" \/>\n<meta property=\"og:site_name\" content=\"Transpar\u00eancia\" \/>\n<meta property=\"article:modified_time\" content=\"2021-12-17T01:37:31+00:00\" \/>\n<meta property=\"og:image\" content=\"https:\/\/www.pmpf.rs.gov.br\/transparencia\/wp-content\/uploads\/sites\/31\/2021\/12\/IcBaselineDownloadForOffline.svg\" \/>\n<meta name=\"twitter:card\" content=\"summary_large_image\" \/>\n<meta name=\"twitter:label1\" content=\"Est. tempo de leitura\" \/>\n\t<meta name=\"twitter:data1\" content=\"4 minutos\" \/>\n<script type=\"application\/ld+json\" class=\"yoast-schema-graph\">{\"@context\":\"https:\/\/schema.org\",\"@graph\":[{\"@type\":\"WebPage\",\"@id\":\"https:\/\/www.pmpf.rs.gov.br\/transparencia\/lei-de-diretrizes-orcamentarias-ldo\/ano-2019\/\",\"url\":\"https:\/\/www.pmpf.rs.gov.br\/transparencia\/lei-de-diretrizes-orcamentarias-ldo\/ano-2019\/\",\"name\":\"Ano 2019 - Transpar\u00eancia\",\"isPartOf\":{\"@id\":\"https:\/\/www.pmpf.rs.gov.br\/transparencia\/#website\"},\"primaryImageOfPage\":{\"@id\":\"https:\/\/www.pmpf.rs.gov.br\/transparencia\/lei-de-diretrizes-orcamentarias-ldo\/ano-2019\/#primaryimage\"},\"image\":{\"@id\":\"https:\/\/www.pmpf.rs.gov.br\/transparencia\/lei-de-diretrizes-orcamentarias-ldo\/ano-2019\/#primaryimage\"},\"thumbnailUrl\":\"https:\/\/www.pmpf.rs.gov.br\/transparencia\/wp-content\/uploads\/sites\/31\/2021\/12\/IcBaselineDownloadForOffline.svg\",\"datePublished\":\"2021-12-17T01:37:07+00:00\",\"dateModified\":\"2021-12-17T01:37:31+00:00\",\"breadcrumb\":{\"@id\":\"https:\/\/www.pmpf.rs.gov.br\/transparencia\/lei-de-diretrizes-orcamentarias-ldo\/ano-2019\/#breadcrumb\"},\"inLanguage\":\"pt-BR\",\"potentialAction\":[{\"@type\":\"ReadAction\",\"target\":[\"https:\/\/www.pmpf.rs.gov.br\/transparencia\/lei-de-diretrizes-orcamentarias-ldo\/ano-2019\/\"]}]},{\"@type\":\"ImageObject\",\"inLanguage\":\"pt-BR\",\"@id\":\"https:\/\/www.pmpf.rs.gov.br\/transparencia\/lei-de-diretrizes-orcamentarias-ldo\/ano-2019\/#primaryimage\",\"url\":\"https:\/\/www.pmpf.rs.gov.br\/transparencia\/wp-content\/uploads\/sites\/31\/2021\/12\/IcBaselineDownloadForOffline.svg\",\"contentUrl\":\"https:\/\/www.pmpf.rs.gov.br\/transparencia\/wp-content\/uploads\/sites\/31\/2021\/12\/IcBaselineDownloadForOffline.svg\",\"width\":24,\"height\":24},{\"@type\":\"BreadcrumbList\",\"@id\":\"https:\/\/www.pmpf.rs.gov.br\/transparencia\/lei-de-diretrizes-orcamentarias-ldo\/ano-2019\/#breadcrumb\",\"itemListElement\":[{\"@type\":\"ListItem\",\"position\":1,\"name\":\"Lei de Diretrizes Or\u00e7ament\u00e1rias (LDO)\",\"item\":\"https:\/\/www.pmpf.rs.gov.br\/transparencia\/lei-de-diretrizes-orcamentarias-ldo\/\"},{\"@type\":\"ListItem\",\"position\":2,\"name\":\"Ano 2019\"}]},{\"@type\":\"WebSite\",\"@id\":\"https:\/\/www.pmpf.rs.gov.br\/transparencia\/#website\",\"url\":\"https:\/\/www.pmpf.rs.gov.br\/transparencia\/\",\"name\":\"Transpar\u00eancia\",\"description\":\"S\u00f3 mais um site Prefeitura de Passo Fundo\",\"potentialAction\":[{\"@type\":\"SearchAction\",\"target\":{\"@type\":\"EntryPoint\",\"urlTemplate\":\"https:\/\/www.pmpf.rs.gov.br\/transparencia\/?s={search_term_string}\"},\"query-input\":{\"@type\":\"PropertyValueSpecification\",\"valueRequired\":true,\"valueName\":\"search_term_string\"}}],\"inLanguage\":\"pt-BR\"}]}<\/script>\n<!-- \/ Yoast SEO plugin. -->","yoast_head_json":{"title":"Ano 2019 - Transpar\u00eancia","robots":{"index":"index","follow":"follow","max-snippet":"max-snippet:-1","max-image-preview":"max-image-preview:large","max-video-preview":"max-video-preview:-1"},"canonical":"https:\/\/www.pmpf.rs.gov.br\/transparencia\/lei-de-diretrizes-orcamentarias-ldo\/ano-2019\/","og_locale":"pt_BR","og_type":"article","og_title":"Ano 2019 - Transpar\u00eancia","og_description":"Nome Arquivo Anexo II &#8211; Avalia\u00e7\u00e3o da situa\u00e7\u00e3o financeira e atuarial do regime pr\u00f3prio de previd\u00eancia social (Quadro IX) Anexo II &#8211; Demonstrativo de riscos fiscais e provid\u00eancias (Quadro VIII) Anexo II [&hellip;]","og_url":"https:\/\/www.pmpf.rs.gov.br\/transparencia\/lei-de-diretrizes-orcamentarias-ldo\/ano-2019\/","og_site_name":"Transpar\u00eancia","article_modified_time":"2021-12-17T01:37:31+00:00","og_image":[{"url":"https:\/\/www.pmpf.rs.gov.br\/transparencia\/wp-content\/uploads\/sites\/31\/2021\/12\/IcBaselineDownloadForOffline.svg"}],"twitter_card":"summary_large_image","twitter_misc":{"Est. tempo de leitura":"4 minutos"},"schema":{"@context":"https:\/\/schema.org","@graph":[{"@type":"WebPage","@id":"https:\/\/www.pmpf.rs.gov.br\/transparencia\/lei-de-diretrizes-orcamentarias-ldo\/ano-2019\/","url":"https:\/\/www.pmpf.rs.gov.br\/transparencia\/lei-de-diretrizes-orcamentarias-ldo\/ano-2019\/","name":"Ano 2019 - Transpar\u00eancia","isPartOf":{"@id":"https:\/\/www.pmpf.rs.gov.br\/transparencia\/#website"},"primaryImageOfPage":{"@id":"https:\/\/www.pmpf.rs.gov.br\/transparencia\/lei-de-diretrizes-orcamentarias-ldo\/ano-2019\/#primaryimage"},"image":{"@id":"https:\/\/www.pmpf.rs.gov.br\/transparencia\/lei-de-diretrizes-orcamentarias-ldo\/ano-2019\/#primaryimage"},"thumbnailUrl":"https:\/\/www.pmpf.rs.gov.br\/transparencia\/wp-content\/uploads\/sites\/31\/2021\/12\/IcBaselineDownloadForOffline.svg","datePublished":"2021-12-17T01:37:07+00:00","dateModified":"2021-12-17T01:37:31+00:00","breadcrumb":{"@id":"https:\/\/www.pmpf.rs.gov.br\/transparencia\/lei-de-diretrizes-orcamentarias-ldo\/ano-2019\/#breadcrumb"},"inLanguage":"pt-BR","potentialAction":[{"@type":"ReadAction","target":["https:\/\/www.pmpf.rs.gov.br\/transparencia\/lei-de-diretrizes-orcamentarias-ldo\/ano-2019\/"]}]},{"@type":"ImageObject","inLanguage":"pt-BR","@id":"https:\/\/www.pmpf.rs.gov.br\/transparencia\/lei-de-diretrizes-orcamentarias-ldo\/ano-2019\/#primaryimage","url":"https:\/\/www.pmpf.rs.gov.br\/transparencia\/wp-content\/uploads\/sites\/31\/2021\/12\/IcBaselineDownloadForOffline.svg","contentUrl":"https:\/\/www.pmpf.rs.gov.br\/transparencia\/wp-content\/uploads\/sites\/31\/2021\/12\/IcBaselineDownloadForOffline.svg","width":24,"height":24},{"@type":"BreadcrumbList","@id":"https:\/\/www.pmpf.rs.gov.br\/transparencia\/lei-de-diretrizes-orcamentarias-ldo\/ano-2019\/#breadcrumb","itemListElement":[{"@type":"ListItem","position":1,"name":"Lei de Diretrizes Or\u00e7ament\u00e1rias (LDO)","item":"https:\/\/www.pmpf.rs.gov.br\/transparencia\/lei-de-diretrizes-orcamentarias-ldo\/"},{"@type":"ListItem","position":2,"name":"Ano 2019"}]},{"@type":"WebSite","@id":"https:\/\/www.pmpf.rs.gov.br\/transparencia\/#website","url":"https:\/\/www.pmpf.rs.gov.br\/transparencia\/","name":"Transpar\u00eancia","description":"S\u00f3 mais um site Prefeitura de Passo Fundo","potentialAction":[{"@type":"SearchAction","target":{"@type":"EntryPoint","urlTemplate":"https:\/\/www.pmpf.rs.gov.br\/transparencia\/?s={search_term_string}"},"query-input":{"@type":"PropertyValueSpecification","valueRequired":true,"valueName":"search_term_string"}}],"inLanguage":"pt-BR"}]}},"_links":{"self":[{"href":"https:\/\/www.pmpf.rs.gov.br\/transparencia\/wp-json\/wp\/v2\/pages\/1781"}],"collection":[{"href":"https:\/\/www.pmpf.rs.gov.br\/transparencia\/wp-json\/wp\/v2\/pages"}],"about":[{"href":"https:\/\/www.pmpf.rs.gov.br\/transparencia\/wp-json\/wp\/v2\/types\/page"}],"author":[{"embeddable":true,"href":"https:\/\/www.pmpf.rs.gov.br\/transparencia\/wp-json\/wp\/v2\/users\/1"}],"replies":[{"embeddable":true,"href":"https:\/\/www.pmpf.rs.gov.br\/transparencia\/wp-json\/wp\/v2\/comments?post=1781"}],"version-history":[{"count":1,"href":"https:\/\/www.pmpf.rs.gov.br\/transparencia\/wp-json\/wp\/v2\/pages\/1781\/revisions"}],"predecessor-version":[{"id":1782,"href":"https:\/\/www.pmpf.rs.gov.br\/transparencia\/wp-json\/wp\/v2\/pages\/1781\/revisions\/1782"}],"up":[{"embeddable":true,"href":"https:\/\/www.pmpf.rs.gov.br\/transparencia\/wp-json\/wp\/v2\/pages\/1718"}],"wp:attachment":[{"href":"https:\/\/www.pmpf.rs.gov.br\/transparencia\/wp-json\/wp\/v2\/media?parent=1781"}],"curies":[{"name":"wp","href":"https:\/\/api.w.org\/{rel}","templated":true}]}}