{"id":1637,"date":"2021-12-16T22:02:19","date_gmt":"2021-12-17T01:02:19","guid":{"rendered":"https:\/\/www.pmpf.rs.gov.br\/transparencia\/?page_id=1637"},"modified":"2021-12-16T22:02:20","modified_gmt":"2021-12-17T01:02:20","slug":"plano-plurianual-ppa","status":"publish","type":"page","link":"https:\/\/www.pmpf.rs.gov.br\/transparencia\/plano-plurianual-ppa\/","title":{"rendered":"Plano Plurianual (PPA)"},"content":{"rendered":"\n<div class=\"wp-block-image\"><figure class=\"alignleft size-full\"><img loading=\"lazy\" decoding=\"async\" width=\"286\" height=\"186\" src=\"https:\/\/www.pmpf.rs.gov.br\/transparencia\/wp-content\/uploads\/sites\/31\/2021\/12\/I2016-04-11_16_15_44_48931.jpg\" alt=\"\" class=\"wp-image-1638\"\/><\/figure><\/div>\n\n\n\n<p>O Plano Plurianual (PPA), no Brasil, previsto no artigo 165 da Constitui\u00e7\u00e3o Federal e regulamentado pelo Decreto 2.829, de 29 de outubro de 1998 \u00e9 um plano de m\u00e9dio prazo, que estabelece as diretrizes, objetivos e metas a serem seguidos pelo Governo Federal, Estadual ou Municipal ao longo de um per\u00edodo de quatro anos. \u00c9 aprovado por lei quadrienal, sujeita a prazos e ritos diferenciados de tramita\u00e7\u00e3o. Tem vig\u00eancia do segundo ano de um mandato presidencial at\u00e9 o final do primeiro ano do mandato seguinte. Tamb\u00e9m prev\u00ea a atua\u00e7\u00e3o do Governo, durante o per\u00edodo mencionado, em programas de dura\u00e7\u00e3o continuada j\u00e1 institu\u00eddos ou a instituir no m\u00e9dio prazo.<\/p>\n","protected":false},"excerpt":{"rendered":"<p>O Plano Plurianual (PPA), no Brasil, previsto no artigo 165 da Constitui\u00e7\u00e3o Federal e regulamentado pelo Decreto 2.829, de 29 de outubro de 1998 \u00e9 um plano de m\u00e9dio prazo, que estabelece [&hellip;]<\/p>\n","protected":false},"author":1,"featured_media":0,"parent":0,"menu_order":103,"comment_status":"closed","ping_status":"closed","template":"","meta":{"footnotes":""},"class_list":["post-1637","page","type-page","status-publish","hentry"],"yoast_head":"<!-- This site is optimized with the Yoast SEO plugin v23.8 - https:\/\/yoast.com\/wordpress\/plugins\/seo\/ -->\n<title>Plano Plurianual (PPA) - Transpar\u00eancia<\/title>\n<meta name=\"robots\" content=\"index, follow, max-snippet:-1, max-image-preview:large, max-video-preview:-1\" \/>\n<link rel=\"canonical\" href=\"https:\/\/www.pmpf.rs.gov.br\/transparencia\/plano-plurianual-ppa\/\" \/>\n<meta property=\"og:locale\" content=\"pt_BR\" \/>\n<meta property=\"og:type\" content=\"article\" \/>\n<meta property=\"og:title\" content=\"Plano Plurianual (PPA) - Transpar\u00eancia\" \/>\n<meta property=\"og:description\" content=\"O Plano Plurianual (PPA), no Brasil, previsto no artigo 165 da Constitui\u00e7\u00e3o Federal e regulamentado pelo Decreto 2.829, de 29 de outubro de 1998 \u00e9 um plano de m\u00e9dio prazo, que estabelece [&hellip;]\" \/>\n<meta property=\"og:url\" content=\"https:\/\/www.pmpf.rs.gov.br\/transparencia\/plano-plurianual-ppa\/\" \/>\n<meta property=\"og:site_name\" content=\"Transpar\u00eancia\" \/>\n<meta property=\"article:modified_time\" content=\"2021-12-17T01:02:20+00:00\" \/>\n<meta property=\"og:image\" content=\"https:\/\/www.pmpf.rs.gov.br\/transparencia\/wp-content\/uploads\/sites\/31\/2021\/12\/I2016-04-11_16_15_44_48931.jpg\" \/>\n<meta name=\"twitter:card\" content=\"summary_large_image\" \/>\n<meta name=\"twitter:label1\" content=\"Est. tempo de leitura\" \/>\n\t<meta name=\"twitter:data1\" content=\"1 minuto\" \/>\n<script type=\"application\/ld+json\" class=\"yoast-schema-graph\">{\"@context\":\"https:\/\/schema.org\",\"@graph\":[{\"@type\":\"WebPage\",\"@id\":\"https:\/\/www.pmpf.rs.gov.br\/transparencia\/plano-plurianual-ppa\/\",\"url\":\"https:\/\/www.pmpf.rs.gov.br\/transparencia\/plano-plurianual-ppa\/\",\"name\":\"Plano Plurianual (PPA) - Transpar\u00eancia\",\"isPartOf\":{\"@id\":\"https:\/\/www.pmpf.rs.gov.br\/transparencia\/#website\"},\"primaryImageOfPage\":{\"@id\":\"https:\/\/www.pmpf.rs.gov.br\/transparencia\/plano-plurianual-ppa\/#primaryimage\"},\"image\":{\"@id\":\"https:\/\/www.pmpf.rs.gov.br\/transparencia\/plano-plurianual-ppa\/#primaryimage\"},\"thumbnailUrl\":\"https:\/\/www.pmpf.rs.gov.br\/transparencia\/wp-content\/uploads\/sites\/31\/2021\/12\/I2016-04-11_16_15_44_48931.jpg\",\"datePublished\":\"2021-12-17T01:02:19+00:00\",\"dateModified\":\"2021-12-17T01:02:20+00:00\",\"inLanguage\":\"pt-BR\",\"potentialAction\":[{\"@type\":\"ReadAction\",\"target\":[\"https:\/\/www.pmpf.rs.gov.br\/transparencia\/plano-plurianual-ppa\/\"]}]},{\"@type\":\"ImageObject\",\"inLanguage\":\"pt-BR\",\"@id\":\"https:\/\/www.pmpf.rs.gov.br\/transparencia\/plano-plurianual-ppa\/#primaryimage\",\"url\":\"https:\/\/www.pmpf.rs.gov.br\/transparencia\/wp-content\/uploads\/sites\/31\/2021\/12\/I2016-04-11_16_15_44_48931.jpg\",\"contentUrl\":\"https:\/\/www.pmpf.rs.gov.br\/transparencia\/wp-content\/uploads\/sites\/31\/2021\/12\/I2016-04-11_16_15_44_48931.jpg\",\"width\":286,\"height\":186},{\"@type\":\"WebSite\",\"@id\":\"https:\/\/www.pmpf.rs.gov.br\/transparencia\/#website\",\"url\":\"https:\/\/www.pmpf.rs.gov.br\/transparencia\/\",\"name\":\"Transpar\u00eancia\",\"description\":\"S\u00f3 mais um site Prefeitura de Passo Fundo\",\"potentialAction\":[{\"@type\":\"SearchAction\",\"target\":{\"@type\":\"EntryPoint\",\"urlTemplate\":\"https:\/\/www.pmpf.rs.gov.br\/transparencia\/?s={search_term_string}\"},\"query-input\":{\"@type\":\"PropertyValueSpecification\",\"valueRequired\":true,\"valueName\":\"search_term_string\"}}],\"inLanguage\":\"pt-BR\"}]}<\/script>\n<!-- \/ Yoast SEO plugin. -->","yoast_head_json":{"title":"Plano Plurianual (PPA) - Transpar\u00eancia","robots":{"index":"index","follow":"follow","max-snippet":"max-snippet:-1","max-image-preview":"max-image-preview:large","max-video-preview":"max-video-preview:-1"},"canonical":"https:\/\/www.pmpf.rs.gov.br\/transparencia\/plano-plurianual-ppa\/","og_locale":"pt_BR","og_type":"article","og_title":"Plano Plurianual (PPA) - Transpar\u00eancia","og_description":"O Plano Plurianual (PPA), no Brasil, previsto no artigo 165 da Constitui\u00e7\u00e3o Federal e regulamentado pelo Decreto 2.829, de 29 de outubro de 1998 \u00e9 um plano de m\u00e9dio prazo, que estabelece [&hellip;]","og_url":"https:\/\/www.pmpf.rs.gov.br\/transparencia\/plano-plurianual-ppa\/","og_site_name":"Transpar\u00eancia","article_modified_time":"2021-12-17T01:02:20+00:00","og_image":[{"url":"https:\/\/www.pmpf.rs.gov.br\/transparencia\/wp-content\/uploads\/sites\/31\/2021\/12\/I2016-04-11_16_15_44_48931.jpg"}],"twitter_card":"summary_large_image","twitter_misc":{"Est. tempo de leitura":"1 minuto"},"schema":{"@context":"https:\/\/schema.org","@graph":[{"@type":"WebPage","@id":"https:\/\/www.pmpf.rs.gov.br\/transparencia\/plano-plurianual-ppa\/","url":"https:\/\/www.pmpf.rs.gov.br\/transparencia\/plano-plurianual-ppa\/","name":"Plano Plurianual (PPA) - Transpar\u00eancia","isPartOf":{"@id":"https:\/\/www.pmpf.rs.gov.br\/transparencia\/#website"},"primaryImageOfPage":{"@id":"https:\/\/www.pmpf.rs.gov.br\/transparencia\/plano-plurianual-ppa\/#primaryimage"},"image":{"@id":"https:\/\/www.pmpf.rs.gov.br\/transparencia\/plano-plurianual-ppa\/#primaryimage"},"thumbnailUrl":"https:\/\/www.pmpf.rs.gov.br\/transparencia\/wp-content\/uploads\/sites\/31\/2021\/12\/I2016-04-11_16_15_44_48931.jpg","datePublished":"2021-12-17T01:02:19+00:00","dateModified":"2021-12-17T01:02:20+00:00","inLanguage":"pt-BR","potentialAction":[{"@type":"ReadAction","target":["https:\/\/www.pmpf.rs.gov.br\/transparencia\/plano-plurianual-ppa\/"]}]},{"@type":"ImageObject","inLanguage":"pt-BR","@id":"https:\/\/www.pmpf.rs.gov.br\/transparencia\/plano-plurianual-ppa\/#primaryimage","url":"https:\/\/www.pmpf.rs.gov.br\/transparencia\/wp-content\/uploads\/sites\/31\/2021\/12\/I2016-04-11_16_15_44_48931.jpg","contentUrl":"https:\/\/www.pmpf.rs.gov.br\/transparencia\/wp-content\/uploads\/sites\/31\/2021\/12\/I2016-04-11_16_15_44_48931.jpg","width":286,"height":186},{"@type":"WebSite","@id":"https:\/\/www.pmpf.rs.gov.br\/transparencia\/#website","url":"https:\/\/www.pmpf.rs.gov.br\/transparencia\/","name":"Transpar\u00eancia","description":"S\u00f3 mais um site Prefeitura de Passo Fundo","potentialAction":[{"@type":"SearchAction","target":{"@type":"EntryPoint","urlTemplate":"https:\/\/www.pmpf.rs.gov.br\/transparencia\/?s={search_term_string}"},"query-input":{"@type":"PropertyValueSpecification","valueRequired":true,"valueName":"search_term_string"}}],"inLanguage":"pt-BR"}]}},"_links":{"self":[{"href":"https:\/\/www.pmpf.rs.gov.br\/transparencia\/wp-json\/wp\/v2\/pages\/1637"}],"collection":[{"href":"https:\/\/www.pmpf.rs.gov.br\/transparencia\/wp-json\/wp\/v2\/pages"}],"about":[{"href":"https:\/\/www.pmpf.rs.gov.br\/transparencia\/wp-json\/wp\/v2\/types\/page"}],"author":[{"embeddable":true,"href":"https:\/\/www.pmpf.rs.gov.br\/transparencia\/wp-json\/wp\/v2\/users\/1"}],"replies":[{"embeddable":true,"href":"https:\/\/www.pmpf.rs.gov.br\/transparencia\/wp-json\/wp\/v2\/comments?post=1637"}],"version-history":[{"count":1,"href":"https:\/\/www.pmpf.rs.gov.br\/transparencia\/wp-json\/wp\/v2\/pages\/1637\/revisions"}],"predecessor-version":[{"id":1639,"href":"https:\/\/www.pmpf.rs.gov.br\/transparencia\/wp-json\/wp\/v2\/pages\/1637\/revisions\/1639"}],"wp:attachment":[{"href":"https:\/\/www.pmpf.rs.gov.br\/transparencia\/wp-json\/wp\/v2\/media?parent=1637"}],"curies":[{"name":"wp","href":"https:\/\/api.w.org\/{rel}","templated":true}]}}