{"id":118,"date":"2021-12-16T13:18:34","date_gmt":"2021-12-16T16:18:34","guid":{"rendered":"https:\/\/www.pmpf.rs.gov.br\/transparencia\/?page_id=118"},"modified":"2024-04-29T16:29:57","modified_gmt":"2024-04-29T19:29:57","slug":"legislacao","status":"publish","type":"page","link":"https:\/\/www.pmpf.rs.gov.br\/transparencia\/sic\/legislacao\/","title":{"rendered":"Legisla\u00e7\u00e3o"},"content":{"rendered":"\n<h2 class=\"wp-block-heading\">Acesso \u00e0 Informa\u00e7\u00e3o<\/h2>\n\n\n\n<p><a href=\"http:\/\/www.planalto.gov.br\/CCIVIL_03\/_Ato2011-2014\/2011\/Lei\/L12527.htm\" target=\"_blank\" rel=\"noreferrer noopener\">Lei Federal n\u00ba 12.527, de 18 de novembro de 2011<\/a> Disp\u00f5e sobre os procedimentos a serem observados pela Uni\u00e3o, Estados, Distrito Federal e Munic\u00edpios, com o fim de garantir o acesso \u00e0 informa\u00e7\u00f5es.<\/p>\n\n\n\n<p><a href=\"https:\/\/leismunicipais.com.br\/a1\/rs\/p\/passo-fundo\/lei-ordinaria\/2013\/504\/5031\/lei-ordinaria-n-5031-2013-regulamenta-a-lei-federal-n-12527-de-18-de-novembro-de-2011-no-ambito-do-poder-executivo-municipal-estabelecendo-procedimentos-e-outras-providencias-correlatas-para-garantir-o-direito-de-acesso-a-informacao?q=5031\" target=\"_blank\" rel=\"noreferrer noopener\">Lei Municipal N\u00b0 5.031 de 11 de novembro de 2013<\/a>&nbsp;Regulamenta a Lei federal n\u00ba 12.527\/2011, no \u00e2mbito do Poder Executivo Municipal, estabelecendo procedimentos e outras provid\u00eancias correlatas para garantir o acesso \u00e0 informa\u00e7\u00e3o.<\/p>\n\n\n\n<p><a href=\"https:\/\/www.pmpf.rs.gov.br\/transparencia\/wp-content\/uploads\/sites\/31\/2021\/12\/IN-10.2020-Acesso-a-Informacao-e-SIC.pdf\" target=\"_blank\" rel=\"noreferrer noopener\">Instru\u00e7\u00e3o Normativa n\u00ba 10\/2020<\/a> Disp\u00f5e sobre a solicita\u00e7\u00e3o e atendimento dos pedidos de acesso \u00e0 informa\u00e7\u00e3o e servi\u00e7o de informa\u00e7\u00e3o ao cidad\u00e3o \u2013 SIC.<\/p>\n","protected":false},"excerpt":{"rendered":"<p>Acesso \u00e0 Informa\u00e7\u00e3o Lei Federal n\u00ba 12.527, de 18 de novembro de 2011 Disp\u00f5e sobre os procedimentos a serem observados pela Uni\u00e3o, Estados, Distrito Federal e Munic\u00edpios, com o fim de garantir [&hellip;]<\/p>\n","protected":false},"author":1,"featured_media":0,"parent":88,"menu_order":126,"comment_status":"closed","ping_status":"closed","template":"","meta":{"footnotes":""},"class_list":["post-118","page","type-page","status-publish","hentry"],"yoast_head":"<!-- This site is optimized with the Yoast SEO plugin v23.8 - https:\/\/yoast.com\/wordpress\/plugins\/seo\/ -->\n<title>Legisla\u00e7\u00e3o - Transpar\u00eancia<\/title>\n<meta name=\"robots\" content=\"index, follow, max-snippet:-1, max-image-preview:large, max-video-preview:-1\" \/>\n<link rel=\"canonical\" href=\"https:\/\/www.pmpf.rs.gov.br\/transparencia\/sic\/legislacao\/\" \/>\n<meta property=\"og:locale\" content=\"pt_BR\" \/>\n<meta property=\"og:type\" content=\"article\" \/>\n<meta property=\"og:title\" content=\"Legisla\u00e7\u00e3o - Transpar\u00eancia\" \/>\n<meta property=\"og:description\" content=\"Acesso \u00e0 Informa\u00e7\u00e3o Lei Federal n\u00ba 12.527, de 18 de novembro de 2011 Disp\u00f5e sobre os procedimentos a serem observados pela Uni\u00e3o, Estados, Distrito Federal e Munic\u00edpios, com o fim de garantir [&hellip;]\" \/>\n<meta property=\"og:url\" content=\"https:\/\/www.pmpf.rs.gov.br\/transparencia\/sic\/legislacao\/\" \/>\n<meta property=\"og:site_name\" content=\"Transpar\u00eancia\" \/>\n<meta property=\"article:modified_time\" content=\"2024-04-29T19:29:57+00:00\" \/>\n<meta name=\"twitter:card\" content=\"summary_large_image\" \/>\n<meta name=\"twitter:label1\" content=\"Est. tempo de leitura\" \/>\n\t<meta name=\"twitter:data1\" content=\"1 minuto\" \/>\n<script type=\"application\/ld+json\" class=\"yoast-schema-graph\">{\"@context\":\"https:\/\/schema.org\",\"@graph\":[{\"@type\":\"WebPage\",\"@id\":\"https:\/\/www.pmpf.rs.gov.br\/transparencia\/sic\/legislacao\/\",\"url\":\"https:\/\/www.pmpf.rs.gov.br\/transparencia\/sic\/legislacao\/\",\"name\":\"Legisla\u00e7\u00e3o - Transpar\u00eancia\",\"isPartOf\":{\"@id\":\"https:\/\/www.pmpf.rs.gov.br\/transparencia\/#website\"},\"datePublished\":\"2021-12-16T16:18:34+00:00\",\"dateModified\":\"2024-04-29T19:29:57+00:00\",\"breadcrumb\":{\"@id\":\"https:\/\/www.pmpf.rs.gov.br\/transparencia\/sic\/legislacao\/#breadcrumb\"},\"inLanguage\":\"pt-BR\",\"potentialAction\":[{\"@type\":\"ReadAction\",\"target\":[\"https:\/\/www.pmpf.rs.gov.br\/transparencia\/sic\/legislacao\/\"]}]},{\"@type\":\"BreadcrumbList\",\"@id\":\"https:\/\/www.pmpf.rs.gov.br\/transparencia\/sic\/legislacao\/#breadcrumb\",\"itemListElement\":[{\"@type\":\"ListItem\",\"position\":1,\"name\":\"Acesso \u00e0 Informa\u00e7\u00e3o &#8211; SIC\",\"item\":\"https:\/\/www.pmpf.rs.gov.br\/transparencia\/sic\/\"},{\"@type\":\"ListItem\",\"position\":2,\"name\":\"Legisla\u00e7\u00e3o\"}]},{\"@type\":\"WebSite\",\"@id\":\"https:\/\/www.pmpf.rs.gov.br\/transparencia\/#website\",\"url\":\"https:\/\/www.pmpf.rs.gov.br\/transparencia\/\",\"name\":\"Transpar\u00eancia\",\"description\":\"S\u00f3 mais um site Prefeitura de Passo Fundo\",\"potentialAction\":[{\"@type\":\"SearchAction\",\"target\":{\"@type\":\"EntryPoint\",\"urlTemplate\":\"https:\/\/www.pmpf.rs.gov.br\/transparencia\/?s={search_term_string}\"},\"query-input\":{\"@type\":\"PropertyValueSpecification\",\"valueRequired\":true,\"valueName\":\"search_term_string\"}}],\"inLanguage\":\"pt-BR\"}]}<\/script>\n<!-- \/ Yoast SEO plugin. -->","yoast_head_json":{"title":"Legisla\u00e7\u00e3o - Transpar\u00eancia","robots":{"index":"index","follow":"follow","max-snippet":"max-snippet:-1","max-image-preview":"max-image-preview:large","max-video-preview":"max-video-preview:-1"},"canonical":"https:\/\/www.pmpf.rs.gov.br\/transparencia\/sic\/legislacao\/","og_locale":"pt_BR","og_type":"article","og_title":"Legisla\u00e7\u00e3o - Transpar\u00eancia","og_description":"Acesso \u00e0 Informa\u00e7\u00e3o Lei Federal n\u00ba 12.527, de 18 de novembro de 2011 Disp\u00f5e sobre os procedimentos a serem observados pela Uni\u00e3o, Estados, Distrito Federal e Munic\u00edpios, com o fim de garantir [&hellip;]","og_url":"https:\/\/www.pmpf.rs.gov.br\/transparencia\/sic\/legislacao\/","og_site_name":"Transpar\u00eancia","article_modified_time":"2024-04-29T19:29:57+00:00","twitter_card":"summary_large_image","twitter_misc":{"Est. tempo de leitura":"1 minuto"},"schema":{"@context":"https:\/\/schema.org","@graph":[{"@type":"WebPage","@id":"https:\/\/www.pmpf.rs.gov.br\/transparencia\/sic\/legislacao\/","url":"https:\/\/www.pmpf.rs.gov.br\/transparencia\/sic\/legislacao\/","name":"Legisla\u00e7\u00e3o - Transpar\u00eancia","isPartOf":{"@id":"https:\/\/www.pmpf.rs.gov.br\/transparencia\/#website"},"datePublished":"2021-12-16T16:18:34+00:00","dateModified":"2024-04-29T19:29:57+00:00","breadcrumb":{"@id":"https:\/\/www.pmpf.rs.gov.br\/transparencia\/sic\/legislacao\/#breadcrumb"},"inLanguage":"pt-BR","potentialAction":[{"@type":"ReadAction","target":["https:\/\/www.pmpf.rs.gov.br\/transparencia\/sic\/legislacao\/"]}]},{"@type":"BreadcrumbList","@id":"https:\/\/www.pmpf.rs.gov.br\/transparencia\/sic\/legislacao\/#breadcrumb","itemListElement":[{"@type":"ListItem","position":1,"name":"Acesso \u00e0 Informa\u00e7\u00e3o &#8211; SIC","item":"https:\/\/www.pmpf.rs.gov.br\/transparencia\/sic\/"},{"@type":"ListItem","position":2,"name":"Legisla\u00e7\u00e3o"}]},{"@type":"WebSite","@id":"https:\/\/www.pmpf.rs.gov.br\/transparencia\/#website","url":"https:\/\/www.pmpf.rs.gov.br\/transparencia\/","name":"Transpar\u00eancia","description":"S\u00f3 mais um site Prefeitura de Passo Fundo","potentialAction":[{"@type":"SearchAction","target":{"@type":"EntryPoint","urlTemplate":"https:\/\/www.pmpf.rs.gov.br\/transparencia\/?s={search_term_string}"},"query-input":{"@type":"PropertyValueSpecification","valueRequired":true,"valueName":"search_term_string"}}],"inLanguage":"pt-BR"}]}},"_links":{"self":[{"href":"https:\/\/www.pmpf.rs.gov.br\/transparencia\/wp-json\/wp\/v2\/pages\/118"}],"collection":[{"href":"https:\/\/www.pmpf.rs.gov.br\/transparencia\/wp-json\/wp\/v2\/pages"}],"about":[{"href":"https:\/\/www.pmpf.rs.gov.br\/transparencia\/wp-json\/wp\/v2\/types\/page"}],"author":[{"embeddable":true,"href":"https:\/\/www.pmpf.rs.gov.br\/transparencia\/wp-json\/wp\/v2\/users\/1"}],"replies":[{"embeddable":true,"href":"https:\/\/www.pmpf.rs.gov.br\/transparencia\/wp-json\/wp\/v2\/comments?post=118"}],"version-history":[{"count":3,"href":"https:\/\/www.pmpf.rs.gov.br\/transparencia\/wp-json\/wp\/v2\/pages\/118\/revisions"}],"predecessor-version":[{"id":7523,"href":"https:\/\/www.pmpf.rs.gov.br\/transparencia\/wp-json\/wp\/v2\/pages\/118\/revisions\/7523"}],"up":[{"embeddable":true,"href":"https:\/\/www.pmpf.rs.gov.br\/transparencia\/wp-json\/wp\/v2\/pages\/88"}],"wp:attachment":[{"href":"https:\/\/www.pmpf.rs.gov.br\/transparencia\/wp-json\/wp\/v2\/media?parent=118"}],"curies":[{"name":"wp","href":"https:\/\/api.w.org\/{rel}","templated":true}]}}