{"id":10231,"date":"2025-10-01T13:57:52","date_gmt":"2025-10-01T16:57:52","guid":{"rendered":"https:\/\/www.pmpf.rs.gov.br\/transparencia\/?page_id=10231"},"modified":"2025-12-30T15:20:23","modified_gmt":"2025-12-30T18:20:23","slug":"ano-2026","status":"publish","type":"page","link":"https:\/\/www.pmpf.rs.gov.br\/transparencia\/lei-orcamentaria-anual-loa\/ano-2026\/","title":{"rendered":"Ano 2026"},"content":{"rendered":"\n<figure class=\"wp-block-table\"><table><tbody><tr><td>Descri\u00e7\u00e3o<\/td><td>Arquivo<\/td><\/tr><tr><td>LOA 2026 &#8211; Lei 6.043, de 19 de dezembro de 2025<\/td><td><a href=\"https:\/\/www.pmpf.rs.gov.br\/transparencia\/wp-content\/uploads\/sites\/31\/2025\/12\/LOA-2026-Lei-6043-de-19-de-dezembro-de-2025-publicada-22-12-2025.pdf\" target=\"_blank\" rel=\"noreferrer noopener\"><img loading=\"lazy\" decoding=\"async\" width=\"24\" height=\"24\" class=\"wp-image-1595\" style=\"width: 24px\" src=\"https:\/\/www.pmpf.rs.gov.br\/transparencia\/wp-content\/uploads\/sites\/31\/2021\/12\/IcBaselineDownloadForOffline.svg\" alt=\"\"><\/a><\/td><\/tr><tr><td>Anexos<\/td><td><a href=\"https:\/\/www.pmpf.rs.gov.br\/transparencia\/wp-content\/uploads\/sites\/31\/2025\/12\/Lei-6043-de-19-de-dezembro-de-2025-anexos-4320.pdf\" target=\"_blank\" rel=\"noreferrer noopener\"><img loading=\"lazy\" decoding=\"async\" width=\"24\" height=\"24\" class=\"wp-image-1595\" style=\"width: 24px\" src=\"https:\/\/www.pmpf.rs.gov.br\/transparencia\/wp-content\/uploads\/sites\/31\/2021\/12\/IcBaselineDownloadForOffline.svg\" alt=\"\"><\/a><\/td><\/tr><\/tbody><\/table><\/figure>\n\n\n\n<p><\/p>\n","protected":false},"excerpt":{"rendered":"<p>Descri\u00e7\u00e3o Arquivo LOA 2026 &#8211; Lei 6.043, de 19 de dezembro de 2025 Anexos<\/p>\n","protected":false},"author":28,"featured_media":0,"parent":1801,"menu_order":89,"comment_status":"closed","ping_status":"closed","template":"","meta":{"footnotes":""},"class_list":["post-10231","page","type-page","status-publish","hentry"],"yoast_head":"<!-- This site is optimized with the Yoast SEO plugin v23.8 - https:\/\/yoast.com\/wordpress\/plugins\/seo\/ -->\n<title>Ano 2026 - Transpar\u00eancia<\/title>\n<meta name=\"robots\" content=\"index, follow, max-snippet:-1, max-image-preview:large, max-video-preview:-1\" \/>\n<link rel=\"canonical\" href=\"https:\/\/www.pmpf.rs.gov.br\/transparencia\/lei-orcamentaria-anual-loa\/ano-2026\/\" \/>\n<meta property=\"og:locale\" content=\"pt_BR\" \/>\n<meta property=\"og:type\" content=\"article\" \/>\n<meta property=\"og:title\" content=\"Ano 2026 - Transpar\u00eancia\" \/>\n<meta property=\"og:description\" content=\"Descri\u00e7\u00e3o Arquivo LOA 2026 &#8211; Lei 6.043, de 19 de dezembro de 2025 Anexos\" \/>\n<meta property=\"og:url\" content=\"https:\/\/www.pmpf.rs.gov.br\/transparencia\/lei-orcamentaria-anual-loa\/ano-2026\/\" \/>\n<meta property=\"og:site_name\" content=\"Transpar\u00eancia\" \/>\n<meta property=\"article:modified_time\" content=\"2025-12-30T18:20:23+00:00\" \/>\n<meta name=\"twitter:card\" content=\"summary_large_image\" \/>\n<meta name=\"twitter:label1\" content=\"Est. tempo de leitura\" \/>\n\t<meta name=\"twitter:data1\" content=\"3 minutos\" \/>\n<script type=\"application\/ld+json\" class=\"yoast-schema-graph\">{\"@context\":\"https:\/\/schema.org\",\"@graph\":[{\"@type\":\"WebPage\",\"@id\":\"https:\/\/www.pmpf.rs.gov.br\/transparencia\/lei-orcamentaria-anual-loa\/ano-2026\/\",\"url\":\"https:\/\/www.pmpf.rs.gov.br\/transparencia\/lei-orcamentaria-anual-loa\/ano-2026\/\",\"name\":\"Ano 2026 - Transpar\u00eancia\",\"isPartOf\":{\"@id\":\"https:\/\/www.pmpf.rs.gov.br\/transparencia\/#website\"},\"primaryImageOfPage\":{\"@id\":\"https:\/\/www.pmpf.rs.gov.br\/transparencia\/lei-orcamentaria-anual-loa\/ano-2026\/#primaryimage\"},\"image\":{\"@id\":\"https:\/\/www.pmpf.rs.gov.br\/transparencia\/lei-orcamentaria-anual-loa\/ano-2026\/#primaryimage\"},\"thumbnailUrl\":\"https:\/\/www.pmpf.rs.gov.br\/transparencia\/wp-content\/uploads\/sites\/31\/2021\/12\/IcBaselineDownloadForOffline.svg\",\"datePublished\":\"2025-10-01T16:57:52+00:00\",\"dateModified\":\"2025-12-30T18:20:23+00:00\",\"breadcrumb\":{\"@id\":\"https:\/\/www.pmpf.rs.gov.br\/transparencia\/lei-orcamentaria-anual-loa\/ano-2026\/#breadcrumb\"},\"inLanguage\":\"pt-BR\",\"potentialAction\":[{\"@type\":\"ReadAction\",\"target\":[\"https:\/\/www.pmpf.rs.gov.br\/transparencia\/lei-orcamentaria-anual-loa\/ano-2026\/\"]}]},{\"@type\":\"ImageObject\",\"inLanguage\":\"pt-BR\",\"@id\":\"https:\/\/www.pmpf.rs.gov.br\/transparencia\/lei-orcamentaria-anual-loa\/ano-2026\/#primaryimage\",\"url\":\"https:\/\/www.pmpf.rs.gov.br\/transparencia\/wp-content\/uploads\/sites\/31\/2021\/12\/IcBaselineDownloadForOffline.svg\",\"contentUrl\":\"https:\/\/www.pmpf.rs.gov.br\/transparencia\/wp-content\/uploads\/sites\/31\/2021\/12\/IcBaselineDownloadForOffline.svg\",\"width\":24,\"height\":24},{\"@type\":\"BreadcrumbList\",\"@id\":\"https:\/\/www.pmpf.rs.gov.br\/transparencia\/lei-orcamentaria-anual-loa\/ano-2026\/#breadcrumb\",\"itemListElement\":[{\"@type\":\"ListItem\",\"position\":1,\"name\":\"Lei Or\u00e7ament\u00e1ria Anual (LOA)\",\"item\":\"https:\/\/www.pmpf.rs.gov.br\/transparencia\/lei-orcamentaria-anual-loa\/\"},{\"@type\":\"ListItem\",\"position\":2,\"name\":\"Ano 2026\"}]},{\"@type\":\"WebSite\",\"@id\":\"https:\/\/www.pmpf.rs.gov.br\/transparencia\/#website\",\"url\":\"https:\/\/www.pmpf.rs.gov.br\/transparencia\/\",\"name\":\"Transpar\u00eancia\",\"description\":\"S\u00f3 mais um site Prefeitura de Passo Fundo\",\"potentialAction\":[{\"@type\":\"SearchAction\",\"target\":{\"@type\":\"EntryPoint\",\"urlTemplate\":\"https:\/\/www.pmpf.rs.gov.br\/transparencia\/?s={search_term_string}\"},\"query-input\":{\"@type\":\"PropertyValueSpecification\",\"valueRequired\":true,\"valueName\":\"search_term_string\"}}],\"inLanguage\":\"pt-BR\"}]}<\/script>\n<!-- \/ Yoast SEO plugin. -->","yoast_head_json":{"title":"Ano 2026 - Transpar\u00eancia","robots":{"index":"index","follow":"follow","max-snippet":"max-snippet:-1","max-image-preview":"max-image-preview:large","max-video-preview":"max-video-preview:-1"},"canonical":"https:\/\/www.pmpf.rs.gov.br\/transparencia\/lei-orcamentaria-anual-loa\/ano-2026\/","og_locale":"pt_BR","og_type":"article","og_title":"Ano 2026 - Transpar\u00eancia","og_description":"Descri\u00e7\u00e3o Arquivo LOA 2026 &#8211; Lei 6.043, de 19 de dezembro de 2025 Anexos","og_url":"https:\/\/www.pmpf.rs.gov.br\/transparencia\/lei-orcamentaria-anual-loa\/ano-2026\/","og_site_name":"Transpar\u00eancia","article_modified_time":"2025-12-30T18:20:23+00:00","twitter_card":"summary_large_image","twitter_misc":{"Est. tempo de leitura":"3 minutos"},"schema":{"@context":"https:\/\/schema.org","@graph":[{"@type":"WebPage","@id":"https:\/\/www.pmpf.rs.gov.br\/transparencia\/lei-orcamentaria-anual-loa\/ano-2026\/","url":"https:\/\/www.pmpf.rs.gov.br\/transparencia\/lei-orcamentaria-anual-loa\/ano-2026\/","name":"Ano 2026 - Transpar\u00eancia","isPartOf":{"@id":"https:\/\/www.pmpf.rs.gov.br\/transparencia\/#website"},"primaryImageOfPage":{"@id":"https:\/\/www.pmpf.rs.gov.br\/transparencia\/lei-orcamentaria-anual-loa\/ano-2026\/#primaryimage"},"image":{"@id":"https:\/\/www.pmpf.rs.gov.br\/transparencia\/lei-orcamentaria-anual-loa\/ano-2026\/#primaryimage"},"thumbnailUrl":"https:\/\/www.pmpf.rs.gov.br\/transparencia\/wp-content\/uploads\/sites\/31\/2021\/12\/IcBaselineDownloadForOffline.svg","datePublished":"2025-10-01T16:57:52+00:00","dateModified":"2025-12-30T18:20:23+00:00","breadcrumb":{"@id":"https:\/\/www.pmpf.rs.gov.br\/transparencia\/lei-orcamentaria-anual-loa\/ano-2026\/#breadcrumb"},"inLanguage":"pt-BR","potentialAction":[{"@type":"ReadAction","target":["https:\/\/www.pmpf.rs.gov.br\/transparencia\/lei-orcamentaria-anual-loa\/ano-2026\/"]}]},{"@type":"ImageObject","inLanguage":"pt-BR","@id":"https:\/\/www.pmpf.rs.gov.br\/transparencia\/lei-orcamentaria-anual-loa\/ano-2026\/#primaryimage","url":"https:\/\/www.pmpf.rs.gov.br\/transparencia\/wp-content\/uploads\/sites\/31\/2021\/12\/IcBaselineDownloadForOffline.svg","contentUrl":"https:\/\/www.pmpf.rs.gov.br\/transparencia\/wp-content\/uploads\/sites\/31\/2021\/12\/IcBaselineDownloadForOffline.svg","width":24,"height":24},{"@type":"BreadcrumbList","@id":"https:\/\/www.pmpf.rs.gov.br\/transparencia\/lei-orcamentaria-anual-loa\/ano-2026\/#breadcrumb","itemListElement":[{"@type":"ListItem","position":1,"name":"Lei Or\u00e7ament\u00e1ria Anual (LOA)","item":"https:\/\/www.pmpf.rs.gov.br\/transparencia\/lei-orcamentaria-anual-loa\/"},{"@type":"ListItem","position":2,"name":"Ano 2026"}]},{"@type":"WebSite","@id":"https:\/\/www.pmpf.rs.gov.br\/transparencia\/#website","url":"https:\/\/www.pmpf.rs.gov.br\/transparencia\/","name":"Transpar\u00eancia","description":"S\u00f3 mais um site Prefeitura de Passo Fundo","potentialAction":[{"@type":"SearchAction","target":{"@type":"EntryPoint","urlTemplate":"https:\/\/www.pmpf.rs.gov.br\/transparencia\/?s={search_term_string}"},"query-input":{"@type":"PropertyValueSpecification","valueRequired":true,"valueName":"search_term_string"}}],"inLanguage":"pt-BR"}]}},"_links":{"self":[{"href":"https:\/\/www.pmpf.rs.gov.br\/transparencia\/wp-json\/wp\/v2\/pages\/10231"}],"collection":[{"href":"https:\/\/www.pmpf.rs.gov.br\/transparencia\/wp-json\/wp\/v2\/pages"}],"about":[{"href":"https:\/\/www.pmpf.rs.gov.br\/transparencia\/wp-json\/wp\/v2\/types\/page"}],"author":[{"embeddable":true,"href":"https:\/\/www.pmpf.rs.gov.br\/transparencia\/wp-json\/wp\/v2\/users\/28"}],"replies":[{"embeddable":true,"href":"https:\/\/www.pmpf.rs.gov.br\/transparencia\/wp-json\/wp\/v2\/comments?post=10231"}],"version-history":[{"count":4,"href":"https:\/\/www.pmpf.rs.gov.br\/transparencia\/wp-json\/wp\/v2\/pages\/10231\/revisions"}],"predecessor-version":[{"id":10667,"href":"https:\/\/www.pmpf.rs.gov.br\/transparencia\/wp-json\/wp\/v2\/pages\/10231\/revisions\/10667"}],"up":[{"embeddable":true,"href":"https:\/\/www.pmpf.rs.gov.br\/transparencia\/wp-json\/wp\/v2\/pages\/1801"}],"wp:attachment":[{"href":"https:\/\/www.pmpf.rs.gov.br\/transparencia\/wp-json\/wp\/v2\/media?parent=10231"}],"curies":[{"name":"wp","href":"https:\/\/api.w.org\/{rel}","templated":true}]}}