{"id":32,"date":"2021-12-18T18:31:07","date_gmt":"2021-12-18T21:31:07","guid":{"rendered":"https:\/\/www.pmpf.rs.gov.br\/teatro-mucio-de-castro\/?page_id=32"},"modified":"2021-12-18T18:31:08","modified_gmt":"2021-12-18T21:31:08","slug":"locacao-do-teatro","status":"publish","type":"page","link":"https:\/\/www.pmpf.rs.gov.br\/teatro\/locacao-do-teatro\/","title":{"rendered":"Loca\u00e7\u00e3o do Teatro"},"content":{"rendered":"\n<h2 class=\"wp-block-heading\">Informa\u00e7\u00f5es e Formul\u00e1rios<\/h2>\n\n\n\n<p>Para reservar a data do agendamento, entrar em contato com a Secretaria de Cultura, atrav\u00e9s do telefone (54) 3312-1959 ou pessoalmente na Secretaria, ao lado do Teatro M\u00facio de Castro na Av. Brasil, 792, Centro.<\/p>\n\n\n\n<p>Preencher a Ficha de Agendamento do Teatro e encaminhar para o e-mail: teatromunicipal@pmpf.rs.gov.br, ou entregar junto a Secretaria de Cultura;<\/p>\n\n\n\n<p>Preencher o Termo de Uso devidamente assinado e entregar na Secretaria de Cultura, junto com o Comprovante de pagamento da Taxa de Administra\u00e7\u00e3o.<\/p>\n","protected":false},"excerpt":{"rendered":"<p>Informa\u00e7\u00f5es e Formul\u00e1rios Para reservar a data do agendamento, entrar em contato com a Secretaria de Cultura, atrav\u00e9s do telefone (54) 3312-1959 ou pessoalmente na Secretaria, ao lado do Teatro M\u00facio de [&hellip;]<\/p>\n","protected":false},"author":1,"featured_media":0,"parent":0,"menu_order":0,"comment_status":"closed","ping_status":"closed","template":"","meta":{"footnotes":""},"class_list":["post-32","page","type-page","status-publish","hentry"],"yoast_head":"<!-- This site is optimized with the Yoast SEO plugin v23.8 - https:\/\/yoast.com\/wordpress\/plugins\/seo\/ -->\n<title>Loca\u00e7\u00e3o do Teatro - Teatro M\u00facio de Castro<\/title>\n<meta name=\"robots\" content=\"index, follow, max-snippet:-1, max-image-preview:large, max-video-preview:-1\" \/>\n<link rel=\"canonical\" href=\"https:\/\/www.pmpf.rs.gov.br\/teatro\/locacao-do-teatro\/\" \/>\n<meta property=\"og:locale\" content=\"pt_BR\" \/>\n<meta property=\"og:type\" content=\"article\" \/>\n<meta property=\"og:title\" content=\"Loca\u00e7\u00e3o do Teatro - Teatro M\u00facio de Castro\" \/>\n<meta property=\"og:description\" content=\"Informa\u00e7\u00f5es e Formul\u00e1rios Para reservar a data do agendamento, entrar em contato com a Secretaria de Cultura, atrav\u00e9s do telefone (54) 3312-1959 ou pessoalmente na Secretaria, ao lado do Teatro M\u00facio de [&hellip;]\" \/>\n<meta property=\"og:url\" content=\"https:\/\/www.pmpf.rs.gov.br\/teatro\/locacao-do-teatro\/\" \/>\n<meta property=\"og:site_name\" content=\"Teatro M\u00facio de Castro\" \/>\n<meta property=\"article:modified_time\" content=\"2021-12-18T21:31:08+00:00\" \/>\n<meta name=\"twitter:card\" content=\"summary_large_image\" \/>\n<meta name=\"twitter:label1\" content=\"Est. tempo de leitura\" \/>\n\t<meta name=\"twitter:data1\" content=\"1 minuto\" \/>\n<script type=\"application\/ld+json\" class=\"yoast-schema-graph\">{\"@context\":\"https:\/\/schema.org\",\"@graph\":[{\"@type\":\"WebPage\",\"@id\":\"https:\/\/www.pmpf.rs.gov.br\/teatro\/locacao-do-teatro\/\",\"url\":\"https:\/\/www.pmpf.rs.gov.br\/teatro\/locacao-do-teatro\/\",\"name\":\"Loca\u00e7\u00e3o do Teatro - Teatro M\u00facio de Castro\",\"isPartOf\":{\"@id\":\"https:\/\/www.pmpf.rs.gov.br\/teatro\/#website\"},\"datePublished\":\"2021-12-18T21:31:07+00:00\",\"dateModified\":\"2021-12-18T21:31:08+00:00\",\"inLanguage\":\"pt-BR\",\"potentialAction\":[{\"@type\":\"ReadAction\",\"target\":[\"https:\/\/www.pmpf.rs.gov.br\/teatro\/locacao-do-teatro\/\"]}]},{\"@type\":\"WebSite\",\"@id\":\"https:\/\/www.pmpf.rs.gov.br\/teatro\/#website\",\"url\":\"https:\/\/www.pmpf.rs.gov.br\/teatro\/\",\"name\":\"Teatro M\u00facio de Castro\",\"description\":\"S\u00f3 mais um site Prefeitura de Passo Fundo\",\"potentialAction\":[{\"@type\":\"SearchAction\",\"target\":{\"@type\":\"EntryPoint\",\"urlTemplate\":\"https:\/\/www.pmpf.rs.gov.br\/teatro\/?s={search_term_string}\"},\"query-input\":{\"@type\":\"PropertyValueSpecification\",\"valueRequired\":true,\"valueName\":\"search_term_string\"}}],\"inLanguage\":\"pt-BR\"}]}<\/script>\n<!-- \/ Yoast SEO plugin. -->","yoast_head_json":{"title":"Loca\u00e7\u00e3o do Teatro - Teatro M\u00facio de Castro","robots":{"index":"index","follow":"follow","max-snippet":"max-snippet:-1","max-image-preview":"max-image-preview:large","max-video-preview":"max-video-preview:-1"},"canonical":"https:\/\/www.pmpf.rs.gov.br\/teatro\/locacao-do-teatro\/","og_locale":"pt_BR","og_type":"article","og_title":"Loca\u00e7\u00e3o do Teatro - Teatro M\u00facio de Castro","og_description":"Informa\u00e7\u00f5es e Formul\u00e1rios Para reservar a data do agendamento, entrar em contato com a Secretaria de Cultura, atrav\u00e9s do telefone (54) 3312-1959 ou pessoalmente na Secretaria, ao lado do Teatro M\u00facio de [&hellip;]","og_url":"https:\/\/www.pmpf.rs.gov.br\/teatro\/locacao-do-teatro\/","og_site_name":"Teatro M\u00facio de Castro","article_modified_time":"2021-12-18T21:31:08+00:00","twitter_card":"summary_large_image","twitter_misc":{"Est. tempo de leitura":"1 minuto"},"schema":{"@context":"https:\/\/schema.org","@graph":[{"@type":"WebPage","@id":"https:\/\/www.pmpf.rs.gov.br\/teatro\/locacao-do-teatro\/","url":"https:\/\/www.pmpf.rs.gov.br\/teatro\/locacao-do-teatro\/","name":"Loca\u00e7\u00e3o do Teatro - Teatro M\u00facio de Castro","isPartOf":{"@id":"https:\/\/www.pmpf.rs.gov.br\/teatro\/#website"},"datePublished":"2021-12-18T21:31:07+00:00","dateModified":"2021-12-18T21:31:08+00:00","inLanguage":"pt-BR","potentialAction":[{"@type":"ReadAction","target":["https:\/\/www.pmpf.rs.gov.br\/teatro\/locacao-do-teatro\/"]}]},{"@type":"WebSite","@id":"https:\/\/www.pmpf.rs.gov.br\/teatro\/#website","url":"https:\/\/www.pmpf.rs.gov.br\/teatro\/","name":"Teatro M\u00facio de Castro","description":"S\u00f3 mais um site Prefeitura de Passo Fundo","potentialAction":[{"@type":"SearchAction","target":{"@type":"EntryPoint","urlTemplate":"https:\/\/www.pmpf.rs.gov.br\/teatro\/?s={search_term_string}"},"query-input":{"@type":"PropertyValueSpecification","valueRequired":true,"valueName":"search_term_string"}}],"inLanguage":"pt-BR"}]}},"_links":{"self":[{"href":"https:\/\/www.pmpf.rs.gov.br\/teatro\/wp-json\/wp\/v2\/pages\/32"}],"collection":[{"href":"https:\/\/www.pmpf.rs.gov.br\/teatro\/wp-json\/wp\/v2\/pages"}],"about":[{"href":"https:\/\/www.pmpf.rs.gov.br\/teatro\/wp-json\/wp\/v2\/types\/page"}],"author":[{"embeddable":true,"href":"https:\/\/www.pmpf.rs.gov.br\/teatro\/wp-json\/wp\/v2\/users\/1"}],"replies":[{"embeddable":true,"href":"https:\/\/www.pmpf.rs.gov.br\/teatro\/wp-json\/wp\/v2\/comments?post=32"}],"version-history":[{"count":1,"href":"https:\/\/www.pmpf.rs.gov.br\/teatro\/wp-json\/wp\/v2\/pages\/32\/revisions"}],"predecessor-version":[{"id":33,"href":"https:\/\/www.pmpf.rs.gov.br\/teatro\/wp-json\/wp\/v2\/pages\/32\/revisions\/33"}],"wp:attachment":[{"href":"https:\/\/www.pmpf.rs.gov.br\/teatro\/wp-json\/wp\/v2\/media?parent=32"}],"curies":[{"name":"wp","href":"https:\/\/api.w.org\/{rel}","templated":true}]}}