{"id":27,"date":"2021-12-18T18:28:30","date_gmt":"2021-12-18T21:28:30","guid":{"rendered":"https:\/\/www.pmpf.rs.gov.br\/teatro-mucio-de-castro\/?page_id=27"},"modified":"2021-12-18T18:28:30","modified_gmt":"2021-12-18T21:28:30","slug":"equipamentos-permanentes","status":"publish","type":"page","link":"https:\/\/www.pmpf.rs.gov.br\/teatro\/equipamentos-permanentes\/","title":{"rendered":"Equipamentos Permanentes"},"content":{"rendered":"\n<h2 class=\"wp-block-heading\">Rider T\u00e9cnico &#8211; Equipamentos Permanentes do Teatro Municipal<\/h2>\n\n\n\n<p><strong>Som<\/strong><\/p>\n\n\n\n<ul class=\"wp-block-list\"><li>04 caixas de som para frequencias m\u00e9dias altas -DB Tecnologia<\/li><li>02 caixas de som para frequencias graves &#8211; DB Tecnologia<\/li><li>01 mesa de som anal\u00f3gica de 12 canais &#8211; soundcraft<\/li><li>01 gerenciador de audio digital &#8211; DBX \u00c1udio<\/li><\/ul>\n\n\n\n<p><strong>Ilumina\u00e7\u00e3o<\/strong><\/p>\n\n\n\n<ul class=\"wp-block-list\"><li>04 refletores elipsoidais<\/li><li>04 refletores fresnel<\/li><li>04 refletores PC<\/li><li>03 rack dimmer com 12 canais DMX cada &#8211; MAGMA<\/li><li>01 mesa de comando DMX 12\/48 &#8211; SMARTFADE<\/li><li>12 refletores PAR 64<\/li><li>02 Spliter DMX 2 por 10<\/li><\/ul>\n","protected":false},"excerpt":{"rendered":"<p>Rider T\u00e9cnico &#8211; Equipamentos Permanentes do Teatro Municipal Som 04 caixas de som para frequencias m\u00e9dias altas -DB Tecnologia 02 caixas de som para frequencias graves &#8211; DB Tecnologia 01 mesa de [&hellip;]<\/p>\n","protected":false},"author":1,"featured_media":0,"parent":0,"menu_order":0,"comment_status":"closed","ping_status":"closed","template":"","meta":{"footnotes":""},"class_list":["post-27","page","type-page","status-publish","hentry"],"yoast_head":"<!-- This site is optimized with the Yoast SEO plugin v23.8 - https:\/\/yoast.com\/wordpress\/plugins\/seo\/ -->\n<title>Equipamentos Permanentes - Teatro M\u00facio de Castro<\/title>\n<meta name=\"robots\" content=\"index, follow, max-snippet:-1, max-image-preview:large, max-video-preview:-1\" \/>\n<link rel=\"canonical\" href=\"https:\/\/www.pmpf.rs.gov.br\/teatro\/equipamentos-permanentes\/\" \/>\n<meta property=\"og:locale\" content=\"pt_BR\" \/>\n<meta property=\"og:type\" content=\"article\" \/>\n<meta property=\"og:title\" content=\"Equipamentos Permanentes - Teatro M\u00facio de Castro\" \/>\n<meta property=\"og:description\" content=\"Rider T\u00e9cnico &#8211; Equipamentos Permanentes do Teatro Municipal Som 04 caixas de som para frequencias m\u00e9dias altas -DB Tecnologia 02 caixas de som para frequencias graves &#8211; DB Tecnologia 01 mesa de [&hellip;]\" \/>\n<meta property=\"og:url\" content=\"https:\/\/www.pmpf.rs.gov.br\/teatro\/equipamentos-permanentes\/\" \/>\n<meta property=\"og:site_name\" content=\"Teatro M\u00facio de Castro\" \/>\n<meta name=\"twitter:card\" content=\"summary_large_image\" \/>\n<meta name=\"twitter:label1\" content=\"Est. tempo de leitura\" \/>\n\t<meta name=\"twitter:data1\" content=\"1 minuto\" \/>\n<script type=\"application\/ld+json\" class=\"yoast-schema-graph\">{\"@context\":\"https:\/\/schema.org\",\"@graph\":[{\"@type\":\"WebPage\",\"@id\":\"https:\/\/www.pmpf.rs.gov.br\/teatro\/equipamentos-permanentes\/\",\"url\":\"https:\/\/www.pmpf.rs.gov.br\/teatro\/equipamentos-permanentes\/\",\"name\":\"Equipamentos Permanentes - Teatro M\u00facio de Castro\",\"isPartOf\":{\"@id\":\"https:\/\/www.pmpf.rs.gov.br\/teatro\/#website\"},\"datePublished\":\"2021-12-18T21:28:30+00:00\",\"dateModified\":\"2021-12-18T21:28:30+00:00\",\"inLanguage\":\"pt-BR\",\"potentialAction\":[{\"@type\":\"ReadAction\",\"target\":[\"https:\/\/www.pmpf.rs.gov.br\/teatro\/equipamentos-permanentes\/\"]}]},{\"@type\":\"WebSite\",\"@id\":\"https:\/\/www.pmpf.rs.gov.br\/teatro\/#website\",\"url\":\"https:\/\/www.pmpf.rs.gov.br\/teatro\/\",\"name\":\"Teatro M\u00facio de Castro\",\"description\":\"S\u00f3 mais um site Prefeitura de Passo Fundo\",\"potentialAction\":[{\"@type\":\"SearchAction\",\"target\":{\"@type\":\"EntryPoint\",\"urlTemplate\":\"https:\/\/www.pmpf.rs.gov.br\/teatro\/?s={search_term_string}\"},\"query-input\":{\"@type\":\"PropertyValueSpecification\",\"valueRequired\":true,\"valueName\":\"search_term_string\"}}],\"inLanguage\":\"pt-BR\"}]}<\/script>\n<!-- \/ Yoast SEO plugin. -->","yoast_head_json":{"title":"Equipamentos Permanentes - Teatro M\u00facio de Castro","robots":{"index":"index","follow":"follow","max-snippet":"max-snippet:-1","max-image-preview":"max-image-preview:large","max-video-preview":"max-video-preview:-1"},"canonical":"https:\/\/www.pmpf.rs.gov.br\/teatro\/equipamentos-permanentes\/","og_locale":"pt_BR","og_type":"article","og_title":"Equipamentos Permanentes - Teatro M\u00facio de Castro","og_description":"Rider T\u00e9cnico &#8211; Equipamentos Permanentes do Teatro Municipal Som 04 caixas de som para frequencias m\u00e9dias altas -DB Tecnologia 02 caixas de som para frequencias graves &#8211; DB Tecnologia 01 mesa de [&hellip;]","og_url":"https:\/\/www.pmpf.rs.gov.br\/teatro\/equipamentos-permanentes\/","og_site_name":"Teatro M\u00facio de Castro","twitter_card":"summary_large_image","twitter_misc":{"Est. tempo de leitura":"1 minuto"},"schema":{"@context":"https:\/\/schema.org","@graph":[{"@type":"WebPage","@id":"https:\/\/www.pmpf.rs.gov.br\/teatro\/equipamentos-permanentes\/","url":"https:\/\/www.pmpf.rs.gov.br\/teatro\/equipamentos-permanentes\/","name":"Equipamentos Permanentes - Teatro M\u00facio de Castro","isPartOf":{"@id":"https:\/\/www.pmpf.rs.gov.br\/teatro\/#website"},"datePublished":"2021-12-18T21:28:30+00:00","dateModified":"2021-12-18T21:28:30+00:00","inLanguage":"pt-BR","potentialAction":[{"@type":"ReadAction","target":["https:\/\/www.pmpf.rs.gov.br\/teatro\/equipamentos-permanentes\/"]}]},{"@type":"WebSite","@id":"https:\/\/www.pmpf.rs.gov.br\/teatro\/#website","url":"https:\/\/www.pmpf.rs.gov.br\/teatro\/","name":"Teatro M\u00facio de Castro","description":"S\u00f3 mais um site Prefeitura de Passo Fundo","potentialAction":[{"@type":"SearchAction","target":{"@type":"EntryPoint","urlTemplate":"https:\/\/www.pmpf.rs.gov.br\/teatro\/?s={search_term_string}"},"query-input":{"@type":"PropertyValueSpecification","valueRequired":true,"valueName":"search_term_string"}}],"inLanguage":"pt-BR"}]}},"_links":{"self":[{"href":"https:\/\/www.pmpf.rs.gov.br\/teatro\/wp-json\/wp\/v2\/pages\/27"}],"collection":[{"href":"https:\/\/www.pmpf.rs.gov.br\/teatro\/wp-json\/wp\/v2\/pages"}],"about":[{"href":"https:\/\/www.pmpf.rs.gov.br\/teatro\/wp-json\/wp\/v2\/types\/page"}],"author":[{"embeddable":true,"href":"https:\/\/www.pmpf.rs.gov.br\/teatro\/wp-json\/wp\/v2\/users\/1"}],"replies":[{"embeddable":true,"href":"https:\/\/www.pmpf.rs.gov.br\/teatro\/wp-json\/wp\/v2\/comments?post=27"}],"version-history":[{"count":1,"href":"https:\/\/www.pmpf.rs.gov.br\/teatro\/wp-json\/wp\/v2\/pages\/27\/revisions"}],"predecessor-version":[{"id":28,"href":"https:\/\/www.pmpf.rs.gov.br\/teatro\/wp-json\/wp\/v2\/pages\/27\/revisions\/28"}],"wp:attachment":[{"href":"https:\/\/www.pmpf.rs.gov.br\/teatro\/wp-json\/wp\/v2\/media?parent=27"}],"curies":[{"name":"wp","href":"https:\/\/api.w.org\/{rel}","templated":true}]}}