{"id":742,"date":"2021-12-22T20:02:26","date_gmt":"2021-12-22T23:02:26","guid":{"rendered":"https:\/\/www.pmpf.rs.gov.br\/secretaria-de-seguranca-publica\/?page_id=742"},"modified":"2021-12-22T20:02:49","modified_gmt":"2021-12-22T23:02:49","slug":"na-direcao-do-transito-seguro","status":"publish","type":"page","link":"https:\/\/www.pmpf.rs.gov.br\/secretaria-de-seguranca-publica\/na-direcao-do-transito-seguro\/","title":{"rendered":"Na Dire\u00e7\u00e3o do Tr\u00e2nsito Seguro"},"content":{"rendered":"\n<h2 class=\"wp-block-heading\">Educa\u00e7\u00e3o para o Tr\u00e2nsito nas escolas de Passo Fundo<\/h2>\n\n\n\n<p>A Prefeitura de Passo Fundo, atrav\u00e9s do N\u00facleo de Educa\u00e7\u00e3o para o Tr\u00e2nsito da Secretaria de Seguran\u00e7a, lan\u00e7a a Campanha Na Dire\u00e7\u00e3o do Tr\u00e2nsito Seguro &#8211; Super Agente de Tr\u00e2nsito, com o objetivo de estimular e incentivar a educa\u00e7\u00e3o para o Tr\u00e2nsito nas escolas de Passo Fundo.<\/p>\n\n\n\n<p>O trabalho foi desenvolvido de forma volunt\u00e1ria pelos alunos da Universidade de Passo Fundo &#8211; Ag\u00eancia C\u00e9lula e tem como p\u00fablico alvo crian\u00e7as e adolescentes.<\/p>\n\n\n\n<p>A iniciativa faz alus\u00e3o aos Super Her\u00f3is dotados de poderes sobre-humanos para defender o bem, combater o mal e proteger a sociedade dos perigos no tr\u00e2nsito.<\/p>\n\n\n\n<p>Foram produzidas pe\u00e7as de materiais gr\u00e1ficos para distribui\u00e7\u00e3o e tamb\u00e9m download pelo site da Prefeitura. As entidades participantes receber\u00e3o um exemplar de cada modelo ( conforme disponibilidade).<\/p>\n\n\n\n<p>As escolas interessadas em participar da Campanha poder\u00e3o agendar atividades pelo telefone 54 3311.1195 ou pelo email educacaotransito@pmpf.rs.gov.br.<\/p>\n\n\n\n<p>Participe e contribua para um tr\u00e2nsito mais seguro!<\/p>\n\n\n\n<p><a href=\"https:\/\/www.pmpf.rs.gov.br\/secretaria-de-seguranca-publica\/downloads\/educacao-para-o-transito\/\">Educa\u00e7\u00e3o para o Transito<\/a><\/p>\n","protected":false},"excerpt":{"rendered":"<p>Educa\u00e7\u00e3o para o Tr\u00e2nsito nas escolas de Passo Fundo A Prefeitura de Passo Fundo, atrav\u00e9s do N\u00facleo de Educa\u00e7\u00e3o para o Tr\u00e2nsito da Secretaria de Seguran\u00e7a, lan\u00e7a a Campanha Na Dire\u00e7\u00e3o do [&hellip;]<\/p>\n","protected":false},"author":1,"featured_media":0,"parent":0,"menu_order":0,"comment_status":"closed","ping_status":"closed","template":"","meta":{"footnotes":""},"class_list":["post-742","page","type-page","status-publish","hentry"],"yoast_head":"<!-- This site is optimized with the Yoast SEO plugin v23.8 - https:\/\/yoast.com\/wordpress\/plugins\/seo\/ -->\n<title>Na Dire\u00e7\u00e3o do Tr\u00e2nsito Seguro - Secretaria de Seguran\u00e7a P\u00fablica e Transporte<\/title>\n<meta name=\"robots\" content=\"index, follow, max-snippet:-1, max-image-preview:large, max-video-preview:-1\" \/>\n<link rel=\"canonical\" href=\"https:\/\/www.pmpf.rs.gov.br\/secretaria-de-seguranca-publica\/na-direcao-do-transito-seguro\/\" \/>\n<meta property=\"og:locale\" content=\"pt_BR\" \/>\n<meta property=\"og:type\" content=\"article\" \/>\n<meta property=\"og:title\" content=\"Na Dire\u00e7\u00e3o do Tr\u00e2nsito Seguro - Secretaria de Seguran\u00e7a P\u00fablica e Transporte\" \/>\n<meta property=\"og:description\" content=\"Educa\u00e7\u00e3o para o Tr\u00e2nsito nas escolas de Passo Fundo A Prefeitura de Passo Fundo, atrav\u00e9s do N\u00facleo de Educa\u00e7\u00e3o para o Tr\u00e2nsito da Secretaria de Seguran\u00e7a, lan\u00e7a a Campanha Na Dire\u00e7\u00e3o do [&hellip;]\" \/>\n<meta property=\"og:url\" content=\"https:\/\/www.pmpf.rs.gov.br\/secretaria-de-seguranca-publica\/na-direcao-do-transito-seguro\/\" \/>\n<meta property=\"og:site_name\" content=\"Secretaria de Seguran\u00e7a P\u00fablica e Transporte\" \/>\n<meta property=\"article:modified_time\" content=\"2021-12-22T23:02:49+00:00\" \/>\n<meta name=\"twitter:card\" content=\"summary_large_image\" \/>\n<meta name=\"twitter:label1\" content=\"Est. tempo de leitura\" \/>\n\t<meta name=\"twitter:data1\" content=\"1 minuto\" \/>\n<script type=\"application\/ld+json\" class=\"yoast-schema-graph\">{\"@context\":\"https:\/\/schema.org\",\"@graph\":[{\"@type\":\"WebPage\",\"@id\":\"https:\/\/www.pmpf.rs.gov.br\/secretaria-de-seguranca-publica\/na-direcao-do-transito-seguro\/\",\"url\":\"https:\/\/www.pmpf.rs.gov.br\/secretaria-de-seguranca-publica\/na-direcao-do-transito-seguro\/\",\"name\":\"Na Dire\u00e7\u00e3o do Tr\u00e2nsito Seguro - Secretaria de Seguran\u00e7a P\u00fablica e Transporte\",\"isPartOf\":{\"@id\":\"https:\/\/www.pmpf.rs.gov.br\/secretaria-de-seguranca-publica\/#website\"},\"datePublished\":\"2021-12-22T23:02:26+00:00\",\"dateModified\":\"2021-12-22T23:02:49+00:00\",\"breadcrumb\":{\"@id\":\"https:\/\/www.pmpf.rs.gov.br\/secretaria-de-seguranca-publica\/na-direcao-do-transito-seguro\/#breadcrumb\"},\"inLanguage\":\"pt-BR\",\"potentialAction\":[{\"@type\":\"ReadAction\",\"target\":[\"https:\/\/www.pmpf.rs.gov.br\/secretaria-de-seguranca-publica\/na-direcao-do-transito-seguro\/\"]}]},{\"@type\":\"BreadcrumbList\",\"@id\":\"https:\/\/www.pmpf.rs.gov.br\/secretaria-de-seguranca-publica\/na-direcao-do-transito-seguro\/#breadcrumb\",\"itemListElement\":[{\"@type\":\"ListItem\",\"position\":1,\"name\":\"In\u00edcio\",\"item\":\"https:\/\/www.pmpf.rs.gov.br\/secretaria-de-seguranca-publica\/\"},{\"@type\":\"ListItem\",\"position\":2,\"name\":\"Na Dire\u00e7\u00e3o do Tr\u00e2nsito Seguro\"}]},{\"@type\":\"WebSite\",\"@id\":\"https:\/\/www.pmpf.rs.gov.br\/secretaria-de-seguranca-publica\/#website\",\"url\":\"https:\/\/www.pmpf.rs.gov.br\/secretaria-de-seguranca-publica\/\",\"name\":\"Secretaria de Seguran\u00e7a P\u00fablica e Transporte\",\"description\":\"S\u00f3 mais um site Prefeitura de Passo Fundo\",\"potentialAction\":[{\"@type\":\"SearchAction\",\"target\":{\"@type\":\"EntryPoint\",\"urlTemplate\":\"https:\/\/www.pmpf.rs.gov.br\/secretaria-de-seguranca-publica\/?s={search_term_string}\"},\"query-input\":{\"@type\":\"PropertyValueSpecification\",\"valueRequired\":true,\"valueName\":\"search_term_string\"}}],\"inLanguage\":\"pt-BR\"}]}<\/script>\n<!-- \/ Yoast SEO plugin. -->","yoast_head_json":{"title":"Na Dire\u00e7\u00e3o do Tr\u00e2nsito Seguro - Secretaria de Seguran\u00e7a P\u00fablica e Transporte","robots":{"index":"index","follow":"follow","max-snippet":"max-snippet:-1","max-image-preview":"max-image-preview:large","max-video-preview":"max-video-preview:-1"},"canonical":"https:\/\/www.pmpf.rs.gov.br\/secretaria-de-seguranca-publica\/na-direcao-do-transito-seguro\/","og_locale":"pt_BR","og_type":"article","og_title":"Na Dire\u00e7\u00e3o do Tr\u00e2nsito Seguro - Secretaria de Seguran\u00e7a P\u00fablica e Transporte","og_description":"Educa\u00e7\u00e3o para o Tr\u00e2nsito nas escolas de Passo Fundo A Prefeitura de Passo Fundo, atrav\u00e9s do N\u00facleo de Educa\u00e7\u00e3o para o Tr\u00e2nsito da Secretaria de Seguran\u00e7a, lan\u00e7a a Campanha Na Dire\u00e7\u00e3o do [&hellip;]","og_url":"https:\/\/www.pmpf.rs.gov.br\/secretaria-de-seguranca-publica\/na-direcao-do-transito-seguro\/","og_site_name":"Secretaria de Seguran\u00e7a P\u00fablica e Transporte","article_modified_time":"2021-12-22T23:02:49+00:00","twitter_card":"summary_large_image","twitter_misc":{"Est. tempo de leitura":"1 minuto"},"schema":{"@context":"https:\/\/schema.org","@graph":[{"@type":"WebPage","@id":"https:\/\/www.pmpf.rs.gov.br\/secretaria-de-seguranca-publica\/na-direcao-do-transito-seguro\/","url":"https:\/\/www.pmpf.rs.gov.br\/secretaria-de-seguranca-publica\/na-direcao-do-transito-seguro\/","name":"Na Dire\u00e7\u00e3o do Tr\u00e2nsito Seguro - Secretaria de Seguran\u00e7a P\u00fablica e Transporte","isPartOf":{"@id":"https:\/\/www.pmpf.rs.gov.br\/secretaria-de-seguranca-publica\/#website"},"datePublished":"2021-12-22T23:02:26+00:00","dateModified":"2021-12-22T23:02:49+00:00","breadcrumb":{"@id":"https:\/\/www.pmpf.rs.gov.br\/secretaria-de-seguranca-publica\/na-direcao-do-transito-seguro\/#breadcrumb"},"inLanguage":"pt-BR","potentialAction":[{"@type":"ReadAction","target":["https:\/\/www.pmpf.rs.gov.br\/secretaria-de-seguranca-publica\/na-direcao-do-transito-seguro\/"]}]},{"@type":"BreadcrumbList","@id":"https:\/\/www.pmpf.rs.gov.br\/secretaria-de-seguranca-publica\/na-direcao-do-transito-seguro\/#breadcrumb","itemListElement":[{"@type":"ListItem","position":1,"name":"In\u00edcio","item":"https:\/\/www.pmpf.rs.gov.br\/secretaria-de-seguranca-publica\/"},{"@type":"ListItem","position":2,"name":"Na Dire\u00e7\u00e3o do Tr\u00e2nsito Seguro"}]},{"@type":"WebSite","@id":"https:\/\/www.pmpf.rs.gov.br\/secretaria-de-seguranca-publica\/#website","url":"https:\/\/www.pmpf.rs.gov.br\/secretaria-de-seguranca-publica\/","name":"Secretaria de Seguran\u00e7a P\u00fablica e Transporte","description":"S\u00f3 mais um site Prefeitura de Passo Fundo","potentialAction":[{"@type":"SearchAction","target":{"@type":"EntryPoint","urlTemplate":"https:\/\/www.pmpf.rs.gov.br\/secretaria-de-seguranca-publica\/?s={search_term_string}"},"query-input":{"@type":"PropertyValueSpecification","valueRequired":true,"valueName":"search_term_string"}}],"inLanguage":"pt-BR"}]}},"_links":{"self":[{"href":"https:\/\/www.pmpf.rs.gov.br\/secretaria-de-seguranca-publica\/wp-json\/wp\/v2\/pages\/742"}],"collection":[{"href":"https:\/\/www.pmpf.rs.gov.br\/secretaria-de-seguranca-publica\/wp-json\/wp\/v2\/pages"}],"about":[{"href":"https:\/\/www.pmpf.rs.gov.br\/secretaria-de-seguranca-publica\/wp-json\/wp\/v2\/types\/page"}],"author":[{"embeddable":true,"href":"https:\/\/www.pmpf.rs.gov.br\/secretaria-de-seguranca-publica\/wp-json\/wp\/v2\/users\/1"}],"replies":[{"embeddable":true,"href":"https:\/\/www.pmpf.rs.gov.br\/secretaria-de-seguranca-publica\/wp-json\/wp\/v2\/comments?post=742"}],"version-history":[{"count":1,"href":"https:\/\/www.pmpf.rs.gov.br\/secretaria-de-seguranca-publica\/wp-json\/wp\/v2\/pages\/742\/revisions"}],"predecessor-version":[{"id":747,"href":"https:\/\/www.pmpf.rs.gov.br\/secretaria-de-seguranca-publica\/wp-json\/wp\/v2\/pages\/742\/revisions\/747"}],"wp:attachment":[{"href":"https:\/\/www.pmpf.rs.gov.br\/secretaria-de-seguranca-publica\/wp-json\/wp\/v2\/media?parent=742"}],"curies":[{"name":"wp","href":"https:\/\/api.w.org\/{rel}","templated":true}]}}