{"id":712,"date":"2021-12-22T19:48:00","date_gmt":"2021-12-22T22:48:00","guid":{"rendered":"https:\/\/www.pmpf.rs.gov.br\/secretaria-de-seguranca-publica\/?page_id=712"},"modified":"2022-03-07T10:34:21","modified_gmt":"2022-03-07T13:34:21","slug":"videomonitoramento","status":"publish","type":"page","link":"https:\/\/www.pmpf.rs.gov.br\/secretaria-de-seguranca-publica\/videomonitoramento\/","title":{"rendered":"Videomonitoramento"},"content":{"rendered":"\n<h2 class=\"wp-block-heading\">Centro de Opera\u00e7\u00f5es do Munic\u00edpio (COMPF)<\/h2>\n\n\n\n<p>O Centro de Opera\u00e7\u00f5es Municipal est\u00e1 localizado na Secretaria de Seguran\u00e7a e compreende o sistema de monitoramento de pra\u00e7as p\u00fablicas, de escolas municipais e dos principais cruzamentos de logradouros do munic\u00edpio, com atendimento do telefone (54) 3311-1195 (24 horas) e despachos das guarni\u00e7\u00f5es para o atendimento de ocorr\u00eancias e encaminhamentos operacionais junto aos \u00d3rg\u00e3os de Seguran\u00e7a. O COMPF est\u00e1 possibilitando aos \u00d3rg\u00e3os de Seguran\u00e7a, imagens que n\u00e3o s\u00e3o captadas pelo monitoramento centralizado na Brigada Militar. Essas imagens t\u00eam corroborado com as investiga\u00e7\u00f5es de crimes, delitos e acidentes no tr\u00e2nsito que ocorrem na cidade.<\/p>\n\n\n\n<h2 class=\"wp-block-heading\">Sistema de Videomonitoramento<\/h2>\n\n\n\n<p>O sistema de videomonitoramento de Passo Fundo compreende todas as c\u00e2meras instaladas no munic\u00edpio e que est\u00e3o centralizadas em dois locais: no COMPF, conforme a informa\u00e7\u00e3o acima junto a Secretaria de Seguran\u00e7a e na Brigada Militar, onde est\u00e1 localizada a sala de opera\u00e7\u00f5es do 3\u00baRPMon e tamb\u00e9m o complexo de monitoramento das c\u00e2meras instaladas em locais estrat\u00e9gicos e que monitoram os acontecimentos de interesse aos \u00d3rg\u00e3os de Seguran\u00e7a P\u00fablica. Hoje a central de monitoramento da Brigada Militar conta com imagens fornecidas por mais de 200 c\u00e2meras de alta tecnologia. A administra\u00e7\u00e3o, com aquisi\u00e7\u00f5es em preg\u00e3o eletr\u00f4nico, j\u00e1 alcan\u00e7ou 109 c\u00e2meras e o projeto Guardi\u00e3o, outras 108 c\u00e2meras.<\/p>\n\n\n\n<p>O munic\u00edpio est\u00e1 conveniado com o estado, junto a Secretaria de Seguran\u00e7a P\u00fablica, e em parceria com aquela pasta, s\u00e3o administrados esses recursos disponibilizados aos \u00d3rg\u00e3os de Seguran\u00e7a e que est\u00e3o dando o retorno a nossa comunidade atrav\u00e9s de medidas preventivas e investigativa, melhorando os \u00edndices de criminalidade.<\/p>\n\n\n\n<hr class=\"wp-block-separator\"\/>\n","protected":false},"excerpt":{"rendered":"<p>Centro de Opera\u00e7\u00f5es do Munic\u00edpio (COMPF) O Centro de Opera\u00e7\u00f5es Municipal est\u00e1 localizado na Secretaria de Seguran\u00e7a e compreende o sistema de monitoramento de pra\u00e7as p\u00fablicas, de escolas municipais e dos principais [&hellip;]<\/p>\n","protected":false},"author":1,"featured_media":0,"parent":0,"menu_order":0,"comment_status":"closed","ping_status":"closed","template":"","meta":{"footnotes":""},"class_list":["post-712","page","type-page","status-publish","hentry"],"yoast_head":"<!-- This site is optimized with the Yoast SEO plugin v23.8 - https:\/\/yoast.com\/wordpress\/plugins\/seo\/ -->\n<title>Videomonitoramento - Secretaria de Seguran\u00e7a P\u00fablica e Transporte<\/title>\n<meta name=\"robots\" content=\"index, follow, max-snippet:-1, max-image-preview:large, max-video-preview:-1\" \/>\n<link rel=\"canonical\" href=\"https:\/\/www.pmpf.rs.gov.br\/secretaria-de-seguranca-publica\/videomonitoramento\/\" \/>\n<meta property=\"og:locale\" content=\"pt_BR\" \/>\n<meta property=\"og:type\" content=\"article\" \/>\n<meta property=\"og:title\" content=\"Videomonitoramento - Secretaria de Seguran\u00e7a P\u00fablica e Transporte\" \/>\n<meta property=\"og:description\" content=\"Centro de Opera\u00e7\u00f5es do Munic\u00edpio (COMPF) O Centro de Opera\u00e7\u00f5es Municipal est\u00e1 localizado na Secretaria de Seguran\u00e7a e compreende o sistema de monitoramento de pra\u00e7as p\u00fablicas, de escolas municipais e dos principais [&hellip;]\" \/>\n<meta property=\"og:url\" content=\"https:\/\/www.pmpf.rs.gov.br\/secretaria-de-seguranca-publica\/videomonitoramento\/\" \/>\n<meta property=\"og:site_name\" content=\"Secretaria de Seguran\u00e7a P\u00fablica e Transporte\" \/>\n<meta property=\"article:modified_time\" content=\"2022-03-07T13:34:21+00:00\" \/>\n<meta name=\"twitter:card\" content=\"summary_large_image\" \/>\n<meta name=\"twitter:label1\" content=\"Est. tempo de leitura\" \/>\n\t<meta name=\"twitter:data1\" content=\"1 minuto\" \/>\n<script type=\"application\/ld+json\" class=\"yoast-schema-graph\">{\"@context\":\"https:\/\/schema.org\",\"@graph\":[{\"@type\":\"WebPage\",\"@id\":\"https:\/\/www.pmpf.rs.gov.br\/secretaria-de-seguranca-publica\/videomonitoramento\/\",\"url\":\"https:\/\/www.pmpf.rs.gov.br\/secretaria-de-seguranca-publica\/videomonitoramento\/\",\"name\":\"Videomonitoramento - Secretaria de Seguran\u00e7a P\u00fablica e Transporte\",\"isPartOf\":{\"@id\":\"https:\/\/www.pmpf.rs.gov.br\/secretaria-de-seguranca-publica\/#website\"},\"datePublished\":\"2021-12-22T22:48:00+00:00\",\"dateModified\":\"2022-03-07T13:34:21+00:00\",\"breadcrumb\":{\"@id\":\"https:\/\/www.pmpf.rs.gov.br\/secretaria-de-seguranca-publica\/videomonitoramento\/#breadcrumb\"},\"inLanguage\":\"pt-BR\",\"potentialAction\":[{\"@type\":\"ReadAction\",\"target\":[\"https:\/\/www.pmpf.rs.gov.br\/secretaria-de-seguranca-publica\/videomonitoramento\/\"]}]},{\"@type\":\"BreadcrumbList\",\"@id\":\"https:\/\/www.pmpf.rs.gov.br\/secretaria-de-seguranca-publica\/videomonitoramento\/#breadcrumb\",\"itemListElement\":[{\"@type\":\"ListItem\",\"position\":1,\"name\":\"In\u00edcio\",\"item\":\"https:\/\/www.pmpf.rs.gov.br\/secretaria-de-seguranca-publica\/\"},{\"@type\":\"ListItem\",\"position\":2,\"name\":\"Videomonitoramento\"}]},{\"@type\":\"WebSite\",\"@id\":\"https:\/\/www.pmpf.rs.gov.br\/secretaria-de-seguranca-publica\/#website\",\"url\":\"https:\/\/www.pmpf.rs.gov.br\/secretaria-de-seguranca-publica\/\",\"name\":\"Secretaria de Seguran\u00e7a P\u00fablica e Transporte\",\"description\":\"S\u00f3 mais um site Prefeitura de Passo Fundo\",\"potentialAction\":[{\"@type\":\"SearchAction\",\"target\":{\"@type\":\"EntryPoint\",\"urlTemplate\":\"https:\/\/www.pmpf.rs.gov.br\/secretaria-de-seguranca-publica\/?s={search_term_string}\"},\"query-input\":{\"@type\":\"PropertyValueSpecification\",\"valueRequired\":true,\"valueName\":\"search_term_string\"}}],\"inLanguage\":\"pt-BR\"}]}<\/script>\n<!-- \/ Yoast SEO plugin. -->","yoast_head_json":{"title":"Videomonitoramento - Secretaria de Seguran\u00e7a P\u00fablica e Transporte","robots":{"index":"index","follow":"follow","max-snippet":"max-snippet:-1","max-image-preview":"max-image-preview:large","max-video-preview":"max-video-preview:-1"},"canonical":"https:\/\/www.pmpf.rs.gov.br\/secretaria-de-seguranca-publica\/videomonitoramento\/","og_locale":"pt_BR","og_type":"article","og_title":"Videomonitoramento - Secretaria de Seguran\u00e7a P\u00fablica e Transporte","og_description":"Centro de Opera\u00e7\u00f5es do Munic\u00edpio (COMPF) O Centro de Opera\u00e7\u00f5es Municipal est\u00e1 localizado na Secretaria de Seguran\u00e7a e compreende o sistema de monitoramento de pra\u00e7as p\u00fablicas, de escolas municipais e dos principais [&hellip;]","og_url":"https:\/\/www.pmpf.rs.gov.br\/secretaria-de-seguranca-publica\/videomonitoramento\/","og_site_name":"Secretaria de Seguran\u00e7a P\u00fablica e Transporte","article_modified_time":"2022-03-07T13:34:21+00:00","twitter_card":"summary_large_image","twitter_misc":{"Est. tempo de leitura":"1 minuto"},"schema":{"@context":"https:\/\/schema.org","@graph":[{"@type":"WebPage","@id":"https:\/\/www.pmpf.rs.gov.br\/secretaria-de-seguranca-publica\/videomonitoramento\/","url":"https:\/\/www.pmpf.rs.gov.br\/secretaria-de-seguranca-publica\/videomonitoramento\/","name":"Videomonitoramento - Secretaria de Seguran\u00e7a P\u00fablica e Transporte","isPartOf":{"@id":"https:\/\/www.pmpf.rs.gov.br\/secretaria-de-seguranca-publica\/#website"},"datePublished":"2021-12-22T22:48:00+00:00","dateModified":"2022-03-07T13:34:21+00:00","breadcrumb":{"@id":"https:\/\/www.pmpf.rs.gov.br\/secretaria-de-seguranca-publica\/videomonitoramento\/#breadcrumb"},"inLanguage":"pt-BR","potentialAction":[{"@type":"ReadAction","target":["https:\/\/www.pmpf.rs.gov.br\/secretaria-de-seguranca-publica\/videomonitoramento\/"]}]},{"@type":"BreadcrumbList","@id":"https:\/\/www.pmpf.rs.gov.br\/secretaria-de-seguranca-publica\/videomonitoramento\/#breadcrumb","itemListElement":[{"@type":"ListItem","position":1,"name":"In\u00edcio","item":"https:\/\/www.pmpf.rs.gov.br\/secretaria-de-seguranca-publica\/"},{"@type":"ListItem","position":2,"name":"Videomonitoramento"}]},{"@type":"WebSite","@id":"https:\/\/www.pmpf.rs.gov.br\/secretaria-de-seguranca-publica\/#website","url":"https:\/\/www.pmpf.rs.gov.br\/secretaria-de-seguranca-publica\/","name":"Secretaria de Seguran\u00e7a P\u00fablica e Transporte","description":"S\u00f3 mais um site Prefeitura de Passo Fundo","potentialAction":[{"@type":"SearchAction","target":{"@type":"EntryPoint","urlTemplate":"https:\/\/www.pmpf.rs.gov.br\/secretaria-de-seguranca-publica\/?s={search_term_string}"},"query-input":{"@type":"PropertyValueSpecification","valueRequired":true,"valueName":"search_term_string"}}],"inLanguage":"pt-BR"}]}},"_links":{"self":[{"href":"https:\/\/www.pmpf.rs.gov.br\/secretaria-de-seguranca-publica\/wp-json\/wp\/v2\/pages\/712"}],"collection":[{"href":"https:\/\/www.pmpf.rs.gov.br\/secretaria-de-seguranca-publica\/wp-json\/wp\/v2\/pages"}],"about":[{"href":"https:\/\/www.pmpf.rs.gov.br\/secretaria-de-seguranca-publica\/wp-json\/wp\/v2\/types\/page"}],"author":[{"embeddable":true,"href":"https:\/\/www.pmpf.rs.gov.br\/secretaria-de-seguranca-publica\/wp-json\/wp\/v2\/users\/1"}],"replies":[{"embeddable":true,"href":"https:\/\/www.pmpf.rs.gov.br\/secretaria-de-seguranca-publica\/wp-json\/wp\/v2\/comments?post=712"}],"version-history":[{"count":5,"href":"https:\/\/www.pmpf.rs.gov.br\/secretaria-de-seguranca-publica\/wp-json\/wp\/v2\/pages\/712\/revisions"}],"predecessor-version":[{"id":880,"href":"https:\/\/www.pmpf.rs.gov.br\/secretaria-de-seguranca-publica\/wp-json\/wp\/v2\/pages\/712\/revisions\/880"}],"wp:attachment":[{"href":"https:\/\/www.pmpf.rs.gov.br\/secretaria-de-seguranca-publica\/wp-json\/wp\/v2\/media?parent=712"}],"curies":[{"name":"wp","href":"https:\/\/api.w.org\/{rel}","templated":true}]}}