{"id":4869,"date":"2025-12-24T08:38:23","date_gmt":"2025-12-24T11:38:23","guid":{"rendered":"https:\/\/www.pmpf.rs.gov.br\/secretaria-de-saude\/?page_id=4869"},"modified":"2025-12-24T08:39:26","modified_gmt":"2025-12-24T11:39:26","slug":"fibromialgia-espondilite","status":"publish","type":"page","link":"https:\/\/www.pmpf.rs.gov.br\/secretaria-de-saude\/fibromialgia-espondilite\/","title":{"rendered":"Fibromialgia e Espondilite Anquilosante"},"content":{"rendered":"\n<h4 class=\"wp-block-heading\">Atendimento Especial \u2013 confec\u00e7\u00e3o do cart\u00e3o de identifica\u00e7\u00e3o<\/h4>\n\n\n\n<p>A legisla\u00e7\u00e3o municipal garante atendimento preferencial \u00e0s pessoas com fibromialgia (<a href=\"https:\/\/www.pmpf.rs.gov.br\/secretaria-de-saude\/wp-content\/uploads\/sites\/50\/2022\/03\/ord-5799-2023-passo_fundo-rs.pdf\" target=\"_blank\" rel=\"noreferrer noopener\">Lei n\u00b0 5.799<\/a>, de 29 de agosto de 2023, regulamentada pelo <a href=\"https:\/\/www.pmpf.rs.gov.br\/secretaria-de-saude\/wp-content\/uploads\/sites\/50\/2022\/03\/dec-29-2024-passo_fundo-rs.pdf\" target=\"_blank\" rel=\"noreferrer noopener\">Decreto 29\/2024<\/a>) e \u00e0s pessoas com espondilite anquilosante (<a href=\"https:\/\/www.pmpf.rs.gov.br\/secretaria-de-saude\/wp-content\/uploads\/sites\/50\/2022\/03\/ORD-5875-2024-Passo-Fundo-RS.pdf\" target=\"_blank\" rel=\"noreferrer noopener\">Lei Municipal n\u00b0 5.875<\/a>, de 04 de junho de 2024, regulamentada pelo <a href=\"https:\/\/www.pmpf.rs.gov.br\/secretaria-de-saude\/wp-content\/uploads\/sites\/50\/2022\/03\/dec-91-2024-passo_fundo-rs.pdf\" target=\"_blank\" rel=\"noreferrer noopener\">Decreto 91\/2024<\/a>, de 4 julho de 2024).<\/p>\n\n\n\n<p>Para garantir esse direito, as pessoas podem encaminhar a confec\u00e7\u00e3o dos respectivos cart\u00f5es de identifica\u00e7\u00e3o, junto a Coordenadoria da Recupera\u00e7\u00e3o \u00e0 Sa\u00fade, no 2\u00ba andar da Secretaria Municipal de Sa\u00fade.<\/p>\n\n\n\n<hr class=\"wp-block-separator has-alpha-channel-opacity\"\/>\n","protected":false},"excerpt":{"rendered":"<p>Atendimento Especial \u2013 confec\u00e7\u00e3o do cart\u00e3o de identifica\u00e7\u00e3o A legisla\u00e7\u00e3o municipal garante atendimento preferencial \u00e0s pessoas com fibromialgia (Lei n\u00b0 5.799, de 29 de agosto de 2023, regulamentada pelo Decreto 29\/2024) e [&hellip;]<\/p>\n","protected":false},"author":4,"featured_media":0,"parent":0,"menu_order":0,"comment_status":"closed","ping_status":"closed","template":"","meta":{"footnotes":""},"class_list":["post-4869","page","type-page","status-publish","hentry"],"yoast_head":"<!-- This site is optimized with the Yoast SEO plugin v23.8 - https:\/\/yoast.com\/wordpress\/plugins\/seo\/ -->\n<title>Fibromialgia e Espondilite Anquilosante - Secretaria de Sa\u00fade<\/title>\n<meta name=\"robots\" content=\"index, follow, max-snippet:-1, max-image-preview:large, max-video-preview:-1\" \/>\n<link rel=\"canonical\" href=\"https:\/\/www.pmpf.rs.gov.br\/secretaria-de-saude\/fibromialgia-espondilite\/\" \/>\n<meta property=\"og:locale\" content=\"pt_BR\" \/>\n<meta property=\"og:type\" content=\"article\" \/>\n<meta property=\"og:title\" content=\"Fibromialgia e Espondilite Anquilosante - Secretaria de Sa\u00fade\" \/>\n<meta property=\"og:description\" content=\"Atendimento Especial \u2013 confec\u00e7\u00e3o do cart\u00e3o de identifica\u00e7\u00e3o A legisla\u00e7\u00e3o municipal garante atendimento preferencial \u00e0s pessoas com fibromialgia (Lei n\u00b0 5.799, de 29 de agosto de 2023, regulamentada pelo Decreto 29\/2024) e [&hellip;]\" \/>\n<meta property=\"og:url\" content=\"https:\/\/www.pmpf.rs.gov.br\/secretaria-de-saude\/fibromialgia-espondilite\/\" \/>\n<meta property=\"og:site_name\" content=\"Secretaria de Sa\u00fade\" \/>\n<meta property=\"article:modified_time\" content=\"2025-12-24T11:39:26+00:00\" \/>\n<meta name=\"twitter:card\" content=\"summary_large_image\" \/>\n<script type=\"application\/ld+json\" class=\"yoast-schema-graph\">{\"@context\":\"https:\/\/schema.org\",\"@graph\":[{\"@type\":\"WebPage\",\"@id\":\"https:\/\/www.pmpf.rs.gov.br\/secretaria-de-saude\/fibromialgia-espondilite\/\",\"url\":\"https:\/\/www.pmpf.rs.gov.br\/secretaria-de-saude\/fibromialgia-espondilite\/\",\"name\":\"Fibromialgia e Espondilite Anquilosante - Secretaria de Sa\u00fade\",\"isPartOf\":{\"@id\":\"https:\/\/www.pmpf.rs.gov.br\/secretaria-de-saude\/#website\"},\"datePublished\":\"2025-12-24T11:38:23+00:00\",\"dateModified\":\"2025-12-24T11:39:26+00:00\",\"breadcrumb\":{\"@id\":\"https:\/\/www.pmpf.rs.gov.br\/secretaria-de-saude\/fibromialgia-espondilite\/#breadcrumb\"},\"inLanguage\":\"pt-BR\",\"potentialAction\":[{\"@type\":\"ReadAction\",\"target\":[\"https:\/\/www.pmpf.rs.gov.br\/secretaria-de-saude\/fibromialgia-espondilite\/\"]}]},{\"@type\":\"BreadcrumbList\",\"@id\":\"https:\/\/www.pmpf.rs.gov.br\/secretaria-de-saude\/fibromialgia-espondilite\/#breadcrumb\",\"itemListElement\":[{\"@type\":\"ListItem\",\"position\":1,\"name\":\"In\u00edcio\",\"item\":\"https:\/\/www.pmpf.rs.gov.br\/secretaria-de-saude\/\"},{\"@type\":\"ListItem\",\"position\":2,\"name\":\"Fibromialgia e Espondilite Anquilosante\"}]},{\"@type\":\"WebSite\",\"@id\":\"https:\/\/www.pmpf.rs.gov.br\/secretaria-de-saude\/#website\",\"url\":\"https:\/\/www.pmpf.rs.gov.br\/secretaria-de-saude\/\",\"name\":\"Secretaria de Sa\u00fade\",\"description\":\"S\u00f3 mais um site Prefeitura de Passo Fundo\",\"potentialAction\":[{\"@type\":\"SearchAction\",\"target\":{\"@type\":\"EntryPoint\",\"urlTemplate\":\"https:\/\/www.pmpf.rs.gov.br\/secretaria-de-saude\/?s={search_term_string}\"},\"query-input\":{\"@type\":\"PropertyValueSpecification\",\"valueRequired\":true,\"valueName\":\"search_term_string\"}}],\"inLanguage\":\"pt-BR\"}]}<\/script>\n<!-- \/ Yoast SEO plugin. -->","yoast_head_json":{"title":"Fibromialgia e Espondilite Anquilosante - Secretaria de Sa\u00fade","robots":{"index":"index","follow":"follow","max-snippet":"max-snippet:-1","max-image-preview":"max-image-preview:large","max-video-preview":"max-video-preview:-1"},"canonical":"https:\/\/www.pmpf.rs.gov.br\/secretaria-de-saude\/fibromialgia-espondilite\/","og_locale":"pt_BR","og_type":"article","og_title":"Fibromialgia e Espondilite Anquilosante - Secretaria de Sa\u00fade","og_description":"Atendimento Especial \u2013 confec\u00e7\u00e3o do cart\u00e3o de identifica\u00e7\u00e3o A legisla\u00e7\u00e3o municipal garante atendimento preferencial \u00e0s pessoas com fibromialgia (Lei n\u00b0 5.799, de 29 de agosto de 2023, regulamentada pelo Decreto 29\/2024) e [&hellip;]","og_url":"https:\/\/www.pmpf.rs.gov.br\/secretaria-de-saude\/fibromialgia-espondilite\/","og_site_name":"Secretaria de Sa\u00fade","article_modified_time":"2025-12-24T11:39:26+00:00","twitter_card":"summary_large_image","schema":{"@context":"https:\/\/schema.org","@graph":[{"@type":"WebPage","@id":"https:\/\/www.pmpf.rs.gov.br\/secretaria-de-saude\/fibromialgia-espondilite\/","url":"https:\/\/www.pmpf.rs.gov.br\/secretaria-de-saude\/fibromialgia-espondilite\/","name":"Fibromialgia e Espondilite Anquilosante - Secretaria de Sa\u00fade","isPartOf":{"@id":"https:\/\/www.pmpf.rs.gov.br\/secretaria-de-saude\/#website"},"datePublished":"2025-12-24T11:38:23+00:00","dateModified":"2025-12-24T11:39:26+00:00","breadcrumb":{"@id":"https:\/\/www.pmpf.rs.gov.br\/secretaria-de-saude\/fibromialgia-espondilite\/#breadcrumb"},"inLanguage":"pt-BR","potentialAction":[{"@type":"ReadAction","target":["https:\/\/www.pmpf.rs.gov.br\/secretaria-de-saude\/fibromialgia-espondilite\/"]}]},{"@type":"BreadcrumbList","@id":"https:\/\/www.pmpf.rs.gov.br\/secretaria-de-saude\/fibromialgia-espondilite\/#breadcrumb","itemListElement":[{"@type":"ListItem","position":1,"name":"In\u00edcio","item":"https:\/\/www.pmpf.rs.gov.br\/secretaria-de-saude\/"},{"@type":"ListItem","position":2,"name":"Fibromialgia e Espondilite Anquilosante"}]},{"@type":"WebSite","@id":"https:\/\/www.pmpf.rs.gov.br\/secretaria-de-saude\/#website","url":"https:\/\/www.pmpf.rs.gov.br\/secretaria-de-saude\/","name":"Secretaria de Sa\u00fade","description":"S\u00f3 mais um site Prefeitura de Passo Fundo","potentialAction":[{"@type":"SearchAction","target":{"@type":"EntryPoint","urlTemplate":"https:\/\/www.pmpf.rs.gov.br\/secretaria-de-saude\/?s={search_term_string}"},"query-input":{"@type":"PropertyValueSpecification","valueRequired":true,"valueName":"search_term_string"}}],"inLanguage":"pt-BR"}]}},"_links":{"self":[{"href":"https:\/\/www.pmpf.rs.gov.br\/secretaria-de-saude\/wp-json\/wp\/v2\/pages\/4869"}],"collection":[{"href":"https:\/\/www.pmpf.rs.gov.br\/secretaria-de-saude\/wp-json\/wp\/v2\/pages"}],"about":[{"href":"https:\/\/www.pmpf.rs.gov.br\/secretaria-de-saude\/wp-json\/wp\/v2\/types\/page"}],"author":[{"embeddable":true,"href":"https:\/\/www.pmpf.rs.gov.br\/secretaria-de-saude\/wp-json\/wp\/v2\/users\/4"}],"replies":[{"embeddable":true,"href":"https:\/\/www.pmpf.rs.gov.br\/secretaria-de-saude\/wp-json\/wp\/v2\/comments?post=4869"}],"version-history":[{"count":1,"href":"https:\/\/www.pmpf.rs.gov.br\/secretaria-de-saude\/wp-json\/wp\/v2\/pages\/4869\/revisions"}],"predecessor-version":[{"id":4870,"href":"https:\/\/www.pmpf.rs.gov.br\/secretaria-de-saude\/wp-json\/wp\/v2\/pages\/4869\/revisions\/4870"}],"wp:attachment":[{"href":"https:\/\/www.pmpf.rs.gov.br\/secretaria-de-saude\/wp-json\/wp\/v2\/media?parent=4869"}],"curies":[{"name":"wp","href":"https:\/\/api.w.org\/{rel}","templated":true}]}}